{"id":3601,"date":"2025-08-19T10:09:30","date_gmt":"2025-08-19T08:09:30","guid":{"rendered":"https:\/\/rosanacl.com\/?post_type=product&#038;p=3601"},"modified":"2026-01-23T18:21:40","modified_gmt":"2026-01-23T17:21:40","slug":"sujetador-selene-gina","status":"publish","type":"product","link":"https:\/\/rosanacl.com\/pl\/produkt\/sujetador-selene-gina\/","title":{"rendered":"Selene Gina Bra"},"content":{"rendered":"<p>Gina to biustonosz, kt\u00f3ry od pierwszego za\u0142o\u017cenia wydaje si\u0119 \u00abdobrze wykonany\u00bb: idealnie le\u017cy, naturalnie podtrzymuje biust i zapewnia poczucie bezpiecze\u0144stwa, bez uczucia sztywno\u015bci. Jego konstrukcja zapewnia idealn\u0105 r\u00f3wnowag\u0119 mi\u0119dzy stylem a wygod\u0105, dzi\u0119ki czemu wygl\u0105dasz ol\u015bniewaj\u0105co, nie martwi\u0105c si\u0119 o nic.<\/p>\n<p>Zaprojektowana z my\u015bl\u0105 o eleganckim wygl\u0105dzie (i zapewnieniu eleganckiego wygl\u0105du nawet pod ubraniem), Gina idealnie nadaje si\u0119 zar\u00f3wno do noszenia na co dzie\u0144, jak i na specjalne okazje. Wyko\u0144czenia maj\u0105 na celu nadanie ubraniu wyrafinowanego, kobiecego i niezwykle praktycznego wygl\u0105du, przy jednoczesnym zachowaniu stabilnego i wygodnego dopasowania.<\/p>\n<p>Szczeg\u00f3\u0142y, kt\u00f3re robi\u0105 r\u00f3\u017cnic\u0119 w Ginie<\/p>\n<ul>\n<li>Zr\u00f3wnowa\u017cone wsparcie zapewniaj\u0105ce bezpieczne i wygodne dopasowanie.<\/li>\n<li>Atrakcyjny design, kt\u00f3ry podkre\u015bla efekt, ale go nie \u00abwyolbrzymia\u00bb.<\/li>\n<li>Wyko\u0144czenia zaprojektowane tak, aby wygl\u0105da\u0142y elegancko i by\u0142y mi\u0119kkie w dotyku.<\/li>\n<li>Stabilne dopasowanie zapewniaj\u0105ce swobod\u0119 ruch\u00f3w przez wiele godzin.<\/i>\n<li>Doskonale komponuj\u0105 si\u0119 z pasuj\u0105cymi majtkami i urozmaicaj\u0105 ca\u0142y look.<\/li>\n<\/ul>\n<p>\ud83d\udde3\ufe0f Wskaz\u00f3wka: Biustonosz Gina zosta\u0142 zaprojektowany tak, aby\u015b czu\u0142a si\u0119 bezpiecznie, ale lekko: kontur powinien by\u0107 mocny i stabilny (bez uciskania), a miseczki powinny naturalnie dopasowywa\u0107 si\u0119 do piersi, nie \u00abprzecinaj\u0105c\u00bb ich ani nie pozostawiaj\u0105c luki.<\/p>\n<p>\ud83d\udccf Uwaga: Je\u015bli podczas wykonywania ruch\u00f3w (chodzenia, schylania si\u0119, podnoszenia r\u0105k) nadal czujesz si\u0119 komfortowo i stabilnie i nie musisz go poprawia\u0107, to znaczy, \u017ce jest to Tw\u00f3j rozmiar.<\/p>\n<p>Sk\u0142ad: poliamid 93%, elastan 7%.<\/p>\n<p>\ud83d\udcaa Trenuj bezpiecznie: stabilne wsparcie, ca\u0142kowity komfort i brak rozprosze\u0144.<\/p>","protected":false},"excerpt":{"rendered":"<div style=\"position: relative; padding-bottom: 56.25%; height: 0; overflow: hidden; max-width: 100%;\"><iframe style=\"position: absolute; top: 0; left: 0; width: 100%; height: 100%;\" src=\"https:\/\/www.youtube.com\/embed\/eQjvlTJwWqQ?autoplay=1&amp;mute=1&amp;playsinline=1&amp;rel=0&amp;controls=1&amp;loop=1&amp;playlist=eQjvlTJwWqQ\" frameborder=\"0\" allowfullscreen=\"allowfullscreen\"><br \/>\n<\/iframe><\/div>","protected":false},"featured_media":3610,"comment_status":"closed","ping_status":"closed","template":"","meta":{"content-type":""},"product_brand":[55],"product_cat":[123,20],"product_tag":[124,56],"class_list":{"0":"post-3601","1":"product","2":"type-product","3":"status-publish","4":"has-post-thumbnail","6":"product_brand-selene","7":"product_cat-deportivos","8":"product_cat-sujetador","9":"product_tag-deportivo","10":"product_tag-sujetador","12":"first","13":"instock","14":"taxable","15":"shipping-taxable","16":"purchasable","17":"product-type-variable"},"supplier_id":null,"supplier_sku":"","barcode":null,"atum_controlled":true,"out_stock_date":null,"out_stock_threshold":null,"inheritable":true,"inbound_stock":0,"stock_on_hold":0,"sold_today":0,"sales_last_days":0,"reserved_stock":0,"customer_returns":0,"warehouse_damage":0,"lost_in_post":0,"other_logs":0,"out_stock_days":null,"lost_sales":0,"has_location":false,"update_date":"2026-01-23T17:21:42","atum_locations":[],"atum_stock_status":"instock","restock_status":false,"low_stock_amount":"","sales_update_date":"2025-10-03T04:55:29","calc_backorders":null,"yoast_head":"<!-- This site is optimized with the Yoast SEO plugin v27.4 - https:\/\/yoast.com\/product\/yoast-seo-wordpress\/ -->\n<title>Sujetador Selene Gina - Rosana CL<\/title>\n<meta name=\"robots\" content=\"index, follow, max-snippet:-1, max-image-preview:large, max-video-preview:-1\" \/>\n<link rel=\"canonical\" href=\"https:\/\/rosanacl.com\/pl\/produkt\/sujetador-selene-gina\/\" \/>\n<meta property=\"og:locale\" content=\"pl_PL\" \/>\n<meta property=\"og:type\" content=\"article\" \/>\n<meta property=\"og:title\" content=\"Sujetador Selene Gina - Rosana CL\" \/>\n<meta property=\"og:url\" content=\"https:\/\/rosanacl.com\/pl\/produkt\/sujetador-selene-gina\/\" \/>\n<meta property=\"og:site_name\" content=\"Rosana CL\" \/>\n<meta property=\"article:modified_time\" content=\"2026-01-23T17:21:40+00:00\" \/>\n<meta property=\"og:image\" content=\"https:\/\/rosanacl.com\/wp-content\/uploads\/2025\/08\/1-14-e1756815963297.png\" \/>\n\t<meta property=\"og:image:width\" content=\"950\" \/>\n\t<meta property=\"og:image:height\" content=\"978\" \/>\n\t<meta property=\"og:image:type\" content=\"image\/png\" \/>\n<meta name=\"twitter:card\" content=\"summary_large_image\" \/>\n<meta name=\"twitter:label1\" content=\"Szacowany czas czytania\" \/>\n\t<meta name=\"twitter:data1\" content=\"2 minuty\" \/>\n<script type=\"application\/ld+json\" class=\"yoast-schema-graph\">{\"@context\":\"https:\\\/\\\/schema.org\",\"@graph\":[{\"@type\":\"WebPage\",\"@id\":\"https:\\\/\\\/rosanacl.com\\\/producto\\\/sujetador-selene-gina\\\/\",\"url\":\"https:\\\/\\\/rosanacl.com\\\/producto\\\/sujetador-selene-gina\\\/\",\"name\":\"Sujetador Selene Gina - Rosana CL\",\"isPartOf\":{\"@id\":\"https:\\\/\\\/rosanacl.com\\\/ca\\\/#website\"},\"primaryImageOfPage\":{\"@id\":\"https:\\\/\\\/rosanacl.com\\\/producto\\\/sujetador-selene-gina\\\/#primaryimage\"},\"image\":{\"@id\":\"https:\\\/\\\/rosanacl.com\\\/producto\\\/sujetador-selene-gina\\\/#primaryimage\"},\"thumbnailUrl\":\"https:\\\/\\\/rosanacl.com\\\/wp-content\\\/uploads\\\/2025\\\/08\\\/1-14-e1756815963297.png\",\"datePublished\":\"2025-08-19T08:09:30+00:00\",\"dateModified\":\"2026-01-23T17:21:40+00:00\",\"breadcrumb\":{\"@id\":\"https:\\\/\\\/rosanacl.com\\\/producto\\\/sujetador-selene-gina\\\/#breadcrumb\"},\"inLanguage\":\"pl-PL\",\"potentialAction\":[{\"@type\":\"ReadAction\",\"target\":[\"https:\\\/\\\/rosanacl.com\\\/producto\\\/sujetador-selene-gina\\\/\"]}]},{\"@type\":\"ImageObject\",\"inLanguage\":\"pl-PL\",\"@id\":\"https:\\\/\\\/rosanacl.com\\\/producto\\\/sujetador-selene-gina\\\/#primaryimage\",\"url\":\"https:\\\/\\\/rosanacl.com\\\/wp-content\\\/uploads\\\/2025\\\/08\\\/1-14-e1756815963297.png\",\"contentUrl\":\"https:\\\/\\\/rosanacl.com\\\/wp-content\\\/uploads\\\/2025\\\/08\\\/1-14-e1756815963297.png\",\"width\":950,\"height\":978},{\"@type\":\"BreadcrumbList\",\"@id\":\"https:\\\/\\\/rosanacl.com\\\/producto\\\/sujetador-selene-gina\\\/#breadcrumb\",\"itemListElement\":[{\"@type\":\"ListItem\",\"position\":1,\"name\":\"Portada\",\"item\":\"https:\\\/\\\/rosanacl.com\\\/ca\\\/\"},{\"@type\":\"ListItem\",\"position\":2,\"name\":\"Tienda\",\"item\":\"https:\\\/\\\/rosanacl.com\\\/ca\\\/tienda\\\/\"},{\"@type\":\"ListItem\",\"position\":3,\"name\":\"Sujetador Selene Gina\"}]},{\"@type\":\"WebSite\",\"@id\":\"https:\\\/\\\/rosanacl.com\\\/ca\\\/#website\",\"url\":\"https:\\\/\\\/rosanacl.com\\\/ca\\\/\",\"name\":\"Rosana CL\",\"description\":\"Somos tu interior\",\"potentialAction\":[{\"@type\":\"SearchAction\",\"target\":{\"@type\":\"EntryPoint\",\"urlTemplate\":\"https:\\\/\\\/rosanacl.com\\\/ca\\\/?s={search_term_string}\"},\"query-input\":{\"@type\":\"PropertyValueSpecification\",\"valueRequired\":true,\"valueName\":\"search_term_string\"}}],\"inLanguage\":\"pl-PL\"}]}<\/script>\n<!-- \/ Yoast SEO plugin. -->","yoast_head_json":{"title":"Sujetador Selene Gina - Rosana CL","robots":{"index":"index","follow":"follow","max-snippet":"max-snippet:-1","max-image-preview":"max-image-preview:large","max-video-preview":"max-video-preview:-1"},"canonical":"https:\/\/rosanacl.com\/pl\/produkt\/sujetador-selene-gina\/","og_locale":"pl_PL","og_type":"article","og_title":"Sujetador Selene Gina - Rosana CL","og_url":"https:\/\/rosanacl.com\/pl\/produkt\/sujetador-selene-gina\/","og_site_name":"Rosana CL","article_modified_time":"2026-01-23T17:21:40+00:00","og_image":[{"width":950,"height":978,"url":"https:\/\/rosanacl.com\/wp-content\/uploads\/2025\/08\/1-14-e1756815963297.png","type":"image\/png"}],"twitter_card":"summary_large_image","twitter_misc":{"Szacowany czas czytania":"2 minuty"},"schema":{"@context":"https:\/\/schema.org","@graph":[{"@type":"WebPage","@id":"https:\/\/rosanacl.com\/producto\/sujetador-selene-gina\/","url":"https:\/\/rosanacl.com\/producto\/sujetador-selene-gina\/","name":"Sujetador Selene Gina - Rosana CL","isPartOf":{"@id":"https:\/\/rosanacl.com\/ca\/#website"},"primaryImageOfPage":{"@id":"https:\/\/rosanacl.com\/producto\/sujetador-selene-gina\/#primaryimage"},"image":{"@id":"https:\/\/rosanacl.com\/producto\/sujetador-selene-gina\/#primaryimage"},"thumbnailUrl":"https:\/\/rosanacl.com\/wp-content\/uploads\/2025\/08\/1-14-e1756815963297.png","datePublished":"2025-08-19T08:09:30+00:00","dateModified":"2026-01-23T17:21:40+00:00","breadcrumb":{"@id":"https:\/\/rosanacl.com\/producto\/sujetador-selene-gina\/#breadcrumb"},"inLanguage":"pl-PL","potentialAction":[{"@type":"ReadAction","target":["https:\/\/rosanacl.com\/producto\/sujetador-selene-gina\/"]}]},{"@type":"ImageObject","inLanguage":"pl-PL","@id":"https:\/\/rosanacl.com\/producto\/sujetador-selene-gina\/#primaryimage","url":"https:\/\/rosanacl.com\/wp-content\/uploads\/2025\/08\/1-14-e1756815963297.png","contentUrl":"https:\/\/rosanacl.com\/wp-content\/uploads\/2025\/08\/1-14-e1756815963297.png","width":950,"height":978},{"@type":"BreadcrumbList","@id":"https:\/\/rosanacl.com\/producto\/sujetador-selene-gina\/#breadcrumb","itemListElement":[{"@type":"ListItem","position":1,"name":"Portada","item":"https:\/\/rosanacl.com\/ca\/"},{"@type":"ListItem","position":2,"name":"Tienda","item":"https:\/\/rosanacl.com\/ca\/tienda\/"},{"@type":"ListItem","position":3,"name":"Sujetador Selene Gina"}]},{"@type":"WebSite","@id":"https:\/\/rosanacl.com\/ca\/#website","url":"https:\/\/rosanacl.com\/ca\/","name":"Rosana CL","description":"Jeste\u015bmy Twoim wn\u0119trzem","potentialAction":[{"@type":"SearchAction","target":{"@type":"EntryPoint","urlTemplate":"https:\/\/rosanacl.com\/ca\/?s={search_term_string}"},"query-input":{"@type":"PropertyValueSpecification","valueRequired":true,"valueName":"search_term_string"}}],"inLanguage":"pl-PL"}]}},"_links":{"self":[{"href":"https:\/\/rosanacl.com\/pl\/wp-json\/wp\/v2\/product\/3601","targetHints":{"allow":["GET"]}}],"collection":[{"href":"https:\/\/rosanacl.com\/pl\/wp-json\/wp\/v2\/product"}],"about":[{"href":"https:\/\/rosanacl.com\/pl\/wp-json\/wp\/v2\/types\/product"}],"replies":[{"embeddable":true,"href":"https:\/\/rosanacl.com\/pl\/wp-json\/wp\/v2\/comments?post=3601"}],"version-history":[{"count":5,"href":"https:\/\/rosanacl.com\/pl\/wp-json\/wp\/v2\/product\/3601\/revisions"}],"predecessor-version":[{"id":4628,"href":"https:\/\/rosanacl.com\/pl\/wp-json\/wp\/v2\/product\/3601\/revisions\/4628"}],"wp:featuredmedia":[{"embeddable":true,"href":"https:\/\/rosanacl.com\/pl\/wp-json\/wp\/v2\/media\/3610"}],"wp:attachment":[{"href":"https:\/\/rosanacl.com\/pl\/wp-json\/wp\/v2\/media?parent=3601"}],"wp:term":[{"taxonomy":"product_brand","embeddable":true,"href":"https:\/\/rosanacl.com\/pl\/wp-json\/wp\/v2\/product_brand?post=3601"},{"taxonomy":"product_cat","embeddable":true,"href":"https:\/\/rosanacl.com\/pl\/wp-json\/wp\/v2\/product_cat?post=3601"},{"taxonomy":"product_tag","embeddable":true,"href":"https:\/\/rosanacl.com\/pl\/wp-json\/wp\/v2\/product_tag?post=3601"}],"curies":[{"name":"wp","href":"https:\/\/api.w.org\/{rel}","templated":true}]}}