{"id":393,"date":"2025-04-29T14:48:48","date_gmt":"2025-04-29T12:48:48","guid":{"rendered":"https:\/\/rosanacl.com\/?post_type=product&#038;p=393"},"modified":"2026-01-08T03:33:27","modified_gmt":"2026-01-08T02:33:27","slug":"sujetador-modelo-frida","status":"publish","type":"product","link":"https:\/\/rosanacl.com\/pl\/produkt\/sujetador-modelo-frida\/","title":{"rendered":"Biustonosz Selene Frida"},"content":{"rendered":"<p>Frida zosta\u0142a zaprojektowana, gdy chcesz, aby Twoja bielizna dzia\u0142a\u0142a cicho, ale z widocznymi efektami. Jej fiszbiny podkre\u015blaj\u0105 biust czystym i eleganckim kszta\u0142tem, a nieusztywniany kr\u00f3j zapewnia naturalne, atrakcyjne wyko\u0144czenie, kt\u00f3re jest niezwykle wygodne w noszeniu przez wiele godzin.<\/p>\n<p>To rodzaj biustonosza, kt\u00f3ry nie \u00abmaskuje\u00bb: podkre\u015bla, modeluje i zapewnia natychmiastowe poczucie bezpiecze\u0144stwa po za\u0142o\u017ceniu. Kluczowa r\u00f3\u017cnica tkwi w laserowo ci\u0119tym tiulu, kt\u00f3ry krzy\u017cuje si\u0119 na bokach i pod pachami, optycznie wyg\u0142adzaj\u0105c boki i tworz\u0105c bardziej r\u00f3wnomiern\u0105 lini\u0119 pod ubraniem.<\/p>\n<p>Efekt ko\u0144cowy jest wyrafinowany i dyskretny: dopasowuje si\u0119, uzupe\u0142nia i stylizuje, nie sprawiaj\u0105c wra\u017cenia sztywno\u015bci. Idealny do dopasowanych ubra\u0144 lub na dni, kiedy chcesz wygl\u0105da\u0107 nieskazitelnie przy minimalnym wysi\u0142ku.<\/p>\n<p>Szczeg\u00f3\u0142y, kt\u00f3re robi\u0105 r\u00f3\u017cnic\u0119<\/p>\n<ul>\n<li>Fiszbiny zapewniaj\u0105 odpowiednie wsparcie i pi\u0119kniejsz\u0105 sylwetk\u0119.<\/li>\n<li>Bez wype\u0142niacza: naturalne, eleganckie wyko\u0144czenie bez dodatkowej obj\u0119to\u015bci.<\/li>\n<li>Skrzy\u017cowane tiule zapewniaj\u0105 bardziej stabilne dopasowanie i bardziej elegancki efekt.<\/li>\n<li>Ci\u0119cie laserowe: mi\u0119kkie w dotyku i zapewniaj\u0105ce lepszy komfort pod ubraniem.<\/li>\n<li>Zaprojektowany, aby pokry\u0107 i wyg\u0142adzi\u0107 boki i pachy, udoskonalaj\u0105c lini\u0119.<\/li>\n<\/ul>\n<p>\ud83d\udde3\ufe0f Wskaz\u00f3wka: Dzi\u0119ki Fridzie zauwa\u017cysz efekt \u00abczucia si\u0119 podpart\u0105 i stylow\u0105\u00bb bez sztywno\u015bci: fryzura mocno si\u0119 trzyma, sprawia, \u017ce boki wygl\u0105daj\u0105 na bardziej dopracowane i daje natychmiastowe poczucie bezpiecze\u0144stwa, dzi\u0119ki kt\u00f3remu czujesz si\u0119 spokojna i \u00abdobrze ubrana\u00bb przez ca\u0142y dzie\u0144 (szczeg\u00f3lnie przy obcis\u0142ych ubraniach).<\/p>\n<p>\ud83d\udccf Uwaga: Aby wybra\u0107 odpowiedni rozmiar za pierwszym razem, po\u015bwi\u0119\u0107 10 sekund przed wyborem rozmiaru: zmierz obw\u00f3d pod biustem i por\u00f3wnaj go z tabel\u0105 rozmiar\u00f3w. Zastan\u00f3w si\u0119, czy wolisz bardziej dopasowane (podtrzymuj\u0105ce), czy bardziej mi\u0119kkie (komfortowe). Je\u015bli wahasz si\u0119 mi\u0119dzy dwoma rozmiarami, wybierz ten, kt\u00f3ry zapewnia stabilny obw\u00f3d i miseczk\u0119 bez przerw i ucisku.<\/p>\n<p>Sk\u0142ad: poliamid 82%, elastan 18%.<\/p>\n<p>\ud83d\ude18 Kiedy chcesz czu\u0107 si\u0119 zaopiekowana, komfortowo i pi\u0119knie.<\/p>\n<div id=\"v1ms-outlook-mobile-body-separator-line\" dir=\"auto\"><\/div>\n<p>&nbsp;<\/p>","protected":false},"excerpt":{"rendered":"<p>Frida est\u00e1 pensado para cuando quieres que la lencer\u00eda haga su trabajo en silencio, pero con un resultado que se ve. Su estructura con aros define el pecho con una forma limpia y elegante, mientras el dise\u00f1o sin relleno mantiene un acabado natural, favorecedor y muy c\u00f3modo de llevar durante horas. Es ese tipo de [&hellip;]<\/p>\n","protected":false},"featured_media":1439,"comment_status":"open","ping_status":"closed","template":"","meta":{"content-type":""},"product_brand":[55],"product_cat":[80,24,20],"product_tag":[57,56],"class_list":{"0":"post-393","1":"product","2":"type-product","3":"status-publish","4":"has-post-thumbnail","6":"product_brand-selene","7":"product_cat-con-aros-sin-relleno","8":"product_cat-sin-relleno","9":"product_cat-sujetador","10":"product_tag-sin-relleno","11":"product_tag-sujetador","13":"first","14":"instock","15":"taxable","16":"shipping-taxable","17":"purchasable","18":"product-type-variable"},"supplier_id":null,"supplier_sku":"","barcode":null,"atum_controlled":true,"out_stock_date":null,"out_stock_threshold":null,"inheritable":true,"inbound_stock":0,"stock_on_hold":0,"sold_today":0,"sales_last_days":0,"reserved_stock":0,"customer_returns":0,"warehouse_damage":0,"lost_in_post":0,"other_logs":0,"out_stock_days":0,"lost_sales":0,"has_location":false,"update_date":"2026-01-08T02:33:27","atum_locations":[],"atum_stock_status":"instock","restock_status":false,"low_stock_amount":"","sales_update_date":"2025-10-03T04:57:12","calc_backorders":null,"yoast_head":"<!-- This site is optimized with the Yoast SEO plugin v27.4 - https:\/\/yoast.com\/product\/yoast-seo-wordpress\/ -->\n<title>Sujetador Selene Frida - Rosana CL<\/title>\n<meta name=\"robots\" content=\"index, follow, max-snippet:-1, max-image-preview:large, max-video-preview:-1\" \/>\n<link rel=\"canonical\" href=\"https:\/\/rosanacl.com\/pl\/produkt\/sujetador-modelo-frida\/\" \/>\n<meta property=\"og:locale\" content=\"pl_PL\" \/>\n<meta property=\"og:type\" content=\"article\" \/>\n<meta property=\"og:title\" content=\"Sujetador Selene Frida - Rosana CL\" \/>\n<meta property=\"og:description\" content=\"Frida est\u00e1 pensado para cuando quieres que la lencer\u00eda haga su trabajo en silencio, pero con un resultado que se ve. Su estructura con aros define el pecho con una forma limpia y elegante, mientras el dise\u00f1o sin relleno mantiene un acabado natural, favorecedor y muy c\u00f3modo de llevar durante horas. Es ese tipo de [&hellip;]\" \/>\n<meta property=\"og:url\" content=\"https:\/\/rosanacl.com\/pl\/produkt\/sujetador-modelo-frida\/\" \/>\n<meta property=\"og:site_name\" content=\"Rosana CL\" \/>\n<meta property=\"article:modified_time\" content=\"2026-01-08T02:33:27+00:00\" \/>\n<meta property=\"og:image\" content=\"https:\/\/rosanacl.com\/wp-content\/uploads\/2025\/04\/Sujetador-modelo-Frida-000001.webp\" \/>\n\t<meta property=\"og:image:width\" content=\"1000\" \/>\n\t<meta property=\"og:image:height\" content=\"1000\" \/>\n\t<meta property=\"og:image:type\" content=\"image\/webp\" \/>\n<meta name=\"twitter:card\" content=\"summary_large_image\" \/>\n<meta name=\"twitter:label1\" content=\"Szacowany czas czytania\" \/>\n\t<meta name=\"twitter:data1\" content=\"2 minuty\" \/>\n<script type=\"application\/ld+json\" class=\"yoast-schema-graph\">{\"@context\":\"https:\\\/\\\/schema.org\",\"@graph\":[{\"@type\":\"WebPage\",\"@id\":\"https:\\\/\\\/rosanacl.com\\\/producto\\\/sujetador-modelo-frida\\\/\",\"url\":\"https:\\\/\\\/rosanacl.com\\\/producto\\\/sujetador-modelo-frida\\\/\",\"name\":\"Sujetador Selene Frida - Rosana CL\",\"isPartOf\":{\"@id\":\"https:\\\/\\\/rosanacl.com\\\/ca\\\/#website\"},\"primaryImageOfPage\":{\"@id\":\"https:\\\/\\\/rosanacl.com\\\/producto\\\/sujetador-modelo-frida\\\/#primaryimage\"},\"image\":{\"@id\":\"https:\\\/\\\/rosanacl.com\\\/producto\\\/sujetador-modelo-frida\\\/#primaryimage\"},\"thumbnailUrl\":\"https:\\\/\\\/rosanacl.com\\\/wp-content\\\/uploads\\\/2025\\\/04\\\/Sujetador-modelo-Frida-000001.webp\",\"datePublished\":\"2025-04-29T12:48:48+00:00\",\"dateModified\":\"2026-01-08T02:33:27+00:00\",\"breadcrumb\":{\"@id\":\"https:\\\/\\\/rosanacl.com\\\/producto\\\/sujetador-modelo-frida\\\/#breadcrumb\"},\"inLanguage\":\"pl-PL\",\"potentialAction\":[{\"@type\":\"ReadAction\",\"target\":[\"https:\\\/\\\/rosanacl.com\\\/producto\\\/sujetador-modelo-frida\\\/\"]}]},{\"@type\":\"ImageObject\",\"inLanguage\":\"pl-PL\",\"@id\":\"https:\\\/\\\/rosanacl.com\\\/producto\\\/sujetador-modelo-frida\\\/#primaryimage\",\"url\":\"https:\\\/\\\/rosanacl.com\\\/wp-content\\\/uploads\\\/2025\\\/04\\\/Sujetador-modelo-Frida-000001.webp\",\"contentUrl\":\"https:\\\/\\\/rosanacl.com\\\/wp-content\\\/uploads\\\/2025\\\/04\\\/Sujetador-modelo-Frida-000001.webp\",\"width\":1000,\"height\":1000},{\"@type\":\"BreadcrumbList\",\"@id\":\"https:\\\/\\\/rosanacl.com\\\/producto\\\/sujetador-modelo-frida\\\/#breadcrumb\",\"itemListElement\":[{\"@type\":\"ListItem\",\"position\":1,\"name\":\"Portada\",\"item\":\"https:\\\/\\\/rosanacl.com\\\/ca\\\/\"},{\"@type\":\"ListItem\",\"position\":2,\"name\":\"Tienda\",\"item\":\"https:\\\/\\\/rosanacl.com\\\/ca\\\/tienda\\\/\"},{\"@type\":\"ListItem\",\"position\":3,\"name\":\"Sujetador Selene Frida\"}]},{\"@type\":\"WebSite\",\"@id\":\"https:\\\/\\\/rosanacl.com\\\/ca\\\/#website\",\"url\":\"https:\\\/\\\/rosanacl.com\\\/ca\\\/\",\"name\":\"Rosana CL\",\"description\":\"Somos tu interior\",\"potentialAction\":[{\"@type\":\"SearchAction\",\"target\":{\"@type\":\"EntryPoint\",\"urlTemplate\":\"https:\\\/\\\/rosanacl.com\\\/ca\\\/?s={search_term_string}\"},\"query-input\":{\"@type\":\"PropertyValueSpecification\",\"valueRequired\":true,\"valueName\":\"search_term_string\"}}],\"inLanguage\":\"pl-PL\"}]}<\/script>\n<!-- \/ Yoast SEO plugin. -->","yoast_head_json":{"title":"Sujetador Selene Frida - Rosana CL","robots":{"index":"index","follow":"follow","max-snippet":"max-snippet:-1","max-image-preview":"max-image-preview:large","max-video-preview":"max-video-preview:-1"},"canonical":"https:\/\/rosanacl.com\/pl\/produkt\/sujetador-modelo-frida\/","og_locale":"pl_PL","og_type":"article","og_title":"Sujetador Selene Frida - Rosana CL","og_description":"Frida est\u00e1 pensado para cuando quieres que la lencer\u00eda haga su trabajo en silencio, pero con un resultado que se ve. Su estructura con aros define el pecho con una forma limpia y elegante, mientras el dise\u00f1o sin relleno mantiene un acabado natural, favorecedor y muy c\u00f3modo de llevar durante horas. Es ese tipo de [&hellip;]","og_url":"https:\/\/rosanacl.com\/pl\/produkt\/sujetador-modelo-frida\/","og_site_name":"Rosana CL","article_modified_time":"2026-01-08T02:33:27+00:00","og_image":[{"width":1000,"height":1000,"url":"https:\/\/rosanacl.com\/wp-content\/uploads\/2025\/04\/Sujetador-modelo-Frida-000001.webp","type":"image\/webp"}],"twitter_card":"summary_large_image","twitter_misc":{"Szacowany czas czytania":"2 minuty"},"schema":{"@context":"https:\/\/schema.org","@graph":[{"@type":"WebPage","@id":"https:\/\/rosanacl.com\/producto\/sujetador-modelo-frida\/","url":"https:\/\/rosanacl.com\/producto\/sujetador-modelo-frida\/","name":"Sujetador Selene Frida - Rosana CL","isPartOf":{"@id":"https:\/\/rosanacl.com\/ca\/#website"},"primaryImageOfPage":{"@id":"https:\/\/rosanacl.com\/producto\/sujetador-modelo-frida\/#primaryimage"},"image":{"@id":"https:\/\/rosanacl.com\/producto\/sujetador-modelo-frida\/#primaryimage"},"thumbnailUrl":"https:\/\/rosanacl.com\/wp-content\/uploads\/2025\/04\/Sujetador-modelo-Frida-000001.webp","datePublished":"2025-04-29T12:48:48+00:00","dateModified":"2026-01-08T02:33:27+00:00","breadcrumb":{"@id":"https:\/\/rosanacl.com\/producto\/sujetador-modelo-frida\/#breadcrumb"},"inLanguage":"pl-PL","potentialAction":[{"@type":"ReadAction","target":["https:\/\/rosanacl.com\/producto\/sujetador-modelo-frida\/"]}]},{"@type":"ImageObject","inLanguage":"pl-PL","@id":"https:\/\/rosanacl.com\/producto\/sujetador-modelo-frida\/#primaryimage","url":"https:\/\/rosanacl.com\/wp-content\/uploads\/2025\/04\/Sujetador-modelo-Frida-000001.webp","contentUrl":"https:\/\/rosanacl.com\/wp-content\/uploads\/2025\/04\/Sujetador-modelo-Frida-000001.webp","width":1000,"height":1000},{"@type":"BreadcrumbList","@id":"https:\/\/rosanacl.com\/producto\/sujetador-modelo-frida\/#breadcrumb","itemListElement":[{"@type":"ListItem","position":1,"name":"Portada","item":"https:\/\/rosanacl.com\/ca\/"},{"@type":"ListItem","position":2,"name":"Tienda","item":"https:\/\/rosanacl.com\/ca\/tienda\/"},{"@type":"ListItem","position":3,"name":"Sujetador Selene Frida"}]},{"@type":"WebSite","@id":"https:\/\/rosanacl.com\/ca\/#website","url":"https:\/\/rosanacl.com\/ca\/","name":"Rosana CL","description":"Jeste\u015bmy Twoim wn\u0119trzem","potentialAction":[{"@type":"SearchAction","target":{"@type":"EntryPoint","urlTemplate":"https:\/\/rosanacl.com\/ca\/?s={search_term_string}"},"query-input":{"@type":"PropertyValueSpecification","valueRequired":true,"valueName":"search_term_string"}}],"inLanguage":"pl-PL"}]}},"_links":{"self":[{"href":"https:\/\/rosanacl.com\/pl\/wp-json\/wp\/v2\/product\/393","targetHints":{"allow":["GET"]}}],"collection":[{"href":"https:\/\/rosanacl.com\/pl\/wp-json\/wp\/v2\/product"}],"about":[{"href":"https:\/\/rosanacl.com\/pl\/wp-json\/wp\/v2\/types\/product"}],"replies":[{"embeddable":true,"href":"https:\/\/rosanacl.com\/pl\/wp-json\/wp\/v2\/comments?post=393"}],"version-history":[{"count":5,"href":"https:\/\/rosanacl.com\/pl\/wp-json\/wp\/v2\/product\/393\/revisions"}],"predecessor-version":[{"id":4643,"href":"https:\/\/rosanacl.com\/pl\/wp-json\/wp\/v2\/product\/393\/revisions\/4643"}],"wp:featuredmedia":[{"embeddable":true,"href":"https:\/\/rosanacl.com\/pl\/wp-json\/wp\/v2\/media\/1439"}],"wp:attachment":[{"href":"https:\/\/rosanacl.com\/pl\/wp-json\/wp\/v2\/media?parent=393"}],"wp:term":[{"taxonomy":"product_brand","embeddable":true,"href":"https:\/\/rosanacl.com\/pl\/wp-json\/wp\/v2\/product_brand?post=393"},{"taxonomy":"product_cat","embeddable":true,"href":"https:\/\/rosanacl.com\/pl\/wp-json\/wp\/v2\/product_cat?post=393"},{"taxonomy":"product_tag","embeddable":true,"href":"https:\/\/rosanacl.com\/pl\/wp-json\/wp\/v2\/product_tag?post=393"}],"curies":[{"name":"wp","href":"https:\/\/api.w.org\/{rel}","templated":true}]}}