{"id":415,"date":"2025-04-29T14:53:31","date_gmt":"2025-04-29T12:53:31","guid":{"rendered":"https:\/\/rosanacl.com\/?post_type=product&#038;p=415"},"modified":"2026-01-07T21:40:46","modified_gmt":"2026-01-07T20:40:46","slug":"sujetador-modelo-belen","status":"publish","type":"product","link":"https:\/\/rosanacl.com\/pl\/produkt\/sujetador-modelo-belen\/","title":{"rendered":"Biustonosz Selene Belen"},"content":{"rendered":"<p>S\u0105 ubrania, kt\u00f3re nie staraj\u0105 si\u0119 przyci\u0105ga\u0107 uwagi: staraj\u0105 si\u0119 u\u0142atwi\u0107 Ci \u017cycie\u2026 a mimo to nadal s\u0105 wyj\u0105tkowe. Bel\u00e9n to biustonosz bez fiszbin i bez usztywnie\u0144, kt\u00f3ry zapewnia solidne wsparcie bez ucisku i towarzyszy Ci od momentu przebudzenia, daj\u0105c poczucie idealnego dopasowania. Idealny, je\u015bli cenisz sobie prawdziwe wsparcie, swobod\u0119 ruch\u00f3w i stabilne dopasowanie.<\/p>\n<p>Zapi\u0119cie z przodu jest bardzo proste (naprawd\u0119): szybko si\u0119 zapina, dobrze trzyma i utrzymuje biust na miejscu dzi\u0119ki konstrukcji zaprojektowanej do noszenia na co dzie\u0144. Miseczka C i szeroki zakres rozmiar\u00f3w sprawiaj\u0105, \u017ce to niezawodny model, gdy chcesz czu\u0107 si\u0119 komfortowo\u2026 ale i pewnie.<\/p>\n<p>Szczeg\u00f3\u0142y, kt\u00f3re robi\u0105 r\u00f3\u017cnic\u0119<\/p>\n<ul>\n<li>Zapi\u0119cie z przodu: praktyczne, szybkie i \u0142atwe zak\u0142adanie\/zdejmowanie.<\/li>\n<li>Bez fiszbin i usztywnie\u0144: naturalne wsparcie, bez zb\u0119dnego ucisku.<\/li>\n<li>Szersze oparcie: zapewnia stabilno\u015b\u0107 i poczucie \u00abdobrego podparcia\u00bb.<\/li>\n<li>Regulowane i szerokie paski: lepsze roz\u0142o\u017cenie ci\u0119\u017caru i dok\u0142adniejsza regulacja.<\/li>\n<li>Miseczka C o obszernym rozmiarze (zaprojektowana tak, aby zapewnia\u0107 wsparcie).<\/li>\n<\/ul>\n<p>\ud83d\udde3\ufe0f Wskaz\u00f3wka: Biustonosz Bel\u00e9n zosta\u0142 stworzony, aby wygl\u0105da\u0107 \u015bwietnie, ale jednocze\u015bnie nie czu\u0107 si\u0119 \u00abskr\u0119powanym\u00bb: zapewnia wsparcie, modeluje i pozostawia uczucie eleganckiego bezpiecze\u0144stwa, kt\u00f3re zauwa\u017cysz od razu po za\u0142o\u017ceniu.<\/p>\n<p>\ud83d\udccf Uwaga: Aby dobra\u0107 odpowiedni rozmiar w Bel\u00e9n, priorytetem jest ciasny obw\u00f3d (to on zapewnia wsparcie) i dopasuj rami\u0105czka dopiero na ko\u0144cu. Je\u015bli nie jeste\u015b pewna, kt\u00f3ry rozmiar wybra\u0107, wybierz ten, kt\u00f3ry jest stabilniejszy: dzi\u0119ki temu miseczki b\u0119d\u0105 lepiej przylega\u0107, a biustonosz b\u0119dzie wygl\u0105da\u0142 lepiej od samego pocz\u0105tku.<\/p>\n<p>Sk\u0142ad: 82% Poliester \u2014 18% Elastan<\/p>\n<p>\ud83e\uddf1 Efekt \u00abdobrze umiejscowionego\u00bb: j\u0119drne plecy, klatka piersiowa na swoim miejscu.<\/p>\n<div id=\"v1ms-outlook-mobile-body-separator-line\" dir=\"auto\"><\/div>","protected":false},"excerpt":{"rendered":"<p>Hay prendas que no buscan llamar la atenci\u00f3n: buscan hacerte la vida f\u00e1cil&#8230; y aun as\u00ed se sienten especiales. El Bel\u00e9n es ese sujetador sin aros y sin relleno que sujeta con firmeza, sin castigar, y que te acompa\u00f1a desde primera hora con una sensaci\u00f3n muy \u00abbien puesta\u00bb. Ideal si priorizas sujeci\u00f3n real, libertad y [&hellip;]<\/p>\n","protected":false},"featured_media":444,"comment_status":"open","ping_status":"closed","template":"","meta":{"content-type":""},"product_brand":[55],"product_cat":[23,20],"product_tag":[59,56],"class_list":{"0":"post-415","1":"product","2":"type-product","3":"status-publish","4":"has-post-thumbnail","6":"product_brand-selene","7":"product_cat-abierto-delante","8":"product_cat-sujetador","9":"product_tag-abierto-alante","10":"product_tag-sujetador","12":"first","13":"instock","14":"taxable","15":"shipping-taxable","16":"purchasable","17":"product-type-variable"},"supplier_id":null,"supplier_sku":"","barcode":null,"atum_controlled":true,"out_stock_date":null,"out_stock_threshold":null,"inheritable":true,"inbound_stock":null,"stock_on_hold":0,"sold_today":0,"sales_last_days":0,"reserved_stock":null,"customer_returns":null,"warehouse_damage":null,"lost_in_post":null,"other_logs":null,"out_stock_days":0,"lost_sales":0,"has_location":false,"update_date":"2026-01-07T20:40:47","atum_locations":[],"atum_stock_status":"instock","restock_status":false,"low_stock_amount":"","sales_update_date":"2025-08-19T02:35:53","calc_backorders":null,"yoast_head":"<!-- This site is optimized with the Yoast SEO plugin v27.4 - https:\/\/yoast.com\/product\/yoast-seo-wordpress\/ -->\n<title>Sujetador Selene Belen - Rosana CL<\/title>\n<meta name=\"robots\" content=\"index, follow, max-snippet:-1, max-image-preview:large, max-video-preview:-1\" \/>\n<link rel=\"canonical\" href=\"https:\/\/rosanacl.com\/pl\/produkt\/sujetador-modelo-belen\/\" \/>\n<meta property=\"og:locale\" content=\"pl_PL\" \/>\n<meta property=\"og:type\" content=\"article\" \/>\n<meta property=\"og:title\" content=\"Sujetador Selene Belen - Rosana CL\" \/>\n<meta property=\"og:description\" content=\"Hay prendas que no buscan llamar la atenci\u00f3n: buscan hacerte la vida f\u00e1cil&#8230; y aun as\u00ed se sienten especiales. El Bel\u00e9n es ese sujetador sin aros y sin relleno que sujeta con firmeza, sin castigar, y que te acompa\u00f1a desde primera hora con una sensaci\u00f3n muy \u00abbien puesta\u00bb. Ideal si priorizas sujeci\u00f3n real, libertad y [&hellip;]\" \/>\n<meta property=\"og:url\" content=\"https:\/\/rosanacl.com\/pl\/produkt\/sujetador-modelo-belen\/\" \/>\n<meta property=\"og:site_name\" content=\"Rosana CL\" \/>\n<meta property=\"article:modified_time\" content=\"2026-01-07T20:40:46+00:00\" \/>\n<meta property=\"og:image\" content=\"https:\/\/rosanacl.com\/wp-content\/uploads\/2025\/04\/Sujetador-Selene-modelo-Belen__00001.webp\" \/>\n\t<meta property=\"og:image:width\" content=\"1000\" \/>\n\t<meta property=\"og:image:height\" content=\"1000\" \/>\n\t<meta property=\"og:image:type\" content=\"image\/webp\" \/>\n<meta name=\"twitter:card\" content=\"summary_large_image\" \/>\n<meta name=\"twitter:label1\" content=\"Szacowany czas czytania\" \/>\n\t<meta name=\"twitter:data1\" content=\"2 minuty\" \/>\n<script type=\"application\/ld+json\" class=\"yoast-schema-graph\">{\"@context\":\"https:\\\/\\\/schema.org\",\"@graph\":[{\"@type\":\"WebPage\",\"@id\":\"https:\\\/\\\/rosanacl.com\\\/producto\\\/sujetador-modelo-belen\\\/\",\"url\":\"https:\\\/\\\/rosanacl.com\\\/producto\\\/sujetador-modelo-belen\\\/\",\"name\":\"Sujetador Selene Belen - Rosana CL\",\"isPartOf\":{\"@id\":\"https:\\\/\\\/rosanacl.com\\\/ca\\\/#website\"},\"primaryImageOfPage\":{\"@id\":\"https:\\\/\\\/rosanacl.com\\\/producto\\\/sujetador-modelo-belen\\\/#primaryimage\"},\"image\":{\"@id\":\"https:\\\/\\\/rosanacl.com\\\/producto\\\/sujetador-modelo-belen\\\/#primaryimage\"},\"thumbnailUrl\":\"https:\\\/\\\/rosanacl.com\\\/wp-content\\\/uploads\\\/2025\\\/04\\\/Sujetador-Selene-modelo-Belen__00001.webp\",\"datePublished\":\"2025-04-29T12:53:31+00:00\",\"dateModified\":\"2026-01-07T20:40:46+00:00\",\"breadcrumb\":{\"@id\":\"https:\\\/\\\/rosanacl.com\\\/producto\\\/sujetador-modelo-belen\\\/#breadcrumb\"},\"inLanguage\":\"pl-PL\",\"potentialAction\":[{\"@type\":\"ReadAction\",\"target\":[\"https:\\\/\\\/rosanacl.com\\\/producto\\\/sujetador-modelo-belen\\\/\"]}]},{\"@type\":\"ImageObject\",\"inLanguage\":\"pl-PL\",\"@id\":\"https:\\\/\\\/rosanacl.com\\\/producto\\\/sujetador-modelo-belen\\\/#primaryimage\",\"url\":\"https:\\\/\\\/rosanacl.com\\\/wp-content\\\/uploads\\\/2025\\\/04\\\/Sujetador-Selene-modelo-Belen__00001.webp\",\"contentUrl\":\"https:\\\/\\\/rosanacl.com\\\/wp-content\\\/uploads\\\/2025\\\/04\\\/Sujetador-Selene-modelo-Belen__00001.webp\",\"width\":1000,\"height\":1000},{\"@type\":\"BreadcrumbList\",\"@id\":\"https:\\\/\\\/rosanacl.com\\\/producto\\\/sujetador-modelo-belen\\\/#breadcrumb\",\"itemListElement\":[{\"@type\":\"ListItem\",\"position\":1,\"name\":\"Portada\",\"item\":\"https:\\\/\\\/rosanacl.com\\\/ca\\\/\"},{\"@type\":\"ListItem\",\"position\":2,\"name\":\"Tienda\",\"item\":\"https:\\\/\\\/rosanacl.com\\\/ca\\\/tienda\\\/\"},{\"@type\":\"ListItem\",\"position\":3,\"name\":\"Sujetador Selene Belen\"}]},{\"@type\":\"WebSite\",\"@id\":\"https:\\\/\\\/rosanacl.com\\\/ca\\\/#website\",\"url\":\"https:\\\/\\\/rosanacl.com\\\/ca\\\/\",\"name\":\"Rosana CL\",\"description\":\"Somos tu interior\",\"potentialAction\":[{\"@type\":\"SearchAction\",\"target\":{\"@type\":\"EntryPoint\",\"urlTemplate\":\"https:\\\/\\\/rosanacl.com\\\/ca\\\/?s={search_term_string}\"},\"query-input\":{\"@type\":\"PropertyValueSpecification\",\"valueRequired\":true,\"valueName\":\"search_term_string\"}}],\"inLanguage\":\"pl-PL\"}]}<\/script>\n<!-- \/ Yoast SEO plugin. -->","yoast_head_json":{"title":"Sujetador Selene Belen - Rosana CL","robots":{"index":"index","follow":"follow","max-snippet":"max-snippet:-1","max-image-preview":"max-image-preview:large","max-video-preview":"max-video-preview:-1"},"canonical":"https:\/\/rosanacl.com\/pl\/produkt\/sujetador-modelo-belen\/","og_locale":"pl_PL","og_type":"article","og_title":"Sujetador Selene Belen - Rosana CL","og_description":"Hay prendas que no buscan llamar la atenci\u00f3n: buscan hacerte la vida f\u00e1cil&#8230; y aun as\u00ed se sienten especiales. El Bel\u00e9n es ese sujetador sin aros y sin relleno que sujeta con firmeza, sin castigar, y que te acompa\u00f1a desde primera hora con una sensaci\u00f3n muy \u00abbien puesta\u00bb. Ideal si priorizas sujeci\u00f3n real, libertad y [&hellip;]","og_url":"https:\/\/rosanacl.com\/pl\/produkt\/sujetador-modelo-belen\/","og_site_name":"Rosana CL","article_modified_time":"2026-01-07T20:40:46+00:00","og_image":[{"width":1000,"height":1000,"url":"https:\/\/rosanacl.com\/wp-content\/uploads\/2025\/04\/Sujetador-Selene-modelo-Belen__00001.webp","type":"image\/webp"}],"twitter_card":"summary_large_image","twitter_misc":{"Szacowany czas czytania":"2 minuty"},"schema":{"@context":"https:\/\/schema.org","@graph":[{"@type":"WebPage","@id":"https:\/\/rosanacl.com\/producto\/sujetador-modelo-belen\/","url":"https:\/\/rosanacl.com\/producto\/sujetador-modelo-belen\/","name":"Sujetador Selene Belen - Rosana CL","isPartOf":{"@id":"https:\/\/rosanacl.com\/ca\/#website"},"primaryImageOfPage":{"@id":"https:\/\/rosanacl.com\/producto\/sujetador-modelo-belen\/#primaryimage"},"image":{"@id":"https:\/\/rosanacl.com\/producto\/sujetador-modelo-belen\/#primaryimage"},"thumbnailUrl":"https:\/\/rosanacl.com\/wp-content\/uploads\/2025\/04\/Sujetador-Selene-modelo-Belen__00001.webp","datePublished":"2025-04-29T12:53:31+00:00","dateModified":"2026-01-07T20:40:46+00:00","breadcrumb":{"@id":"https:\/\/rosanacl.com\/producto\/sujetador-modelo-belen\/#breadcrumb"},"inLanguage":"pl-PL","potentialAction":[{"@type":"ReadAction","target":["https:\/\/rosanacl.com\/producto\/sujetador-modelo-belen\/"]}]},{"@type":"ImageObject","inLanguage":"pl-PL","@id":"https:\/\/rosanacl.com\/producto\/sujetador-modelo-belen\/#primaryimage","url":"https:\/\/rosanacl.com\/wp-content\/uploads\/2025\/04\/Sujetador-Selene-modelo-Belen__00001.webp","contentUrl":"https:\/\/rosanacl.com\/wp-content\/uploads\/2025\/04\/Sujetador-Selene-modelo-Belen__00001.webp","width":1000,"height":1000},{"@type":"BreadcrumbList","@id":"https:\/\/rosanacl.com\/producto\/sujetador-modelo-belen\/#breadcrumb","itemListElement":[{"@type":"ListItem","position":1,"name":"Portada","item":"https:\/\/rosanacl.com\/ca\/"},{"@type":"ListItem","position":2,"name":"Tienda","item":"https:\/\/rosanacl.com\/ca\/tienda\/"},{"@type":"ListItem","position":3,"name":"Sujetador Selene Belen"}]},{"@type":"WebSite","@id":"https:\/\/rosanacl.com\/ca\/#website","url":"https:\/\/rosanacl.com\/ca\/","name":"Rosana CL","description":"Jeste\u015bmy Twoim wn\u0119trzem","potentialAction":[{"@type":"SearchAction","target":{"@type":"EntryPoint","urlTemplate":"https:\/\/rosanacl.com\/ca\/?s={search_term_string}"},"query-input":{"@type":"PropertyValueSpecification","valueRequired":true,"valueName":"search_term_string"}}],"inLanguage":"pl-PL"}]}},"_links":{"self":[{"href":"https:\/\/rosanacl.com\/pl\/wp-json\/wp\/v2\/product\/415","targetHints":{"allow":["GET"]}}],"collection":[{"href":"https:\/\/rosanacl.com\/pl\/wp-json\/wp\/v2\/product"}],"about":[{"href":"https:\/\/rosanacl.com\/pl\/wp-json\/wp\/v2\/types\/product"}],"replies":[{"embeddable":true,"href":"https:\/\/rosanacl.com\/pl\/wp-json\/wp\/v2\/comments?post=415"}],"version-history":[{"count":5,"href":"https:\/\/rosanacl.com\/pl\/wp-json\/wp\/v2\/product\/415\/revisions"}],"predecessor-version":[{"id":4621,"href":"https:\/\/rosanacl.com\/pl\/wp-json\/wp\/v2\/product\/415\/revisions\/4621"}],"wp:featuredmedia":[{"embeddable":true,"href":"https:\/\/rosanacl.com\/pl\/wp-json\/wp\/v2\/media\/444"}],"wp:attachment":[{"href":"https:\/\/rosanacl.com\/pl\/wp-json\/wp\/v2\/media?parent=415"}],"wp:term":[{"taxonomy":"product_brand","embeddable":true,"href":"https:\/\/rosanacl.com\/pl\/wp-json\/wp\/v2\/product_brand?post=415"},{"taxonomy":"product_cat","embeddable":true,"href":"https:\/\/rosanacl.com\/pl\/wp-json\/wp\/v2\/product_cat?post=415"},{"taxonomy":"product_tag","embeddable":true,"href":"https:\/\/rosanacl.com\/pl\/wp-json\/wp\/v2\/product_tag?post=415"}],"curies":[{"name":"wp","href":"https:\/\/api.w.org\/{rel}","templated":true}]}}