{"id":702,"date":"2025-04-29T19:44:59","date_gmt":"2025-04-29T17:44:59","guid":{"rendered":"https:\/\/rosanacl.com\/?post_type=product&#038;p=702"},"modified":"2026-01-07T21:19:50","modified_gmt":"2026-01-07T20:19:50","slug":"sujetador-modelo-betty","status":"publish","type":"product","link":"https:\/\/rosanacl.com\/pl\/produkt\/sujetador-modelo-betty\/","title":{"rendered":"Biustonosz Selene Betty"},"content":{"rendered":"<p>Biustonosz Selene Betty zosta\u0142 zaprojektowany z my\u015bl\u0105 o dniach, kiedy chcesz wygl\u0105da\u0107 nieskazitelnie w dopasowanych ubraniach, ale bez rezygnowania z komfortu. Jest bez fiszbin i bez usztywnienia, a jego konstrukcja optycznie wyg\u0142adza i zapewnia naturalne wsparcie, kt\u00f3re od pierwszego wejrzenia jest stabilne, zapewniaj\u0105c swobod\u0119 ruch\u00f3w.<\/p>\n<p>To, co wyr\u00f3\u017cnia Betty, to jej konstrukcja: przeplataj\u0105ce si\u0119 warstwy tiulu i ci\u0119cie laserowe wsp\u00f3\u0142dzia\u0142aj\u0105, aby ukry\u0107 i zminimalizowa\u0107 nier\u00f3wno\u015bci po bokach i pod pachami, zapewniaj\u0105c schludny wygl\u0105d pod koszulkami, sukienkami i innymi delikatnymi ubraniami. Rezultat: bardziej dopracowana sylwetka, g\u0142adkie dopasowanie i bardziej pochlebny wygl\u0105d\u2026 bez zauwa\u017cania \u00absztuczki\u00bb.<\/p>\n<p>Szczeg\u00f3\u0142y, kt\u00f3re pokochasz o Betty<\/p>\n<ul>\n<li>Bez fiszbin: prawdziwy komfort, bez ucisku.<\/li>\n<li>Bez wype\u0142nienia: naturalny i lekki kszta\u0142t.<\/li>\n<li>Tiul skrzy\u017cowany: \u015bci\u015ble przylegaj\u0105cy i bardziej marszczony.<\/li>\n<li>Ci\u0119cie laserowe: czystsze i bardziej dyskretne wyko\u0144czenie pod odzie\u017c\u0105.<\/li>\n<li>Os\u0142ona bok\u00f3w i pach: wizualnie wyg\u0142adza i stylizuje sylwetk\u0119.<\/li>\n<\/ul>\n<p>\ud83d\udde3\ufe0f Wskaz\u00f3wka: Betty to jeden z tych modeli, kt\u00f3re bez wysi\u0142ku \u00abkszta\u0142tuj\u0105\u00bb sylwetk\u0119: po za\u0142o\u017ceniu poczujesz bardziej wysmuk\u0142\u0105 tali\u0119, g\u0142adsze boki i lu\u017any, bezuciskowy komfort. Idealny na dni, kiedy nosisz dopasowane ubrania i chcesz wygl\u0105da\u0107 nieskazitelnie\u2026 ale jednocze\u015bnie porusza\u0107 si\u0119 z pe\u0142n\u0105 swobod\u0105 ruch\u00f3w.<\/p>\n<p>\ud83d\udccf Uwaga: Aby uzyska\u0107 idealne dopasowanie, oto kr\u00f3tki przewodnik: je\u015bli wolisz bardziej dopasowany, op\u0142ywowy kr\u00f3j, wybierz sw\u00f3j zwyk\u0142y rozmiar; je\u015bli jeste\u015b pomi\u0119dzy rozmiarami lub wolisz bardziej mi\u0119kki kr\u00f3j w biu\u015bcie\/pod pachami, wybierz rozmiar wi\u0119kszy. A je\u015bli nie masz pewno\u015bci, zmierz obw\u00f3d pod biustem i por\u00f3wnaj go z tabel\u0105 rozmiar\u00f3w, zanim podejmiesz decyzj\u0119.<\/p>\n<p>Sk\u0142ad: poliamid 85% \/ elastan 15%.<\/p>\n<p>\ud83e\udde9 Idealnie dopasowuje si\u0119 tam, gdzie inne zawodz\u0105: po bokach i pod pachami, zapewniaj\u0105c pe\u0142n\u0105 kontrol\u0119.<\/p>","protected":false},"excerpt":{"rendered":"<p>El sujetador Selene modelo Betty est\u00e1 pensado para esos d\u00edas en los que quieres verte impecable con ropa ajustada, pero sin renunciar a ir c\u00f3moda. Es sin aros y sin relleno, con un dise\u00f1o que alisa visualmente y aporta una sujeci\u00f3n natural, de las que se sienten estables desde el primer momento y te permiten [&hellip;]<\/p>\n","protected":false},"featured_media":2539,"comment_status":"open","ping_status":"closed","template":"","meta":{"content-type":""},"product_brand":[55],"product_cat":[105,25,20],"product_tag":[56,60],"class_list":{"0":"post-702","1":"product","2":"type-product","3":"status-publish","4":"has-post-thumbnail","6":"product_brand-selene","7":"product_cat-betty","8":"product_cat-sin-aros","9":"product_cat-sujetador","10":"product_tag-sujetador","11":"product_tag-sujetador-sin-aros","13":"first","14":"instock","15":"taxable","16":"shipping-taxable","17":"purchasable","18":"product-type-variable"},"supplier_id":null,"supplier_sku":"","barcode":null,"atum_controlled":true,"out_stock_date":null,"out_stock_threshold":null,"inheritable":true,"inbound_stock":null,"stock_on_hold":0,"sold_today":0,"sales_last_days":0,"reserved_stock":null,"customer_returns":null,"warehouse_damage":null,"lost_in_post":null,"other_logs":null,"out_stock_days":0,"lost_sales":0,"has_location":false,"update_date":"2026-01-07T20:19:51","atum_locations":[],"atum_stock_status":"instock","restock_status":false,"low_stock_amount":"","sales_update_date":"2025-08-19T02:35:53","calc_backorders":null,"yoast_head":"<!-- This site is optimized with the Yoast SEO plugin v27.4 - https:\/\/yoast.com\/product\/yoast-seo-wordpress\/ -->\n<title>Sujetador Selene Betty - Rosana CL<\/title>\n<meta name=\"robots\" content=\"index, follow, max-snippet:-1, max-image-preview:large, max-video-preview:-1\" \/>\n<link rel=\"canonical\" href=\"https:\/\/rosanacl.com\/pl\/produkt\/sujetador-modelo-betty\/\" \/>\n<meta property=\"og:locale\" content=\"pl_PL\" \/>\n<meta property=\"og:type\" content=\"article\" \/>\n<meta property=\"og:title\" content=\"Sujetador Selene Betty - Rosana CL\" \/>\n<meta property=\"og:description\" content=\"El sujetador Selene modelo Betty est\u00e1 pensado para esos d\u00edas en los que quieres verte impecable con ropa ajustada, pero sin renunciar a ir c\u00f3moda. Es sin aros y sin relleno, con un dise\u00f1o que alisa visualmente y aporta una sujeci\u00f3n natural, de las que se sienten estables desde el primer momento y te permiten [&hellip;]\" \/>\n<meta property=\"og:url\" content=\"https:\/\/rosanacl.com\/pl\/produkt\/sujetador-modelo-betty\/\" \/>\n<meta property=\"og:site_name\" content=\"Rosana CL\" \/>\n<meta property=\"article:modified_time\" content=\"2026-01-07T20:19:50+00:00\" \/>\n<meta property=\"og:image\" content=\"https:\/\/rosanacl.com\/wp-content\/uploads\/2025\/04\/sujetadorbetty-e1756816663162.jpg\" \/>\n\t<meta property=\"og:image:width\" content=\"833\" \/>\n\t<meta property=\"og:image:height\" content=\"1086\" \/>\n\t<meta property=\"og:image:type\" content=\"image\/jpeg\" \/>\n<meta name=\"twitter:card\" content=\"summary_large_image\" \/>\n<meta name=\"twitter:label1\" content=\"Szacowany czas czytania\" \/>\n\t<meta name=\"twitter:data1\" content=\"2 minuty\" \/>\n<script type=\"application\/ld+json\" class=\"yoast-schema-graph\">{\"@context\":\"https:\\\/\\\/schema.org\",\"@graph\":[{\"@type\":\"WebPage\",\"@id\":\"https:\\\/\\\/rosanacl.com\\\/producto\\\/sujetador-modelo-betty\\\/\",\"url\":\"https:\\\/\\\/rosanacl.com\\\/producto\\\/sujetador-modelo-betty\\\/\",\"name\":\"Sujetador Selene Betty - Rosana CL\",\"isPartOf\":{\"@id\":\"https:\\\/\\\/rosanacl.com\\\/ca\\\/#website\"},\"primaryImageOfPage\":{\"@id\":\"https:\\\/\\\/rosanacl.com\\\/producto\\\/sujetador-modelo-betty\\\/#primaryimage\"},\"image\":{\"@id\":\"https:\\\/\\\/rosanacl.com\\\/producto\\\/sujetador-modelo-betty\\\/#primaryimage\"},\"thumbnailUrl\":\"https:\\\/\\\/rosanacl.com\\\/wp-content\\\/uploads\\\/2025\\\/04\\\/sujetadorbetty-e1756816663162.jpg\",\"datePublished\":\"2025-04-29T17:44:59+00:00\",\"dateModified\":\"2026-01-07T20:19:50+00:00\",\"breadcrumb\":{\"@id\":\"https:\\\/\\\/rosanacl.com\\\/producto\\\/sujetador-modelo-betty\\\/#breadcrumb\"},\"inLanguage\":\"pl-PL\",\"potentialAction\":[{\"@type\":\"ReadAction\",\"target\":[\"https:\\\/\\\/rosanacl.com\\\/producto\\\/sujetador-modelo-betty\\\/\"]}]},{\"@type\":\"ImageObject\",\"inLanguage\":\"pl-PL\",\"@id\":\"https:\\\/\\\/rosanacl.com\\\/producto\\\/sujetador-modelo-betty\\\/#primaryimage\",\"url\":\"https:\\\/\\\/rosanacl.com\\\/wp-content\\\/uploads\\\/2025\\\/04\\\/sujetadorbetty-e1756816663162.jpg\",\"contentUrl\":\"https:\\\/\\\/rosanacl.com\\\/wp-content\\\/uploads\\\/2025\\\/04\\\/sujetadorbetty-e1756816663162.jpg\",\"width\":833,\"height\":1086},{\"@type\":\"BreadcrumbList\",\"@id\":\"https:\\\/\\\/rosanacl.com\\\/producto\\\/sujetador-modelo-betty\\\/#breadcrumb\",\"itemListElement\":[{\"@type\":\"ListItem\",\"position\":1,\"name\":\"Portada\",\"item\":\"https:\\\/\\\/rosanacl.com\\\/ca\\\/\"},{\"@type\":\"ListItem\",\"position\":2,\"name\":\"Tienda\",\"item\":\"https:\\\/\\\/rosanacl.com\\\/ca\\\/tienda\\\/\"},{\"@type\":\"ListItem\",\"position\":3,\"name\":\"Sujetador Selene Betty\"}]},{\"@type\":\"WebSite\",\"@id\":\"https:\\\/\\\/rosanacl.com\\\/ca\\\/#website\",\"url\":\"https:\\\/\\\/rosanacl.com\\\/ca\\\/\",\"name\":\"Rosana CL\",\"description\":\"Somos tu interior\",\"potentialAction\":[{\"@type\":\"SearchAction\",\"target\":{\"@type\":\"EntryPoint\",\"urlTemplate\":\"https:\\\/\\\/rosanacl.com\\\/ca\\\/?s={search_term_string}\"},\"query-input\":{\"@type\":\"PropertyValueSpecification\",\"valueRequired\":true,\"valueName\":\"search_term_string\"}}],\"inLanguage\":\"pl-PL\"}]}<\/script>\n<!-- \/ Yoast SEO plugin. -->","yoast_head_json":{"title":"Sujetador Selene Betty - Rosana CL","robots":{"index":"index","follow":"follow","max-snippet":"max-snippet:-1","max-image-preview":"max-image-preview:large","max-video-preview":"max-video-preview:-1"},"canonical":"https:\/\/rosanacl.com\/pl\/produkt\/sujetador-modelo-betty\/","og_locale":"pl_PL","og_type":"article","og_title":"Sujetador Selene Betty - Rosana CL","og_description":"El sujetador Selene modelo Betty est\u00e1 pensado para esos d\u00edas en los que quieres verte impecable con ropa ajustada, pero sin renunciar a ir c\u00f3moda. Es sin aros y sin relleno, con un dise\u00f1o que alisa visualmente y aporta una sujeci\u00f3n natural, de las que se sienten estables desde el primer momento y te permiten [&hellip;]","og_url":"https:\/\/rosanacl.com\/pl\/produkt\/sujetador-modelo-betty\/","og_site_name":"Rosana CL","article_modified_time":"2026-01-07T20:19:50+00:00","og_image":[{"width":833,"height":1086,"url":"https:\/\/rosanacl.com\/wp-content\/uploads\/2025\/04\/sujetadorbetty-e1756816663162.jpg","type":"image\/jpeg"}],"twitter_card":"summary_large_image","twitter_misc":{"Szacowany czas czytania":"2 minuty"},"schema":{"@context":"https:\/\/schema.org","@graph":[{"@type":"WebPage","@id":"https:\/\/rosanacl.com\/producto\/sujetador-modelo-betty\/","url":"https:\/\/rosanacl.com\/producto\/sujetador-modelo-betty\/","name":"Sujetador Selene Betty - Rosana CL","isPartOf":{"@id":"https:\/\/rosanacl.com\/ca\/#website"},"primaryImageOfPage":{"@id":"https:\/\/rosanacl.com\/producto\/sujetador-modelo-betty\/#primaryimage"},"image":{"@id":"https:\/\/rosanacl.com\/producto\/sujetador-modelo-betty\/#primaryimage"},"thumbnailUrl":"https:\/\/rosanacl.com\/wp-content\/uploads\/2025\/04\/sujetadorbetty-e1756816663162.jpg","datePublished":"2025-04-29T17:44:59+00:00","dateModified":"2026-01-07T20:19:50+00:00","breadcrumb":{"@id":"https:\/\/rosanacl.com\/producto\/sujetador-modelo-betty\/#breadcrumb"},"inLanguage":"pl-PL","potentialAction":[{"@type":"ReadAction","target":["https:\/\/rosanacl.com\/producto\/sujetador-modelo-betty\/"]}]},{"@type":"ImageObject","inLanguage":"pl-PL","@id":"https:\/\/rosanacl.com\/producto\/sujetador-modelo-betty\/#primaryimage","url":"https:\/\/rosanacl.com\/wp-content\/uploads\/2025\/04\/sujetadorbetty-e1756816663162.jpg","contentUrl":"https:\/\/rosanacl.com\/wp-content\/uploads\/2025\/04\/sujetadorbetty-e1756816663162.jpg","width":833,"height":1086},{"@type":"BreadcrumbList","@id":"https:\/\/rosanacl.com\/producto\/sujetador-modelo-betty\/#breadcrumb","itemListElement":[{"@type":"ListItem","position":1,"name":"Portada","item":"https:\/\/rosanacl.com\/ca\/"},{"@type":"ListItem","position":2,"name":"Tienda","item":"https:\/\/rosanacl.com\/ca\/tienda\/"},{"@type":"ListItem","position":3,"name":"Sujetador Selene Betty"}]},{"@type":"WebSite","@id":"https:\/\/rosanacl.com\/ca\/#website","url":"https:\/\/rosanacl.com\/ca\/","name":"Rosana CL","description":"Jeste\u015bmy Twoim wn\u0119trzem","potentialAction":[{"@type":"SearchAction","target":{"@type":"EntryPoint","urlTemplate":"https:\/\/rosanacl.com\/ca\/?s={search_term_string}"},"query-input":{"@type":"PropertyValueSpecification","valueRequired":true,"valueName":"search_term_string"}}],"inLanguage":"pl-PL"}]}},"_links":{"self":[{"href":"https:\/\/rosanacl.com\/pl\/wp-json\/wp\/v2\/product\/702","targetHints":{"allow":["GET"]}}],"collection":[{"href":"https:\/\/rosanacl.com\/pl\/wp-json\/wp\/v2\/product"}],"about":[{"href":"https:\/\/rosanacl.com\/pl\/wp-json\/wp\/v2\/types\/product"}],"replies":[{"embeddable":true,"href":"https:\/\/rosanacl.com\/pl\/wp-json\/wp\/v2\/comments?post=702"}],"version-history":[{"count":5,"href":"https:\/\/rosanacl.com\/pl\/wp-json\/wp\/v2\/product\/702\/revisions"}],"predecessor-version":[{"id":4617,"href":"https:\/\/rosanacl.com\/pl\/wp-json\/wp\/v2\/product\/702\/revisions\/4617"}],"wp:featuredmedia":[{"embeddable":true,"href":"https:\/\/rosanacl.com\/pl\/wp-json\/wp\/v2\/media\/2539"}],"wp:attachment":[{"href":"https:\/\/rosanacl.com\/pl\/wp-json\/wp\/v2\/media?parent=702"}],"wp:term":[{"taxonomy":"product_brand","embeddable":true,"href":"https:\/\/rosanacl.com\/pl\/wp-json\/wp\/v2\/product_brand?post=702"},{"taxonomy":"product_cat","embeddable":true,"href":"https:\/\/rosanacl.com\/pl\/wp-json\/wp\/v2\/product_cat?post=702"},{"taxonomy":"product_tag","embeddable":true,"href":"https:\/\/rosanacl.com\/pl\/wp-json\/wp\/v2\/product_tag?post=702"}],"curies":[{"name":"wp","href":"https:\/\/api.w.org\/{rel}","templated":true}]}}