{"id":15,"date":"2025-03-28T15:58:30","date_gmt":"2025-03-28T18:58:30","guid":{"rendered":"https:\/\/innovacon.simplificandotuweb.com\/?page_id=15"},"modified":"2025-05-02T02:16:09","modified_gmt":"2025-05-02T00:16:09","slug":"mapa-web","status":"publish","type":"page","link":"https:\/\/rosanacl.com\/pt\/mapa-web\/","title":{"rendered":"Mapa da Web"},"content":{"rendered":"<div data-elementor-type=\"wp-page\" data-elementor-id=\"15\" class=\"elementor elementor-15\" data-elementor-post-type=\"page\">\n\t\t\t\t<div class=\"elementor-element elementor-element-2147d22 e-flex e-con-boxed e-con e-parent\" data-id=\"2147d22\" data-element_type=\"container\" data-e-type=\"container\" data-settings=\"{&quot;background_background&quot;:&quot;classic&quot;}\">\n\t\t\t\t\t<div class=\"e-con-inner\">\n\t\t<div class=\"elementor-element elementor-element-e502161 e-con-full e-flex e-con e-child\" data-id=\"e502161\" data-element_type=\"container\" data-e-type=\"container\">\n\t\t\t\t<div class=\"elementor-element elementor-element-b69ebee elementor-widget elementor-widget-heading\" data-id=\"b69ebee\" data-element_type=\"widget\" data-e-type=\"widget\" data-widget_type=\"heading.default\">\n\t\t\t\t<div class=\"elementor-widget-container\">\n\t\t\t\t\t<h2 class=\"elementor-heading-title elementor-size-default\">Mapa da Web<\/h2>\t\t\t\t<\/div>\n\t\t\t\t<\/div>\n\t\t\t\t<\/div>\n\t\t\t\t\t<\/div>\n\t\t\t\t<\/div>\n\t\t<div class=\"elementor-element elementor-element-268470e e-flex e-con-boxed e-con e-parent\" data-id=\"268470e\" data-element_type=\"container\" data-e-type=\"container\">\n\t\t\t\t\t<div class=\"e-con-inner\">\n\t\t\t\t<div class=\"elementor-element elementor-element-7b9e7c6 elementor-widget elementor-widget-sitemap\" data-id=\"7b9e7c6\" data-element_type=\"widget\" data-e-type=\"widget\" data-widget_type=\"sitemap.default\">\n\t\t\t\t<div class=\"elementor-widget-container\">\n\t\t\t\t\t<div class=\"elementor-sitemap-wrap\"><div class=\"elementor-sitemap-section\"><h2 class=\"elementor-sitemap-title elementor-sitemap-page-title\">P\u00e1ginas<\/h2><ul class=\"elementor-sitemap-list elementor-sitemap-page-list\"><li class=\"elementor-sitemap-item elementor-sitemap-item-page page_item page-item-4941\"><a href=\"https:\/\/rosanacl.com\/pt\/prueba\/\">prueba<\/a><\/li><li class=\"elementor-sitemap-item elementor-sitemap-item-page page_item page-item-4806\"><a href=\"https:\/\/rosanacl.com\/pt\/selene-ropa-interior\/\">Selene ropa interior<\/a><\/li><li class=\"elementor-sitemap-item elementor-sitemap-item-page page_item page-item-4781\"><a href=\"https:\/\/rosanacl.com\/pt\/comprar-bragas-selene\/\">Comprar bragas Selene<\/a><\/li><li class=\"elementor-sitemap-item elementor-sitemap-item-page page_item page-item-4776\"><a href=\"https:\/\/rosanacl.com\/pt\/sujetadores-reductores-selene\/\">Sujetadores reductores Selene<\/a><\/li><li class=\"elementor-sitemap-item elementor-sitemap-item-page page_item page-item-4770\"><a href=\"https:\/\/rosanacl.com\/pt\/bodys-lenceria-mujer\/\">Bodys lencer\u00eda Mujer<\/a><\/li><li class=\"elementor-sitemap-item elementor-sitemap-item-page page_item page-item-4765\"><a href=\"https:\/\/rosanacl.com\/pt\/sujetadores-selene-sin-aros\/\">Sujetadores Selene sin aros<\/a><\/li><li class=\"elementor-sitemap-item elementor-sitemap-item-page page_item page-item-4760\"><a href=\"https:\/\/rosanacl.com\/pt\/sujetador-lenceria\/\">Sujetador lencer\u00eda<\/a><\/li><li class=\"elementor-sitemap-item elementor-sitemap-item-page page_item page-item-4755\"><a href=\"https:\/\/rosanacl.com\/pt\/sujetadores-selene-sin-aro\/\">Sujetadores Selene sin aro<\/a><\/li><li class=\"elementor-sitemap-item elementor-sitemap-item-page page_item page-item-4738\"><a href=\"https:\/\/rosanacl.com\/pt\/comprar-sujetador-selene-online\/\">Comprar sujetador Selene online<\/a><\/li><li class=\"elementor-sitemap-item elementor-sitemap-item-page page_item page-item-4733\"><a href=\"https:\/\/rosanacl.com\/pt\/selene-lenceria\/\">Selene lencer\u00eda<\/a><\/li><li class=\"elementor-sitemap-item elementor-sitemap-item-page page_item page-item-4549\"><a href=\"https:\/\/rosanacl.com\/pt\/comprar-bragas-online-en-valencia\/\">Compre calcinhas online em Val\u00eancia<\/a><\/li><li class=\"elementor-sitemap-item elementor-sitemap-item-page page_item page-item-4548\"><a href=\"https:\/\/rosanacl.com\/pt\/bragas-de-selene-en-valencia\/\">Calcinhas de Selene em Val\u00eancia<\/a><\/li><li class=\"elementor-sitemap-item elementor-sitemap-item-page page_item page-item-4675\"><a href=\"https:\/\/rosanacl.com\/pt\/corseteria-valencia\/\">Landing Page<\/a><\/li><li class=\"elementor-sitemap-item elementor-sitemap-item-page page_item page-item-4547\"><a href=\"https:\/\/rosanacl.com\/pt\/body-de-mujer-en-valencia\/\">Body feminino em Val\u00eancia<\/a><\/li><li class=\"elementor-sitemap-item elementor-sitemap-item-page page_item page-item-4542\"><a href=\"https:\/\/rosanacl.com\/pt\/sujetadores-reductores-selene-en-valencia\/\">Suti\u00e3s redutores Selene em Val\u00eancia<\/a><\/li><li class=\"elementor-sitemap-item elementor-sitemap-item-page page_item page-item-4532\"><a href=\"https:\/\/rosanacl.com\/pt\/sujetador-selene-sin-aros-en-valencia\/\">Suti\u00e3 sem aro Selene em Val\u00eancia<\/a><\/li><li class=\"elementor-sitemap-item elementor-sitemap-item-page page_item page-item-4526\"><a href=\"https:\/\/rosanacl.com\/pt\/comprar-sujetadores-selene-online-en-valencia\/\">Compre suti\u00e3s Selene online em Val\u00eancia.<\/a><\/li><li class=\"elementor-sitemap-item elementor-sitemap-item-page page_item page-item-4521\"><a href=\"https:\/\/rosanacl.com\/pt\/comprar-sujetadores-selene-en-valencia\/\">Compre suti\u00e3s Selene em Val\u00eancia<\/a><\/li><li class=\"elementor-sitemap-item elementor-sitemap-item-page page_item page-item-4192\"><a href=\"https:\/\/rosanacl.com\/pt\/sujetador-selene-sin-aros-en-barcelona\/\">Suti\u00e3 sem aro Selene em Barcelona<\/a><\/li><li class=\"elementor-sitemap-item elementor-sitemap-item-page page_item page-item-4187\"><a href=\"https:\/\/rosanacl.com\/pt\/comprar-sujetadores-selene-online-en-barcelona\/\">Compre suti\u00e3s Selene online em Barcelona.<\/a><\/li><li class=\"elementor-sitemap-item elementor-sitemap-item-page page_item page-item-4182\"><a href=\"https:\/\/rosanacl.com\/pt\/comprar-sujetadores-selene-en-barcelona\/\">Compre suti\u00e3s Selene em Barcelona<\/a><\/li><li class=\"elementor-sitemap-item elementor-sitemap-item-page page_item page-item-4000\"><a href=\"https:\/\/rosanacl.com\/pt\/comprar-sujetador-selene\/\">Compre suti\u00e3s Selene<\/a><\/li><li class=\"elementor-sitemap-item elementor-sitemap-item-page page_item page-item-3995\"><a href=\"https:\/\/rosanacl.com\/pt\/comprar-sujetadores-selene-online\/\">Compre suti\u00e3s Selene online<\/a><\/li><li class=\"elementor-sitemap-item elementor-sitemap-item-page page_item page-item-3925\"><a href=\"https:\/\/rosanacl.com\/pt\/sujetador-selene-sin-aros\/\">Suti\u00e3 sem aro Selene<\/a><\/li><li class=\"elementor-sitemap-item elementor-sitemap-item-page page_item page-item-2875\"><a href=\"https:\/\/rosanacl.com\/pt\/comprar-sujetadores-selene\/\">Compre suti\u00e3s Selene<\/a><\/li><li class=\"elementor-sitemap-item elementor-sitemap-item-page page_item page-item-3704\"><a href=\"https:\/\/rosanacl.com\/pt\/bragas-de-selene\/\">Calcinha da Selene<\/a><\/li><li class=\"elementor-sitemap-item elementor-sitemap-item-page page_item page-item-3931\"><a href=\"https:\/\/rosanacl.com\/pt\/tanga-de-selene\/\">Tanga da Selene<\/a><\/li><li class=\"elementor-sitemap-item elementor-sitemap-item-page page_item page-item-3926\"><a href=\"https:\/\/rosanacl.com\/pt\/sujetador-sin-tirantes\/\">Suti\u00e3 sem al\u00e7as<\/a><\/li><li class=\"elementor-sitemap-item elementor-sitemap-item-page page_item page-item-2868\"><a href=\"https:\/\/rosanacl.com\/pt\/comprar-bragas-online\/\">Comprar calcinhas online<\/a><\/li><li class=\"elementor-sitemap-item elementor-sitemap-item-page page_item page-item-3726\"><a href=\"https:\/\/rosanacl.com\/pt\/lenceria-selene-en-espana\/\">Selene Lingerie na Espanha<\/a><\/li><li class=\"elementor-sitemap-item elementor-sitemap-item-page page_item page-item-3716\"><a href=\"https:\/\/rosanacl.com\/pt\/body-de-mujer\/\">Body feminino<\/a><\/li><li class=\"elementor-sitemap-item elementor-sitemap-item-page page_item page-item-3710\"><a href=\"https:\/\/rosanacl.com\/pt\/comprar-ropa-interior-online\/\">Compre roupas \u00edntimas online<\/a><\/li><li class=\"elementor-sitemap-item elementor-sitemap-item-page page_item page-item-3703\"><a href=\"https:\/\/rosanacl.com\/pt\/mejor-sujetador-sin-tirantes\/\">Melhor suti\u00e3 sem al\u00e7as<\/a><\/li><li class=\"elementor-sitemap-item elementor-sitemap-item-page page_item page-item-2968\"><a href=\"https:\/\/rosanacl.com\/pt\/seguimiento-del-pedido\/\">Rastreamento de pedidos<\/a><\/li><li class=\"elementor-sitemap-item elementor-sitemap-item-page page_item page-item-2897\"><a href=\"https:\/\/rosanacl.com\/pt\/lenceria-selene\/\">Selene Lingerie<\/a><\/li><li class=\"elementor-sitemap-item elementor-sitemap-item-page page_item page-item-2891\"><a href=\"https:\/\/rosanacl.com\/pt\/comprar-bragas\/\">Comprar calcinhas<\/a><\/li><li class=\"elementor-sitemap-item elementor-sitemap-item-page page_item page-item-2885\"><a href=\"https:\/\/rosanacl.com\/pt\/comprar-lenceria-selene\/\">Compre lingerie Selene<\/a><\/li><li class=\"elementor-sitemap-item elementor-sitemap-item-page page_item page-item-2879\"><a href=\"https:\/\/rosanacl.com\/pt\/mejor-sujetador-sin-tirantes-para-pecho-grande\/\">Melhor suti\u00e3 sem al\u00e7as para seios grandes<\/a><\/li><li class=\"elementor-sitemap-item elementor-sitemap-item-page page_item page-item-2668\"><a href=\"https:\/\/rosanacl.com\/pt\/metodos-de-pago\/\">M\u00e9todos de Pagamento<\/a><\/li><li class=\"elementor-sitemap-item elementor-sitemap-item-page page_item page-item-2566\"><a href=\"https:\/\/rosanacl.com\/pt\/politica-de-envio\/\">Pol\u00edtica de Envio<\/a><\/li><li class=\"elementor-sitemap-item elementor-sitemap-item-page page_item page-item-2006\"><a href=\"https:\/\/rosanacl.com\/pt\/politica-de-devolucion\/\">Pol\u00edtica de devolu\u00e7\u00e3o<\/a><\/li><li class=\"elementor-sitemap-item elementor-sitemap-item-page page_item page-item-82\"><a href=\"https:\/\/rosanacl.com\/pt\/mi-cuenta\/\">Minha conta<\/a><\/li><li class=\"elementor-sitemap-item elementor-sitemap-item-page page_item page-item-80\"><a href=\"https:\/\/rosanacl.com\/pt\/finalizar-compra\/\">Concluir compra<\/a><\/li><li class=\"elementor-sitemap-item elementor-sitemap-item-page page_item page-item-78\"><a href=\"https:\/\/rosanacl.com\/pt\/carrito\/\">Carrinho<\/a><\/li><li class=\"elementor-sitemap-item elementor-sitemap-item-page page_item page-item-76\"><a href=\"https:\/\/rosanacl.com\/pt\/tienda\/\">Loja<\/a><\/li><li class=\"elementor-sitemap-item elementor-sitemap-item-page page_item page-item-64\"><a href=\"https:\/\/rosanacl.com\/pt\/contacto\/\">Contato<\/a><\/li><li class=\"elementor-sitemap-item elementor-sitemap-item-page page_item page-item-63 current_page_parent\"><a href=\"https:\/\/rosanacl.com\/pt\/blog\/\">Blogue<\/a><\/li><li class=\"elementor-sitemap-item elementor-sitemap-item-page page_item page-item-62\"><a href=\"https:\/\/rosanacl.com\/pt\/nosotros\/\">N\u00f3s<\/a><\/li><li class=\"elementor-sitemap-item elementor-sitemap-item-page page_item page-item-42\"><a href=\"https:\/\/rosanacl.com\/pt\/\">Come\u00e7ar<\/a><\/li><li class=\"elementor-sitemap-item elementor-sitemap-item-page page_item page-item-31\"><a href=\"https:\/\/rosanacl.com\/pt\/politica-de-privacidad\/\">pol\u00edtica de Privacidade<\/a><\/li><li class=\"elementor-sitemap-item elementor-sitemap-item-page page_item page-item-21\"><a href=\"https:\/\/rosanacl.com\/pt\/declaracion-de-accesibilidad\/\">Declara\u00e7\u00e3o de Acessibilidade<\/a><\/li><li class=\"elementor-sitemap-item elementor-sitemap-item-page page_item page-item-18\"><a href=\"https:\/\/rosanacl.com\/pt\/aviso-legal\/\">Aviso Legal<\/a><\/li><li class=\"elementor-sitemap-item elementor-sitemap-item-page page_item page-item-16\"><a href=\"https:\/\/rosanacl.com\/pt\/politica-de-cookies\/\">Pol\u00edtica de Cookies<\/a><\/li><li class=\"elementor-sitemap-item elementor-sitemap-item-page page_item page-item-15\"><a href=\"https:\/\/rosanacl.com\/pt\/mapa-web\/\">Mapa da Web<\/a><\/li><\/ul><\/div><div class=\"elementor-sitemap-section\"><h2 class=\"elementor-sitemap-title elementor-sitemap-category-title\">Categorias<\/h2><ul class=\"elementor-sitemap-list elementor-sitemap-category-list\">\t<li class=\"elementor-sitemap-item elementor-sitemap-item-category cat-item cat-item-110\"><a href=\"https:\/\/rosanacl.com\/pt\/category\/sujetador\/\">suti\u00e3<\/a>\n<\/li>\n\t<li class=\"elementor-sitemap-item elementor-sitemap-item-category cat-item cat-item-131\"><a href=\"https:\/\/rosanacl.com\/pt\/category\/ropa-interior-selene\/\">Roupa \u00edntima Selene<\/a>\n<\/li>\n\t<li class=\"elementor-sitemap-item elementor-sitemap-item-category cat-item cat-item-126\"><a href=\"https:\/\/rosanacl.com\/pt\/category\/lenceria-selena\/\">Selena Lingerie<\/a>\n<\/li>\n\t<li class=\"elementor-sitemap-item elementor-sitemap-item-category cat-item cat-item-136\"><a href=\"https:\/\/rosanacl.com\/pt\/category\/comprar-sujetadores\/\">comprar suti\u00e3s<\/a>\n<\/li>\n\t<li class=\"elementor-sitemap-item elementor-sitemap-item-category cat-item cat-item-108\"><a href=\"https:\/\/rosanacl.com\/pt\/category\/bragas\/\">Calcinhas<\/a>\n<\/li>\n\t<li class=\"elementor-sitemap-item elementor-sitemap-item-category cat-item cat-item-1\"><a href=\"https:\/\/rosanacl.com\/pt\/category\/blog\/\">Blogue<\/a>\n<\/li>\n<\/ul><\/div><\/div>\t\t\t\t<\/div>\n\t\t\t\t<\/div>\n\t\t\t\t\t<\/div>\n\t\t\t\t<\/div>\n\t\t\t\t<\/div>","protected":false},"excerpt":{"rendered":"","protected":false},"author":1,"featured_media":0,"parent":0,"menu_order":0,"comment_status":"closed","ping_status":"closed","template":"","meta":{"content-type":"","footnotes":""},"class_list":["post-15","page","type-page","status-publish","hentry"],"yoast_head":"<!-- This site is optimized with the Yoast SEO plugin v27.4 - https:\/\/yoast.com\/product\/yoast-seo-wordpress\/ -->\n<title>Mapa Web - Rosana CL<\/title>\n<meta name=\"robots\" content=\"index, follow, max-snippet:-1, max-image-preview:large, max-video-preview:-1\" \/>\n<link rel=\"canonical\" href=\"https:\/\/rosanacl.com\/pt\/mapa-web\/\" \/>\n<meta property=\"og:locale\" content=\"pt_PT\" \/>\n<meta property=\"og:type\" content=\"article\" \/>\n<meta property=\"og:title\" content=\"Mapa Web - Rosana CL\" \/>\n<meta property=\"og:url\" content=\"https:\/\/rosanacl.com\/pt\/mapa-web\/\" \/>\n<meta property=\"og:site_name\" content=\"Rosana CL\" \/>\n<meta property=\"article:modified_time\" content=\"2025-05-02T00:16:09+00:00\" \/>\n<meta name=\"twitter:card\" content=\"summary_large_image\" \/>\n<script type=\"application\/ld+json\" class=\"yoast-schema-graph\">{\"@context\":\"https:\\\/\\\/schema.org\",\"@graph\":[{\"@type\":\"WebPage\",\"@id\":\"https:\\\/\\\/rosanacl.com\\\/mapa-web\\\/\",\"url\":\"https:\\\/\\\/rosanacl.com\\\/mapa-web\\\/\",\"name\":\"Mapa Web - Rosana CL\",\"isPartOf\":{\"@id\":\"https:\\\/\\\/rosanacl.com\\\/ca\\\/#website\"},\"datePublished\":\"2025-03-28T18:58:30+00:00\",\"dateModified\":\"2025-05-02T00:16:09+00:00\",\"breadcrumb\":{\"@id\":\"https:\\\/\\\/rosanacl.com\\\/mapa-web\\\/#breadcrumb\"},\"inLanguage\":\"pt-PT\",\"potentialAction\":[{\"@type\":\"ReadAction\",\"target\":[\"https:\\\/\\\/rosanacl.com\\\/mapa-web\\\/\"]}]},{\"@type\":\"BreadcrumbList\",\"@id\":\"https:\\\/\\\/rosanacl.com\\\/mapa-web\\\/#breadcrumb\",\"itemListElement\":[{\"@type\":\"ListItem\",\"position\":1,\"name\":\"Portada\",\"item\":\"https:\\\/\\\/rosanacl.com\\\/ca\\\/\"},{\"@type\":\"ListItem\",\"position\":2,\"name\":\"Mapa Web\"}]},{\"@type\":\"WebSite\",\"@id\":\"https:\\\/\\\/rosanacl.com\\\/ca\\\/#website\",\"url\":\"https:\\\/\\\/rosanacl.com\\\/ca\\\/\",\"name\":\"Rosana CL\",\"description\":\"Somos tu interior\",\"potentialAction\":[{\"@type\":\"SearchAction\",\"target\":{\"@type\":\"EntryPoint\",\"urlTemplate\":\"https:\\\/\\\/rosanacl.com\\\/ca\\\/?s={search_term_string}\"},\"query-input\":{\"@type\":\"PropertyValueSpecification\",\"valueRequired\":true,\"valueName\":\"search_term_string\"}}],\"inLanguage\":\"pt-PT\"}]}<\/script>\n<!-- \/ Yoast SEO plugin. -->","yoast_head_json":{"title":"Mapa Web - Rosana CL","robots":{"index":"index","follow":"follow","max-snippet":"max-snippet:-1","max-image-preview":"max-image-preview:large","max-video-preview":"max-video-preview:-1"},"canonical":"https:\/\/rosanacl.com\/pt\/mapa-web\/","og_locale":"pt_PT","og_type":"article","og_title":"Mapa Web - Rosana CL","og_url":"https:\/\/rosanacl.com\/pt\/mapa-web\/","og_site_name":"Rosana CL","article_modified_time":"2025-05-02T00:16:09+00:00","twitter_card":"summary_large_image","schema":{"@context":"https:\/\/schema.org","@graph":[{"@type":"WebPage","@id":"https:\/\/rosanacl.com\/mapa-web\/","url":"https:\/\/rosanacl.com\/mapa-web\/","name":"Mapa Web - Rosana CL","isPartOf":{"@id":"https:\/\/rosanacl.com\/ca\/#website"},"datePublished":"2025-03-28T18:58:30+00:00","dateModified":"2025-05-02T00:16:09+00:00","breadcrumb":{"@id":"https:\/\/rosanacl.com\/mapa-web\/#breadcrumb"},"inLanguage":"pt-PT","potentialAction":[{"@type":"ReadAction","target":["https:\/\/rosanacl.com\/mapa-web\/"]}]},{"@type":"BreadcrumbList","@id":"https:\/\/rosanacl.com\/mapa-web\/#breadcrumb","itemListElement":[{"@type":"ListItem","position":1,"name":"Portada","item":"https:\/\/rosanacl.com\/ca\/"},{"@type":"ListItem","position":2,"name":"Mapa Web"}]},{"@type":"WebSite","@id":"https:\/\/rosanacl.com\/ca\/#website","url":"https:\/\/rosanacl.com\/ca\/","name":"Rosana CL","description":"N\u00f3s somos o seu interior","potentialAction":[{"@type":"SearchAction","target":{"@type":"EntryPoint","urlTemplate":"https:\/\/rosanacl.com\/ca\/?s={search_term_string}"},"query-input":{"@type":"PropertyValueSpecification","valueRequired":true,"valueName":"search_term_string"}}],"inLanguage":"pt-PT"}]}},"_links":{"self":[{"href":"https:\/\/rosanacl.com\/pt\/wp-json\/wp\/v2\/pages\/15","targetHints":{"allow":["GET"]}}],"collection":[{"href":"https:\/\/rosanacl.com\/pt\/wp-json\/wp\/v2\/pages"}],"about":[{"href":"https:\/\/rosanacl.com\/pt\/wp-json\/wp\/v2\/types\/page"}],"author":[{"embeddable":true,"href":"https:\/\/rosanacl.com\/pt\/wp-json\/wp\/v2\/users\/1"}],"replies":[{"embeddable":true,"href":"https:\/\/rosanacl.com\/pt\/wp-json\/wp\/v2\/comments?post=15"}],"version-history":[{"count":0,"href":"https:\/\/rosanacl.com\/pt\/wp-json\/wp\/v2\/pages\/15\/revisions"}],"wp:attachment":[{"href":"https:\/\/rosanacl.com\/pt\/wp-json\/wp\/v2\/media?parent=15"}],"curies":[{"name":"wp","href":"https:\/\/api.w.org\/{rel}","templated":true}]}}