{"id":16,"date":"2025-03-28T15:59:16","date_gmt":"2025-03-28T18:59:16","guid":{"rendered":"https:\/\/innovacon.simplificandotuweb.com\/?page_id=16"},"modified":"2025-07-09T08:54:15","modified_gmt":"2025-07-09T06:54:15","slug":"politica-de-cookies","status":"publish","type":"page","link":"https:\/\/rosanacl.com\/pt\/politica-de-cookies\/","title":{"rendered":"Pol\u00edtica de Cookies"},"content":{"rendered":"<div data-elementor-type=\"wp-page\" data-elementor-id=\"16\" class=\"elementor elementor-16\" data-elementor-post-type=\"page\">\n\t\t\t\t<div class=\"elementor-element elementor-element-3406fa7 e-flex e-con-boxed e-con e-parent\" data-id=\"3406fa7\" data-element_type=\"container\" data-e-type=\"container\" data-settings=\"{&quot;background_background&quot;:&quot;classic&quot;}\">\n\t\t\t\t\t<div class=\"e-con-inner\">\n\t\t<div class=\"elementor-element elementor-element-d212998 e-con-full e-flex e-con e-child\" data-id=\"d212998\" data-element_type=\"container\" data-e-type=\"container\">\n\t\t\t\t<div class=\"elementor-element elementor-element-973e9ce elementor-widget elementor-widget-heading\" data-id=\"973e9ce\" data-element_type=\"widget\" data-e-type=\"widget\" data-widget_type=\"heading.default\">\n\t\t\t\t<div class=\"elementor-widget-container\">\n\t\t\t\t\t<h2 class=\"elementor-heading-title elementor-size-default\">Pol\u00edtica de Cookies<\/h2>\t\t\t\t<\/div>\n\t\t\t\t<\/div>\n\t\t\t\t<\/div>\n\t\t\t\t\t<\/div>\n\t\t\t\t<\/div>\n\t\t<div class=\"elementor-element elementor-element-504b4f4d e-flex e-con-boxed e-con e-parent\" data-id=\"504b4f4d\" data-element_type=\"container\" data-e-type=\"container\">\n\t\t\t\t\t<div class=\"e-con-inner\">\n\t\t\t\t<div class=\"elementor-element elementor-element-36706845 elementor-widget elementor-widget-text-editor\" data-id=\"36706845\" data-element_type=\"widget\" data-e-type=\"widget\" data-widget_type=\"text-editor.default\">\n\t\t\t\t<div class=\"elementor-widget-container\">\n\t\t\t\t\t\t\t\t\t\n<p>Esta Pol\u00edtica de Cookies foi atualizada pela \u00faltima vez em 8 de janeiro de 2024 e se aplica a cidad\u00e3os e residentes legais permanentes do Espa\u00e7o Econ\u00f4mico Europeu e da Su\u00ed\u00e7a.<\/p>\n\n<p><strong>1. Introdu\u00e7\u00e3o<\/strong><\/p>\n\n<p>Nosso site, <a href=\"https:\/\/rosanacl.com\/pt\/\">https:\/\/rosanacl.com\/<\/a> (doravante: &quot;o site&quot;) utiliza cookies e outras tecnologias relacionadas (por conveni\u00eancia, todas as tecnologias s\u00e3o denominadas &quot;cookies&quot;). Os cookies tamb\u00e9m s\u00e3o inseridos por terceiros contratados por n\u00f3s. O documento a seguir informa sobre o uso de cookies em nosso site.<\/p>\n\n<p><strong>2. O que s\u00e3o cookies?<\/strong><\/p>\n\n<p>Um cookie \u00e9 um pequeno arquivo enviado junto com as p\u00e1ginas deste site e armazenado pelo seu navegador no disco r\u00edgido do seu computador ou outro dispositivo. As informa\u00e7\u00f5es armazenadas podem ser enviadas de volta aos nossos servidores ou a servidores de terceiros apropriados durante uma visita subsequente.<\/p>\n\n<p><strong>3. O que s\u00e3o scripts?<\/strong><\/p>\n\n<p>Um script \u00e9 um peda\u00e7o de c\u00f3digo de programa usado para fazer nosso site funcionar corretamente e de forma interativa. Esse c\u00f3digo \u00e9 executado em nosso servidor ou no seu dispositivo.<\/p>\n\n<p><strong>4. O que \u00e9 um web beacon?<\/strong><\/p>\n\n<p>Um web beacon (ou pixel tag) \u00e9 um pequeno texto ou imagem invis\u00edvel em um site, usado para monitorar o tr\u00e1fego do site. Para isso, diversos dados sobre voc\u00ea s\u00e3o armazenados usando esses web beacons.<\/p>\n\n<p><strong>5. Biscoitos<\/strong><\/p>\n\n<p><strong>5.1 Cookies t\u00e9cnicos ou funcionais<\/strong><\/p>\n\n<p>Alguns cookies garantem o funcionamento adequado de determinadas partes do site e que suas prefer\u00eancias de usu\u00e1rio permane\u00e7am conhecidas. Ao inserir cookies funcionais, facilitamos sua visita ao nosso site. Dessa forma, voc\u00ea n\u00e3o precisa inserir repetidamente as mesmas informa\u00e7\u00f5es ao visitar nosso site e, por exemplo, os itens permanecem no seu carrinho de compras at\u00e9 que voc\u00ea conclua a compra. Podemos inserir esses cookies sem o seu consentimento.<\/p>\n\n<p><strong>5.2 Cookies de marketing\/rastreamento<\/strong><\/p>\n\n<p>Cookies de marketing\/rastreamento s\u00e3o cookies ou outras formas de armazenamento local usados para criar perfis de usu\u00e1rios com a finalidade de exibir publicidade ou rastrear usu\u00e1rios neste site ou em v\u00e1rios sites para fins de marketing semelhantes.<\/p>\n\n<p><strong>6. Cookies utilizados<\/strong><\/p>\n\n<ul class=\"wp-block-list\">\n<li>Elementor \u2013 Estat\u00edsticas (an\u00f4nimo)<\/li>\n<li>Consentimento para o servi\u00e7o elementor<\/li>\n<li>WordPress \u2013 Funcional<\/li>\n<li>Consentimento para o servi\u00e7o WordPress<\/li>\n<li>V\u00e1rios \u2013 Finalidade pendente de investiga\u00e7\u00e3o<\/li>\n<li>Consentimento para prestar servi\u00e7os diversos<\/li>\n<\/ul>\n\n<p><strong>7. Consent<\/strong><\/p>\n\n<p>Ao visitar nosso site pela primeira vez, exibiremos um pop-up com uma explica\u00e7\u00e3o sobre cookies. Ao clicar em &quot;Salvar prefer\u00eancias&quot;, voc\u00ea concorda que utilizemos as categorias de cookies e plugins que voc\u00ea selecionou no pop-up, conforme descrito nesta pol\u00edtica de cookies. Voc\u00ea pode desativar o uso de cookies atrav\u00e9s do seu navegador, mas observe que nosso site pode n\u00e3o funcionar corretamente.<\/p>\n\n<p><strong>7.1 Gerenciar suas configura\u00e7\u00f5es de consentimento<\/strong><\/p>\n\n<ul class=\"wp-block-list\">\n<li>Funcional \u2013 Sempre ativo<\/li>\n<li>Marketing \u2013 Marketing<\/li>\n<\/ul>\n\n<p><strong>8. Ativa\u00e7\u00e3o\/desativa\u00e7\u00e3o e exclus\u00e3o de cookies<\/strong><\/p>\n\n<p>Voc\u00ea pode usar seu navegador de internet para excluir cookies autom\u00e1tica ou manualmente. Voc\u00ea tamb\u00e9m pode especificar que determinados cookies n\u00e3o sejam inseridos. Outra op\u00e7\u00e3o \u00e9 alterar as configura\u00e7\u00f5es do seu navegador de internet para que voc\u00ea receba uma mensagem sempre que um cookie for inserido. Para obter mais informa\u00e7\u00f5es sobre essas op\u00e7\u00f5es, consulte as instru\u00e7\u00f5es na se\u00e7\u00e3o &quot;Ajuda&quot; do seu navegador.<\/p>\n\n<p>Observe que nosso site pode n\u00e3o funcionar corretamente se todos os cookies estiverem desativados. Se voc\u00ea excluir os cookies do seu navegador, eles ser\u00e3o inseridos novamente ap\u00f3s o seu consentimento quando voc\u00ea visitar nossos sites novamente.<\/p>\n\n<p><strong>9. Seus direitos em rela\u00e7\u00e3o aos dados pessoais<\/strong><\/p>\n\n<ul class=\"wp-block-list\">\n<li>Voc\u00ea tem o direito de saber por que seus dados pessoais s\u00e3o necess\u00e1rios, o que acontecer\u00e1 com eles e por quanto tempo ser\u00e3o retidos.<\/li>\n<li>Direito de acesso: Voc\u00ea tem o direito de acessar seus dados pessoais que conhecemos.<\/li>\n<li>Direito de retifica\u00e7\u00e3o: Voc\u00ea tem o direito de completar, retificar, excluir ou bloquear seus dados pessoais sempre que desejar.<\/li>\n<li>Se voc\u00ea nos der seu consentimento para processar seus dados, voc\u00ea tem o direito de revogar esse consentimento e ter seus dados pessoais exclu\u00eddos.<\/li>\n<li>Direito de transferir seus dados: Voc\u00ea tem o direito de solicitar todos os seus dados pessoais ao controlador de dados e transferi-los integralmente para outro controlador de dados.<\/li>\n<li>Direito de obje\u00e7\u00e3o: Voc\u00ea pode se opor ao processamento dos seus dados. Cumpriremos essa disposi\u00e7\u00e3o, a menos que haja motivos justificados para o processamento.<\/li>\n<\/ul>\n\n<p>Para exercer esses direitos, entre em contato conosco. Consulte os detalhes de contato na parte inferior desta pol\u00edtica de cookies. Se tiver alguma reclama\u00e7\u00e3o sobre a forma como lidamos com seus dados, gostar\u00edamos de ouvi-la, mas voc\u00ea tamb\u00e9m tem o direito de apresentar uma reclama\u00e7\u00e3o \u00e0 autoridade supervisora (a Autoridade de Prote\u00e7\u00e3o de Dados).<\/p>\n\n<p><strong>10. Informa\u00e7\u00f5es de contato<\/strong><\/p>\n\n<p>Para perguntas e\/ou coment\u00e1rios sobre nossa pol\u00edtica de cookies e esta declara\u00e7\u00e3o, entre em contato conosco usando as seguintes informa\u00e7\u00f5es de contato:<\/p>\n\n<ul class=\"wp-block-list\">\n<li>Empresa: Pablo Angulo Maspons<\/li>\n<li>Popula\u00e7\u00e3o: Vinaroz, Espanha<\/li>\n<li>Telefone: 613395013<\/li>\n<li>Correspond\u00eancia:<a href=\"mailto:info@rosanacl.com\"> info@rosanacl.com<\/a>\u00a0<\/li>\n<\/ul>\n\n<p>Esta pol\u00edtica de cookies foi sincronizada com <a href=\"https:\/\/cookiedatabase.org\">cookiedatabase.org<\/a> em 01\/08\/2024.<\/p>\n\n<p>\u00a0<\/p>\t\t\t\t\t\t\t\t<\/div>\n\t\t\t\t<\/div>\n\t\t\t\t\t<\/div>\n\t\t\t\t<\/div>\n\t\t\t\t<\/div>","protected":false},"excerpt":{"rendered":"<p>Esta pol\u00edtica de cookies fue actualizada por \u00faltima vez el 08\/01\/2024 y se aplica a los ciudadanos y residentes legales permanentes del Espacio Econ\u00f3mico Europeo y Suiza. 1. Introducci\u00f3n Nuestra web, https:\/\/rosanacl.com\/ (en adelante: \u00abla web\u00bb) utiliza cookies y otras tecnolog\u00edas relacionadas (para mayor comodidad, todas las tecnolog\u00edas se denominan \u00abcookies\u00bb). Las cookies tambi\u00e9n son [&hellip;]<\/p>\n","protected":false},"author":1,"featured_media":0,"parent":0,"menu_order":0,"comment_status":"closed","ping_status":"closed","template":"","meta":{"content-type":"","footnotes":""},"class_list":["post-16","page","type-page","status-publish","hentry"],"yoast_head":"<!-- This site is optimized with the Yoast SEO plugin v27.4 - https:\/\/yoast.com\/product\/yoast-seo-wordpress\/ -->\n<title>Pol\u00edtica de Cookies - Rosana CL<\/title>\n<meta name=\"robots\" content=\"index, follow, max-snippet:-1, max-image-preview:large, max-video-preview:-1\" \/>\n<link rel=\"canonical\" href=\"https:\/\/rosanacl.com\/pt\/politica-de-cookies\/\" \/>\n<meta property=\"og:locale\" content=\"pt_PT\" \/>\n<meta property=\"og:type\" content=\"article\" \/>\n<meta property=\"og:title\" content=\"Pol\u00edtica de Cookies - Rosana CL\" \/>\n<meta property=\"og:description\" content=\"Esta pol\u00edtica de cookies fue actualizada por \u00faltima vez el 08\/01\/2024 y se aplica a los ciudadanos y residentes legales permanentes del Espacio Econ\u00f3mico Europeo y Suiza. 1. Introducci\u00f3n Nuestra web, https:\/\/rosanacl.com\/ (en adelante: \u00abla web\u00bb) utiliza cookies y otras tecnolog\u00edas relacionadas (para mayor comodidad, todas las tecnolog\u00edas se denominan \u00abcookies\u00bb). Las cookies tambi\u00e9n son [&hellip;]\" \/>\n<meta property=\"og:url\" content=\"https:\/\/rosanacl.com\/pt\/politica-de-cookies\/\" \/>\n<meta property=\"og:site_name\" content=\"Rosana CL\" \/>\n<meta property=\"article:modified_time\" content=\"2025-07-09T06:54:15+00:00\" \/>\n<meta name=\"twitter:card\" content=\"summary_large_image\" \/>\n<meta name=\"twitter:label1\" content=\"Tempo estimado de leitura\" \/>\n\t<meta name=\"twitter:data1\" content=\"4 minutos\" \/>\n<script type=\"application\/ld+json\" class=\"yoast-schema-graph\">{\"@context\":\"https:\\\/\\\/schema.org\",\"@graph\":[{\"@type\":\"WebPage\",\"@id\":\"https:\\\/\\\/rosanacl.com\\\/eu\\\/politica-de-cookies\\\/\",\"url\":\"https:\\\/\\\/rosanacl.com\\\/eu\\\/politica-de-cookies\\\/\",\"name\":\"Pol\u00edtica de Cookies - Rosana CL\",\"isPartOf\":{\"@id\":\"https:\\\/\\\/rosanacl.com\\\/ca\\\/#website\"},\"datePublished\":\"2025-03-28T18:59:16+00:00\",\"dateModified\":\"2025-07-09T06:54:15+00:00\",\"breadcrumb\":{\"@id\":\"https:\\\/\\\/rosanacl.com\\\/eu\\\/politica-de-cookies\\\/#breadcrumb\"},\"inLanguage\":\"pt-PT\",\"potentialAction\":[{\"@type\":\"ReadAction\",\"target\":[\"https:\\\/\\\/rosanacl.com\\\/eu\\\/politica-de-cookies\\\/\"]}]},{\"@type\":\"BreadcrumbList\",\"@id\":\"https:\\\/\\\/rosanacl.com\\\/eu\\\/politica-de-cookies\\\/#breadcrumb\",\"itemListElement\":[{\"@type\":\"ListItem\",\"position\":1,\"name\":\"Portada\",\"item\":\"https:\\\/\\\/rosanacl.com\\\/ca\\\/\"},{\"@type\":\"ListItem\",\"position\":2,\"name\":\"Pol\u00edtica de Cookies\"}]},{\"@type\":\"WebSite\",\"@id\":\"https:\\\/\\\/rosanacl.com\\\/ca\\\/#website\",\"url\":\"https:\\\/\\\/rosanacl.com\\\/ca\\\/\",\"name\":\"Rosana CL\",\"description\":\"Somos tu interior\",\"potentialAction\":[{\"@type\":\"SearchAction\",\"target\":{\"@type\":\"EntryPoint\",\"urlTemplate\":\"https:\\\/\\\/rosanacl.com\\\/ca\\\/?s={search_term_string}\"},\"query-input\":{\"@type\":\"PropertyValueSpecification\",\"valueRequired\":true,\"valueName\":\"search_term_string\"}}],\"inLanguage\":\"pt-PT\"}]}<\/script>\n<!-- \/ Yoast SEO plugin. -->","yoast_head_json":{"title":"Pol\u00edtica de Cookies - Rosana CL","robots":{"index":"index","follow":"follow","max-snippet":"max-snippet:-1","max-image-preview":"max-image-preview:large","max-video-preview":"max-video-preview:-1"},"canonical":"https:\/\/rosanacl.com\/pt\/politica-de-cookies\/","og_locale":"pt_PT","og_type":"article","og_title":"Pol\u00edtica de Cookies - Rosana CL","og_description":"Esta pol\u00edtica de cookies fue actualizada por \u00faltima vez el 08\/01\/2024 y se aplica a los ciudadanos y residentes legales permanentes del Espacio Econ\u00f3mico Europeo y Suiza. 1. Introducci\u00f3n Nuestra web, https:\/\/rosanacl.com\/ (en adelante: \u00abla web\u00bb) utiliza cookies y otras tecnolog\u00edas relacionadas (para mayor comodidad, todas las tecnolog\u00edas se denominan \u00abcookies\u00bb). Las cookies tambi\u00e9n son [&hellip;]","og_url":"https:\/\/rosanacl.com\/pt\/politica-de-cookies\/","og_site_name":"Rosana CL","article_modified_time":"2025-07-09T06:54:15+00:00","twitter_card":"summary_large_image","twitter_misc":{"Tempo estimado de leitura":"4 minutos"},"schema":{"@context":"https:\/\/schema.org","@graph":[{"@type":"WebPage","@id":"https:\/\/rosanacl.com\/eu\/politica-de-cookies\/","url":"https:\/\/rosanacl.com\/eu\/politica-de-cookies\/","name":"Pol\u00edtica de Cookies - Rosana CL","isPartOf":{"@id":"https:\/\/rosanacl.com\/ca\/#website"},"datePublished":"2025-03-28T18:59:16+00:00","dateModified":"2025-07-09T06:54:15+00:00","breadcrumb":{"@id":"https:\/\/rosanacl.com\/eu\/politica-de-cookies\/#breadcrumb"},"inLanguage":"pt-PT","potentialAction":[{"@type":"ReadAction","target":["https:\/\/rosanacl.com\/eu\/politica-de-cookies\/"]}]},{"@type":"BreadcrumbList","@id":"https:\/\/rosanacl.com\/eu\/politica-de-cookies\/#breadcrumb","itemListElement":[{"@type":"ListItem","position":1,"name":"Portada","item":"https:\/\/rosanacl.com\/ca\/"},{"@type":"ListItem","position":2,"name":"Pol\u00edtica de Cookies"}]},{"@type":"WebSite","@id":"https:\/\/rosanacl.com\/ca\/#website","url":"https:\/\/rosanacl.com\/ca\/","name":"Rosana CL","description":"N\u00f3s somos o seu interior","potentialAction":[{"@type":"SearchAction","target":{"@type":"EntryPoint","urlTemplate":"https:\/\/rosanacl.com\/ca\/?s={search_term_string}"},"query-input":{"@type":"PropertyValueSpecification","valueRequired":true,"valueName":"search_term_string"}}],"inLanguage":"pt-PT"}]}},"_links":{"self":[{"href":"https:\/\/rosanacl.com\/pt\/wp-json\/wp\/v2\/pages\/16","targetHints":{"allow":["GET"]}}],"collection":[{"href":"https:\/\/rosanacl.com\/pt\/wp-json\/wp\/v2\/pages"}],"about":[{"href":"https:\/\/rosanacl.com\/pt\/wp-json\/wp\/v2\/types\/page"}],"author":[{"embeddable":true,"href":"https:\/\/rosanacl.com\/pt\/wp-json\/wp\/v2\/users\/1"}],"replies":[{"embeddable":true,"href":"https:\/\/rosanacl.com\/pt\/wp-json\/wp\/v2\/comments?post=16"}],"version-history":[{"count":0,"href":"https:\/\/rosanacl.com\/pt\/wp-json\/wp\/v2\/pages\/16\/revisions"}],"wp:attachment":[{"href":"https:\/\/rosanacl.com\/pt\/wp-json\/wp\/v2\/media?parent=16"}],"curies":[{"name":"wp","href":"https:\/\/api.w.org\/{rel}","templated":true}]}}