{"id":18,"date":"2025-03-28T16:03:06","date_gmt":"2025-03-28T19:03:06","guid":{"rendered":"https:\/\/innovacon.simplificandotuweb.com\/?page_id=18"},"modified":"2025-08-01T14:33:36","modified_gmt":"2025-08-01T12:33:36","slug":"aviso-legal","status":"publish","type":"page","link":"https:\/\/rosanacl.com\/pt\/aviso-legal\/","title":{"rendered":"Aviso Legal"},"content":{"rendered":"<div data-elementor-type=\"wp-page\" data-elementor-id=\"18\" class=\"elementor elementor-18\" data-elementor-post-type=\"page\">\n\t\t\t\t<div class=\"elementor-element elementor-element-1f18319 e-flex e-con-boxed e-con e-parent\" data-id=\"1f18319\" data-element_type=\"container\" data-e-type=\"container\" data-settings=\"{&quot;background_background&quot;:&quot;classic&quot;}\">\n\t\t\t\t\t<div class=\"e-con-inner\">\n\t\t<div class=\"elementor-element elementor-element-c2acaab e-con-full e-flex e-con e-child\" data-id=\"c2acaab\" data-element_type=\"container\" data-e-type=\"container\">\n\t\t\t\t<div class=\"elementor-element elementor-element-6f29856 elementor-widget elementor-widget-heading\" data-id=\"6f29856\" data-element_type=\"widget\" data-e-type=\"widget\" data-widget_type=\"heading.default\">\n\t\t\t\t<div class=\"elementor-widget-container\">\n\t\t\t\t\t<h2 class=\"elementor-heading-title elementor-size-default\">Aviso Legal<\/h2>\t\t\t\t<\/div>\n\t\t\t\t<\/div>\n\t\t\t\t<\/div>\n\t\t\t\t\t<\/div>\n\t\t\t\t<\/div>\n\t\t<div class=\"elementor-element elementor-element-7b2ac5e6 e-flex e-con-boxed e-con e-parent\" data-id=\"7b2ac5e6\" data-element_type=\"container\" data-e-type=\"container\">\n\t\t\t\t\t<div class=\"e-con-inner\">\n\t\t\t\t<div class=\"elementor-element elementor-element-2e23d7df elementor-widget elementor-widget-text-editor\" data-id=\"2e23d7df\" data-element_type=\"widget\" data-e-type=\"widget\" data-widget_type=\"text-editor.default\">\n\t\t\t\t<div class=\"elementor-widget-container\">\n\t\t\t\t\t\t\t\t\t\n<p><strong>Controlador de dados<\/strong><\/p>\n\n<p>Em cumprimento do dever de informa\u00e7\u00e3o estabelecido pela Lei 34\/2002, de 11 de julho, de Servi\u00e7os da Sociedade da Informa\u00e7\u00e3o e Com\u00e9rcio Eletr\u00f4nico, informamos que este site \u00e9 propriedade de:<\/p>\n\n<ul class=\"wp-block-list\">\n<li>Empresa: Pablo Angulo Maspons<\/li>\n<li>NIF: 73394866A<\/li>\n<li>Popula\u00e7\u00e3o: Vinaroz, Espanha<\/li>\n<li>Telefone: 613395013<\/li>\n<li>Correspond\u00eancia: <a href=\"mailto:info@rosanacl.com\">info@rosanacl.com<\/a><a href=\"mailto:info@rosanacl.com\">\u00a0<\/a><\/li>\n<\/ul>\n\n<p><strong>Objeto<\/strong><\/p>\n\n<p>O Controlador disponibiliza este documento aos usu\u00e1rios com o objetivo de cumprir com as disposi\u00e7\u00f5es da regulamenta\u00e7\u00e3o vigente sobre prote\u00e7\u00e3o de dados e no contexto do novo quadro regulat\u00f3rio estabelecido em virtude das disposi\u00e7\u00f5es do Regulamento (UE) 2016\/679 do Parlamento Europeu e do Conselho, de 27 de abril de 2016, relativo \u00e0 prote\u00e7\u00e3o das pessoas singulares no que diz respeito ao tratamento de dados pessoais e \u00e0 livre circula\u00e7\u00e3o desses dados (doravante, o &quot;RGPD&quot;), e das regulamenta\u00e7\u00f5es nacionais sobre prote\u00e7\u00e3o de dados pessoais, bem como para informar todos os usu\u00e1rios do site sobre as condi\u00e7\u00f5es de utiliza\u00e7\u00e3o do mesmo. Qualquer pessoa que acesse este site assume o papel de usu\u00e1rio, comprometendo-se \u00e0 observ\u00e2ncia e ao estrito cumprimento das disposi\u00e7\u00f5es aqui estabelecidas, bem como de quaisquer outras disposi\u00e7\u00f5es legais aplic\u00e1veis. O Controlador reserva-se o direito de modificar qualquer tipo de informa\u00e7\u00e3o que possa aparecer no site, sem qualquer obriga\u00e7\u00e3o de notificar ou informar os usu\u00e1rios sobre essas obriga\u00e7\u00f5es, sendo considerada suficiente a publica\u00e7\u00e3o no site do Controlador.<\/p>\n\n<p><strong>Responsabilidade<\/strong><\/p>\n\n<p>O Controlador se isenta de qualquer responsabilidade decorrente das informa\u00e7\u00f5es publicadas em seu site, desde que essas informa\u00e7\u00f5es tenham sido manipuladas ou inseridas por um terceiro que n\u00e3o o Controlador.<\/p>\n\n<p><strong>Endere\u00e7os IP<\/strong><\/p>\n\n<p>Os servidores do site detectar\u00e3o automaticamente o endere\u00e7o IP e o nome de dom\u00ednio utilizados pelo usu\u00e1rio. Um endere\u00e7o IP \u00e9 um n\u00famero atribu\u00eddo automaticamente a um computador quando ele se conecta \u00e0 internet. Todas essas informa\u00e7\u00f5es s\u00e3o registradas em um log de atividades do servidor devidamente registrado, o que permite o processamento subsequente dos dados para obter medi\u00e7\u00f5es puramente estat\u00edsticas, como o n\u00famero de impress\u00f5es de p\u00e1ginas, o n\u00famero de visitas aos servidores web, a ordem das visitas, o ponto de acesso, etc.<\/p>\n\n<p><strong>Pol\u00edtica de Links<\/strong><\/p>\n\n<p>A partir deste site, voc\u00ea poder\u00e1 ser redirecionado para conte\u00fado em sites de terceiros. Como o Controlador nem sempre pode controlar o conte\u00fado publicado por terceiros em seus sites, ele n\u00e3o assume nenhuma responsabilidade por tal conte\u00fado. Em qualquer caso, o Controlador declara que remover\u00e1 imediatamente qualquer conte\u00fado que possa violar a legisla\u00e7\u00e3o nacional ou internacional, a moral ou a ordem p\u00fablica, e remover\u00e1 imediatamente o redirecionamento para este site e notificar\u00e1 as autoridades competentes sobre o conte\u00fado em quest\u00e3o. O Controlador n\u00e3o \u00e9 respons\u00e1vel pelas informa\u00e7\u00f5es e conte\u00fados armazenados, incluindo, mas n\u00e3o se limitando a, f\u00f3runs, chats, geradores de blogs, coment\u00e1rios, redes sociais ou quaisquer outros meios que permitam que terceiros publiquem conte\u00fado de forma independente no site do Controlador. No entanto, e em conformidade com o disposto no art. 11 e 16 da LSSICE (Lei Espanhola de Servi\u00e7os da Sociedade da Informa\u00e7\u00e3o), o Controlador se coloca \u00e0 disposi\u00e7\u00e3o de todos os usu\u00e1rios, autoridades e for\u00e7as de seguran\u00e7a, colaborando ativamente na remo\u00e7\u00e3o ou, quando apropriado, no bloqueio de todo conte\u00fado que possa afetar ou violar a legisla\u00e7\u00e3o nacional ou internacional, os direitos de terceiros ou a moral e a ordem p\u00fablica. Caso o usu\u00e1rio acredite que haja algum conte\u00fado no site que possa ser classificado como tal, notifique o administrador do site imediatamente. Este site foi revisado e testado para garantir o funcionamento adequado. Em princ\u00edpio, o funcionamento adequado pode ser garantido 365 dias por ano, 24 horas por dia. No entanto, o Controlador n\u00e3o descarta a possibilidade de erros de programa\u00e7\u00e3o, nem a possibilidade de que estes possam se tornar causas de for\u00e7a maior, desastres naturais, greves ou circunst\u00e2ncias semelhantes que impossibilitem o acesso ao site.<\/p>\n\n<p><strong>Prote\u00e7\u00e3o de dados<\/strong><\/p>\n\n<p>O Respons\u00e1vel pelo Tratamento est\u00e1 profundamente empenhado em cumprir as disposi\u00e7\u00f5es da regulamenta\u00e7\u00e3o vigente em mat\u00e9ria de prote\u00e7\u00e3o de dados, bem como no contexto do novo quadro regulamentar estabelecido em virtude das disposi\u00e7\u00f5es do Regulamento (UE) 2016\/679 do Parlamento Europeu e do Conselho, de 27 de abril de 2016, relativo \u00e0 prote\u00e7\u00e3o das pessoas singulares no que diz respeito ao tratamento de dados pessoais e \u00e0 livre circula\u00e7\u00e3o desses dados (doravante, o RGPD), e da regulamenta\u00e7\u00e3o nacional em mat\u00e9ria de prote\u00e7\u00e3o de dados pessoais. Da mesma forma, o Respons\u00e1vel pelo Tratamento informa que cumpre a Lei 34\/2002, de 11 de julho, de Servi\u00e7os da Sociedade da Informa\u00e7\u00e3o e Com\u00e9rcio Eletr\u00f3nico, e solicitar\u00e1 o seu consentimento para o tratamento dos seus dados para fins comerciais em qualquer momento.<\/p>\n\n<p><strong>Propriedade intelectual e industrial<\/strong><\/p>\n\n<p>O site, incluindo, entre outros, sua programa\u00e7\u00e3o, edi\u00e7\u00e3o, compila\u00e7\u00e3o e outros elementos necess\u00e1rios ao seu funcionamento, designs, logotipos, textos e\/ou gr\u00e1ficos, s\u00e3o propriedade do Controlador de Dados ou, quando aplic\u00e1vel, possuem licen\u00e7a ou autoriza\u00e7\u00e3o expressa dos autores. Todo o conte\u00fado do site est\u00e1 devidamente protegido pelas normas de propriedade intelectual e industrial. Independentemente da finalidade pretendida, a reprodu\u00e7\u00e3o, utiliza\u00e7\u00e3o, explora\u00e7\u00e3o, distribui\u00e7\u00e3o e comercializa\u00e7\u00e3o, total ou parcial, requerem sempre autoriza\u00e7\u00e3o pr\u00e9via por escrito do Controlador de Dados. Qualquer utiliza\u00e7\u00e3o n\u00e3o previamente autorizada pelo Controlador de Dados ser\u00e1 considerada uma viola\u00e7\u00e3o grave dos direitos de propriedade intelectual ou industrial do autor. Os designs, logotipos, textos e\/ou gr\u00e1ficos que n\u00e3o perten\u00e7am ao credor e que possam aparecer no site pertencem aos seus respetivos propriet\u00e1rios, que s\u00e3o respons\u00e1veis por quaisquer potenciais lit\u00edgios que possam surgir em rela\u00e7\u00e3o aos mesmos. Em qualquer caso, o Controlador de Dados tem a sua autoriza\u00e7\u00e3o pr\u00e9via expressa. O Controlador autoriza expressamente terceiros a redirecionar diretamente para conte\u00fado espec\u00edfico do site e, em todos os casos, estes devem redirecionar para a p\u00e1gina inicial do Controlador. O Controlador reconhece os correspondentes direitos de propriedade intelectual e industrial de seus titulares, e sua mera men\u00e7\u00e3o ou apari\u00e7\u00e3o no site n\u00e3o implica a exist\u00eancia de direitos ou responsabilidade do Controlador sobre esses direitos, nem implica apoio, patroc\u00ednio ou recomenda\u00e7\u00e3o por parte deles. Para todas as imagens em que o software de design permite, foram inclu\u00eddas as refer\u00eancias correspondentes \u00e0 autoria e \u00e0 licen\u00e7a correspondente. Para fazer quaisquer observa\u00e7\u00f5es sobre poss\u00edveis viola\u00e7\u00f5es de direitos de propriedade intelectual ou industrial, bem como sobre qualquer conte\u00fado do site, voc\u00ea pode faz\u00ea-lo atrav\u00e9s do seguinte endere\u00e7o de e-mail: <a href=\"mailto:info@rosanacl.com\">info@rosanacl.com<\/a><\/p>\n\n<p>\u00a0<\/p>\n\t\t\t\t\t\t\t\t<\/div>\n\t\t\t\t<\/div>\n\t\t\t\t\t<\/div>\n\t\t\t\t<\/div>\n\t\t\t\t<\/div>","protected":false},"excerpt":{"rendered":"<p>Responsable del tratamiento de los datos En cumplimiento del deber de informaci\u00f3n que establece la Ley La 34\/2002, de 11 de julio, de Servicios de la Sociedad de la Informaci\u00f3n y del Comercio Electr\u00f3nico, le comunicamos que esta web es titularidad de: Objeto El Responsable pone a disposici\u00f3n de los usuarios este documento con el [&hellip;]<\/p>\n","protected":false},"author":1,"featured_media":0,"parent":0,"menu_order":0,"comment_status":"closed","ping_status":"closed","template":"","meta":{"content-type":"","footnotes":""},"class_list":["post-18","page","type-page","status-publish","hentry"],"yoast_head":"<!-- This site is optimized with the Yoast SEO plugin v27.4 - https:\/\/yoast.com\/product\/yoast-seo-wordpress\/ -->\n<title>Aviso Legal - Rosana CL<\/title>\n<meta name=\"robots\" content=\"index, follow, max-snippet:-1, max-image-preview:large, max-video-preview:-1\" \/>\n<link rel=\"canonical\" href=\"https:\/\/rosanacl.com\/pt\/aviso-legal\/\" \/>\n<meta property=\"og:locale\" content=\"pt_PT\" \/>\n<meta property=\"og:type\" content=\"article\" \/>\n<meta property=\"og:title\" content=\"Aviso Legal - Rosana CL\" \/>\n<meta property=\"og:description\" content=\"Responsable del tratamiento de los datos En cumplimiento del deber de informaci\u00f3n que establece la Ley La 34\/2002, de 11 de julio, de Servicios de la Sociedad de la Informaci\u00f3n y del Comercio Electr\u00f3nico, le comunicamos que esta web es titularidad de: Objeto El Responsable pone a disposici\u00f3n de los usuarios este documento con el [&hellip;]\" \/>\n<meta property=\"og:url\" content=\"https:\/\/rosanacl.com\/pt\/aviso-legal\/\" \/>\n<meta property=\"og:site_name\" content=\"Rosana CL\" \/>\n<meta property=\"article:modified_time\" content=\"2025-08-01T12:33:36+00:00\" \/>\n<meta name=\"twitter:card\" content=\"summary_large_image\" \/>\n<meta name=\"twitter:label1\" content=\"Tempo estimado de leitura\" \/>\n\t<meta name=\"twitter:data1\" content=\"6 minutos\" \/>\n<script type=\"application\/ld+json\" class=\"yoast-schema-graph\">{\"@context\":\"https:\\\/\\\/schema.org\",\"@graph\":[{\"@type\":\"WebPage\",\"@id\":\"https:\\\/\\\/rosanacl.com\\\/aviso-legal\\\/\",\"url\":\"https:\\\/\\\/rosanacl.com\\\/aviso-legal\\\/\",\"name\":\"Aviso Legal - Rosana CL\",\"isPartOf\":{\"@id\":\"https:\\\/\\\/rosanacl.com\\\/ca\\\/#website\"},\"datePublished\":\"2025-03-28T19:03:06+00:00\",\"dateModified\":\"2025-08-01T12:33:36+00:00\",\"breadcrumb\":{\"@id\":\"https:\\\/\\\/rosanacl.com\\\/aviso-legal\\\/#breadcrumb\"},\"inLanguage\":\"pt-PT\",\"potentialAction\":[{\"@type\":\"ReadAction\",\"target\":[\"https:\\\/\\\/rosanacl.com\\\/aviso-legal\\\/\"]}]},{\"@type\":\"BreadcrumbList\",\"@id\":\"https:\\\/\\\/rosanacl.com\\\/aviso-legal\\\/#breadcrumb\",\"itemListElement\":[{\"@type\":\"ListItem\",\"position\":1,\"name\":\"Portada\",\"item\":\"https:\\\/\\\/rosanacl.com\\\/ca\\\/\"},{\"@type\":\"ListItem\",\"position\":2,\"name\":\"Aviso Legal\"}]},{\"@type\":\"WebSite\",\"@id\":\"https:\\\/\\\/rosanacl.com\\\/ca\\\/#website\",\"url\":\"https:\\\/\\\/rosanacl.com\\\/ca\\\/\",\"name\":\"Rosana CL\",\"description\":\"Somos tu interior\",\"potentialAction\":[{\"@type\":\"SearchAction\",\"target\":{\"@type\":\"EntryPoint\",\"urlTemplate\":\"https:\\\/\\\/rosanacl.com\\\/ca\\\/?s={search_term_string}\"},\"query-input\":{\"@type\":\"PropertyValueSpecification\",\"valueRequired\":true,\"valueName\":\"search_term_string\"}}],\"inLanguage\":\"pt-PT\"}]}<\/script>\n<!-- \/ Yoast SEO plugin. -->","yoast_head_json":{"title":"Aviso Legal - Rosana CL","robots":{"index":"index","follow":"follow","max-snippet":"max-snippet:-1","max-image-preview":"max-image-preview:large","max-video-preview":"max-video-preview:-1"},"canonical":"https:\/\/rosanacl.com\/pt\/aviso-legal\/","og_locale":"pt_PT","og_type":"article","og_title":"Aviso Legal - Rosana CL","og_description":"Responsable del tratamiento de los datos En cumplimiento del deber de informaci\u00f3n que establece la Ley La 34\/2002, de 11 de julio, de Servicios de la Sociedad de la Informaci\u00f3n y del Comercio Electr\u00f3nico, le comunicamos que esta web es titularidad de: Objeto El Responsable pone a disposici\u00f3n de los usuarios este documento con el [&hellip;]","og_url":"https:\/\/rosanacl.com\/pt\/aviso-legal\/","og_site_name":"Rosana CL","article_modified_time":"2025-08-01T12:33:36+00:00","twitter_card":"summary_large_image","twitter_misc":{"Tempo estimado de leitura":"6 minutos"},"schema":{"@context":"https:\/\/schema.org","@graph":[{"@type":"WebPage","@id":"https:\/\/rosanacl.com\/aviso-legal\/","url":"https:\/\/rosanacl.com\/aviso-legal\/","name":"Aviso Legal - Rosana CL","isPartOf":{"@id":"https:\/\/rosanacl.com\/ca\/#website"},"datePublished":"2025-03-28T19:03:06+00:00","dateModified":"2025-08-01T12:33:36+00:00","breadcrumb":{"@id":"https:\/\/rosanacl.com\/aviso-legal\/#breadcrumb"},"inLanguage":"pt-PT","potentialAction":[{"@type":"ReadAction","target":["https:\/\/rosanacl.com\/aviso-legal\/"]}]},{"@type":"BreadcrumbList","@id":"https:\/\/rosanacl.com\/aviso-legal\/#breadcrumb","itemListElement":[{"@type":"ListItem","position":1,"name":"Portada","item":"https:\/\/rosanacl.com\/ca\/"},{"@type":"ListItem","position":2,"name":"Aviso Legal"}]},{"@type":"WebSite","@id":"https:\/\/rosanacl.com\/ca\/#website","url":"https:\/\/rosanacl.com\/ca\/","name":"Rosana CL","description":"N\u00f3s somos o seu interior","potentialAction":[{"@type":"SearchAction","target":{"@type":"EntryPoint","urlTemplate":"https:\/\/rosanacl.com\/ca\/?s={search_term_string}"},"query-input":{"@type":"PropertyValueSpecification","valueRequired":true,"valueName":"search_term_string"}}],"inLanguage":"pt-PT"}]}},"_links":{"self":[{"href":"https:\/\/rosanacl.com\/pt\/wp-json\/wp\/v2\/pages\/18","targetHints":{"allow":["GET"]}}],"collection":[{"href":"https:\/\/rosanacl.com\/pt\/wp-json\/wp\/v2\/pages"}],"about":[{"href":"https:\/\/rosanacl.com\/pt\/wp-json\/wp\/v2\/types\/page"}],"author":[{"embeddable":true,"href":"https:\/\/rosanacl.com\/pt\/wp-json\/wp\/v2\/users\/1"}],"replies":[{"embeddable":true,"href":"https:\/\/rosanacl.com\/pt\/wp-json\/wp\/v2\/comments?post=18"}],"version-history":[{"count":0,"href":"https:\/\/rosanacl.com\/pt\/wp-json\/wp\/v2\/pages\/18\/revisions"}],"wp:attachment":[{"href":"https:\/\/rosanacl.com\/pt\/wp-json\/wp\/v2\/media?parent=18"}],"curies":[{"name":"wp","href":"https:\/\/api.w.org\/{rel}","templated":true}]}}