{"id":2668,"date":"2025-07-09T09:55:57","date_gmt":"2025-07-09T07:55:57","guid":{"rendered":"https:\/\/rosanacl.com\/?page_id=2668"},"modified":"2025-07-11T11:06:31","modified_gmt":"2025-07-11T09:06:31","slug":"metodos-de-pago","status":"publish","type":"page","link":"https:\/\/rosanacl.com\/pt\/metodos-de-pago\/","title":{"rendered":"M\u00e9todos de Pagamento"},"content":{"rendered":"<div data-elementor-type=\"wp-page\" data-elementor-id=\"2668\" class=\"elementor elementor-2668\" data-elementor-post-type=\"page\">\n\t\t\t\t<div class=\"elementor-element elementor-element-7a0b207 e-flex e-con-boxed e-con e-parent\" data-id=\"7a0b207\" data-element_type=\"container\" data-e-type=\"container\" data-settings=\"{&quot;background_background&quot;:&quot;classic&quot;}\">\n\t\t\t\t\t<div class=\"e-con-inner\">\n\t\t<div class=\"elementor-element elementor-element-2fcf4bc e-con-full e-flex e-con e-child\" data-id=\"2fcf4bc\" data-element_type=\"container\" data-e-type=\"container\">\n\t\t\t\t<div class=\"elementor-element elementor-element-d10b990 elementor-widget elementor-widget-heading\" data-id=\"d10b990\" data-element_type=\"widget\" data-e-type=\"widget\" data-widget_type=\"heading.default\">\n\t\t\t\t<div class=\"elementor-widget-container\">\n\t\t\t\t\t<h2 class=\"elementor-heading-title elementor-size-default\">M\u00e9todos de Pagamento<\/h2>\t\t\t\t<\/div>\n\t\t\t\t<\/div>\n\t\t\t\t<\/div>\n\t\t\t\t\t<\/div>\n\t\t\t\t<\/div>\n\t\t<div class=\"elementor-element elementor-element-eca30f2 e-flex e-con-boxed e-con e-parent\" data-id=\"eca30f2\" data-element_type=\"container\" data-e-type=\"container\">\n\t\t\t\t\t<div class=\"e-con-inner\">\n\t\t\t\t<div class=\"elementor-element elementor-element-8328658 elementor-widget elementor-widget-text-editor\" data-id=\"8328658\" data-element_type=\"widget\" data-e-type=\"widget\" data-widget_type=\"text-editor.default\">\n\t\t\t\t<div class=\"elementor-widget-container\">\n\t\t\t\t\t\t\t\t\t<div><p><strong>M\u00e9todos de Pagamento<\/strong><\/p><p data-start=\"194\" data-end=\"355\">Na Rosana CL, temos o compromisso de oferecer a voc\u00ea uma experi\u00eancia de compra segura, r\u00e1pida e conveniente. Para isso, oferecemos os seguintes m\u00e9todos de pagamento:<\/p><p data-start=\"357\" data-end=\"405\"><strong>1. Cart\u00e3o de cr\u00e9dito ou d\u00e9bito (PDV virtual)<\/strong><\/p><p data-start=\"406\" data-end=\"545\">Voc\u00ea pode efetuar seus pagamentos com seguran\u00e7a atrav\u00e9s do nosso gateway de pagamento (PDV Virtual). Aceitamos a maioria dos cart\u00f5es, incluindo:<\/p><ul data-start=\"547\" data-end=\"633\"><li data-start=\"547\" data-end=\"555\"><p data-start=\"549\" data-end=\"555\">Visa<\/p><\/li><li data-start=\"556\" data-end=\"570\"><p data-start=\"558\" data-end=\"570\">MasterCard<\/p><\/li><li data-start=\"571\" data-end=\"582\"><p data-start=\"573\" data-end=\"582\">Professor<\/p><\/li><li data-start=\"583\" data-end=\"633\"><p data-start=\"585\" data-end=\"633\">American Express<\/p><\/li><\/ul><p data-start=\"585\" data-end=\"633\">Todas as transa\u00e7\u00f5es s\u00e3o feitas por meio de uma conex\u00e3o segura (SSL) e nunca armazenamos os detalhes do seu cart\u00e3o.<\/p><p data-start=\"765\" data-end=\"777\"><strong>2. Bizum<\/strong><\/p><p data-start=\"778\" data-end=\"899\">Voc\u00ea tamb\u00e9m pode pagar convenientemente pelo seu celular com o Bizum. Basta ativar o Bizum no seu aplicativo banc\u00e1rio.<\/p><p data-start=\"901\" data-end=\"927\"><strong data-start=\"901\" data-end=\"927\">Como pagar com Bizum?<\/strong><\/p><ol data-start=\"928\" data-end=\"1087\"><li data-start=\"928\" data-end=\"982\"><p data-start=\"931\" data-end=\"982\">Selecione &quot;Pagar com Bizum&quot; ao concluir seu pedido.<\/p><\/li><li data-start=\"983\" data-end=\"1035\"><p data-start=\"986\" data-end=\"1035\">Digite seu n\u00famero de telefone associado ao Bizum.<\/p><\/li><li data-start=\"1036\" data-end=\"1087\"><p data-start=\"1039\" data-end=\"1087\">Valide a transa\u00e7\u00e3o atrav\u00e9s do seu aplicativo banc\u00e1rio.<\/p><\/li><\/ol><p data-start=\"1089\" data-end=\"1142\">\u00c9 um m\u00e9todo r\u00e1pido, seguro e sem comiss\u00e3o para voc\u00ea.<\/p><p data-start=\"1089\" data-end=\"1142\"><strong>3. Transfer\u00eancia banc\u00e1ria<\/strong><\/p><p data-start=\"1007\" data-end=\"1090\">Voc\u00ea tamb\u00e9m pode pagar por transfer\u00eancia banc\u00e1ria ou dep\u00f3sito direto em sua conta.<\/p><p data-start=\"1092\" data-end=\"1110\"><strong data-start=\"1092\" data-end=\"1110\">Como fazer isso?<\/strong><\/p><ol data-start=\"1111\" data-end=\"1413\"><li data-start=\"1111\" data-end=\"1216\"><p data-start=\"1114\" data-end=\"1216\">Ao selecionar esta op\u00e7\u00e3o, voc\u00ea receber\u00e1 nossos dados banc\u00e1rios junto com a confirma\u00e7\u00e3o do seu pedido.<\/p><\/li><li data-start=\"1217\" data-end=\"1295\"><p data-start=\"1220\" data-end=\"1295\">Por favor, indique o n\u00famero do seu pedido no assunto para facilitar a identifica\u00e7\u00e3o.<\/p><\/li><li data-start=\"1296\" data-end=\"1413\"><p data-start=\"1299\" data-end=\"1413\">O pedido ser\u00e1 processado assim que o valor for recebido na conta (isso pode levar entre 24 e 72 horas, dependendo da institui\u00e7\u00e3o).<\/p><\/li><\/ol><p data-start=\"1415\" data-end=\"1514\"><em data-start=\"1415\" data-end=\"1514\">Observe que os prazos de entrega come\u00e7ar\u00e3o ap\u00f3s a confirma\u00e7\u00e3o do pagamento.<\/em><\/p><p data-start=\"1149\" data-end=\"1178\">\u00a0<\/p><p data-start=\"1149\" data-end=\"1178\"><strong>Seguran\u00e7a de pagamento<\/strong><\/p><p data-start=\"1179\" data-end=\"1391\">Na Rosana CL, utilizamos protocolos de seguran\u00e7a avan\u00e7ados para proteger seus dados. Todas as informa\u00e7\u00f5es de pagamento s\u00e3o criptografadas e processadas por entidades banc\u00e1rias certificadas, garantindo uma compra 100% segura.<\/p><p data-start=\"1398\" data-end=\"1586\">Se precisar de mais informa\u00e7\u00f5es ou tiver d\u00favidas sobre os m\u00e9todos de pagamento, n\u00e3o hesite em nos escrever em <a href=\"mailto:info@rosanacl.com\">info@rosanacl.com<\/a> ou atrav\u00e9s do nosso formul\u00e1rio de contato.<\/p><\/div>\t\t\t\t\t\t\t\t<\/div>\n\t\t\t\t<\/div>\n\t\t\t\t\t<\/div>\n\t\t\t\t<\/div>\n\t\t\t\t<\/div>","protected":false},"excerpt":{"rendered":"<p>M\u00e9todos de Pago En Rosana CL nos comprometemos a ofrecerte una experiencia de compra segura, r\u00e1pida y c\u00f3moda. Para ello, ponemos a tu disposici\u00f3n los siguientes m\u00e9todos de pago: 1. Tarjeta de Cr\u00e9dito o D\u00e9bito (TPV Virtual) Puedes realizar tus pagos de forma segura a trav\u00e9s de nuestra pasarela de pago (TPV Virtual). Aceptamos la [&hellip;]<\/p>\n","protected":false},"author":1,"featured_media":0,"parent":0,"menu_order":0,"comment_status":"closed","ping_status":"closed","template":"","meta":{"content-type":"","footnotes":""},"class_list":["post-2668","page","type-page","status-publish","hentry"],"yoast_head":"<!-- This site is optimized with the Yoast SEO plugin v27.4 - https:\/\/yoast.com\/product\/yoast-seo-wordpress\/ -->\n<title>M\u00e9todos de Pago - Rosana CL<\/title>\n<meta name=\"robots\" content=\"index, follow, max-snippet:-1, max-image-preview:large, max-video-preview:-1\" \/>\n<link rel=\"canonical\" href=\"https:\/\/rosanacl.com\/pt\/metodos-de-pago\/\" \/>\n<meta property=\"og:locale\" content=\"pt_PT\" \/>\n<meta property=\"og:type\" content=\"article\" \/>\n<meta property=\"og:title\" content=\"M\u00e9todos de Pago - Rosana CL\" \/>\n<meta property=\"og:description\" content=\"M\u00e9todos de Pago En Rosana CL nos comprometemos a ofrecerte una experiencia de compra segura, r\u00e1pida y c\u00f3moda. Para ello, ponemos a tu disposici\u00f3n los siguientes m\u00e9todos de pago: 1. Tarjeta de Cr\u00e9dito o D\u00e9bito (TPV Virtual) Puedes realizar tus pagos de forma segura a trav\u00e9s de nuestra pasarela de pago (TPV Virtual). Aceptamos la [&hellip;]\" \/>\n<meta property=\"og:url\" content=\"https:\/\/rosanacl.com\/pt\/metodos-de-pago\/\" \/>\n<meta property=\"og:site_name\" content=\"Rosana CL\" \/>\n<meta property=\"article:modified_time\" content=\"2025-07-11T09:06:31+00:00\" \/>\n<meta name=\"twitter:card\" content=\"summary_large_image\" \/>\n<meta name=\"twitter:label1\" content=\"Tempo estimado de leitura\" \/>\n\t<meta name=\"twitter:data1\" content=\"2 minutos\" \/>\n<script type=\"application\/ld+json\" class=\"yoast-schema-graph\">{\"@context\":\"https:\\\/\\\/schema.org\",\"@graph\":[{\"@type\":\"WebPage\",\"@id\":\"https:\\\/\\\/rosanacl.com\\\/gl\\\/metodos-de-pago\\\/\",\"url\":\"https:\\\/\\\/rosanacl.com\\\/gl\\\/metodos-de-pago\\\/\",\"name\":\"M\u00e9todos de Pago - Rosana CL\",\"isPartOf\":{\"@id\":\"https:\\\/\\\/rosanacl.com\\\/ca\\\/#website\"},\"datePublished\":\"2025-07-09T07:55:57+00:00\",\"dateModified\":\"2025-07-11T09:06:31+00:00\",\"breadcrumb\":{\"@id\":\"https:\\\/\\\/rosanacl.com\\\/gl\\\/metodos-de-pago\\\/#breadcrumb\"},\"inLanguage\":\"pt-PT\",\"potentialAction\":[{\"@type\":\"ReadAction\",\"target\":[\"https:\\\/\\\/rosanacl.com\\\/gl\\\/metodos-de-pago\\\/\"]}]},{\"@type\":\"BreadcrumbList\",\"@id\":\"https:\\\/\\\/rosanacl.com\\\/gl\\\/metodos-de-pago\\\/#breadcrumb\",\"itemListElement\":[{\"@type\":\"ListItem\",\"position\":1,\"name\":\"Portada\",\"item\":\"https:\\\/\\\/rosanacl.com\\\/ca\\\/\"},{\"@type\":\"ListItem\",\"position\":2,\"name\":\"M\u00e9todos de Pago\"}]},{\"@type\":\"WebSite\",\"@id\":\"https:\\\/\\\/rosanacl.com\\\/ca\\\/#website\",\"url\":\"https:\\\/\\\/rosanacl.com\\\/ca\\\/\",\"name\":\"Rosana CL\",\"description\":\"Somos tu interior\",\"potentialAction\":[{\"@type\":\"SearchAction\",\"target\":{\"@type\":\"EntryPoint\",\"urlTemplate\":\"https:\\\/\\\/rosanacl.com\\\/ca\\\/?s={search_term_string}\"},\"query-input\":{\"@type\":\"PropertyValueSpecification\",\"valueRequired\":true,\"valueName\":\"search_term_string\"}}],\"inLanguage\":\"pt-PT\"}]}<\/script>\n<!-- \/ Yoast SEO plugin. -->","yoast_head_json":{"title":"M\u00e9todos de Pago - Rosana CL","robots":{"index":"index","follow":"follow","max-snippet":"max-snippet:-1","max-image-preview":"max-image-preview:large","max-video-preview":"max-video-preview:-1"},"canonical":"https:\/\/rosanacl.com\/pt\/metodos-de-pago\/","og_locale":"pt_PT","og_type":"article","og_title":"M\u00e9todos de Pago - Rosana CL","og_description":"M\u00e9todos de Pago En Rosana CL nos comprometemos a ofrecerte una experiencia de compra segura, r\u00e1pida y c\u00f3moda. Para ello, ponemos a tu disposici\u00f3n los siguientes m\u00e9todos de pago: 1. Tarjeta de Cr\u00e9dito o D\u00e9bito (TPV Virtual) Puedes realizar tus pagos de forma segura a trav\u00e9s de nuestra pasarela de pago (TPV Virtual). Aceptamos la [&hellip;]","og_url":"https:\/\/rosanacl.com\/pt\/metodos-de-pago\/","og_site_name":"Rosana CL","article_modified_time":"2025-07-11T09:06:31+00:00","twitter_card":"summary_large_image","twitter_misc":{"Tempo estimado de leitura":"2 minutos"},"schema":{"@context":"https:\/\/schema.org","@graph":[{"@type":"WebPage","@id":"https:\/\/rosanacl.com\/gl\/metodos-de-pago\/","url":"https:\/\/rosanacl.com\/gl\/metodos-de-pago\/","name":"M\u00e9todos de Pago - Rosana CL","isPartOf":{"@id":"https:\/\/rosanacl.com\/ca\/#website"},"datePublished":"2025-07-09T07:55:57+00:00","dateModified":"2025-07-11T09:06:31+00:00","breadcrumb":{"@id":"https:\/\/rosanacl.com\/gl\/metodos-de-pago\/#breadcrumb"},"inLanguage":"pt-PT","potentialAction":[{"@type":"ReadAction","target":["https:\/\/rosanacl.com\/gl\/metodos-de-pago\/"]}]},{"@type":"BreadcrumbList","@id":"https:\/\/rosanacl.com\/gl\/metodos-de-pago\/#breadcrumb","itemListElement":[{"@type":"ListItem","position":1,"name":"Portada","item":"https:\/\/rosanacl.com\/ca\/"},{"@type":"ListItem","position":2,"name":"M\u00e9todos de Pago"}]},{"@type":"WebSite","@id":"https:\/\/rosanacl.com\/ca\/#website","url":"https:\/\/rosanacl.com\/ca\/","name":"Rosana CL","description":"N\u00f3s somos o seu interior","potentialAction":[{"@type":"SearchAction","target":{"@type":"EntryPoint","urlTemplate":"https:\/\/rosanacl.com\/ca\/?s={search_term_string}"},"query-input":{"@type":"PropertyValueSpecification","valueRequired":true,"valueName":"search_term_string"}}],"inLanguage":"pt-PT"}]}},"_links":{"self":[{"href":"https:\/\/rosanacl.com\/pt\/wp-json\/wp\/v2\/pages\/2668","targetHints":{"allow":["GET"]}}],"collection":[{"href":"https:\/\/rosanacl.com\/pt\/wp-json\/wp\/v2\/pages"}],"about":[{"href":"https:\/\/rosanacl.com\/pt\/wp-json\/wp\/v2\/types\/page"}],"author":[{"embeddable":true,"href":"https:\/\/rosanacl.com\/pt\/wp-json\/wp\/v2\/users\/1"}],"replies":[{"embeddable":true,"href":"https:\/\/rosanacl.com\/pt\/wp-json\/wp\/v2\/comments?post=2668"}],"version-history":[{"count":0,"href":"https:\/\/rosanacl.com\/pt\/wp-json\/wp\/v2\/pages\/2668\/revisions"}],"wp:attachment":[{"href":"https:\/\/rosanacl.com\/pt\/wp-json\/wp\/v2\/media?parent=2668"}],"curies":[{"name":"wp","href":"https:\/\/api.w.org\/{rel}","templated":true}]}}