{"id":2891,"date":"2025-07-18T11:14:21","date_gmt":"2025-07-18T09:14:21","guid":{"rendered":"https:\/\/rosanacl.com\/?page_id=2891"},"modified":"2025-07-25T08:09:48","modified_gmt":"2025-07-25T06:09:48","slug":"comprar-bragas","status":"publish","type":"page","link":"https:\/\/rosanacl.com\/pt\/comprar-bragas\/","title":{"rendered":"Comprar calcinhas"},"content":{"rendered":"<div data-elementor-type=\"wp-page\" data-elementor-id=\"2891\" class=\"elementor elementor-2891\" data-elementor-post-type=\"page\">\n\t\t\t\t<div class=\"elementor-element elementor-element-171998c7 e-flex e-con-boxed e-con e-parent\" data-id=\"171998c7\" data-element_type=\"container\" data-e-type=\"container\">\n\t\t\t\t\t<div class=\"e-con-inner\">\n\t\t\t\t<div class=\"elementor-element elementor-element-6575351f elementor-widget elementor-widget-text-editor\" data-id=\"6575351f\" data-element_type=\"widget\" data-e-type=\"widget\" data-widget_type=\"text-editor.default\">\n\t\t\t\t<div class=\"elementor-widget-container\">\n\t\t\t\t\t\t\t\t\t\n<p><\/p>\n\n\n\n<p><\/p>\n\t\t\t\t\t\t\t\t<\/div>\n\t\t\t\t<\/div>\n\t\t\t\t\t<\/div>\n\t\t\t\t<\/div>\n\t\t<div class=\"elementor-element elementor-element-cf7d341 e-flex e-con-boxed e-con e-parent\" data-id=\"cf7d341\" data-element_type=\"container\" data-e-type=\"container\">\n\t\t\t\t\t<div class=\"e-con-inner\">\n\t\t\t\t<div class=\"elementor-element elementor-element-1f1d080 elementor-widget elementor-widget-heading\" data-id=\"1f1d080\" data-element_type=\"widget\" data-e-type=\"widget\" data-widget_type=\"heading.default\">\n\t\t\t\t<div class=\"elementor-widget-container\">\n\t\t\t\t\t<h2 class=\"elementor-heading-title elementor-size-default\">Comprar calcinhas<\/h2>\t\t\t\t<\/div>\n\t\t\t\t<\/div>\n\t\t\t\t\t<\/div>\n\t\t\t\t<\/div>\n\t\t<div class=\"elementor-element elementor-element-dc1921d e-flex e-con-boxed e-con e-parent\" data-id=\"dc1921d\" data-element_type=\"container\" data-e-type=\"container\">\n\t\t\t\t\t<div class=\"e-con-inner\">\n\t\t<div class=\"elementor-element elementor-element-d19616f e-con-full e-flex e-con e-child\" data-id=\"d19616f\" data-element_type=\"container\" data-e-type=\"container\">\n\t\t\t\t<div class=\"elementor-element elementor-element-8ba1404 elementor-widget elementor-widget-text-editor\" data-id=\"8ba1404\" data-element_type=\"widget\" data-e-type=\"widget\" data-widget_type=\"text-editor.default\">\n\t\t\t\t<div class=\"elementor-widget-container\">\n\t\t\t\t\t\t\t\t\t<h3 data-start=\"311\" data-end=\"385\">Comprar calcinhas com sabedoria: a import\u00e2ncia da escolha consciente<\/h3>\n<p data-start=\"387\" data-end=\"838\">Na \u00e9poca de <strong data-start=\"400\" data-end=\"418\">comprar calcinhas<\/strong>Muitas pessoas tendem a subestimar o impacto que esta pe\u00e7a pode ter no seu dia a dia. No entanto, escolher a calcinha certa \u00e9 essencial para garantir conforto, sa\u00fade \u00edntima e um bom ajuste. N\u00e3o \u00e9 apenas uma quest\u00e3o de est\u00e9tica, mas de bem-estar geral. E \u00e9 justamente nessa necessidade cotidiana que a expertise de Rosana CL se torna um valor essencial.<\/p>\n<p data-start=\"840\" data-end=\"1268\">Com mais de 40 anos de experi\u00eancia no setor de lingerie e espartilhos, a Rosana CL se consolidou como refer\u00eancia para quem busca pe\u00e7as funcionais, confort\u00e1veis e que se ajustem ao corpo. Trabalhando exclusivamente com a marca nacional Selene, a loja oferece modelos de calcinhas desenhados e fabricados na Espanha, com tecidos de qualidade, cortes pensados para o conforto e durabilidade que supera as expectativas.<\/p>\n<p data-start=\"1270\" data-end=\"1458\"><strong data-start=\"1270\" data-end=\"1288\">Comprar calcinhas<\/strong> N\u00e3o deveria ser uma tarefa aleat\u00f3ria. Na Rosana CL, cada modelo foi selecionado pela sua capacidade de se adaptar suavemente ao corpo feminino, sem marcas ou desconforto.<\/p>\t\t\t\t\t\t\t\t<\/div>\n\t\t\t\t<\/div>\n\t\t\t\t<\/div>\n\t\t<div class=\"elementor-element elementor-element-5568f8b e-con-full e-flex e-con e-child\" data-id=\"5568f8b\" data-element_type=\"container\" data-e-type=\"container\">\n\t\t\t\t<div class=\"elementor-element elementor-element-980debe elementor-widget elementor-widget-image\" data-id=\"980debe\" data-element_type=\"widget\" data-e-type=\"widget\" data-widget_type=\"image.default\">\n\t\t\t\t<div class=\"elementor-widget-container\">\n\t\t\t\t\t\t\t\t\t\t\t\t\t\t\t<img fetchpriority=\"high\" decoding=\"async\" width=\"800\" height=\"457\" src=\"https:\/\/rosanacl.com\/wp-content\/uploads\/2025\/07\/Imagen-de-WhatsApp-2025-07-24-a-las-12.25.19_78b75d41-1024x585.jpg\" class=\"attachment-large size-large wp-image-2971\" alt=\"\" srcset=\"https:\/\/rosanacl.com\/wp-content\/uploads\/2025\/07\/Imagen-de-WhatsApp-2025-07-24-a-las-12.25.19_78b75d41-1024x585.jpg 1024w, https:\/\/rosanacl.com\/wp-content\/uploads\/2025\/07\/Imagen-de-WhatsApp-2025-07-24-a-las-12.25.19_78b75d41-300x171.jpg 300w, https:\/\/rosanacl.com\/wp-content\/uploads\/2025\/07\/Imagen-de-WhatsApp-2025-07-24-a-las-12.25.19_78b75d41-768x439.jpg 768w, https:\/\/rosanacl.com\/wp-content\/uploads\/2025\/07\/Imagen-de-WhatsApp-2025-07-24-a-las-12.25.19_78b75d41-1536x877.jpg 1536w, https:\/\/rosanacl.com\/wp-content\/uploads\/2025\/07\/Imagen-de-WhatsApp-2025-07-24-a-las-12.25.19_78b75d41-18x10.jpg 18w, https:\/\/rosanacl.com\/wp-content\/uploads\/2025\/07\/Imagen-de-WhatsApp-2025-07-24-a-las-12.25.19_78b75d41-600x343.jpg 600w, https:\/\/rosanacl.com\/wp-content\/uploads\/2025\/07\/Imagen-de-WhatsApp-2025-07-24-a-las-12.25.19_78b75d41.jpg 1891w\" sizes=\"(max-width: 800px) 100vw, 800px\" \/>\t\t\t\t\t\t\t\t\t\t\t\t\t\t\t<\/div>\n\t\t\t\t<\/div>\n\t\t\t\t<\/div>\n\t\t\t\t\t<\/div>\n\t\t\t\t<\/div>\n\t\t<div class=\"elementor-element elementor-element-5e380fb e-flex e-con-boxed e-con e-parent\" data-id=\"5e380fb\" data-element_type=\"container\" data-e-type=\"container\">\n\t\t\t\t\t<div class=\"e-con-inner\">\n\t\t<div class=\"elementor-element elementor-element-a763375 e-con-full e-flex e-con e-child\" data-id=\"a763375\" data-element_type=\"container\" data-e-type=\"container\">\n\t\t\t\t<div class=\"elementor-element elementor-element-a8aecc4 elementor-widget elementor-widget-image\" data-id=\"a8aecc4\" data-element_type=\"widget\" data-e-type=\"widget\" data-widget_type=\"image.default\">\n\t\t\t\t<div class=\"elementor-widget-container\">\n\t\t\t\t\t\t\t\t\t\t\t\t\t\t\t<img decoding=\"async\" width=\"800\" height=\"475\" src=\"https:\/\/rosanacl.com\/wp-content\/uploads\/2025\/07\/Imagen-de-WhatsApp-2025-07-24-a-las-12.25.19_55beb4bc-1024x608.jpg\" class=\"attachment-large size-large wp-image-2972\" alt=\"\" srcset=\"https:\/\/rosanacl.com\/wp-content\/uploads\/2025\/07\/Imagen-de-WhatsApp-2025-07-24-a-las-12.25.19_55beb4bc-1024x608.jpg 1024w, https:\/\/rosanacl.com\/wp-content\/uploads\/2025\/07\/Imagen-de-WhatsApp-2025-07-24-a-las-12.25.19_55beb4bc-300x178.jpg 300w, https:\/\/rosanacl.com\/wp-content\/uploads\/2025\/07\/Imagen-de-WhatsApp-2025-07-24-a-las-12.25.19_55beb4bc-768x456.jpg 768w, https:\/\/rosanacl.com\/wp-content\/uploads\/2025\/07\/Imagen-de-WhatsApp-2025-07-24-a-las-12.25.19_55beb4bc-1536x912.jpg 1536w, https:\/\/rosanacl.com\/wp-content\/uploads\/2025\/07\/Imagen-de-WhatsApp-2025-07-24-a-las-12.25.19_55beb4bc-18x12.jpg 18w, https:\/\/rosanacl.com\/wp-content\/uploads\/2025\/07\/Imagen-de-WhatsApp-2025-07-24-a-las-12.25.19_55beb4bc-600x356.jpg 600w, https:\/\/rosanacl.com\/wp-content\/uploads\/2025\/07\/Imagen-de-WhatsApp-2025-07-24-a-las-12.25.19_55beb4bc.jpg 1775w\" sizes=\"(max-width: 800px) 100vw, 800px\" \/>\t\t\t\t\t\t\t\t\t\t\t\t\t\t\t<\/div>\n\t\t\t\t<\/div>\n\t\t\t\t<\/div>\n\t\t<div class=\"elementor-element elementor-element-b02b1e9 e-con-full e-flex e-con e-child\" data-id=\"b02b1e9\" data-element_type=\"container\" data-e-type=\"container\">\n\t\t\t\t<div class=\"elementor-element elementor-element-e25a6f0 elementor-widget elementor-widget-text-editor\" data-id=\"e25a6f0\" data-element_type=\"widget\" data-e-type=\"widget\" data-widget_type=\"text-editor.default\">\n\t\t\t\t<div class=\"elementor-widget-container\">\n\t\t\t\t\t\t\t\t\t<h3 data-start=\"1460\" data-end=\"1526\">Compre calcinhas Selene: qualidade que se nota desde o primeiro uso<\/h3>\n<p data-start=\"1528\" data-end=\"1979\">Uma das chaves para <strong data-start=\"1549\" data-end=\"1567\">comprar calcinhas<\/strong> Significa entender que nem todas as pe\u00e7as oferecem o mesmo n\u00edvel de conforto. Muitas vezes, uma escolha errada de tecido ou corte pode causar atrito, irrita\u00e7\u00e3o ou desconforto que afetam o bem-estar geral. \u00c9 por isso que Rosana CL usa exclusivamente calcinhas Selene, uma marca que entende profundamente as necessidades das mulheres e projeta suas pe\u00e7as com a mesma considera\u00e7\u00e3o t\u00e9cnica e est\u00e9tica.<\/p>\n<p data-start=\"1981\" data-end=\"2329\">No cat\u00e1logo, voc\u00ea encontra op\u00e7\u00f5es para todos os gostos e momentos do dia: calcinhas cl\u00e1ssicas, biqu\u00ednis, modelos de cintura alta e modelos mais discretos, todos feitos com materiais macios, el\u00e1sticos e respir\u00e1veis. As costuras s\u00e3o projetadas para evitar marcas e o corte se adapta perfeitamente aos contornos naturais do corpo.<\/p>\n<p data-start=\"2331\" data-end=\"2640\">Para o <strong data-start=\"2334\" data-end=\"2352\">comprar calcinhas<\/strong> Na Rosana CL, voc\u00ea certamente encontrar\u00e1 uma pe\u00e7a que n\u00e3o s\u00f3 \u00e9 bonita, mas tamb\u00e9m saud\u00e1vel para sua pele e bem-estar \u00edntimo. Al\u00e9m disso, a loja oferece consultoria personalizada para ajudar voc\u00ea a encontrar o estilo perfeito com base no seu tamanho, estilo de vida e prefer\u00eancias de caimento.<\/p>\t\t\t\t\t\t\t\t<\/div>\n\t\t\t\t<\/div>\n\t\t\t\t<\/div>\n\t\t\t\t\t<\/div>\n\t\t\t\t<\/div>\n\t\t<div class=\"elementor-element elementor-element-495e863 e-flex e-con-boxed e-con e-parent\" data-id=\"495e863\" data-element_type=\"container\" data-e-type=\"container\">\n\t\t\t\t\t<div class=\"e-con-inner\">\n\t\t\t\t<div class=\"elementor-element elementor-element-fe47ba3 elementor-widget elementor-widget-text-editor\" data-id=\"fe47ba3\" data-element_type=\"widget\" data-e-type=\"widget\" data-widget_type=\"text-editor.default\">\n\t\t\t\t<div class=\"elementor-widget-container\">\n\t\t\t\t\t\t\t\t\t<h3 data-start=\"2642\" data-end=\"2724\">Compre calcinhas online na Rosana CL: f\u00e1cil, seguro e com atendimento personalizado.<\/h3>\n<p data-start=\"2726\" data-end=\"3079\">Hoje em dia, <strong data-start=\"2738\" data-end=\"2756\">comprar calcinhas<\/strong> Comprar online \u00e9 uma op\u00e7\u00e3o conveniente e r\u00e1pida, mas nem todas as lojas oferecem o mesmo n\u00edvel de confian\u00e7a e expertise. Na Rosana CL, cada compra \u00e9 acompanhada por uma equipe de profissionais que conhecem profundamente o produto, sabem o desempenho de cada modelo no uso di\u00e1rio e est\u00e3o dispon\u00edveis para ajudar voc\u00ea durante todo o processo.<\/p>\n<p data-start=\"3081\" data-end=\"3341\">A plataforma online \u00e9 intuitiva, com imagens reais, descri\u00e7\u00f5es claras e um guia de tamanhos detalhado para evitar erros. O envio tamb\u00e9m \u00e9 r\u00e1pido e discreto, e o atendimento ao cliente est\u00e1 dispon\u00edvel para esclarecer quaisquer d\u00favidas.<\/p>\n<p data-start=\"3343\" data-end=\"3625\">Comprar calcinhas na Rosana CL significa desfrutar de uma experi\u00eancia de compra amig\u00e1vel, profissional e voltada para o bem-estar. Aqui, voc\u00ea encontrar\u00e1 n\u00e3o apenas lingeries lindas, mas tamb\u00e9m pe\u00e7as projetadas para durar, respeitar seu corpo e acompanh\u00e1-la confortavelmente em todos os momentos do dia.<\/p>\n<p data-start=\"3627\" data-end=\"3837\">Quer voc\u00ea precise renovar sua gaveta de roupas \u00edntimas ou esteja procurando um estilo espec\u00edfico, a Rosana CL tem o que voc\u00ea precisa. Porque quando voc\u00ea escolhe bem de dentro para fora, todo o resto flui com mais confian\u00e7a.<\/p>\t\t\t\t\t\t\t\t<\/div>\n\t\t\t\t<\/div>\n\t\t\t\t\t<\/div>\n\t\t\t\t<\/div>\n\t\t<div class=\"elementor-element elementor-element-d05ed3a e-flex e-con-boxed e-con e-parent\" data-id=\"d05ed3a\" data-element_type=\"container\" data-e-type=\"container\">\n\t\t\t\t\t<div class=\"e-con-inner\">\n\t\t\t\t<div class=\"elementor-element elementor-element-b883e86 elementor-widget elementor-widget-heading\" data-id=\"b883e86\" data-element_type=\"widget\" data-e-type=\"widget\" data-widget_type=\"heading.default\">\n\t\t\t\t<div class=\"elementor-widget-container\">\n\t\t\t\t\t<h2 class=\"elementor-heading-title elementor-size-default\">Contate-nos <\/h2>\t\t\t\t<\/div>\n\t\t\t\t<\/div>\n\t\t\t\t\t<\/div>\n\t\t\t\t<\/div>\n\t\t<div class=\"elementor-element elementor-element-00e20e2 e-flex e-con-boxed e-con e-parent\" data-id=\"00e20e2\" data-element_type=\"container\" data-e-type=\"container\">\n\t\t\t\t\t<div class=\"e-con-inner\">\n\t\t<div class=\"elementor-element elementor-element-8ad8f7b e-con-full e-flex e-con e-child\" data-id=\"8ad8f7b\" data-element_type=\"container\" data-e-type=\"container\">\n\t\t\t\t<div class=\"elementor-element elementor-element-888944a elementor-widget__width-initial elementor-widget elementor-widget-elementskit-contact-form7\" data-id=\"888944a\" data-element_type=\"widget\" data-e-type=\"widget\" data-widget_type=\"elementskit-contact-form7.default\">\n\t\t\t\t<div class=\"elementor-widget-container\">\n\t\t\t\t\t<div class=\"ekit-wid-con\" ><div class=\"ekit-form\">\n<div class=\"wpcf7 no-js\" id=\"wpcf7-f48-o1\" lang=\"es-ES\" dir=\"ltr\" data-wpcf7-id=\"48\">\n<div class=\"screen-reader-response\"><p role=\"status\" aria-live=\"polite\" aria-atomic=\"true\"><\/p> <ul><\/ul><\/div>\n<form action=\"\/de\/wp-json\/wp\/v2\/pages\/2891#wpcf7-f48-o1\" method=\"post\" class=\"wpcf7-form init\" aria-label=\"Formul\u00e1rio de contato\" novalidate=\"novalidate\" data-status=\"init\" data-trp-original-action=\"\/de\/wp-json\/wp\/v2\/pages\/2891#wpcf7-f48-o1\">\n<fieldset class=\"hidden-fields-container\"><input type=\"hidden\" name=\"_wpcf7\" value=\"48\" \/><input type=\"hidden\" name=\"_wpcf7_version\" value=\"6.1.5\" \/><input type=\"hidden\" name=\"_wpcf7_locale\" value=\"es_ES\" \/><input type=\"hidden\" name=\"_wpcf7_unit_tag\" value=\"wpcf7-f48-o1\" \/><input type=\"hidden\" name=\"_wpcf7_container_post\" value=\"0\" \/><input type=\"hidden\" name=\"_wpcf7_posted_data_hash\" value=\"\" \/><input type=\"hidden\" name=\"_wpcf7_recaptcha_response\" value=\"\" \/>\n<\/fieldset>\n<div class=\"form-row\">\n\t<div class=\"form-column\">\n\t\t<p><span class=\"wpcf7-form-control-wrap\" data-name=\"nombre\"><input size=\"40\" maxlength=\"400\" class=\"wpcf7-form-control wpcf7-text wpcf7-validates-as-required\" aria-required=\"true\" aria-invalid=\"false\" placeholder=\"Nome\" value=\"\" type=\"text\" name=\"nombre\" \/><\/span>\n\t\t<\/p>\n\t<\/div>\n\t<div class=\"form-column\">\n\t\t<p><span class=\"wpcf7-form-control-wrap\" data-name=\"telefono\"><input size=\"40\" maxlength=\"400\" class=\"wpcf7-form-control wpcf7-tel wpcf7-validates-as-required wpcf7-text wpcf7-validates-as-tel\" aria-required=\"true\" aria-invalid=\"false\" placeholder=\"Telefone *\" value=\"\" type=\"tel\" name=\"telefono\" \/><\/span>\n\t\t<\/p>\n\t<\/div>\n<\/div>\n<div class=\"form-row\">\n\t<div class=\"form-column\">\n\t\t<p><span class=\"wpcf7-form-control-wrap\" data-name=\"email\"><input size=\"40\" maxlength=\"400\" class=\"wpcf7-form-control wpcf7-email wpcf7-validates-as-required wpcf7-text wpcf7-validates-as-email\" aria-required=\"true\" aria-invalid=\"false\" placeholder=\"E-mail *\" value=\"\" type=\"email\" name=\"email\" \/><\/span>\n\t\t<\/p>\n\t<\/div>\n\t<div class=\"form-column\">\n\t\t<p><span class=\"wpcf7-form-control-wrap\" data-name=\"asunto\"><input size=\"40\" maxlength=\"400\" class=\"wpcf7-form-control wpcf7-text wpcf7-validates-as-required\" aria-required=\"true\" aria-invalid=\"false\" placeholder=\"Assunto *\" value=\"\" type=\"text\" name=\"asunto\" \/><\/span>\n\t\t<\/p>\n\t<\/div>\n<\/div>\n<p><span class=\"wpcf7-form-control-wrap\" data-name=\"mensaje\"><textarea cols=\"40\" rows=\"10\" maxlength=\"2000\" class=\"wpcf7-form-control wpcf7-textarea wpcf7-validates-as-required\" aria-required=\"true\" aria-invalid=\"false\" placeholder=\"Mensagem\" name=\"mensaje\"><\/textarea><\/span>\n<\/p>\n<p class=\"legal-priv\"><span class=\"wpcf7-form-control-wrap\" data-name=\"acceptance-787\"><span class=\"wpcf7-form-control wpcf7-acceptance\"><span class=\"wpcf7-list-item\"><label><input type=\"checkbox\" name=\"acceptance-787\" value=\"1\" aria-invalid=\"false\" \/><span class=\"wpcf7-list-item-label\">Li e concordo com o <a href=\"https:\/\/rosanacl.com\/pt\/politica-de-privacidad\/\">pol\u00edtica de Privacidade<\/a><\/span><\/label><\/span><\/span><\/span>\n<\/p>\n<p><input class=\"wpcf7-form-control wpcf7-submit has-spinner\" type=\"submit\" value=\"ENVIAR MENSAGEM\" \/>\n<\/p><div class=\"wpcf7-response-output\" aria-hidden=\"true\"><\/div>\n<input type=\"hidden\" name=\"trp-form-language\" value=\"pt\"\/><\/form>\n<\/div>\n<\/div><\/div>\t\t\t\t<\/div>\n\t\t\t\t<\/div>\n\t\t\t\t<\/div>\n\t\t\t\t\t<\/div>\n\t\t\t\t<\/div>\n\t\t\t\t<\/div>","protected":false},"excerpt":{"rendered":"<p>Comprar bragas Comprar bragas con criterio: la importancia de una elecci\u00f3n consciente A la hora de comprar bragas, muchas personas tienden a subestimar el impacto que esta prenda puede tener en su d\u00eda a d\u00eda. Sin embargo, elegir la braguita adecuada es fundamental para garantizar la comodidad, la salud \u00edntima y el buen ajuste de [&hellip;]<\/p>\n","protected":false},"author":1,"featured_media":0,"parent":0,"menu_order":0,"comment_status":"closed","ping_status":"closed","template":"","meta":{"content-type":"","footnotes":""},"class_list":["post-2891","page","type-page","status-publish","hentry"],"yoast_head":"<!-- This site is optimized with the Yoast SEO plugin v27.4 - https:\/\/yoast.com\/product\/yoast-seo-wordpress\/ -->\n<title>Comprar bragas - Rosana CL<\/title>\n<meta name=\"robots\" content=\"index, follow, max-snippet:-1, max-image-preview:large, max-video-preview:-1\" \/>\n<link rel=\"canonical\" href=\"https:\/\/rosanacl.com\/pt\/comprar-bragas\/\" \/>\n<meta property=\"og:locale\" content=\"pt_PT\" \/>\n<meta property=\"og:type\" content=\"article\" \/>\n<meta property=\"og:title\" content=\"Comprar bragas - Rosana CL\" \/>\n<meta property=\"og:description\" content=\"Comprar bragas Comprar bragas con criterio: la importancia de una elecci\u00f3n consciente A la hora de comprar bragas, muchas personas tienden a subestimar el impacto que esta prenda puede tener en su d\u00eda a d\u00eda. Sin embargo, elegir la braguita adecuada es fundamental para garantizar la comodidad, la salud \u00edntima y el buen ajuste de [&hellip;]\" \/>\n<meta property=\"og:url\" content=\"https:\/\/rosanacl.com\/pt\/comprar-bragas\/\" \/>\n<meta property=\"og:site_name\" content=\"Rosana CL\" \/>\n<meta property=\"article:modified_time\" content=\"2025-07-25T06:09:48+00:00\" \/>\n<meta property=\"og:image\" content=\"https:\/\/rosanacl.com\/wp-content\/uploads\/2025\/07\/Imagen-de-WhatsApp-2025-07-24-a-las-12.25.19_78b75d41.jpg\" \/>\n\t<meta property=\"og:image:width\" content=\"1891\" \/>\n\t<meta property=\"og:image:height\" content=\"1080\" \/>\n\t<meta property=\"og:image:type\" content=\"image\/jpeg\" \/>\n<meta name=\"twitter:card\" content=\"summary_large_image\" \/>\n<meta name=\"twitter:label1\" content=\"Tempo estimado de leitura\" \/>\n\t<meta name=\"twitter:data1\" content=\"3 minutos\" \/>\n<script type=\"application\/ld+json\" class=\"yoast-schema-graph\">{\"@context\":\"https:\\\/\\\/schema.org\",\"@graph\":[{\"@type\":\"WebPage\",\"@id\":\"https:\\\/\\\/rosanacl.com\\\/comprar-bragas\\\/\",\"url\":\"https:\\\/\\\/rosanacl.com\\\/comprar-bragas\\\/\",\"name\":\"Comprar bragas - Rosana CL\",\"isPartOf\":{\"@id\":\"https:\\\/\\\/rosanacl.com\\\/ca\\\/#website\"},\"primaryImageOfPage\":{\"@id\":\"https:\\\/\\\/rosanacl.com\\\/comprar-bragas\\\/#primaryimage\"},\"image\":{\"@id\":\"https:\\\/\\\/rosanacl.com\\\/comprar-bragas\\\/#primaryimage\"},\"thumbnailUrl\":\"https:\\\/\\\/rosanacl.com\\\/wp-content\\\/uploads\\\/2025\\\/07\\\/Imagen-de-WhatsApp-2025-07-24-a-las-12.25.19_78b75d41-1024x585.jpg\",\"datePublished\":\"2025-07-18T09:14:21+00:00\",\"dateModified\":\"2025-07-25T06:09:48+00:00\",\"breadcrumb\":{\"@id\":\"https:\\\/\\\/rosanacl.com\\\/comprar-bragas\\\/#breadcrumb\"},\"inLanguage\":\"pt-PT\",\"potentialAction\":[{\"@type\":\"ReadAction\",\"target\":[\"https:\\\/\\\/rosanacl.com\\\/comprar-bragas\\\/\"]}]},{\"@type\":\"ImageObject\",\"inLanguage\":\"pt-PT\",\"@id\":\"https:\\\/\\\/rosanacl.com\\\/comprar-bragas\\\/#primaryimage\",\"url\":\"https:\\\/\\\/rosanacl.com\\\/wp-content\\\/uploads\\\/2025\\\/07\\\/Imagen-de-WhatsApp-2025-07-24-a-las-12.25.19_78b75d41-1024x585.jpg\",\"contentUrl\":\"https:\\\/\\\/rosanacl.com\\\/wp-content\\\/uploads\\\/2025\\\/07\\\/Imagen-de-WhatsApp-2025-07-24-a-las-12.25.19_78b75d41-1024x585.jpg\"},{\"@type\":\"BreadcrumbList\",\"@id\":\"https:\\\/\\\/rosanacl.com\\\/comprar-bragas\\\/#breadcrumb\",\"itemListElement\":[{\"@type\":\"ListItem\",\"position\":1,\"name\":\"Portada\",\"item\":\"https:\\\/\\\/rosanacl.com\\\/ca\\\/\"},{\"@type\":\"ListItem\",\"position\":2,\"name\":\"Comprar bragas\"}]},{\"@type\":\"WebSite\",\"@id\":\"https:\\\/\\\/rosanacl.com\\\/ca\\\/#website\",\"url\":\"https:\\\/\\\/rosanacl.com\\\/ca\\\/\",\"name\":\"Rosana CL\",\"description\":\"Somos tu interior\",\"potentialAction\":[{\"@type\":\"SearchAction\",\"target\":{\"@type\":\"EntryPoint\",\"urlTemplate\":\"https:\\\/\\\/rosanacl.com\\\/ca\\\/?s={search_term_string}\"},\"query-input\":{\"@type\":\"PropertyValueSpecification\",\"valueRequired\":true,\"valueName\":\"search_term_string\"}}],\"inLanguage\":\"pt-PT\"}]}<\/script>\n<!-- \/ Yoast SEO plugin. -->","yoast_head_json":{"title":"Comprar bragas - Rosana CL","robots":{"index":"index","follow":"follow","max-snippet":"max-snippet:-1","max-image-preview":"max-image-preview:large","max-video-preview":"max-video-preview:-1"},"canonical":"https:\/\/rosanacl.com\/pt\/comprar-bragas\/","og_locale":"pt_PT","og_type":"article","og_title":"Comprar bragas - Rosana CL","og_description":"Comprar bragas Comprar bragas con criterio: la importancia de una elecci\u00f3n consciente A la hora de comprar bragas, muchas personas tienden a subestimar el impacto que esta prenda puede tener en su d\u00eda a d\u00eda. Sin embargo, elegir la braguita adecuada es fundamental para garantizar la comodidad, la salud \u00edntima y el buen ajuste de [&hellip;]","og_url":"https:\/\/rosanacl.com\/pt\/comprar-bragas\/","og_site_name":"Rosana CL","article_modified_time":"2025-07-25T06:09:48+00:00","og_image":[{"width":1891,"height":1080,"url":"https:\/\/rosanacl.com\/wp-content\/uploads\/2025\/07\/Imagen-de-WhatsApp-2025-07-24-a-las-12.25.19_78b75d41.jpg","type":"image\/jpeg"}],"twitter_card":"summary_large_image","twitter_misc":{"Tempo estimado de leitura":"3 minutos"},"schema":{"@context":"https:\/\/schema.org","@graph":[{"@type":"WebPage","@id":"https:\/\/rosanacl.com\/comprar-bragas\/","url":"https:\/\/rosanacl.com\/comprar-bragas\/","name":"Comprar bragas - Rosana CL","isPartOf":{"@id":"https:\/\/rosanacl.com\/ca\/#website"},"primaryImageOfPage":{"@id":"https:\/\/rosanacl.com\/comprar-bragas\/#primaryimage"},"image":{"@id":"https:\/\/rosanacl.com\/comprar-bragas\/#primaryimage"},"thumbnailUrl":"https:\/\/rosanacl.com\/wp-content\/uploads\/2025\/07\/Imagen-de-WhatsApp-2025-07-24-a-las-12.25.19_78b75d41-1024x585.jpg","datePublished":"2025-07-18T09:14:21+00:00","dateModified":"2025-07-25T06:09:48+00:00","breadcrumb":{"@id":"https:\/\/rosanacl.com\/comprar-bragas\/#breadcrumb"},"inLanguage":"pt-PT","potentialAction":[{"@type":"ReadAction","target":["https:\/\/rosanacl.com\/comprar-bragas\/"]}]},{"@type":"ImageObject","inLanguage":"pt-PT","@id":"https:\/\/rosanacl.com\/comprar-bragas\/#primaryimage","url":"https:\/\/rosanacl.com\/wp-content\/uploads\/2025\/07\/Imagen-de-WhatsApp-2025-07-24-a-las-12.25.19_78b75d41-1024x585.jpg","contentUrl":"https:\/\/rosanacl.com\/wp-content\/uploads\/2025\/07\/Imagen-de-WhatsApp-2025-07-24-a-las-12.25.19_78b75d41-1024x585.jpg"},{"@type":"BreadcrumbList","@id":"https:\/\/rosanacl.com\/comprar-bragas\/#breadcrumb","itemListElement":[{"@type":"ListItem","position":1,"name":"Portada","item":"https:\/\/rosanacl.com\/ca\/"},{"@type":"ListItem","position":2,"name":"Comprar bragas"}]},{"@type":"WebSite","@id":"https:\/\/rosanacl.com\/ca\/#website","url":"https:\/\/rosanacl.com\/ca\/","name":"Rosana CL","description":"N\u00f3s somos o seu interior","potentialAction":[{"@type":"SearchAction","target":{"@type":"EntryPoint","urlTemplate":"https:\/\/rosanacl.com\/ca\/?s={search_term_string}"},"query-input":{"@type":"PropertyValueSpecification","valueRequired":true,"valueName":"search_term_string"}}],"inLanguage":"pt-PT"}]}},"_links":{"self":[{"href":"https:\/\/rosanacl.com\/pt\/wp-json\/wp\/v2\/pages\/2891","targetHints":{"allow":["GET"]}}],"collection":[{"href":"https:\/\/rosanacl.com\/pt\/wp-json\/wp\/v2\/pages"}],"about":[{"href":"https:\/\/rosanacl.com\/pt\/wp-json\/wp\/v2\/types\/page"}],"author":[{"embeddable":true,"href":"https:\/\/rosanacl.com\/pt\/wp-json\/wp\/v2\/users\/1"}],"replies":[{"embeddable":true,"href":"https:\/\/rosanacl.com\/pt\/wp-json\/wp\/v2\/comments?post=2891"}],"version-history":[{"count":0,"href":"https:\/\/rosanacl.com\/pt\/wp-json\/wp\/v2\/pages\/2891\/revisions"}],"wp:attachment":[{"href":"https:\/\/rosanacl.com\/pt\/wp-json\/wp\/v2\/media?parent=2891"}],"curies":[{"name":"wp","href":"https:\/\/api.w.org\/{rel}","templated":true}]}}