{"id":4182,"date":"2025-11-27T00:49:16","date_gmt":"2025-11-26T23:49:16","guid":{"rendered":"https:\/\/rosanacl.com\/?page_id=4182"},"modified":"2025-11-27T00:53:09","modified_gmt":"2025-11-26T23:53:09","slug":"comprar-sujetadores-selene-en-barcelona","status":"publish","type":"page","link":"https:\/\/rosanacl.com\/pt\/comprar-sujetadores-selene-en-barcelona\/","title":{"rendered":"Compre suti\u00e3s Selene em Barcelona"},"content":{"rendered":"<div data-elementor-type=\"wp-page\" data-elementor-id=\"4182\" class=\"elementor elementor-4182\" data-elementor-post-type=\"page\">\n\t\t\t\t<div class=\"elementor-element elementor-element-171998c7 e-flex e-con-boxed e-con e-parent\" data-id=\"171998c7\" data-element_type=\"container\" data-e-type=\"container\">\n\t\t\t\t\t<div class=\"e-con-inner\">\n\t\t\t\t<div class=\"elementor-element elementor-element-6575351f elementor-widget elementor-widget-text-editor\" data-id=\"6575351f\" data-element_type=\"widget\" data-e-type=\"widget\" data-widget_type=\"text-editor.default\">\n\t\t\t\t<div class=\"elementor-widget-container\">\n\t\t\t\t\t\t\t\t\t\n<p><\/p>\n\n\n\n<p><\/p>\n\t\t\t\t\t\t\t\t<\/div>\n\t\t\t\t<\/div>\n\t\t\t\t\t<\/div>\n\t\t\t\t<\/div>\n\t\t<div class=\"elementor-element elementor-element-cf7d341 e-flex e-con-boxed e-con e-parent\" data-id=\"cf7d341\" data-element_type=\"container\" data-e-type=\"container\">\n\t\t\t\t\t<div class=\"e-con-inner\">\n\t\t\t\t<div class=\"elementor-element elementor-element-1f1d080 elementor-widget elementor-widget-heading\" data-id=\"1f1d080\" data-element_type=\"widget\" data-e-type=\"widget\" data-widget_type=\"heading.default\">\n\t\t\t\t<div class=\"elementor-widget-container\">\n\t\t\t\t\t<h2 class=\"elementor-heading-title elementor-size-default\">Compre suti\u00e3s Selene em Barcelona<\/h2>\t\t\t\t<\/div>\n\t\t\t\t<\/div>\n\t\t\t\t\t<\/div>\n\t\t\t\t<\/div>\n\t\t<div class=\"elementor-element elementor-element-dc1921d e-flex e-con-boxed e-con e-parent\" data-id=\"dc1921d\" data-element_type=\"container\" data-e-type=\"container\">\n\t\t\t\t\t<div class=\"e-con-inner\">\n\t\t<div class=\"elementor-element elementor-element-d19616f e-con-full e-flex e-con e-child\" data-id=\"d19616f\" data-element_type=\"container\" data-e-type=\"container\">\n\t\t\t\t<div class=\"elementor-element elementor-element-2ee6475 elementor-widget elementor-widget-text-editor\" data-id=\"2ee6475\" data-element_type=\"widget\" data-e-type=\"widget\" data-widget_type=\"text-editor.default\">\n\t\t\t\t<div class=\"elementor-widget-container\">\n\t\t\t\t\t\t\t\t\t<h2 data-start=\"440\" data-end=\"525\"><strong data-start=\"443\" data-end=\"525\">Compre suti\u00e3s Selene em Barcelona: uma verdadeira variedade pensada para todas as mulheres.<\/strong><\/h2>\n<p data-start=\"526\" data-end=\"1028\">Quando uma mulher olha <strong data-start=\"549\" data-end=\"592\">Compre suti\u00e3s Selene em Barcelona<\/strong>, O que voc\u00ea realmente deseja \u00e9 uma combina\u00e7\u00e3o de design, conforto e caimento perfeito. Na Rosana CL, entendemos que cada corpo \u00e9 \u00fanico, por isso oferecemos um cat\u00e1logo atualizado e cuidadosamente selecionado para que cada mulher encontre exatamente o que precisa. Com diversas linhas da marca Selene \u2014 de modelos cl\u00e1ssicos aos lan\u00e7amentos mais recentes \u2014 podemos oferecer a voc\u00ea uma consultoria verdadeiramente personalizada.<\/p>\n<p data-start=\"1030\" data-end=\"1435\">Em lojas online gen\u00e9ricas ou menos especializadas, \u00e9 comum encontrar tamanhos incompletos ou modelos limitados. No entanto, na Rosana CL, trabalhamos diretamente com a marca para garantir disponibilidade real e constante. Essa \u00e9 uma das muitas raz\u00f5es pelas quais quem deseja <strong data-start=\"1337\" data-end=\"1380\">Compre suti\u00e3s Selene em Barcelona<\/strong> Eles acabam nos escolhendo como sua refer\u00eancia de confian\u00e7a.<\/p>\t\t\t\t\t\t\t\t<\/div>\n\t\t\t\t<\/div>\n\t\t\t\t<\/div>\n\t\t<div class=\"elementor-element elementor-element-5568f8b e-con-full e-flex e-con e-child\" data-id=\"5568f8b\" data-element_type=\"container\" data-e-type=\"container\">\n\t\t\t\t<div class=\"elementor-element elementor-element-980debe elementor-widget elementor-widget-image\" data-id=\"980debe\" data-element_type=\"widget\" data-e-type=\"widget\" data-widget_type=\"image.default\">\n\t\t\t\t<div class=\"elementor-widget-container\">\n\t\t\t\t\t\t\t\t\t\t\t\t\t\t\t<img fetchpriority=\"high\" decoding=\"async\" width=\"800\" height=\"566\" src=\"https:\/\/rosanacl.com\/wp-content\/uploads\/2025\/08\/comprar-lenceria-online-1024x724.jpg\" class=\"attachment-large size-large wp-image-3687\" alt=\"\" srcset=\"https:\/\/rosanacl.com\/wp-content\/uploads\/2025\/08\/comprar-lenceria-online-1024x724.jpg 1024w, https:\/\/rosanacl.com\/wp-content\/uploads\/2025\/08\/comprar-lenceria-online-300x212.jpg 300w, https:\/\/rosanacl.com\/wp-content\/uploads\/2025\/08\/comprar-lenceria-online-768x543.jpg 768w, https:\/\/rosanacl.com\/wp-content\/uploads\/2025\/08\/comprar-lenceria-online-1536x1086.jpg 1536w, https:\/\/rosanacl.com\/wp-content\/uploads\/2025\/08\/comprar-lenceria-online-18x12.jpg 18w, https:\/\/rosanacl.com\/wp-content\/uploads\/2025\/08\/comprar-lenceria-online-600x424.jpg 600w, https:\/\/rosanacl.com\/wp-content\/uploads\/2025\/08\/comprar-lenceria-online.jpg 2000w\" sizes=\"(max-width: 800px) 100vw, 800px\" \/>\t\t\t\t\t\t\t\t\t\t\t\t\t\t\t<\/div>\n\t\t\t\t<\/div>\n\t\t\t\t<\/div>\n\t\t\t\t\t<\/div>\n\t\t\t\t<\/div>\n\t\t<div class=\"elementor-element elementor-element-5e380fb e-flex e-con-boxed e-con e-parent\" data-id=\"5e380fb\" data-element_type=\"container\" data-e-type=\"container\">\n\t\t\t\t\t<div class=\"e-con-inner\">\n\t\t<div class=\"elementor-element elementor-element-a763375 e-con-full e-flex e-con e-child\" data-id=\"a763375\" data-element_type=\"container\" data-e-type=\"container\">\n\t\t\t\t<div class=\"elementor-element elementor-element-a8aecc4 elementor-widget elementor-widget-image\" data-id=\"a8aecc4\" data-element_type=\"widget\" data-e-type=\"widget\" data-widget_type=\"image.default\">\n\t\t\t\t<div class=\"elementor-widget-container\">\n\t\t\t\t\t\t\t\t\t\t\t\t\t\t\t<img decoding=\"async\" width=\"800\" height=\"566\" src=\"https:\/\/rosanacl.com\/wp-content\/uploads\/2025\/08\/comprar-lenceria-selene-1024x724.jpg\" class=\"attachment-large size-large wp-image-3688\" alt=\"\" srcset=\"https:\/\/rosanacl.com\/wp-content\/uploads\/2025\/08\/comprar-lenceria-selene-1024x724.jpg 1024w, https:\/\/rosanacl.com\/wp-content\/uploads\/2025\/08\/comprar-lenceria-selene-300x212.jpg 300w, https:\/\/rosanacl.com\/wp-content\/uploads\/2025\/08\/comprar-lenceria-selene-768x543.jpg 768w, https:\/\/rosanacl.com\/wp-content\/uploads\/2025\/08\/comprar-lenceria-selene-1536x1086.jpg 1536w, https:\/\/rosanacl.com\/wp-content\/uploads\/2025\/08\/comprar-lenceria-selene-18x12.jpg 18w, https:\/\/rosanacl.com\/wp-content\/uploads\/2025\/08\/comprar-lenceria-selene-600x424.jpg 600w, https:\/\/rosanacl.com\/wp-content\/uploads\/2025\/08\/comprar-lenceria-selene.jpg 2000w\" sizes=\"(max-width: 800px) 100vw, 800px\" \/>\t\t\t\t\t\t\t\t\t\t\t\t\t\t\t<\/div>\n\t\t\t\t<\/div>\n\t\t\t\t<\/div>\n\t\t<div class=\"elementor-element elementor-element-b02b1e9 e-con-full e-flex e-con e-child\" data-id=\"b02b1e9\" data-element_type=\"container\" data-e-type=\"container\">\n\t\t\t\t<div class=\"elementor-element elementor-element-ca9adbf elementor-widget elementor-widget-text-editor\" data-id=\"ca9adbf\" data-element_type=\"widget\" data-e-type=\"widget\" data-widget_type=\"text-editor.default\">\n\t\t\t\t<div class=\"elementor-widget-container\">\n\t\t\t\t\t\t\t\t\t<h2 data-start=\"1437\" data-end=\"1525\"><strong data-start=\"1440\" data-end=\"1525\">Compre suti\u00e3s Selene em Barcelona: aconselhamento t\u00e9cnico e servi\u00e7o especializado.<\/strong><\/h2>\n<p data-start=\"1526\" data-end=\"1820\">Um dos maiores problemas na hora de escolher um suti\u00e3 \u00e9 o tamanho errado. Segundo estudos do setor, mais de 70% das mulheres n\u00e3o usam o tamanho correto. Por isso, quando voc\u00ea for comprar um suti\u00e3, \u00e9 importante escolher o tamanho certo. <strong data-start=\"1712\" data-end=\"1755\">Compre suti\u00e3s Selene em Barcelona<\/strong>, Voc\u00ea precisa de muito mais do que uma loja: voc\u00ea precisa de um especialista.<\/p>\n<p data-start=\"1822\" data-end=\"2298\">Na Rosana CL, oferecemos consultoria especializada com profissionais de anos de experi\u00eancia. Tiramos suas medidas, analisamos suas necessidades e ouvimos suas prefer\u00eancias para garantir que voc\u00ea encontre o suti\u00e3 Selene perfeito. Se voc\u00ea busca o m\u00e1ximo conforto, sugerimos modelos com bojos de sustenta\u00e7\u00e3o ou tecidos respir\u00e1veis. Se precisa de sustenta\u00e7\u00e3o, recomendamos estruturas refor\u00e7adas ou al\u00e7as mais largas. Tudo isso \u00e9 poss\u00edvel porque temos um conhecimento profundo de cada cole\u00e7\u00e3o da marca.<\/p>\n<p data-start=\"2300\" data-end=\"2603\">Al\u00e9m disso, a Selene \u00e9 conhecida pela variedade de estampas, tecidos macios ao toque e uma rela\u00e7\u00e3o custo-benef\u00edcio que poucas marcas conseguem igualar. \u00c9 por isso que, quando um cliente deseja <strong data-start=\"2471\" data-end=\"2514\">Compre suti\u00e3s Selene em Barcelona<\/strong>, Ele sabe que est\u00e1 escolhendo uma marca confi\u00e1vel e uma loja que realmente domina o produto.<\/p>\t\t\t\t\t\t\t\t<\/div>\n\t\t\t\t<\/div>\n\t\t\t\t<\/div>\n\t\t\t\t\t<\/div>\n\t\t\t\t<\/div>\n\t\t<div class=\"elementor-element elementor-element-495e863 e-flex e-con-boxed e-con e-parent\" data-id=\"495e863\" data-element_type=\"container\" data-e-type=\"container\">\n\t\t\t\t\t<div class=\"e-con-inner\">\n\t\t\t\t<div class=\"elementor-element elementor-element-fe47ba3 elementor-widget elementor-widget-text-editor\" data-id=\"fe47ba3\" data-element_type=\"widget\" data-e-type=\"widget\" data-widget_type=\"text-editor.default\">\n\t\t\t\t<div class=\"elementor-widget-container\">\n\t\t\t\t\t\t\t\t\t<h2 data-start=\"2605\" data-end=\"2694\"><strong data-start=\"2608\" data-end=\"2694\">Compre suti\u00e3s Selene em Barcelona: uma experi\u00eancia de compra confort\u00e1vel e segura.<\/strong><\/h2>\n<p data-start=\"2695\" data-end=\"2951\">Na Rosana CL, cuidamos de cada detalhe: da apresenta\u00e7\u00e3o do produto \u00e0 facilidade de compra, incluindo uma pol\u00edtica clara de trocas e devolu\u00e7\u00f5es. Isso \u00e9 especialmente importante quando se trata de lingerie, onde o conforto \u00e9 essencial.<\/p>\n<p data-start=\"2953\" data-end=\"3343\">Nossa loja foi projetada para que voc\u00ea possa <strong data-start=\"2997\" data-end=\"3040\">Compre suti\u00e3s Selene em Barcelona<\/strong> De forma pr\u00e1tica, simples e totalmente segura. Se preferir visitar-nos pessoalmente, teremos todo o prazer em ajud\u00e1-lo(a), permitindo-lhe experimentar e comparar os modelos. Se preferir gerir a sua compra online, oferecemos um servi\u00e7o intuitivo e r\u00e1pido, com apoio direto para responder \u00e0s suas perguntas em tempo real.<\/p>\n<p data-start=\"3345\" data-end=\"3535\">Escolher a Rosana CL significa escolher qualidade, atendimento personalizado e conhecimento profundo dos produtos. \u00c9 por isso que cada vez mais mulheres nos recomendam quando procuram produtos. <strong data-start=\"3491\" data-end=\"3534\">Compre suti\u00e3s Selene em Barcelona<\/strong>.<\/p>\t\t\t\t\t\t\t\t<\/div>\n\t\t\t\t<\/div>\n\t\t\t\t\t<\/div>\n\t\t\t\t<\/div>\n\t\t<div class=\"elementor-element elementor-element-d05ed3a e-flex e-con-boxed e-con e-parent\" data-id=\"d05ed3a\" data-element_type=\"container\" data-e-type=\"container\">\n\t\t\t\t\t<div class=\"e-con-inner\">\n\t\t\t\t<div class=\"elementor-element elementor-element-b883e86 elementor-widget elementor-widget-heading\" data-id=\"b883e86\" data-element_type=\"widget\" data-e-type=\"widget\" data-widget_type=\"heading.default\">\n\t\t\t\t<div class=\"elementor-widget-container\">\n\t\t\t\t\t<h2 class=\"elementor-heading-title elementor-size-default\">Contate-nos <\/h2>\t\t\t\t<\/div>\n\t\t\t\t<\/div>\n\t\t\t\t\t<\/div>\n\t\t\t\t<\/div>\n\t\t<div class=\"elementor-element elementor-element-00e20e2 e-flex e-con-boxed e-con e-parent\" data-id=\"00e20e2\" data-element_type=\"container\" data-e-type=\"container\">\n\t\t\t\t\t<div class=\"e-con-inner\">\n\t\t<div class=\"elementor-element elementor-element-8ad8f7b e-con-full e-flex e-con e-child\" data-id=\"8ad8f7b\" data-element_type=\"container\" data-e-type=\"container\">\n\t\t\t\t<div class=\"elementor-element elementor-element-888944a elementor-widget__width-initial elementor-widget elementor-widget-elementskit-contact-form7\" data-id=\"888944a\" data-element_type=\"widget\" data-e-type=\"widget\" data-widget_type=\"elementskit-contact-form7.default\">\n\t\t\t\t<div class=\"elementor-widget-container\">\n\t\t\t\t\t<div class=\"ekit-wid-con\" ><div class=\"ekit-form\">\n<div class=\"wpcf7 no-js\" id=\"wpcf7-f48-p4182-o1\" lang=\"es-ES\" dir=\"ltr\" data-wpcf7-id=\"48\">\n<div class=\"screen-reader-response\"><p role=\"status\" aria-live=\"polite\" aria-atomic=\"true\"><\/p> <ul><\/ul><\/div>\n<form action=\"\/pt\/comprar-sujetadores-selene-en-barcelona\/#wpcf7-f48-p4182-o1\" method=\"post\" class=\"wpcf7-form init\" aria-label=\"Formul\u00e1rio de contato\" novalidate=\"novalidate\" data-status=\"init\" data-trp-original-action=\"\/comprar-sujetadores-selene-en-barcelona\/#wpcf7-f48-p4182-o1\">\n<fieldset class=\"hidden-fields-container\"><input type=\"hidden\" name=\"_wpcf7\" value=\"48\" \/><input type=\"hidden\" name=\"_wpcf7_version\" value=\"6.1.5\" \/><input type=\"hidden\" name=\"_wpcf7_locale\" value=\"es_ES\" \/><input type=\"hidden\" name=\"_wpcf7_unit_tag\" value=\"wpcf7-f48-p4182-o1\" \/><input type=\"hidden\" name=\"_wpcf7_container_post\" value=\"4182\" \/><input type=\"hidden\" name=\"_wpcf7_posted_data_hash\" value=\"\" \/><input type=\"hidden\" name=\"_wpcf7_recaptcha_response\" value=\"\" \/>\n<\/fieldset>\n<div class=\"form-row\">\n\t<div class=\"form-column\">\n\t\t<p><span class=\"wpcf7-form-control-wrap\" data-name=\"nombre\"><input size=\"40\" maxlength=\"400\" class=\"wpcf7-form-control wpcf7-text wpcf7-validates-as-required\" aria-required=\"true\" aria-invalid=\"false\" placeholder=\"Nome\" value=\"\" type=\"text\" name=\"nombre\" \/><\/span>\n\t\t<\/p>\n\t<\/div>\n\t<div class=\"form-column\">\n\t\t<p><span class=\"wpcf7-form-control-wrap\" data-name=\"telefono\"><input size=\"40\" maxlength=\"400\" class=\"wpcf7-form-control wpcf7-tel wpcf7-validates-as-required wpcf7-text wpcf7-validates-as-tel\" aria-required=\"true\" aria-invalid=\"false\" placeholder=\"Telefone *\" value=\"\" type=\"tel\" name=\"telefono\" \/><\/span>\n\t\t<\/p>\n\t<\/div>\n<\/div>\n<div class=\"form-row\">\n\t<div class=\"form-column\">\n\t\t<p><span class=\"wpcf7-form-control-wrap\" data-name=\"email\"><input size=\"40\" maxlength=\"400\" class=\"wpcf7-form-control wpcf7-email wpcf7-validates-as-required wpcf7-text wpcf7-validates-as-email\" aria-required=\"true\" aria-invalid=\"false\" placeholder=\"E-mail *\" value=\"\" type=\"email\" name=\"email\" \/><\/span>\n\t\t<\/p>\n\t<\/div>\n\t<div class=\"form-column\">\n\t\t<p><span class=\"wpcf7-form-control-wrap\" data-name=\"asunto\"><input size=\"40\" maxlength=\"400\" class=\"wpcf7-form-control wpcf7-text wpcf7-validates-as-required\" aria-required=\"true\" aria-invalid=\"false\" placeholder=\"Assunto *\" value=\"\" type=\"text\" name=\"asunto\" \/><\/span>\n\t\t<\/p>\n\t<\/div>\n<\/div>\n<p><span class=\"wpcf7-form-control-wrap\" data-name=\"mensaje\"><textarea cols=\"40\" rows=\"10\" maxlength=\"2000\" class=\"wpcf7-form-control wpcf7-textarea wpcf7-validates-as-required\" aria-required=\"true\" aria-invalid=\"false\" placeholder=\"Mensagem\" name=\"mensaje\"><\/textarea><\/span>\n<\/p>\n<p class=\"legal-priv\"><span class=\"wpcf7-form-control-wrap\" data-name=\"acceptance-787\"><span class=\"wpcf7-form-control wpcf7-acceptance\"><span class=\"wpcf7-list-item\"><label><input type=\"checkbox\" name=\"acceptance-787\" value=\"1\" aria-invalid=\"false\" \/><span class=\"wpcf7-list-item-label\">Li e concordo com o <a href=\"https:\/\/rosanacl.com\/pt\/politica-de-privacidad\/\">pol\u00edtica de Privacidade<\/a><\/span><\/label><\/span><\/span><\/span>\n<\/p>\n<p><input class=\"wpcf7-form-control wpcf7-submit has-spinner\" type=\"submit\" value=\"ENVIAR MENSAGEM\" \/>\n<\/p><div class=\"wpcf7-response-output\" aria-hidden=\"true\"><\/div>\n<input type=\"hidden\" name=\"trp-form-language\" value=\"pt\"\/><\/form>\n<\/div>\n<\/div><\/div>\t\t\t\t<\/div>\n\t\t\t\t<\/div>\n\t\t\t\t<\/div>\n\t\t\t\t\t<\/div>\n\t\t\t\t<\/div>\n\t\t\t\t<\/div>","protected":false},"excerpt":{"rendered":"<p>Comprar sujetadores Selene en Barcelona Comprar sujetadores Selene en Barcelona: variedad real pensada para cada mujer Cuando una mujer busca comprar sujetadores Selene en Barcelona, lo que realmente quiere es una combinaci\u00f3n de dise\u00f1o, comodidad y un ajuste impecable. En Rosana CL entendemos que cada cuerpo es \u00fanico, y por eso ofrecemos un cat\u00e1logo actualizado [&hellip;]<\/p>\n","protected":false},"author":1,"featured_media":0,"parent":0,"menu_order":0,"comment_status":"closed","ping_status":"closed","template":"","meta":{"content-type":"","footnotes":""},"class_list":["post-4182","page","type-page","status-publish","hentry"],"yoast_head":"<!-- This site is optimized with the Yoast SEO plugin v27.4 - https:\/\/yoast.com\/product\/yoast-seo-wordpress\/ -->\n<title>Comprar sujetadores Selene en Barcelona - Rosana CL<\/title>\n<meta name=\"robots\" content=\"index, follow, max-snippet:-1, max-image-preview:large, max-video-preview:-1\" \/>\n<link rel=\"canonical\" href=\"https:\/\/rosanacl.com\/pt\/comprar-sujetadores-selene-en-barcelona\/\" \/>\n<meta property=\"og:locale\" content=\"pt_PT\" \/>\n<meta property=\"og:type\" content=\"article\" \/>\n<meta property=\"og:title\" content=\"Comprar sujetadores Selene en Barcelona - Rosana CL\" \/>\n<meta property=\"og:description\" content=\"Comprar sujetadores Selene en Barcelona Comprar sujetadores Selene en Barcelona: variedad real pensada para cada mujer Cuando una mujer busca comprar sujetadores Selene en Barcelona, lo que realmente quiere es una combinaci\u00f3n de dise\u00f1o, comodidad y un ajuste impecable. En Rosana CL entendemos que cada cuerpo es \u00fanico, y por eso ofrecemos un cat\u00e1logo actualizado [&hellip;]\" \/>\n<meta property=\"og:url\" content=\"https:\/\/rosanacl.com\/pt\/comprar-sujetadores-selene-en-barcelona\/\" \/>\n<meta property=\"og:site_name\" content=\"Rosana CL\" \/>\n<meta property=\"article:modified_time\" content=\"2025-11-26T23:53:09+00:00\" \/>\n<meta property=\"og:image\" content=\"https:\/\/rosanacl.com\/wp-content\/uploads\/2025\/08\/comprar-lenceria-online.jpg\" \/>\n\t<meta property=\"og:image:width\" content=\"2000\" \/>\n\t<meta property=\"og:image:height\" content=\"1414\" \/>\n\t<meta property=\"og:image:type\" content=\"image\/jpeg\" \/>\n<meta name=\"twitter:card\" content=\"summary_large_image\" \/>\n<meta name=\"twitter:label1\" content=\"Tempo estimado de leitura\" \/>\n\t<meta name=\"twitter:data1\" content=\"2 minutos\" \/>\n<script type=\"application\/ld+json\" class=\"yoast-schema-graph\">{\"@context\":\"https:\\\/\\\/schema.org\",\"@graph\":[{\"@type\":\"WebPage\",\"@id\":\"https:\\\/\\\/rosanacl.com\\\/comprar-sujetadores-selene-en-barcelona\\\/\",\"url\":\"https:\\\/\\\/rosanacl.com\\\/comprar-sujetadores-selene-en-barcelona\\\/\",\"name\":\"Comprar sujetadores Selene en Barcelona - Rosana CL\",\"isPartOf\":{\"@id\":\"https:\\\/\\\/rosanacl.com\\\/ca\\\/#website\"},\"primaryImageOfPage\":{\"@id\":\"https:\\\/\\\/rosanacl.com\\\/comprar-sujetadores-selene-en-barcelona\\\/#primaryimage\"},\"image\":{\"@id\":\"https:\\\/\\\/rosanacl.com\\\/comprar-sujetadores-selene-en-barcelona\\\/#primaryimage\"},\"thumbnailUrl\":\"https:\\\/\\\/rosanacl.com\\\/wp-content\\\/uploads\\\/2025\\\/08\\\/comprar-lenceria-online-1024x724.jpg\",\"datePublished\":\"2025-11-26T23:49:16+00:00\",\"dateModified\":\"2025-11-26T23:53:09+00:00\",\"breadcrumb\":{\"@id\":\"https:\\\/\\\/rosanacl.com\\\/comprar-sujetadores-selene-en-barcelona\\\/#breadcrumb\"},\"inLanguage\":\"pt-PT\",\"potentialAction\":[{\"@type\":\"ReadAction\",\"target\":[\"https:\\\/\\\/rosanacl.com\\\/comprar-sujetadores-selene-en-barcelona\\\/\"]}]},{\"@type\":\"ImageObject\",\"inLanguage\":\"pt-PT\",\"@id\":\"https:\\\/\\\/rosanacl.com\\\/comprar-sujetadores-selene-en-barcelona\\\/#primaryimage\",\"url\":\"https:\\\/\\\/rosanacl.com\\\/wp-content\\\/uploads\\\/2025\\\/08\\\/comprar-lenceria-online-1024x724.jpg\",\"contentUrl\":\"https:\\\/\\\/rosanacl.com\\\/wp-content\\\/uploads\\\/2025\\\/08\\\/comprar-lenceria-online-1024x724.jpg\"},{\"@type\":\"BreadcrumbList\",\"@id\":\"https:\\\/\\\/rosanacl.com\\\/comprar-sujetadores-selene-en-barcelona\\\/#breadcrumb\",\"itemListElement\":[{\"@type\":\"ListItem\",\"position\":1,\"name\":\"Portada\",\"item\":\"https:\\\/\\\/rosanacl.com\\\/ca\\\/\"},{\"@type\":\"ListItem\",\"position\":2,\"name\":\"Comprar sujetadores Selene en Barcelona\"}]},{\"@type\":\"WebSite\",\"@id\":\"https:\\\/\\\/rosanacl.com\\\/ca\\\/#website\",\"url\":\"https:\\\/\\\/rosanacl.com\\\/ca\\\/\",\"name\":\"Rosana CL\",\"description\":\"Somos tu interior\",\"potentialAction\":[{\"@type\":\"SearchAction\",\"target\":{\"@type\":\"EntryPoint\",\"urlTemplate\":\"https:\\\/\\\/rosanacl.com\\\/ca\\\/?s={search_term_string}\"},\"query-input\":{\"@type\":\"PropertyValueSpecification\",\"valueRequired\":true,\"valueName\":\"search_term_string\"}}],\"inLanguage\":\"pt-PT\"}]}<\/script>\n<!-- \/ Yoast SEO plugin. -->","yoast_head_json":{"title":"Comprar sujetadores Selene en Barcelona - Rosana CL","robots":{"index":"index","follow":"follow","max-snippet":"max-snippet:-1","max-image-preview":"max-image-preview:large","max-video-preview":"max-video-preview:-1"},"canonical":"https:\/\/rosanacl.com\/pt\/comprar-sujetadores-selene-en-barcelona\/","og_locale":"pt_PT","og_type":"article","og_title":"Comprar sujetadores Selene en Barcelona - Rosana CL","og_description":"Comprar sujetadores Selene en Barcelona Comprar sujetadores Selene en Barcelona: variedad real pensada para cada mujer Cuando una mujer busca comprar sujetadores Selene en Barcelona, lo que realmente quiere es una combinaci\u00f3n de dise\u00f1o, comodidad y un ajuste impecable. En Rosana CL entendemos que cada cuerpo es \u00fanico, y por eso ofrecemos un cat\u00e1logo actualizado [&hellip;]","og_url":"https:\/\/rosanacl.com\/pt\/comprar-sujetadores-selene-en-barcelona\/","og_site_name":"Rosana CL","article_modified_time":"2025-11-26T23:53:09+00:00","og_image":[{"width":2000,"height":1414,"url":"https:\/\/rosanacl.com\/wp-content\/uploads\/2025\/08\/comprar-lenceria-online.jpg","type":"image\/jpeg"}],"twitter_card":"summary_large_image","twitter_misc":{"Tempo estimado de leitura":"2 minutos"},"schema":{"@context":"https:\/\/schema.org","@graph":[{"@type":"WebPage","@id":"https:\/\/rosanacl.com\/comprar-sujetadores-selene-en-barcelona\/","url":"https:\/\/rosanacl.com\/comprar-sujetadores-selene-en-barcelona\/","name":"Comprar sujetadores Selene en Barcelona - Rosana CL","isPartOf":{"@id":"https:\/\/rosanacl.com\/ca\/#website"},"primaryImageOfPage":{"@id":"https:\/\/rosanacl.com\/comprar-sujetadores-selene-en-barcelona\/#primaryimage"},"image":{"@id":"https:\/\/rosanacl.com\/comprar-sujetadores-selene-en-barcelona\/#primaryimage"},"thumbnailUrl":"https:\/\/rosanacl.com\/wp-content\/uploads\/2025\/08\/comprar-lenceria-online-1024x724.jpg","datePublished":"2025-11-26T23:49:16+00:00","dateModified":"2025-11-26T23:53:09+00:00","breadcrumb":{"@id":"https:\/\/rosanacl.com\/comprar-sujetadores-selene-en-barcelona\/#breadcrumb"},"inLanguage":"pt-PT","potentialAction":[{"@type":"ReadAction","target":["https:\/\/rosanacl.com\/comprar-sujetadores-selene-en-barcelona\/"]}]},{"@type":"ImageObject","inLanguage":"pt-PT","@id":"https:\/\/rosanacl.com\/comprar-sujetadores-selene-en-barcelona\/#primaryimage","url":"https:\/\/rosanacl.com\/wp-content\/uploads\/2025\/08\/comprar-lenceria-online-1024x724.jpg","contentUrl":"https:\/\/rosanacl.com\/wp-content\/uploads\/2025\/08\/comprar-lenceria-online-1024x724.jpg"},{"@type":"BreadcrumbList","@id":"https:\/\/rosanacl.com\/comprar-sujetadores-selene-en-barcelona\/#breadcrumb","itemListElement":[{"@type":"ListItem","position":1,"name":"Portada","item":"https:\/\/rosanacl.com\/ca\/"},{"@type":"ListItem","position":2,"name":"Comprar sujetadores Selene en Barcelona"}]},{"@type":"WebSite","@id":"https:\/\/rosanacl.com\/ca\/#website","url":"https:\/\/rosanacl.com\/ca\/","name":"Rosana CL","description":"N\u00f3s somos o seu interior","potentialAction":[{"@type":"SearchAction","target":{"@type":"EntryPoint","urlTemplate":"https:\/\/rosanacl.com\/ca\/?s={search_term_string}"},"query-input":{"@type":"PropertyValueSpecification","valueRequired":true,"valueName":"search_term_string"}}],"inLanguage":"pt-PT"}]}},"_links":{"self":[{"href":"https:\/\/rosanacl.com\/pt\/wp-json\/wp\/v2\/pages\/4182","targetHints":{"allow":["GET"]}}],"collection":[{"href":"https:\/\/rosanacl.com\/pt\/wp-json\/wp\/v2\/pages"}],"about":[{"href":"https:\/\/rosanacl.com\/pt\/wp-json\/wp\/v2\/types\/page"}],"author":[{"embeddable":true,"href":"https:\/\/rosanacl.com\/pt\/wp-json\/wp\/v2\/users\/1"}],"replies":[{"embeddable":true,"href":"https:\/\/rosanacl.com\/pt\/wp-json\/wp\/v2\/comments?post=4182"}],"version-history":[{"count":0,"href":"https:\/\/rosanacl.com\/pt\/wp-json\/wp\/v2\/pages\/4182\/revisions"}],"wp:attachment":[{"href":"https:\/\/rosanacl.com\/pt\/wp-json\/wp\/v2\/media?parent=4182"}],"curies":[{"name":"wp","href":"https:\/\/api.w.org\/{rel}","templated":true}]}}