{"id":16,"date":"2025-03-28T15:59:16","date_gmt":"2025-03-28T18:59:16","guid":{"rendered":"https:\/\/innovacon.simplificandotuweb.com\/?page_id=16"},"modified":"2025-07-09T08:54:15","modified_gmt":"2025-07-09T06:54:15","slug":"politica-de-cookies","status":"publish","type":"page","link":"https:\/\/rosanacl.com\/ro\/politica-de-cookies\/","title":{"rendered":"Politica privind cookie-urile"},"content":{"rendered":"<div data-elementor-type=\"wp-page\" data-elementor-id=\"16\" class=\"elementor elementor-16\" data-elementor-post-type=\"page\">\n\t\t\t\t<div class=\"elementor-element elementor-element-3406fa7 e-flex e-con-boxed e-con e-parent\" data-id=\"3406fa7\" data-element_type=\"container\" data-e-type=\"container\" data-settings=\"{&quot;background_background&quot;:&quot;classic&quot;}\">\n\t\t\t\t\t<div class=\"e-con-inner\">\n\t\t<div class=\"elementor-element elementor-element-d212998 e-con-full e-flex e-con e-child\" data-id=\"d212998\" data-element_type=\"container\" data-e-type=\"container\">\n\t\t\t\t<div class=\"elementor-element elementor-element-973e9ce elementor-widget elementor-widget-heading\" data-id=\"973e9ce\" data-element_type=\"widget\" data-e-type=\"widget\" data-widget_type=\"heading.default\">\n\t\t\t\t<div class=\"elementor-widget-container\">\n\t\t\t\t\t<h2 class=\"elementor-heading-title elementor-size-default\">Politica privind cookie-urile<\/h2>\t\t\t\t<\/div>\n\t\t\t\t<\/div>\n\t\t\t\t<\/div>\n\t\t\t\t\t<\/div>\n\t\t\t\t<\/div>\n\t\t<div class=\"elementor-element elementor-element-504b4f4d e-flex e-con-boxed e-con e-parent\" data-id=\"504b4f4d\" data-element_type=\"container\" data-e-type=\"container\">\n\t\t\t\t\t<div class=\"e-con-inner\">\n\t\t\t\t<div class=\"elementor-element elementor-element-36706845 elementor-widget elementor-widget-text-editor\" data-id=\"36706845\" data-element_type=\"widget\" data-e-type=\"widget\" data-widget_type=\"text-editor.default\">\n\t\t\t\t<div class=\"elementor-widget-container\">\n\t\t\t\t\t\t\t\t\t\n<p>Aceast\u0103 politic\u0103 privind cookie-urile a fost actualizat\u0103 ultima dat\u0103 la 08\/01\/2024 \u0219i se aplic\u0103 cet\u0103\u021benilor \u0219i reziden\u021bilor legali permanen\u021bi din Spa\u021biul Economic European \u0219i Elve\u021bia.<\/p>\n\n<p><strong>1. Introducere<\/strong><\/p>\n\n<p>Site-ul nostru web, <a href=\"https:\/\/rosanacl.com\/ro\/\">https:\/\/rosanacl.com\/<\/a> (denumit \u00een continuare \u201esite-ul web\u201d) utilizeaz\u0103 cookie-uri \u0219i alte tehnologii conexe (pentru comoditate, toate tehnologiile sunt denumite \u201ecookie-uri\u201d). Cookie-urile sunt plasate \u0219i de ter\u021be p\u0103r\u021bi pe care le-am angajat. \u00cen documentul urm\u0103tor, v\u0103 inform\u0103m despre utilizarea cookie-urilor pe site-ul nostru web.<\/p>\n\n<p><strong>2. Ce sunt cookie-urile?<\/strong><\/p>\n\n<p>Un cookie este un fi\u0219ier mic trimis \u00eempreun\u0103 cu paginile acestui site web \u0219i stocat de browserul dvs. pe hard disk-ul computerului sau al altui dispozitiv. Informa\u021biile stocate pot fi returnate serverelor noastre sau serverelor ter\u021be corespunz\u0103toare \u00een timpul unei vizite ulterioare.<\/p>\n\n<p><strong>3. Ce sunt scripturile?<\/strong><\/p>\n\n<p>Un script este o por\u021biune de cod de program utilizat\u0103 pentru ca site-ul nostru web s\u0103 func\u021bioneze corect \u0219i interactiv. Acest cod ruleaz\u0103 pe serverul nostru sau pe dispozitivul dumneavoastr\u0103.<\/p>\n\n<p><strong>4. Ce este un semnalizator web?<\/strong><\/p>\n\n<p>Un web beacon (sau pixel tag) este o mic\u0103 bucat\u0103 de text sau o imagine invizibil\u0103 de pe un site web, utilizat\u0103 pentru monitorizarea traficului web. Diverse date despre dvs. sunt stocate folosind aceste web beacon-uri.<\/p>\n\n<p><strong>5. Cookie-uri<\/strong><\/p>\n\n<p><strong>5.1 Cookie-uri tehnice sau func\u021bionale<\/strong><\/p>\n\n<p>Unele cookie-uri asigur\u0103 func\u021bionarea corect\u0103 a anumitor p\u0103r\u021bi ale site-ului web \u0219i memorarea preferin\u021belor dvs. de utilizator. Prin plasarea cookie-urilor func\u021bionale, v\u0103 facilit\u0103m vizitarea site-ului nostru web. \u00cen acest fel, nu trebuie s\u0103 introduce\u021bi \u00een mod repetat acelea\u0219i informa\u021bii atunci c\u00e2nd vizita\u021bi site-ul nostru web \u0219i, de exemplu, articolele r\u0103m\u00e2n \u00een co\u0219ul dvs. de cump\u0103r\u0103turi p\u00e2n\u0103 c\u00e2nd a\u021bi finalizat comanda. Putem plasa aceste cookie-uri f\u0103r\u0103 consim\u021b\u0103m\u00e2ntul dvs.<\/p>\n\n<p><strong>5.2 Cookie-uri de marketing\/urm\u0103rire<\/strong><\/p>\n\n<p>Cookie-urile de marketing\/urm\u0103rire sunt cookie-uri sau orice alt\u0103 form\u0103 de stocare local\u0103, utilizate pentru a crea profiluri de utilizator \u00een scopul afi\u0219\u0103rii de reclame sau pentru a urm\u0103ri utilizatorul pe acest site web sau pe mai multe site-uri web \u00een scopuri de marketing similare.<\/p>\n\n<p><strong>6. Cookie-uri utilizate<\/strong><\/p>\n\n<ul class=\"wp-block-list\">\n<li>Elementor \u2013 Statistic\u0103 (anonim)<\/li>\n<li>Consim\u021b\u0103m\u00e2nt pentru elementul de serviciu<\/li>\n<li>WordPress \u2013 Func\u021bional<\/li>\n<li>Consim\u021b\u0103m\u00e2nt pentru serviciul WordPress<\/li>\n<li>Diverse \u2013 Scop \u00een a\u0219teptarea investiga\u021biei<\/li>\n<li>Consim\u021b\u0103m\u00e2nt pentru diverse servicii<\/li>\n<\/ul>\n\n<p><strong>7. Consim\u021b\u0103m\u00e2nt<\/strong><\/p>\n\n<p>C\u00e2nd vizita\u021bi site-ul nostru web pentru prima dat\u0103, v\u0103 vom afi\u0219a o fereastr\u0103 pop-up care explic\u0103 cookie-urile. De \u00eendat\u0103 ce face\u021bi clic pe \u201eSalva\u021bi preferin\u021bele\u201d, sunte\u021bi de acord cu utilizarea de c\u0103tre noi a categoriilor de cookie-uri \u0219i a pluginurilor pe care le-a\u021bi selectat \u00een fereastra pop-up, a\u0219a cum este descris \u00een aceast\u0103 politic\u0103 privind cookie-urile. Pute\u021bi dezactiva utilizarea cookie-urilor prin intermediul browserului dvs., dar re\u021bine\u021bi c\u0103 site-ul nostru web este posibil s\u0103 nu mai func\u021bioneze corect \u00een acest caz.<\/p>\n\n<p><strong>7.1 Gestiona\u021bi set\u0103rile de consim\u021b\u0103m\u00e2nt<\/strong><\/p>\n\n<ul class=\"wp-block-list\">\n<li>Func\u021bional \u2013 \u00centotdeauna activ<\/li>\n<li>Marketing \u2013 Marketing<\/li>\n<\/ul>\n\n<p><strong>8. Activarea\/dezactivarea \u0219i \u0219tergerea cookie-urilor<\/strong><\/p>\n\n<p>Pute\u021bi utiliza browserul dvs. de internet pentru a \u0219terge cookie-urile automat sau manual. De asemenea, pute\u021bi specifica ca anumite cookie-uri s\u0103 nu poat\u0103 fi plasate. O alt\u0103 op\u021biune este s\u0103 modifica\u021bi set\u0103rile browserului dvs. de internet astfel \u00eenc\u00e2t s\u0103 primi\u021bi un mesaj de fiecare dat\u0103 c\u00e2nd este plasat un cookie. Pentru mai multe informa\u021bii despre aceste op\u021biuni, consulta\u021bi instruc\u021biunile din sec\u021biunea \u201eAjutor\u201d a browserului dvs.<\/p>\n\n<p>V\u0103 rug\u0103m s\u0103 re\u021bine\u021bi c\u0103 site-ul nostru web este posibil s\u0103 nu func\u021bioneze corect dac\u0103 toate cookie-urile sunt dezactivate. Dac\u0103 \u0219terge\u021bi cookie-urile din browser, acestea vor fi plasate din nou dup\u0103 ce v\u0103 da\u021bi consim\u021b\u0103m\u00e2ntul atunci c\u00e2nd reveni\u021bi pe site-ul nostru web.<\/p>\n\n<p><strong>9. Drepturile dumneavoastr\u0103 privind datele cu caracter personal<\/strong><\/p>\n\n<ul class=\"wp-block-list\">\n<li>Ave\u021bi dreptul s\u0103 \u0219ti\u021bi de ce sunt necesare datele dumneavoastr\u0103 cu caracter personal, ce se va \u00eent\u00e2mpla cu ele \u0219i c\u00e2t timp vor fi p\u0103strate.<\/li>\n<li>Dreptul de acces: Ave\u021bi dreptul de a accesa datele dumneavoastr\u0103 cu caracter personal pe care le de\u021binem.<\/li>\n<li>Dreptul la rectificare: Ave\u021bi dreptul de a completa, rectifica, \u0219terge sau bloca datele dumneavoastr\u0103 cu caracter personal oric\u00e2nd dori\u021bi.<\/li>\n<li>Dac\u0103 ne da\u021bi consim\u021b\u0103m\u00e2ntul pentru a v\u0103 prelucra datele, ave\u021bi dreptul de a revoca acest consim\u021b\u0103m\u00e2nt odat\u0103 ce datele dumneavoastr\u0103 cu caracter personal au fost \u0219terse.<\/li>\n<li>Dreptul la transferul datelor dumneavoastr\u0103: ave\u021bi dreptul de a solicita toate datele dumneavoastr\u0103 cu caracter personal de la operatorul de date \u0219i de a le transfera integral c\u0103tre un alt operator de date.<\/li>\n<li>Dreptul la opozi\u021bie: V\u0103 pute\u021bi opune prelucr\u0103rii datelor dumneavoastr\u0103. Ne conform\u0103m acestui drept, cu excep\u021bia cazului \u00een care exist\u0103 motive justificate pentru prelucrare.<\/li>\n<\/ul>\n\n<p>Pentru a exercita aceste drepturi, v\u0103 rug\u0103m s\u0103 ne contacta\u021bi. V\u0103 rug\u0103m s\u0103 consulta\u021bi datele de contact \u00een partea de jos a acestei politici privind cookie-urile. Dac\u0103 ave\u021bi reclama\u021bii cu privire la modul \u00een care gestion\u0103m datele dumneavoastr\u0103, v-am fi recunosc\u0103tori dac\u0103 ne-a\u021bi informa, dar ave\u021bi \u0219i dreptul de a depune o pl\u00e2ngere la autoritatea de supraveghere (autoritatea pentru protec\u021bia datelor).<\/p>\n\n<p><strong>10. Date de contact<\/strong><\/p>\n\n<p>Pentru \u00eentreb\u0103ri \u0219i\/sau comentarii despre politica noastr\u0103 privind cookie-urile \u0219i aceast\u0103 declara\u021bie, v\u0103 rug\u0103m s\u0103 ne contacta\u021bi folosind urm\u0103toarele date de contact:<\/p>\n\n<ul class=\"wp-block-list\">\n<li>Companie: Pablo Angulo Maspons<\/li>\n<li>Popula\u021bie: Vinaroz, Spania<\/li>\n<li>Telefon: 613395013<\/li>\n<li>Po\u0219t\u0103:<a href=\"mailto:info@rosanacl.com\"> info@rosanacl.com<\/a>\u00a0<\/li>\n<\/ul>\n\n<p>Aceast\u0103 politic\u0103 privind cookie-urile a fost sincronizat\u0103 cu <a href=\"https:\/\/cookiedatabase.org\">cookiedatabase.org<\/a> 08\/01\/2024.<\/p>\n\n<p>\u00a0<\/p>\t\t\t\t\t\t\t\t<\/div>\n\t\t\t\t<\/div>\n\t\t\t\t\t<\/div>\n\t\t\t\t<\/div>\n\t\t\t\t<\/div>","protected":false},"excerpt":{"rendered":"<p>Esta pol\u00edtica de cookies fue actualizada por \u00faltima vez el 08\/01\/2024 y se aplica a los ciudadanos y residentes legales permanentes del Espacio Econ\u00f3mico Europeo y Suiza. 1. Introducci\u00f3n Nuestra web, https:\/\/rosanacl.com\/ (en adelante: \u00abla web\u00bb) utiliza cookies y otras tecnolog\u00edas relacionadas (para mayor comodidad, todas las tecnolog\u00edas se denominan \u00abcookies\u00bb). Las cookies tambi\u00e9n son [&hellip;]<\/p>\n","protected":false},"author":1,"featured_media":0,"parent":0,"menu_order":0,"comment_status":"closed","ping_status":"closed","template":"","meta":{"content-type":"","footnotes":""},"class_list":["post-16","page","type-page","status-publish","hentry"],"yoast_head":"<!-- This site is optimized with the Yoast SEO plugin v27.4 - https:\/\/yoast.com\/product\/yoast-seo-wordpress\/ -->\n<title>Pol\u00edtica de Cookies - Rosana CL<\/title>\n<meta name=\"robots\" content=\"index, follow, max-snippet:-1, max-image-preview:large, max-video-preview:-1\" \/>\n<link rel=\"canonical\" href=\"https:\/\/rosanacl.com\/ro\/politica-de-cookies\/\" \/>\n<meta property=\"og:locale\" content=\"ro_RO\" \/>\n<meta property=\"og:type\" content=\"article\" \/>\n<meta property=\"og:title\" content=\"Pol\u00edtica de Cookies - Rosana CL\" \/>\n<meta property=\"og:description\" content=\"Esta pol\u00edtica de cookies fue actualizada por \u00faltima vez el 08\/01\/2024 y se aplica a los ciudadanos y residentes legales permanentes del Espacio Econ\u00f3mico Europeo y Suiza. 1. Introducci\u00f3n Nuestra web, https:\/\/rosanacl.com\/ (en adelante: \u00abla web\u00bb) utiliza cookies y otras tecnolog\u00edas relacionadas (para mayor comodidad, todas las tecnolog\u00edas se denominan \u00abcookies\u00bb). Las cookies tambi\u00e9n son [&hellip;]\" \/>\n<meta property=\"og:url\" content=\"https:\/\/rosanacl.com\/ro\/politica-de-cookies\/\" \/>\n<meta property=\"og:site_name\" content=\"Rosana CL\" \/>\n<meta property=\"article:modified_time\" content=\"2025-07-09T06:54:15+00:00\" \/>\n<meta name=\"twitter:card\" content=\"summary_large_image\" \/>\n<meta name=\"twitter:label1\" content=\"Timp estimat pentru citire\" \/>\n\t<meta name=\"twitter:data1\" content=\"4 minute\" \/>\n<script type=\"application\/ld+json\" class=\"yoast-schema-graph\">{\"@context\":\"https:\\\/\\\/schema.org\",\"@graph\":[{\"@type\":\"WebPage\",\"@id\":\"https:\\\/\\\/rosanacl.com\\\/eu\\\/politica-de-cookies\\\/\",\"url\":\"https:\\\/\\\/rosanacl.com\\\/eu\\\/politica-de-cookies\\\/\",\"name\":\"Pol\u00edtica de Cookies - Rosana CL\",\"isPartOf\":{\"@id\":\"https:\\\/\\\/rosanacl.com\\\/ca\\\/#website\"},\"datePublished\":\"2025-03-28T18:59:16+00:00\",\"dateModified\":\"2025-07-09T06:54:15+00:00\",\"breadcrumb\":{\"@id\":\"https:\\\/\\\/rosanacl.com\\\/eu\\\/politica-de-cookies\\\/#breadcrumb\"},\"inLanguage\":\"ro-RO\",\"potentialAction\":[{\"@type\":\"ReadAction\",\"target\":[\"https:\\\/\\\/rosanacl.com\\\/eu\\\/politica-de-cookies\\\/\"]}]},{\"@type\":\"BreadcrumbList\",\"@id\":\"https:\\\/\\\/rosanacl.com\\\/eu\\\/politica-de-cookies\\\/#breadcrumb\",\"itemListElement\":[{\"@type\":\"ListItem\",\"position\":1,\"name\":\"Portada\",\"item\":\"https:\\\/\\\/rosanacl.com\\\/ca\\\/\"},{\"@type\":\"ListItem\",\"position\":2,\"name\":\"Pol\u00edtica de Cookies\"}]},{\"@type\":\"WebSite\",\"@id\":\"https:\\\/\\\/rosanacl.com\\\/ca\\\/#website\",\"url\":\"https:\\\/\\\/rosanacl.com\\\/ca\\\/\",\"name\":\"Rosana CL\",\"description\":\"Somos tu interior\",\"potentialAction\":[{\"@type\":\"SearchAction\",\"target\":{\"@type\":\"EntryPoint\",\"urlTemplate\":\"https:\\\/\\\/rosanacl.com\\\/ca\\\/?s={search_term_string}\"},\"query-input\":{\"@type\":\"PropertyValueSpecification\",\"valueRequired\":true,\"valueName\":\"search_term_string\"}}],\"inLanguage\":\"ro-RO\"}]}<\/script>\n<!-- \/ Yoast SEO plugin. -->","yoast_head_json":{"title":"Pol\u00edtica de Cookies - Rosana CL","robots":{"index":"index","follow":"follow","max-snippet":"max-snippet:-1","max-image-preview":"max-image-preview:large","max-video-preview":"max-video-preview:-1"},"canonical":"https:\/\/rosanacl.com\/ro\/politica-de-cookies\/","og_locale":"ro_RO","og_type":"article","og_title":"Pol\u00edtica de Cookies - Rosana CL","og_description":"Esta pol\u00edtica de cookies fue actualizada por \u00faltima vez el 08\/01\/2024 y se aplica a los ciudadanos y residentes legales permanentes del Espacio Econ\u00f3mico Europeo y Suiza. 1. Introducci\u00f3n Nuestra web, https:\/\/rosanacl.com\/ (en adelante: \u00abla web\u00bb) utiliza cookies y otras tecnolog\u00edas relacionadas (para mayor comodidad, todas las tecnolog\u00edas se denominan \u00abcookies\u00bb). Las cookies tambi\u00e9n son [&hellip;]","og_url":"https:\/\/rosanacl.com\/ro\/politica-de-cookies\/","og_site_name":"Rosana CL","article_modified_time":"2025-07-09T06:54:15+00:00","twitter_card":"summary_large_image","twitter_misc":{"Timp estimat pentru citire":"4 minute"},"schema":{"@context":"https:\/\/schema.org","@graph":[{"@type":"WebPage","@id":"https:\/\/rosanacl.com\/eu\/politica-de-cookies\/","url":"https:\/\/rosanacl.com\/eu\/politica-de-cookies\/","name":"Pol\u00edtica de Cookies - Rosana CL","isPartOf":{"@id":"https:\/\/rosanacl.com\/ca\/#website"},"datePublished":"2025-03-28T18:59:16+00:00","dateModified":"2025-07-09T06:54:15+00:00","breadcrumb":{"@id":"https:\/\/rosanacl.com\/eu\/politica-de-cookies\/#breadcrumb"},"inLanguage":"ro-RO","potentialAction":[{"@type":"ReadAction","target":["https:\/\/rosanacl.com\/eu\/politica-de-cookies\/"]}]},{"@type":"BreadcrumbList","@id":"https:\/\/rosanacl.com\/eu\/politica-de-cookies\/#breadcrumb","itemListElement":[{"@type":"ListItem","position":1,"name":"Portada","item":"https:\/\/rosanacl.com\/ca\/"},{"@type":"ListItem","position":2,"name":"Pol\u00edtica de Cookies"}]},{"@type":"WebSite","@id":"https:\/\/rosanacl.com\/ca\/#website","url":"https:\/\/rosanacl.com\/ca\/","name":"Rosana CL","description":"Suntem sinele t\u0103u interior","potentialAction":[{"@type":"SearchAction","target":{"@type":"EntryPoint","urlTemplate":"https:\/\/rosanacl.com\/ca\/?s={search_term_string}"},"query-input":{"@type":"PropertyValueSpecification","valueRequired":true,"valueName":"search_term_string"}}],"inLanguage":"ro-RO"}]}},"_links":{"self":[{"href":"https:\/\/rosanacl.com\/ro\/wp-json\/wp\/v2\/pages\/16","targetHints":{"allow":["GET"]}}],"collection":[{"href":"https:\/\/rosanacl.com\/ro\/wp-json\/wp\/v2\/pages"}],"about":[{"href":"https:\/\/rosanacl.com\/ro\/wp-json\/wp\/v2\/types\/page"}],"author":[{"embeddable":true,"href":"https:\/\/rosanacl.com\/ro\/wp-json\/wp\/v2\/users\/1"}],"replies":[{"embeddable":true,"href":"https:\/\/rosanacl.com\/ro\/wp-json\/wp\/v2\/comments?post=16"}],"version-history":[{"count":0,"href":"https:\/\/rosanacl.com\/ro\/wp-json\/wp\/v2\/pages\/16\/revisions"}],"wp:attachment":[{"href":"https:\/\/rosanacl.com\/ro\/wp-json\/wp\/v2\/media?parent=16"}],"curies":[{"name":"wp","href":"https:\/\/api.w.org\/{rel}","templated":true}]}}