{"id":18,"date":"2025-03-28T16:03:06","date_gmt":"2025-03-28T19:03:06","guid":{"rendered":"https:\/\/innovacon.simplificandotuweb.com\/?page_id=18"},"modified":"2025-08-01T14:33:36","modified_gmt":"2025-08-01T12:33:36","slug":"aviso-legal","status":"publish","type":"page","link":"https:\/\/rosanacl.com\/ro\/aviso-legal\/","title":{"rendered":"Notificare legal\u0103"},"content":{"rendered":"<div data-elementor-type=\"wp-page\" data-elementor-id=\"18\" class=\"elementor elementor-18\" data-elementor-post-type=\"page\">\n\t\t\t\t<div class=\"elementor-element elementor-element-1f18319 e-flex e-con-boxed e-con e-parent\" data-id=\"1f18319\" data-element_type=\"container\" data-e-type=\"container\" data-settings=\"{&quot;background_background&quot;:&quot;classic&quot;}\">\n\t\t\t\t\t<div class=\"e-con-inner\">\n\t\t<div class=\"elementor-element elementor-element-c2acaab e-con-full e-flex e-con e-child\" data-id=\"c2acaab\" data-element_type=\"container\" data-e-type=\"container\">\n\t\t\t\t<div class=\"elementor-element elementor-element-6f29856 elementor-widget elementor-widget-heading\" data-id=\"6f29856\" data-element_type=\"widget\" data-e-type=\"widget\" data-widget_type=\"heading.default\">\n\t\t\t\t<div class=\"elementor-widget-container\">\n\t\t\t\t\t<h2 class=\"elementor-heading-title elementor-size-default\">Notificare legal\u0103<\/h2>\t\t\t\t<\/div>\n\t\t\t\t<\/div>\n\t\t\t\t<\/div>\n\t\t\t\t\t<\/div>\n\t\t\t\t<\/div>\n\t\t<div class=\"elementor-element elementor-element-7b2ac5e6 e-flex e-con-boxed e-con e-parent\" data-id=\"7b2ac5e6\" data-element_type=\"container\" data-e-type=\"container\">\n\t\t\t\t\t<div class=\"e-con-inner\">\n\t\t\t\t<div class=\"elementor-element elementor-element-2e23d7df elementor-widget elementor-widget-text-editor\" data-id=\"2e23d7df\" data-element_type=\"widget\" data-e-type=\"widget\" data-widget_type=\"text-editor.default\">\n\t\t\t\t<div class=\"elementor-widget-container\">\n\t\t\t\t\t\t\t\t\t\n<p><strong>Operator de date<\/strong><\/p>\n\n<p>\u00cen conformitate cu obliga\u021bia de informare stabilit\u0103 de Legea 34\/2002 din 11 iulie, privind Serviciile Societ\u0103\u021bii Informa\u021bionale \u0219i Comer\u021bul Electronic, v\u0103 inform\u0103m c\u0103 acest site web este proprietatea:<\/p>\n\n<ul class=\"wp-block-list\">\n<li>Companie: Pablo Angulo Maspons<\/li>\n<li>CIF: 73394866A<\/li>\n<li>Popula\u021bie: Vinaroz, Spania<\/li>\n<li>Telefon: 613395013<\/li>\n<li>Po\u0219t\u0103: <a href=\"mailto:info@rosanacl.com\">info@rosanacl.com<\/a><a href=\"mailto:info@rosanacl.com\">\u00a0<\/a><\/li>\n<\/ul>\n\n<p><strong>Obiect<\/strong><\/p>\n\n<p>Operatorul pune la dispozi\u021bia utilizatorilor acest document \u00een scopul respect\u0103rii prevederilor reglement\u0103rilor actuale privind protec\u021bia datelor \u0219i \u00een contextul noului cadru de reglementare instituit \u00een temeiul prevederilor Regulamentului (UE) 2016\/679 al Parlamentului European \u0219i al Consiliului din 27 aprilie 2016 privind protec\u021bia persoanelor fizice \u00een ceea ce prive\u0219te prelucrarea datelor cu caracter personal \u0219i privind libera circula\u021bie a acestor date (denumit \u00een continuare \u201eGDPR\u201d) \u0219i al reglement\u0103rilor na\u021bionale privind protec\u021bia datelor cu caracter personal, precum \u0219i pentru informarea tuturor utilizatorilor site-ului web cu privire la condi\u021biile de utilizare a acestuia. Orice persoan\u0103 care acceseaz\u0103 acest site web \u00ee\u0219i asum\u0103 rolul de utilizator, angaj\u00e2ndu-se s\u0103 respecte \u0219i s\u0103 respecte cu stricte\u021be prevederile prezentului document, precum \u0219i orice alte prevederi legale aplicabile. Operatorul \u00ee\u0219i rezerv\u0103 dreptul de a modifica orice tip de informa\u021bie care poate ap\u0103rea pe site-ul web, f\u0103r\u0103 a exista obliga\u021bia de a notifica sau informa utilizatorii cu privire la aceste obliga\u021bii, publicarea pe site-ul web al Operatorului fiind considerat\u0103 suficient\u0103.<\/p>\n\n<p><strong>Responsabilitate<\/strong><\/p>\n\n<p>Operatorul de date nu \u00ee\u0219i asum\u0103 nicio r\u0103spundere care decurge din informa\u021biile publicate pe site-ul s\u0103u web, cu condi\u021bia ca aceste informa\u021bii s\u0103 fi fost manipulate sau introduse de o ter\u021b\u0103 parte, alta dec\u00e2t Operatorul de date.<\/p>\n\n<p><strong>Adrese IP<\/strong><\/p>\n\n<p>Serverele site-ului web vor detecta automat adresa IP \u0219i numele de domeniu utilizate de utilizator. O adres\u0103 IP este un num\u0103r atribuit automat unui computer atunci c\u00e2nd acesta se conecteaz\u0103 la internet. Toate aceste informa\u021bii sunt \u00eenregistrate \u00eentr-un jurnal de activitate al serverului, care permite prelucrarea ulterioar\u0103 a datelor pentru a ob\u021bine m\u0103sur\u0103tori pur statistice, cum ar fi num\u0103rul de afi\u0219\u0103ri de pagini, num\u0103rul de vizite efectuate pe serverele web, ordinea vizitelor, punctul de acces etc.<\/p>\n\n<p><strong>Politica privind linkurile<\/strong><\/p>\n\n<p>De pe acest site web, este posibil s\u0103 fi\u021bi redirec\u021bionat c\u0103tre con\u021binut de pe site-uri web ale unor ter\u021be p\u0103r\u021bi. \u00centruc\u00e2t Operatorul nu poate controla \u00eentotdeauna con\u021binutul postat de ter\u021be p\u0103r\u021bi pe site-urile lor web, nu \u00ee\u0219i asum\u0103 nicio responsabilitate pentru acest con\u021binut. \u00cen orice caz, Operatorul declar\u0103 c\u0103 va elimina imediat orice con\u021binut care ar putea \u00eenc\u0103lca legisla\u021bia na\u021bional\u0103 sau interna\u021bional\u0103, morala sau ordinea public\u0103 \u0219i va elimina imediat redirec\u021bionarea c\u0103tre acest site web \u0219i va notifica autorit\u0103\u021bile competente cu privire la con\u021binutul \u00een cauz\u0103. Operatorul nu este responsabil pentru informa\u021biile \u0219i con\u021binutul stocat, inclusiv, dar f\u0103r\u0103 a se limita la, forumuri, chat-uri, generatoare de bloguri, comentarii, re\u021bele sociale sau orice alte mijloace care permit ter\u021bilor s\u0103 publice con\u021binut \u00een mod independent pe site-ul web al Operatorului. Cu toate acestea, \u0219i \u00een conformitate cu prevederile art. \u00cen conformitate cu articolele 11 \u0219i 16 din LSSICE (Legea spaniol\u0103 privind serviciile societ\u0103\u021bii informa\u021bionale), Operatorul se pune la dispozi\u021bia tuturor utilizatorilor, autorit\u0103\u021bilor \u0219i for\u021belor de securitate, colabor\u00e2nd activ la eliminarea sau, dup\u0103 caz, blocarea \u00eentregului con\u021binut care ar putea afecta sau \u00eenc\u0103lca legisla\u021bia na\u021bional\u0103 sau interna\u021bional\u0103, drepturile ter\u021bilor sau morala \u0219i ordinea public\u0103. Dac\u0103 utilizatorul consider\u0103 c\u0103 exist\u0103 con\u021binut pe site-ul web care ar putea fi clasificat ca atare, v\u0103 rug\u0103m s\u0103 anun\u021ba\u021bi imediat administratorul site-ului web. Acest site web a fost revizuit \u0219i testat pentru a asigura o func\u021bionare corect\u0103. \u00cen principiu, func\u021bionarea corect\u0103 poate fi garantat\u0103 365 de zile pe an, 24 de ore pe zi. Cu toate acestea, Operatorul nu exclude posibilitatea unor erori de programare sau posibilitatea ca acestea s\u0103 devin\u0103 cauze de for\u021b\u0103 major\u0103, dezastre naturale, greve sau circumstan\u021be similare care fac imposibil accesul la site-ul web.<\/p>\n\n<p><strong>Protec\u021bia datelor<\/strong><\/p>\n\n<p>Operatorul este profund angajat s\u0103 respecte prevederile reglement\u0103rilor actuale privind protec\u021bia datelor \u0219i \u00een contextul noului cadru de reglementare instituit prin prevederile Regulamentului (UE) 2016\/679 al Parlamentului European \u0219i al Consiliului din 27 aprilie 2016 privind protec\u021bia persoanelor fizice \u00een ceea ce prive\u0219te prelucrarea datelor cu caracter personal \u0219i privind libera circula\u021bie a acestor date (denumit \u00een continuare GDPR) \u0219i reglement\u0103rile na\u021bionale privind protec\u021bia datelor cu caracter personal. De asemenea, Operatorul informeaz\u0103 c\u0103 respect\u0103 Legea 34\/2002 din 11 iulie privind serviciile societ\u0103\u021bii informa\u021bionale \u0219i comer\u021bul electronic \u0219i v\u0103 va solicita \u00een orice moment consim\u021b\u0103m\u00e2ntul pentru prelucrarea datelor dumneavoastr\u0103 \u00een scopuri comerciale.<\/p>\n\n<p><strong>Proprietatea intelectual\u0103 \u0219i industrial\u0103<\/strong><\/p>\n\n<p>Site-ul web, inclusiv, dar f\u0103r\u0103 a se limita la, programarea, editarea, compilarea \u0219i alte elemente necesare func\u021bion\u0103rii sale, design-urile, logo-urile, textul \u0219i\/sau grafica, sunt proprietatea Operatorului de date sau, dup\u0103 caz, de\u021bin o licen\u021b\u0103 sau o autoriza\u021bie expres\u0103 din partea autorilor. \u00centregul con\u021binut de pe site-ul web este protejat \u00een mod corespunz\u0103tor de reglement\u0103rile privind proprietatea intelectual\u0103 \u0219i industrial\u0103. Indiferent de scopul propus, reproducerea integral\u0103 sau par\u021bial\u0103, utilizarea, exploatarea, distribuirea \u0219i comercializarea necesit\u0103 \u00eentotdeauna o autoriza\u021bie prealabil\u0103 scris\u0103 din partea Operatorului de date. Orice utilizare neautorizat\u0103 anterior de c\u0103tre Operatorul de date va fi considerat\u0103 o \u00eenc\u0103lcare grav\u0103 a drepturilor de proprietate intelectual\u0103 sau industrial\u0103 ale autorului. Design-urile, logo-urile, textul \u0219i\/sau grafica care nu apar\u021bin creditorului \u0219i care pot ap\u0103rea pe site-ul web apar\u021bin proprietarilor respectivi, care sunt responsabili pentru orice poten\u021biale litigii care pot ap\u0103rea \u00een leg\u0103tur\u0103 cu acestea. \u00cen orice caz, Operatorul de date are autoriza\u021bia prealabil\u0103 expres\u0103 a acestuia. Operatorul autorizeaz\u0103 \u00een mod expres ter\u021bii s\u0103 redirec\u021bioneze direct c\u0103tre con\u021binut specific de pe site-ul web \u0219i, \u00een toate cazurile, ace\u0219tia trebuie s\u0103 redirec\u021bioneze c\u0103tre pagina principal\u0103 a Operatorului. Operatorul recunoa\u0219te drepturile de proprietate intelectual\u0103 \u0219i industrial\u0103 corespunz\u0103toare ale de\u021bin\u0103torilor acestora, iar simpla men\u021bionare sau apari\u021bie a acestora pe site nu implic\u0103 existen\u021ba unor drepturi sau a responsabilit\u0103\u021bii Operatorului asupra acestor drepturi \u0219i nici nu implic\u0103 sprijin, sponsorizare sau recomandare din partea acestora. Pentru toate imaginile pentru care software-ul de design permite acest lucru, au fost incluse referin\u021bele corespunz\u0103toare la autor \u0219i la licen\u021ba corespunz\u0103toare. Pentru a face orice observa\u021bii cu privire la posibile \u00eenc\u0103lc\u0103ri ale drepturilor de proprietate intelectual\u0103 sau industrial\u0103, precum \u0219i la orice con\u021binut al site-ului web, pute\u021bi face acest lucru prin intermediul urm\u0103toarei adrese de e-mail: <a href=\"mailto:info@rosanacl.com\">info@rosanacl.com<\/a><\/p>\n\n<p>\u00a0<\/p>\n\t\t\t\t\t\t\t\t<\/div>\n\t\t\t\t<\/div>\n\t\t\t\t\t<\/div>\n\t\t\t\t<\/div>\n\t\t\t\t<\/div>","protected":false},"excerpt":{"rendered":"<p>Responsable del tratamiento de los datos En cumplimiento del deber de informaci\u00f3n que establece la Ley La 34\/2002, de 11 de julio, de Servicios de la Sociedad de la Informaci\u00f3n y del Comercio Electr\u00f3nico, le comunicamos que esta web es titularidad de: Objeto El Responsable pone a disposici\u00f3n de los usuarios este documento con el [&hellip;]<\/p>\n","protected":false},"author":1,"featured_media":0,"parent":0,"menu_order":0,"comment_status":"closed","ping_status":"closed","template":"","meta":{"content-type":"","footnotes":""},"class_list":["post-18","page","type-page","status-publish","hentry"],"yoast_head":"<!-- This site is optimized with the Yoast SEO plugin v27.4 - https:\/\/yoast.com\/product\/yoast-seo-wordpress\/ -->\n<title>Aviso Legal - Rosana CL<\/title>\n<meta name=\"robots\" content=\"index, follow, max-snippet:-1, max-image-preview:large, max-video-preview:-1\" \/>\n<link rel=\"canonical\" href=\"https:\/\/rosanacl.com\/ro\/aviso-legal\/\" \/>\n<meta property=\"og:locale\" content=\"ro_RO\" \/>\n<meta property=\"og:type\" content=\"article\" \/>\n<meta property=\"og:title\" content=\"Aviso Legal - Rosana CL\" \/>\n<meta property=\"og:description\" content=\"Responsable del tratamiento de los datos En cumplimiento del deber de informaci\u00f3n que establece la Ley La 34\/2002, de 11 de julio, de Servicios de la Sociedad de la Informaci\u00f3n y del Comercio Electr\u00f3nico, le comunicamos que esta web es titularidad de: Objeto El Responsable pone a disposici\u00f3n de los usuarios este documento con el [&hellip;]\" \/>\n<meta property=\"og:url\" content=\"https:\/\/rosanacl.com\/ro\/aviso-legal\/\" \/>\n<meta property=\"og:site_name\" content=\"Rosana CL\" \/>\n<meta property=\"article:modified_time\" content=\"2025-08-01T12:33:36+00:00\" \/>\n<meta name=\"twitter:card\" content=\"summary_large_image\" \/>\n<meta name=\"twitter:label1\" content=\"Timp estimat pentru citire\" \/>\n\t<meta name=\"twitter:data1\" content=\"6 minute\" \/>\n<script type=\"application\/ld+json\" class=\"yoast-schema-graph\">{\"@context\":\"https:\\\/\\\/schema.org\",\"@graph\":[{\"@type\":\"WebPage\",\"@id\":\"https:\\\/\\\/rosanacl.com\\\/aviso-legal\\\/\",\"url\":\"https:\\\/\\\/rosanacl.com\\\/aviso-legal\\\/\",\"name\":\"Aviso Legal - Rosana CL\",\"isPartOf\":{\"@id\":\"https:\\\/\\\/rosanacl.com\\\/ca\\\/#website\"},\"datePublished\":\"2025-03-28T19:03:06+00:00\",\"dateModified\":\"2025-08-01T12:33:36+00:00\",\"breadcrumb\":{\"@id\":\"https:\\\/\\\/rosanacl.com\\\/aviso-legal\\\/#breadcrumb\"},\"inLanguage\":\"ro-RO\",\"potentialAction\":[{\"@type\":\"ReadAction\",\"target\":[\"https:\\\/\\\/rosanacl.com\\\/aviso-legal\\\/\"]}]},{\"@type\":\"BreadcrumbList\",\"@id\":\"https:\\\/\\\/rosanacl.com\\\/aviso-legal\\\/#breadcrumb\",\"itemListElement\":[{\"@type\":\"ListItem\",\"position\":1,\"name\":\"Portada\",\"item\":\"https:\\\/\\\/rosanacl.com\\\/ca\\\/\"},{\"@type\":\"ListItem\",\"position\":2,\"name\":\"Aviso Legal\"}]},{\"@type\":\"WebSite\",\"@id\":\"https:\\\/\\\/rosanacl.com\\\/ca\\\/#website\",\"url\":\"https:\\\/\\\/rosanacl.com\\\/ca\\\/\",\"name\":\"Rosana CL\",\"description\":\"Somos tu interior\",\"potentialAction\":[{\"@type\":\"SearchAction\",\"target\":{\"@type\":\"EntryPoint\",\"urlTemplate\":\"https:\\\/\\\/rosanacl.com\\\/ca\\\/?s={search_term_string}\"},\"query-input\":{\"@type\":\"PropertyValueSpecification\",\"valueRequired\":true,\"valueName\":\"search_term_string\"}}],\"inLanguage\":\"ro-RO\"}]}<\/script>\n<!-- \/ Yoast SEO plugin. -->","yoast_head_json":{"title":"Aviso Legal - Rosana CL","robots":{"index":"index","follow":"follow","max-snippet":"max-snippet:-1","max-image-preview":"max-image-preview:large","max-video-preview":"max-video-preview:-1"},"canonical":"https:\/\/rosanacl.com\/ro\/aviso-legal\/","og_locale":"ro_RO","og_type":"article","og_title":"Aviso Legal - Rosana CL","og_description":"Responsable del tratamiento de los datos En cumplimiento del deber de informaci\u00f3n que establece la Ley La 34\/2002, de 11 de julio, de Servicios de la Sociedad de la Informaci\u00f3n y del Comercio Electr\u00f3nico, le comunicamos que esta web es titularidad de: Objeto El Responsable pone a disposici\u00f3n de los usuarios este documento con el [&hellip;]","og_url":"https:\/\/rosanacl.com\/ro\/aviso-legal\/","og_site_name":"Rosana CL","article_modified_time":"2025-08-01T12:33:36+00:00","twitter_card":"summary_large_image","twitter_misc":{"Timp estimat pentru citire":"6 minute"},"schema":{"@context":"https:\/\/schema.org","@graph":[{"@type":"WebPage","@id":"https:\/\/rosanacl.com\/aviso-legal\/","url":"https:\/\/rosanacl.com\/aviso-legal\/","name":"Aviso Legal - Rosana CL","isPartOf":{"@id":"https:\/\/rosanacl.com\/ca\/#website"},"datePublished":"2025-03-28T19:03:06+00:00","dateModified":"2025-08-01T12:33:36+00:00","breadcrumb":{"@id":"https:\/\/rosanacl.com\/aviso-legal\/#breadcrumb"},"inLanguage":"ro-RO","potentialAction":[{"@type":"ReadAction","target":["https:\/\/rosanacl.com\/aviso-legal\/"]}]},{"@type":"BreadcrumbList","@id":"https:\/\/rosanacl.com\/aviso-legal\/#breadcrumb","itemListElement":[{"@type":"ListItem","position":1,"name":"Portada","item":"https:\/\/rosanacl.com\/ca\/"},{"@type":"ListItem","position":2,"name":"Aviso Legal"}]},{"@type":"WebSite","@id":"https:\/\/rosanacl.com\/ca\/#website","url":"https:\/\/rosanacl.com\/ca\/","name":"Rosana CL","description":"Suntem sinele t\u0103u interior","potentialAction":[{"@type":"SearchAction","target":{"@type":"EntryPoint","urlTemplate":"https:\/\/rosanacl.com\/ca\/?s={search_term_string}"},"query-input":{"@type":"PropertyValueSpecification","valueRequired":true,"valueName":"search_term_string"}}],"inLanguage":"ro-RO"}]}},"_links":{"self":[{"href":"https:\/\/rosanacl.com\/ro\/wp-json\/wp\/v2\/pages\/18","targetHints":{"allow":["GET"]}}],"collection":[{"href":"https:\/\/rosanacl.com\/ro\/wp-json\/wp\/v2\/pages"}],"about":[{"href":"https:\/\/rosanacl.com\/ro\/wp-json\/wp\/v2\/types\/page"}],"author":[{"embeddable":true,"href":"https:\/\/rosanacl.com\/ro\/wp-json\/wp\/v2\/users\/1"}],"replies":[{"embeddable":true,"href":"https:\/\/rosanacl.com\/ro\/wp-json\/wp\/v2\/comments?post=18"}],"version-history":[{"count":0,"href":"https:\/\/rosanacl.com\/ro\/wp-json\/wp\/v2\/pages\/18\/revisions"}],"wp:attachment":[{"href":"https:\/\/rosanacl.com\/ro\/wp-json\/wp\/v2\/media?parent=18"}],"curies":[{"name":"wp","href":"https:\/\/api.w.org\/{rel}","templated":true}]}}