{"id":2879,"date":"2025-07-18T11:08:52","date_gmt":"2025-07-18T09:08:52","guid":{"rendered":"https:\/\/rosanacl.com\/?page_id=2879"},"modified":"2025-07-25T08:11:47","modified_gmt":"2025-07-25T06:11:47","slug":"mejor-sujetador-sin-tirantes-para-pecho-grande","status":"publish","type":"page","link":"https:\/\/rosanacl.com\/ro\/mejor-sujetador-sin-tirantes-para-pecho-grande\/","title":{"rendered":"Cel mai bun sutien f\u0103r\u0103 bretele pentru s\u00e2nii mari"},"content":{"rendered":"<div data-elementor-type=\"wp-page\" data-elementor-id=\"2879\" class=\"elementor elementor-2879\" data-elementor-post-type=\"page\">\n\t\t\t\t<div class=\"elementor-element elementor-element-171998c7 e-flex e-con-boxed e-con e-parent\" data-id=\"171998c7\" data-element_type=\"container\" data-e-type=\"container\">\n\t\t\t\t\t<div class=\"e-con-inner\">\n\t\t\t\t<div class=\"elementor-element elementor-element-6575351f elementor-widget elementor-widget-text-editor\" data-id=\"6575351f\" data-element_type=\"widget\" data-e-type=\"widget\" data-widget_type=\"text-editor.default\">\n\t\t\t\t<div class=\"elementor-widget-container\">\n\t\t\t\t\t\t\t\t\t\n<p><\/p>\n\n\n\n<p><\/p>\n\t\t\t\t\t\t\t\t<\/div>\n\t\t\t\t<\/div>\n\t\t\t\t\t<\/div>\n\t\t\t\t<\/div>\n\t\t<div class=\"elementor-element elementor-element-cf7d341 e-flex e-con-boxed e-con e-parent\" data-id=\"cf7d341\" data-element_type=\"container\" data-e-type=\"container\">\n\t\t\t\t\t<div class=\"e-con-inner\">\n\t\t\t\t<div class=\"elementor-element elementor-element-1f1d080 elementor-widget elementor-widget-heading\" data-id=\"1f1d080\" data-element_type=\"widget\" data-e-type=\"widget\" data-widget_type=\"heading.default\">\n\t\t\t\t<div class=\"elementor-widget-container\">\n\t\t\t\t\t<h2 class=\"elementor-heading-title elementor-size-default\">Cel mai bun sutien f\u0103r\u0103 bretele pentru s\u00e2nii mari<\/h2>\t\t\t\t<\/div>\n\t\t\t\t<\/div>\n\t\t\t\t\t<\/div>\n\t\t\t\t<\/div>\n\t\t<div class=\"elementor-element elementor-element-dc1921d e-flex e-con-boxed e-con e-parent\" data-id=\"dc1921d\" data-element_type=\"container\" data-e-type=\"container\">\n\t\t\t\t\t<div class=\"e-con-inner\">\n\t\t<div class=\"elementor-element elementor-element-d19616f e-con-full e-flex e-con e-child\" data-id=\"d19616f\" data-element_type=\"container\" data-e-type=\"container\">\n\t\t\t\t<div class=\"elementor-element elementor-element-8ba1404 elementor-widget elementor-widget-text-editor\" data-id=\"8ba1404\" data-element_type=\"widget\" data-e-type=\"widget\" data-widget_type=\"text-editor.default\">\n\t\t\t\t<div class=\"elementor-widget-container\">\n\t\t\t\t\t\t\t\t\t<h3 data-start=\"437\" data-end=\"547\">Cel mai bun sutien f\u0103r\u0103 bretele pentru s\u00e2ni mari: Cum s\u0103 g\u0103se\u0219ti echilibrul ideal \u00eentre sus\u021binere \u0219i stil<\/h3>\n<p data-start=\"549\" data-end=\"1062\">G\u0103si\u021bi <strong data-start=\"562\" data-end=\"612\">cel mai bun sutien f\u0103r\u0103 bretele pentru s\u00e2nii mari<\/strong> Poate p\u0103rea o sarcin\u0103 descurajant\u0103, mai ales c\u00e2nd multe branduri pun pe primul loc designul \u00een detrimentul func\u021bionalit\u0103\u021bii. Femeile cu bust mai plin au nevoie de mai mult dec\u00e2t o pies\u0103 vestimentar\u0103 atractiv\u0103: \u00ee\u0219i doresc sus\u021binere real\u0103, libertate de mi\u0219care \u0219i confort pe tot parcursul zilei. Un sutien f\u0103r\u0103 bretele pentru s\u00e2ni mai mari trebuie s\u0103 fie conceput cu precizie, cu \u00eent\u0103riri strategice \u0219i materiale de \u00eenalt\u0103 calitate care s\u0103 asigure stabilitatea f\u0103r\u0103 a sacrifica stilul.<\/p>\n<p data-start=\"1064\" data-end=\"1473\">\u00cen acest sens, Rosana CL s-a impus ca un punct de referin\u021b\u0103 na\u021bional \u00een domeniul corsetelor pentru femei. Cu peste 40 de ani de experien\u021b\u0103 \u00een acest sector, acest magazin specializat \u00een\u021belege nevoile reale ale clientelor sale. Prin urmare, catalogul s\u0103u se concentreaz\u0103 pe solu\u021bii eficiente \u0219i elegante, cum ar fi... <strong data-start=\"1357\" data-end=\"1407\">cel mai bun sutien f\u0103r\u0103 bretele pentru s\u00e2nii mari<\/strong> asta chiar func\u021bioneaz\u0103: f\u0103r\u0103 c\u0103z\u0103turi, f\u0103r\u0103 urme, f\u0103r\u0103 disconfort.<\/p>\t\t\t\t\t\t\t\t<\/div>\n\t\t\t\t<\/div>\n\t\t\t\t<\/div>\n\t\t<div class=\"elementor-element elementor-element-5568f8b e-con-full e-flex e-con e-child\" data-id=\"5568f8b\" data-element_type=\"container\" data-e-type=\"container\">\n\t\t\t\t<div class=\"elementor-element elementor-element-980debe elementor-widget elementor-widget-image\" data-id=\"980debe\" data-element_type=\"widget\" data-e-type=\"widget\" data-widget_type=\"image.default\">\n\t\t\t\t<div class=\"elementor-widget-container\">\n\t\t\t\t\t\t\t\t\t\t\t\t\t\t\t<img fetchpriority=\"high\" decoding=\"async\" width=\"800\" height=\"566\" src=\"https:\/\/rosanacl.com\/wp-content\/uploads\/2025\/07\/sujetador-reductor-1024x724.jpg\" class=\"attachment-large size-large wp-image-2865\" alt=\"\" srcset=\"https:\/\/rosanacl.com\/wp-content\/uploads\/2025\/07\/sujetador-reductor-1024x724.jpg 1024w, https:\/\/rosanacl.com\/wp-content\/uploads\/2025\/07\/sujetador-reductor-300x212.jpg 300w, https:\/\/rosanacl.com\/wp-content\/uploads\/2025\/07\/sujetador-reductor-768x543.jpg 768w, https:\/\/rosanacl.com\/wp-content\/uploads\/2025\/07\/sujetador-reductor-1536x1086.jpg 1536w, https:\/\/rosanacl.com\/wp-content\/uploads\/2025\/07\/sujetador-reductor-18x12.jpg 18w, https:\/\/rosanacl.com\/wp-content\/uploads\/2025\/07\/sujetador-reductor-600x424.jpg 600w, https:\/\/rosanacl.com\/wp-content\/uploads\/2025\/07\/sujetador-reductor.jpg 2000w\" sizes=\"(max-width: 800px) 100vw, 800px\" \/>\t\t\t\t\t\t\t\t\t\t\t\t\t\t\t<\/div>\n\t\t\t\t<\/div>\n\t\t\t\t<\/div>\n\t\t\t\t\t<\/div>\n\t\t\t\t<\/div>\n\t\t<div class=\"elementor-element elementor-element-5e380fb e-flex e-con-boxed e-con e-parent\" data-id=\"5e380fb\" data-element_type=\"container\" data-e-type=\"container\">\n\t\t\t\t\t<div class=\"e-con-inner\">\n\t\t<div class=\"elementor-element elementor-element-a763375 e-con-full e-flex e-con e-child\" data-id=\"a763375\" data-element_type=\"container\" data-e-type=\"container\">\n\t\t\t\t<div class=\"elementor-element elementor-element-a8aecc4 elementor-widget elementor-widget-image\" data-id=\"a8aecc4\" data-element_type=\"widget\" data-e-type=\"widget\" data-widget_type=\"image.default\">\n\t\t\t\t<div class=\"elementor-widget-container\">\n\t\t\t\t\t\t\t\t\t\t\t\t\t\t\t<img decoding=\"async\" width=\"589\" height=\"750\" src=\"https:\/\/rosanacl.com\/wp-content\/uploads\/2025\/05\/3-2-804x1024.png\" class=\"attachment-large size-large wp-image-2153\" alt=\"\" srcset=\"https:\/\/rosanacl.com\/wp-content\/uploads\/2025\/05\/3-2-804x1024.png 804w, https:\/\/rosanacl.com\/wp-content\/uploads\/2025\/05\/3-2-9x12.png 9w, https:\/\/rosanacl.com\/wp-content\/uploads\/2025\/05\/3-2-235x300.png 235w, https:\/\/rosanacl.com\/wp-content\/uploads\/2025\/05\/3-2-768x979.png 768w, https:\/\/rosanacl.com\/wp-content\/uploads\/2025\/05\/3-2-600x765.png 600w, https:\/\/rosanacl.com\/wp-content\/uploads\/2025\/05\/3-2.png 1046w\" sizes=\"(max-width: 589px) 100vw, 589px\" \/>\t\t\t\t\t\t\t\t\t\t\t\t\t\t\t<\/div>\n\t\t\t\t<\/div>\n\t\t\t\t<\/div>\n\t\t<div class=\"elementor-element elementor-element-b02b1e9 e-con-full e-flex e-con e-child\" data-id=\"b02b1e9\" data-element_type=\"container\" data-e-type=\"container\">\n\t\t\t\t<div class=\"elementor-element elementor-element-e25a6f0 elementor-widget elementor-widget-text-editor\" data-id=\"e25a6f0\" data-element_type=\"widget\" data-e-type=\"widget\" data-widget_type=\"text-editor.default\">\n\t\t\t\t<div class=\"elementor-widget-container\">\n\t\t\t\t\t\t\t\t\t<h3 data-start=\"1475\" data-end=\"1553\">De ce Rosana CL ofer\u0103 cel mai bun sutien f\u0103r\u0103 bretele pentru s\u00e2nii mari<\/h3>\n<p data-start=\"1555\" data-end=\"2061\">Diferen\u021ba dintre un sutien obi\u0219nuit f\u0103r\u0103 bretele \u0219i un <strong data-start=\"1612\" data-end=\"1662\">cel mai bun sutien f\u0103r\u0103 bretele pentru s\u00e2nii mari<\/strong> Este vorba despre detalii. La Rosana CL lucr\u0103m exclusiv cu <strong data-start=\"1726\" data-end=\"1736\">Selene<\/strong>, un brand spaniol de top care \u00ee\u0219i fabric\u0103 produsele \u00een Spania, combin\u00e2nd designul func\u021bional cu o estetic\u0103 rafinat\u0103. Fiecare model f\u0103r\u0103 bretele oferit a fost testat \u0219i selectat pentru a oferi un suport ferm, chiar \u0219i pentru m\u0103rimi mai mari, datorit\u0103 structurii interne, benzii late \u0219i cupelor \u00eent\u0103rite.<\/p>\n<p data-start=\"2063\" data-end=\"2464\">Femeile cu s\u00e2ni mari evit\u0103 adesea aceste tipuri de sutiene de team\u0103 c\u0103 vor aluneca sau c\u0103 nu \u00ee\u0219i vor \u00eendeplini func\u021bia. Cu toate acestea, modelele disponibile la Rosana CL sunt special concepute pentru a se adapta corpului f\u0103r\u0103 a compromite stabilitatea. \u00cen plus, deoarece sunt sutiene sub\u021biri, ofer\u0103 un efect vizual mai echilibrat \u0219i mai flatant, ajut\u00e2nd la definirea siluetei f\u0103r\u0103 o presiune excesiv\u0103.<\/p>\n<p data-start=\"2466\" data-end=\"2811\">Echipa Rosana CL ofer\u0103, de asemenea, sfaturi personalizate pentru a te ajuta s\u0103 alegi m\u0103rimea \u0219i stilul ideale. Pentru c\u0103 nu este vorba doar despre v\u00e2nzarea unei haine, ci despre asigurarea c\u0103 aceasta chiar \u021bi se potrive\u0219te. Magazinul online include ghiduri detaliate, recomand\u0103ri \u0219i asisten\u021b\u0103 direct\u0103 pentru a r\u0103spunde la orice \u00eentreb\u0103ri \u00een timpul procesului de cump\u0103rare.<\/p>\n<h3 data-start=\"2813\" data-end=\"2900\">Cump\u0103r\u0103 cel mai bun sutien f\u0103r\u0103 bretele pentru s\u00e2ni mari cu \u00eencredere \u0219i confort<\/h3>\n<p data-start=\"2902\" data-end=\"3375\">Dac\u0103 sunte\u021bi \u00een c\u0103utarea <strong data-start=\"2923\" data-end=\"2973\">cel mai bun sutien f\u0103r\u0103 bretele pentru s\u00e2nii mari<\/strong>Rosana CL este locul potrivit. Indiferent dac\u0103 ave\u021bi nevoie de o pies\u0103 vestimentar\u0103 pentru o ocazie special\u0103 sau pentru purtare obi\u0219nuit\u0103, aici ve\u021bi g\u0103si op\u021biuni reale care s\u0103 corespund\u0103 nevoilor dumneavoastr\u0103: design, sus\u021binere \u0219i durabilitate. Datorit\u0103 magazinului lor online, pute\u021bi plasa comanda de acas\u0103, av\u00e2nd \u00eencrederea c\u0103 achizi\u021biona\u021bi o pies\u0103 vestimentar\u0103 testat\u0103 \u0219i testat\u0103, fabricat\u0103 \u00een Spania \u0219i selectat\u0103 de exper\u021bi \u00een lenjerie intim\u0103.<\/p>\t\t\t\t\t\t\t\t<\/div>\n\t\t\t\t<\/div>\n\t\t\t\t<\/div>\n\t\t\t\t\t<\/div>\n\t\t\t\t<\/div>\n\t\t<div class=\"elementor-element elementor-element-495e863 e-flex e-con-boxed e-con e-parent\" data-id=\"495e863\" data-element_type=\"container\" data-e-type=\"container\">\n\t\t\t\t\t<div class=\"e-con-inner\">\n\t\t\t\t<div class=\"elementor-element elementor-element-fe47ba3 elementor-widget elementor-widget-text-editor\" data-id=\"fe47ba3\" data-element_type=\"widget\" data-e-type=\"widget\" data-widget_type=\"text-editor.default\">\n\t\t\t\t<div class=\"elementor-widget-container\">\n\t\t\t\t\t\t\t\t\t<p data-start=\"3377\" data-end=\"3645\">\u00cen plus, Rosana CL se angajeaz\u0103 s\u0103 ofere servicii prietenoase, un proces de cump\u0103rare u\u0219or \u0219i o livrare rapid\u0103. Fiecare detaliu al serviciului s\u0103u este conceput pentru a v\u0103 asigura c\u0103 achizi\u021bia dumneavoastr\u0103 este cea mai bun\u0103. <strong data-start=\"3541\" data-end=\"3591\">cel mai bun sutien f\u0103r\u0103 bretele pentru s\u00e2nii mari<\/strong> s\u0103 fie o experien\u021b\u0103 pozitiv\u0103, decisiv\u0103 \u0219i pl\u0103cut\u0103.<\/p>\n<p data-start=\"3647\" data-end=\"3879\">Pentru c\u0103 a te sim\u021bi bine \u00eencepe din interior. Iar un sutien bun, unul care se adapteaz\u0103 corpului t\u0103u \u0219i nu invers, poate face toat\u0103 diferen\u021ba. Viziteaz\u0103 Rosana CL \u0219i vezi de ce at\u00e2t de multe femei au deja \u00eencredere \u00een experien\u021ba \u0219i profesionalismul ei.<\/p>\t\t\t\t\t\t\t\t<\/div>\n\t\t\t\t<\/div>\n\t\t\t\t\t<\/div>\n\t\t\t\t<\/div>\n\t\t<div class=\"elementor-element elementor-element-d05ed3a e-flex e-con-boxed e-con e-parent\" data-id=\"d05ed3a\" data-element_type=\"container\" data-e-type=\"container\">\n\t\t\t\t\t<div class=\"e-con-inner\">\n\t\t\t\t<div class=\"elementor-element elementor-element-b883e86 elementor-widget elementor-widget-heading\" data-id=\"b883e86\" data-element_type=\"widget\" data-e-type=\"widget\" data-widget_type=\"heading.default\">\n\t\t\t\t<div class=\"elementor-widget-container\">\n\t\t\t\t\t<h2 class=\"elementor-heading-title elementor-size-default\">Contacta\u0163i-ne <\/h2>\t\t\t\t<\/div>\n\t\t\t\t<\/div>\n\t\t\t\t\t<\/div>\n\t\t\t\t<\/div>\n\t\t<div class=\"elementor-element elementor-element-00e20e2 e-flex e-con-boxed e-con e-parent\" data-id=\"00e20e2\" data-element_type=\"container\" data-e-type=\"container\">\n\t\t\t\t\t<div class=\"e-con-inner\">\n\t\t<div class=\"elementor-element elementor-element-8ad8f7b e-con-full e-flex e-con e-child\" data-id=\"8ad8f7b\" data-element_type=\"container\" data-e-type=\"container\">\n\t\t\t\t<div class=\"elementor-element elementor-element-888944a elementor-widget__width-initial elementor-widget elementor-widget-elementskit-contact-form7\" data-id=\"888944a\" data-element_type=\"widget\" data-e-type=\"widget\" data-widget_type=\"elementskit-contact-form7.default\">\n\t\t\t\t<div class=\"elementor-widget-container\">\n\t\t\t\t\t<div class=\"ekit-wid-con\" ><div class=\"ekit-form\">\n<div class=\"wpcf7 no-js\" id=\"wpcf7-f48-o1\" lang=\"es-ES\" dir=\"ltr\" data-wpcf7-id=\"48\">\n<div class=\"screen-reader-response\"><p role=\"status\" aria-live=\"polite\" aria-atomic=\"true\"><\/p> <ul><\/ul><\/div>\n<form action=\"\/de\/wp-json\/wp\/v2\/pages\/2879#wpcf7-f48-o1\" method=\"post\" class=\"wpcf7-form init\" aria-label=\"Formular de contact\" novalidate=\"novalidate\" data-status=\"init\" data-trp-original-action=\"\/de\/wp-json\/wp\/v2\/pages\/2879#wpcf7-f48-o1\">\n<fieldset class=\"hidden-fields-container\"><input type=\"hidden\" name=\"_wpcf7\" value=\"48\" \/><input type=\"hidden\" name=\"_wpcf7_version\" value=\"6.1.5\" \/><input type=\"hidden\" name=\"_wpcf7_locale\" value=\"es_ES\" \/><input type=\"hidden\" name=\"_wpcf7_unit_tag\" value=\"wpcf7-f48-o1\" \/><input type=\"hidden\" name=\"_wpcf7_container_post\" value=\"0\" \/><input type=\"hidden\" name=\"_wpcf7_posted_data_hash\" value=\"\" \/><input type=\"hidden\" name=\"_wpcf7_recaptcha_response\" value=\"\" \/>\n<\/fieldset>\n<div class=\"form-row\">\n\t<div class=\"form-column\">\n\t\t<p><span class=\"wpcf7-form-control-wrap\" data-name=\"nombre\"><input size=\"40\" maxlength=\"400\" class=\"wpcf7-form-control wpcf7-text wpcf7-validates-as-required\" aria-required=\"true\" aria-invalid=\"false\" placeholder=\"Nume\" value=\"\" type=\"text\" name=\"nombre\" \/><\/span>\n\t\t<\/p>\n\t<\/div>\n\t<div class=\"form-column\">\n\t\t<p><span class=\"wpcf7-form-control-wrap\" data-name=\"telefono\"><input size=\"40\" maxlength=\"400\" class=\"wpcf7-form-control wpcf7-tel wpcf7-validates-as-required wpcf7-text wpcf7-validates-as-tel\" aria-required=\"true\" aria-invalid=\"false\" placeholder=\"Telefon *\" value=\"\" type=\"tel\" name=\"telefono\" \/><\/span>\n\t\t<\/p>\n\t<\/div>\n<\/div>\n<div class=\"form-row\">\n\t<div class=\"form-column\">\n\t\t<p><span class=\"wpcf7-form-control-wrap\" data-name=\"email\"><input size=\"40\" maxlength=\"400\" class=\"wpcf7-form-control wpcf7-email wpcf7-validates-as-required wpcf7-text wpcf7-validates-as-email\" aria-required=\"true\" aria-invalid=\"false\" placeholder=\"E-mail *\" value=\"\" type=\"email\" name=\"email\" \/><\/span>\n\t\t<\/p>\n\t<\/div>\n\t<div class=\"form-column\">\n\t\t<p><span class=\"wpcf7-form-control-wrap\" data-name=\"asunto\"><input size=\"40\" maxlength=\"400\" class=\"wpcf7-form-control wpcf7-text wpcf7-validates-as-required\" aria-required=\"true\" aria-invalid=\"false\" placeholder=\"Aventur\u0103 *\" value=\"\" type=\"text\" name=\"asunto\" \/><\/span>\n\t\t<\/p>\n\t<\/div>\n<\/div>\n<p><span class=\"wpcf7-form-control-wrap\" data-name=\"mensaje\"><textarea cols=\"40\" rows=\"10\" maxlength=\"2000\" class=\"wpcf7-form-control wpcf7-textarea wpcf7-validates-as-required\" aria-required=\"true\" aria-invalid=\"false\" placeholder=\"Mesaj\" name=\"mensaje\"><\/textarea><\/span>\n<\/p>\n<p class=\"legal-priv\"><span class=\"wpcf7-form-control-wrap\" data-name=\"acceptance-787\"><span class=\"wpcf7-form-control wpcf7-acceptance\"><span class=\"wpcf7-list-item\"><label><input type=\"checkbox\" name=\"acceptance-787\" value=\"1\" aria-invalid=\"false\" \/><span class=\"wpcf7-list-item-label\">Am citit \u0219i sunt de acord cu <a href=\"https:\/\/rosanacl.com\/ro\/politica-de-privacidad\/\">Politica de confiden\u021bialitate<\/a><\/span><\/label><\/span><\/span><\/span>\n<\/p>\n<p><input class=\"wpcf7-form-control wpcf7-submit has-spinner\" type=\"submit\" value=\"TRIMITE MESAJ\" \/>\n<\/p><div class=\"wpcf7-response-output\" aria-hidden=\"true\"><\/div>\n<input type=\"hidden\" name=\"trp-form-language\" value=\"ro\"\/><\/form>\n<\/div>\n<\/div><\/div>\t\t\t\t<\/div>\n\t\t\t\t<\/div>\n\t\t\t\t<\/div>\n\t\t\t\t\t<\/div>\n\t\t\t\t<\/div>\n\t\t\t\t<\/div>","protected":false},"excerpt":{"rendered":"<p>Mejor sujetador sin tirantes para pecho grande Mejor sujetador sin tirantes para pecho grande: c\u00f3mo encontrar el equilibrio ideal entre sujeci\u00f3n y estilo Encontrar el mejor sujetador sin tirantes para pecho grande puede parecer una tarea complicada, especialmente cuando muchas marcas priorizan el dise\u00f1o sobre la funcionalidad. Las mujeres con busto generoso necesitan m\u00e1s que [&hellip;]<\/p>\n","protected":false},"author":1,"featured_media":0,"parent":0,"menu_order":0,"comment_status":"closed","ping_status":"closed","template":"","meta":{"content-type":"","footnotes":""},"class_list":["post-2879","page","type-page","status-publish","hentry"],"yoast_head":"<!-- This site is optimized with the Yoast SEO plugin v27.4 - https:\/\/yoast.com\/product\/yoast-seo-wordpress\/ -->\n<title>Mejor sujetador sin tirantes para pecho grande - Rosana CL<\/title>\n<meta name=\"robots\" content=\"index, follow, max-snippet:-1, max-image-preview:large, max-video-preview:-1\" \/>\n<link rel=\"canonical\" href=\"https:\/\/rosanacl.com\/ro\/mejor-sujetador-sin-tirantes-para-pecho-grande\/\" \/>\n<meta property=\"og:locale\" content=\"ro_RO\" \/>\n<meta property=\"og:type\" content=\"article\" \/>\n<meta property=\"og:title\" content=\"Mejor sujetador sin tirantes para pecho grande - Rosana CL\" \/>\n<meta property=\"og:description\" content=\"Mejor sujetador sin tirantes para pecho grande Mejor sujetador sin tirantes para pecho grande: c\u00f3mo encontrar el equilibrio ideal entre sujeci\u00f3n y estilo Encontrar el mejor sujetador sin tirantes para pecho grande puede parecer una tarea complicada, especialmente cuando muchas marcas priorizan el dise\u00f1o sobre la funcionalidad. Las mujeres con busto generoso necesitan m\u00e1s que [&hellip;]\" \/>\n<meta property=\"og:url\" content=\"https:\/\/rosanacl.com\/ro\/mejor-sujetador-sin-tirantes-para-pecho-grande\/\" \/>\n<meta property=\"og:site_name\" content=\"Rosana CL\" \/>\n<meta property=\"article:modified_time\" content=\"2025-07-25T06:11:47+00:00\" \/>\n<meta property=\"og:image\" content=\"https:\/\/rosanacl.com\/wp-content\/uploads\/2025\/07\/sujetador-reductor.jpg\" \/>\n\t<meta property=\"og:image:width\" content=\"2000\" \/>\n\t<meta property=\"og:image:height\" content=\"1414\" \/>\n\t<meta property=\"og:image:type\" content=\"image\/jpeg\" \/>\n<meta name=\"twitter:card\" content=\"summary_large_image\" \/>\n<meta name=\"twitter:label1\" content=\"Timp estimat pentru citire\" \/>\n\t<meta name=\"twitter:data1\" content=\"3 minute\" \/>\n<script type=\"application\/ld+json\" class=\"yoast-schema-graph\">{\"@context\":\"https:\\\/\\\/schema.org\",\"@graph\":[{\"@type\":\"WebPage\",\"@id\":\"https:\\\/\\\/rosanacl.com\\\/mejor-sujetador-sin-tirantes-para-pecho-grande\\\/\",\"url\":\"https:\\\/\\\/rosanacl.com\\\/mejor-sujetador-sin-tirantes-para-pecho-grande\\\/\",\"name\":\"Mejor sujetador sin tirantes para pecho grande - Rosana CL\",\"isPartOf\":{\"@id\":\"https:\\\/\\\/rosanacl.com\\\/ca\\\/#website\"},\"primaryImageOfPage\":{\"@id\":\"https:\\\/\\\/rosanacl.com\\\/mejor-sujetador-sin-tirantes-para-pecho-grande\\\/#primaryimage\"},\"image\":{\"@id\":\"https:\\\/\\\/rosanacl.com\\\/mejor-sujetador-sin-tirantes-para-pecho-grande\\\/#primaryimage\"},\"thumbnailUrl\":\"https:\\\/\\\/rosanacl.com\\\/wp-content\\\/uploads\\\/2025\\\/07\\\/sujetador-reductor-1024x724.jpg\",\"datePublished\":\"2025-07-18T09:08:52+00:00\",\"dateModified\":\"2025-07-25T06:11:47+00:00\",\"breadcrumb\":{\"@id\":\"https:\\\/\\\/rosanacl.com\\\/mejor-sujetador-sin-tirantes-para-pecho-grande\\\/#breadcrumb\"},\"inLanguage\":\"ro-RO\",\"potentialAction\":[{\"@type\":\"ReadAction\",\"target\":[\"https:\\\/\\\/rosanacl.com\\\/mejor-sujetador-sin-tirantes-para-pecho-grande\\\/\"]}]},{\"@type\":\"ImageObject\",\"inLanguage\":\"ro-RO\",\"@id\":\"https:\\\/\\\/rosanacl.com\\\/mejor-sujetador-sin-tirantes-para-pecho-grande\\\/#primaryimage\",\"url\":\"https:\\\/\\\/rosanacl.com\\\/wp-content\\\/uploads\\\/2025\\\/07\\\/sujetador-reductor-1024x724.jpg\",\"contentUrl\":\"https:\\\/\\\/rosanacl.com\\\/wp-content\\\/uploads\\\/2025\\\/07\\\/sujetador-reductor-1024x724.jpg\"},{\"@type\":\"BreadcrumbList\",\"@id\":\"https:\\\/\\\/rosanacl.com\\\/mejor-sujetador-sin-tirantes-para-pecho-grande\\\/#breadcrumb\",\"itemListElement\":[{\"@type\":\"ListItem\",\"position\":1,\"name\":\"Portada\",\"item\":\"https:\\\/\\\/rosanacl.com\\\/ca\\\/\"},{\"@type\":\"ListItem\",\"position\":2,\"name\":\"Mejor sujetador sin tirantes para pecho grande\"}]},{\"@type\":\"WebSite\",\"@id\":\"https:\\\/\\\/rosanacl.com\\\/ca\\\/#website\",\"url\":\"https:\\\/\\\/rosanacl.com\\\/ca\\\/\",\"name\":\"Rosana CL\",\"description\":\"Somos tu interior\",\"potentialAction\":[{\"@type\":\"SearchAction\",\"target\":{\"@type\":\"EntryPoint\",\"urlTemplate\":\"https:\\\/\\\/rosanacl.com\\\/ca\\\/?s={search_term_string}\"},\"query-input\":{\"@type\":\"PropertyValueSpecification\",\"valueRequired\":true,\"valueName\":\"search_term_string\"}}],\"inLanguage\":\"ro-RO\"}]}<\/script>\n<!-- \/ Yoast SEO plugin. -->","yoast_head_json":{"title":"Mejor sujetador sin tirantes para pecho grande - Rosana CL","robots":{"index":"index","follow":"follow","max-snippet":"max-snippet:-1","max-image-preview":"max-image-preview:large","max-video-preview":"max-video-preview:-1"},"canonical":"https:\/\/rosanacl.com\/ro\/mejor-sujetador-sin-tirantes-para-pecho-grande\/","og_locale":"ro_RO","og_type":"article","og_title":"Mejor sujetador sin tirantes para pecho grande - Rosana CL","og_description":"Mejor sujetador sin tirantes para pecho grande Mejor sujetador sin tirantes para pecho grande: c\u00f3mo encontrar el equilibrio ideal entre sujeci\u00f3n y estilo Encontrar el mejor sujetador sin tirantes para pecho grande puede parecer una tarea complicada, especialmente cuando muchas marcas priorizan el dise\u00f1o sobre la funcionalidad. Las mujeres con busto generoso necesitan m\u00e1s que [&hellip;]","og_url":"https:\/\/rosanacl.com\/ro\/mejor-sujetador-sin-tirantes-para-pecho-grande\/","og_site_name":"Rosana CL","article_modified_time":"2025-07-25T06:11:47+00:00","og_image":[{"width":2000,"height":1414,"url":"https:\/\/rosanacl.com\/wp-content\/uploads\/2025\/07\/sujetador-reductor.jpg","type":"image\/jpeg"}],"twitter_card":"summary_large_image","twitter_misc":{"Timp estimat pentru citire":"3 minute"},"schema":{"@context":"https:\/\/schema.org","@graph":[{"@type":"WebPage","@id":"https:\/\/rosanacl.com\/mejor-sujetador-sin-tirantes-para-pecho-grande\/","url":"https:\/\/rosanacl.com\/mejor-sujetador-sin-tirantes-para-pecho-grande\/","name":"Mejor sujetador sin tirantes para pecho grande - Rosana CL","isPartOf":{"@id":"https:\/\/rosanacl.com\/ca\/#website"},"primaryImageOfPage":{"@id":"https:\/\/rosanacl.com\/mejor-sujetador-sin-tirantes-para-pecho-grande\/#primaryimage"},"image":{"@id":"https:\/\/rosanacl.com\/mejor-sujetador-sin-tirantes-para-pecho-grande\/#primaryimage"},"thumbnailUrl":"https:\/\/rosanacl.com\/wp-content\/uploads\/2025\/07\/sujetador-reductor-1024x724.jpg","datePublished":"2025-07-18T09:08:52+00:00","dateModified":"2025-07-25T06:11:47+00:00","breadcrumb":{"@id":"https:\/\/rosanacl.com\/mejor-sujetador-sin-tirantes-para-pecho-grande\/#breadcrumb"},"inLanguage":"ro-RO","potentialAction":[{"@type":"ReadAction","target":["https:\/\/rosanacl.com\/mejor-sujetador-sin-tirantes-para-pecho-grande\/"]}]},{"@type":"ImageObject","inLanguage":"ro-RO","@id":"https:\/\/rosanacl.com\/mejor-sujetador-sin-tirantes-para-pecho-grande\/#primaryimage","url":"https:\/\/rosanacl.com\/wp-content\/uploads\/2025\/07\/sujetador-reductor-1024x724.jpg","contentUrl":"https:\/\/rosanacl.com\/wp-content\/uploads\/2025\/07\/sujetador-reductor-1024x724.jpg"},{"@type":"BreadcrumbList","@id":"https:\/\/rosanacl.com\/mejor-sujetador-sin-tirantes-para-pecho-grande\/#breadcrumb","itemListElement":[{"@type":"ListItem","position":1,"name":"Portada","item":"https:\/\/rosanacl.com\/ca\/"},{"@type":"ListItem","position":2,"name":"Mejor sujetador sin tirantes para pecho grande"}]},{"@type":"WebSite","@id":"https:\/\/rosanacl.com\/ca\/#website","url":"https:\/\/rosanacl.com\/ca\/","name":"Rosana CL","description":"Suntem sinele t\u0103u interior","potentialAction":[{"@type":"SearchAction","target":{"@type":"EntryPoint","urlTemplate":"https:\/\/rosanacl.com\/ca\/?s={search_term_string}"},"query-input":{"@type":"PropertyValueSpecification","valueRequired":true,"valueName":"search_term_string"}}],"inLanguage":"ro-RO"}]}},"_links":{"self":[{"href":"https:\/\/rosanacl.com\/ro\/wp-json\/wp\/v2\/pages\/2879","targetHints":{"allow":["GET"]}}],"collection":[{"href":"https:\/\/rosanacl.com\/ro\/wp-json\/wp\/v2\/pages"}],"about":[{"href":"https:\/\/rosanacl.com\/ro\/wp-json\/wp\/v2\/types\/page"}],"author":[{"embeddable":true,"href":"https:\/\/rosanacl.com\/ro\/wp-json\/wp\/v2\/users\/1"}],"replies":[{"embeddable":true,"href":"https:\/\/rosanacl.com\/ro\/wp-json\/wp\/v2\/comments?post=2879"}],"version-history":[{"count":0,"href":"https:\/\/rosanacl.com\/ro\/wp-json\/wp\/v2\/pages\/2879\/revisions"}],"wp:attachment":[{"href":"https:\/\/rosanacl.com\/ro\/wp-json\/wp\/v2\/media?parent=2879"}],"curies":[{"name":"wp","href":"https:\/\/api.w.org\/{rel}","templated":true}]}}