{"id":31,"date":"2025-03-28T16:10:30","date_gmt":"2025-03-28T19:10:30","guid":{"rendered":"https:\/\/innovacon.simplificandotuweb.com\/?page_id=31"},"modified":"2025-07-09T08:56:36","modified_gmt":"2025-07-09T06:56:36","slug":"politica-de-privacidad","status":"publish","type":"page","link":"https:\/\/rosanacl.com\/ro\/politica-de-privacidad\/","title":{"rendered":"Politica de confiden\u021bialitate"},"content":{"rendered":"<div data-elementor-type=\"wp-page\" data-elementor-id=\"31\" class=\"elementor elementor-31\" data-elementor-post-type=\"page\">\n\t\t\t\t<div class=\"elementor-element elementor-element-1ca8157 e-flex e-con-boxed e-con e-parent\" data-id=\"1ca8157\" data-element_type=\"container\" data-e-type=\"container\" data-settings=\"{&quot;background_background&quot;:&quot;classic&quot;}\">\n\t\t\t\t\t<div class=\"e-con-inner\">\n\t\t<div class=\"elementor-element elementor-element-ee95924 e-con-full e-flex e-con e-child\" data-id=\"ee95924\" data-element_type=\"container\" data-e-type=\"container\">\n\t\t\t\t<div class=\"elementor-element elementor-element-fbdd061 elementor-widget elementor-widget-heading\" data-id=\"fbdd061\" data-element_type=\"widget\" data-e-type=\"widget\" data-widget_type=\"heading.default\">\n\t\t\t\t<div class=\"elementor-widget-container\">\n\t\t\t\t\t<h2 class=\"elementor-heading-title elementor-size-default\">Politica de confiden\u021bialitate<\/h2>\t\t\t\t<\/div>\n\t\t\t\t<\/div>\n\t\t\t\t<\/div>\n\t\t\t\t\t<\/div>\n\t\t\t\t<\/div>\n\t\t<div class=\"elementor-element elementor-element-5a8dd38e e-flex e-con-boxed e-con e-parent\" data-id=\"5a8dd38e\" data-element_type=\"container\" data-e-type=\"container\">\n\t\t\t\t\t<div class=\"e-con-inner\">\n\t\t\t\t<div class=\"elementor-element elementor-element-6ea5a565 elementor-widget elementor-widget-text-editor\" data-id=\"6ea5a565\" data-element_type=\"widget\" data-e-type=\"widget\" data-widget_type=\"text-editor.default\">\n\t\t\t\t<div class=\"elementor-widget-container\">\n\t\t\t\t\t\t\t\t\t\n<p><strong>1.- INFORMA\u021aII PENTRU UTILIZATOR<\/strong><\/p>\n\n<p>Site-ul web informeaz\u0103 utilizatorii site-ului web cu privire la politica sa privind prelucrarea \u0219i protec\u021bia datelor cu caracter personal ale utilizatorilor \u0219i clien\u021bilor care pot fi solicitate \u00een timpul navig\u0103rii pe site-ul s\u0103u web.<\/p>\n\n<p>Site-ul web este responsabil pentru prelucrarea datelor cu caracter personal ale utilizatorului, prin urmare, v\u0103 sunt furnizate urm\u0103toarele informa\u021bii privind prelucrarea datelor dumneavoastr\u0103:<\/p>\n\n<p><strong>Criterii de p\u0103strare a datelor:<\/strong>\u00a0Datele cu caracter personal furnizate vor fi p\u0103strate p\u00e2n\u0103 c\u00e2nd partea interesat\u0103 solicit\u0103 suspendarea acestora, exercit\u00e2ndu-\u0219i drepturile asupra datelor \u0219i, \u00een orice caz, cu respectarea oric\u0103ror termene legale de prescrip\u021bie aplicabile.<\/p>\n\n<p><strong>Drepturile p\u0103r\u021bilor interesate:<\/strong><\/p>\n\n<p>Dreptul de a v\u0103 retrage consim\u021b\u0103m\u00e2ntul \u00een orice moment.<br \/>Dreptul de acces, rectificare, \u0219tergere \u0219i portabilitate a datelor dumneavoastr\u0103, precum \u0219i dreptul de a limita sau de a v\u0103 opune prelucr\u0103rii acestora, precum \u0219i de a nu fi supus unor decizii individuale automatizate.<\/p>\n\n<p><strong>Informa\u021bii de contact pentru exercitarea drepturilor dumneavoastr\u0103:<\/strong><\/p>\n\n<p>Trebuie s\u0103 v\u0103 identifica\u021bi \u00een mod corespunz\u0103tor \u0219i s\u0103 solicita\u021bi \u00een mod clar dreptul de exercitare.<\/p>\n\n<ul class=\"wp-block-list\">\n<li>Companie: Pablo Angulo Maspons<\/li>\n<li>Popula\u021bie: Vinaroz, Spania<\/li>\n<li>Telefon: 613395013<\/li>\n<li>Po\u0219t\u0103: <a class=\"css-1rn59kg\" title=\"info@rosanacl.com\" href=\"mailto:info@rosanacl.com\" data-testid=\"link-with-safety\" data-renderer-mark=\"true\">info@rosanacl.com\u00a0<\/a><\/li>\n<\/ul>\n\n<p><strong>2.- INFORMA\u021aII FURNIZATE DE UTILIZATOR<\/strong><\/p>\n\n<p>Dac\u0103 ave\u021bi sub 18 ani, nu ave\u021bi permisiunea de a utiliza formularele de pe site-ul nostru web.<\/p>\n\n<p>Prin introducerea datelor lor \u00een formularele de contact sau prin trimiterea acestora \u00een formularele de desc\u0103rcare, Utilizatorii accept\u0103 \u00een mod expres, liber \u0219i neechivoc c\u0103 datele lor sunt necesare pentru ca Operatorul s\u0103 le proceseze solicitarea. Includerea datelor \u00een c\u00e2mpurile r\u0103mase este voluntar\u0103.<\/p>\n\n<p>Utilizatorul garanteaz\u0103 c\u0103 datele personale furnizate sunt adev\u0103rate \u0219i este responsabil pentru comunicarea oric\u0103ror modific\u0103ri.<\/p>\n\n<p>Toate datele solicitate prin intermediul site-ului web sunt necesare pentru a oferi Utilizatorului un serviciu optim. Dac\u0103 nu sunt furnizate toate datele, nu exist\u0103 nicio garan\u021bie c\u0103 informa\u021biile \u0219i serviciile furnizate de Operator vor fi pe deplin adaptate nevoilor acestuia.<\/p>\n\n<p><strong>3.- M\u0102SURI DE SECURITATE<\/strong><\/p>\n\n<p>\u00cen conformitate cu prevederile reglement\u0103rilor actuale privind protec\u021bia datelor cu caracter personal, Operatorul respect\u0103 toate prevederile regulamentelor GDPR \u0219i LOPD pentru prelucrarea datelor cu caracter personal aflate \u00een responsabilitatea sa, care sunt prelucrate \u00een mod legal, echitabil \u0219i transparent \u00een raport cu persoana vizat\u0103 \u0219i sunt adecvate, relevante \u0219i limitate la ceea ce este necesar \u00een raport cu scopurile pentru care sunt prelucrate.<\/p>\n\n<p>Operatorul garanteaz\u0103 c\u0103 a implementat politici tehnice \u0219i organizatorice adecvate pentru a aplica m\u0103surile de securitate stabilite de GDPR \u0219i LOPD pentru a proteja drepturile \u0219i libert\u0103\u021bile Utilizatorilor \u0219i le-a furnizat informa\u021biile corespunz\u0103toare pentru ca ace\u0219tia s\u0103 le poat\u0103 exercita.<\/p>\n\n<p><strong>4.- \u00ceNC\u0102LC\u0102RI DE SECURITATE<\/strong><\/p>\n\n<p>Operatorul va raporta orice \u00eenc\u0103lcare a securit\u0103\u021bii care afecteaz\u0103 baza de date utilizat\u0103 de acest site web sau de oricare dintre serviciile noastre ter\u021be, fiec\u0103rei persoane ale c\u0103rei date ar fi putut fi afectate, precum \u0219i autorit\u0103\u021bilor \u00een termen de 72 de ore de la detectarea \u00eenc\u0103lc\u0103rii.<\/p>\n\n<p><strong>LEGISLA\u021aIA APLICABIL\u0102 \u0218I JURISDIC\u021aIA<\/strong><\/p>\n\n<p>Pentru solu\u021bionarea tuturor litigiilor sau problemelor legate de acest site web sau de activit\u0103\u021bile desf\u0103\u0219urate pe acesta, se va aplica legisla\u021bia spaniol\u0103, c\u0103reia p\u0103r\u021bile se supun \u00een mod expres. Instan\u021bele \u0219i Tribunalele din Barcelona vor avea competen\u021b\u0103 pentru solu\u021bionarea tuturor conflictelor care decurg din sau sunt legate de utilizarea acestui site web.<\/p>\n\n<p>\u00a0<\/p>\n\t\t\t\t\t\t\t\t<\/div>\n\t\t\t\t<\/div>\n\t\t\t\t\t<\/div>\n\t\t\t\t<\/div>\n\t\t\t\t<\/div>","protected":false},"excerpt":{"rendered":"<p>1.- INFORMACI\u00d3N AL USUARIO El sitio web informa a los usuarios del sitio web sobre su pol\u00edtica respecto al tratamiento y protecci\u00f3n de los datos de car\u00e1cter personal de los usuarios y clientes que puedan ser solicitados por la navegaci\u00f3n a trav\u00e9s de su sitio web. El sitio web es el Responsable del tratamiento de [&hellip;]<\/p>\n","protected":false},"author":1,"featured_media":0,"parent":0,"menu_order":0,"comment_status":"closed","ping_status":"closed","template":"","meta":{"content-type":"","footnotes":""},"class_list":["post-31","page","type-page","status-publish","hentry"],"yoast_head":"<!-- This site is optimized with the Yoast SEO plugin v27.4 - https:\/\/yoast.com\/product\/yoast-seo-wordpress\/ -->\n<title>Pol\u00edtica de Privacidad - Rosana CL<\/title>\n<meta name=\"robots\" content=\"index, follow, max-snippet:-1, max-image-preview:large, max-video-preview:-1\" \/>\n<link rel=\"canonical\" href=\"https:\/\/rosanacl.com\/ro\/politica-de-privacidad\/\" \/>\n<meta property=\"og:locale\" content=\"ro_RO\" \/>\n<meta property=\"og:type\" content=\"article\" \/>\n<meta property=\"og:title\" content=\"Pol\u00edtica de Privacidad - Rosana CL\" \/>\n<meta property=\"og:description\" content=\"1.- INFORMACI\u00d3N AL USUARIO El sitio web informa a los usuarios del sitio web sobre su pol\u00edtica respecto al tratamiento y protecci\u00f3n de los datos de car\u00e1cter personal de los usuarios y clientes que puedan ser solicitados por la navegaci\u00f3n a trav\u00e9s de su sitio web. El sitio web es el Responsable del tratamiento de [&hellip;]\" \/>\n<meta property=\"og:url\" content=\"https:\/\/rosanacl.com\/ro\/politica-de-privacidad\/\" \/>\n<meta property=\"og:site_name\" content=\"Rosana CL\" \/>\n<meta property=\"article:modified_time\" content=\"2025-07-09T06:56:36+00:00\" \/>\n<meta name=\"twitter:card\" content=\"summary_large_image\" \/>\n<meta name=\"twitter:label1\" content=\"Timp estimat pentru citire\" \/>\n\t<meta name=\"twitter:data1\" content=\"3 minute\" \/>\n<script type=\"application\/ld+json\" class=\"yoast-schema-graph\">{\"@context\":\"https:\\\/\\\/schema.org\",\"@graph\":[{\"@type\":\"WebPage\",\"@id\":\"https:\\\/\\\/rosanacl.com\\\/politica-de-privacidad\\\/\",\"url\":\"https:\\\/\\\/rosanacl.com\\\/politica-de-privacidad\\\/\",\"name\":\"Pol\u00edtica de Privacidad - Rosana CL\",\"isPartOf\":{\"@id\":\"https:\\\/\\\/rosanacl.com\\\/ca\\\/#website\"},\"datePublished\":\"2025-03-28T19:10:30+00:00\",\"dateModified\":\"2025-07-09T06:56:36+00:00\",\"breadcrumb\":{\"@id\":\"https:\\\/\\\/rosanacl.com\\\/politica-de-privacidad\\\/#breadcrumb\"},\"inLanguage\":\"ro-RO\",\"potentialAction\":[{\"@type\":\"ReadAction\",\"target\":[\"https:\\\/\\\/rosanacl.com\\\/politica-de-privacidad\\\/\"]}]},{\"@type\":\"BreadcrumbList\",\"@id\":\"https:\\\/\\\/rosanacl.com\\\/politica-de-privacidad\\\/#breadcrumb\",\"itemListElement\":[{\"@type\":\"ListItem\",\"position\":1,\"name\":\"Portada\",\"item\":\"https:\\\/\\\/rosanacl.com\\\/ca\\\/\"},{\"@type\":\"ListItem\",\"position\":2,\"name\":\"Pol\u00edtica de Privacidad\"}]},{\"@type\":\"WebSite\",\"@id\":\"https:\\\/\\\/rosanacl.com\\\/ca\\\/#website\",\"url\":\"https:\\\/\\\/rosanacl.com\\\/ca\\\/\",\"name\":\"Rosana CL\",\"description\":\"Somos tu interior\",\"potentialAction\":[{\"@type\":\"SearchAction\",\"target\":{\"@type\":\"EntryPoint\",\"urlTemplate\":\"https:\\\/\\\/rosanacl.com\\\/ca\\\/?s={search_term_string}\"},\"query-input\":{\"@type\":\"PropertyValueSpecification\",\"valueRequired\":true,\"valueName\":\"search_term_string\"}}],\"inLanguage\":\"ro-RO\"}]}<\/script>\n<!-- \/ Yoast SEO plugin. -->","yoast_head_json":{"title":"Pol\u00edtica de Privacidad - Rosana CL","robots":{"index":"index","follow":"follow","max-snippet":"max-snippet:-1","max-image-preview":"max-image-preview:large","max-video-preview":"max-video-preview:-1"},"canonical":"https:\/\/rosanacl.com\/ro\/politica-de-privacidad\/","og_locale":"ro_RO","og_type":"article","og_title":"Pol\u00edtica de Privacidad - Rosana CL","og_description":"1.- INFORMACI\u00d3N AL USUARIO El sitio web informa a los usuarios del sitio web sobre su pol\u00edtica respecto al tratamiento y protecci\u00f3n de los datos de car\u00e1cter personal de los usuarios y clientes que puedan ser solicitados por la navegaci\u00f3n a trav\u00e9s de su sitio web. El sitio web es el Responsable del tratamiento de [&hellip;]","og_url":"https:\/\/rosanacl.com\/ro\/politica-de-privacidad\/","og_site_name":"Rosana CL","article_modified_time":"2025-07-09T06:56:36+00:00","twitter_card":"summary_large_image","twitter_misc":{"Timp estimat pentru citire":"3 minute"},"schema":{"@context":"https:\/\/schema.org","@graph":[{"@type":"WebPage","@id":"https:\/\/rosanacl.com\/politica-de-privacidad\/","url":"https:\/\/rosanacl.com\/politica-de-privacidad\/","name":"Pol\u00edtica de Privacidad - Rosana CL","isPartOf":{"@id":"https:\/\/rosanacl.com\/ca\/#website"},"datePublished":"2025-03-28T19:10:30+00:00","dateModified":"2025-07-09T06:56:36+00:00","breadcrumb":{"@id":"https:\/\/rosanacl.com\/politica-de-privacidad\/#breadcrumb"},"inLanguage":"ro-RO","potentialAction":[{"@type":"ReadAction","target":["https:\/\/rosanacl.com\/politica-de-privacidad\/"]}]},{"@type":"BreadcrumbList","@id":"https:\/\/rosanacl.com\/politica-de-privacidad\/#breadcrumb","itemListElement":[{"@type":"ListItem","position":1,"name":"Portada","item":"https:\/\/rosanacl.com\/ca\/"},{"@type":"ListItem","position":2,"name":"Pol\u00edtica de Privacidad"}]},{"@type":"WebSite","@id":"https:\/\/rosanacl.com\/ca\/#website","url":"https:\/\/rosanacl.com\/ca\/","name":"Rosana CL","description":"Suntem sinele t\u0103u interior","potentialAction":[{"@type":"SearchAction","target":{"@type":"EntryPoint","urlTemplate":"https:\/\/rosanacl.com\/ca\/?s={search_term_string}"},"query-input":{"@type":"PropertyValueSpecification","valueRequired":true,"valueName":"search_term_string"}}],"inLanguage":"ro-RO"}]}},"_links":{"self":[{"href":"https:\/\/rosanacl.com\/ro\/wp-json\/wp\/v2\/pages\/31","targetHints":{"allow":["GET"]}}],"collection":[{"href":"https:\/\/rosanacl.com\/ro\/wp-json\/wp\/v2\/pages"}],"about":[{"href":"https:\/\/rosanacl.com\/ro\/wp-json\/wp\/v2\/types\/page"}],"author":[{"embeddable":true,"href":"https:\/\/rosanacl.com\/ro\/wp-json\/wp\/v2\/users\/1"}],"replies":[{"embeddable":true,"href":"https:\/\/rosanacl.com\/ro\/wp-json\/wp\/v2\/comments?post=31"}],"version-history":[{"count":0,"href":"https:\/\/rosanacl.com\/ro\/wp-json\/wp\/v2\/pages\/31\/revisions"}],"wp:attachment":[{"href":"https:\/\/rosanacl.com\/ro\/wp-json\/wp\/v2\/media?parent=31"}],"curies":[{"name":"wp","href":"https:\/\/api.w.org\/{rel}","templated":true}]}}