{"id":3925,"date":"2025-10-10T11:59:02","date_gmt":"2025-10-10T09:59:02","guid":{"rendered":"https:\/\/rosanacl.com\/?page_id=3925"},"modified":"2025-10-10T12:00:45","modified_gmt":"2025-10-10T10:00:45","slug":"sujetador-selene-sin-aros","status":"publish","type":"page","link":"https:\/\/rosanacl.com\/ro\/sujetador-selene-sin-aros\/","title":{"rendered":"Sutien Selene f\u0103r\u0103 arm\u0103tur\u0103"},"content":{"rendered":"<div data-elementor-type=\"wp-page\" data-elementor-id=\"3925\" class=\"elementor elementor-3925\" data-elementor-post-type=\"page\">\n\t\t\t\t<div class=\"elementor-element elementor-element-171998c7 e-flex e-con-boxed e-con e-parent\" data-id=\"171998c7\" data-element_type=\"container\" data-e-type=\"container\">\n\t\t\t\t\t<div class=\"e-con-inner\">\n\t\t\t\t<div class=\"elementor-element elementor-element-6575351f elementor-widget elementor-widget-text-editor\" data-id=\"6575351f\" data-element_type=\"widget\" data-e-type=\"widget\" data-widget_type=\"text-editor.default\">\n\t\t\t\t<div class=\"elementor-widget-container\">\n\t\t\t\t\t\t\t\t\t\n<p><\/p>\n\n\n\n<p><\/p>\n\t\t\t\t\t\t\t\t<\/div>\n\t\t\t\t<\/div>\n\t\t\t\t\t<\/div>\n\t\t\t\t<\/div>\n\t\t<div class=\"elementor-element elementor-element-cf7d341 e-flex e-con-boxed e-con e-parent\" data-id=\"cf7d341\" data-element_type=\"container\" data-e-type=\"container\">\n\t\t\t\t\t<div class=\"e-con-inner\">\n\t\t\t\t<div class=\"elementor-element elementor-element-1f1d080 elementor-widget elementor-widget-heading\" data-id=\"1f1d080\" data-element_type=\"widget\" data-e-type=\"widget\" data-widget_type=\"heading.default\">\n\t\t\t\t<div class=\"elementor-widget-container\">\n\t\t\t\t\t<h2 class=\"elementor-heading-title elementor-size-default\">Sutien Selene f\u0103r\u0103 arm\u0103tur\u0103<\/h2>\t\t\t\t<\/div>\n\t\t\t\t<\/div>\n\t\t\t\t\t<\/div>\n\t\t\t\t<\/div>\n\t\t<div class=\"elementor-element elementor-element-dc1921d e-flex e-con-boxed e-con e-parent\" data-id=\"dc1921d\" data-element_type=\"container\" data-e-type=\"container\">\n\t\t\t\t\t<div class=\"e-con-inner\">\n\t\t<div class=\"elementor-element elementor-element-d19616f e-con-full e-flex e-con e-child\" data-id=\"d19616f\" data-element_type=\"container\" data-e-type=\"container\">\n\t\t\t\t<div class=\"elementor-element elementor-element-9d430a9 elementor-widget elementor-widget-text-editor\" data-id=\"9d430a9\" data-element_type=\"widget\" data-e-type=\"widget\" data-widget_type=\"text-editor.default\">\n\t\t\t\t<div class=\"elementor-widget-container\">\n\t\t\t\t\t\t\t\t\t<h3 data-start=\"357\" data-end=\"432\"><strong data-start=\"361\" data-end=\"432\">Sutienul f\u0103r\u0103 feronerie Selene: confortul care \u00ee\u021bi transform\u0103 via\u021ba de zi cu zi<\/strong><\/h3>\n<p data-start=\"434\" data-end=\"811\">G\u0103sirea unui sutien care combin\u0103 confortul, sus\u021binerea \u0219i designul nu este \u00eentotdeauna u\u0219oar\u0103. De aceea <strong data-start=\"531\" data-end=\"560\">Sutien Selene f\u0103r\u0103 arm\u0103tur\u0103<\/strong> A devenit una dintre op\u021biunile preferate ale femeilor care caut\u0103 libertate de mi\u0219care f\u0103r\u0103 a sacrifica stilul. <strong data-start=\"688\" data-end=\"701\">Rosana CL<\/strong>Am selectat cele mai bune modele din aceast\u0103 categorie pentru a v\u0103 oferi o experien\u021b\u0103 de confort de neegalat.<\/p>\n<p data-start=\"813\" data-end=\"1240\">El <strong data-start=\"816\" data-end=\"845\">Sutien Selene f\u0103r\u0103 arm\u0103tur\u0103<\/strong> Este conceput s\u0103 se adapteze natural corpului, oferind un suport ferm, dar f\u0103r\u0103 presiune. Datorit\u0103 calit\u0103\u021bii materialelor, structurii elastice \u0219i cus\u0103turilor plate, aceste articole vestimentare se muleaz\u0103 perfect pe bust, f\u0103r\u0103 a provoca irita\u021bii sau urme. Moliciunea \u0219i u\u0219urin\u021ba sa \u00eel fac ideal pentru utilizarea zilnic\u0103, at\u00e2t \u00een zilele lungi, c\u00e2t \u0219i \u00een perioadele de odihn\u0103.<\/p>\n<p data-start=\"1242\" data-end=\"1568\">\u00cen <strong data-start=\"1245\" data-end=\"1258\">Rosana CL<\/strong>\u0218tim c\u0103 fiecare femeie are nevoi diferite. De aceea, oferim un catalog vast \u0219i actualizat de <strong data-start=\"1371\" data-end=\"1402\">Sutiene Selene f\u0103r\u0103 arm\u0103tur\u0103<\/strong>, cu modele care combin\u0103 materiale tehnice respirabile, designuri elegante \u0219i finisaje delicate. Pentru c\u0103 a te sim\u021bi bine \u00eencepe cu ceea ce por\u021bi pe sub haine.<\/p>\t\t\t\t\t\t\t\t<\/div>\n\t\t\t\t<\/div>\n\t\t\t\t<\/div>\n\t\t<div class=\"elementor-element elementor-element-5568f8b e-con-full e-flex e-con e-child\" data-id=\"5568f8b\" data-element_type=\"container\" data-e-type=\"container\">\n\t\t\t\t<div class=\"elementor-element elementor-element-980debe elementor-widget elementor-widget-image\" data-id=\"980debe\" data-element_type=\"widget\" data-e-type=\"widget\" data-widget_type=\"image.default\">\n\t\t\t\t<div class=\"elementor-widget-container\">\n\t\t\t\t\t\t\t\t\t\t\t\t\t\t\t<img fetchpriority=\"high\" decoding=\"async\" width=\"800\" height=\"566\" src=\"https:\/\/rosanacl.com\/wp-content\/uploads\/2025\/09\/comprar-lenceria-selene-1-1024x724.jpg\" class=\"attachment-large size-large wp-image-3951\" alt=\"\" srcset=\"https:\/\/rosanacl.com\/wp-content\/uploads\/2025\/09\/comprar-lenceria-selene-1-1024x724.jpg 1024w, https:\/\/rosanacl.com\/wp-content\/uploads\/2025\/09\/comprar-lenceria-selene-1-300x212.jpg 300w, https:\/\/rosanacl.com\/wp-content\/uploads\/2025\/09\/comprar-lenceria-selene-1-768x543.jpg 768w, https:\/\/rosanacl.com\/wp-content\/uploads\/2025\/09\/comprar-lenceria-selene-1-1536x1086.jpg 1536w, https:\/\/rosanacl.com\/wp-content\/uploads\/2025\/09\/comprar-lenceria-selene-1-18x12.jpg 18w, https:\/\/rosanacl.com\/wp-content\/uploads\/2025\/09\/comprar-lenceria-selene-1-600x424.jpg 600w, https:\/\/rosanacl.com\/wp-content\/uploads\/2025\/09\/comprar-lenceria-selene-1.jpg 2000w\" sizes=\"(max-width: 800px) 100vw, 800px\" \/>\t\t\t\t\t\t\t\t\t\t\t\t\t\t\t<\/div>\n\t\t\t\t<\/div>\n\t\t\t\t<\/div>\n\t\t\t\t\t<\/div>\n\t\t\t\t<\/div>\n\t\t<div class=\"elementor-element elementor-element-5e380fb e-flex e-con-boxed e-con e-parent\" data-id=\"5e380fb\" data-element_type=\"container\" data-e-type=\"container\">\n\t\t\t\t\t<div class=\"e-con-inner\">\n\t\t<div class=\"elementor-element elementor-element-a763375 e-con-full e-flex e-con e-child\" data-id=\"a763375\" data-element_type=\"container\" data-e-type=\"container\">\n\t\t\t\t<div class=\"elementor-element elementor-element-a8aecc4 elementor-widget elementor-widget-image\" data-id=\"a8aecc4\" data-element_type=\"widget\" data-e-type=\"widget\" data-widget_type=\"image.default\">\n\t\t\t\t<div class=\"elementor-widget-container\">\n\t\t\t\t\t\t\t\t\t\t\t\t\t\t\t<img decoding=\"async\" width=\"800\" height=\"566\" src=\"https:\/\/rosanacl.com\/wp-content\/uploads\/2025\/10\/sujetadores-selene-1-1024x724.jpg\" class=\"attachment-large size-large wp-image-3978\" alt=\"\" srcset=\"https:\/\/rosanacl.com\/wp-content\/uploads\/2025\/10\/sujetadores-selene-1-1024x724.jpg 1024w, https:\/\/rosanacl.com\/wp-content\/uploads\/2025\/10\/sujetadores-selene-1-300x212.jpg 300w, https:\/\/rosanacl.com\/wp-content\/uploads\/2025\/10\/sujetadores-selene-1-768x543.jpg 768w, https:\/\/rosanacl.com\/wp-content\/uploads\/2025\/10\/sujetadores-selene-1-1536x1086.jpg 1536w, https:\/\/rosanacl.com\/wp-content\/uploads\/2025\/10\/sujetadores-selene-1-18x12.jpg 18w, https:\/\/rosanacl.com\/wp-content\/uploads\/2025\/10\/sujetadores-selene-1-600x424.jpg 600w, https:\/\/rosanacl.com\/wp-content\/uploads\/2025\/10\/sujetadores-selene-1.jpg 2000w\" sizes=\"(max-width: 800px) 100vw, 800px\" \/>\t\t\t\t\t\t\t\t\t\t\t\t\t\t\t<\/div>\n\t\t\t\t<\/div>\n\t\t\t\t<\/div>\n\t\t<div class=\"elementor-element elementor-element-b02b1e9 e-con-full e-flex e-con e-child\" data-id=\"b02b1e9\" data-element_type=\"container\" data-e-type=\"container\">\n\t\t\t\t<div class=\"elementor-element elementor-element-9143d92 elementor-widget elementor-widget-text-editor\" data-id=\"9143d92\" data-element_type=\"widget\" data-e-type=\"widget\" data-widget_type=\"text-editor.default\">\n\t\t\t\t<div class=\"elementor-widget-container\">\n\t\t\t\t\t\t\t\t\t<h3 data-start=\"1575\" data-end=\"1643\"><strong data-start=\"1579\" data-end=\"1643\">Sutien f\u0103r\u0103 feronerie Selene: tehnologie textil\u0103 care are grij\u0103 de tine<\/strong><\/h3>\n<p data-start=\"1645\" data-end=\"1983\">Succesul <strong data-start=\"1658\" data-end=\"1687\">Sutien Selene f\u0103r\u0103 arm\u0103tur\u0103<\/strong> Nu este o coinciden\u021b\u0103. Selene a dezvoltat o linie ce combin\u0103 inova\u021bia \u0219i bun\u0103starea, folosind materiale de \u00eenalt\u0103 calitate ce ofer\u0103 sus\u021binere f\u0103r\u0103 a fi nevoie de arm\u0103tur\u0103 metalic\u0103. Aceste sutiene au cupe preformate care modeleaz\u0103 u\u0219or bustul, ob\u021bin\u00e2nd o form\u0103 natural\u0103 \u0219i armonioas\u0103.<\/p>\n<p data-start=\"1985\" data-end=\"2451\">Printre cele mai proeminente modele de <strong data-start=\"2021\" data-end=\"2050\">Sutien Selene f\u0103r\u0103 arm\u0103tur\u0103<\/strong> Ve\u021bi g\u0103si op\u021biuni confec\u021bionate din microfibr\u0103 elastic\u0103, bumbac de \u00eenalt\u0103 densitate sau \u021bes\u0103turi care atenueaz\u0103 senza\u021bia de c\u0103ldur\u0103. Aceste materiale se adapteaz\u0103 mi\u0219c\u0103rilor corpului \u0219i permit pielii s\u0103 respire, prevenind senza\u021bia de str\u00e2ngere sau c\u0103ldur\u0103. \u00cen plus, multe modele au bretele late, reglabile, care distribuie greutatea bustului, asigur\u00e2nd confort pe tot parcursul zilei.<\/p>\n<p data-start=\"2453\" data-end=\"2789\">Un alt punct forte al <strong data-start=\"2484\" data-end=\"2513\">Sutien Selene f\u0103r\u0103 arm\u0103tur\u0103<\/strong> este durabilitatea sa. \u00cen ciuda u\u0219urin\u021bei sale, hainele \u00ee\u0219i men\u021bin forma \u0219i elasticitatea chiar \u0219i dup\u0103 sp\u0103l\u0103ri repetate. <strong data-start=\"2643\" data-end=\"2656\">Rosana CL<\/strong>Garant\u0103m c\u0103 fiecare model p\u0103streaz\u0103 propriet\u0103\u021bile originale ale m\u0103rcii: potrivire perfect\u0103, durabilitate \u0219i elegan\u021b\u0103 atemporal\u0103.<\/p>\n<p data-start=\"2791\" data-end=\"3072\">Designurile reflect\u0103, de asemenea, echilibrul dintre func\u021bionalitate \u0219i estetic\u0103. De la modele simple pentru uz zilnic, la versiuni cu dantel\u0103, detalii transparente sau decorative, fiecare <strong data-start=\"2985\" data-end=\"3014\">Sutien Selene f\u0103r\u0103 arm\u0103tur\u0103<\/strong> ofer\u0103 acea not\u0103 de feminitate care distinge brandul.<\/p>\t\t\t\t\t\t\t\t<\/div>\n\t\t\t\t<\/div>\n\t\t\t\t<\/div>\n\t\t\t\t\t<\/div>\n\t\t\t\t<\/div>\n\t\t<div class=\"elementor-element elementor-element-495e863 e-flex e-con-boxed e-con e-parent\" data-id=\"495e863\" data-element_type=\"container\" data-e-type=\"container\">\n\t\t\t\t\t<div class=\"e-con-inner\">\n\t\t\t\t<div class=\"elementor-element elementor-element-fe47ba3 elementor-widget elementor-widget-text-editor\" data-id=\"fe47ba3\" data-element_type=\"widget\" data-e-type=\"widget\" data-widget_type=\"text-editor.default\">\n\t\t\t\t<div class=\"elementor-widget-container\">\n\t\t\t\t\t\t\t\t\t<h3 data-start=\"3079\" data-end=\"3144\"><strong data-start=\"3083\" data-end=\"3144\">Sutien f\u0103r\u0103 arm\u0103tur\u0103 Selene: g\u0103se\u0219te-l pe al t\u0103u la Rosana CL<\/strong><\/h3>\n<p data-start=\"3146\" data-end=\"3437\">Alegerea locului potrivit pentru a cump\u0103ra <strong data-start=\"3187\" data-end=\"3216\">Sutien Selene f\u0103r\u0103 arm\u0103tur\u0103<\/strong> este la fel de important\u0103 ca alegerea m\u0103rimii sau a modelului. \u00cen <strong data-start=\"3272\" data-end=\"3285\">Rosana CL<\/strong>Suntem speciali\u0219ti \u00een lenjerie intim\u0103 pentru femei \u0219i lucr\u0103m direct cu Selene pentru a oferi produse 100% originale, cu garan\u021bie de autenticitate.<\/p>\n<p data-start=\"3439\" data-end=\"3730\">Magazinul nostru online este conceput pentru a v\u0103 u\u0219ura experien\u021ba: informa\u021bii detaliate despre produs, un ghid de m\u0103rimi precis, fotografii reale \u0219i un serviciu clien\u021bi care v\u0103 sprijin\u0103 la fiecare pas. De asemenea, oferim livrare rapid\u0103 \u0219i sigur\u0103 \u00een toat\u0103 Spania, cu discre\u021bie deplin\u0103.<\/p>\n<p data-start=\"3732\" data-end=\"4026\">Cump\u0103r\u0103-\u021bi <strong data-start=\"3743\" data-end=\"3772\">Sutien Selene f\u0103r\u0103 arm\u0103tur\u0103<\/strong> La Rosana CL, ne propunem confortul, \u00eencrederea \u0219i elegan\u021ba pe care doar un brand cu decenii de experien\u021b\u0103 le poate oferi. Fiecare pies\u0103 vestimentar\u0103 este conceput\u0103 pentru a v\u0103 pune \u00een valoare silueta \u0219i a v\u0103 \u00eenso\u021bi \u00een orice situa\u021bie: munc\u0103, timp liber sau relaxare.<\/p>\n<p data-start=\"4028\" data-end=\"4267\">Pentru c\u0103 adev\u0103rata frumuse\u021be \u00eencepe cu confortul, <strong data-start=\"4088\" data-end=\"4117\">Sutien Selene f\u0103r\u0103 arm\u0103tur\u0103<\/strong> devine un aliat esen\u021bial pentru via\u021ba de zi cu zi. \u00cen <strong data-start=\"4181\" data-end=\"4194\">Rosana CL<\/strong>, vei g\u0103si echilibrul perfect \u00eentre sus\u021binere, moliciune \u0219i stil.<\/p>\t\t\t\t\t\t\t\t<\/div>\n\t\t\t\t<\/div>\n\t\t\t\t\t<\/div>\n\t\t\t\t<\/div>\n\t\t<div class=\"elementor-element elementor-element-d05ed3a e-flex e-con-boxed e-con e-parent\" data-id=\"d05ed3a\" data-element_type=\"container\" data-e-type=\"container\">\n\t\t\t\t\t<div class=\"e-con-inner\">\n\t\t\t\t<div class=\"elementor-element elementor-element-b883e86 elementor-widget elementor-widget-heading\" data-id=\"b883e86\" data-element_type=\"widget\" data-e-type=\"widget\" data-widget_type=\"heading.default\">\n\t\t\t\t<div class=\"elementor-widget-container\">\n\t\t\t\t\t<h2 class=\"elementor-heading-title elementor-size-default\">Contacta\u0163i-ne <\/h2>\t\t\t\t<\/div>\n\t\t\t\t<\/div>\n\t\t\t\t\t<\/div>\n\t\t\t\t<\/div>\n\t\t<div class=\"elementor-element elementor-element-00e20e2 e-flex e-con-boxed e-con e-parent\" data-id=\"00e20e2\" data-element_type=\"container\" data-e-type=\"container\">\n\t\t\t\t\t<div class=\"e-con-inner\">\n\t\t<div class=\"elementor-element elementor-element-8ad8f7b e-con-full e-flex e-con e-child\" data-id=\"8ad8f7b\" data-element_type=\"container\" data-e-type=\"container\">\n\t\t\t\t<div class=\"elementor-element elementor-element-888944a elementor-widget__width-initial elementor-widget elementor-widget-elementskit-contact-form7\" data-id=\"888944a\" data-element_type=\"widget\" data-e-type=\"widget\" data-widget_type=\"elementskit-contact-form7.default\">\n\t\t\t\t<div class=\"elementor-widget-container\">\n\t\t\t\t\t<div class=\"ekit-wid-con\" ><div class=\"ekit-form\">\n<div class=\"wpcf7 no-js\" id=\"wpcf7-f48-o1\" lang=\"es-ES\" dir=\"ltr\" data-wpcf7-id=\"48\">\n<div class=\"screen-reader-response\"><p role=\"status\" aria-live=\"polite\" aria-atomic=\"true\"><\/p> <ul><\/ul><\/div>\n<form action=\"\/de\/wp-json\/wp\/v2\/pages\/3925#wpcf7-f48-o1\" method=\"post\" class=\"wpcf7-form init\" aria-label=\"Formular de contact\" novalidate=\"novalidate\" data-status=\"init\" data-trp-original-action=\"\/de\/wp-json\/wp\/v2\/pages\/3925#wpcf7-f48-o1\">\n<fieldset class=\"hidden-fields-container\"><input type=\"hidden\" name=\"_wpcf7\" value=\"48\" \/><input type=\"hidden\" name=\"_wpcf7_version\" value=\"6.1.5\" \/><input type=\"hidden\" name=\"_wpcf7_locale\" value=\"es_ES\" \/><input type=\"hidden\" name=\"_wpcf7_unit_tag\" value=\"wpcf7-f48-o1\" \/><input type=\"hidden\" name=\"_wpcf7_container_post\" value=\"0\" \/><input type=\"hidden\" name=\"_wpcf7_posted_data_hash\" value=\"\" \/><input type=\"hidden\" name=\"_wpcf7_recaptcha_response\" value=\"\" \/>\n<\/fieldset>\n<div class=\"form-row\">\n\t<div class=\"form-column\">\n\t\t<p><span class=\"wpcf7-form-control-wrap\" data-name=\"nombre\"><input size=\"40\" maxlength=\"400\" class=\"wpcf7-form-control wpcf7-text wpcf7-validates-as-required\" aria-required=\"true\" aria-invalid=\"false\" placeholder=\"Nume\" value=\"\" type=\"text\" name=\"nombre\" \/><\/span>\n\t\t<\/p>\n\t<\/div>\n\t<div class=\"form-column\">\n\t\t<p><span class=\"wpcf7-form-control-wrap\" data-name=\"telefono\"><input size=\"40\" maxlength=\"400\" class=\"wpcf7-form-control wpcf7-tel wpcf7-validates-as-required wpcf7-text wpcf7-validates-as-tel\" aria-required=\"true\" aria-invalid=\"false\" placeholder=\"Telefon *\" value=\"\" type=\"tel\" name=\"telefono\" \/><\/span>\n\t\t<\/p>\n\t<\/div>\n<\/div>\n<div class=\"form-row\">\n\t<div class=\"form-column\">\n\t\t<p><span class=\"wpcf7-form-control-wrap\" data-name=\"email\"><input size=\"40\" maxlength=\"400\" class=\"wpcf7-form-control wpcf7-email wpcf7-validates-as-required wpcf7-text wpcf7-validates-as-email\" aria-required=\"true\" aria-invalid=\"false\" placeholder=\"E-mail *\" value=\"\" type=\"email\" name=\"email\" \/><\/span>\n\t\t<\/p>\n\t<\/div>\n\t<div class=\"form-column\">\n\t\t<p><span class=\"wpcf7-form-control-wrap\" data-name=\"asunto\"><input size=\"40\" maxlength=\"400\" class=\"wpcf7-form-control wpcf7-text wpcf7-validates-as-required\" aria-required=\"true\" aria-invalid=\"false\" placeholder=\"Aventur\u0103 *\" value=\"\" type=\"text\" name=\"asunto\" \/><\/span>\n\t\t<\/p>\n\t<\/div>\n<\/div>\n<p><span class=\"wpcf7-form-control-wrap\" data-name=\"mensaje\"><textarea cols=\"40\" rows=\"10\" maxlength=\"2000\" class=\"wpcf7-form-control wpcf7-textarea wpcf7-validates-as-required\" aria-required=\"true\" aria-invalid=\"false\" placeholder=\"Mesaj\" name=\"mensaje\"><\/textarea><\/span>\n<\/p>\n<p class=\"legal-priv\"><span class=\"wpcf7-form-control-wrap\" data-name=\"acceptance-787\"><span class=\"wpcf7-form-control wpcf7-acceptance\"><span class=\"wpcf7-list-item\"><label><input type=\"checkbox\" name=\"acceptance-787\" value=\"1\" aria-invalid=\"false\" \/><span class=\"wpcf7-list-item-label\">Am citit \u0219i sunt de acord cu <a href=\"https:\/\/rosanacl.com\/ro\/politica-de-privacidad\/\">Politica de confiden\u021bialitate<\/a><\/span><\/label><\/span><\/span><\/span>\n<\/p>\n<p><input class=\"wpcf7-form-control wpcf7-submit has-spinner\" type=\"submit\" value=\"TRIMITE MESAJ\" \/>\n<\/p><div class=\"wpcf7-response-output\" aria-hidden=\"true\"><\/div>\n<input type=\"hidden\" name=\"trp-form-language\" value=\"ro\"\/><\/form>\n<\/div>\n<\/div><\/div>\t\t\t\t<\/div>\n\t\t\t\t<\/div>\n\t\t\t\t<\/div>\n\t\t\t\t\t<\/div>\n\t\t\t\t<\/div>\n\t\t\t\t<\/div>","protected":false},"excerpt":{"rendered":"<p>Sujetador Selene sin aros Sujetador Selene sin aros: la comodidad que transforma tu d\u00eda a d\u00eda Encontrar un sujetador que combine comodidad, sujeci\u00f3n y dise\u00f1o no siempre es f\u00e1cil. Por eso, el sujetador Selene sin aros se ha convertido en una de las opciones favoritas de las mujeres que buscan libertad de movimiento sin renunciar [&hellip;]<\/p>\n","protected":false},"author":1,"featured_media":0,"parent":0,"menu_order":0,"comment_status":"closed","ping_status":"closed","template":"","meta":{"content-type":"","footnotes":""},"class_list":["post-3925","page","type-page","status-publish","hentry"],"yoast_head":"<!-- This site is optimized with the Yoast SEO plugin v27.4 - https:\/\/yoast.com\/product\/yoast-seo-wordpress\/ -->\n<title>Sujetador Selene sin aros - Rosana CL<\/title>\n<meta name=\"robots\" content=\"index, follow, max-snippet:-1, max-image-preview:large, max-video-preview:-1\" \/>\n<link rel=\"canonical\" href=\"https:\/\/rosanacl.com\/ro\/sujetador-selene-sin-aros\/\" \/>\n<meta property=\"og:locale\" content=\"ro_RO\" \/>\n<meta property=\"og:type\" content=\"article\" \/>\n<meta property=\"og:title\" content=\"Sujetador Selene sin aros - Rosana CL\" \/>\n<meta property=\"og:description\" content=\"Sujetador Selene sin aros Sujetador Selene sin aros: la comodidad que transforma tu d\u00eda a d\u00eda Encontrar un sujetador que combine comodidad, sujeci\u00f3n y dise\u00f1o no siempre es f\u00e1cil. Por eso, el sujetador Selene sin aros se ha convertido en una de las opciones favoritas de las mujeres que buscan libertad de movimiento sin renunciar [&hellip;]\" \/>\n<meta property=\"og:url\" content=\"https:\/\/rosanacl.com\/ro\/sujetador-selene-sin-aros\/\" \/>\n<meta property=\"og:site_name\" content=\"Rosana CL\" \/>\n<meta property=\"article:modified_time\" content=\"2025-10-10T10:00:45+00:00\" \/>\n<meta property=\"og:image\" content=\"https:\/\/rosanacl.com\/wp-content\/uploads\/2025\/09\/comprar-lenceria-selene-1.jpg\" \/>\n\t<meta property=\"og:image:width\" content=\"2000\" \/>\n\t<meta property=\"og:image:height\" content=\"1414\" \/>\n\t<meta property=\"og:image:type\" content=\"image\/jpeg\" \/>\n<meta name=\"twitter:card\" content=\"summary_large_image\" \/>\n<meta name=\"twitter:label1\" content=\"Timp estimat pentru citire\" \/>\n\t<meta name=\"twitter:data1\" content=\"3 minute\" \/>\n<script type=\"application\/ld+json\" class=\"yoast-schema-graph\">{\"@context\":\"https:\\\/\\\/schema.org\",\"@graph\":[{\"@type\":\"WebPage\",\"@id\":\"https:\\\/\\\/rosanacl.com\\\/sujetador-selene-sin-aros\\\/\",\"url\":\"https:\\\/\\\/rosanacl.com\\\/sujetador-selene-sin-aros\\\/\",\"name\":\"Sujetador Selene sin aros - Rosana CL\",\"isPartOf\":{\"@id\":\"https:\\\/\\\/rosanacl.com\\\/ca\\\/#website\"},\"primaryImageOfPage\":{\"@id\":\"https:\\\/\\\/rosanacl.com\\\/sujetador-selene-sin-aros\\\/#primaryimage\"},\"image\":{\"@id\":\"https:\\\/\\\/rosanacl.com\\\/sujetador-selene-sin-aros\\\/#primaryimage\"},\"thumbnailUrl\":\"https:\\\/\\\/rosanacl.com\\\/wp-content\\\/uploads\\\/2025\\\/09\\\/comprar-lenceria-selene-1-1024x724.jpg\",\"datePublished\":\"2025-10-10T09:59:02+00:00\",\"dateModified\":\"2025-10-10T10:00:45+00:00\",\"breadcrumb\":{\"@id\":\"https:\\\/\\\/rosanacl.com\\\/sujetador-selene-sin-aros\\\/#breadcrumb\"},\"inLanguage\":\"ro-RO\",\"potentialAction\":[{\"@type\":\"ReadAction\",\"target\":[\"https:\\\/\\\/rosanacl.com\\\/sujetador-selene-sin-aros\\\/\"]}]},{\"@type\":\"ImageObject\",\"inLanguage\":\"ro-RO\",\"@id\":\"https:\\\/\\\/rosanacl.com\\\/sujetador-selene-sin-aros\\\/#primaryimage\",\"url\":\"https:\\\/\\\/rosanacl.com\\\/wp-content\\\/uploads\\\/2025\\\/09\\\/comprar-lenceria-selene-1-1024x724.jpg\",\"contentUrl\":\"https:\\\/\\\/rosanacl.com\\\/wp-content\\\/uploads\\\/2025\\\/09\\\/comprar-lenceria-selene-1-1024x724.jpg\"},{\"@type\":\"BreadcrumbList\",\"@id\":\"https:\\\/\\\/rosanacl.com\\\/sujetador-selene-sin-aros\\\/#breadcrumb\",\"itemListElement\":[{\"@type\":\"ListItem\",\"position\":1,\"name\":\"Portada\",\"item\":\"https:\\\/\\\/rosanacl.com\\\/ca\\\/\"},{\"@type\":\"ListItem\",\"position\":2,\"name\":\"Sujetador Selene sin aros\"}]},{\"@type\":\"WebSite\",\"@id\":\"https:\\\/\\\/rosanacl.com\\\/ca\\\/#website\",\"url\":\"https:\\\/\\\/rosanacl.com\\\/ca\\\/\",\"name\":\"Rosana CL\",\"description\":\"Somos tu interior\",\"potentialAction\":[{\"@type\":\"SearchAction\",\"target\":{\"@type\":\"EntryPoint\",\"urlTemplate\":\"https:\\\/\\\/rosanacl.com\\\/ca\\\/?s={search_term_string}\"},\"query-input\":{\"@type\":\"PropertyValueSpecification\",\"valueRequired\":true,\"valueName\":\"search_term_string\"}}],\"inLanguage\":\"ro-RO\"}]}<\/script>\n<!-- \/ Yoast SEO plugin. -->","yoast_head_json":{"title":"Sujetador Selene sin aros - Rosana CL","robots":{"index":"index","follow":"follow","max-snippet":"max-snippet:-1","max-image-preview":"max-image-preview:large","max-video-preview":"max-video-preview:-1"},"canonical":"https:\/\/rosanacl.com\/ro\/sujetador-selene-sin-aros\/","og_locale":"ro_RO","og_type":"article","og_title":"Sujetador Selene sin aros - Rosana CL","og_description":"Sujetador Selene sin aros Sujetador Selene sin aros: la comodidad que transforma tu d\u00eda a d\u00eda Encontrar un sujetador que combine comodidad, sujeci\u00f3n y dise\u00f1o no siempre es f\u00e1cil. Por eso, el sujetador Selene sin aros se ha convertido en una de las opciones favoritas de las mujeres que buscan libertad de movimiento sin renunciar [&hellip;]","og_url":"https:\/\/rosanacl.com\/ro\/sujetador-selene-sin-aros\/","og_site_name":"Rosana CL","article_modified_time":"2025-10-10T10:00:45+00:00","og_image":[{"width":2000,"height":1414,"url":"https:\/\/rosanacl.com\/wp-content\/uploads\/2025\/09\/comprar-lenceria-selene-1.jpg","type":"image\/jpeg"}],"twitter_card":"summary_large_image","twitter_misc":{"Timp estimat pentru citire":"3 minute"},"schema":{"@context":"https:\/\/schema.org","@graph":[{"@type":"WebPage","@id":"https:\/\/rosanacl.com\/sujetador-selene-sin-aros\/","url":"https:\/\/rosanacl.com\/sujetador-selene-sin-aros\/","name":"Sujetador Selene sin aros - Rosana CL","isPartOf":{"@id":"https:\/\/rosanacl.com\/ca\/#website"},"primaryImageOfPage":{"@id":"https:\/\/rosanacl.com\/sujetador-selene-sin-aros\/#primaryimage"},"image":{"@id":"https:\/\/rosanacl.com\/sujetador-selene-sin-aros\/#primaryimage"},"thumbnailUrl":"https:\/\/rosanacl.com\/wp-content\/uploads\/2025\/09\/comprar-lenceria-selene-1-1024x724.jpg","datePublished":"2025-10-10T09:59:02+00:00","dateModified":"2025-10-10T10:00:45+00:00","breadcrumb":{"@id":"https:\/\/rosanacl.com\/sujetador-selene-sin-aros\/#breadcrumb"},"inLanguage":"ro-RO","potentialAction":[{"@type":"ReadAction","target":["https:\/\/rosanacl.com\/sujetador-selene-sin-aros\/"]}]},{"@type":"ImageObject","inLanguage":"ro-RO","@id":"https:\/\/rosanacl.com\/sujetador-selene-sin-aros\/#primaryimage","url":"https:\/\/rosanacl.com\/wp-content\/uploads\/2025\/09\/comprar-lenceria-selene-1-1024x724.jpg","contentUrl":"https:\/\/rosanacl.com\/wp-content\/uploads\/2025\/09\/comprar-lenceria-selene-1-1024x724.jpg"},{"@type":"BreadcrumbList","@id":"https:\/\/rosanacl.com\/sujetador-selene-sin-aros\/#breadcrumb","itemListElement":[{"@type":"ListItem","position":1,"name":"Portada","item":"https:\/\/rosanacl.com\/ca\/"},{"@type":"ListItem","position":2,"name":"Sujetador Selene sin aros"}]},{"@type":"WebSite","@id":"https:\/\/rosanacl.com\/ca\/#website","url":"https:\/\/rosanacl.com\/ca\/","name":"Rosana CL","description":"Suntem sinele t\u0103u interior","potentialAction":[{"@type":"SearchAction","target":{"@type":"EntryPoint","urlTemplate":"https:\/\/rosanacl.com\/ca\/?s={search_term_string}"},"query-input":{"@type":"PropertyValueSpecification","valueRequired":true,"valueName":"search_term_string"}}],"inLanguage":"ro-RO"}]}},"_links":{"self":[{"href":"https:\/\/rosanacl.com\/ro\/wp-json\/wp\/v2\/pages\/3925","targetHints":{"allow":["GET"]}}],"collection":[{"href":"https:\/\/rosanacl.com\/ro\/wp-json\/wp\/v2\/pages"}],"about":[{"href":"https:\/\/rosanacl.com\/ro\/wp-json\/wp\/v2\/types\/page"}],"author":[{"embeddable":true,"href":"https:\/\/rosanacl.com\/ro\/wp-json\/wp\/v2\/users\/1"}],"replies":[{"embeddable":true,"href":"https:\/\/rosanacl.com\/ro\/wp-json\/wp\/v2\/comments?post=3925"}],"version-history":[{"count":0,"href":"https:\/\/rosanacl.com\/ro\/wp-json\/wp\/v2\/pages\/3925\/revisions"}],"wp:attachment":[{"href":"https:\/\/rosanacl.com\/ro\/wp-json\/wp\/v2\/media?parent=3925"}],"curies":[{"name":"wp","href":"https:\/\/api.w.org\/{rel}","templated":true}]}}