{"id":1017,"date":"2025-04-30T00:35:59","date_gmt":"2025-04-29T22:35:59","guid":{"rendered":"https:\/\/rosanacl.com\/?post_type=product&#038;p=1017"},"modified":"2026-01-07T20:56:28","modified_gmt":"2026-01-07T19:56:28","slug":"sujetador-modelo-laia","status":"publish","type":"product","link":"https:\/\/rosanacl.com\/ro\/produs\/sujetador-modelo-laia\/","title":{"rendered":"Sutien Selene Laia"},"content":{"rendered":"<p>Sutienul Selene Laia este conceput pentru acele zile \u00een care vrei s\u0103 ar\u0103\u021bi c\u00e2t mai bine f\u0103r\u0103 nicio b\u0103taie de cap: cu arm\u0103tur\u0103 \u0219i c\u0103ptu\u0219eal\u0103 u\u0219oar\u0103 pentru un ridicare natural\u0103 \u0219i un design care \u00eembin\u0103 tulul \u0219i dantela pentru un finisaj elegant \u0219i foarte feminin. Este unul dintre acele sutiene care iese \u00een eviden\u021b\u0103: frumos la privit, confortabil de purtat \u0219i perfect pentru purtarea de zi cu zi.<\/p>\n<p>\u00cen plus, cupele sale u\u0219oare din spum\u0103 contribuie la rotunjirea bustului \u0219i la o form\u0103 mai pl\u0103cut\u0103 din punct de vedere estetic, f\u0103r\u0103 a-i da senza\u021bia de volum. Laia este o alegere ideal\u0103 dac\u0103 sunte\u021bi \u00een c\u0103utarea unui sutien cu arm\u0103tur\u0103 \u0219i c\u0103ptu\u0219it, care s\u0103 se potriveasc\u0103 bine, s\u0103 fie confortabil \u0219i s\u0103 se potriveasc\u0103 at\u00e2t cu hainele mulate, c\u00e2t \u0219i cu \u021binutele mai formale.<\/p>\n<p>Detalii care \u00ee\u021bi vor pl\u0103cea despre Laia<\/p>\n<ul>\n<li>Cercei care ofer\u0103 sus\u021binere \u0219i un decolteu mai definit.<\/li>\n<li>C\u0103ptu\u0219eal\u0103 u\u0219oar\u0103 (spum\u0103) pentru o form\u0103 rotunjit\u0103 \u0219i flatant\u0103.<\/li>\n<li>Combina\u021bie de tul \u0219i dantel\u0103: un finisaj fin \u0219i foarte feminin.<\/li>\n<li>O op\u021biune bun\u0103 de purtat cu haine mulate: un efect mai elegant pe sub piesa vestimentar\u0103.<\/li>\n<li>Combin\u0103-l cu chilo\u021bii brazilieni Selene 3121 pentru un set superb.<\/li>\n<\/ul>\n<p>\ud83d\udde3\ufe0f Sfat: Laia este unul dintre acele sutiene pe care le por\u021bi \u0219i observi instantaneu \u00abextra-ul\u00bb: un decolteu frumos, rotunjit \u0219i foarte feminin, cu o c\u0103ptu\u0219eal\u0103 u\u0219oar\u0103 care \u00ee\u021bi completeaz\u0103 silueta f\u0103r\u0103 a fi cople\u0219itoare. Se simte confortabil \u0219i elegant, perfect pentru zilele \u00een care vrei s\u0103 ar\u0103\u021bi c\u00e2t mai bine f\u0103r\u0103 nicio b\u0103taie de cap.<\/p>\n<p>\ud83d\udccf Not\u0103: Pentru a g\u0103si m\u0103rimea potrivit\u0103 la Laia, ia \u00een considerare m\u0103rimea benzii \u0219i m\u0103rimea cupei: dac\u0103 te afli \u00eentre dou\u0103 m\u0103rimi \u0219i \u00ee\u021bi dore\u0219ti un aspect mai bine definit \u0219i cu sus\u021binere sporit\u0103, alege m\u0103rimea mai mic\u0103; dac\u0103 preferi mai mult confort sau nu vrei presiune \u00een jurul benzii, alege o m\u0103rime mai mare. \u0218i dac\u0103 nu e\u0219ti sigur\u0103, m\u0103soar\u0103-\u021bi circumferin\u021ba sub bust \u0219i compar-o cu m\u0103rimea ta obi\u0219nuit\u0103 \u00eenainte de a alege.<\/p>\n<p>Compozi\u021bie: poliester 48%, poliamid\u0103 44%, elastan 8%.<\/p>\n<p>\ud83c\udfad Pu\u021bin mister, mult\u0103 elegan\u021b\u0103.<\/p>\n<div id=\"v1ms-outlook-mobile-body-separator-line\" dir=\"auto\"><\/div>","protected":false},"excerpt":{"rendered":"<p>El sujetador Selene Laia est\u00e1 pensado para esos d\u00edas en los que quieres verte m\u00e1s favorecida sin complicarte: aros + relleno ligero que realza con naturalidad, y un dise\u00f1o que mezcla tul y encaje para conseguir un acabado elegante y muy femenino. Es de esos sujetadores que \u00abvisten\u00bb por s\u00ed solos: bonito a la vista, [&hellip;]<\/p>\n","protected":false},"featured_media":2358,"comment_status":"open","ping_status":"closed","template":"","meta":{"content-type":""},"product_brand":[55],"product_cat":[26,102,20],"product_tag":[56,62],"class_list":{"0":"post-1017","1":"product","2":"type-product","3":"status-publish","4":"has-post-thumbnail","6":"product_brand-selene","7":"product_cat-con-aros-y-relleno","8":"product_cat-laia","9":"product_cat-sujetador","10":"product_tag-sujetador","11":"product_tag-sujetador-con-aros-y-rellenos","13":"first","14":"instock","15":"taxable","16":"shipping-taxable","17":"purchasable","18":"product-type-variable"},"supplier_id":null,"supplier_sku":"","barcode":null,"atum_controlled":true,"out_stock_date":null,"out_stock_threshold":null,"inheritable":true,"inbound_stock":null,"stock_on_hold":0,"sold_today":0,"sales_last_days":0,"reserved_stock":null,"customer_returns":null,"warehouse_damage":null,"lost_in_post":null,"other_logs":null,"out_stock_days":0,"lost_sales":0,"has_location":false,"update_date":"2026-01-07T19:56:29","atum_locations":[],"atum_stock_status":"instock","restock_status":false,"low_stock_amount":"","sales_update_date":"2025-08-19T02:35:53","calc_backorders":null,"yoast_head":"<!-- This site is optimized with the Yoast SEO plugin v27.4 - https:\/\/yoast.com\/product\/yoast-seo-wordpress\/ -->\n<title>Sujetador Selene Laia - Rosana CL<\/title>\n<meta name=\"robots\" content=\"index, follow, max-snippet:-1, max-image-preview:large, max-video-preview:-1\" \/>\n<link rel=\"canonical\" href=\"https:\/\/rosanacl.com\/ro\/produs\/sujetador-modelo-laia\/\" \/>\n<meta property=\"og:locale\" content=\"ro_RO\" \/>\n<meta property=\"og:type\" content=\"article\" \/>\n<meta property=\"og:title\" content=\"Sujetador Selene Laia - Rosana CL\" \/>\n<meta property=\"og:description\" content=\"El sujetador Selene Laia est\u00e1 pensado para esos d\u00edas en los que quieres verte m\u00e1s favorecida sin complicarte: aros + relleno ligero que realza con naturalidad, y un dise\u00f1o que mezcla tul y encaje para conseguir un acabado elegante y muy femenino. Es de esos sujetadores que \u00abvisten\u00bb por s\u00ed solos: bonito a la vista, [&hellip;]\" \/>\n<meta property=\"og:url\" content=\"https:\/\/rosanacl.com\/ro\/produs\/sujetador-modelo-laia\/\" \/>\n<meta property=\"og:site_name\" content=\"Rosana CL\" \/>\n<meta property=\"article:modified_time\" content=\"2026-01-07T19:56:28+00:00\" \/>\n<meta property=\"og:image\" content=\"https:\/\/rosanacl.com\/wp-content\/uploads\/2025\/04\/2-3-e1756816590538.jpg\" \/>\n\t<meta property=\"og:image:width\" content=\"830\" \/>\n\t<meta property=\"og:image:height\" content=\"1017\" \/>\n\t<meta property=\"og:image:type\" content=\"image\/jpeg\" \/>\n<meta name=\"twitter:card\" content=\"summary_large_image\" \/>\n<meta name=\"twitter:label1\" content=\"Timp estimat pentru citire\" \/>\n\t<meta name=\"twitter:data1\" content=\"2 minute\" \/>\n<script type=\"application\/ld+json\" class=\"yoast-schema-graph\">{\"@context\":\"https:\\\/\\\/schema.org\",\"@graph\":[{\"@type\":\"WebPage\",\"@id\":\"https:\\\/\\\/rosanacl.com\\\/producto\\\/sujetador-modelo-laia\\\/\",\"url\":\"https:\\\/\\\/rosanacl.com\\\/producto\\\/sujetador-modelo-laia\\\/\",\"name\":\"Sujetador Selene Laia - Rosana CL\",\"isPartOf\":{\"@id\":\"https:\\\/\\\/rosanacl.com\\\/ca\\\/#website\"},\"primaryImageOfPage\":{\"@id\":\"https:\\\/\\\/rosanacl.com\\\/producto\\\/sujetador-modelo-laia\\\/#primaryimage\"},\"image\":{\"@id\":\"https:\\\/\\\/rosanacl.com\\\/producto\\\/sujetador-modelo-laia\\\/#primaryimage\"},\"thumbnailUrl\":\"https:\\\/\\\/rosanacl.com\\\/wp-content\\\/uploads\\\/2025\\\/04\\\/2-3-e1756816590538.jpg\",\"datePublished\":\"2025-04-29T22:35:59+00:00\",\"dateModified\":\"2026-01-07T19:56:28+00:00\",\"breadcrumb\":{\"@id\":\"https:\\\/\\\/rosanacl.com\\\/producto\\\/sujetador-modelo-laia\\\/#breadcrumb\"},\"inLanguage\":\"ro-RO\",\"potentialAction\":[{\"@type\":\"ReadAction\",\"target\":[\"https:\\\/\\\/rosanacl.com\\\/producto\\\/sujetador-modelo-laia\\\/\"]}]},{\"@type\":\"ImageObject\",\"inLanguage\":\"ro-RO\",\"@id\":\"https:\\\/\\\/rosanacl.com\\\/producto\\\/sujetador-modelo-laia\\\/#primaryimage\",\"url\":\"https:\\\/\\\/rosanacl.com\\\/wp-content\\\/uploads\\\/2025\\\/04\\\/2-3-e1756816590538.jpg\",\"contentUrl\":\"https:\\\/\\\/rosanacl.com\\\/wp-content\\\/uploads\\\/2025\\\/04\\\/2-3-e1756816590538.jpg\",\"width\":830,\"height\":1017},{\"@type\":\"BreadcrumbList\",\"@id\":\"https:\\\/\\\/rosanacl.com\\\/producto\\\/sujetador-modelo-laia\\\/#breadcrumb\",\"itemListElement\":[{\"@type\":\"ListItem\",\"position\":1,\"name\":\"Portada\",\"item\":\"https:\\\/\\\/rosanacl.com\\\/ca\\\/\"},{\"@type\":\"ListItem\",\"position\":2,\"name\":\"Tienda\",\"item\":\"https:\\\/\\\/rosanacl.com\\\/ca\\\/tienda\\\/\"},{\"@type\":\"ListItem\",\"position\":3,\"name\":\"Sujetador Selene Laia\"}]},{\"@type\":\"WebSite\",\"@id\":\"https:\\\/\\\/rosanacl.com\\\/ca\\\/#website\",\"url\":\"https:\\\/\\\/rosanacl.com\\\/ca\\\/\",\"name\":\"Rosana CL\",\"description\":\"Somos tu interior\",\"potentialAction\":[{\"@type\":\"SearchAction\",\"target\":{\"@type\":\"EntryPoint\",\"urlTemplate\":\"https:\\\/\\\/rosanacl.com\\\/ca\\\/?s={search_term_string}\"},\"query-input\":{\"@type\":\"PropertyValueSpecification\",\"valueRequired\":true,\"valueName\":\"search_term_string\"}}],\"inLanguage\":\"ro-RO\"}]}<\/script>\n<!-- \/ Yoast SEO plugin. -->","yoast_head_json":{"title":"Sujetador Selene Laia - Rosana CL","robots":{"index":"index","follow":"follow","max-snippet":"max-snippet:-1","max-image-preview":"max-image-preview:large","max-video-preview":"max-video-preview:-1"},"canonical":"https:\/\/rosanacl.com\/ro\/produs\/sujetador-modelo-laia\/","og_locale":"ro_RO","og_type":"article","og_title":"Sujetador Selene Laia - Rosana CL","og_description":"El sujetador Selene Laia est\u00e1 pensado para esos d\u00edas en los que quieres verte m\u00e1s favorecida sin complicarte: aros + relleno ligero que realza con naturalidad, y un dise\u00f1o que mezcla tul y encaje para conseguir un acabado elegante y muy femenino. Es de esos sujetadores que \u00abvisten\u00bb por s\u00ed solos: bonito a la vista, [&hellip;]","og_url":"https:\/\/rosanacl.com\/ro\/produs\/sujetador-modelo-laia\/","og_site_name":"Rosana CL","article_modified_time":"2026-01-07T19:56:28+00:00","og_image":[{"width":830,"height":1017,"url":"https:\/\/rosanacl.com\/wp-content\/uploads\/2025\/04\/2-3-e1756816590538.jpg","type":"image\/jpeg"}],"twitter_card":"summary_large_image","twitter_misc":{"Timp estimat pentru citire":"2 minute"},"schema":{"@context":"https:\/\/schema.org","@graph":[{"@type":"WebPage","@id":"https:\/\/rosanacl.com\/producto\/sujetador-modelo-laia\/","url":"https:\/\/rosanacl.com\/producto\/sujetador-modelo-laia\/","name":"Sujetador Selene Laia - Rosana CL","isPartOf":{"@id":"https:\/\/rosanacl.com\/ca\/#website"},"primaryImageOfPage":{"@id":"https:\/\/rosanacl.com\/producto\/sujetador-modelo-laia\/#primaryimage"},"image":{"@id":"https:\/\/rosanacl.com\/producto\/sujetador-modelo-laia\/#primaryimage"},"thumbnailUrl":"https:\/\/rosanacl.com\/wp-content\/uploads\/2025\/04\/2-3-e1756816590538.jpg","datePublished":"2025-04-29T22:35:59+00:00","dateModified":"2026-01-07T19:56:28+00:00","breadcrumb":{"@id":"https:\/\/rosanacl.com\/producto\/sujetador-modelo-laia\/#breadcrumb"},"inLanguage":"ro-RO","potentialAction":[{"@type":"ReadAction","target":["https:\/\/rosanacl.com\/producto\/sujetador-modelo-laia\/"]}]},{"@type":"ImageObject","inLanguage":"ro-RO","@id":"https:\/\/rosanacl.com\/producto\/sujetador-modelo-laia\/#primaryimage","url":"https:\/\/rosanacl.com\/wp-content\/uploads\/2025\/04\/2-3-e1756816590538.jpg","contentUrl":"https:\/\/rosanacl.com\/wp-content\/uploads\/2025\/04\/2-3-e1756816590538.jpg","width":830,"height":1017},{"@type":"BreadcrumbList","@id":"https:\/\/rosanacl.com\/producto\/sujetador-modelo-laia\/#breadcrumb","itemListElement":[{"@type":"ListItem","position":1,"name":"Portada","item":"https:\/\/rosanacl.com\/ca\/"},{"@type":"ListItem","position":2,"name":"Tienda","item":"https:\/\/rosanacl.com\/ca\/tienda\/"},{"@type":"ListItem","position":3,"name":"Sujetador Selene Laia"}]},{"@type":"WebSite","@id":"https:\/\/rosanacl.com\/ca\/#website","url":"https:\/\/rosanacl.com\/ca\/","name":"Rosana CL","description":"Suntem sinele t\u0103u interior","potentialAction":[{"@type":"SearchAction","target":{"@type":"EntryPoint","urlTemplate":"https:\/\/rosanacl.com\/ca\/?s={search_term_string}"},"query-input":{"@type":"PropertyValueSpecification","valueRequired":true,"valueName":"search_term_string"}}],"inLanguage":"ro-RO"}]}},"_links":{"self":[{"href":"https:\/\/rosanacl.com\/ro\/wp-json\/wp\/v2\/product\/1017","targetHints":{"allow":["GET"]}}],"collection":[{"href":"https:\/\/rosanacl.com\/ro\/wp-json\/wp\/v2\/product"}],"about":[{"href":"https:\/\/rosanacl.com\/ro\/wp-json\/wp\/v2\/types\/product"}],"replies":[{"embeddable":true,"href":"https:\/\/rosanacl.com\/ro\/wp-json\/wp\/v2\/comments?post=1017"}],"version-history":[{"count":5,"href":"https:\/\/rosanacl.com\/ro\/wp-json\/wp\/v2\/product\/1017\/revisions"}],"predecessor-version":[{"id":4612,"href":"https:\/\/rosanacl.com\/ro\/wp-json\/wp\/v2\/product\/1017\/revisions\/4612"}],"wp:featuredmedia":[{"embeddable":true,"href":"https:\/\/rosanacl.com\/ro\/wp-json\/wp\/v2\/media\/2358"}],"wp:attachment":[{"href":"https:\/\/rosanacl.com\/ro\/wp-json\/wp\/v2\/media?parent=1017"}],"wp:term":[{"taxonomy":"product_brand","embeddable":true,"href":"https:\/\/rosanacl.com\/ro\/wp-json\/wp\/v2\/product_brand?post=1017"},{"taxonomy":"product_cat","embeddable":true,"href":"https:\/\/rosanacl.com\/ro\/wp-json\/wp\/v2\/product_cat?post=1017"},{"taxonomy":"product_tag","embeddable":true,"href":"https:\/\/rosanacl.com\/ro\/wp-json\/wp\/v2\/product_tag?post=1017"}],"curies":[{"name":"wp","href":"https:\/\/api.w.org\/{rel}","templated":true}]}}