{"id":1253,"date":"2025-04-30T01:05:07","date_gmt":"2025-04-29T23:05:07","guid":{"rendered":"https:\/\/rosanacl.com\/?post_type=product&#038;p=1253"},"modified":"2026-01-07T20:23:16","modified_gmt":"2026-01-07T19:23:16","slug":"sujetador-modelo-raquel","status":"publish","type":"product","link":"https:\/\/rosanacl.com\/ro\/produs\/sujetador-modelo-raquel\/","title":{"rendered":"Selene Raquel Bra"},"content":{"rendered":"<p>Sutienul Selene Raquel este un balconette cu cupe duble push-up, conceput pentru a crea un decolteu mai definit \u0219i o eviden\u021biere vizibil\u0103, men\u021bin\u00e2nd \u00een acela\u0219i timp o estetic\u0103 elegant\u0103 \u0219i foarte feminin\u0103. Structura sa cu arm\u0103tur\u0103 ajut\u0103 la centrarea \u0219i ridicarea bustului, oferind o senza\u021bie de sus\u021binere ferm\u0103 \u0219i un finisaj frumos chiar \u0219i sub haine mulate.<\/p>\n<p>Este o pies\u0103 ideal\u0103 \u00een selec\u021bia ta de lenjerie intim\u0103 Selene dac\u0103 e\u0219ti \u00een c\u0103utarea unui sutien care face diferen\u021ba: \u00ee\u021bi flateaz\u0103, stilizeaz\u0103 \u0219i \u00ee\u021bi pune \u00een valoare silueta natural\u0103, perfect at\u00e2t pentru ocazii speciale, c\u00e2t \u0219i pentru acele zile \u00een care vrei s\u0103 te sim\u021bi mai \u00eencrez\u0103toare \u0219i frumoas\u0103 \u00een hainele de zi cu zi.<\/p>\n<p>Ceea ce vei iubi<\/p>\n<ul>\n<li>Flot\u0103ri duble: ridicare suplimentar\u0103 \u0219i un efect de \u00ablifting al s\u00e2nilor\u00bb mai pronun\u021bat.<\/li>\n<li>Croial\u0103 balconette care pune \u00een valoare \u0219i rotunje\u0219te, cu un decolteu foarte flatant.<\/li>\n<li>Cercei pentru o prindere mai stabil\u0103 \u0219i o form\u0103 frumoas\u0103 timp de ore \u00eentregi.<\/li>\n<li>Un finisaj conceput s\u0103 arate grozav cu topuri decoltate \u0219i articole vestimentare mulate, f\u0103r\u0103 a sacrifica confortul.<\/li>\n<li>Un model ideal dac\u0103 e\u0219ti \u00een c\u0103utarea unui sutien care combin\u0103 senzualitatea \u0219i sus\u021binerea real\u0103.<\/li>\n<\/ul>\n<p>\ud83d\udde3\ufe0f Sfat: Frumuse\u021bea sutienului Selene Raquel const\u0103 \u00een efectul s\u0103u \u00abpumped-up\u00bb bine centrat: fiind un sutien balconette cu push-up dublu, arat\u0103 spectaculos cu topuri decoltate \u0219i tricouri mulate. Ajusteaz\u0103-l astfel \u00eenc\u00e2t cupele s\u0103 fie plate, iar decolteul s\u0103 fie definit, f\u0103r\u0103 a fi nevoie s\u0103 \u00eel reajustezi.<\/p>\n<p>\ud83d\udccf Not\u0103: Dac\u0103 v\u0103 afla\u021bi \u00eentre diferite m\u0103rimi, folosi\u021bi m\u0103sur\u0103torile ca ghid: dac\u0103 prefera\u021bi o potrivire mai ferm\u0103, alege\u021bi m\u0103rimea obi\u0219nuit\u0103; dac\u0103 prefera\u021bi mai mult confort sau v\u0103 afla\u021bi undeva la mijloc, merge\u021bi cu o m\u0103rime mai mare.<\/p>\n<p>Compozi\u021bie: 48% Poliester \u00b7 43% Poliamid\u0103 \u00b7 9% Elastan<\/p>\n<p>\ud83e\ude84 Acea atingere de lenjerie intim\u0103 care schimb\u0103 complet look-ul.<\/p>","protected":false},"excerpt":{"rendered":"<p>El sujetador Selene modelo Raquel es un balconette con doble push-up dise\u00f1ado para conseguir un escote m\u00e1s definido y un realce visible, manteniendo una est\u00e9tica elegante y muy femenina. Su estructura con aros ayuda a centrar y elevar el pecho, aportando una sensaci\u00f3n de sujeci\u00f3n firme y un acabado bonito incluso bajo prendas ajustadas. Es [&hellip;]<\/p>\n","protected":false},"featured_media":1459,"comment_status":"open","ping_status":"closed","template":"","meta":{"content-type":""},"product_brand":[55],"product_cat":[29,20],"product_tag":[64,56],"class_list":{"0":"post-1253","1":"product","2":"type-product","3":"status-publish","4":"has-post-thumbnail","6":"product_brand-selene","7":"product_cat-push-up","8":"product_cat-sujetador","9":"product_tag-doble-push-up","10":"product_tag-sujetador","12":"first","13":"instock","14":"taxable","15":"shipping-taxable","16":"purchasable","17":"product-type-variable"},"supplier_id":null,"supplier_sku":"","barcode":null,"atum_controlled":true,"out_stock_date":null,"out_stock_threshold":null,"inheritable":true,"inbound_stock":0,"stock_on_hold":0,"sold_today":0,"sales_last_days":0,"reserved_stock":0,"customer_returns":0,"warehouse_damage":0,"lost_in_post":0,"other_logs":0,"out_stock_days":0,"lost_sales":0,"has_location":false,"update_date":"2026-01-07T19:23:17","atum_locations":[],"atum_stock_status":"instock","restock_status":false,"low_stock_amount":"","sales_update_date":"2025-10-03T04:56:29","calc_backorders":null,"yoast_head":"<!-- This site is optimized with the Yoast SEO plugin v27.4 - https:\/\/yoast.com\/product\/yoast-seo-wordpress\/ -->\n<title>Sujetador Selene Raquel - Rosana CL<\/title>\n<meta name=\"robots\" content=\"index, follow, max-snippet:-1, max-image-preview:large, max-video-preview:-1\" \/>\n<link rel=\"canonical\" href=\"https:\/\/rosanacl.com\/ro\/produs\/sujetador-modelo-raquel\/\" \/>\n<meta property=\"og:locale\" content=\"ro_RO\" \/>\n<meta property=\"og:type\" content=\"article\" \/>\n<meta property=\"og:title\" content=\"Sujetador Selene Raquel - Rosana CL\" \/>\n<meta property=\"og:description\" content=\"El sujetador Selene modelo Raquel es un balconette con doble push-up dise\u00f1ado para conseguir un escote m\u00e1s definido y un realce visible, manteniendo una est\u00e9tica elegante y muy femenina. Su estructura con aros ayuda a centrar y elevar el pecho, aportando una sensaci\u00f3n de sujeci\u00f3n firme y un acabado bonito incluso bajo prendas ajustadas. Es [&hellip;]\" \/>\n<meta property=\"og:url\" content=\"https:\/\/rosanacl.com\/ro\/produs\/sujetador-modelo-raquel\/\" \/>\n<meta property=\"og:site_name\" content=\"Rosana CL\" \/>\n<meta property=\"article:modified_time\" content=\"2026-01-07T19:23:16+00:00\" \/>\n<meta property=\"og:image\" content=\"https:\/\/rosanacl.com\/wp-content\/uploads\/2025\/04\/Sujetador-modelo-Raquel-000001.webp\" \/>\n\t<meta property=\"og:image:width\" content=\"1000\" \/>\n\t<meta property=\"og:image:height\" content=\"1000\" \/>\n\t<meta property=\"og:image:type\" content=\"image\/webp\" \/>\n<meta name=\"twitter:card\" content=\"summary_large_image\" \/>\n<meta name=\"twitter:label1\" content=\"Timp estimat pentru citire\" \/>\n\t<meta name=\"twitter:data1\" content=\"2 minute\" \/>\n<script type=\"application\/ld+json\" class=\"yoast-schema-graph\">{\"@context\":\"https:\\\/\\\/schema.org\",\"@graph\":[{\"@type\":\"WebPage\",\"@id\":\"https:\\\/\\\/rosanacl.com\\\/producto\\\/sujetador-modelo-raquel\\\/\",\"url\":\"https:\\\/\\\/rosanacl.com\\\/producto\\\/sujetador-modelo-raquel\\\/\",\"name\":\"Sujetador Selene Raquel - Rosana CL\",\"isPartOf\":{\"@id\":\"https:\\\/\\\/rosanacl.com\\\/ca\\\/#website\"},\"primaryImageOfPage\":{\"@id\":\"https:\\\/\\\/rosanacl.com\\\/producto\\\/sujetador-modelo-raquel\\\/#primaryimage\"},\"image\":{\"@id\":\"https:\\\/\\\/rosanacl.com\\\/producto\\\/sujetador-modelo-raquel\\\/#primaryimage\"},\"thumbnailUrl\":\"https:\\\/\\\/rosanacl.com\\\/wp-content\\\/uploads\\\/2025\\\/04\\\/Sujetador-modelo-Raquel-000001.webp\",\"datePublished\":\"2025-04-29T23:05:07+00:00\",\"dateModified\":\"2026-01-07T19:23:16+00:00\",\"breadcrumb\":{\"@id\":\"https:\\\/\\\/rosanacl.com\\\/producto\\\/sujetador-modelo-raquel\\\/#breadcrumb\"},\"inLanguage\":\"ro-RO\",\"potentialAction\":[{\"@type\":\"ReadAction\",\"target\":[\"https:\\\/\\\/rosanacl.com\\\/producto\\\/sujetador-modelo-raquel\\\/\"]}]},{\"@type\":\"ImageObject\",\"inLanguage\":\"ro-RO\",\"@id\":\"https:\\\/\\\/rosanacl.com\\\/producto\\\/sujetador-modelo-raquel\\\/#primaryimage\",\"url\":\"https:\\\/\\\/rosanacl.com\\\/wp-content\\\/uploads\\\/2025\\\/04\\\/Sujetador-modelo-Raquel-000001.webp\",\"contentUrl\":\"https:\\\/\\\/rosanacl.com\\\/wp-content\\\/uploads\\\/2025\\\/04\\\/Sujetador-modelo-Raquel-000001.webp\",\"width\":1000,\"height\":1000},{\"@type\":\"BreadcrumbList\",\"@id\":\"https:\\\/\\\/rosanacl.com\\\/producto\\\/sujetador-modelo-raquel\\\/#breadcrumb\",\"itemListElement\":[{\"@type\":\"ListItem\",\"position\":1,\"name\":\"Portada\",\"item\":\"https:\\\/\\\/rosanacl.com\\\/ca\\\/\"},{\"@type\":\"ListItem\",\"position\":2,\"name\":\"Tienda\",\"item\":\"https:\\\/\\\/rosanacl.com\\\/ca\\\/tienda\\\/\"},{\"@type\":\"ListItem\",\"position\":3,\"name\":\"Sujetador Selene Raquel\"}]},{\"@type\":\"WebSite\",\"@id\":\"https:\\\/\\\/rosanacl.com\\\/ca\\\/#website\",\"url\":\"https:\\\/\\\/rosanacl.com\\\/ca\\\/\",\"name\":\"Rosana CL\",\"description\":\"Somos tu interior\",\"potentialAction\":[{\"@type\":\"SearchAction\",\"target\":{\"@type\":\"EntryPoint\",\"urlTemplate\":\"https:\\\/\\\/rosanacl.com\\\/ca\\\/?s={search_term_string}\"},\"query-input\":{\"@type\":\"PropertyValueSpecification\",\"valueRequired\":true,\"valueName\":\"search_term_string\"}}],\"inLanguage\":\"ro-RO\"}]}<\/script>\n<!-- \/ Yoast SEO plugin. -->","yoast_head_json":{"title":"Sujetador Selene Raquel - Rosana CL","robots":{"index":"index","follow":"follow","max-snippet":"max-snippet:-1","max-image-preview":"max-image-preview:large","max-video-preview":"max-video-preview:-1"},"canonical":"https:\/\/rosanacl.com\/ro\/produs\/sujetador-modelo-raquel\/","og_locale":"ro_RO","og_type":"article","og_title":"Sujetador Selene Raquel - Rosana CL","og_description":"El sujetador Selene modelo Raquel es un balconette con doble push-up dise\u00f1ado para conseguir un escote m\u00e1s definido y un realce visible, manteniendo una est\u00e9tica elegante y muy femenina. Su estructura con aros ayuda a centrar y elevar el pecho, aportando una sensaci\u00f3n de sujeci\u00f3n firme y un acabado bonito incluso bajo prendas ajustadas. Es [&hellip;]","og_url":"https:\/\/rosanacl.com\/ro\/produs\/sujetador-modelo-raquel\/","og_site_name":"Rosana CL","article_modified_time":"2026-01-07T19:23:16+00:00","og_image":[{"width":1000,"height":1000,"url":"https:\/\/rosanacl.com\/wp-content\/uploads\/2025\/04\/Sujetador-modelo-Raquel-000001.webp","type":"image\/webp"}],"twitter_card":"summary_large_image","twitter_misc":{"Timp estimat pentru citire":"2 minute"},"schema":{"@context":"https:\/\/schema.org","@graph":[{"@type":"WebPage","@id":"https:\/\/rosanacl.com\/producto\/sujetador-modelo-raquel\/","url":"https:\/\/rosanacl.com\/producto\/sujetador-modelo-raquel\/","name":"Sujetador Selene Raquel - Rosana CL","isPartOf":{"@id":"https:\/\/rosanacl.com\/ca\/#website"},"primaryImageOfPage":{"@id":"https:\/\/rosanacl.com\/producto\/sujetador-modelo-raquel\/#primaryimage"},"image":{"@id":"https:\/\/rosanacl.com\/producto\/sujetador-modelo-raquel\/#primaryimage"},"thumbnailUrl":"https:\/\/rosanacl.com\/wp-content\/uploads\/2025\/04\/Sujetador-modelo-Raquel-000001.webp","datePublished":"2025-04-29T23:05:07+00:00","dateModified":"2026-01-07T19:23:16+00:00","breadcrumb":{"@id":"https:\/\/rosanacl.com\/producto\/sujetador-modelo-raquel\/#breadcrumb"},"inLanguage":"ro-RO","potentialAction":[{"@type":"ReadAction","target":["https:\/\/rosanacl.com\/producto\/sujetador-modelo-raquel\/"]}]},{"@type":"ImageObject","inLanguage":"ro-RO","@id":"https:\/\/rosanacl.com\/producto\/sujetador-modelo-raquel\/#primaryimage","url":"https:\/\/rosanacl.com\/wp-content\/uploads\/2025\/04\/Sujetador-modelo-Raquel-000001.webp","contentUrl":"https:\/\/rosanacl.com\/wp-content\/uploads\/2025\/04\/Sujetador-modelo-Raquel-000001.webp","width":1000,"height":1000},{"@type":"BreadcrumbList","@id":"https:\/\/rosanacl.com\/producto\/sujetador-modelo-raquel\/#breadcrumb","itemListElement":[{"@type":"ListItem","position":1,"name":"Portada","item":"https:\/\/rosanacl.com\/ca\/"},{"@type":"ListItem","position":2,"name":"Tienda","item":"https:\/\/rosanacl.com\/ca\/tienda\/"},{"@type":"ListItem","position":3,"name":"Sujetador Selene Raquel"}]},{"@type":"WebSite","@id":"https:\/\/rosanacl.com\/ca\/#website","url":"https:\/\/rosanacl.com\/ca\/","name":"Rosana CL","description":"Suntem sinele t\u0103u interior","potentialAction":[{"@type":"SearchAction","target":{"@type":"EntryPoint","urlTemplate":"https:\/\/rosanacl.com\/ca\/?s={search_term_string}"},"query-input":{"@type":"PropertyValueSpecification","valueRequired":true,"valueName":"search_term_string"}}],"inLanguage":"ro-RO"}]}},"_links":{"self":[{"href":"https:\/\/rosanacl.com\/ro\/wp-json\/wp\/v2\/product\/1253","targetHints":{"allow":["GET"]}}],"collection":[{"href":"https:\/\/rosanacl.com\/ro\/wp-json\/wp\/v2\/product"}],"about":[{"href":"https:\/\/rosanacl.com\/ro\/wp-json\/wp\/v2\/types\/product"}],"replies":[{"embeddable":true,"href":"https:\/\/rosanacl.com\/ro\/wp-json\/wp\/v2\/comments?post=1253"}],"version-history":[{"count":5,"href":"https:\/\/rosanacl.com\/ro\/wp-json\/wp\/v2\/product\/1253\/revisions"}],"predecessor-version":[{"id":4607,"href":"https:\/\/rosanacl.com\/ro\/wp-json\/wp\/v2\/product\/1253\/revisions\/4607"}],"wp:featuredmedia":[{"embeddable":true,"href":"https:\/\/rosanacl.com\/ro\/wp-json\/wp\/v2\/media\/1459"}],"wp:attachment":[{"href":"https:\/\/rosanacl.com\/ro\/wp-json\/wp\/v2\/media?parent=1253"}],"wp:term":[{"taxonomy":"product_brand","embeddable":true,"href":"https:\/\/rosanacl.com\/ro\/wp-json\/wp\/v2\/product_brand?post=1253"},{"taxonomy":"product_cat","embeddable":true,"href":"https:\/\/rosanacl.com\/ro\/wp-json\/wp\/v2\/product_cat?post=1253"},{"taxonomy":"product_tag","embeddable":true,"href":"https:\/\/rosanacl.com\/ro\/wp-json\/wp\/v2\/product_tag?post=1253"}],"curies":[{"name":"wp","href":"https:\/\/api.w.org\/{rel}","templated":true}]}}