{"id":1368,"date":"2025-04-30T01:15:16","date_gmt":"2025-04-29T23:15:16","guid":{"rendered":"https:\/\/rosanacl.com\/?post_type=product&#038;p=1368"},"modified":"2026-01-07T19:22:38","modified_gmt":"2026-01-07T18:22:38","slug":"braga-faja-selene-901-soft","status":"publish","type":"product","link":"https:\/\/rosanacl.com\/ro\/produs\/braga-faja-selene-901-soft\/","title":{"rendered":"Chilo\u021bi Selene 901 cu br\u00e2u moale"},"content":{"rendered":"<p>Chilo\u021bii moi modelatori Selene 901 sunt piesa vestimentar\u0103 \u00absalvatoare\u00bb prin excelen\u021b\u0103, care \u00ee\u021bi transform\u0103 instantaneu silueta: netezesc, ridic\u0103 \u0219i definesc cu un efect de control delicat \u0219i confortabil. Designul lor cu talie \u00eenalt\u0103 ajut\u0103 la netezirea zonei abdominale \u0219i la crearea unei siluete mai curate, perfec\u021bi pentru purtarea zilnic\u0103 sau atunci c\u00e2nd vrei s\u0103 ar\u0103\u021bi c\u00e2t mai bine \u00een haine mai mulate.<\/p>\n<p>\u00cen plus, este conceput pentru a fi discret: f\u0103r\u0103 cus\u0103turi \u0219i cu spatele decupat cu laser, are un finisaj foarte curat, astfel \u00eenc\u00e2t nu se va vedea pe sub rochii, fuste sau pantaloni. Este confort, form\u0103 \u0219i discre\u021bie, toate \u00eentr-o singur\u0103 pies\u0103 vestimentar\u0103.<\/p>\n<p>Cel mai bun lucru la chilo\u021bii moi Selene 901<\/p>\n<ul>\n<li>Efect de modelare \u00abmoale\u00bb: control delicat care coafeaz\u0103 f\u0103r\u0103 a str\u00e2nge excesiv p\u0103rul.<\/li>\n<li>Talie \u00eenalt\u0103: se \u00eencre\u021be\u0219te \u0219i se modeleaz\u0103 pentru o siluet\u0103 mai uniform\u0103.<\/li>\n<li>F\u0103r\u0103 cus\u0103turi: senza\u021bie neted\u0103 \u0219i confortabil\u0103, ideal\u0103 pentru a fi purtat\u0103 ore \u00eentregi.<\/li>\n<li>Spate decupat cu laser: mai pu\u021bine urme, finisaj mai invizibil.<\/li>\n<li>Perfect\u0103 pentru haine str\u00e2mte: arat\u0103 grozav sub haine str\u00e2mte.<\/li>\n<\/ul>\n<p>\ud83d\udde3\ufe0f Sfat: Modelul 901 Soft este lenjeria modelatoare perfect\u0103 atunci c\u00e2nd \u00ee\u021bi dore\u0219ti o siluet\u0103 mai neted\u0103 \u0219i mai uniform\u0103, f\u0103r\u0103 a te sim\u021bi \u00eencordat\u0103. Poart\u0103-l \u00een special cu rochii, fuste sau pantaloni mula\u021bi: talia \u00eenalt\u0103 sus\u021bine abdomenul, iar finisajul f\u0103r\u0103 cus\u0103turi ajut\u0103 la crearea unui aspect mai curat.<\/p>\n<p>\ud83d\udccf Not\u0103: \u00cenainte de a cump\u0103ra, g\u00e2nde\u0219te-te la nivelul de control care \u00ee\u021bi place: dac\u0103 vrei s\u0103 fie mai confortabil \u0219i mai u\u0219or de purtat ore \u00eentregi, alege m\u0103rimea obi\u0219nuit\u0103; dac\u0103 te afli \u00eentre dou\u0103 m\u0103rimi \u0219i cau\u021bi un efect pu\u021bin mai str\u00e2mt, m\u0103rimea mai mic\u0103 \u021bi se va potrivi de obicei mai bine (\u00eentotdeauna f\u0103r\u0103 s\u0103 lase urme sau s\u0103 te deranjeze).<\/p>\n<p>Compozi\u021bie: Poliamid\u0103 63% 37% Elastan<\/p>\n<p>\ud83c\udf3a Planul t\u0103u B s\u0103 te sim\u021bi 10\/10 f\u0103r\u0103 s\u0103 stai pe g\u00e2nduri.<\/p>\n<div id=\"v1ms-outlook-mobile-body-separator-line\" dir=\"auto\"><\/div>","protected":false},"excerpt":{"rendered":"<p>La Braga faja Selene 901 soft es la t\u00edpica prenda \u00absalvavidas\u00bb que te pones y de repente todo queda m\u00e1s bonito: alisa, recoge y define con un efecto control suave que no agobia. Su dise\u00f1o de cintura alta ayuda a asentar la zona del abdomen y a dejar una silueta m\u00e1s limpia, perfecta para el [&hellip;]<\/p>\n","protected":false},"featured_media":1405,"comment_status":"open","ping_status":"closed","template":"","meta":{"content-type":""},"product_brand":[55],"product_cat":[19,31],"product_tag":[69,68,70],"class_list":{"0":"post-1368","1":"product","2":"type-product","3":"status-publish","4":"has-post-thumbnail","6":"product_brand-selene","7":"product_cat-braga","8":"product_cat-faja","9":"product_tag-braga","10":"product_tag-braga-faja","11":"product_tag-faja","13":"first","14":"instock","15":"taxable","16":"shipping-taxable","17":"purchasable","18":"product-type-variable"},"supplier_id":null,"supplier_sku":"","barcode":null,"atum_controlled":true,"out_stock_date":null,"out_stock_threshold":null,"inheritable":true,"inbound_stock":0,"stock_on_hold":0,"sold_today":0,"sales_last_days":0,"reserved_stock":0,"customer_returns":0,"warehouse_damage":0,"lost_in_post":0,"other_logs":0,"out_stock_days":0,"lost_sales":0,"has_location":false,"update_date":"2026-01-07T18:22:39","atum_locations":[],"atum_stock_status":"instock","restock_status":false,"low_stock_amount":"","sales_update_date":"2025-10-03T04:56:27","calc_backorders":null,"yoast_head":"<!-- This site is optimized with the Yoast SEO plugin v27.4 - https:\/\/yoast.com\/product\/yoast-seo-wordpress\/ -->\n<title>Braga faja Selene 901 soft - Rosana CL<\/title>\n<meta name=\"robots\" content=\"index, follow, max-snippet:-1, max-image-preview:large, max-video-preview:-1\" \/>\n<link rel=\"canonical\" href=\"https:\/\/rosanacl.com\/ro\/produs\/braga-faja-selene-901-soft\/\" \/>\n<meta property=\"og:locale\" content=\"ro_RO\" \/>\n<meta property=\"og:type\" content=\"article\" \/>\n<meta property=\"og:title\" content=\"Braga faja Selene 901 soft - Rosana CL\" \/>\n<meta property=\"og:description\" content=\"La Braga faja Selene 901 soft es la t\u00edpica prenda \u00absalvavidas\u00bb que te pones y de repente todo queda m\u00e1s bonito: alisa, recoge y define con un efecto control suave que no agobia. Su dise\u00f1o de cintura alta ayuda a asentar la zona del abdomen y a dejar una silueta m\u00e1s limpia, perfecta para el [&hellip;]\" \/>\n<meta property=\"og:url\" content=\"https:\/\/rosanacl.com\/ro\/produs\/braga-faja-selene-901-soft\/\" \/>\n<meta property=\"og:site_name\" content=\"Rosana CL\" \/>\n<meta property=\"article:modified_time\" content=\"2026-01-07T18:22:38+00:00\" \/>\n<meta property=\"og:image\" content=\"https:\/\/rosanacl.com\/wp-content\/uploads\/2025\/04\/Braga-faja-Selene-modelo-901-soft_00001.webp\" \/>\n\t<meta property=\"og:image:width\" content=\"1000\" \/>\n\t<meta property=\"og:image:height\" content=\"1000\" \/>\n\t<meta property=\"og:image:type\" content=\"image\/webp\" \/>\n<meta name=\"twitter:card\" content=\"summary_large_image\" \/>\n<meta name=\"twitter:label1\" content=\"Timp estimat pentru citire\" \/>\n\t<meta name=\"twitter:data1\" content=\"2 minute\" \/>\n<script type=\"application\/ld+json\" class=\"yoast-schema-graph\">{\"@context\":\"https:\\\/\\\/schema.org\",\"@graph\":[{\"@type\":\"WebPage\",\"@id\":\"https:\\\/\\\/rosanacl.com\\\/producto\\\/braga-faja-selene-901-soft\\\/\",\"url\":\"https:\\\/\\\/rosanacl.com\\\/producto\\\/braga-faja-selene-901-soft\\\/\",\"name\":\"Braga faja Selene 901 soft - Rosana CL\",\"isPartOf\":{\"@id\":\"https:\\\/\\\/rosanacl.com\\\/ca\\\/#website\"},\"primaryImageOfPage\":{\"@id\":\"https:\\\/\\\/rosanacl.com\\\/producto\\\/braga-faja-selene-901-soft\\\/#primaryimage\"},\"image\":{\"@id\":\"https:\\\/\\\/rosanacl.com\\\/producto\\\/braga-faja-selene-901-soft\\\/#primaryimage\"},\"thumbnailUrl\":\"https:\\\/\\\/rosanacl.com\\\/wp-content\\\/uploads\\\/2025\\\/04\\\/Braga-faja-Selene-modelo-901-soft_00001.webp\",\"datePublished\":\"2025-04-29T23:15:16+00:00\",\"dateModified\":\"2026-01-07T18:22:38+00:00\",\"breadcrumb\":{\"@id\":\"https:\\\/\\\/rosanacl.com\\\/producto\\\/braga-faja-selene-901-soft\\\/#breadcrumb\"},\"inLanguage\":\"ro-RO\",\"potentialAction\":[{\"@type\":\"ReadAction\",\"target\":[\"https:\\\/\\\/rosanacl.com\\\/producto\\\/braga-faja-selene-901-soft\\\/\"]}]},{\"@type\":\"ImageObject\",\"inLanguage\":\"ro-RO\",\"@id\":\"https:\\\/\\\/rosanacl.com\\\/producto\\\/braga-faja-selene-901-soft\\\/#primaryimage\",\"url\":\"https:\\\/\\\/rosanacl.com\\\/wp-content\\\/uploads\\\/2025\\\/04\\\/Braga-faja-Selene-modelo-901-soft_00001.webp\",\"contentUrl\":\"https:\\\/\\\/rosanacl.com\\\/wp-content\\\/uploads\\\/2025\\\/04\\\/Braga-faja-Selene-modelo-901-soft_00001.webp\",\"width\":1000,\"height\":1000},{\"@type\":\"BreadcrumbList\",\"@id\":\"https:\\\/\\\/rosanacl.com\\\/producto\\\/braga-faja-selene-901-soft\\\/#breadcrumb\",\"itemListElement\":[{\"@type\":\"ListItem\",\"position\":1,\"name\":\"Portada\",\"item\":\"https:\\\/\\\/rosanacl.com\\\/ca\\\/\"},{\"@type\":\"ListItem\",\"position\":2,\"name\":\"Tienda\",\"item\":\"https:\\\/\\\/rosanacl.com\\\/ca\\\/tienda\\\/\"},{\"@type\":\"ListItem\",\"position\":3,\"name\":\"Braga faja Selene 901 soft\"}]},{\"@type\":\"WebSite\",\"@id\":\"https:\\\/\\\/rosanacl.com\\\/ca\\\/#website\",\"url\":\"https:\\\/\\\/rosanacl.com\\\/ca\\\/\",\"name\":\"Rosana CL\",\"description\":\"Somos tu interior\",\"potentialAction\":[{\"@type\":\"SearchAction\",\"target\":{\"@type\":\"EntryPoint\",\"urlTemplate\":\"https:\\\/\\\/rosanacl.com\\\/ca\\\/?s={search_term_string}\"},\"query-input\":{\"@type\":\"PropertyValueSpecification\",\"valueRequired\":true,\"valueName\":\"search_term_string\"}}],\"inLanguage\":\"ro-RO\"}]}<\/script>\n<!-- \/ Yoast SEO plugin. -->","yoast_head_json":{"title":"Braga faja Selene 901 soft - Rosana CL","robots":{"index":"index","follow":"follow","max-snippet":"max-snippet:-1","max-image-preview":"max-image-preview:large","max-video-preview":"max-video-preview:-1"},"canonical":"https:\/\/rosanacl.com\/ro\/produs\/braga-faja-selene-901-soft\/","og_locale":"ro_RO","og_type":"article","og_title":"Braga faja Selene 901 soft - Rosana CL","og_description":"La Braga faja Selene 901 soft es la t\u00edpica prenda \u00absalvavidas\u00bb que te pones y de repente todo queda m\u00e1s bonito: alisa, recoge y define con un efecto control suave que no agobia. Su dise\u00f1o de cintura alta ayuda a asentar la zona del abdomen y a dejar una silueta m\u00e1s limpia, perfecta para el [&hellip;]","og_url":"https:\/\/rosanacl.com\/ro\/produs\/braga-faja-selene-901-soft\/","og_site_name":"Rosana CL","article_modified_time":"2026-01-07T18:22:38+00:00","og_image":[{"width":1000,"height":1000,"url":"https:\/\/rosanacl.com\/wp-content\/uploads\/2025\/04\/Braga-faja-Selene-modelo-901-soft_00001.webp","type":"image\/webp"}],"twitter_card":"summary_large_image","twitter_misc":{"Timp estimat pentru citire":"2 minute"},"schema":{"@context":"https:\/\/schema.org","@graph":[{"@type":"WebPage","@id":"https:\/\/rosanacl.com\/producto\/braga-faja-selene-901-soft\/","url":"https:\/\/rosanacl.com\/producto\/braga-faja-selene-901-soft\/","name":"Braga faja Selene 901 soft - Rosana CL","isPartOf":{"@id":"https:\/\/rosanacl.com\/ca\/#website"},"primaryImageOfPage":{"@id":"https:\/\/rosanacl.com\/producto\/braga-faja-selene-901-soft\/#primaryimage"},"image":{"@id":"https:\/\/rosanacl.com\/producto\/braga-faja-selene-901-soft\/#primaryimage"},"thumbnailUrl":"https:\/\/rosanacl.com\/wp-content\/uploads\/2025\/04\/Braga-faja-Selene-modelo-901-soft_00001.webp","datePublished":"2025-04-29T23:15:16+00:00","dateModified":"2026-01-07T18:22:38+00:00","breadcrumb":{"@id":"https:\/\/rosanacl.com\/producto\/braga-faja-selene-901-soft\/#breadcrumb"},"inLanguage":"ro-RO","potentialAction":[{"@type":"ReadAction","target":["https:\/\/rosanacl.com\/producto\/braga-faja-selene-901-soft\/"]}]},{"@type":"ImageObject","inLanguage":"ro-RO","@id":"https:\/\/rosanacl.com\/producto\/braga-faja-selene-901-soft\/#primaryimage","url":"https:\/\/rosanacl.com\/wp-content\/uploads\/2025\/04\/Braga-faja-Selene-modelo-901-soft_00001.webp","contentUrl":"https:\/\/rosanacl.com\/wp-content\/uploads\/2025\/04\/Braga-faja-Selene-modelo-901-soft_00001.webp","width":1000,"height":1000},{"@type":"BreadcrumbList","@id":"https:\/\/rosanacl.com\/producto\/braga-faja-selene-901-soft\/#breadcrumb","itemListElement":[{"@type":"ListItem","position":1,"name":"Portada","item":"https:\/\/rosanacl.com\/ca\/"},{"@type":"ListItem","position":2,"name":"Tienda","item":"https:\/\/rosanacl.com\/ca\/tienda\/"},{"@type":"ListItem","position":3,"name":"Braga faja Selene 901 soft"}]},{"@type":"WebSite","@id":"https:\/\/rosanacl.com\/ca\/#website","url":"https:\/\/rosanacl.com\/ca\/","name":"Rosana CL","description":"Suntem sinele t\u0103u interior","potentialAction":[{"@type":"SearchAction","target":{"@type":"EntryPoint","urlTemplate":"https:\/\/rosanacl.com\/ca\/?s={search_term_string}"},"query-input":{"@type":"PropertyValueSpecification","valueRequired":true,"valueName":"search_term_string"}}],"inLanguage":"ro-RO"}]}},"_links":{"self":[{"href":"https:\/\/rosanacl.com\/ro\/wp-json\/wp\/v2\/product\/1368","targetHints":{"allow":["GET"]}}],"collection":[{"href":"https:\/\/rosanacl.com\/ro\/wp-json\/wp\/v2\/product"}],"about":[{"href":"https:\/\/rosanacl.com\/ro\/wp-json\/wp\/v2\/types\/product"}],"replies":[{"embeddable":true,"href":"https:\/\/rosanacl.com\/ro\/wp-json\/wp\/v2\/comments?post=1368"}],"version-history":[{"count":5,"href":"https:\/\/rosanacl.com\/ro\/wp-json\/wp\/v2\/product\/1368\/revisions"}],"predecessor-version":[{"id":4603,"href":"https:\/\/rosanacl.com\/ro\/wp-json\/wp\/v2\/product\/1368\/revisions\/4603"}],"wp:featuredmedia":[{"embeddable":true,"href":"https:\/\/rosanacl.com\/ro\/wp-json\/wp\/v2\/media\/1405"}],"wp:attachment":[{"href":"https:\/\/rosanacl.com\/ro\/wp-json\/wp\/v2\/media?parent=1368"}],"wp:term":[{"taxonomy":"product_brand","embeddable":true,"href":"https:\/\/rosanacl.com\/ro\/wp-json\/wp\/v2\/product_brand?post=1368"},{"taxonomy":"product_cat","embeddable":true,"href":"https:\/\/rosanacl.com\/ro\/wp-json\/wp\/v2\/product_cat?post=1368"},{"taxonomy":"product_tag","embeddable":true,"href":"https:\/\/rosanacl.com\/ro\/wp-json\/wp\/v2\/product_tag?post=1368"}],"curies":[{"name":"wp","href":"https:\/\/api.w.org\/{rel}","templated":true}]}}