{"id":3424,"date":"2025-08-19T09:11:06","date_gmt":"2025-08-19T07:11:06","guid":{"rendered":"https:\/\/rosanacl.com\/?post_type=product&#038;p=3424"},"modified":"2026-01-08T03:06:28","modified_gmt":"2026-01-08T02:06:28","slug":"braga-selene-katia","status":"publish","type":"product","link":"https:\/\/rosanacl.com\/ro\/produs\/braga-selene-katia\/","title":{"rendered":"Braga Selene Katia"},"content":{"rendered":"<p>Braga Selene Katia: una braga elegante y c\u00f3moda, pensada para realzar la silueta con un acabado fino y femenino.<br \/>\nSu tejido combina tul y detalle de fantas\u00eda en la parte delantera, aportando un toque sofisticado sin renunciar al confort del d\u00eda a d\u00eda.<\/p>\n<p>Sienta suave sobre la piel, se adapta bien al cuerpo y queda bonita bajo la ropa gracias a su ajuste limpio y favorecedor.<br \/>\nEs una prenda ideal si buscas una braga que estilice, se note ligera y te haga sentir \u00abarreglada\u00bb con un conjunto sencillo pero con presencia.<\/p>\n<p>Detalii care fac diferen\u021ba<\/p>\n<ul>\n<li>Material textil cu tul \u0219i parte frontal\u0103 decorativ\u0103: un aspect mai elegant \u0219i rafinat.<\/li>\n<li>Potrivire confortabil\u0103: se mi\u0219c\u0103 odat\u0103 cu tine f\u0103r\u0103 a fi restrictiv\u0103.<\/li>\n<li>Finisaj flatant: ajut\u0103 piesa vestimentar\u0103 s\u0103 arate frumoas\u0103 \u0219i bine croit\u0103.<\/li>\n<li>Se combin\u0103 perfect cu sutienul Selene Katia \u0219i Roxana pentru un set coordonat.<\/li>\n<\/ul>\n<p>\ud83d\udde3\ufe0f Sfat: Ceea ce o face pe Katia special\u0103 este senza\u021bia sa \u00ab\u00eembr\u0103cat\u0103\u00bb f\u0103r\u0103 efort: este u\u0219oar\u0103, moale \u0219i are acea atingere delicat\u0103 \u00een fa\u021b\u0103 care ridic\u0103 aspectul f\u0103r\u0103 a fi cople\u0219itoare. Ideal\u0103 dac\u0103 \u00ee\u021bi place ca slipul t\u0103u s\u0103 fie confortabil... dar cu o not\u0103 de elegan\u021b\u0103.<\/p>\n<p>\ud83d\udccf Not\u0103: \u00cenainte de a cump\u0103ra, alege m\u0103rimea \u021bin\u00e2nd cont de cum vrei s\u0103 arate pe sub haine: dac\u0103 dore\u0219ti un finisaj mai curat, mai discret (f\u0103r\u0103 s\u0103 se vad\u0103) \u0219i e\u0219ti \u00eentre dou\u0103 m\u0103rimi, alege o m\u0103rime mai mare; dac\u0103 preferi o m\u0103rime mai str\u00e2ns\u0103 \u0219i mai str\u00e2mt\u0103, p\u0103streaz\u0103 m\u0103rimea obi\u0219nuit\u0103.<\/p>\n<p>Compozi\u021bie: poliamid\u0103 83%, elastan 17%. Zona intim\u0103 este \u00eent\u0103rit\u0103 cu bumbac pentru un confort \u0219i o igien\u0103 sporite.<\/p>\n<p>\ud83e\udee6 Cea mai senzual\u0103 atingere a setului: moale, elegant\u0103\u2026 \u0219i periculos de frumoas\u0103.<\/p>","protected":false},"excerpt":{"rendered":"<p>Braga Selene Katia: una braga elegante y c\u00f3moda, pensada para realzar la silueta con un acabado fino y femenino. Su tejido combina tul y detalle de fantas\u00eda en la parte delantera, aportando un toque sofisticado sin renunciar al confort del d\u00eda a d\u00eda. Sienta suave sobre la piel, se adapta bien al cuerpo y queda [&hellip;]<\/p>\n","protected":false},"featured_media":3441,"comment_status":"closed","ping_status":"closed","template":"","meta":{"content-type":""},"product_brand":[55],"product_cat":[19],"product_tag":[69],"class_list":{"0":"post-3424","1":"product","2":"type-product","3":"status-publish","4":"has-post-thumbnail","6":"product_brand-selene","7":"product_cat-braga","8":"product_tag-braga","10":"first","11":"instock","12":"taxable","13":"shipping-taxable","14":"purchasable","15":"product-type-variable"},"supplier_id":null,"supplier_sku":"","barcode":null,"atum_controlled":true,"out_stock_date":null,"out_stock_threshold":null,"inheritable":true,"inbound_stock":0,"stock_on_hold":0,"sold_today":null,"sales_last_days":null,"reserved_stock":0,"customer_returns":0,"warehouse_damage":0,"lost_in_post":0,"other_logs":0,"out_stock_days":null,"lost_sales":null,"has_location":false,"update_date":"2026-01-08T02:06:30","atum_locations":[],"atum_stock_status":"instock","restock_status":false,"low_stock_amount":"","sales_update_date":"2025-10-03T04:55:33","calc_backorders":null,"yoast_head":"<!-- This site is optimized with the Yoast SEO plugin v27.4 - https:\/\/yoast.com\/product\/yoast-seo-wordpress\/ -->\n<title>Braga Selene Katia - Rosana CL<\/title>\n<meta name=\"robots\" content=\"index, follow, max-snippet:-1, max-image-preview:large, max-video-preview:-1\" \/>\n<link rel=\"canonical\" href=\"https:\/\/rosanacl.com\/ro\/produs\/braga-selene-katia\/\" \/>\n<meta property=\"og:locale\" content=\"ro_RO\" \/>\n<meta property=\"og:type\" content=\"article\" \/>\n<meta property=\"og:title\" content=\"Braga Selene Katia - Rosana CL\" \/>\n<meta property=\"og:description\" content=\"Braga Selene Katia: una braga elegante y c\u00f3moda, pensada para realzar la silueta con un acabado fino y femenino. Su tejido combina tul y detalle de fantas\u00eda en la parte delantera, aportando un toque sofisticado sin renunciar al confort del d\u00eda a d\u00eda. Sienta suave sobre la piel, se adapta bien al cuerpo y queda [&hellip;]\" \/>\n<meta property=\"og:url\" content=\"https:\/\/rosanacl.com\/ro\/produs\/braga-selene-katia\/\" \/>\n<meta property=\"og:site_name\" content=\"Rosana CL\" \/>\n<meta property=\"article:modified_time\" content=\"2026-01-08T02:06:28+00:00\" \/>\n<meta property=\"og:image\" content=\"https:\/\/rosanacl.com\/wp-content\/uploads\/2025\/08\/1-6-1024x1024.png\" \/>\n\t<meta property=\"og:image:width\" content=\"1024\" \/>\n\t<meta property=\"og:image:height\" content=\"1024\" \/>\n\t<meta property=\"og:image:type\" content=\"image\/png\" \/>\n<meta name=\"twitter:card\" content=\"summary_large_image\" \/>\n<meta name=\"twitter:label1\" content=\"Timp estimat pentru citire\" \/>\n\t<meta name=\"twitter:data1\" content=\"2 minute\" \/>\n<script type=\"application\/ld+json\" class=\"yoast-schema-graph\">{\"@context\":\"https:\\\/\\\/schema.org\",\"@graph\":[{\"@type\":\"WebPage\",\"@id\":\"https:\\\/\\\/rosanacl.com\\\/producto\\\/braga-selene-katia\\\/\",\"url\":\"https:\\\/\\\/rosanacl.com\\\/producto\\\/braga-selene-katia\\\/\",\"name\":\"Braga Selene Katia - Rosana CL\",\"isPartOf\":{\"@id\":\"https:\\\/\\\/rosanacl.com\\\/ca\\\/#website\"},\"primaryImageOfPage\":{\"@id\":\"https:\\\/\\\/rosanacl.com\\\/producto\\\/braga-selene-katia\\\/#primaryimage\"},\"image\":{\"@id\":\"https:\\\/\\\/rosanacl.com\\\/producto\\\/braga-selene-katia\\\/#primaryimage\"},\"thumbnailUrl\":\"https:\\\/\\\/rosanacl.com\\\/wp-content\\\/uploads\\\/2025\\\/08\\\/1-6.png\",\"datePublished\":\"2025-08-19T07:11:06+00:00\",\"dateModified\":\"2026-01-08T02:06:28+00:00\",\"breadcrumb\":{\"@id\":\"https:\\\/\\\/rosanacl.com\\\/producto\\\/braga-selene-katia\\\/#breadcrumb\"},\"inLanguage\":\"ro-RO\",\"potentialAction\":[{\"@type\":\"ReadAction\",\"target\":[\"https:\\\/\\\/rosanacl.com\\\/producto\\\/braga-selene-katia\\\/\"]}]},{\"@type\":\"ImageObject\",\"inLanguage\":\"ro-RO\",\"@id\":\"https:\\\/\\\/rosanacl.com\\\/producto\\\/braga-selene-katia\\\/#primaryimage\",\"url\":\"https:\\\/\\\/rosanacl.com\\\/wp-content\\\/uploads\\\/2025\\\/08\\\/1-6.png\",\"contentUrl\":\"https:\\\/\\\/rosanacl.com\\\/wp-content\\\/uploads\\\/2025\\\/08\\\/1-6.png\",\"width\":1333,\"height\":1333},{\"@type\":\"BreadcrumbList\",\"@id\":\"https:\\\/\\\/rosanacl.com\\\/producto\\\/braga-selene-katia\\\/#breadcrumb\",\"itemListElement\":[{\"@type\":\"ListItem\",\"position\":1,\"name\":\"Portada\",\"item\":\"https:\\\/\\\/rosanacl.com\\\/ca\\\/\"},{\"@type\":\"ListItem\",\"position\":2,\"name\":\"Tienda\",\"item\":\"https:\\\/\\\/rosanacl.com\\\/ca\\\/tienda\\\/\"},{\"@type\":\"ListItem\",\"position\":3,\"name\":\"Braga Selene Katia\"}]},{\"@type\":\"WebSite\",\"@id\":\"https:\\\/\\\/rosanacl.com\\\/ca\\\/#website\",\"url\":\"https:\\\/\\\/rosanacl.com\\\/ca\\\/\",\"name\":\"Rosana CL\",\"description\":\"Somos tu interior\",\"potentialAction\":[{\"@type\":\"SearchAction\",\"target\":{\"@type\":\"EntryPoint\",\"urlTemplate\":\"https:\\\/\\\/rosanacl.com\\\/ca\\\/?s={search_term_string}\"},\"query-input\":{\"@type\":\"PropertyValueSpecification\",\"valueRequired\":true,\"valueName\":\"search_term_string\"}}],\"inLanguage\":\"ro-RO\"}]}<\/script>\n<!-- \/ Yoast SEO plugin. -->","yoast_head_json":{"title":"Braga Selene Katia - Rosana CL","robots":{"index":"index","follow":"follow","max-snippet":"max-snippet:-1","max-image-preview":"max-image-preview:large","max-video-preview":"max-video-preview:-1"},"canonical":"https:\/\/rosanacl.com\/ro\/produs\/braga-selene-katia\/","og_locale":"ro_RO","og_type":"article","og_title":"Braga Selene Katia - Rosana CL","og_description":"Braga Selene Katia: una braga elegante y c\u00f3moda, pensada para realzar la silueta con un acabado fino y femenino. Su tejido combina tul y detalle de fantas\u00eda en la parte delantera, aportando un toque sofisticado sin renunciar al confort del d\u00eda a d\u00eda. Sienta suave sobre la piel, se adapta bien al cuerpo y queda [&hellip;]","og_url":"https:\/\/rosanacl.com\/ro\/produs\/braga-selene-katia\/","og_site_name":"Rosana CL","article_modified_time":"2026-01-08T02:06:28+00:00","og_image":[{"width":1024,"height":1024,"url":"https:\/\/rosanacl.com\/wp-content\/uploads\/2025\/08\/1-6-1024x1024.png","type":"image\/png"}],"twitter_card":"summary_large_image","twitter_misc":{"Timp estimat pentru citire":"2 minute"},"schema":{"@context":"https:\/\/schema.org","@graph":[{"@type":"WebPage","@id":"https:\/\/rosanacl.com\/producto\/braga-selene-katia\/","url":"https:\/\/rosanacl.com\/producto\/braga-selene-katia\/","name":"Braga Selene Katia - Rosana CL","isPartOf":{"@id":"https:\/\/rosanacl.com\/ca\/#website"},"primaryImageOfPage":{"@id":"https:\/\/rosanacl.com\/producto\/braga-selene-katia\/#primaryimage"},"image":{"@id":"https:\/\/rosanacl.com\/producto\/braga-selene-katia\/#primaryimage"},"thumbnailUrl":"https:\/\/rosanacl.com\/wp-content\/uploads\/2025\/08\/1-6.png","datePublished":"2025-08-19T07:11:06+00:00","dateModified":"2026-01-08T02:06:28+00:00","breadcrumb":{"@id":"https:\/\/rosanacl.com\/producto\/braga-selene-katia\/#breadcrumb"},"inLanguage":"ro-RO","potentialAction":[{"@type":"ReadAction","target":["https:\/\/rosanacl.com\/producto\/braga-selene-katia\/"]}]},{"@type":"ImageObject","inLanguage":"ro-RO","@id":"https:\/\/rosanacl.com\/producto\/braga-selene-katia\/#primaryimage","url":"https:\/\/rosanacl.com\/wp-content\/uploads\/2025\/08\/1-6.png","contentUrl":"https:\/\/rosanacl.com\/wp-content\/uploads\/2025\/08\/1-6.png","width":1333,"height":1333},{"@type":"BreadcrumbList","@id":"https:\/\/rosanacl.com\/producto\/braga-selene-katia\/#breadcrumb","itemListElement":[{"@type":"ListItem","position":1,"name":"Portada","item":"https:\/\/rosanacl.com\/ca\/"},{"@type":"ListItem","position":2,"name":"Tienda","item":"https:\/\/rosanacl.com\/ca\/tienda\/"},{"@type":"ListItem","position":3,"name":"Braga Selene Katia"}]},{"@type":"WebSite","@id":"https:\/\/rosanacl.com\/ca\/#website","url":"https:\/\/rosanacl.com\/ca\/","name":"Rosana CL","description":"Suntem sinele t\u0103u interior","potentialAction":[{"@type":"SearchAction","target":{"@type":"EntryPoint","urlTemplate":"https:\/\/rosanacl.com\/ca\/?s={search_term_string}"},"query-input":{"@type":"PropertyValueSpecification","valueRequired":true,"valueName":"search_term_string"}}],"inLanguage":"ro-RO"}]}},"_links":{"self":[{"href":"https:\/\/rosanacl.com\/ro\/wp-json\/wp\/v2\/product\/3424","targetHints":{"allow":["GET"]}}],"collection":[{"href":"https:\/\/rosanacl.com\/ro\/wp-json\/wp\/v2\/product"}],"about":[{"href":"https:\/\/rosanacl.com\/ro\/wp-json\/wp\/v2\/types\/product"}],"replies":[{"embeddable":true,"href":"https:\/\/rosanacl.com\/ro\/wp-json\/wp\/v2\/comments?post=3424"}],"version-history":[{"count":5,"href":"https:\/\/rosanacl.com\/ro\/wp-json\/wp\/v2\/product\/3424\/revisions"}],"predecessor-version":[{"id":4633,"href":"https:\/\/rosanacl.com\/ro\/wp-json\/wp\/v2\/product\/3424\/revisions\/4633"}],"wp:featuredmedia":[{"embeddable":true,"href":"https:\/\/rosanacl.com\/ro\/wp-json\/wp\/v2\/media\/3441"}],"wp:attachment":[{"href":"https:\/\/rosanacl.com\/ro\/wp-json\/wp\/v2\/media?parent=3424"}],"wp:term":[{"taxonomy":"product_brand","embeddable":true,"href":"https:\/\/rosanacl.com\/ro\/wp-json\/wp\/v2\/product_brand?post=3424"},{"taxonomy":"product_cat","embeddable":true,"href":"https:\/\/rosanacl.com\/ro\/wp-json\/wp\/v2\/product_cat?post=3424"},{"taxonomy":"product_tag","embeddable":true,"href":"https:\/\/rosanacl.com\/ro\/wp-json\/wp\/v2\/product_tag?post=3424"}],"curies":[{"name":"wp","href":"https:\/\/api.w.org\/{rel}","templated":true}]}}