{"id":3601,"date":"2025-08-19T10:09:30","date_gmt":"2025-08-19T08:09:30","guid":{"rendered":"https:\/\/rosanacl.com\/?post_type=product&#038;p=3601"},"modified":"2026-01-23T18:21:40","modified_gmt":"2026-01-23T17:21:40","slug":"sujetador-selene-gina","status":"publish","type":"product","link":"https:\/\/rosanacl.com\/ro\/produs\/sujetador-selene-gina\/","title":{"rendered":"Selene Gina Bra"},"content":{"rendered":"<p>Gina este genul de sutien care se simte \u00abbine f\u0103cut\u00bb de la prima purtare: se potrive\u0219te perfect, sus\u021bine bustul \u00een mod natural \u0219i ofer\u0103 o senza\u021bie de siguran\u021b\u0103, f\u0103r\u0103 rigiditate. Designul s\u0103u ofer\u0103 un echilibru perfect \u00eentre stil \u0219i confort, astfel \u00eenc\u00e2t s\u0103 ar\u0103\u021bi c\u00e2t mai bine f\u0103r\u0103 s\u0103-\u021bi faci griji pentru nimic.<\/p>\n<p>Conceput\u0103 pentru un aspect elegant (\u0219i pentru a asigura un aspect elegant chiar \u0219i pe sub haine), rochia Gina este perfect\u0103 at\u00e2t pentru purtarea de zi cu zi, c\u00e2t \u0219i pentru ocazii speciale. Finisajele sunt concepute pentru a oferi rochiei un aspect rafinat, feminin \u0219i u\u0219or de purtat, men\u021bin\u00e2nd \u00een acela\u0219i timp o potrivire stabil\u0103 \u0219i confortabil\u0103.<\/p>\n<p>Detalii care fac diferen\u021ba la Gina<\/p>\n<ul>\n<li>Suport echilibrat pentru o potrivire sigur\u0103 \u0219i confortabil\u0103.<\/li>\n<li>Design m\u0103gulitor care spore\u0219te efectul f\u0103r\u0103 a-l \u00abexagera\u00bb.<\/li>\n<li>Finisaje concepute pentru a ar\u0103ta elegant \u0219i a fi moi la atingere.<\/li>\n<li>Potrivire stabil\u0103 pentru mi\u0219care sigur\u0103 timp de ore \u00eentregi.<\/i>\n<li>Ideal de combinat cu chilo\u021bii asorta\u021bi \u0219i de completat \u00eentregul look.<\/li>\n<\/ul>\n<p>\ud83d\udde3\ufe0f Sfat: Gina este conceput\u0103 pentru a te face s\u0103 te sim\u021bi \u00een siguran\u021b\u0103, dar u\u0219oar\u0103: conturul trebuie s\u0103 fie ferm \u0219i stabil (f\u0103r\u0103 a str\u00e2nge), iar cupele trebuie s\u0103 \u00eenso\u021beasc\u0103 \u00een mod natural s\u00e2nul, f\u0103r\u0103 a \u00abt\u0103ia\u00bb sau a l\u0103sa un spa\u021biu liber.<\/p>\n<p>\ud83d\udccf Not\u0103: Dac\u0103 atunci c\u00e2nd te mi\u0219ti (mergi, te apleci, ridici bra\u021bele) te sim\u021bi \u00een continuare confortabil \u0219i stabil \u0219i nu trebuie s\u0103 \u00eel ajustezi din nou, aceea este m\u0103rimea ta.<\/p>\n<p>Compozi\u021bie: poliamid\u0103 93%, elastan 7%.<\/p>\n<p>\ud83d\udcaa Antreneaz\u0103-te \u00een siguran\u021b\u0103: sus\u021binere ferm\u0103, confort total \u0219i zero distrageri.<\/p>","protected":false},"excerpt":{"rendered":"<div style=\"position: relative; padding-bottom: 56.25%; height: 0; overflow: hidden; max-width: 100%;\"><iframe style=\"position: absolute; top: 0; left: 0; width: 100%; height: 100%;\" src=\"https:\/\/www.youtube.com\/embed\/eQjvlTJwWqQ?autoplay=1&amp;mute=1&amp;playsinline=1&amp;rel=0&amp;controls=1&amp;loop=1&amp;playlist=eQjvlTJwWqQ\" frameborder=\"0\" allowfullscreen=\"allowfullscreen\"><br \/>\n<\/iframe><\/div>","protected":false},"featured_media":3610,"comment_status":"closed","ping_status":"closed","template":"","meta":{"content-type":""},"product_brand":[55],"product_cat":[123,20],"product_tag":[124,56],"class_list":{"0":"post-3601","1":"product","2":"type-product","3":"status-publish","4":"has-post-thumbnail","6":"product_brand-selene","7":"product_cat-deportivos","8":"product_cat-sujetador","9":"product_tag-deportivo","10":"product_tag-sujetador","12":"first","13":"instock","14":"taxable","15":"shipping-taxable","16":"purchasable","17":"product-type-variable"},"supplier_id":null,"supplier_sku":"","barcode":null,"atum_controlled":true,"out_stock_date":null,"out_stock_threshold":null,"inheritable":true,"inbound_stock":0,"stock_on_hold":0,"sold_today":0,"sales_last_days":0,"reserved_stock":0,"customer_returns":0,"warehouse_damage":0,"lost_in_post":0,"other_logs":0,"out_stock_days":null,"lost_sales":0,"has_location":false,"update_date":"2026-01-23T17:21:42","atum_locations":[],"atum_stock_status":"instock","restock_status":false,"low_stock_amount":"","sales_update_date":"2025-10-03T04:55:29","calc_backorders":null,"yoast_head":"<!-- This site is optimized with the Yoast SEO plugin v27.4 - https:\/\/yoast.com\/product\/yoast-seo-wordpress\/ -->\n<title>Sujetador Selene Gina - Rosana CL<\/title>\n<meta name=\"robots\" content=\"index, follow, max-snippet:-1, max-image-preview:large, max-video-preview:-1\" \/>\n<link rel=\"canonical\" href=\"https:\/\/rosanacl.com\/ro\/produs\/sujetador-selene-gina\/\" \/>\n<meta property=\"og:locale\" content=\"ro_RO\" \/>\n<meta property=\"og:type\" content=\"article\" \/>\n<meta property=\"og:title\" content=\"Sujetador Selene Gina - Rosana CL\" \/>\n<meta property=\"og:url\" content=\"https:\/\/rosanacl.com\/ro\/produs\/sujetador-selene-gina\/\" \/>\n<meta property=\"og:site_name\" content=\"Rosana CL\" \/>\n<meta property=\"article:modified_time\" content=\"2026-01-23T17:21:40+00:00\" \/>\n<meta property=\"og:image\" content=\"https:\/\/rosanacl.com\/wp-content\/uploads\/2025\/08\/1-14-e1756815963297.png\" \/>\n\t<meta property=\"og:image:width\" content=\"950\" \/>\n\t<meta property=\"og:image:height\" content=\"978\" \/>\n\t<meta property=\"og:image:type\" content=\"image\/png\" \/>\n<meta name=\"twitter:card\" content=\"summary_large_image\" \/>\n<meta name=\"twitter:label1\" content=\"Timp estimat pentru citire\" \/>\n\t<meta name=\"twitter:data1\" content=\"2 minute\" \/>\n<script type=\"application\/ld+json\" class=\"yoast-schema-graph\">{\"@context\":\"https:\\\/\\\/schema.org\",\"@graph\":[{\"@type\":\"WebPage\",\"@id\":\"https:\\\/\\\/rosanacl.com\\\/producto\\\/sujetador-selene-gina\\\/\",\"url\":\"https:\\\/\\\/rosanacl.com\\\/producto\\\/sujetador-selene-gina\\\/\",\"name\":\"Sujetador Selene Gina - Rosana CL\",\"isPartOf\":{\"@id\":\"https:\\\/\\\/rosanacl.com\\\/ca\\\/#website\"},\"primaryImageOfPage\":{\"@id\":\"https:\\\/\\\/rosanacl.com\\\/producto\\\/sujetador-selene-gina\\\/#primaryimage\"},\"image\":{\"@id\":\"https:\\\/\\\/rosanacl.com\\\/producto\\\/sujetador-selene-gina\\\/#primaryimage\"},\"thumbnailUrl\":\"https:\\\/\\\/rosanacl.com\\\/wp-content\\\/uploads\\\/2025\\\/08\\\/1-14-e1756815963297.png\",\"datePublished\":\"2025-08-19T08:09:30+00:00\",\"dateModified\":\"2026-01-23T17:21:40+00:00\",\"breadcrumb\":{\"@id\":\"https:\\\/\\\/rosanacl.com\\\/producto\\\/sujetador-selene-gina\\\/#breadcrumb\"},\"inLanguage\":\"ro-RO\",\"potentialAction\":[{\"@type\":\"ReadAction\",\"target\":[\"https:\\\/\\\/rosanacl.com\\\/producto\\\/sujetador-selene-gina\\\/\"]}]},{\"@type\":\"ImageObject\",\"inLanguage\":\"ro-RO\",\"@id\":\"https:\\\/\\\/rosanacl.com\\\/producto\\\/sujetador-selene-gina\\\/#primaryimage\",\"url\":\"https:\\\/\\\/rosanacl.com\\\/wp-content\\\/uploads\\\/2025\\\/08\\\/1-14-e1756815963297.png\",\"contentUrl\":\"https:\\\/\\\/rosanacl.com\\\/wp-content\\\/uploads\\\/2025\\\/08\\\/1-14-e1756815963297.png\",\"width\":950,\"height\":978},{\"@type\":\"BreadcrumbList\",\"@id\":\"https:\\\/\\\/rosanacl.com\\\/producto\\\/sujetador-selene-gina\\\/#breadcrumb\",\"itemListElement\":[{\"@type\":\"ListItem\",\"position\":1,\"name\":\"Portada\",\"item\":\"https:\\\/\\\/rosanacl.com\\\/ca\\\/\"},{\"@type\":\"ListItem\",\"position\":2,\"name\":\"Tienda\",\"item\":\"https:\\\/\\\/rosanacl.com\\\/ca\\\/tienda\\\/\"},{\"@type\":\"ListItem\",\"position\":3,\"name\":\"Sujetador Selene Gina\"}]},{\"@type\":\"WebSite\",\"@id\":\"https:\\\/\\\/rosanacl.com\\\/ca\\\/#website\",\"url\":\"https:\\\/\\\/rosanacl.com\\\/ca\\\/\",\"name\":\"Rosana CL\",\"description\":\"Somos tu interior\",\"potentialAction\":[{\"@type\":\"SearchAction\",\"target\":{\"@type\":\"EntryPoint\",\"urlTemplate\":\"https:\\\/\\\/rosanacl.com\\\/ca\\\/?s={search_term_string}\"},\"query-input\":{\"@type\":\"PropertyValueSpecification\",\"valueRequired\":true,\"valueName\":\"search_term_string\"}}],\"inLanguage\":\"ro-RO\"}]}<\/script>\n<!-- \/ Yoast SEO plugin. -->","yoast_head_json":{"title":"Sujetador Selene Gina - Rosana CL","robots":{"index":"index","follow":"follow","max-snippet":"max-snippet:-1","max-image-preview":"max-image-preview:large","max-video-preview":"max-video-preview:-1"},"canonical":"https:\/\/rosanacl.com\/ro\/produs\/sujetador-selene-gina\/","og_locale":"ro_RO","og_type":"article","og_title":"Sujetador Selene Gina - Rosana CL","og_url":"https:\/\/rosanacl.com\/ro\/produs\/sujetador-selene-gina\/","og_site_name":"Rosana CL","article_modified_time":"2026-01-23T17:21:40+00:00","og_image":[{"width":950,"height":978,"url":"https:\/\/rosanacl.com\/wp-content\/uploads\/2025\/08\/1-14-e1756815963297.png","type":"image\/png"}],"twitter_card":"summary_large_image","twitter_misc":{"Timp estimat pentru citire":"2 minute"},"schema":{"@context":"https:\/\/schema.org","@graph":[{"@type":"WebPage","@id":"https:\/\/rosanacl.com\/producto\/sujetador-selene-gina\/","url":"https:\/\/rosanacl.com\/producto\/sujetador-selene-gina\/","name":"Sujetador Selene Gina - Rosana CL","isPartOf":{"@id":"https:\/\/rosanacl.com\/ca\/#website"},"primaryImageOfPage":{"@id":"https:\/\/rosanacl.com\/producto\/sujetador-selene-gina\/#primaryimage"},"image":{"@id":"https:\/\/rosanacl.com\/producto\/sujetador-selene-gina\/#primaryimage"},"thumbnailUrl":"https:\/\/rosanacl.com\/wp-content\/uploads\/2025\/08\/1-14-e1756815963297.png","datePublished":"2025-08-19T08:09:30+00:00","dateModified":"2026-01-23T17:21:40+00:00","breadcrumb":{"@id":"https:\/\/rosanacl.com\/producto\/sujetador-selene-gina\/#breadcrumb"},"inLanguage":"ro-RO","potentialAction":[{"@type":"ReadAction","target":["https:\/\/rosanacl.com\/producto\/sujetador-selene-gina\/"]}]},{"@type":"ImageObject","inLanguage":"ro-RO","@id":"https:\/\/rosanacl.com\/producto\/sujetador-selene-gina\/#primaryimage","url":"https:\/\/rosanacl.com\/wp-content\/uploads\/2025\/08\/1-14-e1756815963297.png","contentUrl":"https:\/\/rosanacl.com\/wp-content\/uploads\/2025\/08\/1-14-e1756815963297.png","width":950,"height":978},{"@type":"BreadcrumbList","@id":"https:\/\/rosanacl.com\/producto\/sujetador-selene-gina\/#breadcrumb","itemListElement":[{"@type":"ListItem","position":1,"name":"Portada","item":"https:\/\/rosanacl.com\/ca\/"},{"@type":"ListItem","position":2,"name":"Tienda","item":"https:\/\/rosanacl.com\/ca\/tienda\/"},{"@type":"ListItem","position":3,"name":"Sujetador Selene Gina"}]},{"@type":"WebSite","@id":"https:\/\/rosanacl.com\/ca\/#website","url":"https:\/\/rosanacl.com\/ca\/","name":"Rosana CL","description":"Suntem sinele t\u0103u interior","potentialAction":[{"@type":"SearchAction","target":{"@type":"EntryPoint","urlTemplate":"https:\/\/rosanacl.com\/ca\/?s={search_term_string}"},"query-input":{"@type":"PropertyValueSpecification","valueRequired":true,"valueName":"search_term_string"}}],"inLanguage":"ro-RO"}]}},"_links":{"self":[{"href":"https:\/\/rosanacl.com\/ro\/wp-json\/wp\/v2\/product\/3601","targetHints":{"allow":["GET"]}}],"collection":[{"href":"https:\/\/rosanacl.com\/ro\/wp-json\/wp\/v2\/product"}],"about":[{"href":"https:\/\/rosanacl.com\/ro\/wp-json\/wp\/v2\/types\/product"}],"replies":[{"embeddable":true,"href":"https:\/\/rosanacl.com\/ro\/wp-json\/wp\/v2\/comments?post=3601"}],"version-history":[{"count":5,"href":"https:\/\/rosanacl.com\/ro\/wp-json\/wp\/v2\/product\/3601\/revisions"}],"predecessor-version":[{"id":4628,"href":"https:\/\/rosanacl.com\/ro\/wp-json\/wp\/v2\/product\/3601\/revisions\/4628"}],"wp:featuredmedia":[{"embeddable":true,"href":"https:\/\/rosanacl.com\/ro\/wp-json\/wp\/v2\/media\/3610"}],"wp:attachment":[{"href":"https:\/\/rosanacl.com\/ro\/wp-json\/wp\/v2\/media?parent=3601"}],"wp:term":[{"taxonomy":"product_brand","embeddable":true,"href":"https:\/\/rosanacl.com\/ro\/wp-json\/wp\/v2\/product_brand?post=3601"},{"taxonomy":"product_cat","embeddable":true,"href":"https:\/\/rosanacl.com\/ro\/wp-json\/wp\/v2\/product_cat?post=3601"},{"taxonomy":"product_tag","embeddable":true,"href":"https:\/\/rosanacl.com\/ro\/wp-json\/wp\/v2\/product_tag?post=3601"}],"curies":[{"name":"wp","href":"https:\/\/api.w.org\/{rel}","templated":true}]}}