{"id":745,"date":"2025-04-29T19:52:29","date_gmt":"2025-04-29T17:52:29","guid":{"rendered":"https:\/\/rosanacl.com\/?post_type=product&#038;p=745"},"modified":"2026-01-07T21:15:53","modified_gmt":"2026-01-07T20:15:53","slug":"sujetador-modelo-blanca","status":"publish","type":"product","link":"https:\/\/rosanacl.com\/ro\/produs\/sujetador-modelo-blanca\/","title":{"rendered":"Sutien Selene Alb"},"content":{"rendered":"<p>Sutienul Selene Blanca este o alegere sigur\u0103 atunci c\u00e2nd cau\u021bi confort adev\u0103rat, cu o c\u0103ptu\u0219eal\u0103 frumoas\u0103 \u0219i o senza\u021bie moale pe piele. Materialul din bumbac ofer\u0103 o atingere pl\u0103cut\u0103 \u0219i natural\u0103, ideal pentru purtarea zilnic\u0103, iar designul s\u0103u este conceput s\u0103 te sus\u021bin\u0103 f\u0103r\u0103 a ciupi, a l\u0103sa urme sau a te ascunde sub haine.<\/p>\n<p>Fiind f\u0103r\u0103 arm\u0103tur\u0103 \u0219i f\u0103r\u0103 burete, men\u021bine o linie curat\u0103 \u0219i discret\u0103, care arat\u0103 grozav cu tricouri, haine mulate sau \u021binute mai simple. Este unul dintre acele sutiene care nu trebuie s\u0103 \u00abatrag\u0103 aten\u021bia\u00bb pentru a fi atr\u0103g\u0103toare: totul se rezum\u0103 la c\u00e2t de confortabil este \u0219i c\u00e2t de u\u0219or este de purtat ore \u00een \u0219ir.<\/p>\n<p>Detalii care \u00ee\u021bi vor pl\u0103cea despre Blanca<\/p>\n<ul>\n<li>Bumbac moale \u0219i pl\u0103cut: senza\u021bie natural\u0103 \u0219i confortabil\u0103.<\/li>\n<li>F\u0103r\u0103 arm\u0103tur\u0103: libertate total\u0103, f\u0103r\u0103 presiune asupra conturului.<\/li>\n<li>F\u0103r\u0103 c\u0103ptu\u0219eal\u0103: form\u0103 natural\u0103, u\u0219oar\u0103 \u0219i foarte purtabil\u0103.<\/li>\n<li>Discret pe sub haine: nu creeaz\u0103 volum inutil.<\/li>\n<li>Perfect pentru utilizare zilnic\u0103: conceput pentru a fi repetat f\u0103r\u0103 a te plictisi.<\/li>\n<\/ul>\n<p>\ud83d\udde3\ufe0f Sfat: Poart\u0103-l cu un tricou mulat \u0219i observ\u0103 cum se simte: dac\u0103 sim\u021bi \u00ablibertate\u00bb (f\u0103r\u0103 presiune pe corp \u0219i f\u0103r\u0103 nevoia de a te readapta), acesta este punctul forte al modelului Blanca. Este genul de bumbac care se simte moale \u0219i curat, ca \u0219i cum corpul t\u0103u ar fi \u00ab\u00een pace\u00bb.<\/p>\n<p>\ud83d\udccf Not\u0103: Pentru a g\u0103si m\u0103rimea potrivit\u0103, ia-\u021bi m\u0103sura sub bust \u0219i compar\u0103-o cu ghidul; dac\u0103 te afli \u00eentre dou\u0103 m\u0103sur\u0103tori \u0219i dore\u0219ti o potrivire mai confortabil\u0103, alege m\u0103rimea mai mare. Acest lucru va reduce erorile de dimensionare \u0219i te va asigura c\u0103 o alegi corect de prima dat\u0103.<\/p>\n<p>Compozi\u021bie: Bumbac 95% Elastan 5%<\/p>\n<p>\ud83c\udf3f Moale, curat \u0219i u\u0219or\u2026 a\u0219a cum ar trebui s\u0103 fie via\u021ba de zi cu zi.<\/p>","protected":false},"excerpt":{"rendered":"<p>El sujetador Selene modelo Blanca es una apuesta segura cuando lo que buscas es comodidad real con una ca\u00edda bonita y una sensaci\u00f3n suave en la piel. Su tejido de algod\u00f3n aporta un tacto agradable y natural, ideal para el uso diario, y su dise\u00f1o est\u00e1 pensado para acompa\u00f1arte sin apretar, sin marcar y sin [&hellip;]<\/p>\n","protected":false},"featured_media":2349,"comment_status":"open","ping_status":"closed","template":"","meta":{"content-type":""},"product_brand":[55],"product_cat":[25,20],"product_tag":[56,60],"class_list":{"0":"post-745","1":"product","2":"type-product","3":"status-publish","4":"has-post-thumbnail","6":"product_brand-selene","7":"product_cat-sin-aros","8":"product_cat-sujetador","9":"product_tag-sujetador","10":"product_tag-sujetador-sin-aros","12":"first","13":"instock","14":"taxable","15":"shipping-taxable","16":"purchasable","17":"product-type-variable"},"supplier_id":null,"supplier_sku":"","barcode":null,"atum_controlled":true,"out_stock_date":null,"out_stock_threshold":null,"inheritable":true,"inbound_stock":0,"stock_on_hold":0,"sold_today":0,"sales_last_days":0,"reserved_stock":0,"customer_returns":0,"warehouse_damage":0,"lost_in_post":0,"other_logs":0,"out_stock_days":0,"lost_sales":0,"has_location":false,"update_date":"2026-01-07T20:15:54","atum_locations":[],"atum_stock_status":"instock","restock_status":false,"low_stock_amount":"","sales_update_date":"2025-08-19T02:35:53","calc_backorders":null,"yoast_head":"<!-- This site is optimized with the Yoast SEO plugin v27.4 - https:\/\/yoast.com\/product\/yoast-seo-wordpress\/ -->\n<title>Sujetador Selene Blanca - Rosana CL<\/title>\n<meta name=\"robots\" content=\"index, follow, max-snippet:-1, max-image-preview:large, max-video-preview:-1\" \/>\n<link rel=\"canonical\" href=\"https:\/\/rosanacl.com\/ro\/produs\/sujetador-modelo-blanca\/\" \/>\n<meta property=\"og:locale\" content=\"ro_RO\" \/>\n<meta property=\"og:type\" content=\"article\" \/>\n<meta property=\"og:title\" content=\"Sujetador Selene Blanca - Rosana CL\" \/>\n<meta property=\"og:description\" content=\"El sujetador Selene modelo Blanca es una apuesta segura cuando lo que buscas es comodidad real con una ca\u00edda bonita y una sensaci\u00f3n suave en la piel. Su tejido de algod\u00f3n aporta un tacto agradable y natural, ideal para el uso diario, y su dise\u00f1o est\u00e1 pensado para acompa\u00f1arte sin apretar, sin marcar y sin [&hellip;]\" \/>\n<meta property=\"og:url\" content=\"https:\/\/rosanacl.com\/ro\/produs\/sujetador-modelo-blanca\/\" \/>\n<meta property=\"og:site_name\" content=\"Rosana CL\" \/>\n<meta property=\"article:modified_time\" content=\"2026-01-07T20:15:53+00:00\" \/>\n<meta property=\"og:image\" content=\"https:\/\/rosanacl.com\/wp-content\/uploads\/2025\/04\/1-1-e1756816629750.jpg\" \/>\n\t<meta property=\"og:image:width\" content=\"881\" \/>\n\t<meta property=\"og:image:height\" content=\"1093\" \/>\n\t<meta property=\"og:image:type\" content=\"image\/jpeg\" \/>\n<meta name=\"twitter:card\" content=\"summary_large_image\" \/>\n<meta name=\"twitter:label1\" content=\"Timp estimat pentru citire\" \/>\n\t<meta name=\"twitter:data1\" content=\"2 minute\" \/>\n<script type=\"application\/ld+json\" class=\"yoast-schema-graph\">{\"@context\":\"https:\\\/\\\/schema.org\",\"@graph\":[{\"@type\":\"WebPage\",\"@id\":\"https:\\\/\\\/rosanacl.com\\\/producto\\\/sujetador-modelo-blanca\\\/\",\"url\":\"https:\\\/\\\/rosanacl.com\\\/producto\\\/sujetador-modelo-blanca\\\/\",\"name\":\"Sujetador Selene Blanca - Rosana CL\",\"isPartOf\":{\"@id\":\"https:\\\/\\\/rosanacl.com\\\/ca\\\/#website\"},\"primaryImageOfPage\":{\"@id\":\"https:\\\/\\\/rosanacl.com\\\/producto\\\/sujetador-modelo-blanca\\\/#primaryimage\"},\"image\":{\"@id\":\"https:\\\/\\\/rosanacl.com\\\/producto\\\/sujetador-modelo-blanca\\\/#primaryimage\"},\"thumbnailUrl\":\"https:\\\/\\\/rosanacl.com\\\/wp-content\\\/uploads\\\/2025\\\/04\\\/1-1-e1756816629750.jpg\",\"datePublished\":\"2025-04-29T17:52:29+00:00\",\"dateModified\":\"2026-01-07T20:15:53+00:00\",\"breadcrumb\":{\"@id\":\"https:\\\/\\\/rosanacl.com\\\/producto\\\/sujetador-modelo-blanca\\\/#breadcrumb\"},\"inLanguage\":\"ro-RO\",\"potentialAction\":[{\"@type\":\"ReadAction\",\"target\":[\"https:\\\/\\\/rosanacl.com\\\/producto\\\/sujetador-modelo-blanca\\\/\"]}]},{\"@type\":\"ImageObject\",\"inLanguage\":\"ro-RO\",\"@id\":\"https:\\\/\\\/rosanacl.com\\\/producto\\\/sujetador-modelo-blanca\\\/#primaryimage\",\"url\":\"https:\\\/\\\/rosanacl.com\\\/wp-content\\\/uploads\\\/2025\\\/04\\\/1-1-e1756816629750.jpg\",\"contentUrl\":\"https:\\\/\\\/rosanacl.com\\\/wp-content\\\/uploads\\\/2025\\\/04\\\/1-1-e1756816629750.jpg\",\"width\":881,\"height\":1093},{\"@type\":\"BreadcrumbList\",\"@id\":\"https:\\\/\\\/rosanacl.com\\\/producto\\\/sujetador-modelo-blanca\\\/#breadcrumb\",\"itemListElement\":[{\"@type\":\"ListItem\",\"position\":1,\"name\":\"Portada\",\"item\":\"https:\\\/\\\/rosanacl.com\\\/ca\\\/\"},{\"@type\":\"ListItem\",\"position\":2,\"name\":\"Tienda\",\"item\":\"https:\\\/\\\/rosanacl.com\\\/ca\\\/tienda\\\/\"},{\"@type\":\"ListItem\",\"position\":3,\"name\":\"Sujetador Selene Blanca\"}]},{\"@type\":\"WebSite\",\"@id\":\"https:\\\/\\\/rosanacl.com\\\/ca\\\/#website\",\"url\":\"https:\\\/\\\/rosanacl.com\\\/ca\\\/\",\"name\":\"Rosana CL\",\"description\":\"Somos tu interior\",\"potentialAction\":[{\"@type\":\"SearchAction\",\"target\":{\"@type\":\"EntryPoint\",\"urlTemplate\":\"https:\\\/\\\/rosanacl.com\\\/ca\\\/?s={search_term_string}\"},\"query-input\":{\"@type\":\"PropertyValueSpecification\",\"valueRequired\":true,\"valueName\":\"search_term_string\"}}],\"inLanguage\":\"ro-RO\"}]}<\/script>\n<!-- \/ Yoast SEO plugin. -->","yoast_head_json":{"title":"Sujetador Selene Blanca - Rosana CL","robots":{"index":"index","follow":"follow","max-snippet":"max-snippet:-1","max-image-preview":"max-image-preview:large","max-video-preview":"max-video-preview:-1"},"canonical":"https:\/\/rosanacl.com\/ro\/produs\/sujetador-modelo-blanca\/","og_locale":"ro_RO","og_type":"article","og_title":"Sujetador Selene Blanca - Rosana CL","og_description":"El sujetador Selene modelo Blanca es una apuesta segura cuando lo que buscas es comodidad real con una ca\u00edda bonita y una sensaci\u00f3n suave en la piel. Su tejido de algod\u00f3n aporta un tacto agradable y natural, ideal para el uso diario, y su dise\u00f1o est\u00e1 pensado para acompa\u00f1arte sin apretar, sin marcar y sin [&hellip;]","og_url":"https:\/\/rosanacl.com\/ro\/produs\/sujetador-modelo-blanca\/","og_site_name":"Rosana CL","article_modified_time":"2026-01-07T20:15:53+00:00","og_image":[{"width":881,"height":1093,"url":"https:\/\/rosanacl.com\/wp-content\/uploads\/2025\/04\/1-1-e1756816629750.jpg","type":"image\/jpeg"}],"twitter_card":"summary_large_image","twitter_misc":{"Timp estimat pentru citire":"2 minute"},"schema":{"@context":"https:\/\/schema.org","@graph":[{"@type":"WebPage","@id":"https:\/\/rosanacl.com\/producto\/sujetador-modelo-blanca\/","url":"https:\/\/rosanacl.com\/producto\/sujetador-modelo-blanca\/","name":"Sujetador Selene Blanca - Rosana CL","isPartOf":{"@id":"https:\/\/rosanacl.com\/ca\/#website"},"primaryImageOfPage":{"@id":"https:\/\/rosanacl.com\/producto\/sujetador-modelo-blanca\/#primaryimage"},"image":{"@id":"https:\/\/rosanacl.com\/producto\/sujetador-modelo-blanca\/#primaryimage"},"thumbnailUrl":"https:\/\/rosanacl.com\/wp-content\/uploads\/2025\/04\/1-1-e1756816629750.jpg","datePublished":"2025-04-29T17:52:29+00:00","dateModified":"2026-01-07T20:15:53+00:00","breadcrumb":{"@id":"https:\/\/rosanacl.com\/producto\/sujetador-modelo-blanca\/#breadcrumb"},"inLanguage":"ro-RO","potentialAction":[{"@type":"ReadAction","target":["https:\/\/rosanacl.com\/producto\/sujetador-modelo-blanca\/"]}]},{"@type":"ImageObject","inLanguage":"ro-RO","@id":"https:\/\/rosanacl.com\/producto\/sujetador-modelo-blanca\/#primaryimage","url":"https:\/\/rosanacl.com\/wp-content\/uploads\/2025\/04\/1-1-e1756816629750.jpg","contentUrl":"https:\/\/rosanacl.com\/wp-content\/uploads\/2025\/04\/1-1-e1756816629750.jpg","width":881,"height":1093},{"@type":"BreadcrumbList","@id":"https:\/\/rosanacl.com\/producto\/sujetador-modelo-blanca\/#breadcrumb","itemListElement":[{"@type":"ListItem","position":1,"name":"Portada","item":"https:\/\/rosanacl.com\/ca\/"},{"@type":"ListItem","position":2,"name":"Tienda","item":"https:\/\/rosanacl.com\/ca\/tienda\/"},{"@type":"ListItem","position":3,"name":"Sujetador Selene Blanca"}]},{"@type":"WebSite","@id":"https:\/\/rosanacl.com\/ca\/#website","url":"https:\/\/rosanacl.com\/ca\/","name":"Rosana CL","description":"Suntem sinele t\u0103u interior","potentialAction":[{"@type":"SearchAction","target":{"@type":"EntryPoint","urlTemplate":"https:\/\/rosanacl.com\/ca\/?s={search_term_string}"},"query-input":{"@type":"PropertyValueSpecification","valueRequired":true,"valueName":"search_term_string"}}],"inLanguage":"ro-RO"}]}},"_links":{"self":[{"href":"https:\/\/rosanacl.com\/ro\/wp-json\/wp\/v2\/product\/745","targetHints":{"allow":["GET"]}}],"collection":[{"href":"https:\/\/rosanacl.com\/ro\/wp-json\/wp\/v2\/product"}],"about":[{"href":"https:\/\/rosanacl.com\/ro\/wp-json\/wp\/v2\/types\/product"}],"replies":[{"embeddable":true,"href":"https:\/\/rosanacl.com\/ro\/wp-json\/wp\/v2\/comments?post=745"}],"version-history":[{"count":5,"href":"https:\/\/rosanacl.com\/ro\/wp-json\/wp\/v2\/product\/745\/revisions"}],"predecessor-version":[{"id":4616,"href":"https:\/\/rosanacl.com\/ro\/wp-json\/wp\/v2\/product\/745\/revisions\/4616"}],"wp:featuredmedia":[{"embeddable":true,"href":"https:\/\/rosanacl.com\/ro\/wp-json\/wp\/v2\/media\/2349"}],"wp:attachment":[{"href":"https:\/\/rosanacl.com\/ro\/wp-json\/wp\/v2\/media?parent=745"}],"wp:term":[{"taxonomy":"product_brand","embeddable":true,"href":"https:\/\/rosanacl.com\/ro\/wp-json\/wp\/v2\/product_brand?post=745"},{"taxonomy":"product_cat","embeddable":true,"href":"https:\/\/rosanacl.com\/ro\/wp-json\/wp\/v2\/product_cat?post=745"},{"taxonomy":"product_tag","embeddable":true,"href":"https:\/\/rosanacl.com\/ro\/wp-json\/wp\/v2\/product_tag?post=745"}],"curies":[{"name":"wp","href":"https:\/\/api.w.org\/{rel}","templated":true}]}}