{"id":809,"date":"2025-04-29T20:02:47","date_gmt":"2025-04-29T18:02:47","guid":{"rendered":"https:\/\/rosanacl.com\/?post_type=product&#038;p=809"},"modified":"2026-04-15T15:03:39","modified_gmt":"2026-04-15T13:03:39","slug":"sujetador-modelo-marivi","status":"publish","type":"product","link":"https:\/\/rosanacl.com\/ro\/produs\/sujetador-modelo-marivi\/","title":{"rendered":"Sutien Selene Mariv\u00ed"},"content":{"rendered":"<p>Sutienul Selene Mariv\u00ed este conceput pentru acele zile \u00een care vrei s\u0103 te sim\u021bi confortabil\u0103, s\u0103 te ajute \u0219i s\u0103 ai un decolteu frumos, f\u0103r\u0103 nicio b\u0103taie de cap. Este un sutien f\u0103r\u0103 arm\u0103tur\u0103, f\u0103r\u0103 burete, cu un decolteu subtil \u00een V care flateaz\u0103 \u0219i arat\u0103 natural pe sub haine, perfect pentru a fi purtat ore \u00eentregi f\u0103r\u0103 a sim\u021bi nicio presiune.<\/p>\n<p>Materialul s\u0103u cu model \u00eei confer\u0103 o not\u0103 special\u0103, care arat\u0103 elegant (f\u0103r\u0103 a fi preten\u021bios), iar benzile laterale mai late contribuie la crearea unei croieli mai uniforme \u0219i a unui aspect mai elegant. O alegere ideal\u0103 dac\u0103 sunte\u021bi \u00een c\u0103utarea unei lenjerii confortabile \u0219i feminine, cu sus\u021binere bun\u0103 \u0219i un aspect curat pentru purtarea zilnic\u0103.<\/p>\n<p>O idee despre ce vei observa c\u00e2nd \u00eel vei purta<\/p>\n<ul>\n<li>F\u0103r\u0103 arm\u0103tur\u0103: confort real, f\u0103r\u0103 urme sau presiune.<\/li>\n<li>F\u0103r\u0103 umplutur\u0103: form\u0103 natural\u0103, frumoas\u0103 \u0219i u\u0219oar\u0103.<\/li>\n<li>Decolteu \u00een V: flatant \u0219i se potrive\u0219te de minune cu tricouri \u0219i bluze.<\/li>\n<li>Benzi laterale late: potrivire mai uniform\u0103 \u0219i un efect mai elegant.<\/li>\n<li>Chilo\u021bi asorta\u021bi 3123 pentru a completa setul.<\/li>\n<\/ul>\n<p>\ud83d\udde3\ufe0f Sfat: Mariv\u00ed este unul dintre acele sutiene pe care ui\u021bi c\u0103 le por\u021bi: senza\u021bie u\u0219oar\u0103, zero \u00abpresiune\u00bb \u0219i un decolteu \u00een V care \u00ee\u021bi las\u0103 o senza\u021bie frumoas\u0103 \u0219i natural\u0103 la piept, ca \u0219i cum totul ar fi la locul lui f\u0103r\u0103 efort.<\/p>\n<p>\ud83d\udccf Not\u0103: Dac\u0103 te afli \u00eentre dou\u0103 m\u0103rimi \u0219i cau\u021bi o potrivire mai \u00abstr\u00e2mt\u0103\u00bb, alege m\u0103rimea mai mic\u0103; dac\u0103 preferi mai mult confort pentru a o purta mai multe ore, alege m\u0103rimea mai mare.<\/p>\n<p>Compozi\u021bie: Poliamid\u0103 82%, Elastan 18%.<\/p>\n<p>\ud83c\udfac Acea \u021binut\u0103 care pare casual\u2026 dar nu este. E de covor ro\u0219u.<\/p>\n<div id=\"v1ms-outlook-mobile-body-separator-line\" dir=\"auto\"><\/div>","protected":false},"excerpt":{"rendered":"<p>El sujetador Selene modelo Mariv\u00ed est\u00e1 pensado para esos d\u00edas en los que quieres ir c\u00f3moda, favorecida y con un escote bonito, sin complicarte. Es un modelo sin aros y sin relleno, con un escote en V sutil que estiliza y queda muy natural bajo la ropa, perfecto para llevarlo muchas horas sin notar presi\u00f3n. [&hellip;]<\/p>\n","protected":false},"featured_media":1453,"comment_status":"open","ping_status":"closed","template":"","meta":{"content-type":""},"product_brand":[55],"product_cat":[104,25,20],"product_tag":[56,60],"class_list":{"0":"post-809","1":"product","2":"type-product","3":"status-publish","4":"has-post-thumbnail","6":"product_brand-selene","7":"product_cat-marivi","8":"product_cat-sin-aros","9":"product_cat-sujetador","10":"product_tag-sujetador","11":"product_tag-sujetador-sin-aros","13":"first","14":"instock","15":"taxable","16":"shipping-taxable","17":"purchasable","18":"product-type-variable"},"supplier_id":null,"supplier_sku":"","barcode":null,"atum_controlled":true,"out_stock_date":null,"out_stock_threshold":null,"inheritable":true,"inbound_stock":null,"stock_on_hold":1,"sold_today":1,"sales_last_days":1,"reserved_stock":null,"customer_returns":null,"warehouse_damage":null,"lost_in_post":null,"other_logs":null,"out_stock_days":0,"lost_sales":0,"has_location":false,"update_date":"2026-04-15T13:03:42","atum_locations":[],"atum_stock_status":"instock","restock_status":false,"low_stock_amount":"","sales_update_date":"2025-08-19T02:35:53","calc_backorders":null,"yoast_head":"<!-- This site is optimized with the Yoast SEO plugin v27.4 - https:\/\/yoast.com\/product\/yoast-seo-wordpress\/ -->\n<title>Sujetador Selene Mariv\u00ed - Rosana CL<\/title>\n<meta name=\"robots\" content=\"index, follow, max-snippet:-1, max-image-preview:large, max-video-preview:-1\" \/>\n<link rel=\"canonical\" href=\"https:\/\/rosanacl.com\/ro\/produs\/sujetador-modelo-marivi\/\" \/>\n<meta property=\"og:locale\" content=\"ro_RO\" \/>\n<meta property=\"og:type\" content=\"article\" \/>\n<meta property=\"og:title\" content=\"Sujetador Selene Mariv\u00ed - Rosana CL\" \/>\n<meta property=\"og:description\" content=\"El sujetador Selene modelo Mariv\u00ed est\u00e1 pensado para esos d\u00edas en los que quieres ir c\u00f3moda, favorecida y con un escote bonito, sin complicarte. Es un modelo sin aros y sin relleno, con un escote en V sutil que estiliza y queda muy natural bajo la ropa, perfecto para llevarlo muchas horas sin notar presi\u00f3n. [&hellip;]\" \/>\n<meta property=\"og:url\" content=\"https:\/\/rosanacl.com\/ro\/produs\/sujetador-modelo-marivi\/\" \/>\n<meta property=\"og:site_name\" content=\"Rosana CL\" \/>\n<meta property=\"article:modified_time\" content=\"2026-04-15T13:03:39+00:00\" \/>\n<meta property=\"og:image\" content=\"https:\/\/rosanacl.com\/wp-content\/uploads\/2025\/04\/Sujetador-modelo-Marivi-000001.webp\" \/>\n\t<meta property=\"og:image:width\" content=\"1000\" \/>\n\t<meta property=\"og:image:height\" content=\"1000\" \/>\n\t<meta property=\"og:image:type\" content=\"image\/webp\" \/>\n<meta name=\"twitter:card\" content=\"summary_large_image\" \/>\n<meta name=\"twitter:label1\" content=\"Timp estimat pentru citire\" \/>\n\t<meta name=\"twitter:data1\" content=\"2 minute\" \/>\n<script type=\"application\/ld+json\" class=\"yoast-schema-graph\">{\"@context\":\"https:\\\/\\\/schema.org\",\"@graph\":[{\"@type\":\"WebPage\",\"@id\":\"https:\\\/\\\/rosanacl.com\\\/producto\\\/sujetador-modelo-marivi\\\/\",\"url\":\"https:\\\/\\\/rosanacl.com\\\/producto\\\/sujetador-modelo-marivi\\\/\",\"name\":\"Sujetador Selene Mariv\u00ed - Rosana CL\",\"isPartOf\":{\"@id\":\"https:\\\/\\\/rosanacl.com\\\/ca\\\/#website\"},\"primaryImageOfPage\":{\"@id\":\"https:\\\/\\\/rosanacl.com\\\/producto\\\/sujetador-modelo-marivi\\\/#primaryimage\"},\"image\":{\"@id\":\"https:\\\/\\\/rosanacl.com\\\/producto\\\/sujetador-modelo-marivi\\\/#primaryimage\"},\"thumbnailUrl\":\"https:\\\/\\\/rosanacl.com\\\/wp-content\\\/uploads\\\/2025\\\/04\\\/Sujetador-modelo-Marivi-000001.webp\",\"datePublished\":\"2025-04-29T18:02:47+00:00\",\"dateModified\":\"2026-04-15T13:03:39+00:00\",\"breadcrumb\":{\"@id\":\"https:\\\/\\\/rosanacl.com\\\/producto\\\/sujetador-modelo-marivi\\\/#breadcrumb\"},\"inLanguage\":\"ro-RO\",\"potentialAction\":[{\"@type\":\"ReadAction\",\"target\":[\"https:\\\/\\\/rosanacl.com\\\/producto\\\/sujetador-modelo-marivi\\\/\"]}]},{\"@type\":\"ImageObject\",\"inLanguage\":\"ro-RO\",\"@id\":\"https:\\\/\\\/rosanacl.com\\\/producto\\\/sujetador-modelo-marivi\\\/#primaryimage\",\"url\":\"https:\\\/\\\/rosanacl.com\\\/wp-content\\\/uploads\\\/2025\\\/04\\\/Sujetador-modelo-Marivi-000001.webp\",\"contentUrl\":\"https:\\\/\\\/rosanacl.com\\\/wp-content\\\/uploads\\\/2025\\\/04\\\/Sujetador-modelo-Marivi-000001.webp\",\"width\":1000,\"height\":1000},{\"@type\":\"BreadcrumbList\",\"@id\":\"https:\\\/\\\/rosanacl.com\\\/producto\\\/sujetador-modelo-marivi\\\/#breadcrumb\",\"itemListElement\":[{\"@type\":\"ListItem\",\"position\":1,\"name\":\"Portada\",\"item\":\"https:\\\/\\\/rosanacl.com\\\/ca\\\/\"},{\"@type\":\"ListItem\",\"position\":2,\"name\":\"Tienda\",\"item\":\"https:\\\/\\\/rosanacl.com\\\/ca\\\/tienda\\\/\"},{\"@type\":\"ListItem\",\"position\":3,\"name\":\"Sujetador Selene Mariv\u00ed\"}]},{\"@type\":\"WebSite\",\"@id\":\"https:\\\/\\\/rosanacl.com\\\/ca\\\/#website\",\"url\":\"https:\\\/\\\/rosanacl.com\\\/ca\\\/\",\"name\":\"Rosana CL\",\"description\":\"Somos tu interior\",\"potentialAction\":[{\"@type\":\"SearchAction\",\"target\":{\"@type\":\"EntryPoint\",\"urlTemplate\":\"https:\\\/\\\/rosanacl.com\\\/ca\\\/?s={search_term_string}\"},\"query-input\":{\"@type\":\"PropertyValueSpecification\",\"valueRequired\":true,\"valueName\":\"search_term_string\"}}],\"inLanguage\":\"ro-RO\"}]}<\/script>\n<!-- \/ Yoast SEO plugin. -->","yoast_head_json":{"title":"Sujetador Selene Mariv\u00ed - Rosana CL","robots":{"index":"index","follow":"follow","max-snippet":"max-snippet:-1","max-image-preview":"max-image-preview:large","max-video-preview":"max-video-preview:-1"},"canonical":"https:\/\/rosanacl.com\/ro\/produs\/sujetador-modelo-marivi\/","og_locale":"ro_RO","og_type":"article","og_title":"Sujetador Selene Mariv\u00ed - Rosana CL","og_description":"El sujetador Selene modelo Mariv\u00ed est\u00e1 pensado para esos d\u00edas en los que quieres ir c\u00f3moda, favorecida y con un escote bonito, sin complicarte. Es un modelo sin aros y sin relleno, con un escote en V sutil que estiliza y queda muy natural bajo la ropa, perfecto para llevarlo muchas horas sin notar presi\u00f3n. [&hellip;]","og_url":"https:\/\/rosanacl.com\/ro\/produs\/sujetador-modelo-marivi\/","og_site_name":"Rosana CL","article_modified_time":"2026-04-15T13:03:39+00:00","og_image":[{"width":1000,"height":1000,"url":"https:\/\/rosanacl.com\/wp-content\/uploads\/2025\/04\/Sujetador-modelo-Marivi-000001.webp","type":"image\/webp"}],"twitter_card":"summary_large_image","twitter_misc":{"Timp estimat pentru citire":"2 minute"},"schema":{"@context":"https:\/\/schema.org","@graph":[{"@type":"WebPage","@id":"https:\/\/rosanacl.com\/producto\/sujetador-modelo-marivi\/","url":"https:\/\/rosanacl.com\/producto\/sujetador-modelo-marivi\/","name":"Sujetador Selene Mariv\u00ed - Rosana CL","isPartOf":{"@id":"https:\/\/rosanacl.com\/ca\/#website"},"primaryImageOfPage":{"@id":"https:\/\/rosanacl.com\/producto\/sujetador-modelo-marivi\/#primaryimage"},"image":{"@id":"https:\/\/rosanacl.com\/producto\/sujetador-modelo-marivi\/#primaryimage"},"thumbnailUrl":"https:\/\/rosanacl.com\/wp-content\/uploads\/2025\/04\/Sujetador-modelo-Marivi-000001.webp","datePublished":"2025-04-29T18:02:47+00:00","dateModified":"2026-04-15T13:03:39+00:00","breadcrumb":{"@id":"https:\/\/rosanacl.com\/producto\/sujetador-modelo-marivi\/#breadcrumb"},"inLanguage":"ro-RO","potentialAction":[{"@type":"ReadAction","target":["https:\/\/rosanacl.com\/producto\/sujetador-modelo-marivi\/"]}]},{"@type":"ImageObject","inLanguage":"ro-RO","@id":"https:\/\/rosanacl.com\/producto\/sujetador-modelo-marivi\/#primaryimage","url":"https:\/\/rosanacl.com\/wp-content\/uploads\/2025\/04\/Sujetador-modelo-Marivi-000001.webp","contentUrl":"https:\/\/rosanacl.com\/wp-content\/uploads\/2025\/04\/Sujetador-modelo-Marivi-000001.webp","width":1000,"height":1000},{"@type":"BreadcrumbList","@id":"https:\/\/rosanacl.com\/producto\/sujetador-modelo-marivi\/#breadcrumb","itemListElement":[{"@type":"ListItem","position":1,"name":"Portada","item":"https:\/\/rosanacl.com\/ca\/"},{"@type":"ListItem","position":2,"name":"Tienda","item":"https:\/\/rosanacl.com\/ca\/tienda\/"},{"@type":"ListItem","position":3,"name":"Sujetador Selene Mariv\u00ed"}]},{"@type":"WebSite","@id":"https:\/\/rosanacl.com\/ca\/#website","url":"https:\/\/rosanacl.com\/ca\/","name":"Rosana CL","description":"Suntem sinele t\u0103u interior","potentialAction":[{"@type":"SearchAction","target":{"@type":"EntryPoint","urlTemplate":"https:\/\/rosanacl.com\/ca\/?s={search_term_string}"},"query-input":{"@type":"PropertyValueSpecification","valueRequired":true,"valueName":"search_term_string"}}],"inLanguage":"ro-RO"}]}},"_links":{"self":[{"href":"https:\/\/rosanacl.com\/ro\/wp-json\/wp\/v2\/product\/809","targetHints":{"allow":["GET"]}}],"collection":[{"href":"https:\/\/rosanacl.com\/ro\/wp-json\/wp\/v2\/product"}],"about":[{"href":"https:\/\/rosanacl.com\/ro\/wp-json\/wp\/v2\/types\/product"}],"replies":[{"embeddable":true,"href":"https:\/\/rosanacl.com\/ro\/wp-json\/wp\/v2\/comments?post=809"}],"version-history":[{"count":5,"href":"https:\/\/rosanacl.com\/ro\/wp-json\/wp\/v2\/product\/809\/revisions"}],"predecessor-version":[{"id":4615,"href":"https:\/\/rosanacl.com\/ro\/wp-json\/wp\/v2\/product\/809\/revisions\/4615"}],"wp:featuredmedia":[{"embeddable":true,"href":"https:\/\/rosanacl.com\/ro\/wp-json\/wp\/v2\/media\/1453"}],"wp:attachment":[{"href":"https:\/\/rosanacl.com\/ro\/wp-json\/wp\/v2\/media?parent=809"}],"wp:term":[{"taxonomy":"product_brand","embeddable":true,"href":"https:\/\/rosanacl.com\/ro\/wp-json\/wp\/v2\/product_brand?post=809"},{"taxonomy":"product_cat","embeddable":true,"href":"https:\/\/rosanacl.com\/ro\/wp-json\/wp\/v2\/product_cat?post=809"},{"taxonomy":"product_tag","embeddable":true,"href":"https:\/\/rosanacl.com\/ro\/wp-json\/wp\/v2\/product_tag?post=809"}],"curies":[{"name":"wp","href":"https:\/\/api.w.org\/{rel}","templated":true}]}}