{"id":16,"date":"2025-03-28T15:59:16","date_gmt":"2025-03-28T18:59:16","guid":{"rendered":"https:\/\/innovacon.simplificandotuweb.com\/?page_id=16"},"modified":"2025-07-09T08:54:15","modified_gmt":"2025-07-09T06:54:15","slug":"politica-de-cookies","status":"publish","type":"page","link":"https:\/\/rosanacl.com\/sk\/politica-de-cookies\/","title":{"rendered":"Z\u00e1sady pou\u017e\u00edvania s\u00faborov cookie"},"content":{"rendered":"<div data-elementor-type=\"wp-page\" data-elementor-id=\"16\" class=\"elementor elementor-16\" data-elementor-post-type=\"page\">\n\t\t\t\t<div class=\"elementor-element elementor-element-3406fa7 e-flex e-con-boxed e-con e-parent\" data-id=\"3406fa7\" data-element_type=\"container\" data-e-type=\"container\" data-settings=\"{&quot;background_background&quot;:&quot;classic&quot;}\">\n\t\t\t\t\t<div class=\"e-con-inner\">\n\t\t<div class=\"elementor-element elementor-element-d212998 e-con-full e-flex e-con e-child\" data-id=\"d212998\" data-element_type=\"container\" data-e-type=\"container\">\n\t\t\t\t<div class=\"elementor-element elementor-element-973e9ce elementor-widget elementor-widget-heading\" data-id=\"973e9ce\" data-element_type=\"widget\" data-e-type=\"widget\" data-widget_type=\"heading.default\">\n\t\t\t\t<div class=\"elementor-widget-container\">\n\t\t\t\t\t<h2 class=\"elementor-heading-title elementor-size-default\">Z\u00e1sady pou\u017e\u00edvania s\u00faborov cookie<\/h2>\t\t\t\t<\/div>\n\t\t\t\t<\/div>\n\t\t\t\t<\/div>\n\t\t\t\t\t<\/div>\n\t\t\t\t<\/div>\n\t\t<div class=\"elementor-element elementor-element-504b4f4d e-flex e-con-boxed e-con e-parent\" data-id=\"504b4f4d\" data-element_type=\"container\" data-e-type=\"container\">\n\t\t\t\t\t<div class=\"e-con-inner\">\n\t\t\t\t<div class=\"elementor-element elementor-element-36706845 elementor-widget elementor-widget-text-editor\" data-id=\"36706845\" data-element_type=\"widget\" data-e-type=\"widget\" data-widget_type=\"text-editor.default\">\n\t\t\t\t<div class=\"elementor-widget-container\">\n\t\t\t\t\t\t\t\t\t\n<p>Tieto Z\u00e1sady pou\u017e\u00edvania s\u00faborov cookie boli naposledy aktualizovan\u00e9 8. janu\u00e1ra 2024 a vz\u0165ahuj\u00fa sa na ob\u010danov a osoby s trval\u00fdm pobytom v Eur\u00f3pskom hospod\u00e1rskom priestore a \u0160vaj\u010diarsku.<\/p>\n\n<p><strong>1. \u00davod<\/strong><\/p>\n\n<p>Na\u0161a webov\u00e1 str\u00e1nka, <a href=\"https:\/\/rosanacl.com\/sk\/\">https:\/\/rosanacl.com\/<\/a> (\u010falej len \u201ewebov\u00e1 str\u00e1nka\u201c) pou\u017e\u00edva s\u00fabory cookie a \u010fal\u0161ie s\u00favisiace technol\u00f3gie (pre lep\u0161iu orient\u00e1ciu sa v\u0161etky technol\u00f3gie ozna\u010duj\u00fa ako \u201es\u00fabory cookie\u201c). S\u00fabory cookie umiest\u0148uj\u00fa aj tretie strany, s ktor\u00fdmi m\u00e1me zmluvu. Nasleduj\u00faci dokument v\u00e1s informuje o pou\u017e\u00edvan\u00ed s\u00faborov cookie na na\u0161ej webovej str\u00e1nke.<\/p>\n\n<p><strong>2. \u010co s\u00fa s\u00fabory cookie?<\/strong><\/p>\n\n<p>S\u00fabor cookie je mal\u00fd s\u00fabor, ktor\u00fd sa odosiela spolu so str\u00e1nkami tejto webovej str\u00e1nky a v\u00e1\u0161 prehliada\u010d ho uklad\u00e1 na pevn\u00fd disk v\u00e1\u0161ho po\u010d\u00edta\u010da alebo in\u00e9ho zariadenia. Ulo\u017een\u00e9 inform\u00e1cie sa m\u00f4\u017eu po\u010das \u010fal\u0161ej n\u00e1v\u0161tevy vr\u00e1ti\u0165 na na\u0161e servery alebo na pr\u00edslu\u0161n\u00e9 servery tret\u00edch str\u00e1n.<\/p>\n\n<p><strong>3. \u010co s\u00fa to skripty?<\/strong><\/p>\n\n<p>Skript je kus programov\u00e9ho k\u00f3du, ktor\u00fd sa pou\u017e\u00edva na spr\u00e1vne a interakt\u00edvne fungovanie na\u0161ej webovej str\u00e1nky. Tento k\u00f3d be\u017e\u00ed na na\u0161om serveri alebo na va\u0161om zariaden\u00ed.<\/p>\n\n<p><strong>4. \u010co je webov\u00fd maj\u00e1k?<\/strong><\/p>\n\n<p>Webov\u00fd maj\u00e1k (alebo pixelov\u00fd tag) je mal\u00fd, nevidite\u013en\u00fd kus textu alebo obr\u00e1zka na webovej str\u00e1nke, ktor\u00fd sa pou\u017e\u00edva na monitorovanie n\u00e1v\u0161tevnosti webov\u00fdch str\u00e1nok. Na tento \u00fa\u010del sa pomocou t\u00fdchto webov\u00fdch maj\u00e1kov ukladaj\u00fa r\u00f4zne \u00fadaje o v\u00e1s.<\/p>\n\n<p><strong>5. S\u00fabory cookie<\/strong><\/p>\n\n<p><strong>5.1 Technick\u00e9 alebo funk\u010dn\u00e9 s\u00fabory cookie<\/strong><\/p>\n\n<p>Niektor\u00e9 s\u00fabory cookie zabezpe\u010duj\u00fa spr\u00e1vne fungovanie ur\u010dit\u00fdch \u010dast\u00ed webovej str\u00e1nky a zachovanie va\u0161ich pou\u017e\u00edvate\u013esk\u00fdch preferenci\u00ed. Umiestnen\u00edm funk\u010dn\u00fdch s\u00faborov cookie v\u00e1m u\u013eah\u010dujeme n\u00e1v\u0161tevu na\u0161ej webovej str\u00e1nky. T\u00fdmto sp\u00f4sobom nemus\u00edte pri n\u00e1v\u0161teve na\u0161ej webovej str\u00e1nky opakovane zad\u00e1va\u0165 tie ist\u00e9 inform\u00e1cie a napr\u00edklad polo\u017eky zostan\u00fa vo va\u0161om n\u00e1kupnom ko\u0161\u00edku, k\u00fdm nezaplat\u00edte. Tieto s\u00fabory cookie m\u00f4\u017eeme umiestni\u0165 bez v\u00e1\u0161ho s\u00fahlasu.<\/p>\n\n<p><strong>5.2 Marketingov\u00e9\/sledovacie s\u00fabory cookie<\/strong><\/p>\n\n<p>Marketingov\u00e9\/sledovacie s\u00fabory cookie s\u00fa s\u00fabory cookie alebo in\u00e9 formy lok\u00e1lneho \u00falo\u017eiska pou\u017e\u00edvan\u00e9 na vytv\u00e1ranie pou\u017e\u00edvate\u013esk\u00fdch profilov za \u00fa\u010delom zobrazovania reklamy alebo sledovania pou\u017e\u00edvate\u013eov na tejto webovej str\u00e1nke alebo na viacer\u00fdch webov\u00fdch str\u00e1nkach na podobn\u00e9 marketingov\u00e9 \u00fa\u010dely.<\/p>\n\n<p><strong>6. Pou\u017e\u00edvan\u00e9 s\u00fabory cookie<\/strong><\/p>\n\n<ul class=\"wp-block-list\">\n<li>Elementor \u2013 \u0160tatistika (anonymne)<\/li>\n<li>S\u00fahlas so slu\u017ebou elementor<\/li>\n<li>WordPress \u2013 Funk\u010dn\u00fd<\/li>\n<li>S\u00fahlas so slu\u017ebou WordPress<\/li>\n<li>R\u00f4zne \u2013 \u00da\u010del v o\u010dak\u00e1van\u00ed vy\u0161etrovania<\/li>\n<li>S\u00fahlas s poskytovan\u00edm r\u00f4znych slu\u017eieb<\/li>\n<\/ul>\n\n<p><strong>7. S\u00fahlas<\/strong><\/p>\n\n<p>Ke\u010f prv\u00fdkr\u00e1t nav\u0161t\u00edvite na\u0161u webov\u00fa str\u00e1nku, zobraz\u00ed sa v\u00e1m kontextov\u00e9 okno s vysvetlen\u00edm s\u00faborov cookie. Kliknut\u00edm na tla\u010didlo \u201eUlo\u017ei\u0165 nastavenia\u201c s\u00fahlas\u00edte s pou\u017e\u00edvan\u00edm kateg\u00f3ri\u00ed s\u00faborov cookie a doplnkov, ktor\u00e9 ste vybrali vo vyskakovacom okne, ako je pop\u00edsan\u00e9 v t\u00fdchto z\u00e1sad\u00e1ch pou\u017e\u00edvania s\u00faborov cookie. Pou\u017e\u00edvanie s\u00faborov cookie m\u00f4\u017eete zak\u00e1za\u0165 prostredn\u00edctvom prehliada\u010da, ale upozor\u0148ujeme, \u017ee na\u0161a webov\u00e1 str\u00e1nka u\u017e nemus\u00ed spr\u00e1vne fungova\u0165.<\/p>\n\n<p><strong>7.1 Spravujte nastavenia s\u00fahlasu<\/strong><\/p>\n\n<ul class=\"wp-block-list\">\n<li>Funk\u010dn\u00fd \u2013 V\u017edy akt\u00edvny<\/li>\n<li>Marketing \u2013 Marketing<\/li>\n<\/ul>\n\n<p><strong>8. Aktiv\u00e1cia\/deaktiv\u00e1cia a vymazanie s\u00faborov cookie<\/strong><\/p>\n\n<p>Pomocou internetov\u00e9ho prehliada\u010da m\u00f4\u017eete automaticky alebo manu\u00e1lne vymaza\u0165 s\u00fabory cookie. M\u00f4\u017eete tie\u017e ur\u010di\u0165, \u017ee ur\u010dit\u00e9 s\u00fabory cookie sa nesm\u00fa umiest\u0148ova\u0165. \u010eal\u0161ou mo\u017enos\u0165ou je zmeni\u0165 nastavenia internetov\u00e9ho prehliada\u010da tak, aby ste pri ka\u017edom umiestnen\u00ed s\u00faboru cookie dost\u00e1vali spr\u00e1vu. \u010eal\u0161ie inform\u00e1cie o t\u00fdchto mo\u017enostiach n\u00e1jdete v pokynoch v sekcii \u201ePomocn\u00edk\u201c vo va\u0161om prehliada\u010di.<\/p>\n\n<p>Upozor\u0148ujeme, \u017ee na\u0161a webov\u00e1 str\u00e1nka nemus\u00ed fungova\u0165 spr\u00e1vne, ak s\u00fa v\u0161etky s\u00fabory cookie zak\u00e1zan\u00e9. Ak s\u00fabory cookie odstr\u00e1nite z prehliada\u010da, bud\u00fa po va\u0161ej op\u00e4tovnej n\u00e1v\u0161teve na\u0161ich webov\u00fdch str\u00e1nok po va\u0161om s\u00fahlase znova umiestnen\u00e9.<\/p>\n\n<p><strong>9. Va\u0161e pr\u00e1va t\u00fdkaj\u00face sa osobn\u00fdch \u00fadajov<\/strong><\/p>\n\n<ul class=\"wp-block-list\">\n<li>M\u00e1te pr\u00e1vo vedie\u0165, pre\u010do s\u00fa va\u0161e osobn\u00e9 \u00fadaje potrebn\u00e9, \u010do sa s nimi stane a ako dlho bud\u00fa uchov\u00e1van\u00e9.<\/li>\n<li>Pr\u00e1vo na pr\u00edstup: M\u00e1te pr\u00e1vo na pr\u00edstup k va\u0161im osobn\u00fdm \u00fadajom, ktor\u00e9 m\u00e1me k dispoz\u00edcii.<\/li>\n<li>Pr\u00e1vo na opravu: M\u00e1te pr\u00e1vo kedyko\u013evek doplni\u0165, opravi\u0165, vymaza\u0165 alebo zablokova\u0165 svoje osobn\u00e9 \u00fadaje.<\/li>\n<li>Ak n\u00e1m udel\u00edte s\u00fahlas so spracovan\u00edm va\u0161ich \u00fadajov, m\u00e1te pr\u00e1vo tento s\u00fahlas odvola\u0165 a po\u017eiada\u0165 o vymazanie va\u0161ich osobn\u00fdch \u00fadajov.<\/li>\n<li>Pr\u00e1vo na prenosnos\u0165 va\u0161ich \u00fadajov: M\u00e1te pr\u00e1vo vy\u017eiada\u0165 si od prev\u00e1dzkovate\u013ea v\u0161etky va\u0161e osobn\u00e9 \u00fadaje a prenies\u0165 ich v celom rozsahu k in\u00e9mu prev\u00e1dzkovate\u013eovi.<\/li>\n<li>Pr\u00e1vo namieta\u0165: M\u00f4\u017eete namieta\u0165 proti spracovaniu va\u0161ich \u00fadajov. Va\u0161e namietanie budeme dodr\u017eiava\u0165, pokia\u013e nebud\u00fa existova\u0165 opodstatnen\u00e9 d\u00f4vody na spracovanie.<\/li>\n<\/ul>\n\n<p>Ak chcete uplatni\u0165 tieto pr\u00e1va, kontaktujte n\u00e1s. Kontaktn\u00e9 \u00fadaje n\u00e1jdete v dolnej \u010dasti t\u00fdchto z\u00e1sad pou\u017e\u00edvania s\u00faborov cookie. Ak m\u00e1te ak\u00e9ko\u013evek s\u0165a\u017enosti t\u00fdkaj\u00face sa sp\u00f4sobu, ak\u00fdm naklad\u00e1me s va\u0161imi \u00fadajmi, radi by sme od v\u00e1s po\u010duli, ale m\u00e1te tie\u017e pr\u00e1vo poda\u0165 s\u0165a\u017enos\u0165 dozorn\u00e9mu org\u00e1nu (\u00daradu na ochranu \u00fadajov).<\/p>\n\n<p><strong>10. Kontaktn\u00e9 inform\u00e1cie<\/strong><\/p>\n\n<p>V pr\u00edpade ot\u00e1zok a\/alebo pripomienok t\u00fdkaj\u00facich sa na\u0161ich z\u00e1sad pou\u017e\u00edvania s\u00faborov cookie a tohto vyhl\u00e1senia n\u00e1s pros\u00edm kontaktujte pomocou nasleduj\u00facich kontaktn\u00fdch \u00fadajov:<\/p>\n\n<ul class=\"wp-block-list\">\n<li>Spolo\u010dnos\u0165: Pablo Angulo Maspons<\/li>\n<li>Po\u010det obyvate\u013eov: Vinaroz, \u0160panielsko<\/li>\n<li>Telef\u00f3n: 613395013<\/li>\n<li>Po\u0161ta:<a href=\"mailto:info@rosanacl.com\"> info@rosanacl.com<\/a>\u00a0<\/li>\n<\/ul>\n\n<p>Tieto z\u00e1sady pou\u017e\u00edvania s\u00faborov cookie boli synchronizovan\u00e9 s <a href=\"https:\/\/cookiedatabase.org\">s\u00fabory cookiedatabase.org<\/a> d\u0148a 01.08.2024.<\/p>\n\n<p>\u00a0<\/p>\t\t\t\t\t\t\t\t<\/div>\n\t\t\t\t<\/div>\n\t\t\t\t\t<\/div>\n\t\t\t\t<\/div>\n\t\t\t\t<\/div>","protected":false},"excerpt":{"rendered":"<p>Esta pol\u00edtica de cookies fue actualizada por \u00faltima vez el 08\/01\/2024 y se aplica a los ciudadanos y residentes legales permanentes del Espacio Econ\u00f3mico Europeo y Suiza. 1. Introducci\u00f3n Nuestra web, https:\/\/rosanacl.com\/ (en adelante: \u00abla web\u00bb) utiliza cookies y otras tecnolog\u00edas relacionadas (para mayor comodidad, todas las tecnolog\u00edas se denominan \u00abcookies\u00bb). Las cookies tambi\u00e9n son [&hellip;]<\/p>\n","protected":false},"author":1,"featured_media":0,"parent":0,"menu_order":0,"comment_status":"closed","ping_status":"closed","template":"","meta":{"content-type":"","footnotes":""},"class_list":["post-16","page","type-page","status-publish","hentry"],"yoast_head":"<!-- This site is optimized with the Yoast SEO plugin v27.4 - https:\/\/yoast.com\/product\/yoast-seo-wordpress\/ -->\n<title>Pol\u00edtica de Cookies - Rosana CL<\/title>\n<meta name=\"robots\" content=\"index, follow, max-snippet:-1, max-image-preview:large, max-video-preview:-1\" \/>\n<link rel=\"canonical\" href=\"https:\/\/rosanacl.com\/sk\/politica-de-cookies\/\" \/>\n<meta property=\"og:locale\" content=\"sk_SK\" \/>\n<meta property=\"og:type\" content=\"article\" \/>\n<meta property=\"og:title\" content=\"Pol\u00edtica de Cookies - Rosana CL\" \/>\n<meta property=\"og:description\" content=\"Esta pol\u00edtica de cookies fue actualizada por \u00faltima vez el 08\/01\/2024 y se aplica a los ciudadanos y residentes legales permanentes del Espacio Econ\u00f3mico Europeo y Suiza. 1. Introducci\u00f3n Nuestra web, https:\/\/rosanacl.com\/ (en adelante: \u00abla web\u00bb) utiliza cookies y otras tecnolog\u00edas relacionadas (para mayor comodidad, todas las tecnolog\u00edas se denominan \u00abcookies\u00bb). Las cookies tambi\u00e9n son [&hellip;]\" \/>\n<meta property=\"og:url\" content=\"https:\/\/rosanacl.com\/sk\/politica-de-cookies\/\" \/>\n<meta property=\"og:site_name\" content=\"Rosana CL\" \/>\n<meta property=\"article:modified_time\" content=\"2025-07-09T06:54:15+00:00\" \/>\n<meta name=\"twitter:card\" content=\"summary_large_image\" \/>\n<meta name=\"twitter:label1\" content=\"Predpokladan\u00fd \u010das \u010d\u00edtania\" \/>\n\t<meta name=\"twitter:data1\" content=\"4 min\u00faty\" \/>\n<script type=\"application\/ld+json\" class=\"yoast-schema-graph\">{\"@context\":\"https:\\\/\\\/schema.org\",\"@graph\":[{\"@type\":\"WebPage\",\"@id\":\"https:\\\/\\\/rosanacl.com\\\/eu\\\/politica-de-cookies\\\/\",\"url\":\"https:\\\/\\\/rosanacl.com\\\/eu\\\/politica-de-cookies\\\/\",\"name\":\"Pol\u00edtica de Cookies - Rosana CL\",\"isPartOf\":{\"@id\":\"https:\\\/\\\/rosanacl.com\\\/ca\\\/#website\"},\"datePublished\":\"2025-03-28T18:59:16+00:00\",\"dateModified\":\"2025-07-09T06:54:15+00:00\",\"breadcrumb\":{\"@id\":\"https:\\\/\\\/rosanacl.com\\\/eu\\\/politica-de-cookies\\\/#breadcrumb\"},\"inLanguage\":\"sk-SK\",\"potentialAction\":[{\"@type\":\"ReadAction\",\"target\":[\"https:\\\/\\\/rosanacl.com\\\/eu\\\/politica-de-cookies\\\/\"]}]},{\"@type\":\"BreadcrumbList\",\"@id\":\"https:\\\/\\\/rosanacl.com\\\/eu\\\/politica-de-cookies\\\/#breadcrumb\",\"itemListElement\":[{\"@type\":\"ListItem\",\"position\":1,\"name\":\"Portada\",\"item\":\"https:\\\/\\\/rosanacl.com\\\/ca\\\/\"},{\"@type\":\"ListItem\",\"position\":2,\"name\":\"Pol\u00edtica de Cookies\"}]},{\"@type\":\"WebSite\",\"@id\":\"https:\\\/\\\/rosanacl.com\\\/ca\\\/#website\",\"url\":\"https:\\\/\\\/rosanacl.com\\\/ca\\\/\",\"name\":\"Rosana CL\",\"description\":\"Somos tu interior\",\"potentialAction\":[{\"@type\":\"SearchAction\",\"target\":{\"@type\":\"EntryPoint\",\"urlTemplate\":\"https:\\\/\\\/rosanacl.com\\\/ca\\\/?s={search_term_string}\"},\"query-input\":{\"@type\":\"PropertyValueSpecification\",\"valueRequired\":true,\"valueName\":\"search_term_string\"}}],\"inLanguage\":\"sk-SK\"}]}<\/script>\n<!-- \/ Yoast SEO plugin. -->","yoast_head_json":{"title":"Pol\u00edtica de Cookies - Rosana CL","robots":{"index":"index","follow":"follow","max-snippet":"max-snippet:-1","max-image-preview":"max-image-preview:large","max-video-preview":"max-video-preview:-1"},"canonical":"https:\/\/rosanacl.com\/sk\/politica-de-cookies\/","og_locale":"sk_SK","og_type":"article","og_title":"Pol\u00edtica de Cookies - Rosana CL","og_description":"Esta pol\u00edtica de cookies fue actualizada por \u00faltima vez el 08\/01\/2024 y se aplica a los ciudadanos y residentes legales permanentes del Espacio Econ\u00f3mico Europeo y Suiza. 1. Introducci\u00f3n Nuestra web, https:\/\/rosanacl.com\/ (en adelante: \u00abla web\u00bb) utiliza cookies y otras tecnolog\u00edas relacionadas (para mayor comodidad, todas las tecnolog\u00edas se denominan \u00abcookies\u00bb). Las cookies tambi\u00e9n son [&hellip;]","og_url":"https:\/\/rosanacl.com\/sk\/politica-de-cookies\/","og_site_name":"Rosana CL","article_modified_time":"2025-07-09T06:54:15+00:00","twitter_card":"summary_large_image","twitter_misc":{"Predpokladan\u00fd \u010das \u010d\u00edtania":"4 min\u00faty"},"schema":{"@context":"https:\/\/schema.org","@graph":[{"@type":"WebPage","@id":"https:\/\/rosanacl.com\/eu\/politica-de-cookies\/","url":"https:\/\/rosanacl.com\/eu\/politica-de-cookies\/","name":"Pol\u00edtica de Cookies - Rosana CL","isPartOf":{"@id":"https:\/\/rosanacl.com\/ca\/#website"},"datePublished":"2025-03-28T18:59:16+00:00","dateModified":"2025-07-09T06:54:15+00:00","breadcrumb":{"@id":"https:\/\/rosanacl.com\/eu\/politica-de-cookies\/#breadcrumb"},"inLanguage":"sk-SK","potentialAction":[{"@type":"ReadAction","target":["https:\/\/rosanacl.com\/eu\/politica-de-cookies\/"]}]},{"@type":"BreadcrumbList","@id":"https:\/\/rosanacl.com\/eu\/politica-de-cookies\/#breadcrumb","itemListElement":[{"@type":"ListItem","position":1,"name":"Portada","item":"https:\/\/rosanacl.com\/ca\/"},{"@type":"ListItem","position":2,"name":"Pol\u00edtica de Cookies"}]},{"@type":"WebSite","@id":"https:\/\/rosanacl.com\/ca\/#website","url":"https:\/\/rosanacl.com\/ca\/","name":"Rosana CL","description":"Sme tvoje vn\u00fatorn\u00e9 ja","potentialAction":[{"@type":"SearchAction","target":{"@type":"EntryPoint","urlTemplate":"https:\/\/rosanacl.com\/ca\/?s={search_term_string}"},"query-input":{"@type":"PropertyValueSpecification","valueRequired":true,"valueName":"search_term_string"}}],"inLanguage":"sk-SK"}]}},"_links":{"self":[{"href":"https:\/\/rosanacl.com\/sk\/wp-json\/wp\/v2\/pages\/16","targetHints":{"allow":["GET"]}}],"collection":[{"href":"https:\/\/rosanacl.com\/sk\/wp-json\/wp\/v2\/pages"}],"about":[{"href":"https:\/\/rosanacl.com\/sk\/wp-json\/wp\/v2\/types\/page"}],"author":[{"embeddable":true,"href":"https:\/\/rosanacl.com\/sk\/wp-json\/wp\/v2\/users\/1"}],"replies":[{"embeddable":true,"href":"https:\/\/rosanacl.com\/sk\/wp-json\/wp\/v2\/comments?post=16"}],"version-history":[{"count":0,"href":"https:\/\/rosanacl.com\/sk\/wp-json\/wp\/v2\/pages\/16\/revisions"}],"wp:attachment":[{"href":"https:\/\/rosanacl.com\/sk\/wp-json\/wp\/v2\/media?parent=16"}],"curies":[{"name":"wp","href":"https:\/\/api.w.org\/{rel}","templated":true}]}}