{"id":18,"date":"2025-03-28T16:03:06","date_gmt":"2025-03-28T19:03:06","guid":{"rendered":"https:\/\/innovacon.simplificandotuweb.com\/?page_id=18"},"modified":"2025-08-01T14:33:36","modified_gmt":"2025-08-01T12:33:36","slug":"aviso-legal","status":"publish","type":"page","link":"https:\/\/rosanacl.com\/sk\/aviso-legal\/","title":{"rendered":"Pr\u00e1vne upozornenie"},"content":{"rendered":"<div data-elementor-type=\"wp-page\" data-elementor-id=\"18\" class=\"elementor elementor-18\" data-elementor-post-type=\"page\">\n\t\t\t\t<div class=\"elementor-element elementor-element-1f18319 e-flex e-con-boxed e-con e-parent\" data-id=\"1f18319\" data-element_type=\"container\" data-e-type=\"container\" data-settings=\"{&quot;background_background&quot;:&quot;classic&quot;}\">\n\t\t\t\t\t<div class=\"e-con-inner\">\n\t\t<div class=\"elementor-element elementor-element-c2acaab e-con-full e-flex e-con e-child\" data-id=\"c2acaab\" data-element_type=\"container\" data-e-type=\"container\">\n\t\t\t\t<div class=\"elementor-element elementor-element-6f29856 elementor-widget elementor-widget-heading\" data-id=\"6f29856\" data-element_type=\"widget\" data-e-type=\"widget\" data-widget_type=\"heading.default\">\n\t\t\t\t<div class=\"elementor-widget-container\">\n\t\t\t\t\t<h2 class=\"elementor-heading-title elementor-size-default\">Pr\u00e1vne upozornenie<\/h2>\t\t\t\t<\/div>\n\t\t\t\t<\/div>\n\t\t\t\t<\/div>\n\t\t\t\t\t<\/div>\n\t\t\t\t<\/div>\n\t\t<div class=\"elementor-element elementor-element-7b2ac5e6 e-flex e-con-boxed e-con e-parent\" data-id=\"7b2ac5e6\" data-element_type=\"container\" data-e-type=\"container\">\n\t\t\t\t\t<div class=\"e-con-inner\">\n\t\t\t\t<div class=\"elementor-element elementor-element-2e23d7df elementor-widget elementor-widget-text-editor\" data-id=\"2e23d7df\" data-element_type=\"widget\" data-e-type=\"widget\" data-widget_type=\"text-editor.default\">\n\t\t\t\t<div class=\"elementor-widget-container\">\n\t\t\t\t\t\t\t\t\t\n<p><strong>Prev\u00e1dzkovate\u013e \u00fadajov<\/strong><\/p>\n\n<p>V s\u00falade s informa\u010dnou povinnos\u0165ou stanovenou z\u00e1konom \u010d. 34\/2002 z 11. j\u00fala o slu\u017eb\u00e1ch informa\u010dnej spolo\u010dnosti a elektronickom obchode v\u00e1s informujeme, \u017ee t\u00fato webov\u00fa str\u00e1nku vlastn\u00ed:<\/p>\n\n<ul class=\"wp-block-list\">\n<li>Spolo\u010dnos\u0165: Pablo Angulo Maspons<\/li>\n<li>NIF: 73394866A<\/li>\n<li>Po\u010det obyvate\u013eov: Vinaroz, \u0160panielsko<\/li>\n<li>Telef\u00f3n: 613395013<\/li>\n<li>Po\u0161ta: <a href=\"mailto:info@rosanacl.com\">info@rosanacl.com<\/a><a href=\"mailto:info@rosanacl.com\">\u00a0<\/a><\/li>\n<\/ul>\n\n<p><strong>Objekt<\/strong><\/p>\n\n<p>Prev\u00e1dzkovate\u013e spr\u00edstup\u0148uje tento dokument pou\u017e\u00edvate\u013eom s cie\u013eom dodr\u017eiava\u0165 ustanovenia platn\u00fdch predpisov o ochrane \u00fadajov a v kontexte nov\u00e9ho regula\u010dn\u00e9ho r\u00e1mca stanoven\u00e9ho na z\u00e1klade ustanoven\u00ed nariadenia Eur\u00f3pskeho parlamentu a Rady (E\u00da) 2016\/679 z 27. apr\u00edla 2016 o ochrane fyzick\u00fdch os\u00f4b pri sprac\u00favan\u00ed osobn\u00fdch \u00fadajov a o vo\u013enom pohybe tak\u00fdchto \u00fadajov (\u010falej len \u201eGDPR\u201c) a vn\u00fatro\u0161t\u00e1tnych predpisov o ochrane osobn\u00fdch \u00fadajov, ako aj informova\u0165 v\u0161etk\u00fdch pou\u017e\u00edvate\u013eov webovej str\u00e1nky o podmienkach jej pou\u017e\u00edvania. Ka\u017ed\u00e1 osoba, ktor\u00e1 pristupuje na t\u00fato webov\u00fa str\u00e1nku, preber\u00e1 \u00falohu pou\u017e\u00edvate\u013ea a zav\u00e4zuje sa dodr\u017eiava\u0165 a pr\u00edsne dodr\u017eiava\u0165 ustanovenia uveden\u00e9 v tomto dokumente, ako aj ak\u00e9ko\u013evek in\u00e9 platn\u00e9 pr\u00e1vne predpisy. Prev\u00e1dzkovate\u013e si vyhradzuje pr\u00e1vo zmeni\u0165 ak\u00fdko\u013evek typ inform\u00e1ci\u00ed, ktor\u00e9 sa m\u00f4\u017eu objavi\u0165 na webovej str\u00e1nke, bez toho, aby bol povinn\u00fd o t\u00fdchto povinnostiach informova\u0165 pou\u017e\u00edvate\u013eov, pri\u010dom zverejnenie na webovej str\u00e1nke prev\u00e1dzkovate\u013ea sa pova\u017euje za posta\u010duj\u00face.<\/p>\n\n<p><strong>Zodpovednos\u0165<\/strong><\/p>\n\n<p>Prev\u00e1dzkovate\u013e sa zrieka akejko\u013evek zodpovednosti vypl\u00fdvaj\u00facej z inform\u00e1ci\u00ed zverejnen\u00fdch na jeho webovej str\u00e1nke, za predpokladu, \u017ee tieto inform\u00e1cie boli upraven\u00e9 alebo vlo\u017een\u00e9 tre\u0165ou stranou inou ako Prev\u00e1dzkovate\u013e.<\/p>\n\n<p><strong>IP adresy<\/strong><\/p>\n\n<p>Webov\u00e9 servery automaticky zistia IP adresu a n\u00e1zov dom\u00e9ny, ktor\u00e9 pou\u017e\u00edva pou\u017e\u00edvate\u013e. IP adresa je \u010d\u00edslo automaticky priraden\u00e9 po\u010d\u00edta\u010du, ke\u010f sa pripoj\u00ed na internet. V\u0161etky tieto inform\u00e1cie sa zaznamen\u00e1vaj\u00fa v riadne registrovanom protokole aktivity servera, ktor\u00fd umo\u017e\u0148uje n\u00e1sledn\u00e9 spracovanie \u00fadajov na z\u00edskanie \u010disto \u0161tatistick\u00fdch meran\u00ed, ako je po\u010det zobrazen\u00ed str\u00e1nok, po\u010det n\u00e1v\u0161tev webov\u00fdch serverov, poradie n\u00e1v\u0161tev, pr\u00edstupov\u00fd bod at\u010f.<\/p>\n\n<p><strong>Z\u00e1sady pre odkazy<\/strong><\/p>\n\n<p>Z tejto webovej str\u00e1nky m\u00f4\u017eete by\u0165 presmerovan\u00ed na obsah webov\u00fdch str\u00e1nok tret\u00edch str\u00e1n. Ke\u010f\u017ee prev\u00e1dzkovate\u013e nem\u00f4\u017ee v\u017edy kontrolova\u0165 obsah zverejnen\u00fd tret\u00edmi stranami na svojich webov\u00fdch str\u00e1nkach, nepreber\u00e1 za tak\u00fdto obsah \u017eiadnu zodpovednos\u0165. V ka\u017edom pr\u00edpade prev\u00e1dzkovate\u013e vyhlasuje, \u017ee okam\u017eite odstr\u00e1ni ak\u00fdko\u013evek obsah, ktor\u00fd m\u00f4\u017ee poru\u0161ova\u0165 vn\u00fatro\u0161t\u00e1tne alebo medzin\u00e1rodn\u00e9 pr\u00e1vne predpisy, mor\u00e1lku alebo verejn\u00fd poriadok, a okam\u017eite odstr\u00e1ni presmerovanie na t\u00fato webov\u00fa str\u00e1nku a bude o danom obsahu informova\u0165 pr\u00edslu\u0161n\u00e9 org\u00e1ny. Prev\u00e1dzkovate\u013e nezodpoved\u00e1 za ulo\u017een\u00e9 inform\u00e1cie a obsah vr\u00e1tane, ale nie v\u00fdlu\u010dne, f\u00f3r, chatov, gener\u00e1torov blogov, koment\u00e1rov, soci\u00e1lnych siet\u00ed alebo ak\u00fdchko\u013evek in\u00fdch prostriedkov, ktor\u00e9 umo\u017e\u0148uj\u00fa tret\u00edm stran\u00e1m nez\u00e1visle publikova\u0165 obsah na webovej str\u00e1nke prev\u00e1dzkovate\u013ea. Av\u0161ak v s\u00falade s ustanoveniami \u010dl. V s\u00falade s \u010dl\u00e1nkami 11 a 16 LSSICE (\u0160panielsky z\u00e1kon o slu\u017eb\u00e1ch informa\u010dnej spolo\u010dnosti) sa prev\u00e1dzkovate\u013e spr\u00edstup\u0148uje v\u0161etk\u00fdm pou\u017e\u00edvate\u013eom, org\u00e1nom a bezpe\u010dnostn\u00fdm zlo\u017ek\u00e1m a akt\u00edvne spolupracuje na odstra\u0148ovan\u00ed alebo pr\u00edpadne blokovan\u00ed v\u0161etk\u00e9ho obsahu, ktor\u00fd m\u00f4\u017ee ovplyvni\u0165 alebo poru\u0161ova\u0165 vn\u00fatro\u0161t\u00e1tne alebo medzin\u00e1rodn\u00e9 pr\u00e1vne predpisy, pr\u00e1va tret\u00edch str\u00e1n alebo mor\u00e1lku a verejn\u00fd poriadok. Ak sa pou\u017e\u00edvate\u013e domnieva, \u017ee na webovej str\u00e1nke sa nach\u00e1dza ak\u00fdko\u013evek obsah, ktor\u00fd by sa dal takto klasifikova\u0165, bezodkladne o tom informujte spr\u00e1vcu webovej str\u00e1nky. T\u00e1to webov\u00e1 str\u00e1nka bola skontrolovan\u00e1 a testovan\u00e1, aby sa zabezpe\u010dila jej spr\u00e1vna prev\u00e1dzka. V z\u00e1sade je mo\u017en\u00e9 zaru\u010di\u0165 jej spr\u00e1vnu prev\u00e1dzku 365 dn\u00ed v roku, 24 hod\u00edn denne. Prev\u00e1dzkovate\u013e v\u0161ak nevylu\u010duje mo\u017enos\u0165 programov\u00fdch ch\u00fdb ani mo\u017enos\u0165, \u017ee sa stan\u00fa pr\u00ed\u010dinou vy\u0161\u0161ej moci, pr\u00edrodn\u00fdch katastrof, \u0161trajkov alebo podobn\u00fdch okolnost\u00ed, ktor\u00e9 znemo\u017enia pr\u00edstup na webov\u00fa str\u00e1nku.<\/p>\n\n<p><strong>Ochrana \u00fadajov<\/strong><\/p>\n\n<p>Prev\u00e1dzkovate\u013e je hlboko odhodlan\u00fd dodr\u017eiava\u0165 ustanovenia s\u00fa\u010dasn\u00fdch predpisov o ochrane \u00fadajov a v kontexte nov\u00e9ho regula\u010dn\u00e9ho r\u00e1mca stanoven\u00e9ho na z\u00e1klade ustanoven\u00ed nariadenia Eur\u00f3pskeho parlamentu a Rady (E\u00da) 2016\/679 z 27. apr\u00edla 2016 o ochrane fyzick\u00fdch os\u00f4b pri spracovan\u00ed osobn\u00fdch \u00fadajov a o vo\u013enom pohybe tak\u00fdchto \u00fadajov (\u010falej len \u201eGDPR\u201c) a vn\u00fatro\u0161t\u00e1tnych predpisov o ochrane osobn\u00fdch \u00fadajov. Prev\u00e1dzkovate\u013e taktie\u017e informuje, \u017ee dodr\u017eiava z\u00e1kon \u010d. 34\/2002 z 11. j\u00fala o slu\u017eb\u00e1ch informa\u010dnej spolo\u010dnosti a elektronickom obchode a bude si od v\u00e1s v\u017edy vy\u017eadova\u0165 s\u00fahlas so spracovan\u00edm va\u0161ich \u00fadajov na obchodn\u00e9 \u00fa\u010dely.<\/p>\n\n<p><strong>Du\u0161evn\u00e9 a priemyseln\u00e9 vlastn\u00edctvo<\/strong><\/p>\n\n<p>Webov\u00e1 str\u00e1nka vr\u00e1tane, ale nie v\u00fdlu\u010dne, jej programovania, \u00faprav, zostavovania a \u010fal\u0161\u00edch prvkov potrebn\u00fdch na jej prev\u00e1dzku, dizajnu, log, textu a\/alebo grafiky, s\u00fa majetkom prev\u00e1dzkovate\u013ea alebo, ak je to relevantn\u00e9, maj\u00fa licenciu alebo v\u00fdslovn\u00e9 povolenie od autorov. V\u0161etok obsah na webovej str\u00e1nke je riadne chr\u00e1nen\u00fd predpismi o du\u0161evnom a priemyselnom vlastn\u00edctve. Bez oh\u013eadu na zam\u00fd\u0161\u013ean\u00fd \u00fa\u010del, \u00fapln\u00e1 alebo \u010diasto\u010dn\u00e1 reprodukcia, pou\u017eitie, vyu\u017e\u00edvanie, distrib\u00facia a marketing v\u017edy vy\u017eaduj\u00fa predch\u00e1dzaj\u00faci p\u00edsomn\u00fd s\u00fahlas prev\u00e1dzkovate\u013ea. Ak\u00e9ko\u013evek pou\u017eitie, ktor\u00e9 predt\u00fdm nebolo schv\u00e1len\u00e9 prev\u00e1dzkovate\u013eom, sa bude pova\u017eova\u0165 za z\u00e1va\u017en\u00e9 poru\u0161enie pr\u00e1v du\u0161evn\u00e9ho alebo priemyseln\u00e9ho vlastn\u00edctva autora. Dizajn, log\u00e1, text a\/alebo grafika, ktor\u00e9 nepatria poskytovate\u013eovi a ktor\u00e9 sa m\u00f4\u017eu objavi\u0165 na webovej str\u00e1nke, patria ich pr\u00edslu\u0161n\u00fdm vlastn\u00edkom, ktor\u00ed s\u00fa zodpovedn\u00ed za ak\u00e9ko\u013evek pr\u00edpadn\u00e9 spory, ktor\u00e9 m\u00f4\u017eu v s\u00favislosti s nimi vznikn\u00fa\u0165. V ka\u017edom pr\u00edpade m\u00e1 prev\u00e1dzkovate\u013e jeho v\u00fdslovn\u00e9 predch\u00e1dzaj\u00face povolenie. Prev\u00e1dzkovate\u013e v\u00fdslovne opr\u00e1v\u0148uje tretie strany, aby priamo presmerovali na konkr\u00e9tny obsah na webovej str\u00e1nke a vo v\u0161etk\u00fdch pr\u00edpadoch musia presmerova\u0165 na domovsk\u00fa str\u00e1nku prev\u00e1dzkovate\u013ea. Prev\u00e1dzkovate\u013e uzn\u00e1va zodpovedaj\u00face pr\u00e1va du\u0161evn\u00e9ho a priemyseln\u00e9ho vlastn\u00edctva ich vlastn\u00edkov a ich samotn\u00e9 uvedenie alebo zobrazenie na webovej str\u00e1nke neznamen\u00e1 existenciu pr\u00e1v alebo zodpovednosti Prev\u00e1dzkovate\u013ea nad t\u00fdmito pr\u00e1vami, ani neznamen\u00e1 podporu, sponzorstvo alebo odpor\u00fa\u010danie z ich strany. Pri v\u0161etk\u00fdch obr\u00e1zkoch, kde to grafick\u00fd softv\u00e9r umo\u017e\u0148uje, s\u00fa uveden\u00e9 pr\u00edslu\u0161n\u00e9 odkazy na autorstvo a pr\u00edslu\u0161n\u00fa licenciu. Ak chcete vznies\u0165 ak\u00e9ko\u013evek pripomienky t\u00fdkaj\u00face sa mo\u017en\u00e9ho poru\u0161enia pr\u00e1v du\u0161evn\u00e9ho alebo priemyseln\u00e9ho vlastn\u00edctva, ako aj ak\u00e9hoko\u013evek obsahu webovej str\u00e1nky, m\u00f4\u017eete tak urobi\u0165 prostredn\u00edctvom nasleduj\u00facej e-mailovej adresy: <a href=\"mailto:info@rosanacl.com\">info@rosanacl.com<\/a><\/p>\n\n<p>\u00a0<\/p>\n\t\t\t\t\t\t\t\t<\/div>\n\t\t\t\t<\/div>\n\t\t\t\t\t<\/div>\n\t\t\t\t<\/div>\n\t\t\t\t<\/div>","protected":false},"excerpt":{"rendered":"<p>Responsable del tratamiento de los datos En cumplimiento del deber de informaci\u00f3n que establece la Ley La 34\/2002, de 11 de julio, de Servicios de la Sociedad de la Informaci\u00f3n y del Comercio Electr\u00f3nico, le comunicamos que esta web es titularidad de: Objeto El Responsable pone a disposici\u00f3n de los usuarios este documento con el [&hellip;]<\/p>\n","protected":false},"author":1,"featured_media":0,"parent":0,"menu_order":0,"comment_status":"closed","ping_status":"closed","template":"","meta":{"content-type":"","footnotes":""},"class_list":["post-18","page","type-page","status-publish","hentry"],"yoast_head":"<!-- This site is optimized with the Yoast SEO plugin v27.4 - https:\/\/yoast.com\/product\/yoast-seo-wordpress\/ -->\n<title>Aviso Legal - Rosana CL<\/title>\n<meta name=\"robots\" content=\"index, follow, max-snippet:-1, max-image-preview:large, max-video-preview:-1\" \/>\n<link rel=\"canonical\" href=\"https:\/\/rosanacl.com\/sk\/aviso-legal\/\" \/>\n<meta property=\"og:locale\" content=\"sk_SK\" \/>\n<meta property=\"og:type\" content=\"article\" \/>\n<meta property=\"og:title\" content=\"Aviso Legal - Rosana CL\" \/>\n<meta property=\"og:description\" content=\"Responsable del tratamiento de los datos En cumplimiento del deber de informaci\u00f3n que establece la Ley La 34\/2002, de 11 de julio, de Servicios de la Sociedad de la Informaci\u00f3n y del Comercio Electr\u00f3nico, le comunicamos que esta web es titularidad de: Objeto El Responsable pone a disposici\u00f3n de los usuarios este documento con el [&hellip;]\" \/>\n<meta property=\"og:url\" content=\"https:\/\/rosanacl.com\/sk\/aviso-legal\/\" \/>\n<meta property=\"og:site_name\" content=\"Rosana CL\" \/>\n<meta property=\"article:modified_time\" content=\"2025-08-01T12:33:36+00:00\" \/>\n<meta name=\"twitter:card\" content=\"summary_large_image\" \/>\n<meta name=\"twitter:label1\" content=\"Predpokladan\u00fd \u010das \u010d\u00edtania\" \/>\n\t<meta name=\"twitter:data1\" content=\"6 min\u00fat\" \/>\n<script type=\"application\/ld+json\" class=\"yoast-schema-graph\">{\"@context\":\"https:\\\/\\\/schema.org\",\"@graph\":[{\"@type\":\"WebPage\",\"@id\":\"https:\\\/\\\/rosanacl.com\\\/aviso-legal\\\/\",\"url\":\"https:\\\/\\\/rosanacl.com\\\/aviso-legal\\\/\",\"name\":\"Aviso Legal - Rosana CL\",\"isPartOf\":{\"@id\":\"https:\\\/\\\/rosanacl.com\\\/ca\\\/#website\"},\"datePublished\":\"2025-03-28T19:03:06+00:00\",\"dateModified\":\"2025-08-01T12:33:36+00:00\",\"breadcrumb\":{\"@id\":\"https:\\\/\\\/rosanacl.com\\\/aviso-legal\\\/#breadcrumb\"},\"inLanguage\":\"sk-SK\",\"potentialAction\":[{\"@type\":\"ReadAction\",\"target\":[\"https:\\\/\\\/rosanacl.com\\\/aviso-legal\\\/\"]}]},{\"@type\":\"BreadcrumbList\",\"@id\":\"https:\\\/\\\/rosanacl.com\\\/aviso-legal\\\/#breadcrumb\",\"itemListElement\":[{\"@type\":\"ListItem\",\"position\":1,\"name\":\"Portada\",\"item\":\"https:\\\/\\\/rosanacl.com\\\/ca\\\/\"},{\"@type\":\"ListItem\",\"position\":2,\"name\":\"Aviso Legal\"}]},{\"@type\":\"WebSite\",\"@id\":\"https:\\\/\\\/rosanacl.com\\\/ca\\\/#website\",\"url\":\"https:\\\/\\\/rosanacl.com\\\/ca\\\/\",\"name\":\"Rosana CL\",\"description\":\"Somos tu interior\",\"potentialAction\":[{\"@type\":\"SearchAction\",\"target\":{\"@type\":\"EntryPoint\",\"urlTemplate\":\"https:\\\/\\\/rosanacl.com\\\/ca\\\/?s={search_term_string}\"},\"query-input\":{\"@type\":\"PropertyValueSpecification\",\"valueRequired\":true,\"valueName\":\"search_term_string\"}}],\"inLanguage\":\"sk-SK\"}]}<\/script>\n<!-- \/ Yoast SEO plugin. -->","yoast_head_json":{"title":"Aviso Legal - Rosana CL","robots":{"index":"index","follow":"follow","max-snippet":"max-snippet:-1","max-image-preview":"max-image-preview:large","max-video-preview":"max-video-preview:-1"},"canonical":"https:\/\/rosanacl.com\/sk\/aviso-legal\/","og_locale":"sk_SK","og_type":"article","og_title":"Aviso Legal - Rosana CL","og_description":"Responsable del tratamiento de los datos En cumplimiento del deber de informaci\u00f3n que establece la Ley La 34\/2002, de 11 de julio, de Servicios de la Sociedad de la Informaci\u00f3n y del Comercio Electr\u00f3nico, le comunicamos que esta web es titularidad de: Objeto El Responsable pone a disposici\u00f3n de los usuarios este documento con el [&hellip;]","og_url":"https:\/\/rosanacl.com\/sk\/aviso-legal\/","og_site_name":"Rosana CL","article_modified_time":"2025-08-01T12:33:36+00:00","twitter_card":"summary_large_image","twitter_misc":{"Predpokladan\u00fd \u010das \u010d\u00edtania":"6 min\u00fat"},"schema":{"@context":"https:\/\/schema.org","@graph":[{"@type":"WebPage","@id":"https:\/\/rosanacl.com\/aviso-legal\/","url":"https:\/\/rosanacl.com\/aviso-legal\/","name":"Aviso Legal - Rosana CL","isPartOf":{"@id":"https:\/\/rosanacl.com\/ca\/#website"},"datePublished":"2025-03-28T19:03:06+00:00","dateModified":"2025-08-01T12:33:36+00:00","breadcrumb":{"@id":"https:\/\/rosanacl.com\/aviso-legal\/#breadcrumb"},"inLanguage":"sk-SK","potentialAction":[{"@type":"ReadAction","target":["https:\/\/rosanacl.com\/aviso-legal\/"]}]},{"@type":"BreadcrumbList","@id":"https:\/\/rosanacl.com\/aviso-legal\/#breadcrumb","itemListElement":[{"@type":"ListItem","position":1,"name":"Portada","item":"https:\/\/rosanacl.com\/ca\/"},{"@type":"ListItem","position":2,"name":"Aviso Legal"}]},{"@type":"WebSite","@id":"https:\/\/rosanacl.com\/ca\/#website","url":"https:\/\/rosanacl.com\/ca\/","name":"Rosana CL","description":"Sme tvoje vn\u00fatorn\u00e9 ja","potentialAction":[{"@type":"SearchAction","target":{"@type":"EntryPoint","urlTemplate":"https:\/\/rosanacl.com\/ca\/?s={search_term_string}"},"query-input":{"@type":"PropertyValueSpecification","valueRequired":true,"valueName":"search_term_string"}}],"inLanguage":"sk-SK"}]}},"_links":{"self":[{"href":"https:\/\/rosanacl.com\/sk\/wp-json\/wp\/v2\/pages\/18","targetHints":{"allow":["GET"]}}],"collection":[{"href":"https:\/\/rosanacl.com\/sk\/wp-json\/wp\/v2\/pages"}],"about":[{"href":"https:\/\/rosanacl.com\/sk\/wp-json\/wp\/v2\/types\/page"}],"author":[{"embeddable":true,"href":"https:\/\/rosanacl.com\/sk\/wp-json\/wp\/v2\/users\/1"}],"replies":[{"embeddable":true,"href":"https:\/\/rosanacl.com\/sk\/wp-json\/wp\/v2\/comments?post=18"}],"version-history":[{"count":0,"href":"https:\/\/rosanacl.com\/sk\/wp-json\/wp\/v2\/pages\/18\/revisions"}],"wp:attachment":[{"href":"https:\/\/rosanacl.com\/sk\/wp-json\/wp\/v2\/media?parent=18"}],"curies":[{"name":"wp","href":"https:\/\/api.w.org\/{rel}","templated":true}]}}