{"id":21,"date":"2025-03-28T16:06:23","date_gmt":"2025-03-28T19:06:23","guid":{"rendered":"https:\/\/innovacon.simplificandotuweb.com\/?page_id=21"},"modified":"2025-05-10T02:25:08","modified_gmt":"2025-05-10T00:25:08","slug":"declaracion-de-accesibilidad","status":"publish","type":"page","link":"https:\/\/rosanacl.com\/sk\/declaracion-de-accesibilidad\/","title":{"rendered":"Vyhl\u00e1senie o pr\u00edstupnosti"},"content":{"rendered":"<div data-elementor-type=\"wp-page\" data-elementor-id=\"21\" class=\"elementor elementor-21\" data-elementor-post-type=\"page\">\n\t\t\t\t<div class=\"elementor-element elementor-element-eb41712 e-flex e-con-boxed e-con e-parent\" data-id=\"eb41712\" data-element_type=\"container\" data-e-type=\"container\" data-settings=\"{&quot;background_background&quot;:&quot;classic&quot;}\">\n\t\t\t\t\t<div class=\"e-con-inner\">\n\t\t<div class=\"elementor-element elementor-element-394e804 e-con-full e-flex e-con e-child\" data-id=\"394e804\" data-element_type=\"container\" data-e-type=\"container\">\n\t\t\t\t<div class=\"elementor-element elementor-element-4858173 elementor-widget elementor-widget-heading\" data-id=\"4858173\" data-element_type=\"widget\" data-e-type=\"widget\" data-widget_type=\"heading.default\">\n\t\t\t\t<div class=\"elementor-widget-container\">\n\t\t\t\t\t<h2 class=\"elementor-heading-title elementor-size-default\">Vyhl\u00e1senie o pr\u00edstupnosti<\/h2>\t\t\t\t<\/div>\n\t\t\t\t<\/div>\n\t\t\t\t<\/div>\n\t\t\t\t\t<\/div>\n\t\t\t\t<\/div>\n\t\t<div class=\"elementor-element elementor-element-3c3c9a51 e-flex e-con-boxed e-con e-parent\" data-id=\"3c3c9a51\" data-element_type=\"container\" data-e-type=\"container\">\n\t\t\t\t\t<div class=\"e-con-inner\">\n\t\t\t\t<div class=\"elementor-element elementor-element-d37677a elementor-widget elementor-widget-text-editor\" data-id=\"d37677a\" data-element_type=\"widget\" data-e-type=\"widget\" data-widget_type=\"text-editor.default\">\n\t\t\t\t<div class=\"elementor-widget-container\">\n\t\t\t\t\t\t\t\t\t\n<p>Spolo\u010dnos\u0165 PABLO ANGULO MASPONS sa zav\u00e4zuje spr\u00edstupni\u0165 svoju webov\u00fa str\u00e1nku v s\u00falade s kr\u00e1\u013eovsk\u00fdm dekr\u00e9tom 1112\/2018 zo 7. septembra o pr\u00edstupnosti webov\u00fdch str\u00e1nok a mobiln\u00fdch aplik\u00e1ci\u00ed vo verejnom sektore. Toto vyhl\u00e1senie o pr\u00edstupnosti sa vz\u0165ahuje na t\u00fato webov\u00fa str\u00e1nku.<\/p>\n\n<p><strong>Stav s\u00faladu<\/strong><\/p>\n\n<p>T\u00e1to webov\u00e1 str\u00e1nka je vytvoren\u00e1 v s\u00falade s RD 1112\/2018<\/p>\n\n<p><strong>Pr\u00edprava na \u010fal\u0161ie vyhl\u00e1senie o pr\u00edstupnosti<\/strong><\/p>\n\n<p>Toto vyhl\u00e1senie bolo pripraven\u00e9 20. apr\u00edla 2023. Na jeho pr\u00edpravu bolo pou\u017eit\u00e9 sebahodnotenie.<\/p>\n\n<p><strong>Koment\u00e1re a kontaktn\u00e9 inform\u00e1cie<\/strong><\/p>\n\n<p>M\u00f4\u017eete poda\u0165 ozn\u00e1menia o po\u017eiadavk\u00e1ch na pr\u00edstupnos\u0165 (\u010dl\u00e1nok 10.2.a RD 1112\/2018), napr\u00edklad:<\/p>\n\n<ul class=\"wp-block-list\">\n<li>Nahl\u00e1ste ak\u00e9ko\u013evek potenci\u00e1lne poru\u0161enie zo strany tejto webovej str\u00e1nky<\/li>\n\n<li>Uve\u010fte \u010fal\u0161ie \u0165a\u017ekosti s pr\u00edstupom k obsahu<\/li>\n\n<li>Ak\u00e9ko\u013evek \u010fal\u0161ie ot\u00e1zky alebo n\u00e1vrhy na zlep\u0161enie dostupnosti webovej str\u00e1nky m\u00f4\u017eete zasla\u0165 prostredn\u00edctvom kontaktn\u00e9ho formul\u00e1ra na tejto webovej str\u00e1nke alebo telefonicky na \u010d\u00edsle\u00a0<\/li>\n<\/ul>\n\n<p>M\u00f4\u017eete predlo\u017ei\u0165:<\/p>\n\n<ul class=\"wp-block-list\">\n<li>S\u0165a\u017enos\u0165 t\u00fdkaj\u00faca sa s\u00faladu s po\u017eiadavkami RD 1112\/2018<\/li>\n\n<li>\u017diados\u0165 o pr\u00edstupn\u00e9 inform\u00e1cie t\u00fdkaj\u00face sa:\n<ul class=\"wp-block-list\">\n<li>Obsah, ktor\u00fd je vyl\u00fa\u010den\u00fd z rozsahu p\u00f4sobnosti RD 1112\/2018 pod\u013ea toho, \u010do je stanoven\u00e9 v \u010dl\u00e1nku 3 odseku 4<\/li>\n\n<li>Obsah, ktor\u00fd je osloboden\u00fd od dodr\u017eiavania po\u017eiadaviek na pr\u00edstupnos\u0165 z d\u00f4vodu neprimeranej z\u00e1\u0165a\u017ee<\/li>\n\n<li>\u017diados\u0165 o pr\u00edstupn\u00e9 inform\u00e1cie mus\u00ed jasne uv\u00e1dza\u0165 fakty, d\u00f4vody a po\u017eiadavku, aby sa preuk\u00e1zalo, \u017ee ide o primeran\u00fa a legit\u00edmnu \u017eiados\u0165.<\/li>\n<\/ul>\n<\/li>\n<\/ul>\n\n<p>S\u0165a\u017enosti a reklam\u00e1cie t\u00fdkaj\u00face sa pr\u00edstupn\u00fdch inform\u00e1ci\u00ed bud\u00fa pod\u00e1van\u00e9 prostredn\u00edctvom elektronickej str\u00e1nky (https:\/\/sede.red.gob.es\/procedimientos\/quejas-y-sugerencias) a bude ich prij\u00edma\u0165 a spracov\u00e1va\u0165 oddelenie informa\u010dn\u00fdch syst\u00e9mov Red.es.<\/p>\n\n<p><strong>Volite\u013en\u00fd obsah<\/strong><\/p>\n\n<ul class=\"wp-block-list\">\n<li>Ak chcete zmeni\u0165 ve\u013ekos\u0165 p\u00edsma v hlavn\u00fdch grafick\u00fdch prehliada\u010doch, pou\u017eite nasleduj\u00face ponuky:<\/li>\n\n<li>Safari: Zobrazi\u0165 &gt; Zv\u00e4\u010d\u0161i\u0165 text<\/li>\n\n<li>Chrome: Ovl\u00e1danie aktu\u00e1lnej str\u00e1nky &gt; Ve\u013ekos\u0165 textu<\/li>\n<\/ul>\n\n<p>Ak chcete zmeni\u0165 ve\u013ekos\u0165 v\u0161etk\u00e9ho na str\u00e1nke:<\/p>\n\n<ul class=\"wp-block-list\">\n<li>Ctrl++ pre jeho zv\u00fd\u0161enie<\/li>\n\n<li>Ctrl + \u2013 na zn\u00ed\u017eenie<\/li>\n\n<li>Ctrl + 0 obnov\u00ed p\u00f4vodn\u00fa ve\u013ekos\u0165 textu<\/li>\n\n<li>Ak chcete prep\u00edsa\u0165 \u0161abl\u00f3nu so \u0161t\u00fdlmi alebo zmeni\u0165 farbu textu, m\u00f4\u017eete si pozrie\u0165 str\u00e1nku WAI s n\u00e1zvom Ako zmeni\u0165 ve\u013ekos\u0165 alebo farby textu, ktor\u00fa mo\u017eno do \u0161paniel\u010diny prelo\u017ei\u0165 ako Ako zmeni\u0165 ve\u013ekos\u0165 alebo farby textu?<\/li>\n<\/ul>\n\t\t\t\t\t\t\t\t<\/div>\n\t\t\t\t<\/div>\n\t\t\t\t\t<\/div>\n\t\t\t\t<\/div>\n\t\t\t\t<\/div>","protected":false},"excerpt":{"rendered":"<p>PABLO ANGULO MASPONS se ha comprometido a hacer accesible su sitio web, conforme al Real Decreto 1112\/2018, de 7 de septiembre, sobre accesibilidad de los sitios web y aplicaciones para dispositivos m\u00f3viles del sector p\u00fablico. Esta declaraci\u00f3n de accesibilidad se aplica a esta web. Situaci\u00f3n de cumplimiento Este sitio web est\u00e1 desarrollado seg\u00fan el RD [&hellip;]<\/p>\n","protected":false},"author":1,"featured_media":0,"parent":0,"menu_order":0,"comment_status":"closed","ping_status":"closed","template":"","meta":{"content-type":"","footnotes":""},"class_list":["post-21","page","type-page","status-publish","hentry"],"yoast_head":"<!-- This site is optimized with the Yoast SEO plugin v27.4 - https:\/\/yoast.com\/product\/yoast-seo-wordpress\/ -->\n<title>Declaraci\u00f3n de Accesibilidad - Rosana CL<\/title>\n<meta name=\"robots\" content=\"index, follow, max-snippet:-1, max-image-preview:large, max-video-preview:-1\" \/>\n<link rel=\"canonical\" href=\"https:\/\/rosanacl.com\/sk\/declaracion-de-accesibilidad\/\" \/>\n<meta property=\"og:locale\" content=\"sk_SK\" \/>\n<meta property=\"og:type\" content=\"article\" \/>\n<meta property=\"og:title\" content=\"Declaraci\u00f3n de Accesibilidad - Rosana CL\" \/>\n<meta property=\"og:description\" content=\"PABLO ANGULO MASPONS se ha comprometido a hacer accesible su sitio web, conforme al Real Decreto 1112\/2018, de 7 de septiembre, sobre accesibilidad de los sitios web y aplicaciones para dispositivos m\u00f3viles del sector p\u00fablico. Esta declaraci\u00f3n de accesibilidad se aplica a esta web. Situaci\u00f3n de cumplimiento Este sitio web est\u00e1 desarrollado seg\u00fan el RD [&hellip;]\" \/>\n<meta property=\"og:url\" content=\"https:\/\/rosanacl.com\/sk\/declaracion-de-accesibilidad\/\" \/>\n<meta property=\"og:site_name\" content=\"Rosana CL\" \/>\n<meta property=\"article:modified_time\" content=\"2025-05-10T00:25:08+00:00\" \/>\n<meta name=\"twitter:card\" content=\"summary_large_image\" \/>\n<meta name=\"twitter:label1\" content=\"Predpokladan\u00fd \u010das \u010d\u00edtania\" \/>\n\t<meta name=\"twitter:data1\" content=\"2 min\u00faty\" \/>\n<script type=\"application\/ld+json\" class=\"yoast-schema-graph\">{\"@context\":\"https:\\\/\\\/schema.org\",\"@graph\":[{\"@type\":\"WebPage\",\"@id\":\"https:\\\/\\\/rosanacl.com\\\/declaracion-de-accesibilidad\\\/\",\"url\":\"https:\\\/\\\/rosanacl.com\\\/declaracion-de-accesibilidad\\\/\",\"name\":\"Declaraci\u00f3n de Accesibilidad - Rosana CL\",\"isPartOf\":{\"@id\":\"https:\\\/\\\/rosanacl.com\\\/ca\\\/#website\"},\"datePublished\":\"2025-03-28T19:06:23+00:00\",\"dateModified\":\"2025-05-10T00:25:08+00:00\",\"breadcrumb\":{\"@id\":\"https:\\\/\\\/rosanacl.com\\\/declaracion-de-accesibilidad\\\/#breadcrumb\"},\"inLanguage\":\"sk-SK\",\"potentialAction\":[{\"@type\":\"ReadAction\",\"target\":[\"https:\\\/\\\/rosanacl.com\\\/declaracion-de-accesibilidad\\\/\"]}]},{\"@type\":\"BreadcrumbList\",\"@id\":\"https:\\\/\\\/rosanacl.com\\\/declaracion-de-accesibilidad\\\/#breadcrumb\",\"itemListElement\":[{\"@type\":\"ListItem\",\"position\":1,\"name\":\"Portada\",\"item\":\"https:\\\/\\\/rosanacl.com\\\/ca\\\/\"},{\"@type\":\"ListItem\",\"position\":2,\"name\":\"Declaraci\u00f3n de Accesibilidad\"}]},{\"@type\":\"WebSite\",\"@id\":\"https:\\\/\\\/rosanacl.com\\\/ca\\\/#website\",\"url\":\"https:\\\/\\\/rosanacl.com\\\/ca\\\/\",\"name\":\"Rosana CL\",\"description\":\"Somos tu interior\",\"potentialAction\":[{\"@type\":\"SearchAction\",\"target\":{\"@type\":\"EntryPoint\",\"urlTemplate\":\"https:\\\/\\\/rosanacl.com\\\/ca\\\/?s={search_term_string}\"},\"query-input\":{\"@type\":\"PropertyValueSpecification\",\"valueRequired\":true,\"valueName\":\"search_term_string\"}}],\"inLanguage\":\"sk-SK\"}]}<\/script>\n<!-- \/ Yoast SEO plugin. -->","yoast_head_json":{"title":"Declaraci\u00f3n de Accesibilidad - Rosana CL","robots":{"index":"index","follow":"follow","max-snippet":"max-snippet:-1","max-image-preview":"max-image-preview:large","max-video-preview":"max-video-preview:-1"},"canonical":"https:\/\/rosanacl.com\/sk\/declaracion-de-accesibilidad\/","og_locale":"sk_SK","og_type":"article","og_title":"Declaraci\u00f3n de Accesibilidad - Rosana CL","og_description":"PABLO ANGULO MASPONS se ha comprometido a hacer accesible su sitio web, conforme al Real Decreto 1112\/2018, de 7 de septiembre, sobre accesibilidad de los sitios web y aplicaciones para dispositivos m\u00f3viles del sector p\u00fablico. Esta declaraci\u00f3n de accesibilidad se aplica a esta web. Situaci\u00f3n de cumplimiento Este sitio web est\u00e1 desarrollado seg\u00fan el RD [&hellip;]","og_url":"https:\/\/rosanacl.com\/sk\/declaracion-de-accesibilidad\/","og_site_name":"Rosana CL","article_modified_time":"2025-05-10T00:25:08+00:00","twitter_card":"summary_large_image","twitter_misc":{"Predpokladan\u00fd \u010das \u010d\u00edtania":"2 min\u00faty"},"schema":{"@context":"https:\/\/schema.org","@graph":[{"@type":"WebPage","@id":"https:\/\/rosanacl.com\/declaracion-de-accesibilidad\/","url":"https:\/\/rosanacl.com\/declaracion-de-accesibilidad\/","name":"Declaraci\u00f3n de Accesibilidad - Rosana CL","isPartOf":{"@id":"https:\/\/rosanacl.com\/ca\/#website"},"datePublished":"2025-03-28T19:06:23+00:00","dateModified":"2025-05-10T00:25:08+00:00","breadcrumb":{"@id":"https:\/\/rosanacl.com\/declaracion-de-accesibilidad\/#breadcrumb"},"inLanguage":"sk-SK","potentialAction":[{"@type":"ReadAction","target":["https:\/\/rosanacl.com\/declaracion-de-accesibilidad\/"]}]},{"@type":"BreadcrumbList","@id":"https:\/\/rosanacl.com\/declaracion-de-accesibilidad\/#breadcrumb","itemListElement":[{"@type":"ListItem","position":1,"name":"Portada","item":"https:\/\/rosanacl.com\/ca\/"},{"@type":"ListItem","position":2,"name":"Declaraci\u00f3n de Accesibilidad"}]},{"@type":"WebSite","@id":"https:\/\/rosanacl.com\/ca\/#website","url":"https:\/\/rosanacl.com\/ca\/","name":"Rosana CL","description":"Sme tvoje vn\u00fatorn\u00e9 ja","potentialAction":[{"@type":"SearchAction","target":{"@type":"EntryPoint","urlTemplate":"https:\/\/rosanacl.com\/ca\/?s={search_term_string}"},"query-input":{"@type":"PropertyValueSpecification","valueRequired":true,"valueName":"search_term_string"}}],"inLanguage":"sk-SK"}]}},"_links":{"self":[{"href":"https:\/\/rosanacl.com\/sk\/wp-json\/wp\/v2\/pages\/21","targetHints":{"allow":["GET"]}}],"collection":[{"href":"https:\/\/rosanacl.com\/sk\/wp-json\/wp\/v2\/pages"}],"about":[{"href":"https:\/\/rosanacl.com\/sk\/wp-json\/wp\/v2\/types\/page"}],"author":[{"embeddable":true,"href":"https:\/\/rosanacl.com\/sk\/wp-json\/wp\/v2\/users\/1"}],"replies":[{"embeddable":true,"href":"https:\/\/rosanacl.com\/sk\/wp-json\/wp\/v2\/comments?post=21"}],"version-history":[{"count":0,"href":"https:\/\/rosanacl.com\/sk\/wp-json\/wp\/v2\/pages\/21\/revisions"}],"wp:attachment":[{"href":"https:\/\/rosanacl.com\/sk\/wp-json\/wp\/v2\/media?parent=21"}],"curies":[{"name":"wp","href":"https:\/\/api.w.org\/{rel}","templated":true}]}}