{"id":31,"date":"2025-03-28T16:10:30","date_gmt":"2025-03-28T19:10:30","guid":{"rendered":"https:\/\/innovacon.simplificandotuweb.com\/?page_id=31"},"modified":"2025-07-09T08:56:36","modified_gmt":"2025-07-09T06:56:36","slug":"politica-de-privacidad","status":"publish","type":"page","link":"https:\/\/rosanacl.com\/sk\/politica-de-privacidad\/","title":{"rendered":"Z\u00e1sady ochrany osobn\u00fdch \u00fadajov"},"content":{"rendered":"<div data-elementor-type=\"wp-page\" data-elementor-id=\"31\" class=\"elementor elementor-31\" data-elementor-post-type=\"page\">\n\t\t\t\t<div class=\"elementor-element elementor-element-1ca8157 e-flex e-con-boxed e-con e-parent\" data-id=\"1ca8157\" data-element_type=\"container\" data-e-type=\"container\" data-settings=\"{&quot;background_background&quot;:&quot;classic&quot;}\">\n\t\t\t\t\t<div class=\"e-con-inner\">\n\t\t<div class=\"elementor-element elementor-element-ee95924 e-con-full e-flex e-con e-child\" data-id=\"ee95924\" data-element_type=\"container\" data-e-type=\"container\">\n\t\t\t\t<div class=\"elementor-element elementor-element-fbdd061 elementor-widget elementor-widget-heading\" data-id=\"fbdd061\" data-element_type=\"widget\" data-e-type=\"widget\" data-widget_type=\"heading.default\">\n\t\t\t\t<div class=\"elementor-widget-container\">\n\t\t\t\t\t<h2 class=\"elementor-heading-title elementor-size-default\">Z\u00e1sady ochrany osobn\u00fdch \u00fadajov<\/h2>\t\t\t\t<\/div>\n\t\t\t\t<\/div>\n\t\t\t\t<\/div>\n\t\t\t\t\t<\/div>\n\t\t\t\t<\/div>\n\t\t<div class=\"elementor-element elementor-element-5a8dd38e e-flex e-con-boxed e-con e-parent\" data-id=\"5a8dd38e\" data-element_type=\"container\" data-e-type=\"container\">\n\t\t\t\t\t<div class=\"e-con-inner\">\n\t\t\t\t<div class=\"elementor-element elementor-element-6ea5a565 elementor-widget elementor-widget-text-editor\" data-id=\"6ea5a565\" data-element_type=\"widget\" data-e-type=\"widget\" data-widget_type=\"text-editor.default\">\n\t\t\t\t<div class=\"elementor-widget-container\">\n\t\t\t\t\t\t\t\t\t\n<p><strong>1. INFORM\u00c1CIE PRE POU\u017d\u00cdVATE\u013dA<\/strong><\/p>\n\n<p>Webov\u00e1 str\u00e1nka informuje pou\u017e\u00edvate\u013eov webovej str\u00e1nky o svojich z\u00e1sad\u00e1ch t\u00fdkaj\u00facich sa spracovania a ochrany osobn\u00fdch \u00fadajov pou\u017e\u00edvate\u013eov a z\u00e1kazn\u00edkov, ktor\u00e9 m\u00f4\u017eu by\u0165 vy\u017eiadan\u00e9 pri prehliadan\u00ed jej webovej str\u00e1nky.<\/p>\n\n<p>Za spracovanie osobn\u00fdch \u00fadajov pou\u017e\u00edvate\u013ea je zodpovedn\u00e1 webov\u00e1 str\u00e1nka, a preto poskytujeme nasleduj\u00face inform\u00e1cie t\u00fdkaj\u00face sa spracovania va\u0161ich \u00fadajov:<\/p>\n\n<p><strong>Krit\u00e9ri\u00e1 uchov\u00e1vania \u00fadajov:<\/strong>\u00a0Poskytnut\u00e9 osobn\u00e9 \u00fadaje bud\u00fa uchov\u00e1van\u00e9, k\u00fdm dotknut\u00e1 osoba nepo\u017eiada o ich pozastavenie, uplatn\u00ed si svoje pr\u00e1va t\u00fdkaj\u00face sa \u00fadajov a v ka\u017edom pr\u00edpade v s\u00falade s pr\u00edpadn\u00fdmi platn\u00fdmi z\u00e1konn\u00fdmi preml\u010dac\u00edmi lehotami.<\/p>\n\n<p><strong>Pr\u00e1va zainteresovan\u00fdch str\u00e1n:<\/strong><\/p>\n\n<p>Pr\u00e1vo kedyko\u013evek odvola\u0165 svoj s\u00fahlas.<br \/>Pr\u00e1vo na pr\u00edstup k va\u0161im \u00fadajom, ich opravu, vymazanie a prenos, ako aj na obmedzenie alebo namietanie vo\u010di ich spracovaniu, ako aj pr\u00e1vo neby\u0165 predmetom automatizovan\u00fdch individu\u00e1lnych rozhodnut\u00ed.<\/p>\n\n<p><strong>Kontaktn\u00e9 inform\u00e1cie na uplatnenie va\u0161ich pr\u00e1v:<\/strong><\/p>\n\n<p>Mus\u00edte sa riadne identifikova\u0165 a jasne po\u017eiada\u0165 o pr\u00e1vo na v\u00fdkon.<\/p>\n\n<ul class=\"wp-block-list\">\n<li>Spolo\u010dnos\u0165: Pablo Angulo Maspons<\/li>\n<li>Po\u010det obyvate\u013eov: Vinaroz, \u0160panielsko<\/li>\n<li>Telef\u00f3n: 613395013<\/li>\n<li>Po\u0161ta: <a class=\"css-1rn59kg\" title=\"info@rosanacl.com\" href=\"mailto:info@rosanacl.com\" data-testid=\"link-with-safety\" data-renderer-mark=\"true\">info@rosanacl.com\u00a0<\/a><\/li>\n<\/ul>\n\n<p><strong>2. INFORM\u00c1CIE POSKYTNUT\u00c9 POU\u017d\u00cdVATE\u013dOM<\/strong><\/p>\n\n<p>Ak m\u00e1te menej ako 18 rokov, nem\u00e1te povolen\u00e9 pou\u017e\u00edva\u0165 formul\u00e1re na na\u0161ej webovej str\u00e1nke.<\/p>\n\n<p>Zadan\u00edm svojich \u00fadajov do kontaktn\u00fdch formul\u00e1rov alebo ich odoslan\u00edm do formul\u00e1rov na stiahnutie pou\u017e\u00edvatelia v\u00fdslovne, slobodne a jednozna\u010dne s\u00fahlasia s t\u00fdm, \u017ee ich \u00fadaje s\u00fa potrebn\u00e9 na to, aby prev\u00e1dzkovate\u013e mohol spracova\u0165 ich \u017eiados\u0165. Zahrnutie \u00fadajov do ostatn\u00fdch pol\u00ed je dobrovo\u013en\u00e9.<\/p>\n\n<p>Pou\u017e\u00edvate\u013e sa zav\u00e4zuje, \u017ee poskytnut\u00e9 osobn\u00e9 \u00fadaje s\u00fa pravdiv\u00e9 a je zodpovedn\u00fd za ozn\u00e1menie ak\u00fdchko\u013evek zmien.<\/p>\n\n<p>V\u0161etky \u00fadaje vy\u017eiadan\u00e9 prostredn\u00edctvom webovej str\u00e1nky s\u00fa nevyhnutn\u00e9 na poskytnutie optim\u00e1lnej slu\u017eby Pou\u017e\u00edvate\u013eovi. Ak nie s\u00fa poskytnut\u00e9 v\u0161etky \u00fadaje, neexistuje \u017eiadna z\u00e1ruka, \u017ee inform\u00e1cie a slu\u017eby poskytovan\u00e9 Prev\u00e1dzkovate\u013eom bud\u00fa plne prisp\u00f4soben\u00e9 jeho potreb\u00e1m.<\/p>\n\n<p><strong>3. BEZPE\u010cNOSTN\u00c9 OPATRENIA<\/strong><\/p>\n\n<p>\u017de v s\u00falade s ustanoveniami platn\u00fdch predpisov o ochrane osobn\u00fdch \u00fadajov prev\u00e1dzkovate\u013e dodr\u017eiava v\u0161etky ustanovenia nariaden\u00ed GDPR a LOPD pri spracovan\u00ed osobn\u00fdch \u00fadajov, za ktor\u00e9 je zodpovedn\u00fd, ktor\u00e9 s\u00fa spracovan\u00e9 z\u00e1konne, spravodlivo a transparentne vo vz\u0165ahu k dotknutej osobe a s\u00fa primeran\u00e9, relevantn\u00e9 a obmedzen\u00e9 na to, \u010do je nevyhnutn\u00e9 vo vz\u0165ahu k \u00fa\u010delom, na ktor\u00e9 sa sprac\u00favaj\u00fa.<\/p>\n\n<p>Prev\u00e1dzkovate\u013e zaru\u010duje, \u017ee zaviedol vhodn\u00e9 technick\u00e9 a organiza\u010dn\u00e9 z\u00e1sady na uplat\u0148ovanie bezpe\u010dnostn\u00fdch opatren\u00ed stanoven\u00fdch GDPR a LOPD na ochranu pr\u00e1v a slob\u00f4d Pou\u017e\u00edvate\u013eov a poskytol im pr\u00edslu\u0161n\u00e9 inform\u00e1cie, aby ich mohli uplat\u0148ova\u0165.<\/p>\n\n<p><strong>4. NARU\u0160ENIE BEZPE\u010cNOSTI<\/strong><\/p>\n\n<p>Prev\u00e1dzkovate\u013e nahl\u00e1si ak\u00e9ko\u013evek naru\u0161enie bezpe\u010dnosti, ktor\u00e9 ovplyv\u0148uje datab\u00e1zu pou\u017e\u00edvan\u00fa touto webovou str\u00e1nkou alebo ktor\u00fako\u013evek z na\u0161ich slu\u017eieb tret\u00edch str\u00e1n, ka\u017edej osobe, ktorej \u00fadaje mohli by\u0165 dotknut\u00e9, a pr\u00edslu\u0161n\u00fdm org\u00e1nom do 72 hod\u00edn od zistenia naru\u0161enia.<\/p>\n\n<p><strong>PLATN\u00c9 PR\u00c1VO A JURISDIKCIA<\/strong><\/p>\n\n<p>Na rie\u0161enie v\u0161etk\u00fdch sporov alebo probl\u00e9mov s\u00favisiacich s touto webovou str\u00e1nkou alebo \u010dinnos\u0165ami vykon\u00e1van\u00fdmi na nej sa uplat\u0148uje \u0161panielske pr\u00e1vo, s ktor\u00fdm sa strany v\u00fdslovne s\u00fahlasia. S\u00fady a tribun\u00e1ly v Barcelone maj\u00fa pr\u00e1vomoc rie\u0161i\u0165 v\u0161etky spory vypl\u00fdvaj\u00face z pou\u017e\u00edvania tejto webovej str\u00e1nky alebo s n\u00edm s\u00favisiace.<\/p>\n\n<p>\u00a0<\/p>\n\t\t\t\t\t\t\t\t<\/div>\n\t\t\t\t<\/div>\n\t\t\t\t\t<\/div>\n\t\t\t\t<\/div>\n\t\t\t\t<\/div>","protected":false},"excerpt":{"rendered":"<p>1.- INFORMACI\u00d3N AL USUARIO El sitio web informa a los usuarios del sitio web sobre su pol\u00edtica respecto al tratamiento y protecci\u00f3n de los datos de car\u00e1cter personal de los usuarios y clientes que puedan ser solicitados por la navegaci\u00f3n a trav\u00e9s de su sitio web. El sitio web es el Responsable del tratamiento de [&hellip;]<\/p>\n","protected":false},"author":1,"featured_media":0,"parent":0,"menu_order":0,"comment_status":"closed","ping_status":"closed","template":"","meta":{"content-type":"","footnotes":""},"class_list":["post-31","page","type-page","status-publish","hentry"],"yoast_head":"<!-- This site is optimized with the Yoast SEO plugin v27.4 - https:\/\/yoast.com\/product\/yoast-seo-wordpress\/ -->\n<title>Pol\u00edtica de Privacidad - Rosana CL<\/title>\n<meta name=\"robots\" content=\"index, follow, max-snippet:-1, max-image-preview:large, max-video-preview:-1\" \/>\n<link rel=\"canonical\" href=\"https:\/\/rosanacl.com\/sk\/politica-de-privacidad\/\" \/>\n<meta property=\"og:locale\" content=\"sk_SK\" \/>\n<meta property=\"og:type\" content=\"article\" \/>\n<meta property=\"og:title\" content=\"Pol\u00edtica de Privacidad - Rosana CL\" \/>\n<meta property=\"og:description\" content=\"1.- INFORMACI\u00d3N AL USUARIO El sitio web informa a los usuarios del sitio web sobre su pol\u00edtica respecto al tratamiento y protecci\u00f3n de los datos de car\u00e1cter personal de los usuarios y clientes que puedan ser solicitados por la navegaci\u00f3n a trav\u00e9s de su sitio web. El sitio web es el Responsable del tratamiento de [&hellip;]\" \/>\n<meta property=\"og:url\" content=\"https:\/\/rosanacl.com\/sk\/politica-de-privacidad\/\" \/>\n<meta property=\"og:site_name\" content=\"Rosana CL\" \/>\n<meta property=\"article:modified_time\" content=\"2025-07-09T06:56:36+00:00\" \/>\n<meta name=\"twitter:card\" content=\"summary_large_image\" \/>\n<meta name=\"twitter:label1\" content=\"Predpokladan\u00fd \u010das \u010d\u00edtania\" \/>\n\t<meta name=\"twitter:data1\" content=\"3 min\u00faty\" \/>\n<script type=\"application\/ld+json\" class=\"yoast-schema-graph\">{\"@context\":\"https:\\\/\\\/schema.org\",\"@graph\":[{\"@type\":\"WebPage\",\"@id\":\"https:\\\/\\\/rosanacl.com\\\/politica-de-privacidad\\\/\",\"url\":\"https:\\\/\\\/rosanacl.com\\\/politica-de-privacidad\\\/\",\"name\":\"Pol\u00edtica de Privacidad - Rosana CL\",\"isPartOf\":{\"@id\":\"https:\\\/\\\/rosanacl.com\\\/ca\\\/#website\"},\"datePublished\":\"2025-03-28T19:10:30+00:00\",\"dateModified\":\"2025-07-09T06:56:36+00:00\",\"breadcrumb\":{\"@id\":\"https:\\\/\\\/rosanacl.com\\\/politica-de-privacidad\\\/#breadcrumb\"},\"inLanguage\":\"sk-SK\",\"potentialAction\":[{\"@type\":\"ReadAction\",\"target\":[\"https:\\\/\\\/rosanacl.com\\\/politica-de-privacidad\\\/\"]}]},{\"@type\":\"BreadcrumbList\",\"@id\":\"https:\\\/\\\/rosanacl.com\\\/politica-de-privacidad\\\/#breadcrumb\",\"itemListElement\":[{\"@type\":\"ListItem\",\"position\":1,\"name\":\"Portada\",\"item\":\"https:\\\/\\\/rosanacl.com\\\/ca\\\/\"},{\"@type\":\"ListItem\",\"position\":2,\"name\":\"Pol\u00edtica de Privacidad\"}]},{\"@type\":\"WebSite\",\"@id\":\"https:\\\/\\\/rosanacl.com\\\/ca\\\/#website\",\"url\":\"https:\\\/\\\/rosanacl.com\\\/ca\\\/\",\"name\":\"Rosana CL\",\"description\":\"Somos tu interior\",\"potentialAction\":[{\"@type\":\"SearchAction\",\"target\":{\"@type\":\"EntryPoint\",\"urlTemplate\":\"https:\\\/\\\/rosanacl.com\\\/ca\\\/?s={search_term_string}\"},\"query-input\":{\"@type\":\"PropertyValueSpecification\",\"valueRequired\":true,\"valueName\":\"search_term_string\"}}],\"inLanguage\":\"sk-SK\"}]}<\/script>\n<!-- \/ Yoast SEO plugin. -->","yoast_head_json":{"title":"Pol\u00edtica de Privacidad - Rosana CL","robots":{"index":"index","follow":"follow","max-snippet":"max-snippet:-1","max-image-preview":"max-image-preview:large","max-video-preview":"max-video-preview:-1"},"canonical":"https:\/\/rosanacl.com\/sk\/politica-de-privacidad\/","og_locale":"sk_SK","og_type":"article","og_title":"Pol\u00edtica de Privacidad - Rosana CL","og_description":"1.- INFORMACI\u00d3N AL USUARIO El sitio web informa a los usuarios del sitio web sobre su pol\u00edtica respecto al tratamiento y protecci\u00f3n de los datos de car\u00e1cter personal de los usuarios y clientes que puedan ser solicitados por la navegaci\u00f3n a trav\u00e9s de su sitio web. El sitio web es el Responsable del tratamiento de [&hellip;]","og_url":"https:\/\/rosanacl.com\/sk\/politica-de-privacidad\/","og_site_name":"Rosana CL","article_modified_time":"2025-07-09T06:56:36+00:00","twitter_card":"summary_large_image","twitter_misc":{"Predpokladan\u00fd \u010das \u010d\u00edtania":"3 min\u00faty"},"schema":{"@context":"https:\/\/schema.org","@graph":[{"@type":"WebPage","@id":"https:\/\/rosanacl.com\/politica-de-privacidad\/","url":"https:\/\/rosanacl.com\/politica-de-privacidad\/","name":"Pol\u00edtica de Privacidad - Rosana CL","isPartOf":{"@id":"https:\/\/rosanacl.com\/ca\/#website"},"datePublished":"2025-03-28T19:10:30+00:00","dateModified":"2025-07-09T06:56:36+00:00","breadcrumb":{"@id":"https:\/\/rosanacl.com\/politica-de-privacidad\/#breadcrumb"},"inLanguage":"sk-SK","potentialAction":[{"@type":"ReadAction","target":["https:\/\/rosanacl.com\/politica-de-privacidad\/"]}]},{"@type":"BreadcrumbList","@id":"https:\/\/rosanacl.com\/politica-de-privacidad\/#breadcrumb","itemListElement":[{"@type":"ListItem","position":1,"name":"Portada","item":"https:\/\/rosanacl.com\/ca\/"},{"@type":"ListItem","position":2,"name":"Pol\u00edtica de Privacidad"}]},{"@type":"WebSite","@id":"https:\/\/rosanacl.com\/ca\/#website","url":"https:\/\/rosanacl.com\/ca\/","name":"Rosana CL","description":"Sme tvoje vn\u00fatorn\u00e9 ja","potentialAction":[{"@type":"SearchAction","target":{"@type":"EntryPoint","urlTemplate":"https:\/\/rosanacl.com\/ca\/?s={search_term_string}"},"query-input":{"@type":"PropertyValueSpecification","valueRequired":true,"valueName":"search_term_string"}}],"inLanguage":"sk-SK"}]}},"_links":{"self":[{"href":"https:\/\/rosanacl.com\/sk\/wp-json\/wp\/v2\/pages\/31","targetHints":{"allow":["GET"]}}],"collection":[{"href":"https:\/\/rosanacl.com\/sk\/wp-json\/wp\/v2\/pages"}],"about":[{"href":"https:\/\/rosanacl.com\/sk\/wp-json\/wp\/v2\/types\/page"}],"author":[{"embeddable":true,"href":"https:\/\/rosanacl.com\/sk\/wp-json\/wp\/v2\/users\/1"}],"replies":[{"embeddable":true,"href":"https:\/\/rosanacl.com\/sk\/wp-json\/wp\/v2\/comments?post=31"}],"version-history":[{"count":0,"href":"https:\/\/rosanacl.com\/sk\/wp-json\/wp\/v2\/pages\/31\/revisions"}],"wp:attachment":[{"href":"https:\/\/rosanacl.com\/sk\/wp-json\/wp\/v2\/media?parent=31"}],"curies":[{"name":"wp","href":"https:\/\/api.w.org\/{rel}","templated":true}]}}