{"id":62,"date":"2025-04-24T16:44:06","date_gmt":"2025-04-24T14:44:06","guid":{"rendered":"https:\/\/rosanacl.com\/?page_id=62"},"modified":"2025-09-12T11:40:29","modified_gmt":"2025-09-12T09:40:29","slug":"nosotros","status":"publish","type":"page","link":"https:\/\/rosanacl.com\/sk\/nosotros\/","title":{"rendered":"N\u00e1s"},"content":{"rendered":"<div data-elementor-type=\"wp-page\" data-elementor-id=\"62\" class=\"elementor elementor-62\" data-elementor-post-type=\"page\">\n\t\t\t\t<div class=\"elementor-element elementor-element-29758df e-flex e-con-boxed e-con e-parent\" data-id=\"29758df\" data-element_type=\"container\" data-e-type=\"container\" data-settings=\"{&quot;background_background&quot;:&quot;classic&quot;}\">\n\t\t\t\t\t<div class=\"e-con-inner\">\n\t\t<div class=\"elementor-element elementor-element-7331001 e-con-full e-flex e-con e-child\" data-id=\"7331001\" data-element_type=\"container\" data-e-type=\"container\">\n\t\t\t\t<div class=\"elementor-element elementor-element-3ad39ec elementor-widget elementor-widget-heading\" data-id=\"3ad39ec\" data-element_type=\"widget\" data-e-type=\"widget\" data-widget_type=\"heading.default\">\n\t\t\t\t<div class=\"elementor-widget-container\">\n\t\t\t\t\t<h2 class=\"elementor-heading-title elementor-size-default\">N\u00e1s<\/h2>\t\t\t\t<\/div>\n\t\t\t\t<\/div>\n\t\t\t\t<\/div>\n\t\t\t\t\t<\/div>\n\t\t\t\t<\/div>\n\t\t<div class=\"elementor-element elementor-element-2076fcf e-flex e-con-boxed e-con e-parent\" data-id=\"2076fcf\" data-element_type=\"container\" data-e-type=\"container\">\n\t\t\t\t\t<div class=\"e-con-inner\">\n\t\t<div class=\"elementor-element elementor-element-98294d9 e-con-full e-flex e-con e-child\" data-id=\"98294d9\" data-element_type=\"container\" data-e-type=\"container\">\n\t\t\t\t<div class=\"elementor-element elementor-element-5a86561 elementor-widget elementor-widget-heading\" data-id=\"5a86561\" data-element_type=\"widget\" data-e-type=\"widget\" data-widget_type=\"heading.default\">\n\t\t\t\t<div class=\"elementor-widget-container\">\n\t\t\t\t\t<h2 class=\"elementor-heading-title elementor-size-default\">Viac ako 40 rokov sk\u00fasenost\u00ed venovan\u00fdch v\u00e1\u0161mu pohodliu a \u0161t\u00fdlu<\/h2>\t\t\t\t<\/div>\n\t\t\t\t<\/div>\n\t\t\t\t<div class=\"elementor-element elementor-element-ab6a0aa elementor-widget elementor-widget-text-editor\" data-id=\"ab6a0aa\" data-element_type=\"widget\" data-e-type=\"widget\" data-widget_type=\"text-editor.default\">\n\t\t\t\t<div class=\"elementor-widget-container\">\n\t\t\t\t\t\t\t\t\t<p>V Rosana CL sa \u0161pecializujeme na spodn\u00fa bielize\u0148 a korzety s viac ako \u0161tyridsa\u0165ro\u010dnou hist\u00f3riou sprev\u00e1dzania \u017eien v ka\u017edej f\u00e1ze ich \u017eivota.<br \/>Na\u0161a v\u00e1\u0161e\u0148 pre pon\u00fakanie kvalitn\u00fdch produktov ur\u010den\u00fdch pre blaho a kr\u00e1su \u017eien n\u00e1s etablovala ako d\u00f4veryhodn\u00fd \u0161tandard v tomto odvetv\u00ed.<br \/>Spolupracujeme exkluz\u00edvne so Selene, jednou z najprest\u00ed\u017enej\u0161\u00edch n\u00e1rodn\u00fdch zna\u010diek, a ka\u017ed\u00fd kus odevu vyber\u00e1me s maxim\u00e1lnou starostlivos\u0165ou, aby sme v\u00e1m pon\u00fakli podprsenky, nohavi\u010dky a body, ktor\u00e9 kombinuj\u00fa dizajn, inov\u00e1ciu a pohodlie.<br \/>Ver\u00edme, \u017ee spodn\u00e1 bielize\u0148 je ove\u013ea viac ne\u017e len nevyhnutnos\u0165: je to sp\u00f4sob, ako sa o seba stara\u0165, c\u00edti\u0165 sa sebavedomo a vyjadri\u0165 svoju osobnos\u0165 zvn\u00fatra.<br \/>\u010eakujeme za va\u0161u d\u00f4veru. Ste v t\u00fdch najlep\u0161\u00edch ruk\u00e1ch.<\/p>\t\t\t\t\t\t\t\t<\/div>\n\t\t\t\t<\/div>\n\t\t\t\t<div class=\"elementor-element elementor-element-bba4d8e elementor-widget elementor-widget-heading\" data-id=\"bba4d8e\" data-element_type=\"widget\" data-e-type=\"widget\" data-widget_type=\"heading.default\">\n\t\t\t\t<div class=\"elementor-widget-container\">\n\t\t\t\t\t<h2 class=\"elementor-heading-title elementor-size-default\">Zaviazali sme sa ku kvalite a dom\u00e1cej v\u00fdrobe\n<\/h2>\t\t\t\t<\/div>\n\t\t\t\t<\/div>\n\t\t\t\t<div class=\"elementor-element elementor-element-943d507 elementor-widget elementor-widget-text-editor\" data-id=\"943d507\" data-element_type=\"widget\" data-e-type=\"widget\" data-widget_type=\"text-editor.default\">\n\t\t\t\t<div class=\"elementor-widget-container\">\n\t\t\t\t\t\t\t\t\t<p>Podstata dobre vykonanej pr\u00e1ce<br \/>V Rosana CL pevne ver\u00edme v kvalitu ako z\u00e1klad v\u0161etk\u00e9ho, \u010do rob\u00edme. Preto spolupracujeme v\u00fdhradne so zna\u010dkou Selene, ktor\u00e1 navrhuje a vyr\u00e1ba v \u0160panielsku a venuje pozornos\u0165 ka\u017ed\u00e9mu detailu, aby sme pon\u00fakli odevy, ktor\u00e9 kombinuj\u00fa odolnos\u0165, pohodlie a kr\u00e1su.<br \/>Ka\u017ed\u00e1 podprsenka, nohavi\u010dky alebo body odr\u00e1\u017ea odborn\u00e9 znalosti z\u00edskan\u00e9 po\u010das desa\u0165ro\u010d\u00ed textiln\u00e9ho p\u00f4sobenia, v\u00fdberu vysoko kvalitn\u00fdch materi\u00e1lov a re\u0161pektovania najvy\u0161\u0161\u00edch v\u00fdrobn\u00fdch \u0161tandardov.<br \/>K\u00fapa Selene znamen\u00e1 invest\u00edciu do remeseln\u00e9ho spracovania, inteligentn\u00e9ho dizajnu a z\u00e1v\u00e4zku k n\u00e1rodnej excelentnosti.<\/p>\t\t\t\t\t\t\t\t<\/div>\n\t\t\t\t<\/div>\n\t\t\t\t<\/div>\n\t\t<div class=\"elementor-element elementor-element-957adc5 e-con-full e-flex e-con e-child\" data-id=\"957adc5\" data-element_type=\"container\" data-e-type=\"container\" data-settings=\"{&quot;background_background&quot;:&quot;classic&quot;}\">\n\t\t\t\t<\/div>\n\t\t\t\t\t<\/div>\n\t\t\t\t<\/div>\n\t\t<div class=\"elementor-element elementor-element-d3a40cb e-flex e-con-boxed e-con e-parent\" data-id=\"d3a40cb\" data-element_type=\"container\" data-e-type=\"container\" data-settings=\"{&quot;background_background&quot;:&quot;classic&quot;}\">\n\t\t\t\t\t<div class=\"e-con-inner\">\n\t\t<div class=\"elementor-element elementor-element-f129f21 e-con-full e-flex e-con e-child\" data-id=\"f129f21\" data-element_type=\"container\" data-e-type=\"container\">\n\t\t\t\t<div class=\"elementor-element elementor-element-b7030d2 elementor-widget elementor-widget-heading\" data-id=\"b7030d2\" data-element_type=\"widget\" data-e-type=\"widget\" data-widget_type=\"heading.default\">\n\t\t\t\t<div class=\"elementor-widget-container\">\n\t\t\t\t\t<h2 class=\"elementor-heading-title elementor-size-default\">Oble\u010dte si svoj de\u0148 s eleganciou a pohodl\u00edm\n<\/h2>\t\t\t\t<\/div>\n\t\t\t\t<\/div>\n\t\t\t\t<div class=\"elementor-element elementor-element-8e5ebf9 elementor-widget elementor-widget-text-editor\" data-id=\"8e5ebf9\" data-element_type=\"widget\" data-e-type=\"widget\" data-widget_type=\"text-editor.default\">\n\t\t\t\t<div class=\"elementor-widget-container\">\n\t\t\t\t\t\t\t\t\t<p>V Rosana CL je ka\u017ed\u00fd kus oble\u010denia navrhnut\u00fd tak, aby zv\u00fdraznil va\u0161u prirodzen\u00fa kr\u00e1su a \u0161t\u00fdlovo v\u00e1s sprev\u00e1dzal v ka\u017edej chv\u00edli. Objavte n\u00e1\u0161 v\u00fdber spodnej bielizne Selene a poc\u00ed\u0165te rozdiel v ka\u017edom detaile.<\/p>\t\t\t\t\t\t\t\t<\/div>\n\t\t\t\t<\/div>\n\t\t\t\t<div class=\"elementor-element elementor-element-bfb4b50 elementor-mobile-align-center elementor-widget elementor-widget-button\" data-id=\"bfb4b50\" data-element_type=\"widget\" data-e-type=\"widget\" data-widget_type=\"button.default\">\n\t\t\t\t<div class=\"elementor-widget-container\">\n\t\t\t\t\t\t\t\t\t<div class=\"elementor-button-wrapper\">\n\t\t\t\t\t<a class=\"elementor-button elementor-button-link elementor-size-sm elementor-animation-grow\" href=\"https:\/\/rosanacl.com\/sk\/tienda\/\">\n\t\t\t\t\t\t<span class=\"elementor-button-content-wrapper\">\n\t\t\t\t\t\t<span class=\"elementor-button-icon\">\n\t\t\t\t<svg aria-hidden=\"true\" class=\"e-font-icon-svg e-fas-shopping-bag\" viewbox=\"0 0 448 512\" xmlns=\"http:\/\/www.w3.org\/2000\/svg\"><path d=\"M352 160v-32C352 57.42 294.579 0 224 0 153.42 0 96 57.42 96 128v32H0v272c0 44.183 35.817 80 80 80h288c44.183 0 80-35.817 80-80V160h-96zm-192-32c0-35.29 28.71-64 64-64s64 28.71 64 64v32H160v-32zm160 120c-13.255 0-24-10.745-24-24s10.745-24 24-24 24 10.745 24 24-10.745 24-24 24zm-192 0c-13.255 0-24-10.745-24-24s10.745-24 24-24 24 10.745 24 24-10.745 24-24 24z\"><\/path><\/svg>\t\t\t<\/span>\n\t\t\t\t\t\t\t\t\t<span class=\"elementor-button-text\">Cho\u010f do obchodu<\/span>\n\t\t\t\t\t<\/span>\n\t\t\t\t\t<\/a>\n\t\t\t\t<\/div>\n\t\t\t\t\t\t\t\t<\/div>\n\t\t\t\t<\/div>\n\t\t\t\t<\/div>\n\t\t<div class=\"elementor-element elementor-element-efc66db e-con-full e-flex e-con e-child\" data-id=\"efc66db\" data-element_type=\"container\" data-e-type=\"container\">\n\t\t\t\t<div class=\"elementor-element elementor-element-d227750 elementor-widget elementor-widget-image\" data-id=\"d227750\" data-element_type=\"widget\" data-e-type=\"widget\" data-widget_type=\"image.default\">\n\t\t\t\t<div class=\"elementor-widget-container\">\n\t\t\t\t\t\t\t\t\t\t\t\t\t\t\t<img fetchpriority=\"high\" decoding=\"async\" width=\"663\" height=\"750\" src=\"https:\/\/rosanacl.com\/wp-content\/uploads\/2025\/05\/mujer-905x1024.webp\" class=\"attachment-large size-large wp-image-1519\" alt=\"\" srcset=\"https:\/\/rosanacl.com\/wp-content\/uploads\/2025\/05\/mujer-905x1024.webp 905w, https:\/\/rosanacl.com\/wp-content\/uploads\/2025\/05\/mujer-11x12.webp 11w, https:\/\/rosanacl.com\/wp-content\/uploads\/2025\/05\/mujer-265x300.webp 265w, https:\/\/rosanacl.com\/wp-content\/uploads\/2025\/05\/mujer-768x869.webp 768w, https:\/\/rosanacl.com\/wp-content\/uploads\/2025\/05\/mujer-600x679.webp 600w, https:\/\/rosanacl.com\/wp-content\/uploads\/2025\/05\/mujer.webp 955w\" sizes=\"(max-width: 663px) 100vw, 663px\" \/>\t\t\t\t\t\t\t\t\t\t\t\t\t\t\t<\/div>\n\t\t\t\t<\/div>\n\t\t\t\t<\/div>\n\t\t\t\t\t<\/div>\n\t\t\t\t<\/div>\n\t\t\t\t<\/div>","protected":false},"excerpt":{"rendered":"<p>M\u00e1s de 40 a\u00f1os de experiencia al servicio de tu comodidad y estilo En Rosana CL somos especialistas en lencer\u00eda y corseter\u00eda, con una trayectoria de m\u00e1s de cuatro d\u00e9cadas acompa\u00f1ando a mujeres en cada etapa de su vida.Nuestra pasi\u00f3n por ofrecer productos de calidad, pensados para el bienestar y la belleza femenina, nos ha [&hellip;]<\/p>\n","protected":false},"author":1,"featured_media":0,"parent":0,"menu_order":0,"comment_status":"closed","ping_status":"closed","template":"","meta":{"content-type":"","footnotes":""},"class_list":["post-62","page","type-page","status-publish","hentry"],"yoast_head":"<!-- This site is optimized with the Yoast SEO plugin v27.4 - https:\/\/yoast.com\/product\/yoast-seo-wordpress\/ -->\n<title>Nosotros - Rosana CL<\/title>\n<meta name=\"robots\" content=\"index, follow, max-snippet:-1, max-image-preview:large, max-video-preview:-1\" \/>\n<link rel=\"canonical\" href=\"https:\/\/rosanacl.com\/sk\/nosotros\/\" \/>\n<meta property=\"og:locale\" content=\"sk_SK\" \/>\n<meta property=\"og:type\" content=\"article\" \/>\n<meta property=\"og:title\" content=\"Nosotros - Rosana CL\" \/>\n<meta property=\"og:description\" content=\"M\u00e1s de 40 a\u00f1os de experiencia al servicio de tu comodidad y estilo En Rosana CL somos especialistas en lencer\u00eda y corseter\u00eda, con una trayectoria de m\u00e1s de cuatro d\u00e9cadas acompa\u00f1ando a mujeres en cada etapa de su vida.Nuestra pasi\u00f3n por ofrecer productos de calidad, pensados para el bienestar y la belleza femenina, nos ha [&hellip;]\" \/>\n<meta property=\"og:url\" content=\"https:\/\/rosanacl.com\/sk\/nosotros\/\" \/>\n<meta property=\"og:site_name\" content=\"Rosana CL\" \/>\n<meta property=\"article:modified_time\" content=\"2025-09-12T09:40:29+00:00\" \/>\n<meta property=\"og:image\" content=\"https:\/\/rosanacl.com\/wp-content\/uploads\/2025\/05\/mujer.webp\" \/>\n\t<meta property=\"og:image:width\" content=\"955\" \/>\n\t<meta property=\"og:image:height\" content=\"1080\" \/>\n\t<meta property=\"og:image:type\" content=\"image\/webp\" \/>\n<meta name=\"twitter:card\" content=\"summary_large_image\" \/>\n<meta name=\"twitter:label1\" content=\"Predpokladan\u00fd \u010das \u010d\u00edtania\" \/>\n\t<meta name=\"twitter:data1\" content=\"1 min\u00fata\" \/>\n<script type=\"application\/ld+json\" class=\"yoast-schema-graph\">{\"@context\":\"https:\\\/\\\/schema.org\",\"@graph\":[{\"@type\":\"WebPage\",\"@id\":\"https:\\\/\\\/rosanacl.com\\\/nosotros\\\/\",\"url\":\"https:\\\/\\\/rosanacl.com\\\/nosotros\\\/\",\"name\":\"Nosotros - Rosana CL\",\"isPartOf\":{\"@id\":\"https:\\\/\\\/rosanacl.com\\\/ca\\\/#website\"},\"primaryImageOfPage\":{\"@id\":\"https:\\\/\\\/rosanacl.com\\\/nosotros\\\/#primaryimage\"},\"image\":{\"@id\":\"https:\\\/\\\/rosanacl.com\\\/nosotros\\\/#primaryimage\"},\"thumbnailUrl\":\"https:\\\/\\\/rosanacl.com\\\/wp-content\\\/uploads\\\/2025\\\/05\\\/mujer-905x1024.webp\",\"datePublished\":\"2025-04-24T14:44:06+00:00\",\"dateModified\":\"2025-09-12T09:40:29+00:00\",\"breadcrumb\":{\"@id\":\"https:\\\/\\\/rosanacl.com\\\/nosotros\\\/#breadcrumb\"},\"inLanguage\":\"sk-SK\",\"potentialAction\":[{\"@type\":\"ReadAction\",\"target\":[\"https:\\\/\\\/rosanacl.com\\\/nosotros\\\/\"]}]},{\"@type\":\"ImageObject\",\"inLanguage\":\"sk-SK\",\"@id\":\"https:\\\/\\\/rosanacl.com\\\/nosotros\\\/#primaryimage\",\"url\":\"https:\\\/\\\/rosanacl.com\\\/wp-content\\\/uploads\\\/2025\\\/05\\\/mujer-905x1024.webp\",\"contentUrl\":\"https:\\\/\\\/rosanacl.com\\\/wp-content\\\/uploads\\\/2025\\\/05\\\/mujer-905x1024.webp\"},{\"@type\":\"BreadcrumbList\",\"@id\":\"https:\\\/\\\/rosanacl.com\\\/nosotros\\\/#breadcrumb\",\"itemListElement\":[{\"@type\":\"ListItem\",\"position\":1,\"name\":\"Portada\",\"item\":\"https:\\\/\\\/rosanacl.com\\\/ca\\\/\"},{\"@type\":\"ListItem\",\"position\":2,\"name\":\"Nosotros\"}]},{\"@type\":\"WebSite\",\"@id\":\"https:\\\/\\\/rosanacl.com\\\/ca\\\/#website\",\"url\":\"https:\\\/\\\/rosanacl.com\\\/ca\\\/\",\"name\":\"Rosana CL\",\"description\":\"Somos tu interior\",\"potentialAction\":[{\"@type\":\"SearchAction\",\"target\":{\"@type\":\"EntryPoint\",\"urlTemplate\":\"https:\\\/\\\/rosanacl.com\\\/ca\\\/?s={search_term_string}\"},\"query-input\":{\"@type\":\"PropertyValueSpecification\",\"valueRequired\":true,\"valueName\":\"search_term_string\"}}],\"inLanguage\":\"sk-SK\"}]}<\/script>\n<!-- \/ Yoast SEO plugin. -->","yoast_head_json":{"title":"Nosotros - Rosana CL","robots":{"index":"index","follow":"follow","max-snippet":"max-snippet:-1","max-image-preview":"max-image-preview:large","max-video-preview":"max-video-preview:-1"},"canonical":"https:\/\/rosanacl.com\/sk\/nosotros\/","og_locale":"sk_SK","og_type":"article","og_title":"Nosotros - Rosana CL","og_description":"M\u00e1s de 40 a\u00f1os de experiencia al servicio de tu comodidad y estilo En Rosana CL somos especialistas en lencer\u00eda y corseter\u00eda, con una trayectoria de m\u00e1s de cuatro d\u00e9cadas acompa\u00f1ando a mujeres en cada etapa de su vida.Nuestra pasi\u00f3n por ofrecer productos de calidad, pensados para el bienestar y la belleza femenina, nos ha [&hellip;]","og_url":"https:\/\/rosanacl.com\/sk\/nosotros\/","og_site_name":"Rosana CL","article_modified_time":"2025-09-12T09:40:29+00:00","og_image":[{"width":955,"height":1080,"url":"https:\/\/rosanacl.com\/wp-content\/uploads\/2025\/05\/mujer.webp","type":"image\/webp"}],"twitter_card":"summary_large_image","twitter_misc":{"Predpokladan\u00fd \u010das \u010d\u00edtania":"1 min\u00fata"},"schema":{"@context":"https:\/\/schema.org","@graph":[{"@type":"WebPage","@id":"https:\/\/rosanacl.com\/nosotros\/","url":"https:\/\/rosanacl.com\/nosotros\/","name":"Nosotros - Rosana CL","isPartOf":{"@id":"https:\/\/rosanacl.com\/ca\/#website"},"primaryImageOfPage":{"@id":"https:\/\/rosanacl.com\/nosotros\/#primaryimage"},"image":{"@id":"https:\/\/rosanacl.com\/nosotros\/#primaryimage"},"thumbnailUrl":"https:\/\/rosanacl.com\/wp-content\/uploads\/2025\/05\/mujer-905x1024.webp","datePublished":"2025-04-24T14:44:06+00:00","dateModified":"2025-09-12T09:40:29+00:00","breadcrumb":{"@id":"https:\/\/rosanacl.com\/nosotros\/#breadcrumb"},"inLanguage":"sk-SK","potentialAction":[{"@type":"ReadAction","target":["https:\/\/rosanacl.com\/nosotros\/"]}]},{"@type":"ImageObject","inLanguage":"sk-SK","@id":"https:\/\/rosanacl.com\/nosotros\/#primaryimage","url":"https:\/\/rosanacl.com\/wp-content\/uploads\/2025\/05\/mujer-905x1024.webp","contentUrl":"https:\/\/rosanacl.com\/wp-content\/uploads\/2025\/05\/mujer-905x1024.webp"},{"@type":"BreadcrumbList","@id":"https:\/\/rosanacl.com\/nosotros\/#breadcrumb","itemListElement":[{"@type":"ListItem","position":1,"name":"Portada","item":"https:\/\/rosanacl.com\/ca\/"},{"@type":"ListItem","position":2,"name":"Nosotros"}]},{"@type":"WebSite","@id":"https:\/\/rosanacl.com\/ca\/#website","url":"https:\/\/rosanacl.com\/ca\/","name":"Rosana CL","description":"Sme tvoje vn\u00fatorn\u00e9 ja","potentialAction":[{"@type":"SearchAction","target":{"@type":"EntryPoint","urlTemplate":"https:\/\/rosanacl.com\/ca\/?s={search_term_string}"},"query-input":{"@type":"PropertyValueSpecification","valueRequired":true,"valueName":"search_term_string"}}],"inLanguage":"sk-SK"}]}},"_links":{"self":[{"href":"https:\/\/rosanacl.com\/sk\/wp-json\/wp\/v2\/pages\/62","targetHints":{"allow":["GET"]}}],"collection":[{"href":"https:\/\/rosanacl.com\/sk\/wp-json\/wp\/v2\/pages"}],"about":[{"href":"https:\/\/rosanacl.com\/sk\/wp-json\/wp\/v2\/types\/page"}],"author":[{"embeddable":true,"href":"https:\/\/rosanacl.com\/sk\/wp-json\/wp\/v2\/users\/1"}],"replies":[{"embeddable":true,"href":"https:\/\/rosanacl.com\/sk\/wp-json\/wp\/v2\/comments?post=62"}],"version-history":[{"count":0,"href":"https:\/\/rosanacl.com\/sk\/wp-json\/wp\/v2\/pages\/62\/revisions"}],"wp:attachment":[{"href":"https:\/\/rosanacl.com\/sk\/wp-json\/wp\/v2\/media?parent=62"}],"curies":[{"name":"wp","href":"https:\/\/api.w.org\/{rel}","templated":true}]}}