{"id":1122,"date":"2025-04-30T00:53:37","date_gmt":"2025-04-29T22:53:37","guid":{"rendered":"https:\/\/rosanacl.com\/?post_type=product&#038;p=1122"},"modified":"2026-01-07T20:46:04","modified_gmt":"2026-01-07T19:46:04","slug":"sujetador-modelo-carolina","status":"publish","type":"product","link":"https:\/\/rosanacl.com\/sk\/produkt\/sujetador-modelo-carolina\/","title":{"rendered":"Podprsenka Selene Carolina"},"content":{"rendered":"<p>Podprsenka Selene Carolina je jednou z t\u00fdch podprseniek, ktor\u00e9 dodaj\u00fa v\u00e1\u0161mu poprsiu kr\u00e1sny a dobre postaven\u00fd vzh\u013ead bez ak\u00fdchko\u013evek zjavn\u00fdch vylep\u0161en\u00ed. M\u00e1 \u013eahk\u00e9 vypch\u00e1vky pre prirodzen\u00fd tvaruj\u00faci efekt a balk\u00f3nov\u00fd v\u00fdstrih, ktor\u00fd vyzer\u00e1 \u00fa\u017easne pod odhalenej\u0161\u00edm oble\u010den\u00edm a vytv\u00e1ra \u010dist\u00fa a lichotiv\u00fa l\u00edniu.<\/p>\n<p>Model Carolina, navrhnut\u00fd na ka\u017edodenn\u00e9 nosenie, dosahuje dokonal\u00fa rovnov\u00e1hu medzi pohodlnou oporou, zaoblen\u00fdm tvarom a diskr\u00e9tnym povrchom pod oble\u010den\u00edm. Je ide\u00e1lny, ak chcete vyzera\u0165 elegantnej\u0161ie v tri\u010dk\u00e1ch, bl\u00fazkach alebo \u0161at\u00e1ch a z\u00e1rove\u0148 si zachova\u0165 \u013eahk\u00fd a stabiln\u00fd pocit po cel\u00e9 hodiny.<\/p>\n<p>Detaily, ktor\u00e9 si na Caroline zamilujete<\/p>\n<ul>\n<li>Balkonetov\u00fd v\u00fdstrih: zv\u00fdraz\u0148uje a \u0161tylizuje bez toho, aby bol pr\u00edli\u0161 v\u00fdrazn\u00fd.<\/li>\n<li>Jemn\u00e1 v\u00fdpl\u0148: kr\u00e1sny a prirodzen\u00fd tvaruj\u00faci efekt.<\/li>\n<li>Ko\u0161\u00ed\u010dek B: lichotiv\u00fd a vyv\u00e1\u017een\u00fd profil.<\/li>\n<li>Diskr\u00e9tna \u00faprava, tak\u017ee nebude presvita\u0165 cez priliehav\u00e9 oble\u010denie.<\/li>\n<li>Pohodln\u00e9 nosenie na ka\u017edodenn\u00e9 nosenie bez nutnosti nastavovania.<\/li>\n<\/ul>\n<p>\ud83d\udde3\ufe0f Tip: Ak chcete vyzera\u0165 \u00abupratane\u00bb bez prem\u00fd\u0161\u013eania, Carolina v\u00e1m dod\u00e1 pocit kr\u00e1sneho a \u010dist\u00e9ho v\u00fdstrihu, v\u010faka ktor\u00e9mu bude ak\u00fdko\u013evek odev vyzera\u0165 elegantnej\u0161ie.<\/p>\n<p>\ud83d\udccf Pozn\u00e1mka: Ak sa rozhodujete medzi dvoma ve\u013ekos\u0165ami, rozhodnite sa pod\u013ea obvodu: pre v\u00e4\u010d\u0161ie pohodlie si vyberte v\u00e4\u010d\u0161iu; pre pevnej\u0161iu oporu men\u0161iu.<\/p>\n<p>Zlo\u017eenie: 80% Polyamid \/ 12% Elastan \/ 8% Polyester.<\/p>\n<div dir=\"auto\">\n<p>\ud83e\udde5 Vyzer\u00e1 pekne pod tri\u010dkom; elegantne pod bl\u00fazkou.<\/p>\n<div id=\"v1ms-outlook-mobile-body-separator-line\" dir=\"auto\"><\/div>\n<\/div>\n<div dir=\"auto\"><\/div>","protected":false},"excerpt":{"rendered":"<p>El sujetador Selene modelo Carolina es de esos sujetadores que te dejan el pecho bonito y bien colocado sin que se note el \u00abtruco\u00bb. Lleva relleno fino para un efecto moldeador natural y un escote balconette que queda precioso con prendas m\u00e1s abiertas, porque dibuja una l\u00ednea muy limpia y favorecedora. Pensado para el d\u00eda [&hellip;]<\/p>\n","protected":false},"featured_media":1425,"comment_status":"open","ping_status":"closed","template":"","meta":{"content-type":""},"product_brand":[55],"product_cat":[26,20],"product_tag":[56,62],"class_list":{"0":"post-1122","1":"product","2":"type-product","3":"status-publish","4":"has-post-thumbnail","6":"product_brand-selene","7":"product_cat-con-aros-y-relleno","8":"product_cat-sujetador","9":"product_tag-sujetador","10":"product_tag-sujetador-con-aros-y-rellenos","12":"first","13":"instock","14":"taxable","15":"shipping-taxable","16":"purchasable","17":"product-type-variable"},"supplier_id":null,"supplier_sku":"","barcode":null,"atum_controlled":true,"out_stock_date":null,"out_stock_threshold":null,"inheritable":true,"inbound_stock":0,"stock_on_hold":0,"sold_today":0,"sales_last_days":0,"reserved_stock":0,"customer_returns":0,"warehouse_damage":0,"lost_in_post":0,"other_logs":0,"out_stock_days":0,"lost_sales":0,"has_location":false,"update_date":"2026-01-07T19:46:05","atum_locations":[],"atum_stock_status":"instock","restock_status":false,"low_stock_amount":"","sales_update_date":"2025-10-03T04:56:51","calc_backorders":null,"yoast_head":"<!-- This site is optimized with the Yoast SEO plugin v27.4 - https:\/\/yoast.com\/product\/yoast-seo-wordpress\/ -->\n<title>Sujetador Selene Carolina - Rosana CL<\/title>\n<meta name=\"robots\" content=\"index, follow, max-snippet:-1, max-image-preview:large, max-video-preview:-1\" \/>\n<link rel=\"canonical\" href=\"https:\/\/rosanacl.com\/sk\/produkt\/sujetador-modelo-carolina\/\" \/>\n<meta property=\"og:locale\" content=\"sk_SK\" \/>\n<meta property=\"og:type\" content=\"article\" \/>\n<meta property=\"og:title\" content=\"Sujetador Selene Carolina - Rosana CL\" \/>\n<meta property=\"og:description\" content=\"El sujetador Selene modelo Carolina es de esos sujetadores que te dejan el pecho bonito y bien colocado sin que se note el \u00abtruco\u00bb. Lleva relleno fino para un efecto moldeador natural y un escote balconette que queda precioso con prendas m\u00e1s abiertas, porque dibuja una l\u00ednea muy limpia y favorecedora. Pensado para el d\u00eda [&hellip;]\" \/>\n<meta property=\"og:url\" content=\"https:\/\/rosanacl.com\/sk\/produkt\/sujetador-modelo-carolina\/\" \/>\n<meta property=\"og:site_name\" content=\"Rosana CL\" \/>\n<meta property=\"article:modified_time\" content=\"2026-01-07T19:46:04+00:00\" \/>\n<meta property=\"og:image\" content=\"https:\/\/rosanacl.com\/wp-content\/uploads\/2025\/04\/Sujetador-Selene-modelo-Carolina_00001.webp\" \/>\n\t<meta property=\"og:image:width\" content=\"1000\" \/>\n\t<meta property=\"og:image:height\" content=\"1000\" \/>\n\t<meta property=\"og:image:type\" content=\"image\/webp\" \/>\n<meta name=\"twitter:card\" content=\"summary_large_image\" \/>\n<meta name=\"twitter:label1\" content=\"Predpokladan\u00fd \u010das \u010d\u00edtania\" \/>\n\t<meta name=\"twitter:data1\" content=\"2 min\u00faty\" \/>\n<script type=\"application\/ld+json\" class=\"yoast-schema-graph\">{\"@context\":\"https:\\\/\\\/schema.org\",\"@graph\":[{\"@type\":\"WebPage\",\"@id\":\"https:\\\/\\\/rosanacl.com\\\/producto\\\/sujetador-modelo-carolina\\\/\",\"url\":\"https:\\\/\\\/rosanacl.com\\\/producto\\\/sujetador-modelo-carolina\\\/\",\"name\":\"Sujetador Selene Carolina - Rosana CL\",\"isPartOf\":{\"@id\":\"https:\\\/\\\/rosanacl.com\\\/ca\\\/#website\"},\"primaryImageOfPage\":{\"@id\":\"https:\\\/\\\/rosanacl.com\\\/producto\\\/sujetador-modelo-carolina\\\/#primaryimage\"},\"image\":{\"@id\":\"https:\\\/\\\/rosanacl.com\\\/producto\\\/sujetador-modelo-carolina\\\/#primaryimage\"},\"thumbnailUrl\":\"https:\\\/\\\/rosanacl.com\\\/wp-content\\\/uploads\\\/2025\\\/04\\\/Sujetador-Selene-modelo-Carolina_00001.webp\",\"datePublished\":\"2025-04-29T22:53:37+00:00\",\"dateModified\":\"2026-01-07T19:46:04+00:00\",\"breadcrumb\":{\"@id\":\"https:\\\/\\\/rosanacl.com\\\/producto\\\/sujetador-modelo-carolina\\\/#breadcrumb\"},\"inLanguage\":\"sk-SK\",\"potentialAction\":[{\"@type\":\"ReadAction\",\"target\":[\"https:\\\/\\\/rosanacl.com\\\/producto\\\/sujetador-modelo-carolina\\\/\"]}]},{\"@type\":\"ImageObject\",\"inLanguage\":\"sk-SK\",\"@id\":\"https:\\\/\\\/rosanacl.com\\\/producto\\\/sujetador-modelo-carolina\\\/#primaryimage\",\"url\":\"https:\\\/\\\/rosanacl.com\\\/wp-content\\\/uploads\\\/2025\\\/04\\\/Sujetador-Selene-modelo-Carolina_00001.webp\",\"contentUrl\":\"https:\\\/\\\/rosanacl.com\\\/wp-content\\\/uploads\\\/2025\\\/04\\\/Sujetador-Selene-modelo-Carolina_00001.webp\",\"width\":1000,\"height\":1000},{\"@type\":\"BreadcrumbList\",\"@id\":\"https:\\\/\\\/rosanacl.com\\\/producto\\\/sujetador-modelo-carolina\\\/#breadcrumb\",\"itemListElement\":[{\"@type\":\"ListItem\",\"position\":1,\"name\":\"Portada\",\"item\":\"https:\\\/\\\/rosanacl.com\\\/ca\\\/\"},{\"@type\":\"ListItem\",\"position\":2,\"name\":\"Tienda\",\"item\":\"https:\\\/\\\/rosanacl.com\\\/ca\\\/tienda\\\/\"},{\"@type\":\"ListItem\",\"position\":3,\"name\":\"Sujetador Selene Carolina\"}]},{\"@type\":\"WebSite\",\"@id\":\"https:\\\/\\\/rosanacl.com\\\/ca\\\/#website\",\"url\":\"https:\\\/\\\/rosanacl.com\\\/ca\\\/\",\"name\":\"Rosana CL\",\"description\":\"Somos tu interior\",\"potentialAction\":[{\"@type\":\"SearchAction\",\"target\":{\"@type\":\"EntryPoint\",\"urlTemplate\":\"https:\\\/\\\/rosanacl.com\\\/ca\\\/?s={search_term_string}\"},\"query-input\":{\"@type\":\"PropertyValueSpecification\",\"valueRequired\":true,\"valueName\":\"search_term_string\"}}],\"inLanguage\":\"sk-SK\"}]}<\/script>\n<!-- \/ Yoast SEO plugin. -->","yoast_head_json":{"title":"Sujetador Selene Carolina - Rosana CL","robots":{"index":"index","follow":"follow","max-snippet":"max-snippet:-1","max-image-preview":"max-image-preview:large","max-video-preview":"max-video-preview:-1"},"canonical":"https:\/\/rosanacl.com\/sk\/produkt\/sujetador-modelo-carolina\/","og_locale":"sk_SK","og_type":"article","og_title":"Sujetador Selene Carolina - Rosana CL","og_description":"El sujetador Selene modelo Carolina es de esos sujetadores que te dejan el pecho bonito y bien colocado sin que se note el \u00abtruco\u00bb. Lleva relleno fino para un efecto moldeador natural y un escote balconette que queda precioso con prendas m\u00e1s abiertas, porque dibuja una l\u00ednea muy limpia y favorecedora. Pensado para el d\u00eda [&hellip;]","og_url":"https:\/\/rosanacl.com\/sk\/produkt\/sujetador-modelo-carolina\/","og_site_name":"Rosana CL","article_modified_time":"2026-01-07T19:46:04+00:00","og_image":[{"width":1000,"height":1000,"url":"https:\/\/rosanacl.com\/wp-content\/uploads\/2025\/04\/Sujetador-Selene-modelo-Carolina_00001.webp","type":"image\/webp"}],"twitter_card":"summary_large_image","twitter_misc":{"Predpokladan\u00fd \u010das \u010d\u00edtania":"2 min\u00faty"},"schema":{"@context":"https:\/\/schema.org","@graph":[{"@type":"WebPage","@id":"https:\/\/rosanacl.com\/producto\/sujetador-modelo-carolina\/","url":"https:\/\/rosanacl.com\/producto\/sujetador-modelo-carolina\/","name":"Sujetador Selene Carolina - Rosana CL","isPartOf":{"@id":"https:\/\/rosanacl.com\/ca\/#website"},"primaryImageOfPage":{"@id":"https:\/\/rosanacl.com\/producto\/sujetador-modelo-carolina\/#primaryimage"},"image":{"@id":"https:\/\/rosanacl.com\/producto\/sujetador-modelo-carolina\/#primaryimage"},"thumbnailUrl":"https:\/\/rosanacl.com\/wp-content\/uploads\/2025\/04\/Sujetador-Selene-modelo-Carolina_00001.webp","datePublished":"2025-04-29T22:53:37+00:00","dateModified":"2026-01-07T19:46:04+00:00","breadcrumb":{"@id":"https:\/\/rosanacl.com\/producto\/sujetador-modelo-carolina\/#breadcrumb"},"inLanguage":"sk-SK","potentialAction":[{"@type":"ReadAction","target":["https:\/\/rosanacl.com\/producto\/sujetador-modelo-carolina\/"]}]},{"@type":"ImageObject","inLanguage":"sk-SK","@id":"https:\/\/rosanacl.com\/producto\/sujetador-modelo-carolina\/#primaryimage","url":"https:\/\/rosanacl.com\/wp-content\/uploads\/2025\/04\/Sujetador-Selene-modelo-Carolina_00001.webp","contentUrl":"https:\/\/rosanacl.com\/wp-content\/uploads\/2025\/04\/Sujetador-Selene-modelo-Carolina_00001.webp","width":1000,"height":1000},{"@type":"BreadcrumbList","@id":"https:\/\/rosanacl.com\/producto\/sujetador-modelo-carolina\/#breadcrumb","itemListElement":[{"@type":"ListItem","position":1,"name":"Portada","item":"https:\/\/rosanacl.com\/ca\/"},{"@type":"ListItem","position":2,"name":"Tienda","item":"https:\/\/rosanacl.com\/ca\/tienda\/"},{"@type":"ListItem","position":3,"name":"Sujetador Selene Carolina"}]},{"@type":"WebSite","@id":"https:\/\/rosanacl.com\/ca\/#website","url":"https:\/\/rosanacl.com\/ca\/","name":"Rosana CL","description":"Sme tvoje vn\u00fatorn\u00e9 ja","potentialAction":[{"@type":"SearchAction","target":{"@type":"EntryPoint","urlTemplate":"https:\/\/rosanacl.com\/ca\/?s={search_term_string}"},"query-input":{"@type":"PropertyValueSpecification","valueRequired":true,"valueName":"search_term_string"}}],"inLanguage":"sk-SK"}]}},"_links":{"self":[{"href":"https:\/\/rosanacl.com\/sk\/wp-json\/wp\/v2\/product\/1122","targetHints":{"allow":["GET"]}}],"collection":[{"href":"https:\/\/rosanacl.com\/sk\/wp-json\/wp\/v2\/product"}],"about":[{"href":"https:\/\/rosanacl.com\/sk\/wp-json\/wp\/v2\/types\/product"}],"replies":[{"embeddable":true,"href":"https:\/\/rosanacl.com\/sk\/wp-json\/wp\/v2\/comments?post=1122"}],"version-history":[{"count":5,"href":"https:\/\/rosanacl.com\/sk\/wp-json\/wp\/v2\/product\/1122\/revisions"}],"predecessor-version":[{"id":4610,"href":"https:\/\/rosanacl.com\/sk\/wp-json\/wp\/v2\/product\/1122\/revisions\/4610"}],"wp:featuredmedia":[{"embeddable":true,"href":"https:\/\/rosanacl.com\/sk\/wp-json\/wp\/v2\/media\/1425"}],"wp:attachment":[{"href":"https:\/\/rosanacl.com\/sk\/wp-json\/wp\/v2\/media?parent=1122"}],"wp:term":[{"taxonomy":"product_brand","embeddable":true,"href":"https:\/\/rosanacl.com\/sk\/wp-json\/wp\/v2\/product_brand?post=1122"},{"taxonomy":"product_cat","embeddable":true,"href":"https:\/\/rosanacl.com\/sk\/wp-json\/wp\/v2\/product_cat?post=1122"},{"taxonomy":"product_tag","embeddable":true,"href":"https:\/\/rosanacl.com\/sk\/wp-json\/wp\/v2\/product_tag?post=1122"}],"curies":[{"name":"wp","href":"https:\/\/api.w.org\/{rel}","templated":true}]}}