{"id":1198,"date":"2025-04-30T01:02:17","date_gmt":"2025-04-29T23:02:17","guid":{"rendered":"https:\/\/rosanacl.com\/?post_type=product&#038;p=1198"},"modified":"2026-01-07T20:28:57","modified_gmt":"2026-01-07T19:28:57","slug":"sujetador-modelo-regina","status":"publish","type":"product","link":"https:\/\/rosanacl.com\/sk\/produkt\/sujetador-modelo-regina\/","title":{"rendered":"Selene Regina Bra"},"content":{"rendered":"<p>Podprsenka Selene Regina je jednou z t\u00fdch, ktor\u00e9 bez n\u00e1mahy pozdvihn\u00fa ak\u00fdko\u013evek outfit: \u010dipkovan\u00e1 braletka s prec\u00edzne vytvoren\u00fdm vzh\u013eadom, navrhnut\u00e1 tak, aby ste vyzerali a c\u00edtili sa lichotivo a z\u00e1rove\u0148 pohodlne. Jej dizajn bez kost\u00edc poskytuje \u013eah\u0161\u00ed pocit pri ka\u017edodennom nosen\u00ed a z\u00e1rove\u0148 si zachov\u00e1va stabiln\u00fa oporu a kr\u00e1sny tvar, ide\u00e1lny pre tie, ktor\u00e9 h\u013eadaj\u00fa \u017eensk\u00fd vzh\u013ead s elegantn\u00fdm povrchom.<\/p>\n<p>Polstrovan\u00fd ko\u0161\u00ed\u010dek pom\u00e1ha prirodzene zv\u00fdrazni\u0165 a vytvori\u0165 \u010distej\u0161\u00ed a harmonickej\u0161\u00ed dekolt pod oble\u010den\u00edm. Je to ve\u013emi v\u0161estrann\u00fd odev na ka\u017edodenn\u00e9 nosenie, ide\u00e1lny pod tri\u010dk\u00e1, bl\u00fazky alebo priliehavej\u0161ie oble\u010denie, preto\u017ee kombinuje pohodlie, \u0161t\u00fdl a sofistikovan\u00fd vzh\u013ead bez toho, aby bol prehnan\u00fd.<\/p>\n<p>\u010co si na Regine zamilujete<\/p>\n<ul>\n<li>\u010cipkovan\u00e1 podprsenka v \u0161t\u00fdle bralette s elegantn\u00fdm povrchom.<\/li>\n<li>Bez kostice: skuto\u010dn\u00e9 pohodlie, \u017eiadny tlak.<\/li>\n<li>Vystu\u017een\u00fd ko\u0161\u00ed\u010dek: prirodzen\u00e9 zdvihnutie a kr\u00e1sny tvar.<\/li>\n<li>Stabiln\u00e1 opora pre pohodln\u00e9 nosenie po cel\u00e9 hodiny.<\/li>\n<li>Skombinujte ich s bikinov\u00fdmi nohavi\u010dkami Selene 3118 a vytvorte tak kompletn\u00fd set.<\/li>\n<\/ul>\n<p>\ud83d\udde3\ufe0f Tip: Regina je jedna z t\u00fdch podprseniek, pri ktor\u00fdch zabudnete, \u017ee ich m\u00e1te na sebe: je m\u00e4kk\u00e1, \u013eahk\u00e1 a netla\u010d\u00ed, no z\u00e1rove\u0148 v\u00e1m poskytuje pokoj v du\u0161i, preto\u017ee v\u0161etko zostane na svojom mieste. Ide\u00e1lna, ak m\u00e1te radi \u017eensk\u00fd a pekn\u00fd vzh\u013ead bez pocitu pevn\u00fdch kostic.<\/p>\n<p>\ud83d\udccf Pozn\u00e1mka: Ak si nie ste ist\u00ed medzi dvoma ve\u013ekos\u0165ami, zamyslite sa nad t\u00fdm, ako sa v\u00e1m p\u00e1\u010di, aby nohavice sedeli pohodlnej\u0161ie a stabilnej\u0161ie: ak chcete, aby nohavice viac sedeli a boli stabilnej\u0161ie, vyberte si men\u0161iu ve\u013ekos\u0165; ak uprednost\u0148ujete vo\u013enej\u0161\u00ed a pohodlnej\u0161\u00ed pocit pri dlhodobom nosen\u00ed, vyberte si o \u010d\u00edslo v\u00e4\u010d\u0161iu ve\u013ekos\u0165.<\/p>\n<p>Zlo\u017eenie: 39% Polyamid \/ 18% Elastan \/ 43% Polyester<\/p>\n<p>\ud83d\udc97 Ke\u010f chcete vyzera\u0165 pekne bez pr\u00edli\u0161n\u00e9ho prem\u00fd\u0161\u013eania: Regina.<\/p>\n<p>&nbsp;<\/p>","protected":false},"excerpt":{"rendered":"<p>El sujetador Selene modelo Regina es de esos que elevan un conjunto sin esfuerzo: un bralette de encaje con una est\u00e9tica muy cuidada, pensado para que te veas favorecida y te sientas c\u00f3moda a la vez. Su dise\u00f1o sin aros aporta una sensaci\u00f3n m\u00e1s ligera en el d\u00eda a d\u00eda, manteniendo una sujeci\u00f3n estable y [&hellip;]<\/p>\n","protected":false},"featured_media":1463,"comment_status":"open","ping_status":"closed","template":"","meta":{"content-type":""},"product_brand":[55],"product_cat":[100,27,20],"product_tag":[56,63],"class_list":{"0":"post-1198","1":"product","2":"type-product","3":"status-publish","4":"has-post-thumbnail","6":"product_brand-selene","7":"product_cat-regina","8":"product_cat-sin-aros-con-relleno","9":"product_cat-sujetador","10":"product_tag-sujetador","11":"product_tag-sujetador-sin-aros-con-relleno","13":"first","14":"instock","15":"taxable","16":"shipping-taxable","17":"purchasable","18":"product-type-variable"},"supplier_id":null,"supplier_sku":"","barcode":null,"atum_controlled":true,"out_stock_date":null,"out_stock_threshold":null,"inheritable":true,"inbound_stock":0,"stock_on_hold":0,"sold_today":0,"sales_last_days":0,"reserved_stock":0,"customer_returns":0,"warehouse_damage":0,"lost_in_post":0,"other_logs":0,"out_stock_days":0,"lost_sales":0,"has_location":false,"update_date":"2026-01-07T19:28:58","atum_locations":[],"atum_stock_status":"instock","restock_status":false,"low_stock_amount":"","sales_update_date":"2025-10-03T04:56:32","calc_backorders":null,"yoast_head":"<!-- This site is optimized with the Yoast SEO plugin v27.4 - https:\/\/yoast.com\/product\/yoast-seo-wordpress\/ -->\n<title>Sujetador Selene Regina - Rosana CL<\/title>\n<meta name=\"robots\" content=\"index, follow, max-snippet:-1, max-image-preview:large, max-video-preview:-1\" \/>\n<link rel=\"canonical\" href=\"https:\/\/rosanacl.com\/sk\/produkt\/sujetador-modelo-regina\/\" \/>\n<meta property=\"og:locale\" content=\"sk_SK\" \/>\n<meta property=\"og:type\" content=\"article\" \/>\n<meta property=\"og:title\" content=\"Sujetador Selene Regina - Rosana CL\" \/>\n<meta property=\"og:description\" content=\"El sujetador Selene modelo Regina es de esos que elevan un conjunto sin esfuerzo: un bralette de encaje con una est\u00e9tica muy cuidada, pensado para que te veas favorecida y te sientas c\u00f3moda a la vez. Su dise\u00f1o sin aros aporta una sensaci\u00f3n m\u00e1s ligera en el d\u00eda a d\u00eda, manteniendo una sujeci\u00f3n estable y [&hellip;]\" \/>\n<meta property=\"og:url\" content=\"https:\/\/rosanacl.com\/sk\/produkt\/sujetador-modelo-regina\/\" \/>\n<meta property=\"og:site_name\" content=\"Rosana CL\" \/>\n<meta property=\"article:modified_time\" content=\"2026-01-07T19:28:57+00:00\" \/>\n<meta property=\"og:image\" content=\"https:\/\/rosanacl.com\/wp-content\/uploads\/2025\/04\/Sujetador-modelo-Regina-000001.webp\" \/>\n\t<meta property=\"og:image:width\" content=\"1000\" \/>\n\t<meta property=\"og:image:height\" content=\"1000\" \/>\n\t<meta property=\"og:image:type\" content=\"image\/webp\" \/>\n<meta name=\"twitter:card\" content=\"summary_large_image\" \/>\n<meta name=\"twitter:label1\" content=\"Predpokladan\u00fd \u010das \u010d\u00edtania\" \/>\n\t<meta name=\"twitter:data1\" content=\"2 min\u00faty\" \/>\n<script type=\"application\/ld+json\" class=\"yoast-schema-graph\">{\"@context\":\"https:\\\/\\\/schema.org\",\"@graph\":[{\"@type\":\"WebPage\",\"@id\":\"https:\\\/\\\/rosanacl.com\\\/producto\\\/sujetador-modelo-regina\\\/\",\"url\":\"https:\\\/\\\/rosanacl.com\\\/producto\\\/sujetador-modelo-regina\\\/\",\"name\":\"Sujetador Selene Regina - Rosana CL\",\"isPartOf\":{\"@id\":\"https:\\\/\\\/rosanacl.com\\\/ca\\\/#website\"},\"primaryImageOfPage\":{\"@id\":\"https:\\\/\\\/rosanacl.com\\\/producto\\\/sujetador-modelo-regina\\\/#primaryimage\"},\"image\":{\"@id\":\"https:\\\/\\\/rosanacl.com\\\/producto\\\/sujetador-modelo-regina\\\/#primaryimage\"},\"thumbnailUrl\":\"https:\\\/\\\/rosanacl.com\\\/wp-content\\\/uploads\\\/2025\\\/04\\\/Sujetador-modelo-Regina-000001.webp\",\"datePublished\":\"2025-04-29T23:02:17+00:00\",\"dateModified\":\"2026-01-07T19:28:57+00:00\",\"breadcrumb\":{\"@id\":\"https:\\\/\\\/rosanacl.com\\\/producto\\\/sujetador-modelo-regina\\\/#breadcrumb\"},\"inLanguage\":\"sk-SK\",\"potentialAction\":[{\"@type\":\"ReadAction\",\"target\":[\"https:\\\/\\\/rosanacl.com\\\/producto\\\/sujetador-modelo-regina\\\/\"]}]},{\"@type\":\"ImageObject\",\"inLanguage\":\"sk-SK\",\"@id\":\"https:\\\/\\\/rosanacl.com\\\/producto\\\/sujetador-modelo-regina\\\/#primaryimage\",\"url\":\"https:\\\/\\\/rosanacl.com\\\/wp-content\\\/uploads\\\/2025\\\/04\\\/Sujetador-modelo-Regina-000001.webp\",\"contentUrl\":\"https:\\\/\\\/rosanacl.com\\\/wp-content\\\/uploads\\\/2025\\\/04\\\/Sujetador-modelo-Regina-000001.webp\",\"width\":1000,\"height\":1000},{\"@type\":\"BreadcrumbList\",\"@id\":\"https:\\\/\\\/rosanacl.com\\\/producto\\\/sujetador-modelo-regina\\\/#breadcrumb\",\"itemListElement\":[{\"@type\":\"ListItem\",\"position\":1,\"name\":\"Portada\",\"item\":\"https:\\\/\\\/rosanacl.com\\\/ca\\\/\"},{\"@type\":\"ListItem\",\"position\":2,\"name\":\"Tienda\",\"item\":\"https:\\\/\\\/rosanacl.com\\\/ca\\\/tienda\\\/\"},{\"@type\":\"ListItem\",\"position\":3,\"name\":\"Sujetador Selene Regina\"}]},{\"@type\":\"WebSite\",\"@id\":\"https:\\\/\\\/rosanacl.com\\\/ca\\\/#website\",\"url\":\"https:\\\/\\\/rosanacl.com\\\/ca\\\/\",\"name\":\"Rosana CL\",\"description\":\"Somos tu interior\",\"potentialAction\":[{\"@type\":\"SearchAction\",\"target\":{\"@type\":\"EntryPoint\",\"urlTemplate\":\"https:\\\/\\\/rosanacl.com\\\/ca\\\/?s={search_term_string}\"},\"query-input\":{\"@type\":\"PropertyValueSpecification\",\"valueRequired\":true,\"valueName\":\"search_term_string\"}}],\"inLanguage\":\"sk-SK\"}]}<\/script>\n<!-- \/ Yoast SEO plugin. -->","yoast_head_json":{"title":"Sujetador Selene Regina - Rosana CL","robots":{"index":"index","follow":"follow","max-snippet":"max-snippet:-1","max-image-preview":"max-image-preview:large","max-video-preview":"max-video-preview:-1"},"canonical":"https:\/\/rosanacl.com\/sk\/produkt\/sujetador-modelo-regina\/","og_locale":"sk_SK","og_type":"article","og_title":"Sujetador Selene Regina - Rosana CL","og_description":"El sujetador Selene modelo Regina es de esos que elevan un conjunto sin esfuerzo: un bralette de encaje con una est\u00e9tica muy cuidada, pensado para que te veas favorecida y te sientas c\u00f3moda a la vez. Su dise\u00f1o sin aros aporta una sensaci\u00f3n m\u00e1s ligera en el d\u00eda a d\u00eda, manteniendo una sujeci\u00f3n estable y [&hellip;]","og_url":"https:\/\/rosanacl.com\/sk\/produkt\/sujetador-modelo-regina\/","og_site_name":"Rosana CL","article_modified_time":"2026-01-07T19:28:57+00:00","og_image":[{"width":1000,"height":1000,"url":"https:\/\/rosanacl.com\/wp-content\/uploads\/2025\/04\/Sujetador-modelo-Regina-000001.webp","type":"image\/webp"}],"twitter_card":"summary_large_image","twitter_misc":{"Predpokladan\u00fd \u010das \u010d\u00edtania":"2 min\u00faty"},"schema":{"@context":"https:\/\/schema.org","@graph":[{"@type":"WebPage","@id":"https:\/\/rosanacl.com\/producto\/sujetador-modelo-regina\/","url":"https:\/\/rosanacl.com\/producto\/sujetador-modelo-regina\/","name":"Sujetador Selene Regina - Rosana CL","isPartOf":{"@id":"https:\/\/rosanacl.com\/ca\/#website"},"primaryImageOfPage":{"@id":"https:\/\/rosanacl.com\/producto\/sujetador-modelo-regina\/#primaryimage"},"image":{"@id":"https:\/\/rosanacl.com\/producto\/sujetador-modelo-regina\/#primaryimage"},"thumbnailUrl":"https:\/\/rosanacl.com\/wp-content\/uploads\/2025\/04\/Sujetador-modelo-Regina-000001.webp","datePublished":"2025-04-29T23:02:17+00:00","dateModified":"2026-01-07T19:28:57+00:00","breadcrumb":{"@id":"https:\/\/rosanacl.com\/producto\/sujetador-modelo-regina\/#breadcrumb"},"inLanguage":"sk-SK","potentialAction":[{"@type":"ReadAction","target":["https:\/\/rosanacl.com\/producto\/sujetador-modelo-regina\/"]}]},{"@type":"ImageObject","inLanguage":"sk-SK","@id":"https:\/\/rosanacl.com\/producto\/sujetador-modelo-regina\/#primaryimage","url":"https:\/\/rosanacl.com\/wp-content\/uploads\/2025\/04\/Sujetador-modelo-Regina-000001.webp","contentUrl":"https:\/\/rosanacl.com\/wp-content\/uploads\/2025\/04\/Sujetador-modelo-Regina-000001.webp","width":1000,"height":1000},{"@type":"BreadcrumbList","@id":"https:\/\/rosanacl.com\/producto\/sujetador-modelo-regina\/#breadcrumb","itemListElement":[{"@type":"ListItem","position":1,"name":"Portada","item":"https:\/\/rosanacl.com\/ca\/"},{"@type":"ListItem","position":2,"name":"Tienda","item":"https:\/\/rosanacl.com\/ca\/tienda\/"},{"@type":"ListItem","position":3,"name":"Sujetador Selene Regina"}]},{"@type":"WebSite","@id":"https:\/\/rosanacl.com\/ca\/#website","url":"https:\/\/rosanacl.com\/ca\/","name":"Rosana CL","description":"Sme tvoje vn\u00fatorn\u00e9 ja","potentialAction":[{"@type":"SearchAction","target":{"@type":"EntryPoint","urlTemplate":"https:\/\/rosanacl.com\/ca\/?s={search_term_string}"},"query-input":{"@type":"PropertyValueSpecification","valueRequired":true,"valueName":"search_term_string"}}],"inLanguage":"sk-SK"}]}},"_links":{"self":[{"href":"https:\/\/rosanacl.com\/sk\/wp-json\/wp\/v2\/product\/1198","targetHints":{"allow":["GET"]}}],"collection":[{"href":"https:\/\/rosanacl.com\/sk\/wp-json\/wp\/v2\/product"}],"about":[{"href":"https:\/\/rosanacl.com\/sk\/wp-json\/wp\/v2\/types\/product"}],"replies":[{"embeddable":true,"href":"https:\/\/rosanacl.com\/sk\/wp-json\/wp\/v2\/comments?post=1198"}],"version-history":[{"count":5,"href":"https:\/\/rosanacl.com\/sk\/wp-json\/wp\/v2\/product\/1198\/revisions"}],"predecessor-version":[{"id":4608,"href":"https:\/\/rosanacl.com\/sk\/wp-json\/wp\/v2\/product\/1198\/revisions\/4608"}],"wp:featuredmedia":[{"embeddable":true,"href":"https:\/\/rosanacl.com\/sk\/wp-json\/wp\/v2\/media\/1463"}],"wp:attachment":[{"href":"https:\/\/rosanacl.com\/sk\/wp-json\/wp\/v2\/media?parent=1198"}],"wp:term":[{"taxonomy":"product_brand","embeddable":true,"href":"https:\/\/rosanacl.com\/sk\/wp-json\/wp\/v2\/product_brand?post=1198"},{"taxonomy":"product_cat","embeddable":true,"href":"https:\/\/rosanacl.com\/sk\/wp-json\/wp\/v2\/product_cat?post=1198"},{"taxonomy":"product_tag","embeddable":true,"href":"https:\/\/rosanacl.com\/sk\/wp-json\/wp\/v2\/product_tag?post=1198"}],"curies":[{"name":"wp","href":"https:\/\/api.w.org\/{rel}","templated":true}]}}