{"id":1253,"date":"2025-04-30T01:05:07","date_gmt":"2025-04-29T23:05:07","guid":{"rendered":"https:\/\/rosanacl.com\/?post_type=product&#038;p=1253"},"modified":"2026-01-07T20:23:16","modified_gmt":"2026-01-07T19:23:16","slug":"sujetador-modelo-raquel","status":"publish","type":"product","link":"https:\/\/rosanacl.com\/sk\/produkt\/sujetador-modelo-raquel\/","title":{"rendered":"Selene Raquel Bra"},"content":{"rendered":"<p>Podprsenka Selene Raquel je balconetov\u00e1 s dvojit\u00fdmi push-up ko\u0161\u00ed\u010dkami, ktor\u00e1 je navrhnut\u00e1 tak, aby vytvorila v\u00fdraznej\u0161\u00ed dekolt a vidite\u013en\u00e9 vylep\u0161enie, pri\u010dom si zachov\u00e1va elegantn\u00fd a ve\u013emi \u017eensk\u00fd vzh\u013ead. Jej \u0161trukt\u00fara s kosticami pom\u00e1ha vycentrova\u0165 a zdvihn\u00fa\u0165 poprsie, \u010d\u00edm poskytuje pevn\u00fd pocit podpory a kr\u00e1sny vzh\u013ead aj pod priliehav\u00fdm oble\u010den\u00edm.<\/p>\n<p>Je to ide\u00e1lny k\u00fasok vo va\u0161om v\u00fdbere spodnej bielizne Selene, ak h\u013ead\u00e1te podprsenku, ktor\u00e1 rob\u00ed rozdiel: lichot\u00ed, \u0161tylizuje a zv\u00fdraz\u0148uje va\u0161u prirodzen\u00fa postavu, je ide\u00e1lna na \u0161peci\u00e1lne pr\u00edle\u017eitosti aj na dni, ke\u010f sa chcete c\u00edti\u0165 sebavedomej\u0161ie a kraj\u0161ie v ka\u017edodennom oble\u010den\u00ed.<\/p>\n<p>\u010co si zamilujete<\/p>\n<ul>\n<li>Dvojit\u00fd klik: extra zdvihnutie a v\u00fdraznej\u0161\u00ed efekt \u00abzdvihnutia p\u0155s\u00bb.<\/li>\n<li>Balkonetov\u00fd strih, ktor\u00fd zv\u00fdraz\u0148uje a zaoblieva, s ve\u013emi lichotiv\u00fdm v\u00fdstrihom.<\/li>\n<li>Kruhy pre stabilnej\u0161ie dr\u017eanie a kr\u00e1sny tvar po cel\u00e9 hodiny.<\/li>\n<li>Povrchov\u00e1 \u00faprava navrhnut\u00e1 tak, aby vyzerala skvele s topmi s hlbok\u00fdm v\u00fdstrihom a priliehav\u00fdm oble\u010den\u00edm bez toho, aby obetovala pohodlie.<\/li>\n<li>Ide\u00e1lny model, ak h\u013ead\u00e1te podprsenku, ktor\u00e1 kombinuje zmyselnos\u0165 a skuto\u010dn\u00fa oporu.<\/li>\n<\/ul>\n<p>\ud83d\udde3\ufe0f Tip: Kr\u00e1sa podprsenky Selene Raquel spo\u010d\u00edva v jej vycentrovanom \u00abnapumpovanom\u00bb efekte: ke\u010f\u017ee ide o balconetov\u00fa podprsenku s dvojit\u00fdm push-up syst\u00e9mom, vyzer\u00e1 skvele s topmi s hlbok\u00fdm v\u00fdstrihom a priliehav\u00fdmi tri\u010dkami. Upravte si ju tak, aby ko\u0161\u00ed\u010dky le\u017eali plocho a dekolt bol definovan\u00fd bez nutnosti \u00fapravy.<\/p>\n<p>\ud83d\udccf Pozn\u00e1mka: Ak sa nach\u00e1dzate medzi ve\u013ekos\u0165ami, pou\u017eite svoje miery ako pom\u00f4cku: ak uprednost\u0148ujete pevnej\u0161\u00ed strih, vyberte si svoju obvykl\u00fa ve\u013ekos\u0165; ak uprednost\u0148ujete v\u00e4\u010d\u0161ie pohodlie alebo ste niekde medzi t\u00fdm, zvo\u013ete si o \u010d\u00edslo v\u00e4\u010d\u0161iu ve\u013ekos\u0165.<\/p>\n<p>Zlo\u017eenie: 48% Polyester \u00b7 43% Polyamid \u00b7 9% Elastan<\/p>\n<p>\ud83e\ude84 Ten dotyk spodnej bielizne, ktor\u00fd zmen\u00ed cel\u00fd vzh\u013ead.<\/p>","protected":false},"excerpt":{"rendered":"<p>El sujetador Selene modelo Raquel es un balconette con doble push-up dise\u00f1ado para conseguir un escote m\u00e1s definido y un realce visible, manteniendo una est\u00e9tica elegante y muy femenina. Su estructura con aros ayuda a centrar y elevar el pecho, aportando una sensaci\u00f3n de sujeci\u00f3n firme y un acabado bonito incluso bajo prendas ajustadas. Es [&hellip;]<\/p>\n","protected":false},"featured_media":1459,"comment_status":"open","ping_status":"closed","template":"","meta":{"content-type":""},"product_brand":[55],"product_cat":[29,20],"product_tag":[64,56],"class_list":{"0":"post-1253","1":"product","2":"type-product","3":"status-publish","4":"has-post-thumbnail","6":"product_brand-selene","7":"product_cat-push-up","8":"product_cat-sujetador","9":"product_tag-doble-push-up","10":"product_tag-sujetador","12":"first","13":"instock","14":"taxable","15":"shipping-taxable","16":"purchasable","17":"product-type-variable"},"supplier_id":null,"supplier_sku":"","barcode":null,"atum_controlled":true,"out_stock_date":null,"out_stock_threshold":null,"inheritable":true,"inbound_stock":0,"stock_on_hold":0,"sold_today":0,"sales_last_days":0,"reserved_stock":0,"customer_returns":0,"warehouse_damage":0,"lost_in_post":0,"other_logs":0,"out_stock_days":0,"lost_sales":0,"has_location":false,"update_date":"2026-01-07T19:23:17","atum_locations":[],"atum_stock_status":"instock","restock_status":false,"low_stock_amount":"","sales_update_date":"2025-10-03T04:56:29","calc_backorders":null,"yoast_head":"<!-- This site is optimized with the Yoast SEO plugin v27.4 - https:\/\/yoast.com\/product\/yoast-seo-wordpress\/ -->\n<title>Sujetador Selene Raquel - Rosana CL<\/title>\n<meta name=\"robots\" content=\"index, follow, max-snippet:-1, max-image-preview:large, max-video-preview:-1\" \/>\n<link rel=\"canonical\" href=\"https:\/\/rosanacl.com\/sk\/produkt\/sujetador-modelo-raquel\/\" \/>\n<meta property=\"og:locale\" content=\"sk_SK\" \/>\n<meta property=\"og:type\" content=\"article\" \/>\n<meta property=\"og:title\" content=\"Sujetador Selene Raquel - Rosana CL\" \/>\n<meta property=\"og:description\" content=\"El sujetador Selene modelo Raquel es un balconette con doble push-up dise\u00f1ado para conseguir un escote m\u00e1s definido y un realce visible, manteniendo una est\u00e9tica elegante y muy femenina. Su estructura con aros ayuda a centrar y elevar el pecho, aportando una sensaci\u00f3n de sujeci\u00f3n firme y un acabado bonito incluso bajo prendas ajustadas. Es [&hellip;]\" \/>\n<meta property=\"og:url\" content=\"https:\/\/rosanacl.com\/sk\/produkt\/sujetador-modelo-raquel\/\" \/>\n<meta property=\"og:site_name\" content=\"Rosana CL\" \/>\n<meta property=\"article:modified_time\" content=\"2026-01-07T19:23:16+00:00\" \/>\n<meta property=\"og:image\" content=\"https:\/\/rosanacl.com\/wp-content\/uploads\/2025\/04\/Sujetador-modelo-Raquel-000001.webp\" \/>\n\t<meta property=\"og:image:width\" content=\"1000\" \/>\n\t<meta property=\"og:image:height\" content=\"1000\" \/>\n\t<meta property=\"og:image:type\" content=\"image\/webp\" \/>\n<meta name=\"twitter:card\" content=\"summary_large_image\" \/>\n<meta name=\"twitter:label1\" content=\"Predpokladan\u00fd \u010das \u010d\u00edtania\" \/>\n\t<meta name=\"twitter:data1\" content=\"2 min\u00faty\" \/>\n<script type=\"application\/ld+json\" class=\"yoast-schema-graph\">{\"@context\":\"https:\\\/\\\/schema.org\",\"@graph\":[{\"@type\":\"WebPage\",\"@id\":\"https:\\\/\\\/rosanacl.com\\\/producto\\\/sujetador-modelo-raquel\\\/\",\"url\":\"https:\\\/\\\/rosanacl.com\\\/producto\\\/sujetador-modelo-raquel\\\/\",\"name\":\"Sujetador Selene Raquel - Rosana CL\",\"isPartOf\":{\"@id\":\"https:\\\/\\\/rosanacl.com\\\/ca\\\/#website\"},\"primaryImageOfPage\":{\"@id\":\"https:\\\/\\\/rosanacl.com\\\/producto\\\/sujetador-modelo-raquel\\\/#primaryimage\"},\"image\":{\"@id\":\"https:\\\/\\\/rosanacl.com\\\/producto\\\/sujetador-modelo-raquel\\\/#primaryimage\"},\"thumbnailUrl\":\"https:\\\/\\\/rosanacl.com\\\/wp-content\\\/uploads\\\/2025\\\/04\\\/Sujetador-modelo-Raquel-000001.webp\",\"datePublished\":\"2025-04-29T23:05:07+00:00\",\"dateModified\":\"2026-01-07T19:23:16+00:00\",\"breadcrumb\":{\"@id\":\"https:\\\/\\\/rosanacl.com\\\/producto\\\/sujetador-modelo-raquel\\\/#breadcrumb\"},\"inLanguage\":\"sk-SK\",\"potentialAction\":[{\"@type\":\"ReadAction\",\"target\":[\"https:\\\/\\\/rosanacl.com\\\/producto\\\/sujetador-modelo-raquel\\\/\"]}]},{\"@type\":\"ImageObject\",\"inLanguage\":\"sk-SK\",\"@id\":\"https:\\\/\\\/rosanacl.com\\\/producto\\\/sujetador-modelo-raquel\\\/#primaryimage\",\"url\":\"https:\\\/\\\/rosanacl.com\\\/wp-content\\\/uploads\\\/2025\\\/04\\\/Sujetador-modelo-Raquel-000001.webp\",\"contentUrl\":\"https:\\\/\\\/rosanacl.com\\\/wp-content\\\/uploads\\\/2025\\\/04\\\/Sujetador-modelo-Raquel-000001.webp\",\"width\":1000,\"height\":1000},{\"@type\":\"BreadcrumbList\",\"@id\":\"https:\\\/\\\/rosanacl.com\\\/producto\\\/sujetador-modelo-raquel\\\/#breadcrumb\",\"itemListElement\":[{\"@type\":\"ListItem\",\"position\":1,\"name\":\"Portada\",\"item\":\"https:\\\/\\\/rosanacl.com\\\/ca\\\/\"},{\"@type\":\"ListItem\",\"position\":2,\"name\":\"Tienda\",\"item\":\"https:\\\/\\\/rosanacl.com\\\/ca\\\/tienda\\\/\"},{\"@type\":\"ListItem\",\"position\":3,\"name\":\"Sujetador Selene Raquel\"}]},{\"@type\":\"WebSite\",\"@id\":\"https:\\\/\\\/rosanacl.com\\\/ca\\\/#website\",\"url\":\"https:\\\/\\\/rosanacl.com\\\/ca\\\/\",\"name\":\"Rosana CL\",\"description\":\"Somos tu interior\",\"potentialAction\":[{\"@type\":\"SearchAction\",\"target\":{\"@type\":\"EntryPoint\",\"urlTemplate\":\"https:\\\/\\\/rosanacl.com\\\/ca\\\/?s={search_term_string}\"},\"query-input\":{\"@type\":\"PropertyValueSpecification\",\"valueRequired\":true,\"valueName\":\"search_term_string\"}}],\"inLanguage\":\"sk-SK\"}]}<\/script>\n<!-- \/ Yoast SEO plugin. -->","yoast_head_json":{"title":"Sujetador Selene Raquel - Rosana CL","robots":{"index":"index","follow":"follow","max-snippet":"max-snippet:-1","max-image-preview":"max-image-preview:large","max-video-preview":"max-video-preview:-1"},"canonical":"https:\/\/rosanacl.com\/sk\/produkt\/sujetador-modelo-raquel\/","og_locale":"sk_SK","og_type":"article","og_title":"Sujetador Selene Raquel - Rosana CL","og_description":"El sujetador Selene modelo Raquel es un balconette con doble push-up dise\u00f1ado para conseguir un escote m\u00e1s definido y un realce visible, manteniendo una est\u00e9tica elegante y muy femenina. Su estructura con aros ayuda a centrar y elevar el pecho, aportando una sensaci\u00f3n de sujeci\u00f3n firme y un acabado bonito incluso bajo prendas ajustadas. Es [&hellip;]","og_url":"https:\/\/rosanacl.com\/sk\/produkt\/sujetador-modelo-raquel\/","og_site_name":"Rosana CL","article_modified_time":"2026-01-07T19:23:16+00:00","og_image":[{"width":1000,"height":1000,"url":"https:\/\/rosanacl.com\/wp-content\/uploads\/2025\/04\/Sujetador-modelo-Raquel-000001.webp","type":"image\/webp"}],"twitter_card":"summary_large_image","twitter_misc":{"Predpokladan\u00fd \u010das \u010d\u00edtania":"2 min\u00faty"},"schema":{"@context":"https:\/\/schema.org","@graph":[{"@type":"WebPage","@id":"https:\/\/rosanacl.com\/producto\/sujetador-modelo-raquel\/","url":"https:\/\/rosanacl.com\/producto\/sujetador-modelo-raquel\/","name":"Sujetador Selene Raquel - Rosana CL","isPartOf":{"@id":"https:\/\/rosanacl.com\/ca\/#website"},"primaryImageOfPage":{"@id":"https:\/\/rosanacl.com\/producto\/sujetador-modelo-raquel\/#primaryimage"},"image":{"@id":"https:\/\/rosanacl.com\/producto\/sujetador-modelo-raquel\/#primaryimage"},"thumbnailUrl":"https:\/\/rosanacl.com\/wp-content\/uploads\/2025\/04\/Sujetador-modelo-Raquel-000001.webp","datePublished":"2025-04-29T23:05:07+00:00","dateModified":"2026-01-07T19:23:16+00:00","breadcrumb":{"@id":"https:\/\/rosanacl.com\/producto\/sujetador-modelo-raquel\/#breadcrumb"},"inLanguage":"sk-SK","potentialAction":[{"@type":"ReadAction","target":["https:\/\/rosanacl.com\/producto\/sujetador-modelo-raquel\/"]}]},{"@type":"ImageObject","inLanguage":"sk-SK","@id":"https:\/\/rosanacl.com\/producto\/sujetador-modelo-raquel\/#primaryimage","url":"https:\/\/rosanacl.com\/wp-content\/uploads\/2025\/04\/Sujetador-modelo-Raquel-000001.webp","contentUrl":"https:\/\/rosanacl.com\/wp-content\/uploads\/2025\/04\/Sujetador-modelo-Raquel-000001.webp","width":1000,"height":1000},{"@type":"BreadcrumbList","@id":"https:\/\/rosanacl.com\/producto\/sujetador-modelo-raquel\/#breadcrumb","itemListElement":[{"@type":"ListItem","position":1,"name":"Portada","item":"https:\/\/rosanacl.com\/ca\/"},{"@type":"ListItem","position":2,"name":"Tienda","item":"https:\/\/rosanacl.com\/ca\/tienda\/"},{"@type":"ListItem","position":3,"name":"Sujetador Selene Raquel"}]},{"@type":"WebSite","@id":"https:\/\/rosanacl.com\/ca\/#website","url":"https:\/\/rosanacl.com\/ca\/","name":"Rosana CL","description":"Sme tvoje vn\u00fatorn\u00e9 ja","potentialAction":[{"@type":"SearchAction","target":{"@type":"EntryPoint","urlTemplate":"https:\/\/rosanacl.com\/ca\/?s={search_term_string}"},"query-input":{"@type":"PropertyValueSpecification","valueRequired":true,"valueName":"search_term_string"}}],"inLanguage":"sk-SK"}]}},"_links":{"self":[{"href":"https:\/\/rosanacl.com\/sk\/wp-json\/wp\/v2\/product\/1253","targetHints":{"allow":["GET"]}}],"collection":[{"href":"https:\/\/rosanacl.com\/sk\/wp-json\/wp\/v2\/product"}],"about":[{"href":"https:\/\/rosanacl.com\/sk\/wp-json\/wp\/v2\/types\/product"}],"replies":[{"embeddable":true,"href":"https:\/\/rosanacl.com\/sk\/wp-json\/wp\/v2\/comments?post=1253"}],"version-history":[{"count":5,"href":"https:\/\/rosanacl.com\/sk\/wp-json\/wp\/v2\/product\/1253\/revisions"}],"predecessor-version":[{"id":4607,"href":"https:\/\/rosanacl.com\/sk\/wp-json\/wp\/v2\/product\/1253\/revisions\/4607"}],"wp:featuredmedia":[{"embeddable":true,"href":"https:\/\/rosanacl.com\/sk\/wp-json\/wp\/v2\/media\/1459"}],"wp:attachment":[{"href":"https:\/\/rosanacl.com\/sk\/wp-json\/wp\/v2\/media?parent=1253"}],"wp:term":[{"taxonomy":"product_brand","embeddable":true,"href":"https:\/\/rosanacl.com\/sk\/wp-json\/wp\/v2\/product_brand?post=1253"},{"taxonomy":"product_cat","embeddable":true,"href":"https:\/\/rosanacl.com\/sk\/wp-json\/wp\/v2\/product_cat?post=1253"},{"taxonomy":"product_tag","embeddable":true,"href":"https:\/\/rosanacl.com\/sk\/wp-json\/wp\/v2\/product_tag?post=1253"}],"curies":[{"name":"wp","href":"https:\/\/api.w.org\/{rel}","templated":true}]}}