{"id":2083,"date":"2025-05-23T10:10:33","date_gmt":"2025-05-23T08:10:33","guid":{"rendered":"https:\/\/rosanacl.com\/?post_type=product&#038;p=2083"},"modified":"2026-01-07T19:02:39","modified_gmt":"2026-01-07T18:02:39","slug":"sujetador-selene-modelo-mercedes","status":"publish","type":"product","link":"https:\/\/rosanacl.com\/sk\/produkt\/sujetador-selene-modelo-mercedes\/","title":{"rendered":"Podprsenka Selene Mercedes"},"content":{"rendered":"<p>Mercedes je podprsenka bez ramienok, ktor\u00e1 zachr\u00e1ni ak\u00fdko\u013evek vzh\u013ead: bez ramienok, s kosticami a vystu\u017een\u00e1, tak\u017ee va\u0161e poprsie vyzer\u00e1 zaoblen\u00e9, vycentrovan\u00e9 a kr\u00e1sne bez toho, aby ste si ho museli upravova\u0165 ka\u017ed\u00e9 dve min\u00faty. Ide\u00e1lna, ak h\u013ead\u00e1te \u010dist\u00fd vzh\u013ead pod oble\u010den\u00edm a v\u00fdstrih, ktor\u00fd vyzer\u00e1 elegantne (a lichotivo) od prv\u00e9ho okamihu.<\/p>\n<p>Jeho mikrovl\u00e1kno je m\u00e4kk\u00e9 a odoln\u00e9, navrhnut\u00e9 tak, aby bola podprsenka pohodln\u00e1 a diskr\u00e9tna, a to aj pod priliehav\u00fdm oble\u010den\u00edm. A ak niekedy potrebujete v\u00e4\u010d\u0161iu oporu alebo extra istotu, model obsahuje sadu l\u00e1tkov\u00fdch ramienok, tak\u017ee ho m\u00f4\u017eete nosi\u0165 pod\u013ea vlastn\u00e9ho uv\u00e1\u017eenia (v z\u00e1vislosti od v\u00e1\u0161ho outfitu a pr\u00edle\u017eitosti).<\/p>\n<p>K\u013e\u00fa\u010dov\u00e9 detaily (na \u010dom skuto\u010dne z\u00e1le\u017e\u00ed)<\/p>\n<ul>\n<li>Ko\u0161\u00ed\u010dek B s kosticami a v\u00fdstelkou: zv\u00fdraz\u0148uje a definuje dekolt prirodzen\u00fdm tvarom.<\/li>\n<li>Bezramienkov\u00fd \u0161t\u00fdl bez ramienok: ide\u00e1lny k \u0161at\u00e1m, topom a outfitom s odhalen\u00fdmi ramenami.<\/li>\n<li>Vr\u00e1tane textiln\u00fdch ramienok: \u00fapln\u00e1 v\u0161estrannos\u0165 v jednej podprsenke.<\/li>\n<li>M\u00e4kk\u00e9 a odoln\u00e9 mikrovl\u00e1kno: pr\u00edjemn\u00e9 na dotyk + dobr\u00e9 prisp\u00f4sobenie sa telu.<\/li>\n<\/ul>\n<p>\ud83d\udde3\ufe0f Tip: Mercedes je vyroben\u00fd tak, aby ste ho nemuseli upravova\u0165: p\u00f4sob\u00ed stabilne na kont\u00farach a zanech\u00e1va hrudn\u00edk vycentrovan\u00fd a zaoblen\u00fd, s t\u00fdm \u00ab\u010dist\u00fdm\u00bb efektom, ktor\u00fd vyzer\u00e1 kr\u00e1sne pod \u0161atami a topmi bez ramienok.<\/p>\n<p>\ud83d\udccf Pozn\u00e1mka: Pred k\u00fapou je ve\u013ekos\u0165 p\u00e1su k\u013e\u00fa\u010dov\u00e1 pre podprsenku bez ramienok: mus\u00ed tesne sedie\u0165 od prv\u00e9ho nastavenia, aby sa nepos\u00favala. Ak si nie ste ist\u00ed medzi dvoma ve\u013ekos\u0165ami p\u00e1su, zvy\u010dajne je lep\u0161ia t\u00e1 pevnej\u0161ia; a \u010do sa t\u00fdka ve\u013ekosti ko\u0161\u00ed\u010dkov, vyberte si t\u00fa, ktor\u00e1 poskytuje dobr\u00fa oporu v\u00e1\u0161mu poprsiu (bez zarez\u00e1vania v hornej \u010dasti), aby v\u00fdstrih vyzeral prirodzene a kr\u00e1sne.<\/p>\n<p>Zlo\u017eenie: 44% polyester \u00b7 48% polyamid \u00b7 8% elastan.<\/p>\n<p>\ud83d\udc83 Va\u0161e \u010destn\u00e9 slovo\u2026 s \u00faprimnou podporou.<\/p>","protected":false},"excerpt":{"rendered":"<p>El Mercedes es ese sujetador \u00abpalabra de honor\u00bb que te salva cualquier look: sin tirantes, con aros y relleno, para que el pecho quede redondeado, centrado y bonito sin necesidad de estar recoloc\u00e1ndolo cada dos minutos. Ideal si buscas un acabado limpio bajo la ropa y un escote que se vea elegante (y favorecedor) desde [&hellip;]<\/p>\n","protected":false},"featured_media":2151,"comment_status":"open","ping_status":"closed","template":"","meta":{"content-type":""},"product_brand":[55],"product_cat":[82,20],"product_tag":[56],"class_list":{"0":"post-2083","1":"product","2":"type-product","3":"status-publish","4":"has-post-thumbnail","6":"product_brand-selene","7":"product_cat-sin-tirantes","8":"product_cat-sujetador","9":"product_tag-sujetador","11":"first","12":"instock","13":"taxable","14":"shipping-taxable","15":"purchasable","16":"product-type-variable"},"supplier_id":null,"supplier_sku":"","barcode":null,"atum_controlled":true,"out_stock_date":null,"out_stock_threshold":null,"inheritable":true,"inbound_stock":0,"stock_on_hold":0,"sold_today":0,"sales_last_days":0,"reserved_stock":0,"customer_returns":0,"warehouse_damage":0,"lost_in_post":0,"other_logs":0,"out_stock_days":0,"lost_sales":0,"has_location":false,"update_date":"2026-01-07T18:02:40","atum_locations":[],"atum_stock_status":"instock","restock_status":false,"low_stock_amount":"","sales_update_date":"2025-10-03T04:55:37","calc_backorders":null,"yoast_head":"<!-- This site is optimized with the Yoast SEO plugin v27.4 - https:\/\/yoast.com\/product\/yoast-seo-wordpress\/ -->\n<title>Sujetador Selene Mercedes - Rosana CL<\/title>\n<meta name=\"robots\" content=\"index, follow, max-snippet:-1, max-image-preview:large, max-video-preview:-1\" \/>\n<link rel=\"canonical\" href=\"https:\/\/rosanacl.com\/sk\/produkt\/sujetador-selene-modelo-mercedes\/\" \/>\n<meta property=\"og:locale\" content=\"sk_SK\" \/>\n<meta property=\"og:type\" content=\"article\" \/>\n<meta property=\"og:title\" content=\"Sujetador Selene Mercedes - Rosana CL\" \/>\n<meta property=\"og:description\" content=\"El Mercedes es ese sujetador \u00abpalabra de honor\u00bb que te salva cualquier look: sin tirantes, con aros y relleno, para que el pecho quede redondeado, centrado y bonito sin necesidad de estar recoloc\u00e1ndolo cada dos minutos. Ideal si buscas un acabado limpio bajo la ropa y un escote que se vea elegante (y favorecedor) desde [&hellip;]\" \/>\n<meta property=\"og:url\" content=\"https:\/\/rosanacl.com\/sk\/produkt\/sujetador-selene-modelo-mercedes\/\" \/>\n<meta property=\"og:site_name\" content=\"Rosana CL\" \/>\n<meta property=\"article:modified_time\" content=\"2026-01-07T18:02:39+00:00\" \/>\n<meta property=\"og:image\" content=\"https:\/\/rosanacl.com\/wp-content\/uploads\/2025\/05\/1-2.png\" \/>\n\t<meta property=\"og:image:width\" content=\"1046\" \/>\n\t<meta property=\"og:image:height\" content=\"1333\" \/>\n\t<meta property=\"og:image:type\" content=\"image\/png\" \/>\n<meta name=\"twitter:card\" content=\"summary_large_image\" \/>\n<meta name=\"twitter:label1\" content=\"Predpokladan\u00fd \u010das \u010d\u00edtania\" \/>\n\t<meta name=\"twitter:data1\" content=\"2 min\u00faty\" \/>\n<script type=\"application\/ld+json\" class=\"yoast-schema-graph\">{\"@context\":\"https:\\\/\\\/schema.org\",\"@graph\":[{\"@type\":\"WebPage\",\"@id\":\"https:\\\/\\\/rosanacl.com\\\/producto\\\/sujetador-selene-modelo-mercedes\\\/\",\"url\":\"https:\\\/\\\/rosanacl.com\\\/producto\\\/sujetador-selene-modelo-mercedes\\\/\",\"name\":\"Sujetador Selene Mercedes - Rosana CL\",\"isPartOf\":{\"@id\":\"https:\\\/\\\/rosanacl.com\\\/ca\\\/#website\"},\"primaryImageOfPage\":{\"@id\":\"https:\\\/\\\/rosanacl.com\\\/producto\\\/sujetador-selene-modelo-mercedes\\\/#primaryimage\"},\"image\":{\"@id\":\"https:\\\/\\\/rosanacl.com\\\/producto\\\/sujetador-selene-modelo-mercedes\\\/#primaryimage\"},\"thumbnailUrl\":\"https:\\\/\\\/rosanacl.com\\\/wp-content\\\/uploads\\\/2025\\\/05\\\/1-2.png\",\"datePublished\":\"2025-05-23T08:10:33+00:00\",\"dateModified\":\"2026-01-07T18:02:39+00:00\",\"breadcrumb\":{\"@id\":\"https:\\\/\\\/rosanacl.com\\\/producto\\\/sujetador-selene-modelo-mercedes\\\/#breadcrumb\"},\"inLanguage\":\"sk-SK\",\"potentialAction\":[{\"@type\":\"ReadAction\",\"target\":[\"https:\\\/\\\/rosanacl.com\\\/producto\\\/sujetador-selene-modelo-mercedes\\\/\"]}]},{\"@type\":\"ImageObject\",\"inLanguage\":\"sk-SK\",\"@id\":\"https:\\\/\\\/rosanacl.com\\\/producto\\\/sujetador-selene-modelo-mercedes\\\/#primaryimage\",\"url\":\"https:\\\/\\\/rosanacl.com\\\/wp-content\\\/uploads\\\/2025\\\/05\\\/1-2.png\",\"contentUrl\":\"https:\\\/\\\/rosanacl.com\\\/wp-content\\\/uploads\\\/2025\\\/05\\\/1-2.png\",\"width\":1046,\"height\":1333},{\"@type\":\"BreadcrumbList\",\"@id\":\"https:\\\/\\\/rosanacl.com\\\/producto\\\/sujetador-selene-modelo-mercedes\\\/#breadcrumb\",\"itemListElement\":[{\"@type\":\"ListItem\",\"position\":1,\"name\":\"Portada\",\"item\":\"https:\\\/\\\/rosanacl.com\\\/ca\\\/\"},{\"@type\":\"ListItem\",\"position\":2,\"name\":\"Tienda\",\"item\":\"https:\\\/\\\/rosanacl.com\\\/ca\\\/tienda\\\/\"},{\"@type\":\"ListItem\",\"position\":3,\"name\":\"Sujetador Selene Mercedes\"}]},{\"@type\":\"WebSite\",\"@id\":\"https:\\\/\\\/rosanacl.com\\\/ca\\\/#website\",\"url\":\"https:\\\/\\\/rosanacl.com\\\/ca\\\/\",\"name\":\"Rosana CL\",\"description\":\"Somos tu interior\",\"potentialAction\":[{\"@type\":\"SearchAction\",\"target\":{\"@type\":\"EntryPoint\",\"urlTemplate\":\"https:\\\/\\\/rosanacl.com\\\/ca\\\/?s={search_term_string}\"},\"query-input\":{\"@type\":\"PropertyValueSpecification\",\"valueRequired\":true,\"valueName\":\"search_term_string\"}}],\"inLanguage\":\"sk-SK\"}]}<\/script>\n<!-- \/ Yoast SEO plugin. -->","yoast_head_json":{"title":"Sujetador Selene Mercedes - Rosana CL","robots":{"index":"index","follow":"follow","max-snippet":"max-snippet:-1","max-image-preview":"max-image-preview:large","max-video-preview":"max-video-preview:-1"},"canonical":"https:\/\/rosanacl.com\/sk\/produkt\/sujetador-selene-modelo-mercedes\/","og_locale":"sk_SK","og_type":"article","og_title":"Sujetador Selene Mercedes - Rosana CL","og_description":"El Mercedes es ese sujetador \u00abpalabra de honor\u00bb que te salva cualquier look: sin tirantes, con aros y relleno, para que el pecho quede redondeado, centrado y bonito sin necesidad de estar recoloc\u00e1ndolo cada dos minutos. Ideal si buscas un acabado limpio bajo la ropa y un escote que se vea elegante (y favorecedor) desde [&hellip;]","og_url":"https:\/\/rosanacl.com\/sk\/produkt\/sujetador-selene-modelo-mercedes\/","og_site_name":"Rosana CL","article_modified_time":"2026-01-07T18:02:39+00:00","og_image":[{"width":1046,"height":1333,"url":"https:\/\/rosanacl.com\/wp-content\/uploads\/2025\/05\/1-2.png","type":"image\/png"}],"twitter_card":"summary_large_image","twitter_misc":{"Predpokladan\u00fd \u010das \u010d\u00edtania":"2 min\u00faty"},"schema":{"@context":"https:\/\/schema.org","@graph":[{"@type":"WebPage","@id":"https:\/\/rosanacl.com\/producto\/sujetador-selene-modelo-mercedes\/","url":"https:\/\/rosanacl.com\/producto\/sujetador-selene-modelo-mercedes\/","name":"Sujetador Selene Mercedes - Rosana CL","isPartOf":{"@id":"https:\/\/rosanacl.com\/ca\/#website"},"primaryImageOfPage":{"@id":"https:\/\/rosanacl.com\/producto\/sujetador-selene-modelo-mercedes\/#primaryimage"},"image":{"@id":"https:\/\/rosanacl.com\/producto\/sujetador-selene-modelo-mercedes\/#primaryimage"},"thumbnailUrl":"https:\/\/rosanacl.com\/wp-content\/uploads\/2025\/05\/1-2.png","datePublished":"2025-05-23T08:10:33+00:00","dateModified":"2026-01-07T18:02:39+00:00","breadcrumb":{"@id":"https:\/\/rosanacl.com\/producto\/sujetador-selene-modelo-mercedes\/#breadcrumb"},"inLanguage":"sk-SK","potentialAction":[{"@type":"ReadAction","target":["https:\/\/rosanacl.com\/producto\/sujetador-selene-modelo-mercedes\/"]}]},{"@type":"ImageObject","inLanguage":"sk-SK","@id":"https:\/\/rosanacl.com\/producto\/sujetador-selene-modelo-mercedes\/#primaryimage","url":"https:\/\/rosanacl.com\/wp-content\/uploads\/2025\/05\/1-2.png","contentUrl":"https:\/\/rosanacl.com\/wp-content\/uploads\/2025\/05\/1-2.png","width":1046,"height":1333},{"@type":"BreadcrumbList","@id":"https:\/\/rosanacl.com\/producto\/sujetador-selene-modelo-mercedes\/#breadcrumb","itemListElement":[{"@type":"ListItem","position":1,"name":"Portada","item":"https:\/\/rosanacl.com\/ca\/"},{"@type":"ListItem","position":2,"name":"Tienda","item":"https:\/\/rosanacl.com\/ca\/tienda\/"},{"@type":"ListItem","position":3,"name":"Sujetador Selene Mercedes"}]},{"@type":"WebSite","@id":"https:\/\/rosanacl.com\/ca\/#website","url":"https:\/\/rosanacl.com\/ca\/","name":"Rosana CL","description":"Sme tvoje vn\u00fatorn\u00e9 ja","potentialAction":[{"@type":"SearchAction","target":{"@type":"EntryPoint","urlTemplate":"https:\/\/rosanacl.com\/ca\/?s={search_term_string}"},"query-input":{"@type":"PropertyValueSpecification","valueRequired":true,"valueName":"search_term_string"}}],"inLanguage":"sk-SK"}]}},"_links":{"self":[{"href":"https:\/\/rosanacl.com\/sk\/wp-json\/wp\/v2\/product\/2083","targetHints":{"allow":["GET"]}}],"collection":[{"href":"https:\/\/rosanacl.com\/sk\/wp-json\/wp\/v2\/product"}],"about":[{"href":"https:\/\/rosanacl.com\/sk\/wp-json\/wp\/v2\/types\/product"}],"replies":[{"embeddable":true,"href":"https:\/\/rosanacl.com\/sk\/wp-json\/wp\/v2\/comments?post=2083"}],"version-history":[{"count":5,"href":"https:\/\/rosanacl.com\/sk\/wp-json\/wp\/v2\/product\/2083\/revisions"}],"predecessor-version":[{"id":4599,"href":"https:\/\/rosanacl.com\/sk\/wp-json\/wp\/v2\/product\/2083\/revisions\/4599"}],"wp:featuredmedia":[{"embeddable":true,"href":"https:\/\/rosanacl.com\/sk\/wp-json\/wp\/v2\/media\/2151"}],"wp:attachment":[{"href":"https:\/\/rosanacl.com\/sk\/wp-json\/wp\/v2\/media?parent=2083"}],"wp:term":[{"taxonomy":"product_brand","embeddable":true,"href":"https:\/\/rosanacl.com\/sk\/wp-json\/wp\/v2\/product_brand?post=2083"},{"taxonomy":"product_cat","embeddable":true,"href":"https:\/\/rosanacl.com\/sk\/wp-json\/wp\/v2\/product_cat?post=2083"},{"taxonomy":"product_tag","embeddable":true,"href":"https:\/\/rosanacl.com\/sk\/wp-json\/wp\/v2\/product_tag?post=2083"}],"curies":[{"name":"wp","href":"https:\/\/api.w.org\/{rel}","templated":true}]}}