{"id":3186,"date":"2025-08-14T13:22:07","date_gmt":"2025-08-14T11:22:07","guid":{"rendered":"https:\/\/rosanacl.com\/?post_type=product&#038;p=3186"},"modified":"2026-01-07T18:43:36","modified_gmt":"2026-01-07T17:43:36","slug":"sujetador-modelo-roxana","status":"publish","type":"product","link":"https:\/\/rosanacl.com\/sk\/produkt\/sujetador-modelo-roxana\/","title":{"rendered":"Podprsenka Selene Roxana"},"content":{"rendered":"<p>Podprsenka Selene Roxana je ten typ odevu, o ktorom hne\u010f po oble\u010den\u00ed viete, \u017ee je navrhnut\u00fd tak, aby lichotil: m\u00e1 kostice pre kr\u00e1snu a pevn\u00fa oporu, ale \u017eiadne v\u00fdstu\u017ee, tak\u017ee v\u00fdsledok je prirodzen\u00fd, elegantn\u00fd a ve\u013emi \u017eensk\u00fd. V\u00fdstrih je jemn\u00fd a sofistikovan\u00fd, ide\u00e1lny na ka\u017edodenn\u00e9 nosenie, ako aj na situ\u00e1cie, ke\u010f chcete vyzera\u0165 elegantnej\u0161ie bez toho, aby ste to prehnali.<\/p>\n<p>Tylov\u00e9 prekrytie vzadu dod\u00e1va podprsenke \u0161peci\u00e1lny n\u00e1dych: vytv\u00e1ra vizu\u00e1lne \u013eahk\u00fd pocit a z\u00e1rove\u0148 jemne zakr\u00fdva drobn\u00e9 nedokonalosti po stran\u00e1ch, v\u010faka \u010domu p\u00f4sob\u00ed elegantnej\u0161ie a pohodlnej\u0161ie. Celkovo je Roxana jednou z t\u00fdch podprseniek, ktor\u00e9 vyzeraj\u00fa jednoducho... ale u\u017e od prv\u00e9ho nosenia p\u00f4sobia pr\u00e9miovo.<\/p>\n<p>K\u013e\u00fa\u010dov\u00e9 detaily<\/p>\n<ul>\n<li>S kosticami a bez v\u00fdstu\u017ee: prirodzen\u00e1 opora, kr\u00e1sny tvar a elegantn\u00fd v\u00fdstrih.<\/li>\n<li>Tul superpuesto en la espalda: toque sofisticado y efecto visual m\u00e1s limpio en el costado.<\/li\n\n\n<li>Pohodln\u00fd a rafinovan\u00fd dizajn: ide\u00e1lny na ka\u017edodenn\u00e9 nosenie, ale so \u00ab\u0161peci\u00e1lnou\u00bb povrchovou \u00fapravou.<\/li>\n<li>Na nosenie spolu: perfektne sa kombinuje s v\u00f4\u0148ami Braga Selene Roxana a Braga Selene Katia.<\/li>\n<\/ul>\n<p>\ud83d\udde3\ufe0f Tip: Roxana je t\u00e1 \u00abdiskr\u00e9tna pr\u00e9miov\u00e1\u00bb: nevystu\u017een\u00e1 kostica pre prirodzen\u00fd tvar a jemn\u00fd v\u00fdstrih a chrb\u00e1t s prekryt\u00fdm tylom, ktor\u00fd je \u013eahk\u00fd a dod\u00e1va cel\u00e9mu outfitu uhladenej\u0161\u00ed vzh\u013ead (pohodlie + elegantn\u00fd vzh\u013ead bez preh\u00e1\u0148ania).<\/p>\n<p>\ud83d\udccf Pozn\u00e1mka: Aby ste to hne\u010f od prvej objedn\u00e1vky urobili spr\u00e1vne, uprednostnite ve\u013ekos\u0165 remienka: mal by tesne sedie\u0165 na poslednom\/predposlednom h\u00e1\u010diku bez toho, aby sa pri zdvihnut\u00ed r\u00fak vys\u00faval. Ak sa nach\u00e1dzate medzi dvoma ve\u013ekos\u0165ami remienka, vyberte si t\u00fa, ktor\u00e1 pohodlne sed\u00ed bez toho, aby sa c\u00edtila tesn\u00e1 (bez tvrd\u00fdch \u0161krabancov), preto\u017ee pri nepolstrovanom modeli je perfektn\u00e9 strihanie tak\u00e9, ktor\u00e9 sa po\u010das cel\u00e9ho d\u0148a c\u00edti stabiln\u00e9 a \u00ab\u010dist\u00e9\u00bb.<\/p>\n<p>Zlo\u017eenie: 49% Polyester + 36% Polyamid + 15% Elastan<\/p>\n<p>\ud83d\udc57 V\u00fdstrih, ktor\u00fd roz\u017eiari v\u00e1\u0161 de\u0148... aj noc.<\/p>\n<div id=\"v1ms-outlook-mobile-body-separator-line\" dir=\"auto\"><\/div>","protected":false},"excerpt":{"rendered":"<div style=\"position: relative; padding-bottom: 56.25%; height: 0; overflow: hidden; max-width: 100%;\"><iframe style=\"position: absolute; top: 0; left: 0; width: 100%; height: 100%;\" src=\"https:\/\/www.youtube.com\/embed\/XfAvWw4IVj8?autoplay=1&amp;mute=1&amp;playsinline=1&amp;rel=0&amp;controls=1&amp;loop=1&amp;playlist=XfAvWw4IVj8\" frameborder=\"0\" allowfullscreen=\"allowfullscreen\"><br \/>\n<\/iframe><\/div>","protected":false},"featured_media":3243,"comment_status":"open","ping_status":"closed","template":"","meta":{"content-type":""},"product_brand":[55],"product_cat":[26,20],"product_tag":[56,62],"class_list":{"0":"post-3186","1":"product","2":"type-product","3":"status-publish","4":"has-post-thumbnail","6":"product_brand-selene","7":"product_cat-con-aros-y-relleno","8":"product_cat-sujetador","9":"product_tag-sujetador","10":"product_tag-sujetador-con-aros-y-rellenos","12":"first","13":"instock","14":"taxable","15":"shipping-taxable","16":"purchasable","17":"product-type-variable"},"supplier_id":null,"supplier_sku":"","barcode":null,"atum_controlled":true,"out_stock_date":null,"out_stock_threshold":null,"inheritable":true,"inbound_stock":0,"stock_on_hold":0,"sold_today":0,"sales_last_days":0,"reserved_stock":0,"customer_returns":0,"warehouse_damage":0,"lost_in_post":0,"other_logs":0,"out_stock_days":0,"lost_sales":0,"has_location":false,"update_date":"2026-01-07T17:43:37","atum_locations":[],"atum_stock_status":"instock","restock_status":false,"low_stock_amount":"","sales_update_date":"2025-10-03T04:55:36","calc_backorders":null,"yoast_head":"<!-- This site is optimized with the Yoast SEO plugin v27.4 - https:\/\/yoast.com\/product\/yoast-seo-wordpress\/ -->\n<title>Sujetador Selene Roxana - Rosana CL<\/title>\n<meta name=\"robots\" content=\"index, follow, max-snippet:-1, max-image-preview:large, max-video-preview:-1\" \/>\n<link rel=\"canonical\" href=\"https:\/\/rosanacl.com\/sk\/produkt\/sujetador-modelo-roxana\/\" \/>\n<meta property=\"og:locale\" content=\"sk_SK\" \/>\n<meta property=\"og:type\" content=\"article\" \/>\n<meta property=\"og:title\" content=\"Sujetador Selene Roxana - Rosana CL\" \/>\n<meta property=\"og:url\" content=\"https:\/\/rosanacl.com\/sk\/produkt\/sujetador-modelo-roxana\/\" \/>\n<meta property=\"og:site_name\" content=\"Rosana CL\" \/>\n<meta property=\"article:modified_time\" content=\"2026-01-07T17:43:36+00:00\" \/>\n<meta property=\"og:image\" content=\"https:\/\/rosanacl.com\/wp-content\/uploads\/2025\/08\/1-1024x1024.png\" \/>\n\t<meta property=\"og:image:width\" content=\"1024\" \/>\n\t<meta property=\"og:image:height\" content=\"1024\" \/>\n\t<meta property=\"og:image:type\" content=\"image\/png\" \/>\n<meta name=\"twitter:card\" content=\"summary_large_image\" \/>\n<meta name=\"twitter:label1\" content=\"Predpokladan\u00fd \u010das \u010d\u00edtania\" \/>\n\t<meta name=\"twitter:data1\" content=\"2 min\u00faty\" \/>\n<script type=\"application\/ld+json\" class=\"yoast-schema-graph\">{\"@context\":\"https:\\\/\\\/schema.org\",\"@graph\":[{\"@type\":\"WebPage\",\"@id\":\"https:\\\/\\\/rosanacl.com\\\/producto\\\/sujetador-modelo-roxana\\\/\",\"url\":\"https:\\\/\\\/rosanacl.com\\\/producto\\\/sujetador-modelo-roxana\\\/\",\"name\":\"Sujetador Selene Roxana - Rosana CL\",\"isPartOf\":{\"@id\":\"https:\\\/\\\/rosanacl.com\\\/ca\\\/#website\"},\"primaryImageOfPage\":{\"@id\":\"https:\\\/\\\/rosanacl.com\\\/producto\\\/sujetador-modelo-roxana\\\/#primaryimage\"},\"image\":{\"@id\":\"https:\\\/\\\/rosanacl.com\\\/producto\\\/sujetador-modelo-roxana\\\/#primaryimage\"},\"thumbnailUrl\":\"https:\\\/\\\/rosanacl.com\\\/wp-content\\\/uploads\\\/2025\\\/08\\\/1.png\",\"datePublished\":\"2025-08-14T11:22:07+00:00\",\"dateModified\":\"2026-01-07T17:43:36+00:00\",\"breadcrumb\":{\"@id\":\"https:\\\/\\\/rosanacl.com\\\/producto\\\/sujetador-modelo-roxana\\\/#breadcrumb\"},\"inLanguage\":\"sk-SK\",\"potentialAction\":[{\"@type\":\"ReadAction\",\"target\":[\"https:\\\/\\\/rosanacl.com\\\/producto\\\/sujetador-modelo-roxana\\\/\"]}]},{\"@type\":\"ImageObject\",\"inLanguage\":\"sk-SK\",\"@id\":\"https:\\\/\\\/rosanacl.com\\\/producto\\\/sujetador-modelo-roxana\\\/#primaryimage\",\"url\":\"https:\\\/\\\/rosanacl.com\\\/wp-content\\\/uploads\\\/2025\\\/08\\\/1.png\",\"contentUrl\":\"https:\\\/\\\/rosanacl.com\\\/wp-content\\\/uploads\\\/2025\\\/08\\\/1.png\",\"width\":1333,\"height\":1333},{\"@type\":\"BreadcrumbList\",\"@id\":\"https:\\\/\\\/rosanacl.com\\\/producto\\\/sujetador-modelo-roxana\\\/#breadcrumb\",\"itemListElement\":[{\"@type\":\"ListItem\",\"position\":1,\"name\":\"Portada\",\"item\":\"https:\\\/\\\/rosanacl.com\\\/ca\\\/\"},{\"@type\":\"ListItem\",\"position\":2,\"name\":\"Tienda\",\"item\":\"https:\\\/\\\/rosanacl.com\\\/ca\\\/tienda\\\/\"},{\"@type\":\"ListItem\",\"position\":3,\"name\":\"Sujetador Selene Roxana\"}]},{\"@type\":\"WebSite\",\"@id\":\"https:\\\/\\\/rosanacl.com\\\/ca\\\/#website\",\"url\":\"https:\\\/\\\/rosanacl.com\\\/ca\\\/\",\"name\":\"Rosana CL\",\"description\":\"Somos tu interior\",\"potentialAction\":[{\"@type\":\"SearchAction\",\"target\":{\"@type\":\"EntryPoint\",\"urlTemplate\":\"https:\\\/\\\/rosanacl.com\\\/ca\\\/?s={search_term_string}\"},\"query-input\":{\"@type\":\"PropertyValueSpecification\",\"valueRequired\":true,\"valueName\":\"search_term_string\"}}],\"inLanguage\":\"sk-SK\"}]}<\/script>\n<!-- \/ Yoast SEO plugin. -->","yoast_head_json":{"title":"Sujetador Selene Roxana - Rosana CL","robots":{"index":"index","follow":"follow","max-snippet":"max-snippet:-1","max-image-preview":"max-image-preview:large","max-video-preview":"max-video-preview:-1"},"canonical":"https:\/\/rosanacl.com\/sk\/produkt\/sujetador-modelo-roxana\/","og_locale":"sk_SK","og_type":"article","og_title":"Sujetador Selene Roxana - Rosana CL","og_url":"https:\/\/rosanacl.com\/sk\/produkt\/sujetador-modelo-roxana\/","og_site_name":"Rosana CL","article_modified_time":"2026-01-07T17:43:36+00:00","og_image":[{"width":1024,"height":1024,"url":"https:\/\/rosanacl.com\/wp-content\/uploads\/2025\/08\/1-1024x1024.png","type":"image\/png"}],"twitter_card":"summary_large_image","twitter_misc":{"Predpokladan\u00fd \u010das \u010d\u00edtania":"2 min\u00faty"},"schema":{"@context":"https:\/\/schema.org","@graph":[{"@type":"WebPage","@id":"https:\/\/rosanacl.com\/producto\/sujetador-modelo-roxana\/","url":"https:\/\/rosanacl.com\/producto\/sujetador-modelo-roxana\/","name":"Sujetador Selene Roxana - Rosana CL","isPartOf":{"@id":"https:\/\/rosanacl.com\/ca\/#website"},"primaryImageOfPage":{"@id":"https:\/\/rosanacl.com\/producto\/sujetador-modelo-roxana\/#primaryimage"},"image":{"@id":"https:\/\/rosanacl.com\/producto\/sujetador-modelo-roxana\/#primaryimage"},"thumbnailUrl":"https:\/\/rosanacl.com\/wp-content\/uploads\/2025\/08\/1.png","datePublished":"2025-08-14T11:22:07+00:00","dateModified":"2026-01-07T17:43:36+00:00","breadcrumb":{"@id":"https:\/\/rosanacl.com\/producto\/sujetador-modelo-roxana\/#breadcrumb"},"inLanguage":"sk-SK","potentialAction":[{"@type":"ReadAction","target":["https:\/\/rosanacl.com\/producto\/sujetador-modelo-roxana\/"]}]},{"@type":"ImageObject","inLanguage":"sk-SK","@id":"https:\/\/rosanacl.com\/producto\/sujetador-modelo-roxana\/#primaryimage","url":"https:\/\/rosanacl.com\/wp-content\/uploads\/2025\/08\/1.png","contentUrl":"https:\/\/rosanacl.com\/wp-content\/uploads\/2025\/08\/1.png","width":1333,"height":1333},{"@type":"BreadcrumbList","@id":"https:\/\/rosanacl.com\/producto\/sujetador-modelo-roxana\/#breadcrumb","itemListElement":[{"@type":"ListItem","position":1,"name":"Portada","item":"https:\/\/rosanacl.com\/ca\/"},{"@type":"ListItem","position":2,"name":"Tienda","item":"https:\/\/rosanacl.com\/ca\/tienda\/"},{"@type":"ListItem","position":3,"name":"Sujetador Selene Roxana"}]},{"@type":"WebSite","@id":"https:\/\/rosanacl.com\/ca\/#website","url":"https:\/\/rosanacl.com\/ca\/","name":"Rosana CL","description":"Sme tvoje vn\u00fatorn\u00e9 ja","potentialAction":[{"@type":"SearchAction","target":{"@type":"EntryPoint","urlTemplate":"https:\/\/rosanacl.com\/ca\/?s={search_term_string}"},"query-input":{"@type":"PropertyValueSpecification","valueRequired":true,"valueName":"search_term_string"}}],"inLanguage":"sk-SK"}]}},"_links":{"self":[{"href":"https:\/\/rosanacl.com\/sk\/wp-json\/wp\/v2\/product\/3186","targetHints":{"allow":["GET"]}}],"collection":[{"href":"https:\/\/rosanacl.com\/sk\/wp-json\/wp\/v2\/product"}],"about":[{"href":"https:\/\/rosanacl.com\/sk\/wp-json\/wp\/v2\/types\/product"}],"replies":[{"embeddable":true,"href":"https:\/\/rosanacl.com\/sk\/wp-json\/wp\/v2\/comments?post=3186"}],"version-history":[{"count":5,"href":"https:\/\/rosanacl.com\/sk\/wp-json\/wp\/v2\/product\/3186\/revisions"}],"predecessor-version":[{"id":4596,"href":"https:\/\/rosanacl.com\/sk\/wp-json\/wp\/v2\/product\/3186\/revisions\/4596"}],"wp:featuredmedia":[{"embeddable":true,"href":"https:\/\/rosanacl.com\/sk\/wp-json\/wp\/v2\/media\/3243"}],"wp:attachment":[{"href":"https:\/\/rosanacl.com\/sk\/wp-json\/wp\/v2\/media?parent=3186"}],"wp:term":[{"taxonomy":"product_brand","embeddable":true,"href":"https:\/\/rosanacl.com\/sk\/wp-json\/wp\/v2\/product_brand?post=3186"},{"taxonomy":"product_cat","embeddable":true,"href":"https:\/\/rosanacl.com\/sk\/wp-json\/wp\/v2\/product_cat?post=3186"},{"taxonomy":"product_tag","embeddable":true,"href":"https:\/\/rosanacl.com\/sk\/wp-json\/wp\/v2\/product_tag?post=3186"}],"curies":[{"name":"wp","href":"https:\/\/api.w.org\/{rel}","templated":true}]}}