{"id":3327,"date":"2025-08-19T08:39:42","date_gmt":"2025-08-19T06:39:42","guid":{"rendered":"https:\/\/rosanacl.com\/?post_type=product&#038;p=3327"},"modified":"2026-01-07T18:30:47","modified_gmt":"2026-01-07T17:30:47","slug":"sujetador-modelo-noah","status":"publish","type":"product","link":"https:\/\/rosanacl.com\/sk\/produkt\/sujetador-modelo-noah\/","title":{"rendered":"Selene Noah Bra"},"content":{"rendered":"<p>Podprsenka Noah je t\u00fdm \u00abz\u00e1mern\u00fdm\u00bb z\u00e1kladn\u00fdm k\u00faskom, ktor\u00fd pozdvihne v\u00e1\u0161 outfit: kostice + push-up ko\u0161\u00ed\u010dky, \u017eak\u00e1rov\u00fd povrch a \u010dipkovan\u00e9 detaily, ktor\u00e9 jej dod\u00e1vaj\u00fa mladistv\u00fd, elegantn\u00fd a ve\u013emi v\u0161estrann\u00fd n\u00e1dych.<\/p>\n<p>Je navrhnut\u00fd tak, aby zv\u00fdraznil poprsie kr\u00e1snym a prirodzen\u00fdm tvarom, pon\u00faka pohodln\u00fa oporu a strih, ktor\u00fd sa hod\u00ed ako na ka\u017edodenn\u00e9 nosenie, tak aj vtedy, ke\u010f chcete vyzera\u0165 \u010do najlep\u0161ie bez n\u00e1mahy.<\/p>\n<p>Detaily, ktor\u00e9 v\u00e1s zamiluj\u00fa<\/p>\n<ul>\n<li>Kostice + push-up ko\u0161\u00ed\u010dky: jemn\u00e9 zv\u00fdraznenie a kraj\u0161\u00ed dekolt s dobrou oporou.<\/li>\n<li>\u017dak\u00e1rov\u00e1 l\u00e1tka s \u010dipkou: elegantn\u00e1 text\u00fara a pr\u00e9miov\u00e1 \u00faprava.<\/li>\n<li>Chrb\u00e1t s \u010dipkovan\u00fdm detailom: \u017eensk\u00fd a modern\u00fd n\u00e1dych.<\/li>\n<li>Dokonal\u00e1 s\u00faprava: skombinujte ju s bikinov\u00fdmi nohavi\u010dkami Selene 3124 alebo tangami Selene 3125 a noste ju ako kompletn\u00fa s\u00fapravu.<\/li>\n<\/ul>\n<p>\ud83d\udde3\ufe0f Tip: Noah je podprsenka, ktor\u00e1 v\u00e1m dod\u00e1 \u00abdokonal\u00fd\u00bb dekolt bez toho, aby ste obetovali pohodlie: push-up podprsenka dod\u00e1va mladistv\u00fd n\u00e1dych a \u017eak\u00e1r je na dotyk luxusnej\u0161\u00ed, tak\u017ee cel\u00fd outfit vyzer\u00e1 kr\u00e1sne od okamihu, ke\u010f si ho oble\u010diete.<\/p>\n<p>\ud83d\udccf Pozn\u00e1mka: Pred k\u00fapou skontrolujte ve\u013ekos\u0165 ko\u0161\u00ed\u010dkov: ke\u010f\u017ee ide o push-up podprsenku, ak ste medzi ve\u013ekos\u0165ami alebo sa v\u00e1m nep\u00e1\u010di pocit extra v\u00fdstu\u017ee, vyberte si pohodlnej\u0161iu mo\u017enos\u0165 (o jednu ve\u013ekos\u0165 ko\u0161\u00ed\u010dkov men\u0161iu) pre prirodzen\u00fd vzh\u013ead. Gumi\u010dka by mala v\u017edy tesne prilieha\u0165 (bez toho, aby sa vys\u00favala) pre spr\u00e1vnu oporu.<\/p>\n<p>Zlo\u017eenie: 76% Polyamid, 13% Elastan, 11% Bavlna.<\/p>\n<p>\ud83d\udc8e Podprsenka, ktor\u00e1 dod\u00e1 \u00abwow\u00bb tam, kde je to najviac vidite\u013en\u00e9: v dekolte.<\/p>\n<p>&nbsp;<\/p>\n<div id=\"v1ms-outlook-mobile-body-separator-line\" dir=\"auto\"><\/div>","protected":false},"excerpt":{"rendered":"<div style=\"position: relative; padding-bottom: 56.25%; height: 0; overflow: hidden; max-width: 100%;\"><iframe style=\"position: absolute; top: 0; left: 0; width: 100%; height: 100%;\" src=\"https:\/\/www.youtube.com\/embed\/glE84AF5iGo?autoplay=1&amp;mute=1&amp;playsinline=1&amp;rel=0&amp;controls=1&amp;loop=1&amp;playlist=glE84AF5iGo\" frameborder=\"0\" allowfullscreen=\"allowfullscreen\"><br \/>\n<\/iframe><\/div>","protected":false},"featured_media":3348,"comment_status":"closed","ping_status":"closed","template":"","meta":{"content-type":""},"product_brand":[55],"product_cat":[26,20],"product_tag":[56,61],"class_list":{"0":"post-3327","1":"product","2":"type-product","3":"status-publish","4":"has-post-thumbnail","6":"product_brand-selene","7":"product_cat-con-aros-y-relleno","8":"product_cat-sujetador","9":"product_tag-sujetador","10":"product_tag-sujetador-con-aros-y-relleno","12":"first","13":"instock","14":"taxable","15":"shipping-taxable","16":"purchasable","17":"product-type-variable"},"supplier_id":null,"supplier_sku":"","barcode":null,"atum_controlled":true,"out_stock_date":null,"out_stock_threshold":null,"inheritable":true,"inbound_stock":0,"stock_on_hold":0,"sold_today":0,"sales_last_days":0,"reserved_stock":0,"customer_returns":0,"warehouse_damage":0,"lost_in_post":0,"other_logs":0,"out_stock_days":null,"lost_sales":0,"has_location":false,"update_date":"2026-01-07T17:30:48","atum_locations":[],"atum_stock_status":"instock","restock_status":false,"low_stock_amount":"","sales_update_date":"2025-10-03T04:55:35","calc_backorders":null,"yoast_head":"<!-- This site is optimized with the Yoast SEO plugin v27.4 - https:\/\/yoast.com\/product\/yoast-seo-wordpress\/ -->\n<title>Sujetador Selene Noah - Rosana CL<\/title>\n<meta name=\"robots\" content=\"index, follow, max-snippet:-1, max-image-preview:large, max-video-preview:-1\" \/>\n<link rel=\"canonical\" href=\"https:\/\/rosanacl.com\/sk\/produkt\/sujetador-modelo-noah\/\" \/>\n<meta property=\"og:locale\" content=\"sk_SK\" \/>\n<meta property=\"og:type\" content=\"article\" \/>\n<meta property=\"og:title\" content=\"Sujetador Selene Noah - Rosana CL\" \/>\n<meta property=\"og:url\" content=\"https:\/\/rosanacl.com\/sk\/produkt\/sujetador-modelo-noah\/\" \/>\n<meta property=\"og:site_name\" content=\"Rosana CL\" \/>\n<meta property=\"article:modified_time\" content=\"2026-01-07T17:30:47+00:00\" \/>\n<meta property=\"og:image\" content=\"https:\/\/rosanacl.com\/wp-content\/uploads\/2025\/08\/1-2-e1756816366207-777x1024.png\" \/>\n\t<meta property=\"og:image:width\" content=\"777\" \/>\n\t<meta property=\"og:image:height\" content=\"1024\" \/>\n\t<meta property=\"og:image:type\" content=\"image\/png\" \/>\n<meta name=\"twitter:card\" content=\"summary_large_image\" \/>\n<meta name=\"twitter:label1\" content=\"Predpokladan\u00fd \u010das \u010d\u00edtania\" \/>\n\t<meta name=\"twitter:data1\" content=\"2 min\u00faty\" \/>\n<script type=\"application\/ld+json\" class=\"yoast-schema-graph\">{\"@context\":\"https:\\\/\\\/schema.org\",\"@graph\":[{\"@type\":\"WebPage\",\"@id\":\"https:\\\/\\\/rosanacl.com\\\/producto\\\/sujetador-modelo-noah\\\/\",\"url\":\"https:\\\/\\\/rosanacl.com\\\/producto\\\/sujetador-modelo-noah\\\/\",\"name\":\"Sujetador Selene Noah - Rosana CL\",\"isPartOf\":{\"@id\":\"https:\\\/\\\/rosanacl.com\\\/ca\\\/#website\"},\"primaryImageOfPage\":{\"@id\":\"https:\\\/\\\/rosanacl.com\\\/producto\\\/sujetador-modelo-noah\\\/#primaryimage\"},\"image\":{\"@id\":\"https:\\\/\\\/rosanacl.com\\\/producto\\\/sujetador-modelo-noah\\\/#primaryimage\"},\"thumbnailUrl\":\"https:\\\/\\\/rosanacl.com\\\/wp-content\\\/uploads\\\/2025\\\/08\\\/1-2-e1756816366207.png\",\"datePublished\":\"2025-08-19T06:39:42+00:00\",\"dateModified\":\"2026-01-07T17:30:47+00:00\",\"breadcrumb\":{\"@id\":\"https:\\\/\\\/rosanacl.com\\\/producto\\\/sujetador-modelo-noah\\\/#breadcrumb\"},\"inLanguage\":\"sk-SK\",\"potentialAction\":[{\"@type\":\"ReadAction\",\"target\":[\"https:\\\/\\\/rosanacl.com\\\/producto\\\/sujetador-modelo-noah\\\/\"]}]},{\"@type\":\"ImageObject\",\"inLanguage\":\"sk-SK\",\"@id\":\"https:\\\/\\\/rosanacl.com\\\/producto\\\/sujetador-modelo-noah\\\/#primaryimage\",\"url\":\"https:\\\/\\\/rosanacl.com\\\/wp-content\\\/uploads\\\/2025\\\/08\\\/1-2-e1756816366207.png\",\"contentUrl\":\"https:\\\/\\\/rosanacl.com\\\/wp-content\\\/uploads\\\/2025\\\/08\\\/1-2-e1756816366207.png\",\"width\":873,\"height\":1150},{\"@type\":\"BreadcrumbList\",\"@id\":\"https:\\\/\\\/rosanacl.com\\\/producto\\\/sujetador-modelo-noah\\\/#breadcrumb\",\"itemListElement\":[{\"@type\":\"ListItem\",\"position\":1,\"name\":\"Portada\",\"item\":\"https:\\\/\\\/rosanacl.com\\\/ca\\\/\"},{\"@type\":\"ListItem\",\"position\":2,\"name\":\"Tienda\",\"item\":\"https:\\\/\\\/rosanacl.com\\\/ca\\\/tienda\\\/\"},{\"@type\":\"ListItem\",\"position\":3,\"name\":\"Sujetador Selene Noah\"}]},{\"@type\":\"WebSite\",\"@id\":\"https:\\\/\\\/rosanacl.com\\\/ca\\\/#website\",\"url\":\"https:\\\/\\\/rosanacl.com\\\/ca\\\/\",\"name\":\"Rosana CL\",\"description\":\"Somos tu interior\",\"potentialAction\":[{\"@type\":\"SearchAction\",\"target\":{\"@type\":\"EntryPoint\",\"urlTemplate\":\"https:\\\/\\\/rosanacl.com\\\/ca\\\/?s={search_term_string}\"},\"query-input\":{\"@type\":\"PropertyValueSpecification\",\"valueRequired\":true,\"valueName\":\"search_term_string\"}}],\"inLanguage\":\"sk-SK\"}]}<\/script>\n<!-- \/ Yoast SEO plugin. -->","yoast_head_json":{"title":"Sujetador Selene Noah - Rosana CL","robots":{"index":"index","follow":"follow","max-snippet":"max-snippet:-1","max-image-preview":"max-image-preview:large","max-video-preview":"max-video-preview:-1"},"canonical":"https:\/\/rosanacl.com\/sk\/produkt\/sujetador-modelo-noah\/","og_locale":"sk_SK","og_type":"article","og_title":"Sujetador Selene Noah - Rosana CL","og_url":"https:\/\/rosanacl.com\/sk\/produkt\/sujetador-modelo-noah\/","og_site_name":"Rosana CL","article_modified_time":"2026-01-07T17:30:47+00:00","og_image":[{"width":777,"height":1024,"url":"https:\/\/rosanacl.com\/wp-content\/uploads\/2025\/08\/1-2-e1756816366207-777x1024.png","type":"image\/png"}],"twitter_card":"summary_large_image","twitter_misc":{"Predpokladan\u00fd \u010das \u010d\u00edtania":"2 min\u00faty"},"schema":{"@context":"https:\/\/schema.org","@graph":[{"@type":"WebPage","@id":"https:\/\/rosanacl.com\/producto\/sujetador-modelo-noah\/","url":"https:\/\/rosanacl.com\/producto\/sujetador-modelo-noah\/","name":"Sujetador Selene Noah - Rosana CL","isPartOf":{"@id":"https:\/\/rosanacl.com\/ca\/#website"},"primaryImageOfPage":{"@id":"https:\/\/rosanacl.com\/producto\/sujetador-modelo-noah\/#primaryimage"},"image":{"@id":"https:\/\/rosanacl.com\/producto\/sujetador-modelo-noah\/#primaryimage"},"thumbnailUrl":"https:\/\/rosanacl.com\/wp-content\/uploads\/2025\/08\/1-2-e1756816366207.png","datePublished":"2025-08-19T06:39:42+00:00","dateModified":"2026-01-07T17:30:47+00:00","breadcrumb":{"@id":"https:\/\/rosanacl.com\/producto\/sujetador-modelo-noah\/#breadcrumb"},"inLanguage":"sk-SK","potentialAction":[{"@type":"ReadAction","target":["https:\/\/rosanacl.com\/producto\/sujetador-modelo-noah\/"]}]},{"@type":"ImageObject","inLanguage":"sk-SK","@id":"https:\/\/rosanacl.com\/producto\/sujetador-modelo-noah\/#primaryimage","url":"https:\/\/rosanacl.com\/wp-content\/uploads\/2025\/08\/1-2-e1756816366207.png","contentUrl":"https:\/\/rosanacl.com\/wp-content\/uploads\/2025\/08\/1-2-e1756816366207.png","width":873,"height":1150},{"@type":"BreadcrumbList","@id":"https:\/\/rosanacl.com\/producto\/sujetador-modelo-noah\/#breadcrumb","itemListElement":[{"@type":"ListItem","position":1,"name":"Portada","item":"https:\/\/rosanacl.com\/ca\/"},{"@type":"ListItem","position":2,"name":"Tienda","item":"https:\/\/rosanacl.com\/ca\/tienda\/"},{"@type":"ListItem","position":3,"name":"Sujetador Selene Noah"}]},{"@type":"WebSite","@id":"https:\/\/rosanacl.com\/ca\/#website","url":"https:\/\/rosanacl.com\/ca\/","name":"Rosana CL","description":"Sme tvoje vn\u00fatorn\u00e9 ja","potentialAction":[{"@type":"SearchAction","target":{"@type":"EntryPoint","urlTemplate":"https:\/\/rosanacl.com\/ca\/?s={search_term_string}"},"query-input":{"@type":"PropertyValueSpecification","valueRequired":true,"valueName":"search_term_string"}}],"inLanguage":"sk-SK"}]}},"_links":{"self":[{"href":"https:\/\/rosanacl.com\/sk\/wp-json\/wp\/v2\/product\/3327","targetHints":{"allow":["GET"]}}],"collection":[{"href":"https:\/\/rosanacl.com\/sk\/wp-json\/wp\/v2\/product"}],"about":[{"href":"https:\/\/rosanacl.com\/sk\/wp-json\/wp\/v2\/types\/product"}],"replies":[{"embeddable":true,"href":"https:\/\/rosanacl.com\/sk\/wp-json\/wp\/v2\/comments?post=3327"}],"version-history":[{"count":5,"href":"https:\/\/rosanacl.com\/sk\/wp-json\/wp\/v2\/product\/3327\/revisions"}],"predecessor-version":[{"id":4594,"href":"https:\/\/rosanacl.com\/sk\/wp-json\/wp\/v2\/product\/3327\/revisions\/4594"}],"wp:featuredmedia":[{"embeddable":true,"href":"https:\/\/rosanacl.com\/sk\/wp-json\/wp\/v2\/media\/3348"}],"wp:attachment":[{"href":"https:\/\/rosanacl.com\/sk\/wp-json\/wp\/v2\/media?parent=3327"}],"wp:term":[{"taxonomy":"product_brand","embeddable":true,"href":"https:\/\/rosanacl.com\/sk\/wp-json\/wp\/v2\/product_brand?post=3327"},{"taxonomy":"product_cat","embeddable":true,"href":"https:\/\/rosanacl.com\/sk\/wp-json\/wp\/v2\/product_cat?post=3327"},{"taxonomy":"product_tag","embeddable":true,"href":"https:\/\/rosanacl.com\/sk\/wp-json\/wp\/v2\/product_tag?post=3327"}],"curies":[{"name":"wp","href":"https:\/\/api.w.org\/{rel}","templated":true}]}}