{"id":3353,"date":"2025-08-19T08:46:54","date_gmt":"2025-08-19T06:46:54","guid":{"rendered":"https:\/\/rosanacl.com\/?post_type=product&#038;p=3353"},"modified":"2026-01-08T03:15:40","modified_gmt":"2026-01-08T02:15:40","slug":"sujetador-modelo-katia","status":"publish","type":"product","link":"https:\/\/rosanacl.com\/sk\/produkt\/sujetador-modelo-katia\/","title":{"rendered":"Selene Katia Bra"},"content":{"rendered":"<p>Selene Katia je mladistv\u00e1 a sofistikovan\u00e1 podprsenka navrhnut\u00e1 tak, aby zv\u00fdraznila poprsie kr\u00e1snym v\u00fdstrihom a kr\u00e1snym tvarom. Kombinuje m\u00e4kk\u00e9 mikrovl\u00e1kno s tylov\u00fdmi detailmi, \u010d\u00edm dosahuje elegantn\u00fd a lichotiv\u00fd vzh\u013ead bez toho, aby obetovala pohodlie.<\/p>\n<p>Jeho dizajn navy\u0161e vynik\u00e1 dvojitou vrstvou tylu na zadnej strane, ktor\u00e1 poskytuje extra oporu a pom\u00e1ha vizu\u00e1lne skry\u0165 drobn\u00e9 nerovnosti na boku, \u010d\u00edm zanech\u00e1va pod oble\u010den\u00edm jemnej\u0161\u00ed a uhladenej\u0161\u00ed povrch.<\/p>\n<p>K\u013e\u00fa\u010dov\u00e9 body<\/p>\n<ul>\n<li>Kostice + vystu\u017een\u00e9 ko\u0161\u00ed\u010dky s hlbok\u00fdm v\u00fdstrihom: prirodzen\u00e9 zv\u00fdraznenie a ve\u013emi atrakt\u00edvny dekolt.<\/li>\n<li>Chrb\u00e1t s dvojvrstvov\u00fdm tylom: extra podpora a elegantnej\u0161\u00ed efekt.<\/li>\n<li>Pohodln\u00e9 mikrovl\u00e1kno: m\u00e4kk\u00e9 na dotyk, ide\u00e1lne na nosenie dlh\u00e9 hodiny.<\/li>\n<li>Zladen\u00e1 s\u00faprava: skombinujte ju s nohavi\u010dkami Katia Selene alebo Roxana Selene pre dokonal\u00fd vzh\u013ead.<\/li>\n<\/ul>\n<p>\ud83d\udde3\ufe0f Tip: V Selene Katia je \u00abpr\u00e9miov\u00e1\u00bb kvalita evidentn\u00e1 v celom texte: predn\u00e1 \u010das\u0165 poskytuje kr\u00e1sny a lichotiv\u00fd v\u00fdstrih a zadn\u00e1 \u010das\u0165 je z dvojit\u00e9ho tylu pre elegantnej\u0161\u00ed efekt, ktor\u00fd podopiera a \u0161tylizuje bez toho, aby pod oble\u010den\u00edm vyzerala \u00ab\u0165a\u017eko\u00bb.<\/p>\n<p>\ud83d\udccf Pozn\u00e1mka: Pred k\u00fapou si dajte pozor, aby v\u00e1m p\u00e1s sedel: mal by by\u0165 pevn\u00fd a pohodln\u00fd (bez toho, aby v\u00e1m st\u00fapal po chrbte). Ak p\u00e1s sed\u00ed perfektne, ale m\u00e1te pocit, \u017ee ko\u0161\u00ed\u010dek je \u00abtak akur\u00e1t\u00bb alebo sa v\u00e1m prsia pri pohybe trochu vysyp\u00e1vaj\u00fa, zv\u00e4\u010d\u0161ite ho o jeden ko\u0161\u00ed\u010dek; ak je pr\u00edli\u0161 vo\u013en\u00fd, zn\u00ed\u017ete ho o jeden ko\u0161\u00ed\u010dek a ponechajte si p\u00e1s.<\/p>\n<p>Zlo\u017eenie: Stre\u010dov\u00e9 mikrovl\u00e1kno s tylov\u00fdmi detailmi. 53% Polyester \u00b7 33% Polyamid \u00b7 14% Elastan<\/p>\n<p>\ud83e\udee6 Sofistikovan\u00e9, pohodln\u00e9 a nebezpe\u010dne lichotiv\u00e9.<\/p>\n<div id=\"v1ms-outlook-mobile-body-separator-line\" dir=\"auto\"><\/div>","protected":false},"excerpt":{"rendered":"<div style=\"position: relative; padding-bottom: 56.25%; height: 0; overflow: hidden; max-width: 100%;\"><iframe style=\"position: absolute; top: 0; left: 0; width: 100%; height: 100%;\" src=\"https:\/\/www.youtube.com\/embed\/7AuznBKBTI8?autoplay=1&amp;mute=1&amp;playsinline=1&amp;rel=0&amp;controls=1&amp;loop=1&amp;playlist=7AuznBKBTI8\" frameborder=\"0\" allowfullscreen=\"allowfullscreen\"><br \/>\n<\/iframe><\/div>","protected":false},"featured_media":3374,"comment_status":"closed","ping_status":"closed","template":"","meta":{"content-type":""},"product_brand":[55],"product_cat":[26,20],"product_tag":[56,62],"class_list":{"0":"post-3353","1":"product","2":"type-product","3":"status-publish","4":"has-post-thumbnail","6":"product_brand-selene","7":"product_cat-con-aros-y-relleno","8":"product_cat-sujetador","9":"product_tag-sujetador","10":"product_tag-sujetador-con-aros-y-rellenos","12":"first","13":"instock","14":"taxable","15":"shipping-taxable","16":"purchasable","17":"product-type-variable"},"supplier_id":null,"supplier_sku":"","barcode":null,"atum_controlled":true,"out_stock_date":null,"out_stock_threshold":null,"inheritable":true,"inbound_stock":0,"stock_on_hold":0,"sold_today":0,"sales_last_days":0,"reserved_stock":0,"customer_returns":0,"warehouse_damage":0,"lost_in_post":0,"other_logs":0,"out_stock_days":null,"lost_sales":0,"has_location":false,"update_date":"2026-01-26T08:12:35","atum_locations":[],"atum_stock_status":"instock","restock_status":false,"low_stock_amount":"","sales_update_date":"2025-10-03T04:55:34","calc_backorders":null,"yoast_head":"<!-- This site is optimized with the Yoast SEO plugin v27.4 - https:\/\/yoast.com\/product\/yoast-seo-wordpress\/ -->\n<title>Sujetador Selene Katia - Rosana CL<\/title>\n<meta name=\"robots\" content=\"index, follow, max-snippet:-1, max-image-preview:large, max-video-preview:-1\" \/>\n<link rel=\"canonical\" href=\"https:\/\/rosanacl.com\/sk\/produkt\/sujetador-modelo-katia\/\" \/>\n<meta property=\"og:locale\" content=\"sk_SK\" \/>\n<meta property=\"og:type\" content=\"article\" \/>\n<meta property=\"og:title\" content=\"Sujetador Selene Katia - Rosana CL\" \/>\n<meta property=\"og:url\" content=\"https:\/\/rosanacl.com\/sk\/produkt\/sujetador-modelo-katia\/\" \/>\n<meta property=\"og:site_name\" content=\"Rosana CL\" \/>\n<meta property=\"article:modified_time\" content=\"2026-01-08T02:15:40+00:00\" \/>\n<meta property=\"og:image\" content=\"https:\/\/rosanacl.com\/wp-content\/uploads\/2025\/08\/1-3-1024x1024.png\" \/>\n\t<meta property=\"og:image:width\" content=\"1024\" \/>\n\t<meta property=\"og:image:height\" content=\"1024\" \/>\n\t<meta property=\"og:image:type\" content=\"image\/png\" \/>\n<meta name=\"twitter:card\" content=\"summary_large_image\" \/>\n<meta name=\"twitter:label1\" content=\"Predpokladan\u00fd \u010das \u010d\u00edtania\" \/>\n\t<meta name=\"twitter:data1\" content=\"2 min\u00faty\" \/>\n<script type=\"application\/ld+json\" class=\"yoast-schema-graph\">{\"@context\":\"https:\\\/\\\/schema.org\",\"@graph\":[{\"@type\":\"WebPage\",\"@id\":\"https:\\\/\\\/rosanacl.com\\\/producto\\\/sujetador-modelo-katia\\\/\",\"url\":\"https:\\\/\\\/rosanacl.com\\\/producto\\\/sujetador-modelo-katia\\\/\",\"name\":\"Sujetador Selene Katia - Rosana CL\",\"isPartOf\":{\"@id\":\"https:\\\/\\\/rosanacl.com\\\/ca\\\/#website\"},\"primaryImageOfPage\":{\"@id\":\"https:\\\/\\\/rosanacl.com\\\/producto\\\/sujetador-modelo-katia\\\/#primaryimage\"},\"image\":{\"@id\":\"https:\\\/\\\/rosanacl.com\\\/producto\\\/sujetador-modelo-katia\\\/#primaryimage\"},\"thumbnailUrl\":\"https:\\\/\\\/rosanacl.com\\\/wp-content\\\/uploads\\\/2025\\\/08\\\/1-3.png\",\"datePublished\":\"2025-08-19T06:46:54+00:00\",\"dateModified\":\"2026-01-08T02:15:40+00:00\",\"breadcrumb\":{\"@id\":\"https:\\\/\\\/rosanacl.com\\\/producto\\\/sujetador-modelo-katia\\\/#breadcrumb\"},\"inLanguage\":\"sk-SK\",\"potentialAction\":[{\"@type\":\"ReadAction\",\"target\":[\"https:\\\/\\\/rosanacl.com\\\/producto\\\/sujetador-modelo-katia\\\/\"]}]},{\"@type\":\"ImageObject\",\"inLanguage\":\"sk-SK\",\"@id\":\"https:\\\/\\\/rosanacl.com\\\/producto\\\/sujetador-modelo-katia\\\/#primaryimage\",\"url\":\"https:\\\/\\\/rosanacl.com\\\/wp-content\\\/uploads\\\/2025\\\/08\\\/1-3.png\",\"contentUrl\":\"https:\\\/\\\/rosanacl.com\\\/wp-content\\\/uploads\\\/2025\\\/08\\\/1-3.png\",\"width\":1333,\"height\":1333},{\"@type\":\"BreadcrumbList\",\"@id\":\"https:\\\/\\\/rosanacl.com\\\/producto\\\/sujetador-modelo-katia\\\/#breadcrumb\",\"itemListElement\":[{\"@type\":\"ListItem\",\"position\":1,\"name\":\"Portada\",\"item\":\"https:\\\/\\\/rosanacl.com\\\/ca\\\/\"},{\"@type\":\"ListItem\",\"position\":2,\"name\":\"Tienda\",\"item\":\"https:\\\/\\\/rosanacl.com\\\/ca\\\/tienda\\\/\"},{\"@type\":\"ListItem\",\"position\":3,\"name\":\"Sujetador Selene Katia\"}]},{\"@type\":\"WebSite\",\"@id\":\"https:\\\/\\\/rosanacl.com\\\/ca\\\/#website\",\"url\":\"https:\\\/\\\/rosanacl.com\\\/ca\\\/\",\"name\":\"Rosana CL\",\"description\":\"Somos tu interior\",\"potentialAction\":[{\"@type\":\"SearchAction\",\"target\":{\"@type\":\"EntryPoint\",\"urlTemplate\":\"https:\\\/\\\/rosanacl.com\\\/ca\\\/?s={search_term_string}\"},\"query-input\":{\"@type\":\"PropertyValueSpecification\",\"valueRequired\":true,\"valueName\":\"search_term_string\"}}],\"inLanguage\":\"sk-SK\"}]}<\/script>\n<!-- \/ Yoast SEO plugin. -->","yoast_head_json":{"title":"Sujetador Selene Katia - Rosana CL","robots":{"index":"index","follow":"follow","max-snippet":"max-snippet:-1","max-image-preview":"max-image-preview:large","max-video-preview":"max-video-preview:-1"},"canonical":"https:\/\/rosanacl.com\/sk\/produkt\/sujetador-modelo-katia\/","og_locale":"sk_SK","og_type":"article","og_title":"Sujetador Selene Katia - Rosana CL","og_url":"https:\/\/rosanacl.com\/sk\/produkt\/sujetador-modelo-katia\/","og_site_name":"Rosana CL","article_modified_time":"2026-01-08T02:15:40+00:00","og_image":[{"width":1024,"height":1024,"url":"https:\/\/rosanacl.com\/wp-content\/uploads\/2025\/08\/1-3-1024x1024.png","type":"image\/png"}],"twitter_card":"summary_large_image","twitter_misc":{"Predpokladan\u00fd \u010das \u010d\u00edtania":"2 min\u00faty"},"schema":{"@context":"https:\/\/schema.org","@graph":[{"@type":"WebPage","@id":"https:\/\/rosanacl.com\/producto\/sujetador-modelo-katia\/","url":"https:\/\/rosanacl.com\/producto\/sujetador-modelo-katia\/","name":"Sujetador Selene Katia - Rosana CL","isPartOf":{"@id":"https:\/\/rosanacl.com\/ca\/#website"},"primaryImageOfPage":{"@id":"https:\/\/rosanacl.com\/producto\/sujetador-modelo-katia\/#primaryimage"},"image":{"@id":"https:\/\/rosanacl.com\/producto\/sujetador-modelo-katia\/#primaryimage"},"thumbnailUrl":"https:\/\/rosanacl.com\/wp-content\/uploads\/2025\/08\/1-3.png","datePublished":"2025-08-19T06:46:54+00:00","dateModified":"2026-01-08T02:15:40+00:00","breadcrumb":{"@id":"https:\/\/rosanacl.com\/producto\/sujetador-modelo-katia\/#breadcrumb"},"inLanguage":"sk-SK","potentialAction":[{"@type":"ReadAction","target":["https:\/\/rosanacl.com\/producto\/sujetador-modelo-katia\/"]}]},{"@type":"ImageObject","inLanguage":"sk-SK","@id":"https:\/\/rosanacl.com\/producto\/sujetador-modelo-katia\/#primaryimage","url":"https:\/\/rosanacl.com\/wp-content\/uploads\/2025\/08\/1-3.png","contentUrl":"https:\/\/rosanacl.com\/wp-content\/uploads\/2025\/08\/1-3.png","width":1333,"height":1333},{"@type":"BreadcrumbList","@id":"https:\/\/rosanacl.com\/producto\/sujetador-modelo-katia\/#breadcrumb","itemListElement":[{"@type":"ListItem","position":1,"name":"Portada","item":"https:\/\/rosanacl.com\/ca\/"},{"@type":"ListItem","position":2,"name":"Tienda","item":"https:\/\/rosanacl.com\/ca\/tienda\/"},{"@type":"ListItem","position":3,"name":"Sujetador Selene Katia"}]},{"@type":"WebSite","@id":"https:\/\/rosanacl.com\/ca\/#website","url":"https:\/\/rosanacl.com\/ca\/","name":"Rosana CL","description":"Sme tvoje vn\u00fatorn\u00e9 ja","potentialAction":[{"@type":"SearchAction","target":{"@type":"EntryPoint","urlTemplate":"https:\/\/rosanacl.com\/ca\/?s={search_term_string}"},"query-input":{"@type":"PropertyValueSpecification","valueRequired":true,"valueName":"search_term_string"}}],"inLanguage":"sk-SK"}]}},"_links":{"self":[{"href":"https:\/\/rosanacl.com\/sk\/wp-json\/wp\/v2\/product\/3353","targetHints":{"allow":["GET"]}}],"collection":[{"href":"https:\/\/rosanacl.com\/sk\/wp-json\/wp\/v2\/product"}],"about":[{"href":"https:\/\/rosanacl.com\/sk\/wp-json\/wp\/v2\/types\/product"}],"replies":[{"embeddable":true,"href":"https:\/\/rosanacl.com\/sk\/wp-json\/wp\/v2\/comments?post=3353"}],"version-history":[{"count":5,"href":"https:\/\/rosanacl.com\/sk\/wp-json\/wp\/v2\/product\/3353\/revisions"}],"predecessor-version":[{"id":4641,"href":"https:\/\/rosanacl.com\/sk\/wp-json\/wp\/v2\/product\/3353\/revisions\/4641"}],"wp:featuredmedia":[{"embeddable":true,"href":"https:\/\/rosanacl.com\/sk\/wp-json\/wp\/v2\/media\/3374"}],"wp:attachment":[{"href":"https:\/\/rosanacl.com\/sk\/wp-json\/wp\/v2\/media?parent=3353"}],"wp:term":[{"taxonomy":"product_brand","embeddable":true,"href":"https:\/\/rosanacl.com\/sk\/wp-json\/wp\/v2\/product_brand?post=3353"},{"taxonomy":"product_cat","embeddable":true,"href":"https:\/\/rosanacl.com\/sk\/wp-json\/wp\/v2\/product_cat?post=3353"},{"taxonomy":"product_tag","embeddable":true,"href":"https:\/\/rosanacl.com\/sk\/wp-json\/wp\/v2\/product_tag?post=3353"}],"curies":[{"name":"wp","href":"https:\/\/api.w.org\/{rel}","templated":true}]}}