{"id":869,"date":"2025-04-29T20:12:14","date_gmt":"2025-04-29T18:12:14","guid":{"rendered":"https:\/\/rosanacl.com\/?post_type=product&#038;p=869"},"modified":"2026-01-07T21:06:33","modified_gmt":"2026-01-07T20:06:33","slug":"sujetador-modelo-martina","status":"publish","type":"product","link":"https:\/\/rosanacl.com\/sk\/produkt\/sujetador-modelo-martina\/","title":{"rendered":"Selene Martina Bra"},"content":{"rendered":"<p>Podprsenka Selene Martina je h\u00e1\u010dkovan\u00e1 braletka, ktor\u00e1 v priebehu nieko\u013ek\u00fdch sek\u00fand pozdvihne v\u00e1\u0161 outfit: \u0161t\u00fdlov\u00e1 \u010dipka, kr\u00e1sny v\u00fdstrih a lichotiv\u00fd tvar bez ak\u00fdchko\u013evek komplik\u00e1ci\u00ed. M\u00e1 kostice a vystu\u017een\u00e9 ko\u0161\u00ed\u010dky pre zaoblenej\u0161\u00ed a \u017eenskej\u0161\u00ed vzh\u013ead, ide\u00e1lne, ke\u010f chcete vyzera\u0165 elegantnej\u0161ie, ale z\u00e1rove\u0148 sa c\u00edti\u0165 pohodlne.<\/p>\n<p>V\u010faka dizajnu braletky vyzer\u00e1 Martina kr\u00e1sne ako na ka\u017edodenn\u00e9 nosenie, tak aj na pr\u00edle\u017eitosti, ke\u010f chcete v\u00fdnimo\u010dnej\u0161\u00ed vzh\u013ead. Pod tri\u010dkami, bl\u00fazkami alebo priliehav\u00fdmi odevmi poskytuje elegantnej\u0161iu siluetu a stabiln\u00fa oporu, pri\u010dom si zachov\u00e1va mladistv\u00fd a modern\u00fd vzh\u013ead, v\u010faka ktor\u00e9mu vyniknete na prv\u00fd poh\u013ead.<\/p>\n<p><p>\u010co rob\u00ed rozdiel v Martine<\/p>\n<ul>\n<li>H\u00e1\u010dkovan\u00e1 \u010dipkovan\u00e1 braletka, ve\u013emi trendy a s origin\u00e1lnym v\u00fdstrihom.<\/li>\n<li>Kostice pre pevnej\u0161iu oporu a lep\u0161ie definovanie hrudn\u00edka.<\/li>\n<li>Ko\u0161\u00ed\u010dek s v\u00fdpl\u0148ou pre zaoblenej\u0161\u00ed a lichotivej\u0161\u00ed efekt.<\/li>\n<li>Ide\u00e1lne pre vzh\u013ead s hlbok\u00fdm v\u00fdstrihom: vyzer\u00e1 pekne bez toho, aby to bolo prehnan\u00e9.<\/li>\n<li>Zladen\u00e9 nohavi\u010dky 3118 (prida\u0165 ako sadu).<\/li>\n<\/ul>\n<p>\ud83d\udde3\ufe0f Tip: Martina je perfektn\u00e1 na tie dni, ke\u010f \u00abchcete vyzera\u0165 inak\u00bb: oble\u010diete si ju a v\u0161imnete si ten mladistv\u00fd a pekn\u00fd n\u00e1dych, s pohodlnou oporou a bez pocitu, \u017ee ste v kost\u00fdme. Ide\u00e1lne, ke\u010f chcete lichotiv\u00fd v\u00fdstrih a st\u00e1le sa c\u00edtite \u013eahk\u00e1.<\/p>\n<p>\ud83d\udccf Pozn\u00e1mka: Aby ste si s Martinou hne\u010f na prv\u00fdkr\u00e1t na\u0161li spr\u00e1vnu ve\u013ekos\u0165: ak si neviete vybra\u0165 ve\u013ekos\u0165 a chcete, aby oble\u010denie lep\u0161ie sedelo, vyberte si men\u0161iu ve\u013ekos\u0165; ak uprednost\u0148ujete v\u00e4\u010d\u0161ie pohodlie v p\u00e1se, vyberte si o \u010d\u00edslo v\u00e4\u010d\u0161iu. A aby odev vyzeral \u010do najlep\u0161ie, vysk\u00fa\u0161ajte si ho cez spodn\u00fa bielize\u0148.<\/p>\n<p>Zlo\u017eenie: 48% Polyester \/ 44% Polyamid \/ 8% Elastan.<\/p>\n<p>\ud83e\udd42 Pre pl\u00e1ny \u00ab\u00e1no dnes\u00bb: Martina.<\/p>\n<div id=\"v1ms-outlook-mobile-body-separator-line\" dir=\"auto\"><\/div>","protected":false},"excerpt":{"rendered":"<p>El sujetador Selene modelo Martina es ese bralette \u00abcrochet\u00bb que te arregla el conjunto en segundos: encaje con personalidad, escote bonito y una forma muy favorecedora sin necesidad de complicarte. Lleva aros y copa con relleno para dar un acabado m\u00e1s redondeado y femenino, perfecto cuando quieres verte m\u00e1s puesta pero seguir sinti\u00e9ndote c\u00f3moda. Por [&hellip;]<\/p>\n","protected":false},"featured_media":2362,"comment_status":"open","ping_status":"closed","template":"","meta":{"content-type":""},"product_brand":[55],"product_cat":[26,103,20],"product_tag":[56,61],"class_list":{"0":"post-869","1":"product","2":"type-product","3":"status-publish","4":"has-post-thumbnail","6":"product_brand-selene","7":"product_cat-con-aros-y-relleno","8":"product_cat-martina","9":"product_cat-sujetador","10":"product_tag-sujetador","11":"product_tag-sujetador-con-aros-y-relleno","13":"first","14":"instock","15":"taxable","16":"shipping-taxable","17":"purchasable","18":"product-type-variable"},"supplier_id":null,"supplier_sku":"","barcode":null,"atum_controlled":true,"out_stock_date":null,"out_stock_threshold":null,"inheritable":true,"inbound_stock":null,"stock_on_hold":0,"sold_today":0,"sales_last_days":0,"reserved_stock":null,"customer_returns":null,"warehouse_damage":null,"lost_in_post":null,"other_logs":null,"out_stock_days":0,"lost_sales":0,"has_location":false,"update_date":"2026-01-07T20:06:34","atum_locations":[],"atum_stock_status":"instock","restock_status":false,"low_stock_amount":"","sales_update_date":"2025-08-19T02:35:53","calc_backorders":null,"yoast_head":"<!-- This site is optimized with the Yoast SEO plugin v27.4 - https:\/\/yoast.com\/product\/yoast-seo-wordpress\/ -->\n<title>Sujetador Selene Martina - Rosana CL<\/title>\n<meta name=\"robots\" content=\"index, follow, max-snippet:-1, max-image-preview:large, max-video-preview:-1\" \/>\n<link rel=\"canonical\" href=\"https:\/\/rosanacl.com\/sk\/produkt\/sujetador-modelo-martina\/\" \/>\n<meta property=\"og:locale\" content=\"sk_SK\" \/>\n<meta property=\"og:type\" content=\"article\" \/>\n<meta property=\"og:title\" content=\"Sujetador Selene Martina - Rosana CL\" \/>\n<meta property=\"og:description\" content=\"El sujetador Selene modelo Martina es ese bralette \u00abcrochet\u00bb que te arregla el conjunto en segundos: encaje con personalidad, escote bonito y una forma muy favorecedora sin necesidad de complicarte. Lleva aros y copa con relleno para dar un acabado m\u00e1s redondeado y femenino, perfecto cuando quieres verte m\u00e1s puesta pero seguir sinti\u00e9ndote c\u00f3moda. Por [&hellip;]\" \/>\n<meta property=\"og:url\" content=\"https:\/\/rosanacl.com\/sk\/produkt\/sujetador-modelo-martina\/\" \/>\n<meta property=\"og:site_name\" content=\"Rosana CL\" \/>\n<meta property=\"article:modified_time\" content=\"2026-01-07T20:06:33+00:00\" \/>\n<meta property=\"og:image\" content=\"https:\/\/rosanacl.com\/wp-content\/uploads\/2025\/04\/2-4.jpg\" \/>\n\t<meta property=\"og:image:width\" content=\"1333\" \/>\n\t<meta property=\"og:image:height\" content=\"992\" \/>\n\t<meta property=\"og:image:type\" content=\"image\/jpeg\" \/>\n<meta name=\"twitter:card\" content=\"summary_large_image\" \/>\n<meta name=\"twitter:label1\" content=\"Predpokladan\u00fd \u010das \u010d\u00edtania\" \/>\n\t<meta name=\"twitter:data1\" content=\"2 min\u00faty\" \/>\n<script type=\"application\/ld+json\" class=\"yoast-schema-graph\">{\"@context\":\"https:\\\/\\\/schema.org\",\"@graph\":[{\"@type\":\"WebPage\",\"@id\":\"https:\\\/\\\/rosanacl.com\\\/producto\\\/sujetador-modelo-martina\\\/\",\"url\":\"https:\\\/\\\/rosanacl.com\\\/producto\\\/sujetador-modelo-martina\\\/\",\"name\":\"Sujetador Selene Martina - Rosana CL\",\"isPartOf\":{\"@id\":\"https:\\\/\\\/rosanacl.com\\\/ca\\\/#website\"},\"primaryImageOfPage\":{\"@id\":\"https:\\\/\\\/rosanacl.com\\\/producto\\\/sujetador-modelo-martina\\\/#primaryimage\"},\"image\":{\"@id\":\"https:\\\/\\\/rosanacl.com\\\/producto\\\/sujetador-modelo-martina\\\/#primaryimage\"},\"thumbnailUrl\":\"https:\\\/\\\/rosanacl.com\\\/wp-content\\\/uploads\\\/2025\\\/04\\\/2-4.jpg\",\"datePublished\":\"2025-04-29T18:12:14+00:00\",\"dateModified\":\"2026-01-07T20:06:33+00:00\",\"breadcrumb\":{\"@id\":\"https:\\\/\\\/rosanacl.com\\\/producto\\\/sujetador-modelo-martina\\\/#breadcrumb\"},\"inLanguage\":\"sk-SK\",\"potentialAction\":[{\"@type\":\"ReadAction\",\"target\":[\"https:\\\/\\\/rosanacl.com\\\/producto\\\/sujetador-modelo-martina\\\/\"]}]},{\"@type\":\"ImageObject\",\"inLanguage\":\"sk-SK\",\"@id\":\"https:\\\/\\\/rosanacl.com\\\/producto\\\/sujetador-modelo-martina\\\/#primaryimage\",\"url\":\"https:\\\/\\\/rosanacl.com\\\/wp-content\\\/uploads\\\/2025\\\/04\\\/2-4.jpg\",\"contentUrl\":\"https:\\\/\\\/rosanacl.com\\\/wp-content\\\/uploads\\\/2025\\\/04\\\/2-4.jpg\",\"width\":1333,\"height\":992},{\"@type\":\"BreadcrumbList\",\"@id\":\"https:\\\/\\\/rosanacl.com\\\/producto\\\/sujetador-modelo-martina\\\/#breadcrumb\",\"itemListElement\":[{\"@type\":\"ListItem\",\"position\":1,\"name\":\"Portada\",\"item\":\"https:\\\/\\\/rosanacl.com\\\/ca\\\/\"},{\"@type\":\"ListItem\",\"position\":2,\"name\":\"Tienda\",\"item\":\"https:\\\/\\\/rosanacl.com\\\/ca\\\/tienda\\\/\"},{\"@type\":\"ListItem\",\"position\":3,\"name\":\"Sujetador Selene Martina\"}]},{\"@type\":\"WebSite\",\"@id\":\"https:\\\/\\\/rosanacl.com\\\/ca\\\/#website\",\"url\":\"https:\\\/\\\/rosanacl.com\\\/ca\\\/\",\"name\":\"Rosana CL\",\"description\":\"Somos tu interior\",\"potentialAction\":[{\"@type\":\"SearchAction\",\"target\":{\"@type\":\"EntryPoint\",\"urlTemplate\":\"https:\\\/\\\/rosanacl.com\\\/ca\\\/?s={search_term_string}\"},\"query-input\":{\"@type\":\"PropertyValueSpecification\",\"valueRequired\":true,\"valueName\":\"search_term_string\"}}],\"inLanguage\":\"sk-SK\"}]}<\/script>\n<!-- \/ Yoast SEO plugin. -->","yoast_head_json":{"title":"Sujetador Selene Martina - Rosana CL","robots":{"index":"index","follow":"follow","max-snippet":"max-snippet:-1","max-image-preview":"max-image-preview:large","max-video-preview":"max-video-preview:-1"},"canonical":"https:\/\/rosanacl.com\/sk\/produkt\/sujetador-modelo-martina\/","og_locale":"sk_SK","og_type":"article","og_title":"Sujetador Selene Martina - Rosana CL","og_description":"El sujetador Selene modelo Martina es ese bralette \u00abcrochet\u00bb que te arregla el conjunto en segundos: encaje con personalidad, escote bonito y una forma muy favorecedora sin necesidad de complicarte. Lleva aros y copa con relleno para dar un acabado m\u00e1s redondeado y femenino, perfecto cuando quieres verte m\u00e1s puesta pero seguir sinti\u00e9ndote c\u00f3moda. Por [&hellip;]","og_url":"https:\/\/rosanacl.com\/sk\/produkt\/sujetador-modelo-martina\/","og_site_name":"Rosana CL","article_modified_time":"2026-01-07T20:06:33+00:00","og_image":[{"width":1333,"height":992,"url":"https:\/\/rosanacl.com\/wp-content\/uploads\/2025\/04\/2-4.jpg","type":"image\/jpeg"}],"twitter_card":"summary_large_image","twitter_misc":{"Predpokladan\u00fd \u010das \u010d\u00edtania":"2 min\u00faty"},"schema":{"@context":"https:\/\/schema.org","@graph":[{"@type":"WebPage","@id":"https:\/\/rosanacl.com\/producto\/sujetador-modelo-martina\/","url":"https:\/\/rosanacl.com\/producto\/sujetador-modelo-martina\/","name":"Sujetador Selene Martina - Rosana CL","isPartOf":{"@id":"https:\/\/rosanacl.com\/ca\/#website"},"primaryImageOfPage":{"@id":"https:\/\/rosanacl.com\/producto\/sujetador-modelo-martina\/#primaryimage"},"image":{"@id":"https:\/\/rosanacl.com\/producto\/sujetador-modelo-martina\/#primaryimage"},"thumbnailUrl":"https:\/\/rosanacl.com\/wp-content\/uploads\/2025\/04\/2-4.jpg","datePublished":"2025-04-29T18:12:14+00:00","dateModified":"2026-01-07T20:06:33+00:00","breadcrumb":{"@id":"https:\/\/rosanacl.com\/producto\/sujetador-modelo-martina\/#breadcrumb"},"inLanguage":"sk-SK","potentialAction":[{"@type":"ReadAction","target":["https:\/\/rosanacl.com\/producto\/sujetador-modelo-martina\/"]}]},{"@type":"ImageObject","inLanguage":"sk-SK","@id":"https:\/\/rosanacl.com\/producto\/sujetador-modelo-martina\/#primaryimage","url":"https:\/\/rosanacl.com\/wp-content\/uploads\/2025\/04\/2-4.jpg","contentUrl":"https:\/\/rosanacl.com\/wp-content\/uploads\/2025\/04\/2-4.jpg","width":1333,"height":992},{"@type":"BreadcrumbList","@id":"https:\/\/rosanacl.com\/producto\/sujetador-modelo-martina\/#breadcrumb","itemListElement":[{"@type":"ListItem","position":1,"name":"Portada","item":"https:\/\/rosanacl.com\/ca\/"},{"@type":"ListItem","position":2,"name":"Tienda","item":"https:\/\/rosanacl.com\/ca\/tienda\/"},{"@type":"ListItem","position":3,"name":"Sujetador Selene Martina"}]},{"@type":"WebSite","@id":"https:\/\/rosanacl.com\/ca\/#website","url":"https:\/\/rosanacl.com\/ca\/","name":"Rosana CL","description":"Sme tvoje vn\u00fatorn\u00e9 ja","potentialAction":[{"@type":"SearchAction","target":{"@type":"EntryPoint","urlTemplate":"https:\/\/rosanacl.com\/ca\/?s={search_term_string}"},"query-input":{"@type":"PropertyValueSpecification","valueRequired":true,"valueName":"search_term_string"}}],"inLanguage":"sk-SK"}]}},"_links":{"self":[{"href":"https:\/\/rosanacl.com\/sk\/wp-json\/wp\/v2\/product\/869","targetHints":{"allow":["GET"]}}],"collection":[{"href":"https:\/\/rosanacl.com\/sk\/wp-json\/wp\/v2\/product"}],"about":[{"href":"https:\/\/rosanacl.com\/sk\/wp-json\/wp\/v2\/types\/product"}],"replies":[{"embeddable":true,"href":"https:\/\/rosanacl.com\/sk\/wp-json\/wp\/v2\/comments?post=869"}],"version-history":[{"count":5,"href":"https:\/\/rosanacl.com\/sk\/wp-json\/wp\/v2\/product\/869\/revisions"}],"predecessor-version":[{"id":4614,"href":"https:\/\/rosanacl.com\/sk\/wp-json\/wp\/v2\/product\/869\/revisions\/4614"}],"wp:featuredmedia":[{"embeddable":true,"href":"https:\/\/rosanacl.com\/sk\/wp-json\/wp\/v2\/media\/2362"}],"wp:attachment":[{"href":"https:\/\/rosanacl.com\/sk\/wp-json\/wp\/v2\/media?parent=869"}],"wp:term":[{"taxonomy":"product_brand","embeddable":true,"href":"https:\/\/rosanacl.com\/sk\/wp-json\/wp\/v2\/product_brand?post=869"},{"taxonomy":"product_cat","embeddable":true,"href":"https:\/\/rosanacl.com\/sk\/wp-json\/wp\/v2\/product_cat?post=869"},{"taxonomy":"product_tag","embeddable":true,"href":"https:\/\/rosanacl.com\/sk\/wp-json\/wp\/v2\/product_tag?post=869"}],"curies":[{"name":"wp","href":"https:\/\/api.w.org\/{rel}","templated":true}]}}