{"id":16,"date":"2025-03-28T15:59:16","date_gmt":"2025-03-28T18:59:16","guid":{"rendered":"https:\/\/innovacon.simplificandotuweb.com\/?page_id=16"},"modified":"2025-07-09T08:54:15","modified_gmt":"2025-07-09T06:54:15","slug":"politica-de-cookies","status":"publish","type":"page","link":"https:\/\/rosanacl.com\/sl\/politica-de-cookies\/","title":{"rendered":"Pravilnik o pi\u0161kotkih"},"content":{"rendered":"<div data-elementor-type=\"wp-page\" data-elementor-id=\"16\" class=\"elementor elementor-16\" data-elementor-post-type=\"page\">\n\t\t\t\t<div class=\"elementor-element elementor-element-3406fa7 e-flex e-con-boxed e-con e-parent\" data-id=\"3406fa7\" data-element_type=\"container\" data-e-type=\"container\" data-settings=\"{&quot;background_background&quot;:&quot;classic&quot;}\">\n\t\t\t\t\t<div class=\"e-con-inner\">\n\t\t<div class=\"elementor-element elementor-element-d212998 e-con-full e-flex e-con e-child\" data-id=\"d212998\" data-element_type=\"container\" data-e-type=\"container\">\n\t\t\t\t<div class=\"elementor-element elementor-element-973e9ce elementor-widget elementor-widget-heading\" data-id=\"973e9ce\" data-element_type=\"widget\" data-e-type=\"widget\" data-widget_type=\"heading.default\">\n\t\t\t\t<div class=\"elementor-widget-container\">\n\t\t\t\t\t<h2 class=\"elementor-heading-title elementor-size-default\">Pravilnik o pi\u0161kotkih<\/h2>\t\t\t\t<\/div>\n\t\t\t\t<\/div>\n\t\t\t\t<\/div>\n\t\t\t\t\t<\/div>\n\t\t\t\t<\/div>\n\t\t<div class=\"elementor-element elementor-element-504b4f4d e-flex e-con-boxed e-con e-parent\" data-id=\"504b4f4d\" data-element_type=\"container\" data-e-type=\"container\">\n\t\t\t\t\t<div class=\"e-con-inner\">\n\t\t\t\t<div class=\"elementor-element elementor-element-36706845 elementor-widget elementor-widget-text-editor\" data-id=\"36706845\" data-element_type=\"widget\" data-e-type=\"widget\" data-widget_type=\"text-editor.default\">\n\t\t\t\t<div class=\"elementor-widget-container\">\n\t\t\t\t\t\t\t\t\t\n<p>Ta politika pi\u0161kotkov je bila nazadnje posodobljena 8. januarja 2024 in velja za dr\u017eavljane in zakonite stalne prebivalce Evropskega gospodarskega prostora in \u0160vice.<\/p>\n\n<p><strong>1. Uvod<\/strong><\/p>\n\n<p>Na\u0161a spletna stran, <a href=\"https:\/\/rosanacl.com\/sl\/\">https:\/\/rosanacl.com\/<\/a> (v nadaljevanju: \u00bbspletno mesto\u00ab) uporablja pi\u0161kotke in druge sorodne tehnologije (zaradi la\u017ejega uporabe se vse tehnologije imenujejo \u00bbpi\u0161kotki\u00ab). Pi\u0161kotke name\u0161\u010dajo tudi tretje osebe, s katerimi imamo sklenjene pogodbe. Naslednji dokument vas obve\u0161\u010da o uporabi pi\u0161kotkov na na\u0161em spletnem mestu.<\/p>\n\n<p><strong>2. Kaj so pi\u0161kotki?<\/strong><\/p>\n\n<p>Pi\u0161kotek je majhna datoteka, ki se po\u0161lje skupaj s stranmi tega spletnega mesta in jo va\u0161 brskalnik shrani na trdi disk va\u0161ega ra\u010dunalnika ali druge naprave. Shranjene informacije se lahko med naslednjim obiskom vrnejo na na\u0161e stre\u017enike ali na ustrezne stre\u017enike tretjih oseb.<\/p>\n\n<p><strong>3. Kaj so skripti?<\/strong><\/p>\n\n<p>Skript je del programske kode, ki se uporablja za pravilno in interaktivno delovanje na\u0161ega spletnega mesta. Ta koda se izvaja na na\u0161em stre\u017eniku ali na va\u0161i napravi.<\/p>\n\n<p><strong>4. Kaj je spletni svetilnik?<\/strong><\/p>\n\n<p>Spletni svetilnik (ali oznaka slikovne pike) je majhen, neviden del besedila ali slike na spletnem mestu, ki se uporablja za spremljanje prometa na spletnem mestu. V ta namen se s pomo\u010djo teh spletnih svetilnikov shranjujejo razli\u010dni podatki o vas.<\/p>\n\n<p><strong>5. Pi\u0161kotki<\/strong><\/p>\n\n<p><strong>5.1 Tehni\u010dni ali funkcionalni pi\u0161kotki<\/strong><\/p>\n\n<p>Nekateri pi\u0161kotki zagotavljajo pravilno delovanje dolo\u010denih delov spletnega mesta in ohranjanje va\u0161ih uporabni\u0161kih nastavitev. Z namestitvijo funkcionalnih pi\u0161kotkov vam olaj\u0161amo obisk na\u0161ega spletnega mesta. Na ta na\u010din vam ni treba vedno znova vna\u0161ati istih podatkov ob obisku na\u0161ega spletnega mesta, izdelki pa na primer ostanejo v va\u0161i nakupovalni ko\u0161arici, dokler ne pla\u010date. Te pi\u0161kotke lahko namestimo brez va\u0161ega soglasja.<\/p>\n\n<p><strong>5.2 Tr\u017eenjski\/sledilni pi\u0161kotki<\/strong><\/p>\n\n<p>Tr\u017eenjski\/sledilni pi\u0161kotki so pi\u0161kotki ali druge oblike lokalnega shranjevanja, ki se uporabljajo za ustvarjanje uporabni\u0161kih profilov za namene prikazovanja oglasov ali sledenja uporabnikom na tem spletnem mestu ali na ve\u010d spletnih mestih za podobne tr\u017eenjske namene.<\/p>\n\n<p><strong>6. Uporabljeni pi\u0161kotki<\/strong><\/p>\n\n<ul class=\"wp-block-list\">\n<li>Elementor \u2013 Statistika (anonimno)<\/li>\n<li>Soglasje za storitev elementor<\/li>\n<li>WordPress \u2013 Funkcionalno<\/li>\n<li>Soglasje za storitev WordPress<\/li>\n<li>Razno \u2013 Namen v teku preiskave<\/li>\n<li>Soglasje za storitve razli\u010dnih<\/li>\n<\/ul>\n\n<p><strong>7. Soglasje<\/strong><\/p>\n\n<p>Ko prvi\u010d obi\u0161\u010dete na\u0161o spletno stran, se vam bo prikazalo pojavno okno z razlago o pi\u0161kotkih. Takoj ko kliknete \u00bbShrani nastavitve\u00ab, se strinjate z uporabo kategorij pi\u0161kotkov in vti\u010dnikov, ki ste jih izbrali v pojavnem oknu, kot je opisano v tej politiki pi\u0161kotkov. Uporabo pi\u0161kotkov lahko onemogo\u010dite v svojem brskalniku, vendar upo\u0161tevajte, da na\u0161a spletna stran morda ne bo ve\u010d delovala pravilno.<\/p>\n\n<p><strong>7.1 Upravljanje nastavitev soglasja<\/strong><\/p>\n\n<ul class=\"wp-block-list\">\n<li>Funkcionalno \u2013 Vedno aktivno<\/li>\n<li>Tr\u017eenje \u2013 Tr\u017eenje<\/li>\n<\/ul>\n\n<p><strong>8. Aktivacija\/deaktivacija in brisanje pi\u0161kotkov<\/strong><\/p>\n\n<p>S svojim internetnim brskalnikom lahko pi\u0161kotke samodejno ali ro\u010dno izbri\u0161ete. Dolo\u010dite lahko tudi, da se dolo\u010deni pi\u0161kotki ne smejo namestiti. Druga mo\u017enost je, da spremenite nastavitve internetnega brskalnika tako, da prejmete sporo\u010dilo vsaki\u010d, ko je pi\u0161kotek name\u0161\u010den. Za ve\u010d informacij o teh mo\u017enostih glejte navodila v razdelku \u00bbPomo\u010d\u00ab v svojem brskalniku.<\/p>\n\n<p>Upo\u0161tevajte, da na\u0161a spletna stran morda ne bo delovala pravilno, \u010de so vsi pi\u0161kotki onemogo\u010deni. \u010ce pi\u0161kotke izbri\u0161ete iz brskalnika, bodo po va\u0161em soglasju ponovno name\u0161\u010deni, ko boste ponovno obiskali na\u0161o spletno stran.<\/p>\n\n<p><strong>9. Va\u0161e pravice glede osebnih podatkov<\/strong><\/p>\n\n<ul class=\"wp-block-list\">\n<li>Imate pravico vedeti, zakaj so va\u0161i osebni podatki potrebni, kaj se bo z njimi zgodilo in kako dolgo bodo hranjeni.<\/li>\n<li>Pravica dostopa: Imate pravico dostopa do svojih osebnih podatkov, ki jih poznamo.<\/li>\n<li>Pravica do popravka: Imate pravico, da kadar koli \u017eelite dopolnite, popravite, izbri\u0161ete ali blokirate svoje osebne podatke.<\/li>\n<li>\u010ce nam daste soglasje za obdelavo va\u0161ih podatkov, imate pravico, da to soglasje prekli\u010dete in zahtevate izbris svojih osebnih podatkov.<\/li>\n<li>Pravica do prenosljivosti va\u0161ih podatkov: Imate pravico zahtevati vse svoje osebne podatke od upravljavca podatkov in jih v celoti prenesti drugemu upravljavcu podatkov.<\/li>\n<li>Pravica do ugovora: Obdelavi va\u0161ih podatkov lahko ugovarjate. To bomo upo\u0161tevali, razen \u010de obstajajo upravi\u010deni razlogi za obdelavo.<\/li>\n<\/ul>\n\n<p>Za uveljavljanje teh pravic se obrnite na nas. Kontaktne podatke najdete na dnu te politike pi\u0161kotkov. \u010ce imate kakr\u0161ne koli prito\u017ebe glede na\u0161ega ravnanja z va\u0161imi podatki, vas bomo z veseljem sli\u0161ali, vendar imate tudi pravico vlo\u017eiti prito\u017ebo pri nadzornem organu (Organu za varstvo podatkov).<\/p>\n\n<p><strong>10. Kontaktni podatki<\/strong><\/p>\n\n<p>Za vpra\u0161anja in\/ali komentarje glede na\u0161e politike pi\u0161kotkov in te izjave nas kontaktirajte z uporabo naslednjih kontaktnih podatkov:<\/p>\n\n<ul class=\"wp-block-list\">\n<li>Podjetje: Pablo Angulo Maspons<\/li>\n<li>Prebivalstvo: Vinaroz, \u0160panija<\/li>\n<li>Telefon: 613395013<\/li>\n<li>Po\u0161ta:<a href=\"mailto:info@rosanacl.com\"> info@rosanacl.com<\/a>\u00a0<\/li>\n<\/ul>\n\n<p>Ta politika pi\u0161kotkov je bila sinhronizirana z <a href=\"https:\/\/cookiedatabase.org\">pi\u0161kotkidatabase.org<\/a> dne 01.08.2024.<\/p>\n\n<p>\u00a0<\/p>\t\t\t\t\t\t\t\t<\/div>\n\t\t\t\t<\/div>\n\t\t\t\t\t<\/div>\n\t\t\t\t<\/div>\n\t\t\t\t<\/div>","protected":false},"excerpt":{"rendered":"<p>Esta pol\u00edtica de cookies fue actualizada por \u00faltima vez el 08\/01\/2024 y se aplica a los ciudadanos y residentes legales permanentes del Espacio Econ\u00f3mico Europeo y Suiza. 1. Introducci\u00f3n Nuestra web, https:\/\/rosanacl.com\/ (en adelante: \u00abla web\u00bb) utiliza cookies y otras tecnolog\u00edas relacionadas (para mayor comodidad, todas las tecnolog\u00edas se denominan \u00abcookies\u00bb). Las cookies tambi\u00e9n son [&hellip;]<\/p>\n","protected":false},"author":1,"featured_media":0,"parent":0,"menu_order":0,"comment_status":"closed","ping_status":"closed","template":"","meta":{"content-type":"","footnotes":""},"class_list":["post-16","page","type-page","status-publish","hentry"],"yoast_head":"<!-- This site is optimized with the Yoast SEO plugin v27.4 - https:\/\/yoast.com\/product\/yoast-seo-wordpress\/ -->\n<title>Pol\u00edtica de Cookies - Rosana CL<\/title>\n<meta name=\"robots\" content=\"index, follow, max-snippet:-1, max-image-preview:large, max-video-preview:-1\" \/>\n<link rel=\"canonical\" href=\"https:\/\/rosanacl.com\/sl\/politica-de-cookies\/\" \/>\n<meta property=\"og:locale\" content=\"sl_SI\" \/>\n<meta property=\"og:type\" content=\"article\" \/>\n<meta property=\"og:title\" content=\"Pol\u00edtica de Cookies - Rosana CL\" \/>\n<meta property=\"og:description\" content=\"Esta pol\u00edtica de cookies fue actualizada por \u00faltima vez el 08\/01\/2024 y se aplica a los ciudadanos y residentes legales permanentes del Espacio Econ\u00f3mico Europeo y Suiza. 1. Introducci\u00f3n Nuestra web, https:\/\/rosanacl.com\/ (en adelante: \u00abla web\u00bb) utiliza cookies y otras tecnolog\u00edas relacionadas (para mayor comodidad, todas las tecnolog\u00edas se denominan \u00abcookies\u00bb). Las cookies tambi\u00e9n son [&hellip;]\" \/>\n<meta property=\"og:url\" content=\"https:\/\/rosanacl.com\/sl\/politica-de-cookies\/\" \/>\n<meta property=\"og:site_name\" content=\"Rosana CL\" \/>\n<meta property=\"article:modified_time\" content=\"2025-07-09T06:54:15+00:00\" \/>\n<meta name=\"twitter:card\" content=\"summary_large_image\" \/>\n<meta name=\"twitter:label1\" content=\"Est. reading time\" \/>\n\t<meta name=\"twitter:data1\" content=\"4 minute\" \/>\n<script type=\"application\/ld+json\" class=\"yoast-schema-graph\">{\"@context\":\"https:\\\/\\\/schema.org\",\"@graph\":[{\"@type\":\"WebPage\",\"@id\":\"https:\\\/\\\/rosanacl.com\\\/eu\\\/politica-de-cookies\\\/\",\"url\":\"https:\\\/\\\/rosanacl.com\\\/eu\\\/politica-de-cookies\\\/\",\"name\":\"Pol\u00edtica de Cookies - Rosana CL\",\"isPartOf\":{\"@id\":\"https:\\\/\\\/rosanacl.com\\\/ca\\\/#website\"},\"datePublished\":\"2025-03-28T18:59:16+00:00\",\"dateModified\":\"2025-07-09T06:54:15+00:00\",\"breadcrumb\":{\"@id\":\"https:\\\/\\\/rosanacl.com\\\/eu\\\/politica-de-cookies\\\/#breadcrumb\"},\"inLanguage\":\"sl-SI\",\"potentialAction\":[{\"@type\":\"ReadAction\",\"target\":[\"https:\\\/\\\/rosanacl.com\\\/eu\\\/politica-de-cookies\\\/\"]}]},{\"@type\":\"BreadcrumbList\",\"@id\":\"https:\\\/\\\/rosanacl.com\\\/eu\\\/politica-de-cookies\\\/#breadcrumb\",\"itemListElement\":[{\"@type\":\"ListItem\",\"position\":1,\"name\":\"Portada\",\"item\":\"https:\\\/\\\/rosanacl.com\\\/ca\\\/\"},{\"@type\":\"ListItem\",\"position\":2,\"name\":\"Pol\u00edtica de Cookies\"}]},{\"@type\":\"WebSite\",\"@id\":\"https:\\\/\\\/rosanacl.com\\\/ca\\\/#website\",\"url\":\"https:\\\/\\\/rosanacl.com\\\/ca\\\/\",\"name\":\"Rosana CL\",\"description\":\"Somos tu interior\",\"potentialAction\":[{\"@type\":\"SearchAction\",\"target\":{\"@type\":\"EntryPoint\",\"urlTemplate\":\"https:\\\/\\\/rosanacl.com\\\/ca\\\/?s={search_term_string}\"},\"query-input\":{\"@type\":\"PropertyValueSpecification\",\"valueRequired\":true,\"valueName\":\"search_term_string\"}}],\"inLanguage\":\"sl-SI\"}]}<\/script>\n<!-- \/ Yoast SEO plugin. -->","yoast_head_json":{"title":"Pol\u00edtica de Cookies - Rosana CL","robots":{"index":"index","follow":"follow","max-snippet":"max-snippet:-1","max-image-preview":"max-image-preview:large","max-video-preview":"max-video-preview:-1"},"canonical":"https:\/\/rosanacl.com\/sl\/politica-de-cookies\/","og_locale":"sl_SI","og_type":"article","og_title":"Pol\u00edtica de Cookies - Rosana CL","og_description":"Esta pol\u00edtica de cookies fue actualizada por \u00faltima vez el 08\/01\/2024 y se aplica a los ciudadanos y residentes legales permanentes del Espacio Econ\u00f3mico Europeo y Suiza. 1. Introducci\u00f3n Nuestra web, https:\/\/rosanacl.com\/ (en adelante: \u00abla web\u00bb) utiliza cookies y otras tecnolog\u00edas relacionadas (para mayor comodidad, todas las tecnolog\u00edas se denominan \u00abcookies\u00bb). Las cookies tambi\u00e9n son [&hellip;]","og_url":"https:\/\/rosanacl.com\/sl\/politica-de-cookies\/","og_site_name":"Rosana CL","article_modified_time":"2025-07-09T06:54:15+00:00","twitter_card":"summary_large_image","twitter_misc":{"Est. reading time":"4 minute"},"schema":{"@context":"https:\/\/schema.org","@graph":[{"@type":"WebPage","@id":"https:\/\/rosanacl.com\/eu\/politica-de-cookies\/","url":"https:\/\/rosanacl.com\/eu\/politica-de-cookies\/","name":"Pol\u00edtica de Cookies - Rosana CL","isPartOf":{"@id":"https:\/\/rosanacl.com\/ca\/#website"},"datePublished":"2025-03-28T18:59:16+00:00","dateModified":"2025-07-09T06:54:15+00:00","breadcrumb":{"@id":"https:\/\/rosanacl.com\/eu\/politica-de-cookies\/#breadcrumb"},"inLanguage":"sl-SI","potentialAction":[{"@type":"ReadAction","target":["https:\/\/rosanacl.com\/eu\/politica-de-cookies\/"]}]},{"@type":"BreadcrumbList","@id":"https:\/\/rosanacl.com\/eu\/politica-de-cookies\/#breadcrumb","itemListElement":[{"@type":"ListItem","position":1,"name":"Portada","item":"https:\/\/rosanacl.com\/ca\/"},{"@type":"ListItem","position":2,"name":"Pol\u00edtica de Cookies"}]},{"@type":"WebSite","@id":"https:\/\/rosanacl.com\/ca\/#website","url":"https:\/\/rosanacl.com\/ca\/","name":"Rosana CL","description":"Mi smo tvoj notranji jaz","potentialAction":[{"@type":"SearchAction","target":{"@type":"EntryPoint","urlTemplate":"https:\/\/rosanacl.com\/ca\/?s={search_term_string}"},"query-input":{"@type":"PropertyValueSpecification","valueRequired":true,"valueName":"search_term_string"}}],"inLanguage":"sl-SI"}]}},"_links":{"self":[{"href":"https:\/\/rosanacl.com\/sl\/wp-json\/wp\/v2\/pages\/16","targetHints":{"allow":["GET"]}}],"collection":[{"href":"https:\/\/rosanacl.com\/sl\/wp-json\/wp\/v2\/pages"}],"about":[{"href":"https:\/\/rosanacl.com\/sl\/wp-json\/wp\/v2\/types\/page"}],"author":[{"embeddable":true,"href":"https:\/\/rosanacl.com\/sl\/wp-json\/wp\/v2\/users\/1"}],"replies":[{"embeddable":true,"href":"https:\/\/rosanacl.com\/sl\/wp-json\/wp\/v2\/comments?post=16"}],"version-history":[{"count":0,"href":"https:\/\/rosanacl.com\/sl\/wp-json\/wp\/v2\/pages\/16\/revisions"}],"wp:attachment":[{"href":"https:\/\/rosanacl.com\/sl\/wp-json\/wp\/v2\/media?parent=16"}],"curies":[{"name":"wp","href":"https:\/\/api.w.org\/{rel}","templated":true}]}}