{"id":18,"date":"2025-03-28T16:03:06","date_gmt":"2025-03-28T19:03:06","guid":{"rendered":"https:\/\/innovacon.simplificandotuweb.com\/?page_id=18"},"modified":"2025-08-01T14:33:36","modified_gmt":"2025-08-01T12:33:36","slug":"aviso-legal","status":"publish","type":"page","link":"https:\/\/rosanacl.com\/sl\/aviso-legal\/","title":{"rendered":"Pravno obvestilo"},"content":{"rendered":"<div data-elementor-type=\"wp-page\" data-elementor-id=\"18\" class=\"elementor elementor-18\" data-elementor-post-type=\"page\">\n\t\t\t\t<div class=\"elementor-element elementor-element-1f18319 e-flex e-con-boxed e-con e-parent\" data-id=\"1f18319\" data-element_type=\"container\" data-e-type=\"container\" data-settings=\"{&quot;background_background&quot;:&quot;classic&quot;}\">\n\t\t\t\t\t<div class=\"e-con-inner\">\n\t\t<div class=\"elementor-element elementor-element-c2acaab e-con-full e-flex e-con e-child\" data-id=\"c2acaab\" data-element_type=\"container\" data-e-type=\"container\">\n\t\t\t\t<div class=\"elementor-element elementor-element-6f29856 elementor-widget elementor-widget-heading\" data-id=\"6f29856\" data-element_type=\"widget\" data-e-type=\"widget\" data-widget_type=\"heading.default\">\n\t\t\t\t<div class=\"elementor-widget-container\">\n\t\t\t\t\t<h2 class=\"elementor-heading-title elementor-size-default\">Pravno obvestilo<\/h2>\t\t\t\t<\/div>\n\t\t\t\t<\/div>\n\t\t\t\t<\/div>\n\t\t\t\t\t<\/div>\n\t\t\t\t<\/div>\n\t\t<div class=\"elementor-element elementor-element-7b2ac5e6 e-flex e-con-boxed e-con e-parent\" data-id=\"7b2ac5e6\" data-element_type=\"container\" data-e-type=\"container\">\n\t\t\t\t\t<div class=\"e-con-inner\">\n\t\t\t\t<div class=\"elementor-element elementor-element-2e23d7df elementor-widget elementor-widget-text-editor\" data-id=\"2e23d7df\" data-element_type=\"widget\" data-e-type=\"widget\" data-widget_type=\"text-editor.default\">\n\t\t\t\t<div class=\"elementor-widget-container\">\n\t\t\t\t\t\t\t\t\t\n<p><strong>Upravljavec podatkov<\/strong><\/p>\n\n<p>V skladu z dol\u017enostjo zagotavljanja informacij, dolo\u010deno z Zakonom 34\/2002 z dne 11. julija o storitvah informacijske dru\u017ebe in elektronskem poslovanju, vas obve\u0161\u010damo, da je to spletno mesto v lasti:<\/p>\n\n<ul class=\"wp-block-list\">\n<li>Podjetje: Pablo Angulo Maspons<\/li>\n<li>NIF: 73394866A<\/li>\n<li>Prebivalstvo: Vinaroz, \u0160panija<\/li>\n<li>Telefon: 613395013<\/li>\n<li>Po\u0161ta: <a href=\"mailto:info@rosanacl.com\">info@rosanacl.com<\/a><a href=\"mailto:info@rosanacl.com\">\u00a0<\/a><\/li>\n<\/ul>\n\n<p><strong>Predmet<\/strong><\/p>\n\n<p>Upravljavec podatkov uporabnikom zagotavlja ta dokument z namenom skladnosti z veljavnimi predpisi o varstvu podatkov in v okviru novega regulativnega okvira, ki ga je vzpostavila Uredba (EU) 2016\/679 Evropskega parlamenta in Sveta z dne 27. aprila 2016 o varstvu posameznikov pri obdelavi osebnih podatkov in o prostem pretoku takih podatkov (v nadaljnjem besedilu: Splo\u0161na uredba o varstvu podatkov) ter nacionalne zakonodaje o varstvu osebnih podatkov, ter za obve\u0161\u010danje vseh uporabnikov spletnega mesta o pogojih uporabe. Vsaka oseba, ki dostopa do tega spletnega mesta, prevzame vlogo uporabnika in se zave\u017ee k spo\u0161tovanju in doslednemu upo\u0161tevanju dolo\u010db iz tega dokumenta ter vseh drugih veljavnih zakonskih dolo\u010db. Upravljavec podatkov si pridr\u017euje pravico do spremembe vseh informacij, ki se lahko pojavijo na spletnem mestu, brez kakr\u0161ne koli obveznosti predhodnega obvestila ali obve\u0161\u010danja uporabnikov o teh spremembah, pri \u010demer se razume, da zadostuje objava na spletnem mestu upravljavca podatkov.<\/p>\n\n<p><strong>Odgovornost<\/strong><\/p>\n\n<p>Upravljavec podatkov zavra\u010da vsakr\u0161no odgovornost, ki izhaja iz informacij, objavljenih na njegovem spletnem mestu, pod pogojem, da so bile te informacije spremenjene ali vnesene s strani tretje osebe, ki ni povezana z upravljavcem podatkov.<\/p>\n\n<p><strong>IP-naslovi<\/strong><\/p>\n\n<p>Stre\u017eniki spletnega mesta lahko samodejno zaznajo IP-naslov in ime domene, ki ju uporablja uporabnik. IP-naslov je \u0161tevilka, ki se samodejno dodeli ra\u010dunalniku, ko se pove\u017ee z internetom. Vsi ti podatki se zabele\u017eijo v ustrezno registriran dnevnik dejavnosti stre\u017enika, kar omogo\u010da nadaljnjo obdelavo podatkov za pridobitev izklju\u010dno statisti\u010dnih meritev, kot so \u0161tevilo ogledov strani, \u0161tevilo obiskov spletnih stre\u017enikov, vrstni red obiskov, to\u010dka dostopa itd.<\/p>\n\n<p><strong>Pravilnik o povezavah<\/strong><\/p>\n\n<p>S tega spletnega mesta boste morda preusmerjeni na vsebino spletnih mest tretjih oseb. Ker upravljavec podatkov ne more vedno nadzorovati vsebine, ki jo tretje osebe objavijo na svojih spletnih mestih, ne prevzema nobene odgovornosti za tak\u0161no vsebino. V vsakem primeru upravljavec podatkov izjavlja, da bo nemudoma odstranil vsako vsebino, ki bi lahko kr\u0161ila nacionalno ali mednarodno pravo, moralo ali javni red, in bo nemudoma odstranil preusmeritev na to spletno mesto ter o zadevni vsebini poro\u010dal pristojnim organom. Upravljavec podatkov ni odgovoren za shranjene informacije in vsebino, vklju\u010dno z, vendar ne omejeno na, forume, klepete, generatorje blogov, komentarje, dru\u017ebena omre\u017eja ali kateri koli drug medij, ki tretjim osebam omogo\u010da samostojno objavljanje vsebine na spletnem mestu upravljavca podatkov. Vendar pa bo upravljavec podatkov v skladu z dolo\u010dbami 16. \u010dlena Zakona 34\/2002 z dne 11. julija o storitvah informacijske dru\u017ebe in elektronskem poslovanju (LSSI-CE) odstranil ali blokiral dostop do vse vsebine, ki bi lahko bila nezakonita ali kr\u0161ila pravice tretjih oseb, takoj ko bo zanjo izvedel. V skladu s \u010dlenoma 11 in 16 LSSICE (\u0161panskega zakona o storitvah informacijske dru\u017ebe in elektronskem poslovanju) je upravljavec podatkov na voljo vsem uporabnikom, organom in organom pregona ter aktivno sodeluje pri odstranjevanju ali, kjer je to primerno, blokiranju vsebine, ki bi lahko vplivala na nacionalno ali mednarodno zakonodajo, pravice tretjih oseb ali javno moralo in red ali bila z njimi v nasprotju. \u010ce uporabnik meni, da katera koli vsebina na spletnem mestu spada v to kategorijo, ga prosimo, da o tem nemudoma obvesti skrbnika spletnega mesta. To spletno mesto je bilo pregledano in preizku\u0161eno, da se zagotovi njegovo pravilno delovanje. Na\u010deloma je njegovo pravilno delovanje zagotovljeno 24 ur na dan, 365 dni v letu. Vendar upravljavec podatkov ne izklju\u010duje mo\u017enosti programskih napak ali dogodkov vi\u0161je sile, kot so naravne nesre\u010de, stavke ali podobne okoli\u0161\u010dine, ki lahko prepre\u010dijo dostop do spletnega mesta.<\/p>\n\n<p><strong>Varstvo podatkov<\/strong><\/p>\n\n<p>Upravljavec podatkov je globoko zavezan spo\u0161tovanju veljavnih predpisov o varstvu podatkov in v okviru novega regulativnega okvira, vzpostavljenega z Uredbo (EU) 2016\/679 Evropskega parlamenta in Sveta z dne 27. aprila 2016 o varstvu posameznikov pri obdelavi osebnih podatkov in o prostem pretoku takih podatkov (v nadaljnjem besedilu: GDPR), ter nacionalne zakonodaje o varstvu osebnih podatkov. Poleg tega vas obve\u0161\u010da, da deluje v skladu z Zakonom 34\/2002 z dne 11. julija o storitvah informacijske dru\u017ebe in elektronskem poslovanju ter da bo vsaki\u010d zahteval va\u0161e soglasje za obdelavo va\u0161ih podatkov za namene tr\u017eenja.<\/p>\n\n<p><strong>Intelektualna in industrijska lastnina<\/strong><\/p>\n\n<p>Spletno mesto, vklju\u010dno z, vendar ne omejeno na, njegovo programiranje, urejanje, sestavljanje in druge elemente, potrebne za njegovo delovanje, kot tudi njegove zasnove, logotipi, besedilo in\/ali grafika, so last upravljavca podatkov ali pa se, kjer je to primerno, uporabljajo z izrecnim dovoljenjem ali pooblastilom njihovih lastnikov. Vsa vsebina spletnega mesta je ustrezno za\u0161\u010ditena s predpisi o intelektualni in industrijski lastnini. Ne glede na njihov predvideni namen je za vsako reprodukcijo, uporabo, izkori\u0161\u010danje, distribucijo ali komercializacijo, v celoti ali delno, potrebno predhodno pisno dovoljenje upravljavca podatkov. Vsaka uporaba, ki je upravljavec podatkov ni predhodno odobril, se bo \u0161tela za resno kr\u0161itev avtorjevih pravic intelektualne ali industrijske lastnine. Zasnove, logotipi, besedilo in\/ali grafika, ki so v lasti tretjih oseb in se lahko pojavijo na spletnem mestu, pripadajo njihovim lastnikom, ki so odgovorni za vse morebitne spore, ki bi lahko nastali v zvezi z njimi. V vseh primerih je upravljavec podatkov pridobil izrecno predhodno dovoljenje teh lastnikov. Upravljavec podatkov izrecno poobla\u0161\u010da tretje osebe, da se neposredno pove\u017eejo z dolo\u010deno vsebino na spletnem mestu, pod pogojem, da se pove\u017eejo tudi z doma\u010do stranjo upravljavca podatkov. Upravljavec podatkov priznava ustrezne pravice intelektualne in industrijske lastnine njihovih lastnikov, njihova omemba ali pojav na spletnem mestu pa ne pomeni obstoja kakr\u0161nih koli pravic ali odgovornosti upravljavca podatkov, niti ne pomeni odobritve, sponzorstva ali priporo\u010dila. Za vse slike, kjer programska oprema za oblikovanje to dovoljuje, so vklju\u010deni ustrezni podatki o avtorstvu in licenci. \u010ce \u017eelite prijaviti morebitne kr\u0161itve pravic intelektualne ali industrijske lastnine ali komentirati katero koli vsebino spletnega mesta, nas kontaktirajte na naslednji e-po\u0161tni naslov: <a href=\"mailto:info@rosanacl.com\">info@rosanacl.com<\/a><\/p>\n\n<p>\u00a0<\/p>\n\t\t\t\t\t\t\t\t<\/div>\n\t\t\t\t<\/div>\n\t\t\t\t\t<\/div>\n\t\t\t\t<\/div>\n\t\t\t\t<\/div>","protected":false},"excerpt":{"rendered":"<p>Responsable del tratamiento de los datos En cumplimiento del deber de informaci\u00f3n que establece la Ley La 34\/2002, de 11 de julio, de Servicios de la Sociedad de la Informaci\u00f3n y del Comercio Electr\u00f3nico, le comunicamos que esta web es titularidad de: Objeto El Responsable pone a disposici\u00f3n de los usuarios este documento con el [&hellip;]<\/p>\n","protected":false},"author":1,"featured_media":0,"parent":0,"menu_order":0,"comment_status":"closed","ping_status":"closed","template":"","meta":{"content-type":"","footnotes":""},"class_list":["post-18","page","type-page","status-publish","hentry"],"yoast_head":"<!-- This site is optimized with the Yoast SEO plugin v27.4 - https:\/\/yoast.com\/product\/yoast-seo-wordpress\/ -->\n<title>Aviso Legal - Rosana CL<\/title>\n<meta name=\"robots\" content=\"index, follow, max-snippet:-1, max-image-preview:large, max-video-preview:-1\" \/>\n<link rel=\"canonical\" href=\"https:\/\/rosanacl.com\/sl\/aviso-legal\/\" \/>\n<meta property=\"og:locale\" content=\"sl_SI\" \/>\n<meta property=\"og:type\" content=\"article\" \/>\n<meta property=\"og:title\" content=\"Aviso Legal - Rosana CL\" \/>\n<meta property=\"og:description\" content=\"Responsable del tratamiento de los datos En cumplimiento del deber de informaci\u00f3n que establece la Ley La 34\/2002, de 11 de julio, de Servicios de la Sociedad de la Informaci\u00f3n y del Comercio Electr\u00f3nico, le comunicamos que esta web es titularidad de: Objeto El Responsable pone a disposici\u00f3n de los usuarios este documento con el [&hellip;]\" \/>\n<meta property=\"og:url\" content=\"https:\/\/rosanacl.com\/sl\/aviso-legal\/\" \/>\n<meta property=\"og:site_name\" content=\"Rosana CL\" \/>\n<meta property=\"article:modified_time\" content=\"2025-08-01T12:33:36+00:00\" \/>\n<meta name=\"twitter:card\" content=\"summary_large_image\" \/>\n<meta name=\"twitter:label1\" content=\"Est. reading time\" \/>\n\t<meta name=\"twitter:data1\" content=\"6 minut\" \/>\n<script type=\"application\/ld+json\" class=\"yoast-schema-graph\">{\"@context\":\"https:\\\/\\\/schema.org\",\"@graph\":[{\"@type\":\"WebPage\",\"@id\":\"https:\\\/\\\/rosanacl.com\\\/aviso-legal\\\/\",\"url\":\"https:\\\/\\\/rosanacl.com\\\/aviso-legal\\\/\",\"name\":\"Aviso Legal - Rosana CL\",\"isPartOf\":{\"@id\":\"https:\\\/\\\/rosanacl.com\\\/ca\\\/#website\"},\"datePublished\":\"2025-03-28T19:03:06+00:00\",\"dateModified\":\"2025-08-01T12:33:36+00:00\",\"breadcrumb\":{\"@id\":\"https:\\\/\\\/rosanacl.com\\\/aviso-legal\\\/#breadcrumb\"},\"inLanguage\":\"sl-SI\",\"potentialAction\":[{\"@type\":\"ReadAction\",\"target\":[\"https:\\\/\\\/rosanacl.com\\\/aviso-legal\\\/\"]}]},{\"@type\":\"BreadcrumbList\",\"@id\":\"https:\\\/\\\/rosanacl.com\\\/aviso-legal\\\/#breadcrumb\",\"itemListElement\":[{\"@type\":\"ListItem\",\"position\":1,\"name\":\"Portada\",\"item\":\"https:\\\/\\\/rosanacl.com\\\/ca\\\/\"},{\"@type\":\"ListItem\",\"position\":2,\"name\":\"Aviso Legal\"}]},{\"@type\":\"WebSite\",\"@id\":\"https:\\\/\\\/rosanacl.com\\\/ca\\\/#website\",\"url\":\"https:\\\/\\\/rosanacl.com\\\/ca\\\/\",\"name\":\"Rosana CL\",\"description\":\"Somos tu interior\",\"potentialAction\":[{\"@type\":\"SearchAction\",\"target\":{\"@type\":\"EntryPoint\",\"urlTemplate\":\"https:\\\/\\\/rosanacl.com\\\/ca\\\/?s={search_term_string}\"},\"query-input\":{\"@type\":\"PropertyValueSpecification\",\"valueRequired\":true,\"valueName\":\"search_term_string\"}}],\"inLanguage\":\"sl-SI\"}]}<\/script>\n<!-- \/ Yoast SEO plugin. -->","yoast_head_json":{"title":"Aviso Legal - Rosana CL","robots":{"index":"index","follow":"follow","max-snippet":"max-snippet:-1","max-image-preview":"max-image-preview:large","max-video-preview":"max-video-preview:-1"},"canonical":"https:\/\/rosanacl.com\/sl\/aviso-legal\/","og_locale":"sl_SI","og_type":"article","og_title":"Aviso Legal - Rosana CL","og_description":"Responsable del tratamiento de los datos En cumplimiento del deber de informaci\u00f3n que establece la Ley La 34\/2002, de 11 de julio, de Servicios de la Sociedad de la Informaci\u00f3n y del Comercio Electr\u00f3nico, le comunicamos que esta web es titularidad de: Objeto El Responsable pone a disposici\u00f3n de los usuarios este documento con el [&hellip;]","og_url":"https:\/\/rosanacl.com\/sl\/aviso-legal\/","og_site_name":"Rosana CL","article_modified_time":"2025-08-01T12:33:36+00:00","twitter_card":"summary_large_image","twitter_misc":{"Est. reading time":"6 minut"},"schema":{"@context":"https:\/\/schema.org","@graph":[{"@type":"WebPage","@id":"https:\/\/rosanacl.com\/aviso-legal\/","url":"https:\/\/rosanacl.com\/aviso-legal\/","name":"Aviso Legal - Rosana CL","isPartOf":{"@id":"https:\/\/rosanacl.com\/ca\/#website"},"datePublished":"2025-03-28T19:03:06+00:00","dateModified":"2025-08-01T12:33:36+00:00","breadcrumb":{"@id":"https:\/\/rosanacl.com\/aviso-legal\/#breadcrumb"},"inLanguage":"sl-SI","potentialAction":[{"@type":"ReadAction","target":["https:\/\/rosanacl.com\/aviso-legal\/"]}]},{"@type":"BreadcrumbList","@id":"https:\/\/rosanacl.com\/aviso-legal\/#breadcrumb","itemListElement":[{"@type":"ListItem","position":1,"name":"Portada","item":"https:\/\/rosanacl.com\/ca\/"},{"@type":"ListItem","position":2,"name":"Aviso Legal"}]},{"@type":"WebSite","@id":"https:\/\/rosanacl.com\/ca\/#website","url":"https:\/\/rosanacl.com\/ca\/","name":"Rosana CL","description":"Mi smo tvoj notranji jaz","potentialAction":[{"@type":"SearchAction","target":{"@type":"EntryPoint","urlTemplate":"https:\/\/rosanacl.com\/ca\/?s={search_term_string}"},"query-input":{"@type":"PropertyValueSpecification","valueRequired":true,"valueName":"search_term_string"}}],"inLanguage":"sl-SI"}]}},"_links":{"self":[{"href":"https:\/\/rosanacl.com\/sl\/wp-json\/wp\/v2\/pages\/18","targetHints":{"allow":["GET"]}}],"collection":[{"href":"https:\/\/rosanacl.com\/sl\/wp-json\/wp\/v2\/pages"}],"about":[{"href":"https:\/\/rosanacl.com\/sl\/wp-json\/wp\/v2\/types\/page"}],"author":[{"embeddable":true,"href":"https:\/\/rosanacl.com\/sl\/wp-json\/wp\/v2\/users\/1"}],"replies":[{"embeddable":true,"href":"https:\/\/rosanacl.com\/sl\/wp-json\/wp\/v2\/comments?post=18"}],"version-history":[{"count":0,"href":"https:\/\/rosanacl.com\/sl\/wp-json\/wp\/v2\/pages\/18\/revisions"}],"wp:attachment":[{"href":"https:\/\/rosanacl.com\/sl\/wp-json\/wp\/v2\/media?parent=18"}],"curies":[{"name":"wp","href":"https:\/\/api.w.org\/{rel}","templated":true}]}}