{"id":2875,"date":"2025-10-08T12:29:15","date_gmt":"2025-10-08T10:29:15","guid":{"rendered":"https:\/\/rosanacl.com\/?page_id=2875"},"modified":"2025-10-10T11:58:03","modified_gmt":"2025-10-10T09:58:03","slug":"comprar-sujetadores-selene","status":"publish","type":"page","link":"https:\/\/rosanacl.com\/sl\/comprar-sujetadores-selene\/","title":{"rendered":"Kupite modr\u010dke Selene"},"content":{"rendered":"<div data-elementor-type=\"wp-page\" data-elementor-id=\"2875\" class=\"elementor elementor-2875\" data-elementor-post-type=\"page\">\n\t\t\t\t<div class=\"elementor-element elementor-element-171998c7 e-flex e-con-boxed e-con e-parent\" data-id=\"171998c7\" data-element_type=\"container\" data-e-type=\"container\">\n\t\t\t\t\t<div class=\"e-con-inner\">\n\t\t\t\t<div class=\"elementor-element elementor-element-6575351f elementor-widget elementor-widget-text-editor\" data-id=\"6575351f\" data-element_type=\"widget\" data-e-type=\"widget\" data-widget_type=\"text-editor.default\">\n\t\t\t\t<div class=\"elementor-widget-container\">\n\t\t\t\t\t\t\t\t\t\n<p><\/p>\n\n\n\n<p><\/p>\n\t\t\t\t\t\t\t\t<\/div>\n\t\t\t\t<\/div>\n\t\t\t\t\t<\/div>\n\t\t\t\t<\/div>\n\t\t<div class=\"elementor-element elementor-element-cf7d341 e-flex e-con-boxed e-con e-parent\" data-id=\"cf7d341\" data-element_type=\"container\" data-e-type=\"container\">\n\t\t\t\t\t<div class=\"e-con-inner\">\n\t\t\t\t<div class=\"elementor-element elementor-element-1f1d080 elementor-widget elementor-widget-heading\" data-id=\"1f1d080\" data-element_type=\"widget\" data-e-type=\"widget\" data-widget_type=\"heading.default\">\n\t\t\t\t<div class=\"elementor-widget-container\">\n\t\t\t\t\t<h2 class=\"elementor-heading-title elementor-size-default\">Kupite modr\u010dke Selene<\/h2>\t\t\t\t<\/div>\n\t\t\t\t<\/div>\n\t\t\t\t\t<\/div>\n\t\t\t\t<\/div>\n\t\t<div class=\"elementor-element elementor-element-dc1921d e-flex e-con-boxed e-con e-parent\" data-id=\"dc1921d\" data-element_type=\"container\" data-e-type=\"container\">\n\t\t\t\t\t<div class=\"e-con-inner\">\n\t\t<div class=\"elementor-element elementor-element-d19616f e-con-full e-flex e-con e-child\" data-id=\"d19616f\" data-element_type=\"container\" data-e-type=\"container\">\n\t\t\t\t<div class=\"elementor-element elementor-element-8ba1404 elementor-widget elementor-widget-text-editor\" data-id=\"8ba1404\" data-element_type=\"widget\" data-e-type=\"widget\" data-widget_type=\"text-editor.default\">\n\t\t\t\t<div class=\"elementor-widget-container\">\n\t\t\t\t\t\t\t\t\t<h3 data-start=\"421\" data-end=\"496\"><strong data-start=\"425\" data-end=\"496\">Kupite modr\u010dke Selene: pametna izbira za vsako \u017eensko<\/strong><\/h3>\n<p data-start=\"498\" data-end=\"837\">Ko gre za izbiro popolnega spodnjega perila, le malo blagovnih znamk ponuja kombinacijo kakovosti, dizajna in udobja, ki je zna\u010dilna za <strong data-start=\"634\" data-end=\"644\">Selena<\/strong>V <strong data-start=\"649\" data-end=\"662\">Rosana CL<\/strong>Vemo, da si vsaka \u017eenska v vsakdanjem \u017eivljenju \u017eeli po\u010dutiti udobno in varno, zato vas vabimo, da <strong data-start=\"758\" data-end=\"788\">kupite modr\u010dke Selene<\/strong> in odkrijte pravo izku\u0161njo dobrega po\u010dutja.<\/p>\n<p data-start=\"839\" data-end=\"1185\">Vsak model Selene je natan\u010dno zasnovan z uporabo tehni\u010dnih tkanin, ki se prilagodijo telesu, ne da bi izgubile obliko ali oporo. <strong data-start=\"979\" data-end=\"1009\">kupite modr\u010dke Selene<\/strong>Ne kupujete le obla\u010dila, temve\u010d nalo\u017ebo v svoje vsakodnevno udobje. Njegova zasnova se osredoto\u010da na \u017eensko anatomijo in ponuja oporo, mehkobo in eleganco v vsaki podrobnosti.<\/p>\n<p data-start=\"1187\" data-end=\"1519\">Pri Rosana CL skrbno izbiramo najizjemnej\u0161e modele blagovne znamke, tako da lahko vsaka stranka najde idealno mo\u017enost: modr\u010dke brez \u017eice, oblazinjene, minimizirne, \u0161portne ali \u010dipkaste. Vsak je zasnovan za razli\u010dne \u017eivljenjske sloge in preference, a vsi imajo eno skupno stvar: Selenino odli\u010dnost.<\/p>\t\t\t\t\t\t\t\t<\/div>\n\t\t\t\t<\/div>\n\t\t\t\t<\/div>\n\t\t<div class=\"elementor-element elementor-element-5568f8b e-con-full e-flex e-con e-child\" data-id=\"5568f8b\" data-element_type=\"container\" data-e-type=\"container\">\n\t\t\t\t<div class=\"elementor-element elementor-element-980debe elementor-widget elementor-widget-image\" data-id=\"980debe\" data-element_type=\"widget\" data-e-type=\"widget\" data-widget_type=\"image.default\">\n\t\t\t\t<div class=\"elementor-widget-container\">\n\t\t\t\t\t\t\t\t\t\t\t\t\t\t\t<img fetchpriority=\"high\" decoding=\"async\" width=\"800\" height=\"566\" src=\"https:\/\/rosanacl.com\/wp-content\/uploads\/2025\/10\/comprar-sujetadores-online-selene-1-1024x724.jpg\" class=\"attachment-large size-large wp-image-3975\" alt=\"\" srcset=\"https:\/\/rosanacl.com\/wp-content\/uploads\/2025\/10\/comprar-sujetadores-online-selene-1-1024x724.jpg 1024w, https:\/\/rosanacl.com\/wp-content\/uploads\/2025\/10\/comprar-sujetadores-online-selene-1-300x212.jpg 300w, https:\/\/rosanacl.com\/wp-content\/uploads\/2025\/10\/comprar-sujetadores-online-selene-1-768x543.jpg 768w, https:\/\/rosanacl.com\/wp-content\/uploads\/2025\/10\/comprar-sujetadores-online-selene-1-1536x1086.jpg 1536w, https:\/\/rosanacl.com\/wp-content\/uploads\/2025\/10\/comprar-sujetadores-online-selene-1-18x12.jpg 18w, https:\/\/rosanacl.com\/wp-content\/uploads\/2025\/10\/comprar-sujetadores-online-selene-1-600x424.jpg 600w, https:\/\/rosanacl.com\/wp-content\/uploads\/2025\/10\/comprar-sujetadores-online-selene-1.jpg 2000w\" sizes=\"(max-width: 800px) 100vw, 800px\" \/>\t\t\t\t\t\t\t\t\t\t\t\t\t\t\t<\/div>\n\t\t\t\t<\/div>\n\t\t\t\t<\/div>\n\t\t\t\t\t<\/div>\n\t\t\t\t<\/div>\n\t\t<div class=\"elementor-element elementor-element-5e380fb e-flex e-con-boxed e-con e-parent\" data-id=\"5e380fb\" data-element_type=\"container\" data-e-type=\"container\">\n\t\t\t\t\t<div class=\"e-con-inner\">\n\t\t<div class=\"elementor-element elementor-element-a763375 e-con-full e-flex e-con e-child\" data-id=\"a763375\" data-element_type=\"container\" data-e-type=\"container\">\n\t\t\t\t<div class=\"elementor-element elementor-element-a8aecc4 elementor-widget elementor-widget-image\" data-id=\"a8aecc4\" data-element_type=\"widget\" data-e-type=\"widget\" data-widget_type=\"image.default\">\n\t\t\t\t<div class=\"elementor-widget-container\">\n\t\t\t\t\t\t\t\t\t\t\t\t\t\t\t<img decoding=\"async\" width=\"800\" height=\"566\" src=\"https:\/\/rosanacl.com\/wp-content\/uploads\/2025\/10\/sujetadores-selene-1-1024x724.jpg\" class=\"attachment-large size-large wp-image-3978\" alt=\"\" srcset=\"https:\/\/rosanacl.com\/wp-content\/uploads\/2025\/10\/sujetadores-selene-1-1024x724.jpg 1024w, https:\/\/rosanacl.com\/wp-content\/uploads\/2025\/10\/sujetadores-selene-1-300x212.jpg 300w, https:\/\/rosanacl.com\/wp-content\/uploads\/2025\/10\/sujetadores-selene-1-768x543.jpg 768w, https:\/\/rosanacl.com\/wp-content\/uploads\/2025\/10\/sujetadores-selene-1-1536x1086.jpg 1536w, https:\/\/rosanacl.com\/wp-content\/uploads\/2025\/10\/sujetadores-selene-1-18x12.jpg 18w, https:\/\/rosanacl.com\/wp-content\/uploads\/2025\/10\/sujetadores-selene-1-600x424.jpg 600w, https:\/\/rosanacl.com\/wp-content\/uploads\/2025\/10\/sujetadores-selene-1.jpg 2000w\" sizes=\"(max-width: 800px) 100vw, 800px\" \/>\t\t\t\t\t\t\t\t\t\t\t\t\t\t\t<\/div>\n\t\t\t\t<\/div>\n\t\t\t\t<\/div>\n\t\t<div class=\"elementor-element elementor-element-b02b1e9 e-con-full e-flex e-con e-child\" data-id=\"b02b1e9\" data-element_type=\"container\" data-e-type=\"container\">\n\t\t\t\t<div class=\"elementor-element elementor-element-e25a6f0 elementor-widget elementor-widget-text-editor\" data-id=\"e25a6f0\" data-element_type=\"widget\" data-e-type=\"widget\" data-widget_type=\"text-editor.default\">\n\t\t\t\t<div class=\"elementor-widget-container\">\n\t\t\t\t\t\t\t\t\t<h3 data-start=\"1526\" data-end=\"1602\"><strong data-start=\"1530\" data-end=\"1602\">Kupite modr\u010dke Selene: inovacija, vzdr\u017eljivost in \u0161panski dizajn<\/strong><\/h3>\n<p data-start=\"1604\" data-end=\"1941\"><strong data-start=\"1604\" data-end=\"1634\">Kupite modr\u010dke Selene<\/strong> pomeni vlaganje v tekstilne inovacije in kakovost \u0161panskega oblikovanja. Blagovna znamka se odlikuje po kombinaciji visokotehnolo\u0161kih materialov s pridihom brez\u010dasne elegance. Njene tkanine so zra\u010dne, raztegljive in trpe\u017ene, kar zagotavlja vrhunsko vzdr\u017eljivost brez \u017ertvovanja udobja.<\/p>\n<p data-start=\"1943\" data-end=\"2339\">Modr\u010dki Selene imajo oblikovane ko\u0161arice, nastavljive naramnice in oja\u010dane zapenjalce, ki se popolnoma prilagodijo vsaki silhueti. Poleg tega imajo \u0161tevilni njihovi modeli ploske \u0161ive, ki prepre\u010dujejo made\u017ee in zagotavljajo diskreten videz pod obla\u010dili. Zaradi te ravni podrobnosti je Selene ena najbolj priporo\u010dljivih blagovnih znamk za \u017eenske, ki i\u0161\u010dejo prakti\u010dno in elegantno spodnje perilo.<\/p>\n<p data-start=\"2341\" data-end=\"2743\">V <strong data-start=\"2344\" data-end=\"2357\">Rosana CL<\/strong>, ponujamo mo\u017enost <strong data-start=\"2387\" data-end=\"2417\">kupite modr\u010dke Selene<\/strong> Z brezskrbnostjo nakupa 100 % originalnih izdelkov %. Sodelujemo neposredno z blagovno znamko, kar nam omogo\u010da, da ponudimo najnovej\u0161e kolekcije in prilagojeno storitev za stranke. \u010ce imate vpra\u0161anja o velikostih ali vrstah ko\u0161aric, vam bo na\u0161a ekipa svetovala, da boste lahko na\u0161li popoln model za svoje potrebe.<\/p>\t\t\t\t\t\t\t\t<\/div>\n\t\t\t\t<\/div>\n\t\t\t\t<\/div>\n\t\t\t\t\t<\/div>\n\t\t\t\t<\/div>\n\t\t<div class=\"elementor-element elementor-element-495e863 e-flex e-con-boxed e-con e-parent\" data-id=\"495e863\" data-element_type=\"container\" data-e-type=\"container\">\n\t\t\t\t\t<div class=\"e-con-inner\">\n\t\t\t\t<div class=\"elementor-element elementor-element-fe47ba3 elementor-widget elementor-widget-text-editor\" data-id=\"fe47ba3\" data-element_type=\"widget\" data-e-type=\"widget\" data-widget_type=\"text-editor.default\">\n\t\t\t\t<div class=\"elementor-widget-container\">\n\t\t\t\t\t\t\t\t\t<h3 data-start=\"2750\" data-end=\"2821\"><strong data-start=\"2754\" data-end=\"2821\">Kupite modr\u010dke Selene v trgovini Rosana CL: va\u0161i zaupanja vredni trgovini<\/strong><\/h3>\n<p data-start=\"2823\" data-end=\"3071\">Izberite, kje <strong data-start=\"2836\" data-end=\"2866\">kupite modr\u010dke Selene<\/strong> je prav tako pomembno kot izbira pravega modela. V <strong data-start=\"2920\" data-end=\"2933\">Rosana CL<\/strong>Specializirani smo za ponudbo visokokakovostnega \u017eenskega spodnjega perila in zagotavljanje varne, udobne in personalizirane nakupovalne izku\u0161nje.<\/p>\n<p data-start=\"3073\" data-end=\"3370\">Na\u0161a spletna trgovina vam omogo\u010da dostop do posodobljenega kataloga s podrobnimi opisi, fotografijami iz resni\u010dnega \u017eivljenja in preprostim vodnikom za velikosti. Ponujamo tudi hitro dostavo in pozorno poprodajno storitev, saj vemo, da se zadovoljstvo ne kon\u010da z nakupom, temve\u010d z vsakodnevno uporabo.<\/p>\n<p data-start=\"3372\" data-end=\"3618\">K <strong data-start=\"3375\" data-end=\"3405\">kupite modr\u010dke Selene<\/strong> V Rosana CL izberete trgovino, ki je zavezana avtenti\u010dnosti, udobju in samozavesti. Vsako obla\u010dilo odra\u017ea ravnovesje med oporo in eleganco, zasnovano tako, da naravno poudari \u017eensko postavo.<\/p>\n<p data-start=\"3620\" data-end=\"3886\">Skratka, <strong data-start=\"3635\" data-end=\"3665\">kupite modr\u010dke Selene<\/strong> V Rosana CL ste zavezani vrhunski izku\u0161nji. Odkrijte slog, ki vam ustreza, u\u017eivajte v popolni oporo in ob\u010dutite razliko, ki jo prina\u0161a perilo, izdelano s predanostjo in strokovnim znanjem.<\/p>\t\t\t\t\t\t\t\t<\/div>\n\t\t\t\t<\/div>\n\t\t\t\t\t<\/div>\n\t\t\t\t<\/div>\n\t\t<div class=\"elementor-element elementor-element-d05ed3a e-flex e-con-boxed e-con e-parent\" data-id=\"d05ed3a\" data-element_type=\"container\" data-e-type=\"container\">\n\t\t\t\t\t<div class=\"e-con-inner\">\n\t\t\t\t<div class=\"elementor-element elementor-element-b883e86 elementor-widget elementor-widget-heading\" data-id=\"b883e86\" data-element_type=\"widget\" data-e-type=\"widget\" data-widget_type=\"heading.default\">\n\t\t\t\t<div class=\"elementor-widget-container\">\n\t\t\t\t\t<h2 class=\"elementor-heading-title elementor-size-default\">Kontaktirajte nas <\/h2>\t\t\t\t<\/div>\n\t\t\t\t<\/div>\n\t\t\t\t\t<\/div>\n\t\t\t\t<\/div>\n\t\t<div class=\"elementor-element elementor-element-00e20e2 e-flex e-con-boxed e-con e-parent\" data-id=\"00e20e2\" data-element_type=\"container\" data-e-type=\"container\">\n\t\t\t\t\t<div class=\"e-con-inner\">\n\t\t<div class=\"elementor-element elementor-element-8ad8f7b e-con-full e-flex e-con e-child\" data-id=\"8ad8f7b\" data-element_type=\"container\" data-e-type=\"container\">\n\t\t\t\t<div class=\"elementor-element elementor-element-888944a elementor-widget__width-initial elementor-widget elementor-widget-elementskit-contact-form7\" data-id=\"888944a\" data-element_type=\"widget\" data-e-type=\"widget\" data-widget_type=\"elementskit-contact-form7.default\">\n\t\t\t\t<div class=\"elementor-widget-container\">\n\t\t\t\t\t<div class=\"ekit-wid-con\" ><div class=\"ekit-form\">\n<div class=\"wpcf7 no-js\" id=\"wpcf7-f48-o1\" lang=\"es-ES\" dir=\"ltr\" data-wpcf7-id=\"48\">\n<div class=\"screen-reader-response\"><p role=\"status\" aria-live=\"polite\" aria-atomic=\"true\"><\/p> <ul><\/ul><\/div>\n<form action=\"\/de\/wp-json\/wp\/v2\/pages\/2875#wpcf7-f48-o1\" method=\"post\" class=\"wpcf7-form init\" aria-label=\"Kontaktni obrazec\" novalidate=\"novalidate\" data-status=\"init\" data-trp-original-action=\"\/de\/wp-json\/wp\/v2\/pages\/2875#wpcf7-f48-o1\">\n<fieldset class=\"hidden-fields-container\"><input type=\"hidden\" name=\"_wpcf7\" value=\"48\" \/><input type=\"hidden\" name=\"_wpcf7_version\" value=\"6.1.5\" \/><input type=\"hidden\" name=\"_wpcf7_locale\" value=\"es_ES\" \/><input type=\"hidden\" name=\"_wpcf7_unit_tag\" value=\"wpcf7-f48-o1\" \/><input type=\"hidden\" name=\"_wpcf7_container_post\" value=\"0\" \/><input type=\"hidden\" name=\"_wpcf7_posted_data_hash\" value=\"\" \/><input type=\"hidden\" name=\"_wpcf7_recaptcha_response\" value=\"\" \/>\n<\/fieldset>\n<div class=\"form-row\">\n\t<div class=\"form-column\">\n\t\t<p><span class=\"wpcf7-form-control-wrap\" data-name=\"nombre\"><input size=\"40\" maxlength=\"400\" class=\"wpcf7-form-control wpcf7-text wpcf7-validates-as-required\" aria-required=\"true\" aria-invalid=\"false\" placeholder=\"Ime\" value=\"\" type=\"text\" name=\"nombre\" \/><\/span>\n\t\t<\/p>\n\t<\/div>\n\t<div class=\"form-column\">\n\t\t<p><span class=\"wpcf7-form-control-wrap\" data-name=\"telefono\"><input size=\"40\" maxlength=\"400\" class=\"wpcf7-form-control wpcf7-tel wpcf7-validates-as-required wpcf7-text wpcf7-validates-as-tel\" aria-required=\"true\" aria-invalid=\"false\" placeholder=\"Telefon *\" value=\"\" type=\"tel\" name=\"telefono\" \/><\/span>\n\t\t<\/p>\n\t<\/div>\n<\/div>\n<div class=\"form-row\">\n\t<div class=\"form-column\">\n\t\t<p><span class=\"wpcf7-form-control-wrap\" data-name=\"email\"><input size=\"40\" maxlength=\"400\" class=\"wpcf7-form-control wpcf7-email wpcf7-validates-as-required wpcf7-text wpcf7-validates-as-email\" aria-required=\"true\" aria-invalid=\"false\" placeholder=\"E-po\u0161ta *\" value=\"\" type=\"email\" name=\"email\" \/><\/span>\n\t\t<\/p>\n\t<\/div>\n\t<div class=\"form-column\">\n\t\t<p><span class=\"wpcf7-form-control-wrap\" data-name=\"asunto\"><input size=\"40\" maxlength=\"400\" class=\"wpcf7-form-control wpcf7-text wpcf7-validates-as-required\" aria-required=\"true\" aria-invalid=\"false\" placeholder=\"Afera *\" value=\"\" type=\"text\" name=\"asunto\" \/><\/span>\n\t\t<\/p>\n\t<\/div>\n<\/div>\n<p><span class=\"wpcf7-form-control-wrap\" data-name=\"mensaje\"><textarea cols=\"40\" rows=\"10\" maxlength=\"2000\" class=\"wpcf7-form-control wpcf7-textarea wpcf7-validates-as-required\" aria-required=\"true\" aria-invalid=\"false\" placeholder=\"Sporo\u010dilo\" name=\"mensaje\"><\/textarea><\/span>\n<\/p>\n<p class=\"legal-priv\"><span class=\"wpcf7-form-control-wrap\" data-name=\"acceptance-787\"><span class=\"wpcf7-form-control wpcf7-acceptance\"><span class=\"wpcf7-list-item\"><label><input type=\"checkbox\" name=\"acceptance-787\" value=\"1\" aria-invalid=\"false\" \/><span class=\"wpcf7-list-item-label\">Prebral\/a sem in se strinjam z <a href=\"https:\/\/rosanacl.com\/sl\/politica-de-privacidad\/\">Pravilnik o zasebnosti<\/a><\/span><\/label><\/span><\/span><\/span>\n<\/p>\n<p><input class=\"wpcf7-form-control wpcf7-submit has-spinner\" type=\"submit\" value=\"PO\u0160LJI SPORO\u010cILO\" \/>\n<\/p><div class=\"wpcf7-response-output\" aria-hidden=\"true\"><\/div>\n<input type=\"hidden\" name=\"trp-form-language\" value=\"sl\"\/><\/form>\n<\/div>\n<\/div><\/div>\t\t\t\t<\/div>\n\t\t\t\t<\/div>\n\t\t\t\t<\/div>\n\t\t\t\t\t<\/div>\n\t\t\t\t<\/div>\n\t\t\t\t<\/div>","protected":false},"excerpt":{"rendered":"<p>Comprar sujetadores Selene Comprar sujetadores Selene: la elecci\u00f3n inteligente para cada mujer Cuando se trata de elegir la ropa interior perfecta, pocas marcas ofrecen la combinaci\u00f3n de calidad, dise\u00f1o y confort que caracteriza a Selene. En Rosana CL, sabemos que cada mujer busca sentirse c\u00f3moda y segura en su d\u00eda a d\u00eda, por eso te [&hellip;]<\/p>\n","protected":false},"author":1,"featured_media":0,"parent":0,"menu_order":0,"comment_status":"closed","ping_status":"closed","template":"","meta":{"content-type":"","footnotes":""},"class_list":["post-2875","page","type-page","status-publish","hentry"],"yoast_head":"<!-- This site is optimized with the Yoast SEO plugin v27.4 - https:\/\/yoast.com\/product\/yoast-seo-wordpress\/ -->\n<title>Comprar sujetadores Selene - Rosana CL<\/title>\n<meta name=\"robots\" content=\"index, follow, max-snippet:-1, max-image-preview:large, max-video-preview:-1\" \/>\n<link rel=\"canonical\" href=\"https:\/\/rosanacl.com\/sl\/comprar-sujetadores-selene\/\" \/>\n<meta property=\"og:locale\" content=\"sl_SI\" \/>\n<meta property=\"og:type\" content=\"article\" \/>\n<meta property=\"og:title\" content=\"Comprar sujetadores Selene - Rosana CL\" \/>\n<meta property=\"og:description\" content=\"Comprar sujetadores Selene Comprar sujetadores Selene: la elecci\u00f3n inteligente para cada mujer Cuando se trata de elegir la ropa interior perfecta, pocas marcas ofrecen la combinaci\u00f3n de calidad, dise\u00f1o y confort que caracteriza a Selene. En Rosana CL, sabemos que cada mujer busca sentirse c\u00f3moda y segura en su d\u00eda a d\u00eda, por eso te [&hellip;]\" \/>\n<meta property=\"og:url\" content=\"https:\/\/rosanacl.com\/sl\/comprar-sujetadores-selene\/\" \/>\n<meta property=\"og:site_name\" content=\"Rosana CL\" \/>\n<meta property=\"article:modified_time\" content=\"2025-10-10T09:58:03+00:00\" \/>\n<meta property=\"og:image\" content=\"https:\/\/rosanacl.com\/wp-content\/uploads\/2025\/10\/comprar-sujetadores-online-selene-1.jpg\" \/>\n\t<meta property=\"og:image:width\" content=\"2000\" \/>\n\t<meta property=\"og:image:height\" content=\"1414\" \/>\n\t<meta property=\"og:image:type\" content=\"image\/jpeg\" \/>\n<meta name=\"twitter:card\" content=\"summary_large_image\" \/>\n<meta name=\"twitter:label1\" content=\"Est. reading time\" \/>\n\t<meta name=\"twitter:data1\" content=\"3 minute\" \/>\n<script type=\"application\/ld+json\" class=\"yoast-schema-graph\">{\"@context\":\"https:\\\/\\\/schema.org\",\"@graph\":[{\"@type\":\"WebPage\",\"@id\":\"https:\\\/\\\/rosanacl.com\\\/comprar-sujetadores-selene\\\/\",\"url\":\"https:\\\/\\\/rosanacl.com\\\/comprar-sujetadores-selene\\\/\",\"name\":\"Comprar sujetadores Selene - Rosana CL\",\"isPartOf\":{\"@id\":\"https:\\\/\\\/rosanacl.com\\\/ca\\\/#website\"},\"primaryImageOfPage\":{\"@id\":\"https:\\\/\\\/rosanacl.com\\\/comprar-sujetadores-selene\\\/#primaryimage\"},\"image\":{\"@id\":\"https:\\\/\\\/rosanacl.com\\\/comprar-sujetadores-selene\\\/#primaryimage\"},\"thumbnailUrl\":\"https:\\\/\\\/rosanacl.com\\\/wp-content\\\/uploads\\\/2025\\\/10\\\/comprar-sujetadores-online-selene-1-1024x724.jpg\",\"datePublished\":\"2025-10-08T10:29:15+00:00\",\"dateModified\":\"2025-10-10T09:58:03+00:00\",\"breadcrumb\":{\"@id\":\"https:\\\/\\\/rosanacl.com\\\/comprar-sujetadores-selene\\\/#breadcrumb\"},\"inLanguage\":\"sl-SI\",\"potentialAction\":[{\"@type\":\"ReadAction\",\"target\":[\"https:\\\/\\\/rosanacl.com\\\/comprar-sujetadores-selene\\\/\"]}]},{\"@type\":\"ImageObject\",\"inLanguage\":\"sl-SI\",\"@id\":\"https:\\\/\\\/rosanacl.com\\\/comprar-sujetadores-selene\\\/#primaryimage\",\"url\":\"https:\\\/\\\/rosanacl.com\\\/wp-content\\\/uploads\\\/2025\\\/10\\\/comprar-sujetadores-online-selene-1-1024x724.jpg\",\"contentUrl\":\"https:\\\/\\\/rosanacl.com\\\/wp-content\\\/uploads\\\/2025\\\/10\\\/comprar-sujetadores-online-selene-1-1024x724.jpg\"},{\"@type\":\"BreadcrumbList\",\"@id\":\"https:\\\/\\\/rosanacl.com\\\/comprar-sujetadores-selene\\\/#breadcrumb\",\"itemListElement\":[{\"@type\":\"ListItem\",\"position\":1,\"name\":\"Portada\",\"item\":\"https:\\\/\\\/rosanacl.com\\\/ca\\\/\"},{\"@type\":\"ListItem\",\"position\":2,\"name\":\"Comprar sujetadores Selene\"}]},{\"@type\":\"WebSite\",\"@id\":\"https:\\\/\\\/rosanacl.com\\\/ca\\\/#website\",\"url\":\"https:\\\/\\\/rosanacl.com\\\/ca\\\/\",\"name\":\"Rosana CL\",\"description\":\"Somos tu interior\",\"potentialAction\":[{\"@type\":\"SearchAction\",\"target\":{\"@type\":\"EntryPoint\",\"urlTemplate\":\"https:\\\/\\\/rosanacl.com\\\/ca\\\/?s={search_term_string}\"},\"query-input\":{\"@type\":\"PropertyValueSpecification\",\"valueRequired\":true,\"valueName\":\"search_term_string\"}}],\"inLanguage\":\"sl-SI\"}]}<\/script>\n<!-- \/ Yoast SEO plugin. -->","yoast_head_json":{"title":"Comprar sujetadores Selene - Rosana CL","robots":{"index":"index","follow":"follow","max-snippet":"max-snippet:-1","max-image-preview":"max-image-preview:large","max-video-preview":"max-video-preview:-1"},"canonical":"https:\/\/rosanacl.com\/sl\/comprar-sujetadores-selene\/","og_locale":"sl_SI","og_type":"article","og_title":"Comprar sujetadores Selene - Rosana CL","og_description":"Comprar sujetadores Selene Comprar sujetadores Selene: la elecci\u00f3n inteligente para cada mujer Cuando se trata de elegir la ropa interior perfecta, pocas marcas ofrecen la combinaci\u00f3n de calidad, dise\u00f1o y confort que caracteriza a Selene. En Rosana CL, sabemos que cada mujer busca sentirse c\u00f3moda y segura en su d\u00eda a d\u00eda, por eso te [&hellip;]","og_url":"https:\/\/rosanacl.com\/sl\/comprar-sujetadores-selene\/","og_site_name":"Rosana CL","article_modified_time":"2025-10-10T09:58:03+00:00","og_image":[{"width":2000,"height":1414,"url":"https:\/\/rosanacl.com\/wp-content\/uploads\/2025\/10\/comprar-sujetadores-online-selene-1.jpg","type":"image\/jpeg"}],"twitter_card":"summary_large_image","twitter_misc":{"Est. reading time":"3 minute"},"schema":{"@context":"https:\/\/schema.org","@graph":[{"@type":"WebPage","@id":"https:\/\/rosanacl.com\/comprar-sujetadores-selene\/","url":"https:\/\/rosanacl.com\/comprar-sujetadores-selene\/","name":"Comprar sujetadores Selene - Rosana CL","isPartOf":{"@id":"https:\/\/rosanacl.com\/ca\/#website"},"primaryImageOfPage":{"@id":"https:\/\/rosanacl.com\/comprar-sujetadores-selene\/#primaryimage"},"image":{"@id":"https:\/\/rosanacl.com\/comprar-sujetadores-selene\/#primaryimage"},"thumbnailUrl":"https:\/\/rosanacl.com\/wp-content\/uploads\/2025\/10\/comprar-sujetadores-online-selene-1-1024x724.jpg","datePublished":"2025-10-08T10:29:15+00:00","dateModified":"2025-10-10T09:58:03+00:00","breadcrumb":{"@id":"https:\/\/rosanacl.com\/comprar-sujetadores-selene\/#breadcrumb"},"inLanguage":"sl-SI","potentialAction":[{"@type":"ReadAction","target":["https:\/\/rosanacl.com\/comprar-sujetadores-selene\/"]}]},{"@type":"ImageObject","inLanguage":"sl-SI","@id":"https:\/\/rosanacl.com\/comprar-sujetadores-selene\/#primaryimage","url":"https:\/\/rosanacl.com\/wp-content\/uploads\/2025\/10\/comprar-sujetadores-online-selene-1-1024x724.jpg","contentUrl":"https:\/\/rosanacl.com\/wp-content\/uploads\/2025\/10\/comprar-sujetadores-online-selene-1-1024x724.jpg"},{"@type":"BreadcrumbList","@id":"https:\/\/rosanacl.com\/comprar-sujetadores-selene\/#breadcrumb","itemListElement":[{"@type":"ListItem","position":1,"name":"Portada","item":"https:\/\/rosanacl.com\/ca\/"},{"@type":"ListItem","position":2,"name":"Comprar sujetadores Selene"}]},{"@type":"WebSite","@id":"https:\/\/rosanacl.com\/ca\/#website","url":"https:\/\/rosanacl.com\/ca\/","name":"Rosana CL","description":"Mi smo tvoj notranji jaz","potentialAction":[{"@type":"SearchAction","target":{"@type":"EntryPoint","urlTemplate":"https:\/\/rosanacl.com\/ca\/?s={search_term_string}"},"query-input":{"@type":"PropertyValueSpecification","valueRequired":true,"valueName":"search_term_string"}}],"inLanguage":"sl-SI"}]}},"_links":{"self":[{"href":"https:\/\/rosanacl.com\/sl\/wp-json\/wp\/v2\/pages\/2875","targetHints":{"allow":["GET"]}}],"collection":[{"href":"https:\/\/rosanacl.com\/sl\/wp-json\/wp\/v2\/pages"}],"about":[{"href":"https:\/\/rosanacl.com\/sl\/wp-json\/wp\/v2\/types\/page"}],"author":[{"embeddable":true,"href":"https:\/\/rosanacl.com\/sl\/wp-json\/wp\/v2\/users\/1"}],"replies":[{"embeddable":true,"href":"https:\/\/rosanacl.com\/sl\/wp-json\/wp\/v2\/comments?post=2875"}],"version-history":[{"count":0,"href":"https:\/\/rosanacl.com\/sl\/wp-json\/wp\/v2\/pages\/2875\/revisions"}],"wp:attachment":[{"href":"https:\/\/rosanacl.com\/sl\/wp-json\/wp\/v2\/media?parent=2875"}],"curies":[{"name":"wp","href":"https:\/\/api.w.org\/{rel}","templated":true}]}}