{"id":2891,"date":"2025-07-18T11:14:21","date_gmt":"2025-07-18T09:14:21","guid":{"rendered":"https:\/\/rosanacl.com\/?page_id=2891"},"modified":"2025-07-25T08:09:48","modified_gmt":"2025-07-25T06:09:48","slug":"comprar-bragas","status":"publish","type":"page","link":"https:\/\/rosanacl.com\/sl\/comprar-bragas\/","title":{"rendered":"Kupite hla\u010dke"},"content":{"rendered":"<div data-elementor-type=\"wp-page\" data-elementor-id=\"2891\" class=\"elementor elementor-2891\" data-elementor-post-type=\"page\">\n\t\t\t\t<div class=\"elementor-element elementor-element-171998c7 e-flex e-con-boxed e-con e-parent\" data-id=\"171998c7\" data-element_type=\"container\" data-e-type=\"container\">\n\t\t\t\t\t<div class=\"e-con-inner\">\n\t\t\t\t<div class=\"elementor-element elementor-element-6575351f elementor-widget elementor-widget-text-editor\" data-id=\"6575351f\" data-element_type=\"widget\" data-e-type=\"widget\" data-widget_type=\"text-editor.default\">\n\t\t\t\t<div class=\"elementor-widget-container\">\n\t\t\t\t\t\t\t\t\t\n<p><\/p>\n\n\n\n<p><\/p>\n\t\t\t\t\t\t\t\t<\/div>\n\t\t\t\t<\/div>\n\t\t\t\t\t<\/div>\n\t\t\t\t<\/div>\n\t\t<div class=\"elementor-element elementor-element-cf7d341 e-flex e-con-boxed e-con e-parent\" data-id=\"cf7d341\" data-element_type=\"container\" data-e-type=\"container\">\n\t\t\t\t\t<div class=\"e-con-inner\">\n\t\t\t\t<div class=\"elementor-element elementor-element-1f1d080 elementor-widget elementor-widget-heading\" data-id=\"1f1d080\" data-element_type=\"widget\" data-e-type=\"widget\" data-widget_type=\"heading.default\">\n\t\t\t\t<div class=\"elementor-widget-container\">\n\t\t\t\t\t<h2 class=\"elementor-heading-title elementor-size-default\">Kupite hla\u010dke<\/h2>\t\t\t\t<\/div>\n\t\t\t\t<\/div>\n\t\t\t\t\t<\/div>\n\t\t\t\t<\/div>\n\t\t<div class=\"elementor-element elementor-element-dc1921d e-flex e-con-boxed e-con e-parent\" data-id=\"dc1921d\" data-element_type=\"container\" data-e-type=\"container\">\n\t\t\t\t\t<div class=\"e-con-inner\">\n\t\t<div class=\"elementor-element elementor-element-d19616f e-con-full e-flex e-con e-child\" data-id=\"d19616f\" data-element_type=\"container\" data-e-type=\"container\">\n\t\t\t\t<div class=\"elementor-element elementor-element-8ba1404 elementor-widget elementor-widget-text-editor\" data-id=\"8ba1404\" data-element_type=\"widget\" data-e-type=\"widget\" data-widget_type=\"text-editor.default\">\n\t\t\t\t<div class=\"elementor-widget-container\">\n\t\t\t\t\t\t\t\t\t<h3 data-start=\"311\" data-end=\"385\">Pametno nakupovanje hla\u010dk: pomen zavestne izbire<\/h3>\n<p data-start=\"387\" data-end=\"838\">V \u010dasu <strong data-start=\"400\" data-end=\"418\">kupi hla\u010dke<\/strong>Mnogi ljudje podcenjujejo vpliv, ki ga ima to obla\u010dilo na njihovo vsakdanje \u017eivljenje. Vendar pa je izbira pravih spodnjic bistvenega pomena za zagotovitev udobja, intimnega zdravja in dobrega prileganja. Ne gre le za estetiko, temve\u010d za splo\u0161no dobro po\u010dutje. In prav v tej vsakdanji nujnosti strokovno znanje Rosane CL postane bistvena vrednota.<\/p>\n<p data-start=\"840\" data-end=\"1268\">Z ve\u010d kot 40-letnimi izku\u0161njami v industriji spodnjega perila in steznikov se je Rosana CL uveljavila kot referen\u010dna to\u010dka za tiste, ki i\u0161\u010dejo funkcionalna, udobna in oprijeta obla\u010dila. Trgovina sodeluje izklju\u010dno z nacionalno blagovno znamko Selene in ponuja hla\u010dke, oblikovane in izdelane v \u0160paniji, iz kakovostnih tkanin, krojev, zasnovanih za udobje, in vzdr\u017eljivosti, ki presega pri\u010dakovanja.<\/p>\n<p data-start=\"1270\" data-end=\"1458\"><strong data-start=\"1270\" data-end=\"1288\">Kupite hla\u010dke<\/strong> To ne bi smela biti naklju\u010dna naloga. Pri Rosana CL je bil vsak model izbran zaradi svoje sposobnosti, da se gladko prilagodi \u017eenskemu telesu, brez sledi ali nelagodja.<\/p>\t\t\t\t\t\t\t\t<\/div>\n\t\t\t\t<\/div>\n\t\t\t\t<\/div>\n\t\t<div class=\"elementor-element elementor-element-5568f8b e-con-full e-flex e-con e-child\" data-id=\"5568f8b\" data-element_type=\"container\" data-e-type=\"container\">\n\t\t\t\t<div class=\"elementor-element elementor-element-980debe elementor-widget elementor-widget-image\" data-id=\"980debe\" data-element_type=\"widget\" data-e-type=\"widget\" data-widget_type=\"image.default\">\n\t\t\t\t<div class=\"elementor-widget-container\">\n\t\t\t\t\t\t\t\t\t\t\t\t\t\t\t<img fetchpriority=\"high\" decoding=\"async\" width=\"800\" height=\"457\" src=\"https:\/\/rosanacl.com\/wp-content\/uploads\/2025\/07\/Imagen-de-WhatsApp-2025-07-24-a-las-12.25.19_78b75d41-1024x585.jpg\" class=\"attachment-large size-large wp-image-2971\" alt=\"\" srcset=\"https:\/\/rosanacl.com\/wp-content\/uploads\/2025\/07\/Imagen-de-WhatsApp-2025-07-24-a-las-12.25.19_78b75d41-1024x585.jpg 1024w, https:\/\/rosanacl.com\/wp-content\/uploads\/2025\/07\/Imagen-de-WhatsApp-2025-07-24-a-las-12.25.19_78b75d41-300x171.jpg 300w, https:\/\/rosanacl.com\/wp-content\/uploads\/2025\/07\/Imagen-de-WhatsApp-2025-07-24-a-las-12.25.19_78b75d41-768x439.jpg 768w, https:\/\/rosanacl.com\/wp-content\/uploads\/2025\/07\/Imagen-de-WhatsApp-2025-07-24-a-las-12.25.19_78b75d41-1536x877.jpg 1536w, https:\/\/rosanacl.com\/wp-content\/uploads\/2025\/07\/Imagen-de-WhatsApp-2025-07-24-a-las-12.25.19_78b75d41-18x10.jpg 18w, https:\/\/rosanacl.com\/wp-content\/uploads\/2025\/07\/Imagen-de-WhatsApp-2025-07-24-a-las-12.25.19_78b75d41-600x343.jpg 600w, https:\/\/rosanacl.com\/wp-content\/uploads\/2025\/07\/Imagen-de-WhatsApp-2025-07-24-a-las-12.25.19_78b75d41.jpg 1891w\" sizes=\"(max-width: 800px) 100vw, 800px\" \/>\t\t\t\t\t\t\t\t\t\t\t\t\t\t\t<\/div>\n\t\t\t\t<\/div>\n\t\t\t\t<\/div>\n\t\t\t\t\t<\/div>\n\t\t\t\t<\/div>\n\t\t<div class=\"elementor-element elementor-element-5e380fb e-flex e-con-boxed e-con e-parent\" data-id=\"5e380fb\" data-element_type=\"container\" data-e-type=\"container\">\n\t\t\t\t\t<div class=\"e-con-inner\">\n\t\t<div class=\"elementor-element elementor-element-a763375 e-con-full e-flex e-con e-child\" data-id=\"a763375\" data-element_type=\"container\" data-e-type=\"container\">\n\t\t\t\t<div class=\"elementor-element elementor-element-a8aecc4 elementor-widget elementor-widget-image\" data-id=\"a8aecc4\" data-element_type=\"widget\" data-e-type=\"widget\" data-widget_type=\"image.default\">\n\t\t\t\t<div class=\"elementor-widget-container\">\n\t\t\t\t\t\t\t\t\t\t\t\t\t\t\t<img decoding=\"async\" width=\"800\" height=\"475\" src=\"https:\/\/rosanacl.com\/wp-content\/uploads\/2025\/07\/Imagen-de-WhatsApp-2025-07-24-a-las-12.25.19_55beb4bc-1024x608.jpg\" class=\"attachment-large size-large wp-image-2972\" alt=\"\" srcset=\"https:\/\/rosanacl.com\/wp-content\/uploads\/2025\/07\/Imagen-de-WhatsApp-2025-07-24-a-las-12.25.19_55beb4bc-1024x608.jpg 1024w, https:\/\/rosanacl.com\/wp-content\/uploads\/2025\/07\/Imagen-de-WhatsApp-2025-07-24-a-las-12.25.19_55beb4bc-300x178.jpg 300w, https:\/\/rosanacl.com\/wp-content\/uploads\/2025\/07\/Imagen-de-WhatsApp-2025-07-24-a-las-12.25.19_55beb4bc-768x456.jpg 768w, https:\/\/rosanacl.com\/wp-content\/uploads\/2025\/07\/Imagen-de-WhatsApp-2025-07-24-a-las-12.25.19_55beb4bc-1536x912.jpg 1536w, https:\/\/rosanacl.com\/wp-content\/uploads\/2025\/07\/Imagen-de-WhatsApp-2025-07-24-a-las-12.25.19_55beb4bc-18x12.jpg 18w, https:\/\/rosanacl.com\/wp-content\/uploads\/2025\/07\/Imagen-de-WhatsApp-2025-07-24-a-las-12.25.19_55beb4bc-600x356.jpg 600w, https:\/\/rosanacl.com\/wp-content\/uploads\/2025\/07\/Imagen-de-WhatsApp-2025-07-24-a-las-12.25.19_55beb4bc.jpg 1775w\" sizes=\"(max-width: 800px) 100vw, 800px\" \/>\t\t\t\t\t\t\t\t\t\t\t\t\t\t\t<\/div>\n\t\t\t\t<\/div>\n\t\t\t\t<\/div>\n\t\t<div class=\"elementor-element elementor-element-b02b1e9 e-con-full e-flex e-con e-child\" data-id=\"b02b1e9\" data-element_type=\"container\" data-e-type=\"container\">\n\t\t\t\t<div class=\"elementor-element elementor-element-e25a6f0 elementor-widget elementor-widget-text-editor\" data-id=\"e25a6f0\" data-element_type=\"widget\" data-e-type=\"widget\" data-widget_type=\"text-editor.default\">\n\t\t\t\t<div class=\"elementor-widget-container\">\n\t\t\t\t\t\t\t\t\t<h3 data-start=\"1460\" data-end=\"1526\">Kupite hla\u010dke Selene: kakovost, ki je opazna \u017ee od prve uporabe<\/h3>\n<p data-start=\"1528\" data-end=\"1979\">Eden od klju\u010dev do <strong data-start=\"1549\" data-end=\"1567\">kupi hla\u010dke<\/strong> To pomeni razumevanje, da vsa obla\u010dila ne ponujajo enake ravni udobja. Pogosto lahko slaba izbira tkanine ali kroja povzro\u010di drgnjenje, dra\u017eenje ali nelagodje, ki vpliva na splo\u0161no po\u010dutje. Zato Rosana CL uporablja izklju\u010dno hla\u010dke Selene, blagovno znamko, ki globoko razume \u017eenske potrebe in oblikuje svoja obla\u010dila z enakimi tehni\u010dnimi in estetskimi vidiki.<\/p>\n<p data-start=\"1981\" data-end=\"2329\">V njihovem katalogu boste na\u0161li mo\u017enosti za vse okuse in trenutke dneva: klasi\u010dne hla\u010dke, bikinije, modele z visokim pasom in bolj diskretne modele, vse izdelano iz mehkih, raztegljivih in zra\u010dnih materialov. \u0160ivi so zasnovani tako, da prepre\u010dujejo made\u017ee, kroj pa se popolnoma prilagodi naravnim oblikam telesa.<\/p>\n<p data-start=\"2331\" data-end=\"2640\">K <strong data-start=\"2334\" data-end=\"2352\">kupi hla\u010dke<\/strong> V Rosana CL boste zagotovo na\u0161li obla\u010dilo, ki ni le lepo, ampak tudi zdravo za va\u0161o ko\u017eo in intimno dobro po\u010dutje. Poleg tega trgovina ponuja osebne nasvete, ki vam bodo pomagali najti popoln slog glede na va\u0161o velikost, \u017eivljenjski slog in \u017eelje glede prileganja.<\/p>\t\t\t\t\t\t\t\t<\/div>\n\t\t\t\t<\/div>\n\t\t\t\t<\/div>\n\t\t\t\t\t<\/div>\n\t\t\t\t<\/div>\n\t\t<div class=\"elementor-element elementor-element-495e863 e-flex e-con-boxed e-con e-parent\" data-id=\"495e863\" data-element_type=\"container\" data-e-type=\"container\">\n\t\t\t\t\t<div class=\"e-con-inner\">\n\t\t\t\t<div class=\"elementor-element elementor-element-fe47ba3 elementor-widget elementor-widget-text-editor\" data-id=\"fe47ba3\" data-element_type=\"widget\" data-e-type=\"widget\" data-widget_type=\"text-editor.default\">\n\t\t\t\t<div class=\"elementor-widget-container\">\n\t\t\t\t\t\t\t\t\t<h3 data-start=\"2642\" data-end=\"2724\">Kupite hla\u010dke na spletu pri Rosana CL: enostavno, varno in z osebno storitvijo.<\/h3>\n<p data-start=\"2726\" data-end=\"3079\">Dandanes, <strong data-start=\"2738\" data-end=\"2756\">kupi hla\u010dke<\/strong> Spletno nakupovanje je priro\u010dna in hitra mo\u017enost, vendar ne ponujajo vse trgovine enake ravni zaupanja in strokovnega znanja. V Rosana CL vsak nakup podpira ekipa ljudi, ki temeljito poznajo izdelek, vedo, kako se vsak model obnese pri vsakodnevni uporabi, in so vam na voljo za pomo\u010d skozi celoten postopek.<\/p>\n<p data-start=\"3081\" data-end=\"3341\">Njihova spletna platforma je intuitivna, z resni\u010dnimi slikami, jasnimi opisi in podrobnim vodnikom za velikosti, da se izognete napakam. Dostava je prav tako hitra in diskretna, na voljo pa je tudi slu\u017eba za stranke, ki odgovori na vsa vpra\u0161anja.<\/p>\n<p data-start=\"3343\" data-end=\"3625\">Nakup spodnjic v Rosana CL pomeni prijazno, profesionalno in dobro po\u010dutje usmerjeno nakupovalno izku\u0161njo. Tukaj boste na\u0161li ne le \u010dudovito spodnje perilo, temve\u010d tudi obla\u010dila, ki so zasnovana tako, da trajajo, spo\u0161tujejo va\u0161e telo in vas udobno spremljajo v vsakem trenutku dneva.<\/p>\n<p data-start=\"3627\" data-end=\"3837\">Ne glede na to, ali morate osve\u017eiti svoj predal s spodnjim perilom ali i\u0161\u010dete dolo\u010den stil, ima Rosana CL vse, kar potrebujete. Ko namre\u010d dobro izberete od znotraj, vse ostalo te\u010de z ve\u010d samozavesti.<\/p>\t\t\t\t\t\t\t\t<\/div>\n\t\t\t\t<\/div>\n\t\t\t\t\t<\/div>\n\t\t\t\t<\/div>\n\t\t<div class=\"elementor-element elementor-element-d05ed3a e-flex e-con-boxed e-con e-parent\" data-id=\"d05ed3a\" data-element_type=\"container\" data-e-type=\"container\">\n\t\t\t\t\t<div class=\"e-con-inner\">\n\t\t\t\t<div class=\"elementor-element elementor-element-b883e86 elementor-widget elementor-widget-heading\" data-id=\"b883e86\" data-element_type=\"widget\" data-e-type=\"widget\" data-widget_type=\"heading.default\">\n\t\t\t\t<div class=\"elementor-widget-container\">\n\t\t\t\t\t<h2 class=\"elementor-heading-title elementor-size-default\">Kontaktirajte nas <\/h2>\t\t\t\t<\/div>\n\t\t\t\t<\/div>\n\t\t\t\t\t<\/div>\n\t\t\t\t<\/div>\n\t\t<div class=\"elementor-element elementor-element-00e20e2 e-flex e-con-boxed e-con e-parent\" data-id=\"00e20e2\" data-element_type=\"container\" data-e-type=\"container\">\n\t\t\t\t\t<div class=\"e-con-inner\">\n\t\t<div class=\"elementor-element elementor-element-8ad8f7b e-con-full e-flex e-con e-child\" data-id=\"8ad8f7b\" data-element_type=\"container\" data-e-type=\"container\">\n\t\t\t\t<div class=\"elementor-element elementor-element-888944a elementor-widget__width-initial elementor-widget elementor-widget-elementskit-contact-form7\" data-id=\"888944a\" data-element_type=\"widget\" data-e-type=\"widget\" data-widget_type=\"elementskit-contact-form7.default\">\n\t\t\t\t<div class=\"elementor-widget-container\">\n\t\t\t\t\t<div class=\"ekit-wid-con\" ><div class=\"ekit-form\">\n<div class=\"wpcf7 no-js\" id=\"wpcf7-f48-o1\" lang=\"es-ES\" dir=\"ltr\" data-wpcf7-id=\"48\">\n<div class=\"screen-reader-response\"><p role=\"status\" aria-live=\"polite\" aria-atomic=\"true\"><\/p> <ul><\/ul><\/div>\n<form action=\"\/de\/wp-json\/wp\/v2\/pages\/2891#wpcf7-f48-o1\" method=\"post\" class=\"wpcf7-form init\" aria-label=\"Kontaktni obrazec\" novalidate=\"novalidate\" data-status=\"init\" data-trp-original-action=\"\/de\/wp-json\/wp\/v2\/pages\/2891#wpcf7-f48-o1\">\n<fieldset class=\"hidden-fields-container\"><input type=\"hidden\" name=\"_wpcf7\" value=\"48\" \/><input type=\"hidden\" name=\"_wpcf7_version\" value=\"6.1.5\" \/><input type=\"hidden\" name=\"_wpcf7_locale\" value=\"es_ES\" \/><input type=\"hidden\" name=\"_wpcf7_unit_tag\" value=\"wpcf7-f48-o1\" \/><input type=\"hidden\" name=\"_wpcf7_container_post\" value=\"0\" \/><input type=\"hidden\" name=\"_wpcf7_posted_data_hash\" value=\"\" \/><input type=\"hidden\" name=\"_wpcf7_recaptcha_response\" value=\"\" \/>\n<\/fieldset>\n<div class=\"form-row\">\n\t<div class=\"form-column\">\n\t\t<p><span class=\"wpcf7-form-control-wrap\" data-name=\"nombre\"><input size=\"40\" maxlength=\"400\" class=\"wpcf7-form-control wpcf7-text wpcf7-validates-as-required\" aria-required=\"true\" aria-invalid=\"false\" placeholder=\"Ime\" value=\"\" type=\"text\" name=\"nombre\" \/><\/span>\n\t\t<\/p>\n\t<\/div>\n\t<div class=\"form-column\">\n\t\t<p><span class=\"wpcf7-form-control-wrap\" data-name=\"telefono\"><input size=\"40\" maxlength=\"400\" class=\"wpcf7-form-control wpcf7-tel wpcf7-validates-as-required wpcf7-text wpcf7-validates-as-tel\" aria-required=\"true\" aria-invalid=\"false\" placeholder=\"Telefon *\" value=\"\" type=\"tel\" name=\"telefono\" \/><\/span>\n\t\t<\/p>\n\t<\/div>\n<\/div>\n<div class=\"form-row\">\n\t<div class=\"form-column\">\n\t\t<p><span class=\"wpcf7-form-control-wrap\" data-name=\"email\"><input size=\"40\" maxlength=\"400\" class=\"wpcf7-form-control wpcf7-email wpcf7-validates-as-required wpcf7-text wpcf7-validates-as-email\" aria-required=\"true\" aria-invalid=\"false\" placeholder=\"E-po\u0161ta *\" value=\"\" type=\"email\" name=\"email\" \/><\/span>\n\t\t<\/p>\n\t<\/div>\n\t<div class=\"form-column\">\n\t\t<p><span class=\"wpcf7-form-control-wrap\" data-name=\"asunto\"><input size=\"40\" maxlength=\"400\" class=\"wpcf7-form-control wpcf7-text wpcf7-validates-as-required\" aria-required=\"true\" aria-invalid=\"false\" placeholder=\"Afera *\" value=\"\" type=\"text\" name=\"asunto\" \/><\/span>\n\t\t<\/p>\n\t<\/div>\n<\/div>\n<p><span class=\"wpcf7-form-control-wrap\" data-name=\"mensaje\"><textarea cols=\"40\" rows=\"10\" maxlength=\"2000\" class=\"wpcf7-form-control wpcf7-textarea wpcf7-validates-as-required\" aria-required=\"true\" aria-invalid=\"false\" placeholder=\"Sporo\u010dilo\" name=\"mensaje\"><\/textarea><\/span>\n<\/p>\n<p class=\"legal-priv\"><span class=\"wpcf7-form-control-wrap\" data-name=\"acceptance-787\"><span class=\"wpcf7-form-control wpcf7-acceptance\"><span class=\"wpcf7-list-item\"><label><input type=\"checkbox\" name=\"acceptance-787\" value=\"1\" aria-invalid=\"false\" \/><span class=\"wpcf7-list-item-label\">Prebral\/a sem in se strinjam z <a href=\"https:\/\/rosanacl.com\/sl\/politica-de-privacidad\/\">Pravilnik o zasebnosti<\/a><\/span><\/label><\/span><\/span><\/span>\n<\/p>\n<p><input class=\"wpcf7-form-control wpcf7-submit has-spinner\" type=\"submit\" value=\"PO\u0160LJI SPORO\u010cILO\" \/>\n<\/p><div class=\"wpcf7-response-output\" aria-hidden=\"true\"><\/div>\n<input type=\"hidden\" name=\"trp-form-language\" value=\"sl\"\/><\/form>\n<\/div>\n<\/div><\/div>\t\t\t\t<\/div>\n\t\t\t\t<\/div>\n\t\t\t\t<\/div>\n\t\t\t\t\t<\/div>\n\t\t\t\t<\/div>\n\t\t\t\t<\/div>","protected":false},"excerpt":{"rendered":"<p>Comprar bragas Comprar bragas con criterio: la importancia de una elecci\u00f3n consciente A la hora de comprar bragas, muchas personas tienden a subestimar el impacto que esta prenda puede tener en su d\u00eda a d\u00eda. Sin embargo, elegir la braguita adecuada es fundamental para garantizar la comodidad, la salud \u00edntima y el buen ajuste de [&hellip;]<\/p>\n","protected":false},"author":1,"featured_media":0,"parent":0,"menu_order":0,"comment_status":"closed","ping_status":"closed","template":"","meta":{"content-type":"","footnotes":""},"class_list":["post-2891","page","type-page","status-publish","hentry"],"yoast_head":"<!-- This site is optimized with the Yoast SEO plugin v27.4 - https:\/\/yoast.com\/product\/yoast-seo-wordpress\/ -->\n<title>Comprar bragas - Rosana CL<\/title>\n<meta name=\"robots\" content=\"index, follow, max-snippet:-1, max-image-preview:large, max-video-preview:-1\" \/>\n<link rel=\"canonical\" href=\"https:\/\/rosanacl.com\/sl\/comprar-bragas\/\" \/>\n<meta property=\"og:locale\" content=\"sl_SI\" \/>\n<meta property=\"og:type\" content=\"article\" \/>\n<meta property=\"og:title\" content=\"Comprar bragas - Rosana CL\" \/>\n<meta property=\"og:description\" content=\"Comprar bragas Comprar bragas con criterio: la importancia de una elecci\u00f3n consciente A la hora de comprar bragas, muchas personas tienden a subestimar el impacto que esta prenda puede tener en su d\u00eda a d\u00eda. Sin embargo, elegir la braguita adecuada es fundamental para garantizar la comodidad, la salud \u00edntima y el buen ajuste de [&hellip;]\" \/>\n<meta property=\"og:url\" content=\"https:\/\/rosanacl.com\/sl\/comprar-bragas\/\" \/>\n<meta property=\"og:site_name\" content=\"Rosana CL\" \/>\n<meta property=\"article:modified_time\" content=\"2025-07-25T06:09:48+00:00\" \/>\n<meta property=\"og:image\" content=\"https:\/\/rosanacl.com\/wp-content\/uploads\/2025\/07\/Imagen-de-WhatsApp-2025-07-24-a-las-12.25.19_78b75d41.jpg\" \/>\n\t<meta property=\"og:image:width\" content=\"1891\" \/>\n\t<meta property=\"og:image:height\" content=\"1080\" \/>\n\t<meta property=\"og:image:type\" content=\"image\/jpeg\" \/>\n<meta name=\"twitter:card\" content=\"summary_large_image\" \/>\n<meta name=\"twitter:label1\" content=\"Est. reading time\" \/>\n\t<meta name=\"twitter:data1\" content=\"3 minute\" \/>\n<script type=\"application\/ld+json\" class=\"yoast-schema-graph\">{\"@context\":\"https:\\\/\\\/schema.org\",\"@graph\":[{\"@type\":\"WebPage\",\"@id\":\"https:\\\/\\\/rosanacl.com\\\/comprar-bragas\\\/\",\"url\":\"https:\\\/\\\/rosanacl.com\\\/comprar-bragas\\\/\",\"name\":\"Comprar bragas - Rosana CL\",\"isPartOf\":{\"@id\":\"https:\\\/\\\/rosanacl.com\\\/ca\\\/#website\"},\"primaryImageOfPage\":{\"@id\":\"https:\\\/\\\/rosanacl.com\\\/comprar-bragas\\\/#primaryimage\"},\"image\":{\"@id\":\"https:\\\/\\\/rosanacl.com\\\/comprar-bragas\\\/#primaryimage\"},\"thumbnailUrl\":\"https:\\\/\\\/rosanacl.com\\\/wp-content\\\/uploads\\\/2025\\\/07\\\/Imagen-de-WhatsApp-2025-07-24-a-las-12.25.19_78b75d41-1024x585.jpg\",\"datePublished\":\"2025-07-18T09:14:21+00:00\",\"dateModified\":\"2025-07-25T06:09:48+00:00\",\"breadcrumb\":{\"@id\":\"https:\\\/\\\/rosanacl.com\\\/comprar-bragas\\\/#breadcrumb\"},\"inLanguage\":\"sl-SI\",\"potentialAction\":[{\"@type\":\"ReadAction\",\"target\":[\"https:\\\/\\\/rosanacl.com\\\/comprar-bragas\\\/\"]}]},{\"@type\":\"ImageObject\",\"inLanguage\":\"sl-SI\",\"@id\":\"https:\\\/\\\/rosanacl.com\\\/comprar-bragas\\\/#primaryimage\",\"url\":\"https:\\\/\\\/rosanacl.com\\\/wp-content\\\/uploads\\\/2025\\\/07\\\/Imagen-de-WhatsApp-2025-07-24-a-las-12.25.19_78b75d41-1024x585.jpg\",\"contentUrl\":\"https:\\\/\\\/rosanacl.com\\\/wp-content\\\/uploads\\\/2025\\\/07\\\/Imagen-de-WhatsApp-2025-07-24-a-las-12.25.19_78b75d41-1024x585.jpg\"},{\"@type\":\"BreadcrumbList\",\"@id\":\"https:\\\/\\\/rosanacl.com\\\/comprar-bragas\\\/#breadcrumb\",\"itemListElement\":[{\"@type\":\"ListItem\",\"position\":1,\"name\":\"Portada\",\"item\":\"https:\\\/\\\/rosanacl.com\\\/ca\\\/\"},{\"@type\":\"ListItem\",\"position\":2,\"name\":\"Comprar bragas\"}]},{\"@type\":\"WebSite\",\"@id\":\"https:\\\/\\\/rosanacl.com\\\/ca\\\/#website\",\"url\":\"https:\\\/\\\/rosanacl.com\\\/ca\\\/\",\"name\":\"Rosana CL\",\"description\":\"Somos tu interior\",\"potentialAction\":[{\"@type\":\"SearchAction\",\"target\":{\"@type\":\"EntryPoint\",\"urlTemplate\":\"https:\\\/\\\/rosanacl.com\\\/ca\\\/?s={search_term_string}\"},\"query-input\":{\"@type\":\"PropertyValueSpecification\",\"valueRequired\":true,\"valueName\":\"search_term_string\"}}],\"inLanguage\":\"sl-SI\"}]}<\/script>\n<!-- \/ Yoast SEO plugin. -->","yoast_head_json":{"title":"Comprar bragas - Rosana CL","robots":{"index":"index","follow":"follow","max-snippet":"max-snippet:-1","max-image-preview":"max-image-preview:large","max-video-preview":"max-video-preview:-1"},"canonical":"https:\/\/rosanacl.com\/sl\/comprar-bragas\/","og_locale":"sl_SI","og_type":"article","og_title":"Comprar bragas - Rosana CL","og_description":"Comprar bragas Comprar bragas con criterio: la importancia de una elecci\u00f3n consciente A la hora de comprar bragas, muchas personas tienden a subestimar el impacto que esta prenda puede tener en su d\u00eda a d\u00eda. Sin embargo, elegir la braguita adecuada es fundamental para garantizar la comodidad, la salud \u00edntima y el buen ajuste de [&hellip;]","og_url":"https:\/\/rosanacl.com\/sl\/comprar-bragas\/","og_site_name":"Rosana CL","article_modified_time":"2025-07-25T06:09:48+00:00","og_image":[{"width":1891,"height":1080,"url":"https:\/\/rosanacl.com\/wp-content\/uploads\/2025\/07\/Imagen-de-WhatsApp-2025-07-24-a-las-12.25.19_78b75d41.jpg","type":"image\/jpeg"}],"twitter_card":"summary_large_image","twitter_misc":{"Est. reading time":"3 minute"},"schema":{"@context":"https:\/\/schema.org","@graph":[{"@type":"WebPage","@id":"https:\/\/rosanacl.com\/comprar-bragas\/","url":"https:\/\/rosanacl.com\/comprar-bragas\/","name":"Comprar bragas - Rosana CL","isPartOf":{"@id":"https:\/\/rosanacl.com\/ca\/#website"},"primaryImageOfPage":{"@id":"https:\/\/rosanacl.com\/comprar-bragas\/#primaryimage"},"image":{"@id":"https:\/\/rosanacl.com\/comprar-bragas\/#primaryimage"},"thumbnailUrl":"https:\/\/rosanacl.com\/wp-content\/uploads\/2025\/07\/Imagen-de-WhatsApp-2025-07-24-a-las-12.25.19_78b75d41-1024x585.jpg","datePublished":"2025-07-18T09:14:21+00:00","dateModified":"2025-07-25T06:09:48+00:00","breadcrumb":{"@id":"https:\/\/rosanacl.com\/comprar-bragas\/#breadcrumb"},"inLanguage":"sl-SI","potentialAction":[{"@type":"ReadAction","target":["https:\/\/rosanacl.com\/comprar-bragas\/"]}]},{"@type":"ImageObject","inLanguage":"sl-SI","@id":"https:\/\/rosanacl.com\/comprar-bragas\/#primaryimage","url":"https:\/\/rosanacl.com\/wp-content\/uploads\/2025\/07\/Imagen-de-WhatsApp-2025-07-24-a-las-12.25.19_78b75d41-1024x585.jpg","contentUrl":"https:\/\/rosanacl.com\/wp-content\/uploads\/2025\/07\/Imagen-de-WhatsApp-2025-07-24-a-las-12.25.19_78b75d41-1024x585.jpg"},{"@type":"BreadcrumbList","@id":"https:\/\/rosanacl.com\/comprar-bragas\/#breadcrumb","itemListElement":[{"@type":"ListItem","position":1,"name":"Portada","item":"https:\/\/rosanacl.com\/ca\/"},{"@type":"ListItem","position":2,"name":"Comprar bragas"}]},{"@type":"WebSite","@id":"https:\/\/rosanacl.com\/ca\/#website","url":"https:\/\/rosanacl.com\/ca\/","name":"Rosana CL","description":"Mi smo tvoj notranji jaz","potentialAction":[{"@type":"SearchAction","target":{"@type":"EntryPoint","urlTemplate":"https:\/\/rosanacl.com\/ca\/?s={search_term_string}"},"query-input":{"@type":"PropertyValueSpecification","valueRequired":true,"valueName":"search_term_string"}}],"inLanguage":"sl-SI"}]}},"_links":{"self":[{"href":"https:\/\/rosanacl.com\/sl\/wp-json\/wp\/v2\/pages\/2891","targetHints":{"allow":["GET"]}}],"collection":[{"href":"https:\/\/rosanacl.com\/sl\/wp-json\/wp\/v2\/pages"}],"about":[{"href":"https:\/\/rosanacl.com\/sl\/wp-json\/wp\/v2\/types\/page"}],"author":[{"embeddable":true,"href":"https:\/\/rosanacl.com\/sl\/wp-json\/wp\/v2\/users\/1"}],"replies":[{"embeddable":true,"href":"https:\/\/rosanacl.com\/sl\/wp-json\/wp\/v2\/comments?post=2891"}],"version-history":[{"count":0,"href":"https:\/\/rosanacl.com\/sl\/wp-json\/wp\/v2\/pages\/2891\/revisions"}],"wp:attachment":[{"href":"https:\/\/rosanacl.com\/sl\/wp-json\/wp\/v2\/media?parent=2891"}],"curies":[{"name":"wp","href":"https:\/\/api.w.org\/{rel}","templated":true}]}}