{"id":31,"date":"2025-03-28T16:10:30","date_gmt":"2025-03-28T19:10:30","guid":{"rendered":"https:\/\/innovacon.simplificandotuweb.com\/?page_id=31"},"modified":"2025-07-09T08:56:36","modified_gmt":"2025-07-09T06:56:36","slug":"politica-de-privacidad","status":"publish","type":"page","link":"https:\/\/rosanacl.com\/sl\/politica-de-privacidad\/","title":{"rendered":"Pravilnik o zasebnosti"},"content":{"rendered":"<div data-elementor-type=\"wp-page\" data-elementor-id=\"31\" class=\"elementor elementor-31\" data-elementor-post-type=\"page\">\n\t\t\t\t<div class=\"elementor-element elementor-element-1ca8157 e-flex e-con-boxed e-con e-parent\" data-id=\"1ca8157\" data-element_type=\"container\" data-e-type=\"container\" data-settings=\"{&quot;background_background&quot;:&quot;classic&quot;}\">\n\t\t\t\t\t<div class=\"e-con-inner\">\n\t\t<div class=\"elementor-element elementor-element-ee95924 e-con-full e-flex e-con e-child\" data-id=\"ee95924\" data-element_type=\"container\" data-e-type=\"container\">\n\t\t\t\t<div class=\"elementor-element elementor-element-fbdd061 elementor-widget elementor-widget-heading\" data-id=\"fbdd061\" data-element_type=\"widget\" data-e-type=\"widget\" data-widget_type=\"heading.default\">\n\t\t\t\t<div class=\"elementor-widget-container\">\n\t\t\t\t\t<h2 class=\"elementor-heading-title elementor-size-default\">Pravilnik o zasebnosti<\/h2>\t\t\t\t<\/div>\n\t\t\t\t<\/div>\n\t\t\t\t<\/div>\n\t\t\t\t\t<\/div>\n\t\t\t\t<\/div>\n\t\t<div class=\"elementor-element elementor-element-5a8dd38e e-flex e-con-boxed e-con e-parent\" data-id=\"5a8dd38e\" data-element_type=\"container\" data-e-type=\"container\">\n\t\t\t\t\t<div class=\"e-con-inner\">\n\t\t\t\t<div class=\"elementor-element elementor-element-6ea5a565 elementor-widget elementor-widget-text-editor\" data-id=\"6ea5a565\" data-element_type=\"widget\" data-e-type=\"widget\" data-widget_type=\"text-editor.default\">\n\t\t\t\t<div class=\"elementor-widget-container\">\n\t\t\t\t\t\t\t\t\t\n<p><strong>1. INFORMACIJE ZA UPORABNIKA<\/strong><\/p>\n\n<p>Spletno mesto obve\u0161\u010da uporabnike spletnega mesta o svoji politiki glede obdelave in varstva osebnih podatkov uporabnikov in strank, ki jih lahko zahtevajo uporabniki z brskanjem po spletnem mestu.<\/p>\n\n<p>Spletna stran je odgovorna za obdelavo osebnih podatkov uporabnika, zato v zvezi z obdelavo njihovih podatkov ponuja naslednje informacije:<\/p>\n\n<p><strong>Merila za hrambo podatkov:<\/strong>\u00a0Posredovani osebni podatki bodo hranjeni, dokler zainteresirana stranka ne zahteva njihove za\u010dasne ustavitve, uveljavljanja svojih pravic v zvezi s podatki, in v vsakem primeru v skladu z veljavnimi zakonskimi zastaralnimi roki.<\/p>\n\n<p><strong>Pravice zainteresiranih strank:<\/strong><\/p>\n\n<p>Pravica, da kadar koli prekli\u010dete svoje soglasje.<br \/>Pravica do dostopa, popravka, izbrisa, prenosljivosti va\u0161ih podatkov ter omejitve ali nasprotovanja njihovi obdelavi, kot tudi pravica, da niste predmet avtomatiziranih individualnih odlo\u010ditev.<\/p>\n\n<p><strong>Kontaktni podatki za uveljavljanje va\u0161ih pravic:<\/strong><\/p>\n\n<p>Pravilno se morate identificirati in jasno zahtevati pravico do uveljavljanja.<\/p>\n\n<ul class=\"wp-block-list\">\n<li>Podjetje: Pablo Angulo Maspons<\/li>\n<li>Prebivalstvo: Vinaroz, \u0160panija<\/li>\n<li>Telefon: 613395013<\/li>\n<li>Po\u0161ta: <a class=\"css-1rn59kg\" title=\"info@rosanacl.com\" href=\"mailto:info@rosanacl.com\" data-testid=\"link-with-safety\" data-renderer-mark=\"true\">info@rosanacl.com\u00a0<\/a><\/li>\n<\/ul>\n\n<p><strong>2. INFORMACIJE, KI JIH POSREDUJE UPORABNIK<\/strong><\/p>\n\n<p>\u010ce ste mlaj\u0161i od 18 let, ne smete uporabljati obrazcev na na\u0161i spletni strani.<\/p>\n\n<p>Uporabniki z vnosom svojih podatkov v kontaktne obrazce ali obrazce za prenos izrecno, svobodno in nedvoumno sprejemajo, da so njihovi podatki potrebni za obravnavo njihove zahteve s strani upravljavca, vklju\u010ditev podatkov v preostala polja pa je prostovoljna.<\/p>\n\n<p>Uporabnik jam\u010di, da so posredovani osebni podatki resni\u010dni in je odgovoren za sporo\u010danje morebitnih sprememb.<\/p>\n\n<p>Vsi podatki, zahtevani prek spletnega mesta, so potrebni za zagotavljanje optimalne storitve uporabniku. \u010ce niso posredovani vsi podatki, ni mogo\u010de zagotoviti, da bodo informacije in storitve, ki jih zagotavlja upravljavec podatkov, v celoti prilagojene uporabnikovim potrebam.<\/p>\n\n<p><strong>3. VARNOSTNI UKREPI<\/strong><\/p>\n\n<p>Da upravljavec v skladu z dolo\u010dbami veljavnih predpisov o varstvu osebnih podatkov spo\u0161tuje vse dolo\u010dbe predpisov GDPR in LOPD za obdelavo osebnih podatkov v okviru svoje odgovornosti, ki se obdelujejo zakonito, po\u0161teno in pregledno v odnosu do zainteresirane stranke ter so ustrezni, relevantni in omejeni na tisto, kar je potrebno glede na namene, za katere se obdelujejo.<\/p>\n\n<p>Upravljavec podatkov zagotavlja, da je uvedel ustrezne tehni\u010dne in organizacijske politike za uporabo varnostnih ukrepov, dolo\u010denih z GDPR in LOPD, za za\u0161\u010dito pravic in svobo\u0161\u010din uporabnikov, ter jim posredoval ustrezne informacije, da jih lahko uveljavljajo.<\/p>\n\n<p><strong>4. VARNOSTNE VRZELI<\/strong><\/p>\n\n<p>Upravljavec podatkov bo o vsaki kr\u0161itvi varnosti, ki vpliva na podatkovno zbirko, ki jo uporablja to spletno mesto ali katera koli od na\u0161ih storitev tretjih oseb, poro\u010dal vsem posameznikom, podatkom, na katere je kr\u0161itev morda vplivala, in organom v 72 urah po odkritju kr\u0161itve.<\/p>\n\n<p><strong>VELJAVNA ZAKONODAJA IN PRISTOJNOST<\/strong><\/p>\n\n<p>Za re\u0161evanje vseh sporov ali vpra\u0161anj v zvezi s tem spletnim mestom ali dejavnostmi, ki jih izvaja, se uporablja \u0161panska zakonodaja, s katero se stranke izrecno strinjajo, za re\u0161evanje vseh sporov, ki izhajajo iz uporabe tega spletnega mesta ali so z njo povezani, pa so pristojna sodi\u0161\u010da v Barceloni.<\/p>\n\n<p>\u00a0<\/p>\n\t\t\t\t\t\t\t\t<\/div>\n\t\t\t\t<\/div>\n\t\t\t\t\t<\/div>\n\t\t\t\t<\/div>\n\t\t\t\t<\/div>","protected":false},"excerpt":{"rendered":"<p>1.- INFORMACI\u00d3N AL USUARIO El sitio web informa a los usuarios del sitio web sobre su pol\u00edtica respecto al tratamiento y protecci\u00f3n de los datos de car\u00e1cter personal de los usuarios y clientes que puedan ser solicitados por la navegaci\u00f3n a trav\u00e9s de su sitio web. El sitio web es el Responsable del tratamiento de [&hellip;]<\/p>\n","protected":false},"author":1,"featured_media":0,"parent":0,"menu_order":0,"comment_status":"closed","ping_status":"closed","template":"","meta":{"content-type":"","footnotes":""},"class_list":["post-31","page","type-page","status-publish","hentry"],"yoast_head":"<!-- This site is optimized with the Yoast SEO plugin v27.4 - https:\/\/yoast.com\/product\/yoast-seo-wordpress\/ -->\n<title>Pol\u00edtica de Privacidad - Rosana CL<\/title>\n<meta name=\"robots\" content=\"index, follow, max-snippet:-1, max-image-preview:large, max-video-preview:-1\" \/>\n<link rel=\"canonical\" href=\"https:\/\/rosanacl.com\/sl\/politica-de-privacidad\/\" \/>\n<meta property=\"og:locale\" content=\"sl_SI\" \/>\n<meta property=\"og:type\" content=\"article\" \/>\n<meta property=\"og:title\" content=\"Pol\u00edtica de Privacidad - Rosana CL\" \/>\n<meta property=\"og:description\" content=\"1.- INFORMACI\u00d3N AL USUARIO El sitio web informa a los usuarios del sitio web sobre su pol\u00edtica respecto al tratamiento y protecci\u00f3n de los datos de car\u00e1cter personal de los usuarios y clientes que puedan ser solicitados por la navegaci\u00f3n a trav\u00e9s de su sitio web. El sitio web es el Responsable del tratamiento de [&hellip;]\" \/>\n<meta property=\"og:url\" content=\"https:\/\/rosanacl.com\/sl\/politica-de-privacidad\/\" \/>\n<meta property=\"og:site_name\" content=\"Rosana CL\" \/>\n<meta property=\"article:modified_time\" content=\"2025-07-09T06:56:36+00:00\" \/>\n<meta name=\"twitter:card\" content=\"summary_large_image\" \/>\n<meta name=\"twitter:label1\" content=\"Est. reading time\" \/>\n\t<meta name=\"twitter:data1\" content=\"3 minute\" \/>\n<script type=\"application\/ld+json\" class=\"yoast-schema-graph\">{\"@context\":\"https:\\\/\\\/schema.org\",\"@graph\":[{\"@type\":\"WebPage\",\"@id\":\"https:\\\/\\\/rosanacl.com\\\/politica-de-privacidad\\\/\",\"url\":\"https:\\\/\\\/rosanacl.com\\\/politica-de-privacidad\\\/\",\"name\":\"Pol\u00edtica de Privacidad - Rosana CL\",\"isPartOf\":{\"@id\":\"https:\\\/\\\/rosanacl.com\\\/ca\\\/#website\"},\"datePublished\":\"2025-03-28T19:10:30+00:00\",\"dateModified\":\"2025-07-09T06:56:36+00:00\",\"breadcrumb\":{\"@id\":\"https:\\\/\\\/rosanacl.com\\\/politica-de-privacidad\\\/#breadcrumb\"},\"inLanguage\":\"sl-SI\",\"potentialAction\":[{\"@type\":\"ReadAction\",\"target\":[\"https:\\\/\\\/rosanacl.com\\\/politica-de-privacidad\\\/\"]}]},{\"@type\":\"BreadcrumbList\",\"@id\":\"https:\\\/\\\/rosanacl.com\\\/politica-de-privacidad\\\/#breadcrumb\",\"itemListElement\":[{\"@type\":\"ListItem\",\"position\":1,\"name\":\"Portada\",\"item\":\"https:\\\/\\\/rosanacl.com\\\/ca\\\/\"},{\"@type\":\"ListItem\",\"position\":2,\"name\":\"Pol\u00edtica de Privacidad\"}]},{\"@type\":\"WebSite\",\"@id\":\"https:\\\/\\\/rosanacl.com\\\/ca\\\/#website\",\"url\":\"https:\\\/\\\/rosanacl.com\\\/ca\\\/\",\"name\":\"Rosana CL\",\"description\":\"Somos tu interior\",\"potentialAction\":[{\"@type\":\"SearchAction\",\"target\":{\"@type\":\"EntryPoint\",\"urlTemplate\":\"https:\\\/\\\/rosanacl.com\\\/ca\\\/?s={search_term_string}\"},\"query-input\":{\"@type\":\"PropertyValueSpecification\",\"valueRequired\":true,\"valueName\":\"search_term_string\"}}],\"inLanguage\":\"sl-SI\"}]}<\/script>\n<!-- \/ Yoast SEO plugin. -->","yoast_head_json":{"title":"Pol\u00edtica de Privacidad - Rosana CL","robots":{"index":"index","follow":"follow","max-snippet":"max-snippet:-1","max-image-preview":"max-image-preview:large","max-video-preview":"max-video-preview:-1"},"canonical":"https:\/\/rosanacl.com\/sl\/politica-de-privacidad\/","og_locale":"sl_SI","og_type":"article","og_title":"Pol\u00edtica de Privacidad - Rosana CL","og_description":"1.- INFORMACI\u00d3N AL USUARIO El sitio web informa a los usuarios del sitio web sobre su pol\u00edtica respecto al tratamiento y protecci\u00f3n de los datos de car\u00e1cter personal de los usuarios y clientes que puedan ser solicitados por la navegaci\u00f3n a trav\u00e9s de su sitio web. El sitio web es el Responsable del tratamiento de [&hellip;]","og_url":"https:\/\/rosanacl.com\/sl\/politica-de-privacidad\/","og_site_name":"Rosana CL","article_modified_time":"2025-07-09T06:56:36+00:00","twitter_card":"summary_large_image","twitter_misc":{"Est. reading time":"3 minute"},"schema":{"@context":"https:\/\/schema.org","@graph":[{"@type":"WebPage","@id":"https:\/\/rosanacl.com\/politica-de-privacidad\/","url":"https:\/\/rosanacl.com\/politica-de-privacidad\/","name":"Pol\u00edtica de Privacidad - Rosana CL","isPartOf":{"@id":"https:\/\/rosanacl.com\/ca\/#website"},"datePublished":"2025-03-28T19:10:30+00:00","dateModified":"2025-07-09T06:56:36+00:00","breadcrumb":{"@id":"https:\/\/rosanacl.com\/politica-de-privacidad\/#breadcrumb"},"inLanguage":"sl-SI","potentialAction":[{"@type":"ReadAction","target":["https:\/\/rosanacl.com\/politica-de-privacidad\/"]}]},{"@type":"BreadcrumbList","@id":"https:\/\/rosanacl.com\/politica-de-privacidad\/#breadcrumb","itemListElement":[{"@type":"ListItem","position":1,"name":"Portada","item":"https:\/\/rosanacl.com\/ca\/"},{"@type":"ListItem","position":2,"name":"Pol\u00edtica de Privacidad"}]},{"@type":"WebSite","@id":"https:\/\/rosanacl.com\/ca\/#website","url":"https:\/\/rosanacl.com\/ca\/","name":"Rosana CL","description":"Mi smo tvoj notranji jaz","potentialAction":[{"@type":"SearchAction","target":{"@type":"EntryPoint","urlTemplate":"https:\/\/rosanacl.com\/ca\/?s={search_term_string}"},"query-input":{"@type":"PropertyValueSpecification","valueRequired":true,"valueName":"search_term_string"}}],"inLanguage":"sl-SI"}]}},"_links":{"self":[{"href":"https:\/\/rosanacl.com\/sl\/wp-json\/wp\/v2\/pages\/31","targetHints":{"allow":["GET"]}}],"collection":[{"href":"https:\/\/rosanacl.com\/sl\/wp-json\/wp\/v2\/pages"}],"about":[{"href":"https:\/\/rosanacl.com\/sl\/wp-json\/wp\/v2\/types\/page"}],"author":[{"embeddable":true,"href":"https:\/\/rosanacl.com\/sl\/wp-json\/wp\/v2\/users\/1"}],"replies":[{"embeddable":true,"href":"https:\/\/rosanacl.com\/sl\/wp-json\/wp\/v2\/comments?post=31"}],"version-history":[{"count":0,"href":"https:\/\/rosanacl.com\/sl\/wp-json\/wp\/v2\/pages\/31\/revisions"}],"wp:attachment":[{"href":"https:\/\/rosanacl.com\/sl\/wp-json\/wp\/v2\/media?parent=31"}],"curies":[{"name":"wp","href":"https:\/\/api.w.org\/{rel}","templated":true}]}}