{"id":3995,"date":"2025-10-10T12:44:30","date_gmt":"2025-10-10T10:44:30","guid":{"rendered":"https:\/\/rosanacl.com\/?page_id=3995"},"modified":"2025-10-10T12:45:42","modified_gmt":"2025-10-10T10:45:42","slug":"comprar-sujetadores-selene-online","status":"publish","type":"page","link":"https:\/\/rosanacl.com\/sl\/comprar-sujetadores-selene-online\/","title":{"rendered":"Kupite modr\u010dke Selene na spletu"},"content":{"rendered":"<div data-elementor-type=\"wp-page\" data-elementor-id=\"3995\" class=\"elementor elementor-3995\" data-elementor-post-type=\"page\">\n\t\t\t\t<div class=\"elementor-element elementor-element-171998c7 e-flex e-con-boxed e-con e-parent\" data-id=\"171998c7\" data-element_type=\"container\" data-e-type=\"container\">\n\t\t\t\t\t<div class=\"e-con-inner\">\n\t\t\t\t<div class=\"elementor-element elementor-element-6575351f elementor-widget elementor-widget-text-editor\" data-id=\"6575351f\" data-element_type=\"widget\" data-e-type=\"widget\" data-widget_type=\"text-editor.default\">\n\t\t\t\t<div class=\"elementor-widget-container\">\n\t\t\t\t\t\t\t\t\t\n<p><\/p>\n\n\n\n<p><\/p>\n\t\t\t\t\t\t\t\t<\/div>\n\t\t\t\t<\/div>\n\t\t\t\t\t<\/div>\n\t\t\t\t<\/div>\n\t\t<div class=\"elementor-element elementor-element-cf7d341 e-flex e-con-boxed e-con e-parent\" data-id=\"cf7d341\" data-element_type=\"container\" data-e-type=\"container\">\n\t\t\t\t\t<div class=\"e-con-inner\">\n\t\t\t\t<div class=\"elementor-element elementor-element-1f1d080 elementor-widget elementor-widget-heading\" data-id=\"1f1d080\" data-element_type=\"widget\" data-e-type=\"widget\" data-widget_type=\"heading.default\">\n\t\t\t\t<div class=\"elementor-widget-container\">\n\t\t\t\t\t<h2 class=\"elementor-heading-title elementor-size-default\">Predloga za pristanek <\/h2>\t\t\t\t<\/div>\n\t\t\t\t<\/div>\n\t\t\t\t\t<\/div>\n\t\t\t\t<\/div>\n\t\t<div class=\"elementor-element elementor-element-dc1921d e-flex e-con-boxed e-con e-parent\" data-id=\"dc1921d\" data-element_type=\"container\" data-e-type=\"container\">\n\t\t\t\t\t<div class=\"e-con-inner\">\n\t\t<div class=\"elementor-element elementor-element-d19616f e-con-full e-flex e-con e-child\" data-id=\"d19616f\" data-element_type=\"container\" data-e-type=\"container\">\n\t\t\t\t<div class=\"elementor-element elementor-element-495540a elementor-widget elementor-widget-text-editor\" data-id=\"495540a\" data-element_type=\"widget\" data-e-type=\"widget\" data-widget_type=\"text-editor.default\">\n\t\t\t\t<div class=\"elementor-widget-container\">\n\t\t\t\t\t\t\t\t\t<h3 data-start=\"388\" data-end=\"480\"><strong data-start=\"392\" data-end=\"480\">Kupite modr\u010dke Selene na spletu: najla\u017eji na\u010din za iskanje popolnega spodnjega perila<\/strong><\/h3>\n<p data-start=\"482\" data-end=\"845\">V vse bolj digitalnem svetu, <strong data-start=\"516\" data-end=\"553\">Kupite modr\u010dke Selene na spletu<\/strong> Postala je najbolj prakti\u010dna in varna mo\u017enost za \u017eenske, ki cenijo udobje, ne da bi pri tem \u017ertvovale stil. <strong data-start=\"676\" data-end=\"689\">Rosana CL<\/strong>Ponujamo vam preprosto, zanesljivo in prilagojeno nakupovalno izku\u0161njo z ekskluzivnim katalogom najbolj\u0161ih modelov priznane blagovne znamke Selene.<\/p>\n<p data-start=\"847\" data-end=\"1322\">Vsak modr\u010dek te blagovne znamke zdru\u017euje tekstilno inovacijo, eleganco in udobje ter se popolnoma prilagaja potrebam vsake \u017eenske. <strong data-start=\"986\" data-end=\"1023\">Kupite modr\u010dke Selene na spletu<\/strong> V na\u0161i trgovini imate dostop do \u0161iroke palete modelov: modeli brez kosti za naravno prileganje, podlo\u017eeni modr\u010dki, ki poudarijo va\u0161o postavo, modeli za vitko postavo za bolj elegantno silhueto in \u010dipkasti modeli za tiste prilo\u017enosti, ko se \u017eelite po\u010dutiti \u0161e posebej \u017eenstveno.<\/p>\n<p data-start=\"1324\" data-end=\"1601\">Postopek nakupa v <strong data-start=\"1348\" data-end=\"1361\">Rosana CL<\/strong> Zasnovana je tako, da lahko u\u017eivate v izku\u0161nji \u017ee od prvega klika. Na\u0161a spletna trgovina ponuja prave fotografije, natan\u010dne vodnike po velikostih in podrobne opise, ki vam bodo pomagali izbrati popoln slog, ne da bi zapustili dom.<\/p>\t\t\t\t\t\t\t\t<\/div>\n\t\t\t\t<\/div>\n\t\t\t\t<\/div>\n\t\t<div class=\"elementor-element elementor-element-5568f8b e-con-full e-flex e-con e-child\" data-id=\"5568f8b\" data-element_type=\"container\" data-e-type=\"container\">\n\t\t\t\t<div class=\"elementor-element elementor-element-980debe elementor-widget elementor-widget-image\" data-id=\"980debe\" data-element_type=\"widget\" data-e-type=\"widget\" data-widget_type=\"image.default\">\n\t\t\t\t<div class=\"elementor-widget-container\">\n\t\t\t\t\t\t\t\t\t\t\t\t\t\t\t<img fetchpriority=\"high\" decoding=\"async\" width=\"800\" height=\"566\" src=\"https:\/\/rosanacl.com\/wp-content\/uploads\/2025\/10\/comprar-sujetadores-online-1024x724.jpg\" class=\"attachment-large size-large wp-image-3970\" alt=\"\" srcset=\"https:\/\/rosanacl.com\/wp-content\/uploads\/2025\/10\/comprar-sujetadores-online-1024x724.jpg 1024w, https:\/\/rosanacl.com\/wp-content\/uploads\/2025\/10\/comprar-sujetadores-online-300x212.jpg 300w, https:\/\/rosanacl.com\/wp-content\/uploads\/2025\/10\/comprar-sujetadores-online-768x543.jpg 768w, https:\/\/rosanacl.com\/wp-content\/uploads\/2025\/10\/comprar-sujetadores-online-1536x1086.jpg 1536w, https:\/\/rosanacl.com\/wp-content\/uploads\/2025\/10\/comprar-sujetadores-online-18x12.jpg 18w, https:\/\/rosanacl.com\/wp-content\/uploads\/2025\/10\/comprar-sujetadores-online-600x424.jpg 600w, https:\/\/rosanacl.com\/wp-content\/uploads\/2025\/10\/comprar-sujetadores-online.jpg 2000w\" sizes=\"(max-width: 800px) 100vw, 800px\" \/>\t\t\t\t\t\t\t\t\t\t\t\t\t\t\t<\/div>\n\t\t\t\t<\/div>\n\t\t\t\t<\/div>\n\t\t\t\t\t<\/div>\n\t\t\t\t<\/div>\n\t\t<div class=\"elementor-element elementor-element-5e380fb e-flex e-con-boxed e-con e-parent\" data-id=\"5e380fb\" data-element_type=\"container\" data-e-type=\"container\">\n\t\t\t\t\t<div class=\"e-con-inner\">\n\t\t<div class=\"elementor-element elementor-element-a763375 e-con-full e-flex e-con e-child\" data-id=\"a763375\" data-element_type=\"container\" data-e-type=\"container\">\n\t\t\t\t<div class=\"elementor-element elementor-element-a8aecc4 elementor-widget elementor-widget-image\" data-id=\"a8aecc4\" data-element_type=\"widget\" data-e-type=\"widget\" data-widget_type=\"image.default\">\n\t\t\t\t<div class=\"elementor-widget-container\">\n\t\t\t\t\t\t\t\t\t\t\t\t\t\t\t<img decoding=\"async\" width=\"800\" height=\"566\" src=\"https:\/\/rosanacl.com\/wp-content\/uploads\/2025\/10\/comprar-sujetadores-online-selene-1024x724.jpg\" class=\"attachment-large size-large wp-image-3969\" alt=\"\" srcset=\"https:\/\/rosanacl.com\/wp-content\/uploads\/2025\/10\/comprar-sujetadores-online-selene-1024x724.jpg 1024w, https:\/\/rosanacl.com\/wp-content\/uploads\/2025\/10\/comprar-sujetadores-online-selene-300x212.jpg 300w, https:\/\/rosanacl.com\/wp-content\/uploads\/2025\/10\/comprar-sujetadores-online-selene-768x543.jpg 768w, https:\/\/rosanacl.com\/wp-content\/uploads\/2025\/10\/comprar-sujetadores-online-selene-1536x1086.jpg 1536w, https:\/\/rosanacl.com\/wp-content\/uploads\/2025\/10\/comprar-sujetadores-online-selene-18x12.jpg 18w, https:\/\/rosanacl.com\/wp-content\/uploads\/2025\/10\/comprar-sujetadores-online-selene-600x424.jpg 600w, https:\/\/rosanacl.com\/wp-content\/uploads\/2025\/10\/comprar-sujetadores-online-selene.jpg 2000w\" sizes=\"(max-width: 800px) 100vw, 800px\" \/>\t\t\t\t\t\t\t\t\t\t\t\t\t\t\t<\/div>\n\t\t\t\t<\/div>\n\t\t\t\t<\/div>\n\t\t<div class=\"elementor-element elementor-element-b02b1e9 e-con-full e-flex e-con e-child\" data-id=\"b02b1e9\" data-element_type=\"container\" data-e-type=\"container\">\n\t\t\t\t<div class=\"elementor-element elementor-element-82e3ba6 elementor-widget elementor-widget-text-editor\" data-id=\"82e3ba6\" data-element_type=\"widget\" data-e-type=\"widget\" data-widget_type=\"text-editor.default\">\n\t\t\t\t<div class=\"elementor-widget-container\">\n\t\t\t\t\t\t\t\t\t<h3 data-start=\"1608\" data-end=\"1693\"><strong data-start=\"1612\" data-end=\"1693\">Kupite modr\u010dke Selene na spletu: inovacija in kakovost na dosegu roke<\/strong><\/h3>\n<p data-start=\"1695\" data-end=\"2085\">Ko se odlo\u010di\u0161 <strong data-start=\"1710\" data-end=\"1747\">Kupite modr\u010dke Selene na spletu<\/strong>Izbirate blagovno znamko, ki \u017ee desetletja izpopolnjuje umetnost spodnjega perila. Selene izstopa po visoko odpornih tehni\u010dnih tkaninah, anatomski obliki in mehkobi materialov. Vsak kos obla\u010dila je ustvarjen tako, da se prilagodi naravnemu gibanju telesa, nudi oporo brez pritiska in celodnevno udobje.<\/p>\n<p data-start=\"2087\" data-end=\"2558\">V <strong data-start=\"2090\" data-end=\"2103\">Rosana CL<\/strong>Izbrali smo najnovej\u0161e kolekcije Selene, da lahko <strong data-start=\"2169\" data-end=\"2206\">Kupite modr\u010dke Selene na spletu<\/strong> Z garancijo nakupa 100 % originalnih izdelkov %. Na\u0161a trgovina sodeluje neposredno z blagovno znamko, kar zagotavlja pristnost in kakovost vsakega kosa. Poleg tega imajo \u0161tevilni modeli skrbno zasnovane detajle: oblikovane ko\u0161arice, nevidne \u0161ive, oja\u010dana zapiranja in zra\u010dne tkanine, ki se popolnoma prilegajo va\u0161i ko\u017ei.<\/p>\n<p data-start=\"2560\" data-end=\"2960\">\u0160e ena prednost <strong data-start=\"2584\" data-end=\"2621\">Kupite modr\u010dke Selene na spletu<\/strong> V trgovini Rosana CL lahko preprosto primerjate razli\u010dne sloge, barve in velikosti. Iz udobja svojega doma lahko razi\u0161\u010dete mo\u017enosti, ki najbolj ustrezajo va\u0161emu telesu in \u017eivljenjskemu slogu. Tako boste na\u0161li popolno ravnovesje med oporo, estetiko in svobodo gibanja, zaradi \u010desar je perilo Selene tako posebno.<\/p>\t\t\t\t\t\t\t\t<\/div>\n\t\t\t\t<\/div>\n\t\t\t\t<\/div>\n\t\t\t\t\t<\/div>\n\t\t\t\t<\/div>\n\t\t<div class=\"elementor-element elementor-element-495e863 e-flex e-con-boxed e-con e-parent\" data-id=\"495e863\" data-element_type=\"container\" data-e-type=\"container\">\n\t\t\t\t\t<div class=\"e-con-inner\">\n\t\t\t\t<div class=\"elementor-element elementor-element-fe47ba3 elementor-widget elementor-widget-text-editor\" data-id=\"fe47ba3\" data-element_type=\"widget\" data-e-type=\"widget\" data-widget_type=\"text-editor.default\">\n\t\t\t\t<div class=\"elementor-widget-container\">\n\t\t\t\t\t\t\t\t\t<h3 data-start=\"2967\" data-end=\"3057\"><strong data-start=\"2971\" data-end=\"3057\">Kupite modr\u010dke Selene na spletu pri Rosana CL: zaupanje in osebna pozornost<\/strong><\/h3>\n<p data-start=\"3059\" data-end=\"3411\">Vse trgovine ne ponujajo enake izku\u0161nje, ko <strong data-start=\"3112\" data-end=\"3149\">Kupite modr\u010dke Selene na spletu<\/strong>V <strong data-start=\"3154\" data-end=\"3167\">Rosana CL<\/strong>Poskrbimo za vsako podrobnost, da se boste skozi celoten postopek po\u010dutili podprte in vodene. Na\u0161a ekipa za pomo\u010d strankam je na voljo za vsa va\u0161a vpra\u0161anja o velikostih, stilih ali vrstah ko\u0161aric in vam pomaga pri sprejemanju najbolj\u0161e odlo\u010ditve.<\/p>\n<p data-start=\"3413\" data-end=\"3653\">Poleg tega zagotavljamo varno in zaupno nakupovalno izku\u0161njo z varnimi na\u010dini pla\u010dila in hitro dostavo po vsej \u0160paniji. Vemo, da je izbira spodnjega perila osebna zadeva, in \u017eelimo, da v tem procesu u\u017eivate popolnoma brezskrbno.<\/p>\n<p data-start=\"3655\" data-end=\"3974\">K <strong data-start=\"3658\" data-end=\"3695\">Kupite modr\u010dke Selene na spletu<\/strong> Pri Rosana CL izberete zaupanje, profesionalnost in osebno pozornost. Ne gre le za nakup obla\u010dila, temve\u010d za to, da se vsak dan dobro po\u010dutite. Dober modr\u010dek namre\u010d ne le poudari va\u0161o postavo, temve\u010d tudi izbolj\u0161a dr\u017eo, dvigne samozavest in spodbuja dobro po\u010dutje.<\/p>\t\t\t\t\t\t\t\t<\/div>\n\t\t\t\t<\/div>\n\t\t\t\t\t<\/div>\n\t\t\t\t<\/div>\n\t\t<div class=\"elementor-element elementor-element-d05ed3a e-flex e-con-boxed e-con e-parent\" data-id=\"d05ed3a\" data-element_type=\"container\" data-e-type=\"container\">\n\t\t\t\t\t<div class=\"e-con-inner\">\n\t\t\t\t<div class=\"elementor-element elementor-element-b883e86 elementor-widget elementor-widget-heading\" data-id=\"b883e86\" data-element_type=\"widget\" data-e-type=\"widget\" data-widget_type=\"heading.default\">\n\t\t\t\t<div class=\"elementor-widget-container\">\n\t\t\t\t\t<h2 class=\"elementor-heading-title elementor-size-default\">Kontaktirajte nas <\/h2>\t\t\t\t<\/div>\n\t\t\t\t<\/div>\n\t\t\t\t\t<\/div>\n\t\t\t\t<\/div>\n\t\t<div class=\"elementor-element elementor-element-00e20e2 e-flex e-con-boxed e-con e-parent\" data-id=\"00e20e2\" data-element_type=\"container\" data-e-type=\"container\">\n\t\t\t\t\t<div class=\"e-con-inner\">\n\t\t<div class=\"elementor-element elementor-element-8ad8f7b e-con-full e-flex e-con e-child\" data-id=\"8ad8f7b\" data-element_type=\"container\" data-e-type=\"container\">\n\t\t\t\t<div class=\"elementor-element elementor-element-888944a elementor-widget__width-initial elementor-widget elementor-widget-elementskit-contact-form7\" data-id=\"888944a\" data-element_type=\"widget\" data-e-type=\"widget\" data-widget_type=\"elementskit-contact-form7.default\">\n\t\t\t\t<div class=\"elementor-widget-container\">\n\t\t\t\t\t<div class=\"ekit-wid-con\" ><div class=\"ekit-form\">\n<div class=\"wpcf7 no-js\" id=\"wpcf7-f48-o1\" lang=\"es-ES\" dir=\"ltr\" data-wpcf7-id=\"48\">\n<div class=\"screen-reader-response\"><p role=\"status\" aria-live=\"polite\" aria-atomic=\"true\"><\/p> <ul><\/ul><\/div>\n<form action=\"\/de\/wp-json\/wp\/v2\/pages\/3995#wpcf7-f48-o1\" method=\"post\" class=\"wpcf7-form init\" aria-label=\"Kontaktni obrazec\" novalidate=\"novalidate\" data-status=\"init\" data-trp-original-action=\"\/de\/wp-json\/wp\/v2\/pages\/3995#wpcf7-f48-o1\">\n<fieldset class=\"hidden-fields-container\"><input type=\"hidden\" name=\"_wpcf7\" value=\"48\" \/><input type=\"hidden\" name=\"_wpcf7_version\" value=\"6.1.5\" \/><input type=\"hidden\" name=\"_wpcf7_locale\" value=\"es_ES\" \/><input type=\"hidden\" name=\"_wpcf7_unit_tag\" value=\"wpcf7-f48-o1\" \/><input type=\"hidden\" name=\"_wpcf7_container_post\" value=\"0\" \/><input type=\"hidden\" name=\"_wpcf7_posted_data_hash\" value=\"\" \/><input type=\"hidden\" name=\"_wpcf7_recaptcha_response\" value=\"\" \/>\n<\/fieldset>\n<div class=\"form-row\">\n\t<div class=\"form-column\">\n\t\t<p><span class=\"wpcf7-form-control-wrap\" data-name=\"nombre\"><input size=\"40\" maxlength=\"400\" class=\"wpcf7-form-control wpcf7-text wpcf7-validates-as-required\" aria-required=\"true\" aria-invalid=\"false\" placeholder=\"Ime\" value=\"\" type=\"text\" name=\"nombre\" \/><\/span>\n\t\t<\/p>\n\t<\/div>\n\t<div class=\"form-column\">\n\t\t<p><span class=\"wpcf7-form-control-wrap\" data-name=\"telefono\"><input size=\"40\" maxlength=\"400\" class=\"wpcf7-form-control wpcf7-tel wpcf7-validates-as-required wpcf7-text wpcf7-validates-as-tel\" aria-required=\"true\" aria-invalid=\"false\" placeholder=\"Telefon *\" value=\"\" type=\"tel\" name=\"telefono\" \/><\/span>\n\t\t<\/p>\n\t<\/div>\n<\/div>\n<div class=\"form-row\">\n\t<div class=\"form-column\">\n\t\t<p><span class=\"wpcf7-form-control-wrap\" data-name=\"email\"><input size=\"40\" maxlength=\"400\" class=\"wpcf7-form-control wpcf7-email wpcf7-validates-as-required wpcf7-text wpcf7-validates-as-email\" aria-required=\"true\" aria-invalid=\"false\" placeholder=\"E-po\u0161ta *\" value=\"\" type=\"email\" name=\"email\" \/><\/span>\n\t\t<\/p>\n\t<\/div>\n\t<div class=\"form-column\">\n\t\t<p><span class=\"wpcf7-form-control-wrap\" data-name=\"asunto\"><input size=\"40\" maxlength=\"400\" class=\"wpcf7-form-control wpcf7-text wpcf7-validates-as-required\" aria-required=\"true\" aria-invalid=\"false\" placeholder=\"Afera *\" value=\"\" type=\"text\" name=\"asunto\" \/><\/span>\n\t\t<\/p>\n\t<\/div>\n<\/div>\n<p><span class=\"wpcf7-form-control-wrap\" data-name=\"mensaje\"><textarea cols=\"40\" rows=\"10\" maxlength=\"2000\" class=\"wpcf7-form-control wpcf7-textarea wpcf7-validates-as-required\" aria-required=\"true\" aria-invalid=\"false\" placeholder=\"Sporo\u010dilo\" name=\"mensaje\"><\/textarea><\/span>\n<\/p>\n<p class=\"legal-priv\"><span class=\"wpcf7-form-control-wrap\" data-name=\"acceptance-787\"><span class=\"wpcf7-form-control wpcf7-acceptance\"><span class=\"wpcf7-list-item\"><label><input type=\"checkbox\" name=\"acceptance-787\" value=\"1\" aria-invalid=\"false\" \/><span class=\"wpcf7-list-item-label\">Prebral\/a sem in se strinjam z <a href=\"https:\/\/rosanacl.com\/sl\/politica-de-privacidad\/\">Pravilnik o zasebnosti<\/a><\/span><\/label><\/span><\/span><\/span>\n<\/p>\n<p><input class=\"wpcf7-form-control wpcf7-submit has-spinner\" type=\"submit\" value=\"PO\u0160LJI SPORO\u010cILO\" \/>\n<\/p><div class=\"wpcf7-response-output\" aria-hidden=\"true\"><\/div>\n<input type=\"hidden\" name=\"trp-form-language\" value=\"sl\"\/><\/form>\n<\/div>\n<\/div><\/div>\t\t\t\t<\/div>\n\t\t\t\t<\/div>\n\t\t\t\t<\/div>\n\t\t\t\t\t<\/div>\n\t\t\t\t<\/div>\n\t\t\t\t<\/div>","protected":false},"excerpt":{"rendered":"<p>Plantilla landing Comprar sujetadores Selene online: la forma m\u00e1s f\u00e1cil de encontrar tu lencer\u00eda ideal En un mundo cada vez m\u00e1s digital, comprar sujetadores Selene online se ha convertido en la opci\u00f3n m\u00e1s pr\u00e1ctica y segura para las mujeres que valoran la comodidad sin renunciar al estilo. En Rosana CL, te ofrecemos una experiencia de [&hellip;]<\/p>\n","protected":false},"author":1,"featured_media":0,"parent":0,"menu_order":0,"comment_status":"closed","ping_status":"closed","template":"","meta":{"content-type":"","footnotes":""},"class_list":["post-3995","page","type-page","status-publish","hentry"],"yoast_head":"<!-- This site is optimized with the Yoast SEO plugin v27.4 - https:\/\/yoast.com\/product\/yoast-seo-wordpress\/ -->\n<title>Comprar sujetadores Selene online - Rosana CL<\/title>\n<meta name=\"robots\" content=\"index, follow, max-snippet:-1, max-image-preview:large, max-video-preview:-1\" \/>\n<link rel=\"canonical\" href=\"https:\/\/rosanacl.com\/sl\/comprar-sujetadores-selene-online\/\" \/>\n<meta property=\"og:locale\" content=\"sl_SI\" \/>\n<meta property=\"og:type\" content=\"article\" \/>\n<meta property=\"og:title\" content=\"Comprar sujetadores Selene online - Rosana CL\" \/>\n<meta property=\"og:description\" content=\"Plantilla landing Comprar sujetadores Selene online: la forma m\u00e1s f\u00e1cil de encontrar tu lencer\u00eda ideal En un mundo cada vez m\u00e1s digital, comprar sujetadores Selene online se ha convertido en la opci\u00f3n m\u00e1s pr\u00e1ctica y segura para las mujeres que valoran la comodidad sin renunciar al estilo. En Rosana CL, te ofrecemos una experiencia de [&hellip;]\" \/>\n<meta property=\"og:url\" content=\"https:\/\/rosanacl.com\/sl\/comprar-sujetadores-selene-online\/\" \/>\n<meta property=\"og:site_name\" content=\"Rosana CL\" \/>\n<meta property=\"article:modified_time\" content=\"2025-10-10T10:45:42+00:00\" \/>\n<meta property=\"og:image\" content=\"https:\/\/rosanacl.com\/wp-content\/uploads\/2025\/10\/comprar-sujetadores-online.jpg\" \/>\n\t<meta property=\"og:image:width\" content=\"2000\" \/>\n\t<meta property=\"og:image:height\" content=\"1414\" \/>\n\t<meta property=\"og:image:type\" content=\"image\/jpeg\" \/>\n<meta name=\"twitter:card\" content=\"summary_large_image\" \/>\n<meta name=\"twitter:label1\" content=\"Est. reading time\" \/>\n\t<meta name=\"twitter:data1\" content=\"3 minute\" \/>\n<script type=\"application\/ld+json\" class=\"yoast-schema-graph\">{\"@context\":\"https:\\\/\\\/schema.org\",\"@graph\":[{\"@type\":\"WebPage\",\"@id\":\"https:\\\/\\\/rosanacl.com\\\/comprar-sujetadores-selene-online\\\/\",\"url\":\"https:\\\/\\\/rosanacl.com\\\/comprar-sujetadores-selene-online\\\/\",\"name\":\"Comprar sujetadores Selene online - Rosana CL\",\"isPartOf\":{\"@id\":\"https:\\\/\\\/rosanacl.com\\\/ca\\\/#website\"},\"primaryImageOfPage\":{\"@id\":\"https:\\\/\\\/rosanacl.com\\\/comprar-sujetadores-selene-online\\\/#primaryimage\"},\"image\":{\"@id\":\"https:\\\/\\\/rosanacl.com\\\/comprar-sujetadores-selene-online\\\/#primaryimage\"},\"thumbnailUrl\":\"https:\\\/\\\/rosanacl.com\\\/wp-content\\\/uploads\\\/2025\\\/10\\\/comprar-sujetadores-online-1024x724.jpg\",\"datePublished\":\"2025-10-10T10:44:30+00:00\",\"dateModified\":\"2025-10-10T10:45:42+00:00\",\"breadcrumb\":{\"@id\":\"https:\\\/\\\/rosanacl.com\\\/comprar-sujetadores-selene-online\\\/#breadcrumb\"},\"inLanguage\":\"sl-SI\",\"potentialAction\":[{\"@type\":\"ReadAction\",\"target\":[\"https:\\\/\\\/rosanacl.com\\\/comprar-sujetadores-selene-online\\\/\"]}]},{\"@type\":\"ImageObject\",\"inLanguage\":\"sl-SI\",\"@id\":\"https:\\\/\\\/rosanacl.com\\\/comprar-sujetadores-selene-online\\\/#primaryimage\",\"url\":\"https:\\\/\\\/rosanacl.com\\\/wp-content\\\/uploads\\\/2025\\\/10\\\/comprar-sujetadores-online-1024x724.jpg\",\"contentUrl\":\"https:\\\/\\\/rosanacl.com\\\/wp-content\\\/uploads\\\/2025\\\/10\\\/comprar-sujetadores-online-1024x724.jpg\"},{\"@type\":\"BreadcrumbList\",\"@id\":\"https:\\\/\\\/rosanacl.com\\\/comprar-sujetadores-selene-online\\\/#breadcrumb\",\"itemListElement\":[{\"@type\":\"ListItem\",\"position\":1,\"name\":\"Portada\",\"item\":\"https:\\\/\\\/rosanacl.com\\\/ca\\\/\"},{\"@type\":\"ListItem\",\"position\":2,\"name\":\"Comprar sujetadores Selene online\"}]},{\"@type\":\"WebSite\",\"@id\":\"https:\\\/\\\/rosanacl.com\\\/ca\\\/#website\",\"url\":\"https:\\\/\\\/rosanacl.com\\\/ca\\\/\",\"name\":\"Rosana CL\",\"description\":\"Somos tu interior\",\"potentialAction\":[{\"@type\":\"SearchAction\",\"target\":{\"@type\":\"EntryPoint\",\"urlTemplate\":\"https:\\\/\\\/rosanacl.com\\\/ca\\\/?s={search_term_string}\"},\"query-input\":{\"@type\":\"PropertyValueSpecification\",\"valueRequired\":true,\"valueName\":\"search_term_string\"}}],\"inLanguage\":\"sl-SI\"}]}<\/script>\n<!-- \/ Yoast SEO plugin. -->","yoast_head_json":{"title":"Comprar sujetadores Selene online - Rosana CL","robots":{"index":"index","follow":"follow","max-snippet":"max-snippet:-1","max-image-preview":"max-image-preview:large","max-video-preview":"max-video-preview:-1"},"canonical":"https:\/\/rosanacl.com\/sl\/comprar-sujetadores-selene-online\/","og_locale":"sl_SI","og_type":"article","og_title":"Comprar sujetadores Selene online - Rosana CL","og_description":"Plantilla landing Comprar sujetadores Selene online: la forma m\u00e1s f\u00e1cil de encontrar tu lencer\u00eda ideal En un mundo cada vez m\u00e1s digital, comprar sujetadores Selene online se ha convertido en la opci\u00f3n m\u00e1s pr\u00e1ctica y segura para las mujeres que valoran la comodidad sin renunciar al estilo. En Rosana CL, te ofrecemos una experiencia de [&hellip;]","og_url":"https:\/\/rosanacl.com\/sl\/comprar-sujetadores-selene-online\/","og_site_name":"Rosana CL","article_modified_time":"2025-10-10T10:45:42+00:00","og_image":[{"width":2000,"height":1414,"url":"https:\/\/rosanacl.com\/wp-content\/uploads\/2025\/10\/comprar-sujetadores-online.jpg","type":"image\/jpeg"}],"twitter_card":"summary_large_image","twitter_misc":{"Est. reading time":"3 minute"},"schema":{"@context":"https:\/\/schema.org","@graph":[{"@type":"WebPage","@id":"https:\/\/rosanacl.com\/comprar-sujetadores-selene-online\/","url":"https:\/\/rosanacl.com\/comprar-sujetadores-selene-online\/","name":"Comprar sujetadores Selene online - Rosana CL","isPartOf":{"@id":"https:\/\/rosanacl.com\/ca\/#website"},"primaryImageOfPage":{"@id":"https:\/\/rosanacl.com\/comprar-sujetadores-selene-online\/#primaryimage"},"image":{"@id":"https:\/\/rosanacl.com\/comprar-sujetadores-selene-online\/#primaryimage"},"thumbnailUrl":"https:\/\/rosanacl.com\/wp-content\/uploads\/2025\/10\/comprar-sujetadores-online-1024x724.jpg","datePublished":"2025-10-10T10:44:30+00:00","dateModified":"2025-10-10T10:45:42+00:00","breadcrumb":{"@id":"https:\/\/rosanacl.com\/comprar-sujetadores-selene-online\/#breadcrumb"},"inLanguage":"sl-SI","potentialAction":[{"@type":"ReadAction","target":["https:\/\/rosanacl.com\/comprar-sujetadores-selene-online\/"]}]},{"@type":"ImageObject","inLanguage":"sl-SI","@id":"https:\/\/rosanacl.com\/comprar-sujetadores-selene-online\/#primaryimage","url":"https:\/\/rosanacl.com\/wp-content\/uploads\/2025\/10\/comprar-sujetadores-online-1024x724.jpg","contentUrl":"https:\/\/rosanacl.com\/wp-content\/uploads\/2025\/10\/comprar-sujetadores-online-1024x724.jpg"},{"@type":"BreadcrumbList","@id":"https:\/\/rosanacl.com\/comprar-sujetadores-selene-online\/#breadcrumb","itemListElement":[{"@type":"ListItem","position":1,"name":"Portada","item":"https:\/\/rosanacl.com\/ca\/"},{"@type":"ListItem","position":2,"name":"Comprar sujetadores Selene online"}]},{"@type":"WebSite","@id":"https:\/\/rosanacl.com\/ca\/#website","url":"https:\/\/rosanacl.com\/ca\/","name":"Rosana CL","description":"Mi smo tvoj notranji jaz","potentialAction":[{"@type":"SearchAction","target":{"@type":"EntryPoint","urlTemplate":"https:\/\/rosanacl.com\/ca\/?s={search_term_string}"},"query-input":{"@type":"PropertyValueSpecification","valueRequired":true,"valueName":"search_term_string"}}],"inLanguage":"sl-SI"}]}},"_links":{"self":[{"href":"https:\/\/rosanacl.com\/sl\/wp-json\/wp\/v2\/pages\/3995","targetHints":{"allow":["GET"]}}],"collection":[{"href":"https:\/\/rosanacl.com\/sl\/wp-json\/wp\/v2\/pages"}],"about":[{"href":"https:\/\/rosanacl.com\/sl\/wp-json\/wp\/v2\/types\/page"}],"author":[{"embeddable":true,"href":"https:\/\/rosanacl.com\/sl\/wp-json\/wp\/v2\/users\/1"}],"replies":[{"embeddable":true,"href":"https:\/\/rosanacl.com\/sl\/wp-json\/wp\/v2\/comments?post=3995"}],"version-history":[{"count":0,"href":"https:\/\/rosanacl.com\/sl\/wp-json\/wp\/v2\/pages\/3995\/revisions"}],"wp:attachment":[{"href":"https:\/\/rosanacl.com\/sl\/wp-json\/wp\/v2\/media?parent=3995"}],"curies":[{"name":"wp","href":"https:\/\/api.w.org\/{rel}","templated":true}]}}