{"id":3476,"date":"2025-08-19T09:29:50","date_gmt":"2025-08-19T07:29:50","guid":{"rendered":"https:\/\/rosanacl.com\/?post_type=product&#038;p=3476"},"modified":"2026-01-08T03:08:43","modified_gmt":"2026-01-08T02:08:43","slug":"braga-selene-brasilena-3121","status":"publish","type":"product","link":"https:\/\/rosanacl.com\/sl\/izdelek\/braga-selene-brasilena-3121\/","title":{"rendered":"Brazilske hla\u010dke Selene 3121"},"content":{"rendered":"<p>Brazilske hla\u010dke Selene 3121 so mini hla\u010dke v brazilskem slogu, zasnovane tako, da poudarijo va\u0161o postavo z \u017eenstvenim, elegantnim in zelo laskavim zaklju\u010dkom. Njihova kombinacija ne\u017ene \u010dipke in mehkega tila ustvarja prefinjen videz, idealen za udoben in lep ob\u010dutek ves dan.<\/p>\n<p>Brazilski kroj ustvarja bolj poenostavljeno silhueto na hrbtu, tkanina pa se ne\u017eno spu\u0161\u010da, zaradi \u010desar je udobna za vsakodnevno no\u0161enje. Je popolno obla\u010dilo, \u010de i\u0161\u010dete popolno ravnovesje med umirjeno \u010dutnostjo in udobjem.<\/p>\n<p>Podrobnosti, ki vam bodo v\u0161e\u010d<\/p>\n<ul>\n<li>Brazilski mini stil: poudari silhueto in je zelo laskav.<\/li>\n<li>\u010cipka + eleganten til: fin in zelo \u017eenstven zaklju\u010dek.<\/li>\n<li>Mehko in udobno prileganje: zasnovano za vsakodnevno uporabo.<\/li>\n<li>\u010cist videz pod obla\u010dili: idealno za oprijete obleke.<\/li>\n<li>Ujema se z va\u0161o obleko: popolno za no\u0161enje z modr\u010dkom Selene Laia.<\/li>\n<\/ul>\n<p>\ud83d\udde3\ufe0f Nasvet: Pri brazilskem modelu 3121 se lepota skriva v &quot;nevidnosti&quot;: til se prilagodi kot druga ko\u017ea, \u010dipka pa le\u017ei ravno, tako da brazilski kroj ravno prav poudari, ne da bi vas \u010dez dan motil.<\/p>\n<p>\ud83d\udccf Opomba: Pred nakupom preverite obseg bokov: \u010de imate raje o\u017eji prileg, izberite svojo obi\u010dajno velikost; \u010de imate med dvema \u0161tevilkama ali imate raje mehkej\u0161i rob (brez sledi), izberite eno \u0161tevilko ve\u010djo.<\/p>\n<p>Sestava: poliamid 85%, elastan 15%. (Intimni predel: bomba\u017e).<\/p>\n<p>\ud83d\udda4 \u010cutni minimalizem: udoben, lep in laskav.<\/p>\n<div id=\"v1ms-outlook-mobile-body-separator-line\" dir=\"auto\"><\/div>","protected":false},"excerpt":{"rendered":"<p>La Braga Selene Brasile\u00f1a 3121 es una braga mini de estilo brasile\u00f1a pensada para realzar la figura con un acabado femenino, elegante y muy favorecedor. Su combinaci\u00f3n de encaje delicado y tul suave crea un look sofisticado, ideal para sentirte c\u00f3moda y guapa durante todo el d\u00eda. Su corte brasile\u00f1o aporta un efecto visual m\u00e1s [&hellip;]<\/p>\n","protected":false},"featured_media":3493,"comment_status":"closed","ping_status":"closed","template":"","meta":{"content-type":""},"product_brand":[55],"product_cat":[19],"product_tag":[69],"class_list":{"0":"post-3476","1":"product","2":"type-product","3":"status-publish","4":"has-post-thumbnail","6":"product_brand-selene","7":"product_cat-braga","8":"product_tag-braga","10":"first","11":"instock","12":"taxable","13":"shipping-taxable","14":"purchasable","15":"product-type-variable"},"supplier_id":null,"supplier_sku":"","barcode":null,"atum_controlled":true,"out_stock_date":null,"out_stock_threshold":null,"inheritable":true,"inbound_stock":0,"stock_on_hold":0,"sold_today":null,"sales_last_days":null,"reserved_stock":0,"customer_returns":0,"warehouse_damage":0,"lost_in_post":0,"other_logs":0,"out_stock_days":null,"lost_sales":null,"has_location":false,"update_date":"2026-01-08T02:08:44","atum_locations":[],"atum_stock_status":"instock","restock_status":false,"low_stock_amount":"","sales_update_date":"2025-10-03T04:55:32","calc_backorders":null,"yoast_head":"<!-- This site is optimized with the Yoast SEO plugin v27.4 - https:\/\/yoast.com\/product\/yoast-seo-wordpress\/ -->\n<title>Braga Brasile\u00f1a Selene 3121 - Rosana CL<\/title>\n<meta name=\"robots\" content=\"index, follow, max-snippet:-1, max-image-preview:large, max-video-preview:-1\" \/>\n<link rel=\"canonical\" href=\"https:\/\/rosanacl.com\/sl\/izdelek\/braga-selene-brasilena-3121\/\" \/>\n<meta property=\"og:locale\" content=\"sl_SI\" \/>\n<meta property=\"og:type\" content=\"article\" \/>\n<meta property=\"og:title\" content=\"Braga Brasile\u00f1a Selene 3121 - Rosana CL\" \/>\n<meta property=\"og:description\" content=\"La Braga Selene Brasile\u00f1a 3121 es una braga mini de estilo brasile\u00f1a pensada para realzar la figura con un acabado femenino, elegante y muy favorecedor. Su combinaci\u00f3n de encaje delicado y tul suave crea un look sofisticado, ideal para sentirte c\u00f3moda y guapa durante todo el d\u00eda. Su corte brasile\u00f1o aporta un efecto visual m\u00e1s [&hellip;]\" \/>\n<meta property=\"og:url\" content=\"https:\/\/rosanacl.com\/sl\/izdelek\/braga-selene-brasilena-3121\/\" \/>\n<meta property=\"og:site_name\" content=\"Rosana CL\" \/>\n<meta property=\"article:modified_time\" content=\"2026-01-08T02:08:43+00:00\" \/>\n<meta property=\"og:image\" content=\"https:\/\/rosanacl.com\/wp-content\/uploads\/2025\/08\/1-8.png\" \/>\n\t<meta property=\"og:image:width\" content=\"492\" \/>\n\t<meta property=\"og:image:height\" content=\"698\" \/>\n\t<meta property=\"og:image:type\" content=\"image\/png\" \/>\n<meta name=\"twitter:card\" content=\"summary_large_image\" \/>\n<meta name=\"twitter:label1\" content=\"Est. reading time\" \/>\n\t<meta name=\"twitter:data1\" content=\"2 minuti\" \/>\n<script type=\"application\/ld+json\" class=\"yoast-schema-graph\">{\"@context\":\"https:\\\/\\\/schema.org\",\"@graph\":[{\"@type\":\"WebPage\",\"@id\":\"https:\\\/\\\/rosanacl.com\\\/producto\\\/braga-selene-brasilena-3121\\\/\",\"url\":\"https:\\\/\\\/rosanacl.com\\\/producto\\\/braga-selene-brasilena-3121\\\/\",\"name\":\"Braga Brasile\u00f1a Selene 3121 - Rosana CL\",\"isPartOf\":{\"@id\":\"https:\\\/\\\/rosanacl.com\\\/ca\\\/#website\"},\"primaryImageOfPage\":{\"@id\":\"https:\\\/\\\/rosanacl.com\\\/producto\\\/braga-selene-brasilena-3121\\\/#primaryimage\"},\"image\":{\"@id\":\"https:\\\/\\\/rosanacl.com\\\/producto\\\/braga-selene-brasilena-3121\\\/#primaryimage\"},\"thumbnailUrl\":\"https:\\\/\\\/rosanacl.com\\\/wp-content\\\/uploads\\\/2025\\\/08\\\/1-8.png\",\"datePublished\":\"2025-08-19T07:29:50+00:00\",\"dateModified\":\"2026-01-08T02:08:43+00:00\",\"breadcrumb\":{\"@id\":\"https:\\\/\\\/rosanacl.com\\\/producto\\\/braga-selene-brasilena-3121\\\/#breadcrumb\"},\"inLanguage\":\"sl-SI\",\"potentialAction\":[{\"@type\":\"ReadAction\",\"target\":[\"https:\\\/\\\/rosanacl.com\\\/producto\\\/braga-selene-brasilena-3121\\\/\"]}]},{\"@type\":\"ImageObject\",\"inLanguage\":\"sl-SI\",\"@id\":\"https:\\\/\\\/rosanacl.com\\\/producto\\\/braga-selene-brasilena-3121\\\/#primaryimage\",\"url\":\"https:\\\/\\\/rosanacl.com\\\/wp-content\\\/uploads\\\/2025\\\/08\\\/1-8.png\",\"contentUrl\":\"https:\\\/\\\/rosanacl.com\\\/wp-content\\\/uploads\\\/2025\\\/08\\\/1-8.png\",\"width\":492,\"height\":698},{\"@type\":\"BreadcrumbList\",\"@id\":\"https:\\\/\\\/rosanacl.com\\\/producto\\\/braga-selene-brasilena-3121\\\/#breadcrumb\",\"itemListElement\":[{\"@type\":\"ListItem\",\"position\":1,\"name\":\"Portada\",\"item\":\"https:\\\/\\\/rosanacl.com\\\/ca\\\/\"},{\"@type\":\"ListItem\",\"position\":2,\"name\":\"Tienda\",\"item\":\"https:\\\/\\\/rosanacl.com\\\/ca\\\/tienda\\\/\"},{\"@type\":\"ListItem\",\"position\":3,\"name\":\"Braga Brasile\u00f1a Selene 3121\"}]},{\"@type\":\"WebSite\",\"@id\":\"https:\\\/\\\/rosanacl.com\\\/ca\\\/#website\",\"url\":\"https:\\\/\\\/rosanacl.com\\\/ca\\\/\",\"name\":\"Rosana CL\",\"description\":\"Somos tu interior\",\"potentialAction\":[{\"@type\":\"SearchAction\",\"target\":{\"@type\":\"EntryPoint\",\"urlTemplate\":\"https:\\\/\\\/rosanacl.com\\\/ca\\\/?s={search_term_string}\"},\"query-input\":{\"@type\":\"PropertyValueSpecification\",\"valueRequired\":true,\"valueName\":\"search_term_string\"}}],\"inLanguage\":\"sl-SI\"}]}<\/script>\n<!-- \/ Yoast SEO plugin. -->","yoast_head_json":{"title":"Braga Brasile\u00f1a Selene 3121 - Rosana CL","robots":{"index":"index","follow":"follow","max-snippet":"max-snippet:-1","max-image-preview":"max-image-preview:large","max-video-preview":"max-video-preview:-1"},"canonical":"https:\/\/rosanacl.com\/sl\/izdelek\/braga-selene-brasilena-3121\/","og_locale":"sl_SI","og_type":"article","og_title":"Braga Brasile\u00f1a Selene 3121 - Rosana CL","og_description":"La Braga Selene Brasile\u00f1a 3121 es una braga mini de estilo brasile\u00f1a pensada para realzar la figura con un acabado femenino, elegante y muy favorecedor. Su combinaci\u00f3n de encaje delicado y tul suave crea un look sofisticado, ideal para sentirte c\u00f3moda y guapa durante todo el d\u00eda. Su corte brasile\u00f1o aporta un efecto visual m\u00e1s [&hellip;]","og_url":"https:\/\/rosanacl.com\/sl\/izdelek\/braga-selene-brasilena-3121\/","og_site_name":"Rosana CL","article_modified_time":"2026-01-08T02:08:43+00:00","og_image":[{"width":492,"height":698,"url":"https:\/\/rosanacl.com\/wp-content\/uploads\/2025\/08\/1-8.png","type":"image\/png"}],"twitter_card":"summary_large_image","twitter_misc":{"Est. reading time":"2 minuti"},"schema":{"@context":"https:\/\/schema.org","@graph":[{"@type":"WebPage","@id":"https:\/\/rosanacl.com\/producto\/braga-selene-brasilena-3121\/","url":"https:\/\/rosanacl.com\/producto\/braga-selene-brasilena-3121\/","name":"Braga Brasile\u00f1a Selene 3121 - Rosana CL","isPartOf":{"@id":"https:\/\/rosanacl.com\/ca\/#website"},"primaryImageOfPage":{"@id":"https:\/\/rosanacl.com\/producto\/braga-selene-brasilena-3121\/#primaryimage"},"image":{"@id":"https:\/\/rosanacl.com\/producto\/braga-selene-brasilena-3121\/#primaryimage"},"thumbnailUrl":"https:\/\/rosanacl.com\/wp-content\/uploads\/2025\/08\/1-8.png","datePublished":"2025-08-19T07:29:50+00:00","dateModified":"2026-01-08T02:08:43+00:00","breadcrumb":{"@id":"https:\/\/rosanacl.com\/producto\/braga-selene-brasilena-3121\/#breadcrumb"},"inLanguage":"sl-SI","potentialAction":[{"@type":"ReadAction","target":["https:\/\/rosanacl.com\/producto\/braga-selene-brasilena-3121\/"]}]},{"@type":"ImageObject","inLanguage":"sl-SI","@id":"https:\/\/rosanacl.com\/producto\/braga-selene-brasilena-3121\/#primaryimage","url":"https:\/\/rosanacl.com\/wp-content\/uploads\/2025\/08\/1-8.png","contentUrl":"https:\/\/rosanacl.com\/wp-content\/uploads\/2025\/08\/1-8.png","width":492,"height":698},{"@type":"BreadcrumbList","@id":"https:\/\/rosanacl.com\/producto\/braga-selene-brasilena-3121\/#breadcrumb","itemListElement":[{"@type":"ListItem","position":1,"name":"Portada","item":"https:\/\/rosanacl.com\/ca\/"},{"@type":"ListItem","position":2,"name":"Tienda","item":"https:\/\/rosanacl.com\/ca\/tienda\/"},{"@type":"ListItem","position":3,"name":"Braga Brasile\u00f1a Selene 3121"}]},{"@type":"WebSite","@id":"https:\/\/rosanacl.com\/ca\/#website","url":"https:\/\/rosanacl.com\/ca\/","name":"Rosana CL","description":"Mi smo tvoj notranji jaz","potentialAction":[{"@type":"SearchAction","target":{"@type":"EntryPoint","urlTemplate":"https:\/\/rosanacl.com\/ca\/?s={search_term_string}"},"query-input":{"@type":"PropertyValueSpecification","valueRequired":true,"valueName":"search_term_string"}}],"inLanguage":"sl-SI"}]}},"_links":{"self":[{"href":"https:\/\/rosanacl.com\/sl\/wp-json\/wp\/v2\/product\/3476","targetHints":{"allow":["GET"]}}],"collection":[{"href":"https:\/\/rosanacl.com\/sl\/wp-json\/wp\/v2\/product"}],"about":[{"href":"https:\/\/rosanacl.com\/sl\/wp-json\/wp\/v2\/types\/product"}],"replies":[{"embeddable":true,"href":"https:\/\/rosanacl.com\/sl\/wp-json\/wp\/v2\/comments?post=3476"}],"version-history":[{"count":5,"href":"https:\/\/rosanacl.com\/sl\/wp-json\/wp\/v2\/product\/3476\/revisions"}],"predecessor-version":[{"id":4635,"href":"https:\/\/rosanacl.com\/sl\/wp-json\/wp\/v2\/product\/3476\/revisions\/4635"}],"wp:featuredmedia":[{"embeddable":true,"href":"https:\/\/rosanacl.com\/sl\/wp-json\/wp\/v2\/media\/3493"}],"wp:attachment":[{"href":"https:\/\/rosanacl.com\/sl\/wp-json\/wp\/v2\/media?parent=3476"}],"wp:term":[{"taxonomy":"product_brand","embeddable":true,"href":"https:\/\/rosanacl.com\/sl\/wp-json\/wp\/v2\/product_brand?post=3476"},{"taxonomy":"product_cat","embeddable":true,"href":"https:\/\/rosanacl.com\/sl\/wp-json\/wp\/v2\/product_cat?post=3476"},{"taxonomy":"product_tag","embeddable":true,"href":"https:\/\/rosanacl.com\/sl\/wp-json\/wp\/v2\/product_tag?post=3476"}],"curies":[{"name":"wp","href":"https:\/\/api.w.org\/{rel}","templated":true}]}}