{"id":3530,"date":"2025-08-19T09:50:26","date_gmt":"2025-08-19T07:50:26","guid":{"rendered":"https:\/\/rosanacl.com\/?post_type=product&#038;p=3530"},"modified":"2026-01-08T03:11:56","modified_gmt":"2026-01-08T02:11:56","slug":"tanga-selene-3125","status":"publish","type":"product","link":"https:\/\/rosanacl.com\/sl\/izdelek\/tanga-selene-3125\/","title":{"rendered":"Selene tangice 3125"},"content":{"rendered":"<p>Tangice Selene 3125 znamke Creaciones Selene: elegantno in udobno obla\u010dilo, zasnovano tako, da se boste ves dan po\u010dutile lahkotne in samozavestne. Njihov dizajn laska postavi in se popolnoma prilega pod obla\u010dila, z lepim in \u017eenstvenim zaklju\u010dkom.<\/p>\n<p>Model 3125 izstopa po \u017eakardni tkanini na sprednji strani, ki mu daje prefinjen pridih, ne da bi pri tem \u017ertvoval mehkobo in udobje. Idealen je za vsakodnevno no\u0161enje ali za tiste, ki si \u017eelijo bolj posebne obleke.<\/p>\n<p>Podrobnosti, ki vam bodo v\u0161e\u010d<\/p>\n<ul>\n<li>Zasnova v stilu tangic: \u010distej\u0161i in bolj diskreten u\u010dinek pod oprijetimi obla\u010dili.<\/li>\n<li>Teksturirana\/\u017eakardna sprednja tkanina: eleganten in prepoznaven pridih.<\/li>\n<li>Udoben kroj, ki se giblje z vami, ne da bi vas omejeval.<\/li>\n<li>Laskav zaklju\u010dek: zo\u017ei in poudari obraz, ne da bi bil preve\u010d oster.<\/li>\n<li>Odli\u010dno se poda k modr\u010dkom Selene Noah, Chloe in Doris.<\/li>\n<\/ul>\n<p>\ud83d\udde3\ufe0f Nasvet: Tangice Selene 3125 so zasnovane tako, da vam dajejo lahek ob\u010dutek &quot;druge ko\u017ee&quot;: \u017eakardna teksturirana sprednja stran doda eleganten pridih, ne da bi pri tem \u017ertvovala mehkobo, zadnja stran pa ostane diskretna pod obla\u010dili.<\/p>\n<p>\ud83d\udccf Opomba: Pred nakupom izberite svojo obi\u010dajno velikost hla\u010dk. \u010ce ste vmes ali vam ni v\u0161e\u010d vidna \u010drta, izberite eno \u0161tevilko ve\u010djo za udobnej\u0161e prileganje. Za vsak slu\u010daj primerjajte velikost s svojimi hla\u010dkami, ki vam popolnoma ustrezajo, in \u010de je mogo\u010de, izmerite obseg bokov (na naj\u0161ir\u0161i to\u010dki).<\/p>\n<p>Sestava: poliamid 76%, elastan 13%, bomba\u017e 11%.<\/p>\n<p>\ud83d\udc8e Pika na i, zaradi katere bo va\u0161a obleka &quot;vau&quot;.<\/p>","protected":false},"excerpt":{"rendered":"<p>Tanga Selene 3125 de Creaciones Selene: una prenda elegante y c\u00f3moda, pensada para que te sientas ligera y favorecida todo el d\u00eda. Su dise\u00f1o estiliza la silueta y queda perfecto bajo la ropa, con un acabado bonito y femenino. El 3125 destaca por su tejido con textura tipo jacquard en la parte delantera, que le [&hellip;]<\/p>\n","protected":false},"featured_media":3547,"comment_status":"closed","ping_status":"closed","template":"","meta":{"content-type":""},"product_brand":[55],"product_cat":[19],"product_tag":[69,122],"class_list":{"0":"post-3530","1":"product","2":"type-product","3":"status-publish","4":"has-post-thumbnail","6":"product_brand-selene","7":"product_cat-braga","8":"product_tag-braga","9":"product_tag-tanga","11":"first","12":"instock","13":"taxable","14":"shipping-taxable","15":"purchasable","16":"product-type-variable"},"supplier_id":null,"supplier_sku":"","barcode":null,"atum_controlled":true,"out_stock_date":null,"out_stock_threshold":null,"inheritable":true,"inbound_stock":0,"stock_on_hold":0,"sold_today":0,"sales_last_days":0,"reserved_stock":0,"customer_returns":0,"warehouse_damage":0,"lost_in_post":0,"other_logs":0,"out_stock_days":null,"lost_sales":0,"has_location":false,"update_date":"2026-01-08T02:11:57","atum_locations":[],"atum_stock_status":"instock","restock_status":false,"low_stock_amount":"","sales_update_date":"2025-10-03T04:55:31","calc_backorders":null,"yoast_head":"<!-- This site is optimized with the Yoast SEO plugin v27.4 - https:\/\/yoast.com\/product\/yoast-seo-wordpress\/ -->\n<title>Tanga Selene 3125 - Rosana CL<\/title>\n<meta name=\"robots\" content=\"index, follow, max-snippet:-1, max-image-preview:large, max-video-preview:-1\" \/>\n<link rel=\"canonical\" href=\"https:\/\/rosanacl.com\/sl\/izdelek\/tanga-selene-3125\/\" \/>\n<meta property=\"og:locale\" content=\"sl_SI\" \/>\n<meta property=\"og:type\" content=\"article\" \/>\n<meta property=\"og:title\" content=\"Tanga Selene 3125 - Rosana CL\" \/>\n<meta property=\"og:description\" content=\"Tanga Selene 3125 de Creaciones Selene: una prenda elegante y c\u00f3moda, pensada para que te sientas ligera y favorecida todo el d\u00eda. Su dise\u00f1o estiliza la silueta y queda perfecto bajo la ropa, con un acabado bonito y femenino. El 3125 destaca por su tejido con textura tipo jacquard en la parte delantera, que le [&hellip;]\" \/>\n<meta property=\"og:url\" content=\"https:\/\/rosanacl.com\/sl\/izdelek\/tanga-selene-3125\/\" \/>\n<meta property=\"og:site_name\" content=\"Rosana CL\" \/>\n<meta property=\"article:modified_time\" content=\"2026-01-08T02:11:56+00:00\" \/>\n<meta property=\"og:image\" content=\"https:\/\/rosanacl.com\/wp-content\/uploads\/2025\/08\/1-10.png\" \/>\n\t<meta property=\"og:image:width\" content=\"1166\" \/>\n\t<meta property=\"og:image:height\" content=\"1333\" \/>\n\t<meta property=\"og:image:type\" content=\"image\/png\" \/>\n<meta name=\"twitter:card\" content=\"summary_large_image\" \/>\n<meta name=\"twitter:label1\" content=\"Est. reading time\" \/>\n\t<meta name=\"twitter:data1\" content=\"2 minuti\" \/>\n<script type=\"application\/ld+json\" class=\"yoast-schema-graph\">{\"@context\":\"https:\\\/\\\/schema.org\",\"@graph\":[{\"@type\":\"WebPage\",\"@id\":\"https:\\\/\\\/rosanacl.com\\\/producto\\\/tanga-selene-3125\\\/\",\"url\":\"https:\\\/\\\/rosanacl.com\\\/producto\\\/tanga-selene-3125\\\/\",\"name\":\"Tanga Selene 3125 - Rosana CL\",\"isPartOf\":{\"@id\":\"https:\\\/\\\/rosanacl.com\\\/ca\\\/#website\"},\"primaryImageOfPage\":{\"@id\":\"https:\\\/\\\/rosanacl.com\\\/producto\\\/tanga-selene-3125\\\/#primaryimage\"},\"image\":{\"@id\":\"https:\\\/\\\/rosanacl.com\\\/producto\\\/tanga-selene-3125\\\/#primaryimage\"},\"thumbnailUrl\":\"https:\\\/\\\/rosanacl.com\\\/wp-content\\\/uploads\\\/2025\\\/08\\\/1-10.png\",\"datePublished\":\"2025-08-19T07:50:26+00:00\",\"dateModified\":\"2026-01-08T02:11:56+00:00\",\"breadcrumb\":{\"@id\":\"https:\\\/\\\/rosanacl.com\\\/producto\\\/tanga-selene-3125\\\/#breadcrumb\"},\"inLanguage\":\"sl-SI\",\"potentialAction\":[{\"@type\":\"ReadAction\",\"target\":[\"https:\\\/\\\/rosanacl.com\\\/producto\\\/tanga-selene-3125\\\/\"]}]},{\"@type\":\"ImageObject\",\"inLanguage\":\"sl-SI\",\"@id\":\"https:\\\/\\\/rosanacl.com\\\/producto\\\/tanga-selene-3125\\\/#primaryimage\",\"url\":\"https:\\\/\\\/rosanacl.com\\\/wp-content\\\/uploads\\\/2025\\\/08\\\/1-10.png\",\"contentUrl\":\"https:\\\/\\\/rosanacl.com\\\/wp-content\\\/uploads\\\/2025\\\/08\\\/1-10.png\",\"width\":1166,\"height\":1333},{\"@type\":\"BreadcrumbList\",\"@id\":\"https:\\\/\\\/rosanacl.com\\\/producto\\\/tanga-selene-3125\\\/#breadcrumb\",\"itemListElement\":[{\"@type\":\"ListItem\",\"position\":1,\"name\":\"Portada\",\"item\":\"https:\\\/\\\/rosanacl.com\\\/ca\\\/\"},{\"@type\":\"ListItem\",\"position\":2,\"name\":\"Tienda\",\"item\":\"https:\\\/\\\/rosanacl.com\\\/ca\\\/tienda\\\/\"},{\"@type\":\"ListItem\",\"position\":3,\"name\":\"Tanga Selene 3125\"}]},{\"@type\":\"WebSite\",\"@id\":\"https:\\\/\\\/rosanacl.com\\\/ca\\\/#website\",\"url\":\"https:\\\/\\\/rosanacl.com\\\/ca\\\/\",\"name\":\"Rosana CL\",\"description\":\"Somos tu interior\",\"potentialAction\":[{\"@type\":\"SearchAction\",\"target\":{\"@type\":\"EntryPoint\",\"urlTemplate\":\"https:\\\/\\\/rosanacl.com\\\/ca\\\/?s={search_term_string}\"},\"query-input\":{\"@type\":\"PropertyValueSpecification\",\"valueRequired\":true,\"valueName\":\"search_term_string\"}}],\"inLanguage\":\"sl-SI\"}]}<\/script>\n<!-- \/ Yoast SEO plugin. -->","yoast_head_json":{"title":"Tanga Selene 3125 - Rosana CL","robots":{"index":"index","follow":"follow","max-snippet":"max-snippet:-1","max-image-preview":"max-image-preview:large","max-video-preview":"max-video-preview:-1"},"canonical":"https:\/\/rosanacl.com\/sl\/izdelek\/tanga-selene-3125\/","og_locale":"sl_SI","og_type":"article","og_title":"Tanga Selene 3125 - Rosana CL","og_description":"Tanga Selene 3125 de Creaciones Selene: una prenda elegante y c\u00f3moda, pensada para que te sientas ligera y favorecida todo el d\u00eda. Su dise\u00f1o estiliza la silueta y queda perfecto bajo la ropa, con un acabado bonito y femenino. El 3125 destaca por su tejido con textura tipo jacquard en la parte delantera, que le [&hellip;]","og_url":"https:\/\/rosanacl.com\/sl\/izdelek\/tanga-selene-3125\/","og_site_name":"Rosana CL","article_modified_time":"2026-01-08T02:11:56+00:00","og_image":[{"width":1166,"height":1333,"url":"https:\/\/rosanacl.com\/wp-content\/uploads\/2025\/08\/1-10.png","type":"image\/png"}],"twitter_card":"summary_large_image","twitter_misc":{"Est. reading time":"2 minuti"},"schema":{"@context":"https:\/\/schema.org","@graph":[{"@type":"WebPage","@id":"https:\/\/rosanacl.com\/producto\/tanga-selene-3125\/","url":"https:\/\/rosanacl.com\/producto\/tanga-selene-3125\/","name":"Tanga Selene 3125 - Rosana CL","isPartOf":{"@id":"https:\/\/rosanacl.com\/ca\/#website"},"primaryImageOfPage":{"@id":"https:\/\/rosanacl.com\/producto\/tanga-selene-3125\/#primaryimage"},"image":{"@id":"https:\/\/rosanacl.com\/producto\/tanga-selene-3125\/#primaryimage"},"thumbnailUrl":"https:\/\/rosanacl.com\/wp-content\/uploads\/2025\/08\/1-10.png","datePublished":"2025-08-19T07:50:26+00:00","dateModified":"2026-01-08T02:11:56+00:00","breadcrumb":{"@id":"https:\/\/rosanacl.com\/producto\/tanga-selene-3125\/#breadcrumb"},"inLanguage":"sl-SI","potentialAction":[{"@type":"ReadAction","target":["https:\/\/rosanacl.com\/producto\/tanga-selene-3125\/"]}]},{"@type":"ImageObject","inLanguage":"sl-SI","@id":"https:\/\/rosanacl.com\/producto\/tanga-selene-3125\/#primaryimage","url":"https:\/\/rosanacl.com\/wp-content\/uploads\/2025\/08\/1-10.png","contentUrl":"https:\/\/rosanacl.com\/wp-content\/uploads\/2025\/08\/1-10.png","width":1166,"height":1333},{"@type":"BreadcrumbList","@id":"https:\/\/rosanacl.com\/producto\/tanga-selene-3125\/#breadcrumb","itemListElement":[{"@type":"ListItem","position":1,"name":"Portada","item":"https:\/\/rosanacl.com\/ca\/"},{"@type":"ListItem","position":2,"name":"Tienda","item":"https:\/\/rosanacl.com\/ca\/tienda\/"},{"@type":"ListItem","position":3,"name":"Tanga Selene 3125"}]},{"@type":"WebSite","@id":"https:\/\/rosanacl.com\/ca\/#website","url":"https:\/\/rosanacl.com\/ca\/","name":"Rosana CL","description":"Mi smo tvoj notranji jaz","potentialAction":[{"@type":"SearchAction","target":{"@type":"EntryPoint","urlTemplate":"https:\/\/rosanacl.com\/ca\/?s={search_term_string}"},"query-input":{"@type":"PropertyValueSpecification","valueRequired":true,"valueName":"search_term_string"}}],"inLanguage":"sl-SI"}]}},"_links":{"self":[{"href":"https:\/\/rosanacl.com\/sl\/wp-json\/wp\/v2\/product\/3530","targetHints":{"allow":["GET"]}}],"collection":[{"href":"https:\/\/rosanacl.com\/sl\/wp-json\/wp\/v2\/product"}],"about":[{"href":"https:\/\/rosanacl.com\/sl\/wp-json\/wp\/v2\/types\/product"}],"replies":[{"embeddable":true,"href":"https:\/\/rosanacl.com\/sl\/wp-json\/wp\/v2\/comments?post=3530"}],"version-history":[{"count":5,"href":"https:\/\/rosanacl.com\/sl\/wp-json\/wp\/v2\/product\/3530\/revisions"}],"predecessor-version":[{"id":4637,"href":"https:\/\/rosanacl.com\/sl\/wp-json\/wp\/v2\/product\/3530\/revisions\/4637"}],"wp:featuredmedia":[{"embeddable":true,"href":"https:\/\/rosanacl.com\/sl\/wp-json\/wp\/v2\/media\/3547"}],"wp:attachment":[{"href":"https:\/\/rosanacl.com\/sl\/wp-json\/wp\/v2\/media?parent=3530"}],"wp:term":[{"taxonomy":"product_brand","embeddable":true,"href":"https:\/\/rosanacl.com\/sl\/wp-json\/wp\/v2\/product_brand?post=3530"},{"taxonomy":"product_cat","embeddable":true,"href":"https:\/\/rosanacl.com\/sl\/wp-json\/wp\/v2\/product_cat?post=3530"},{"taxonomy":"product_tag","embeddable":true,"href":"https:\/\/rosanacl.com\/sl\/wp-json\/wp\/v2\/product_tag?post=3530"}],"curies":[{"name":"wp","href":"https:\/\/api.w.org\/{rel}","templated":true}]}}