{"id":702,"date":"2025-04-29T19:44:59","date_gmt":"2025-04-29T17:44:59","guid":{"rendered":"https:\/\/rosanacl.com\/?post_type=product&#038;p=702"},"modified":"2026-01-07T21:19:50","modified_gmt":"2026-01-07T20:19:50","slug":"sujetador-modelo-betty","status":"publish","type":"product","link":"https:\/\/rosanacl.com\/sl\/izdelek\/sujetador-modelo-betty\/","title":{"rendered":"Selene Betty Bra"},"content":{"rendered":"<p>Modr\u010dek Selene Betty je zasnovan za tiste dni, ko \u017eelite izgledati brezhibno v oprijetih obla\u010dilih, a brez \u017ertvovanja udobja. Je brez \u017eice in nepodlo\u017een, z obliko, ki vizualno gladi in zagotavlja naravno oporo, ki se od prvega trenutka zdi stabilna, kar vam omogo\u010da prosto gibanje.<\/p>\n<p>Betty je posebna zaradi svoje konstrukcije: prepletajo\u010de se plasti tila in lasersko rezanje skupaj skrivajo in zmanj\u0161ujejo nepravilnosti ob straneh in pod pazduhami, kar ima za posledico \u010distej\u0161i videz pod majicami, oblekami ali drugimi ob\u010dutljivimi obla\u010dili. Rezultat: bolj elegantna silhueta, gladek kroj in bolj laskav videz ... ne da bi kdorkoli opazil &quot;trik&quot;.<\/p>\n<p>Podrobnosti, ki vam bodo v\u0161e\u010d pri Betty<\/p>\n<ul>\n<li>Brez \u017eice: pravo udobje, brez pritiska.<\/li>\n<li>Brez polnila: naravna in lahka oblika.<\/li>\n<li>Prekri\u017ean til: \u010dvrst prileg in bolj nabran u\u010dinek.<\/li>\n<li>Lasersko rezanje: \u010distej\u0161i in bolj diskreten zaklju\u010dek pod obla\u010dili.<\/li>\n<li>Pokritost ob straneh in pod pazduho: vizualno zgladi in stilizira postavo.<\/li>\n<\/ul>\n<p>\ud83d\udde3\ufe0f Nasvet: Betty je eno tistih obla\u010dil, ki brez napora &quot;oblikuje&quot; va\u0161o silhueto: oble\u010dete ga in ob\u010dutite bolj eleganten pas, bolj gladke stranice ter spro\u0161\u010deno udobje brez pritiska. Idealno za dni, ko nosite oprijeta obla\u010dila in \u017eelite izgledati brezhibno ... a se hkrati gibati s popolno svobodo gibanja.<\/p>\n<p>\ud83d\udccf Opomba: Za popolno prileganje je tukaj kratek vodnik: \u010de imate raje oprijet, bolj eleganten kroj, izberite svojo obi\u010dajno velikost; \u010de ste vmes ali imate raje mehkej\u0161i kroj okoli prsi\/pod pazduhami, izberite eno \u0161tevilko ve\u010djo. In \u010de niste prepri\u010dani, izmerite obseg pod prsmi in ga primerjajte s tabelo velikosti, preden se odlo\u010dite.<\/p>\n<p>Sestava: 85% poliamid \/ 15% elastan.<\/p>\n<p>\ud83e\udde9 Popolnoma se prilega tam, kjer drugi odpovejo: ob straneh in pod pazduhami, pod nadzorom.<\/p>","protected":false},"excerpt":{"rendered":"<p>El sujetador Selene modelo Betty est\u00e1 pensado para esos d\u00edas en los que quieres verte impecable con ropa ajustada, pero sin renunciar a ir c\u00f3moda. Es sin aros y sin relleno, con un dise\u00f1o que alisa visualmente y aporta una sujeci\u00f3n natural, de las que se sienten estables desde el primer momento y te permiten [&hellip;]<\/p>\n","protected":false},"featured_media":2539,"comment_status":"open","ping_status":"closed","template":"","meta":{"content-type":""},"product_brand":[55],"product_cat":[105,25,20],"product_tag":[56,60],"class_list":{"0":"post-702","1":"product","2":"type-product","3":"status-publish","4":"has-post-thumbnail","6":"product_brand-selene","7":"product_cat-betty","8":"product_cat-sin-aros","9":"product_cat-sujetador","10":"product_tag-sujetador","11":"product_tag-sujetador-sin-aros","13":"first","14":"instock","15":"taxable","16":"shipping-taxable","17":"purchasable","18":"product-type-variable"},"supplier_id":null,"supplier_sku":"","barcode":null,"atum_controlled":true,"out_stock_date":null,"out_stock_threshold":null,"inheritable":true,"inbound_stock":null,"stock_on_hold":0,"sold_today":0,"sales_last_days":0,"reserved_stock":null,"customer_returns":null,"warehouse_damage":null,"lost_in_post":null,"other_logs":null,"out_stock_days":0,"lost_sales":0,"has_location":false,"update_date":"2026-01-07T20:19:51","atum_locations":[],"atum_stock_status":"instock","restock_status":false,"low_stock_amount":"","sales_update_date":"2025-08-19T02:35:53","calc_backorders":null,"yoast_head":"<!-- This site is optimized with the Yoast SEO plugin v27.4 - https:\/\/yoast.com\/product\/yoast-seo-wordpress\/ -->\n<title>Sujetador Selene Betty - Rosana CL<\/title>\n<meta name=\"robots\" content=\"index, follow, max-snippet:-1, max-image-preview:large, max-video-preview:-1\" \/>\n<link rel=\"canonical\" href=\"https:\/\/rosanacl.com\/sl\/izdelek\/sujetador-modelo-betty\/\" \/>\n<meta property=\"og:locale\" content=\"sl_SI\" \/>\n<meta property=\"og:type\" content=\"article\" \/>\n<meta property=\"og:title\" content=\"Sujetador Selene Betty - Rosana CL\" \/>\n<meta property=\"og:description\" content=\"El sujetador Selene modelo Betty est\u00e1 pensado para esos d\u00edas en los que quieres verte impecable con ropa ajustada, pero sin renunciar a ir c\u00f3moda. Es sin aros y sin relleno, con un dise\u00f1o que alisa visualmente y aporta una sujeci\u00f3n natural, de las que se sienten estables desde el primer momento y te permiten [&hellip;]\" \/>\n<meta property=\"og:url\" content=\"https:\/\/rosanacl.com\/sl\/izdelek\/sujetador-modelo-betty\/\" \/>\n<meta property=\"og:site_name\" content=\"Rosana CL\" \/>\n<meta property=\"article:modified_time\" content=\"2026-01-07T20:19:50+00:00\" \/>\n<meta property=\"og:image\" content=\"https:\/\/rosanacl.com\/wp-content\/uploads\/2025\/04\/sujetadorbetty-e1756816663162.jpg\" \/>\n\t<meta property=\"og:image:width\" content=\"833\" \/>\n\t<meta property=\"og:image:height\" content=\"1086\" \/>\n\t<meta property=\"og:image:type\" content=\"image\/jpeg\" \/>\n<meta name=\"twitter:card\" content=\"summary_large_image\" \/>\n<meta name=\"twitter:label1\" content=\"Est. reading time\" \/>\n\t<meta name=\"twitter:data1\" content=\"2 minuti\" \/>\n<script type=\"application\/ld+json\" class=\"yoast-schema-graph\">{\"@context\":\"https:\\\/\\\/schema.org\",\"@graph\":[{\"@type\":\"WebPage\",\"@id\":\"https:\\\/\\\/rosanacl.com\\\/producto\\\/sujetador-modelo-betty\\\/\",\"url\":\"https:\\\/\\\/rosanacl.com\\\/producto\\\/sujetador-modelo-betty\\\/\",\"name\":\"Sujetador Selene Betty - Rosana CL\",\"isPartOf\":{\"@id\":\"https:\\\/\\\/rosanacl.com\\\/ca\\\/#website\"},\"primaryImageOfPage\":{\"@id\":\"https:\\\/\\\/rosanacl.com\\\/producto\\\/sujetador-modelo-betty\\\/#primaryimage\"},\"image\":{\"@id\":\"https:\\\/\\\/rosanacl.com\\\/producto\\\/sujetador-modelo-betty\\\/#primaryimage\"},\"thumbnailUrl\":\"https:\\\/\\\/rosanacl.com\\\/wp-content\\\/uploads\\\/2025\\\/04\\\/sujetadorbetty-e1756816663162.jpg\",\"datePublished\":\"2025-04-29T17:44:59+00:00\",\"dateModified\":\"2026-01-07T20:19:50+00:00\",\"breadcrumb\":{\"@id\":\"https:\\\/\\\/rosanacl.com\\\/producto\\\/sujetador-modelo-betty\\\/#breadcrumb\"},\"inLanguage\":\"sl-SI\",\"potentialAction\":[{\"@type\":\"ReadAction\",\"target\":[\"https:\\\/\\\/rosanacl.com\\\/producto\\\/sujetador-modelo-betty\\\/\"]}]},{\"@type\":\"ImageObject\",\"inLanguage\":\"sl-SI\",\"@id\":\"https:\\\/\\\/rosanacl.com\\\/producto\\\/sujetador-modelo-betty\\\/#primaryimage\",\"url\":\"https:\\\/\\\/rosanacl.com\\\/wp-content\\\/uploads\\\/2025\\\/04\\\/sujetadorbetty-e1756816663162.jpg\",\"contentUrl\":\"https:\\\/\\\/rosanacl.com\\\/wp-content\\\/uploads\\\/2025\\\/04\\\/sujetadorbetty-e1756816663162.jpg\",\"width\":833,\"height\":1086},{\"@type\":\"BreadcrumbList\",\"@id\":\"https:\\\/\\\/rosanacl.com\\\/producto\\\/sujetador-modelo-betty\\\/#breadcrumb\",\"itemListElement\":[{\"@type\":\"ListItem\",\"position\":1,\"name\":\"Portada\",\"item\":\"https:\\\/\\\/rosanacl.com\\\/ca\\\/\"},{\"@type\":\"ListItem\",\"position\":2,\"name\":\"Tienda\",\"item\":\"https:\\\/\\\/rosanacl.com\\\/ca\\\/tienda\\\/\"},{\"@type\":\"ListItem\",\"position\":3,\"name\":\"Sujetador Selene Betty\"}]},{\"@type\":\"WebSite\",\"@id\":\"https:\\\/\\\/rosanacl.com\\\/ca\\\/#website\",\"url\":\"https:\\\/\\\/rosanacl.com\\\/ca\\\/\",\"name\":\"Rosana CL\",\"description\":\"Somos tu interior\",\"potentialAction\":[{\"@type\":\"SearchAction\",\"target\":{\"@type\":\"EntryPoint\",\"urlTemplate\":\"https:\\\/\\\/rosanacl.com\\\/ca\\\/?s={search_term_string}\"},\"query-input\":{\"@type\":\"PropertyValueSpecification\",\"valueRequired\":true,\"valueName\":\"search_term_string\"}}],\"inLanguage\":\"sl-SI\"}]}<\/script>\n<!-- \/ Yoast SEO plugin. -->","yoast_head_json":{"title":"Sujetador Selene Betty - Rosana CL","robots":{"index":"index","follow":"follow","max-snippet":"max-snippet:-1","max-image-preview":"max-image-preview:large","max-video-preview":"max-video-preview:-1"},"canonical":"https:\/\/rosanacl.com\/sl\/izdelek\/sujetador-modelo-betty\/","og_locale":"sl_SI","og_type":"article","og_title":"Sujetador Selene Betty - Rosana CL","og_description":"El sujetador Selene modelo Betty est\u00e1 pensado para esos d\u00edas en los que quieres verte impecable con ropa ajustada, pero sin renunciar a ir c\u00f3moda. Es sin aros y sin relleno, con un dise\u00f1o que alisa visualmente y aporta una sujeci\u00f3n natural, de las que se sienten estables desde el primer momento y te permiten [&hellip;]","og_url":"https:\/\/rosanacl.com\/sl\/izdelek\/sujetador-modelo-betty\/","og_site_name":"Rosana CL","article_modified_time":"2026-01-07T20:19:50+00:00","og_image":[{"width":833,"height":1086,"url":"https:\/\/rosanacl.com\/wp-content\/uploads\/2025\/04\/sujetadorbetty-e1756816663162.jpg","type":"image\/jpeg"}],"twitter_card":"summary_large_image","twitter_misc":{"Est. reading time":"2 minuti"},"schema":{"@context":"https:\/\/schema.org","@graph":[{"@type":"WebPage","@id":"https:\/\/rosanacl.com\/producto\/sujetador-modelo-betty\/","url":"https:\/\/rosanacl.com\/producto\/sujetador-modelo-betty\/","name":"Sujetador Selene Betty - Rosana CL","isPartOf":{"@id":"https:\/\/rosanacl.com\/ca\/#website"},"primaryImageOfPage":{"@id":"https:\/\/rosanacl.com\/producto\/sujetador-modelo-betty\/#primaryimage"},"image":{"@id":"https:\/\/rosanacl.com\/producto\/sujetador-modelo-betty\/#primaryimage"},"thumbnailUrl":"https:\/\/rosanacl.com\/wp-content\/uploads\/2025\/04\/sujetadorbetty-e1756816663162.jpg","datePublished":"2025-04-29T17:44:59+00:00","dateModified":"2026-01-07T20:19:50+00:00","breadcrumb":{"@id":"https:\/\/rosanacl.com\/producto\/sujetador-modelo-betty\/#breadcrumb"},"inLanguage":"sl-SI","potentialAction":[{"@type":"ReadAction","target":["https:\/\/rosanacl.com\/producto\/sujetador-modelo-betty\/"]}]},{"@type":"ImageObject","inLanguage":"sl-SI","@id":"https:\/\/rosanacl.com\/producto\/sujetador-modelo-betty\/#primaryimage","url":"https:\/\/rosanacl.com\/wp-content\/uploads\/2025\/04\/sujetadorbetty-e1756816663162.jpg","contentUrl":"https:\/\/rosanacl.com\/wp-content\/uploads\/2025\/04\/sujetadorbetty-e1756816663162.jpg","width":833,"height":1086},{"@type":"BreadcrumbList","@id":"https:\/\/rosanacl.com\/producto\/sujetador-modelo-betty\/#breadcrumb","itemListElement":[{"@type":"ListItem","position":1,"name":"Portada","item":"https:\/\/rosanacl.com\/ca\/"},{"@type":"ListItem","position":2,"name":"Tienda","item":"https:\/\/rosanacl.com\/ca\/tienda\/"},{"@type":"ListItem","position":3,"name":"Sujetador Selene Betty"}]},{"@type":"WebSite","@id":"https:\/\/rosanacl.com\/ca\/#website","url":"https:\/\/rosanacl.com\/ca\/","name":"Rosana CL","description":"Mi smo tvoj notranji jaz","potentialAction":[{"@type":"SearchAction","target":{"@type":"EntryPoint","urlTemplate":"https:\/\/rosanacl.com\/ca\/?s={search_term_string}"},"query-input":{"@type":"PropertyValueSpecification","valueRequired":true,"valueName":"search_term_string"}}],"inLanguage":"sl-SI"}]}},"_links":{"self":[{"href":"https:\/\/rosanacl.com\/sl\/wp-json\/wp\/v2\/product\/702","targetHints":{"allow":["GET"]}}],"collection":[{"href":"https:\/\/rosanacl.com\/sl\/wp-json\/wp\/v2\/product"}],"about":[{"href":"https:\/\/rosanacl.com\/sl\/wp-json\/wp\/v2\/types\/product"}],"replies":[{"embeddable":true,"href":"https:\/\/rosanacl.com\/sl\/wp-json\/wp\/v2\/comments?post=702"}],"version-history":[{"count":5,"href":"https:\/\/rosanacl.com\/sl\/wp-json\/wp\/v2\/product\/702\/revisions"}],"predecessor-version":[{"id":4617,"href":"https:\/\/rosanacl.com\/sl\/wp-json\/wp\/v2\/product\/702\/revisions\/4617"}],"wp:featuredmedia":[{"embeddable":true,"href":"https:\/\/rosanacl.com\/sl\/wp-json\/wp\/v2\/media\/2539"}],"wp:attachment":[{"href":"https:\/\/rosanacl.com\/sl\/wp-json\/wp\/v2\/media?parent=702"}],"wp:term":[{"taxonomy":"product_brand","embeddable":true,"href":"https:\/\/rosanacl.com\/sl\/wp-json\/wp\/v2\/product_brand?post=702"},{"taxonomy":"product_cat","embeddable":true,"href":"https:\/\/rosanacl.com\/sl\/wp-json\/wp\/v2\/product_cat?post=702"},{"taxonomy":"product_tag","embeddable":true,"href":"https:\/\/rosanacl.com\/sl\/wp-json\/wp\/v2\/product_tag?post=702"}],"curies":[{"name":"wp","href":"https:\/\/api.w.org\/{rel}","templated":true}]}}