{"id":809,"date":"2025-04-29T20:02:47","date_gmt":"2025-04-29T18:02:47","guid":{"rendered":"https:\/\/rosanacl.com\/?post_type=product&#038;p=809"},"modified":"2026-04-15T15:03:39","modified_gmt":"2026-04-15T13:03:39","slug":"sujetador-modelo-marivi","status":"publish","type":"product","link":"https:\/\/rosanacl.com\/sl\/izdelek\/sujetador-modelo-marivi\/","title":{"rendered":"Selene Mariv\u00ed Bra"},"content":{"rendered":"<p>Modr\u010dek Selene Mariv\u00ed je zasnovan za tiste dni, ko se \u017eelite po\u010dutiti udobno, laskavo in imeti \u010dudovit dekolte brez kakr\u0161nih koli te\u017eav. Gre za modr\u010dek brez kosti in brez podloge z ne\u017enim V-izrezom, ki laska in izgleda naravno pod obla\u010dili, zato je popoln za ve\u010durno no\u0161enje brez ob\u010dutka pritiska.<\/p>\n<p>Vzor\u010dana tkanina mu daje poseben pridih elegantnega videza (brez da bi bil pretiran), \u0161ir\u0161i stranski trakovi pa pomagajo ustvariti bolj enakomerno prileganje in bolj eleganten videz. Idealna izbira, \u010de i\u0161\u010dete udobno in \u017eenstveno spodnje perilo z dobro oporo in \u010distim videzom za vsakodnevno no\u0161enje.<\/p>\n<p>Ideja o tem, kaj boste opazili, ko si ga boste nadeli<\/p>\n<ul>\n<li>Brez \u017eice: resni\u010dno udobje, brez made\u017eev ali pritiska.<\/li>\n<li>Brez polnila: naravna, lepa in lahka oblika.<\/li>\n<li>V-izrez: laskav in se odli\u010dno poda k majicam in bluzam.<\/li>\n<li>\u0160iroki stranski trakovi: bolj enakomerno prileganje in bolj uglajen u\u010dinek.<\/li>\n<li>Ujemajo\u010de se hla\u010dke 3123 za popoln komplet.<\/li>\n<\/ul>\n<p>\ud83d\udde3\ufe0f Nasvet: Mariv\u00ed je eden tistih modr\u010dkov, ki jih pozabite, da jih nosite: lahek ob\u010dutek, ni\u010d &quot;pritiska&quot; in V-izrez, ki vam pusti \u010dudovit in naraven ob\u010dutek v prsih, kot da je vse na svojem mestu brez napora.<\/p>\n<p>\ud83d\udccf Opomba: \u010ce ste med dvema velikostma in i\u0161\u010dete bolj &quot;oprijeto&quot; prileganje, izberite manj\u0161o; \u010de pa \u017eelite ve\u010dje udobje za ve\u010durno no\u0161enje, izberite ve\u010djo.<\/p>\n<p>Sestava: 82% poliamid 18% elastan.<\/p>\n<p>\ud83c\udfac Tista obleka, ki izgleda le\u017eerno ... pa ni. To je rde\u010da preproga.<\/p>\n<div id=\"v1ms-outlook-mobile-body-separator-line\" dir=\"auto\"><\/div>","protected":false},"excerpt":{"rendered":"<p>El sujetador Selene modelo Mariv\u00ed est\u00e1 pensado para esos d\u00edas en los que quieres ir c\u00f3moda, favorecida y con un escote bonito, sin complicarte. Es un modelo sin aros y sin relleno, con un escote en V sutil que estiliza y queda muy natural bajo la ropa, perfecto para llevarlo muchas horas sin notar presi\u00f3n. [&hellip;]<\/p>\n","protected":false},"featured_media":1453,"comment_status":"open","ping_status":"closed","template":"","meta":{"content-type":""},"product_brand":[55],"product_cat":[104,25,20],"product_tag":[56,60],"class_list":{"0":"post-809","1":"product","2":"type-product","3":"status-publish","4":"has-post-thumbnail","6":"product_brand-selene","7":"product_cat-marivi","8":"product_cat-sin-aros","9":"product_cat-sujetador","10":"product_tag-sujetador","11":"product_tag-sujetador-sin-aros","13":"first","14":"instock","15":"taxable","16":"shipping-taxable","17":"purchasable","18":"product-type-variable"},"supplier_id":null,"supplier_sku":"","barcode":null,"atum_controlled":true,"out_stock_date":null,"out_stock_threshold":null,"inheritable":true,"inbound_stock":null,"stock_on_hold":1,"sold_today":1,"sales_last_days":1,"reserved_stock":null,"customer_returns":null,"warehouse_damage":null,"lost_in_post":null,"other_logs":null,"out_stock_days":0,"lost_sales":0,"has_location":false,"update_date":"2026-04-15T13:03:42","atum_locations":[],"atum_stock_status":"instock","restock_status":false,"low_stock_amount":"","sales_update_date":"2025-08-19T02:35:53","calc_backorders":null,"yoast_head":"<!-- This site is optimized with the Yoast SEO plugin v27.4 - https:\/\/yoast.com\/product\/yoast-seo-wordpress\/ -->\n<title>Sujetador Selene Mariv\u00ed - Rosana CL<\/title>\n<meta name=\"robots\" content=\"index, follow, max-snippet:-1, max-image-preview:large, max-video-preview:-1\" \/>\n<link rel=\"canonical\" href=\"https:\/\/rosanacl.com\/sl\/izdelek\/sujetador-modelo-marivi\/\" \/>\n<meta property=\"og:locale\" content=\"sl_SI\" \/>\n<meta property=\"og:type\" content=\"article\" \/>\n<meta property=\"og:title\" content=\"Sujetador Selene Mariv\u00ed - Rosana CL\" \/>\n<meta property=\"og:description\" content=\"El sujetador Selene modelo Mariv\u00ed est\u00e1 pensado para esos d\u00edas en los que quieres ir c\u00f3moda, favorecida y con un escote bonito, sin complicarte. Es un modelo sin aros y sin relleno, con un escote en V sutil que estiliza y queda muy natural bajo la ropa, perfecto para llevarlo muchas horas sin notar presi\u00f3n. [&hellip;]\" \/>\n<meta property=\"og:url\" content=\"https:\/\/rosanacl.com\/sl\/izdelek\/sujetador-modelo-marivi\/\" \/>\n<meta property=\"og:site_name\" content=\"Rosana CL\" \/>\n<meta property=\"article:modified_time\" content=\"2026-04-15T13:03:39+00:00\" \/>\n<meta property=\"og:image\" content=\"https:\/\/rosanacl.com\/wp-content\/uploads\/2025\/04\/Sujetador-modelo-Marivi-000001.webp\" \/>\n\t<meta property=\"og:image:width\" content=\"1000\" \/>\n\t<meta property=\"og:image:height\" content=\"1000\" \/>\n\t<meta property=\"og:image:type\" content=\"image\/webp\" \/>\n<meta name=\"twitter:card\" content=\"summary_large_image\" \/>\n<meta name=\"twitter:label1\" content=\"Est. reading time\" \/>\n\t<meta name=\"twitter:data1\" content=\"2 minuti\" \/>\n<script type=\"application\/ld+json\" class=\"yoast-schema-graph\">{\"@context\":\"https:\\\/\\\/schema.org\",\"@graph\":[{\"@type\":\"WebPage\",\"@id\":\"https:\\\/\\\/rosanacl.com\\\/producto\\\/sujetador-modelo-marivi\\\/\",\"url\":\"https:\\\/\\\/rosanacl.com\\\/producto\\\/sujetador-modelo-marivi\\\/\",\"name\":\"Sujetador Selene Mariv\u00ed - Rosana CL\",\"isPartOf\":{\"@id\":\"https:\\\/\\\/rosanacl.com\\\/ca\\\/#website\"},\"primaryImageOfPage\":{\"@id\":\"https:\\\/\\\/rosanacl.com\\\/producto\\\/sujetador-modelo-marivi\\\/#primaryimage\"},\"image\":{\"@id\":\"https:\\\/\\\/rosanacl.com\\\/producto\\\/sujetador-modelo-marivi\\\/#primaryimage\"},\"thumbnailUrl\":\"https:\\\/\\\/rosanacl.com\\\/wp-content\\\/uploads\\\/2025\\\/04\\\/Sujetador-modelo-Marivi-000001.webp\",\"datePublished\":\"2025-04-29T18:02:47+00:00\",\"dateModified\":\"2026-04-15T13:03:39+00:00\",\"breadcrumb\":{\"@id\":\"https:\\\/\\\/rosanacl.com\\\/producto\\\/sujetador-modelo-marivi\\\/#breadcrumb\"},\"inLanguage\":\"sl-SI\",\"potentialAction\":[{\"@type\":\"ReadAction\",\"target\":[\"https:\\\/\\\/rosanacl.com\\\/producto\\\/sujetador-modelo-marivi\\\/\"]}]},{\"@type\":\"ImageObject\",\"inLanguage\":\"sl-SI\",\"@id\":\"https:\\\/\\\/rosanacl.com\\\/producto\\\/sujetador-modelo-marivi\\\/#primaryimage\",\"url\":\"https:\\\/\\\/rosanacl.com\\\/wp-content\\\/uploads\\\/2025\\\/04\\\/Sujetador-modelo-Marivi-000001.webp\",\"contentUrl\":\"https:\\\/\\\/rosanacl.com\\\/wp-content\\\/uploads\\\/2025\\\/04\\\/Sujetador-modelo-Marivi-000001.webp\",\"width\":1000,\"height\":1000},{\"@type\":\"BreadcrumbList\",\"@id\":\"https:\\\/\\\/rosanacl.com\\\/producto\\\/sujetador-modelo-marivi\\\/#breadcrumb\",\"itemListElement\":[{\"@type\":\"ListItem\",\"position\":1,\"name\":\"Portada\",\"item\":\"https:\\\/\\\/rosanacl.com\\\/ca\\\/\"},{\"@type\":\"ListItem\",\"position\":2,\"name\":\"Tienda\",\"item\":\"https:\\\/\\\/rosanacl.com\\\/ca\\\/tienda\\\/\"},{\"@type\":\"ListItem\",\"position\":3,\"name\":\"Sujetador Selene Mariv\u00ed\"}]},{\"@type\":\"WebSite\",\"@id\":\"https:\\\/\\\/rosanacl.com\\\/ca\\\/#website\",\"url\":\"https:\\\/\\\/rosanacl.com\\\/ca\\\/\",\"name\":\"Rosana CL\",\"description\":\"Somos tu interior\",\"potentialAction\":[{\"@type\":\"SearchAction\",\"target\":{\"@type\":\"EntryPoint\",\"urlTemplate\":\"https:\\\/\\\/rosanacl.com\\\/ca\\\/?s={search_term_string}\"},\"query-input\":{\"@type\":\"PropertyValueSpecification\",\"valueRequired\":true,\"valueName\":\"search_term_string\"}}],\"inLanguage\":\"sl-SI\"}]}<\/script>\n<!-- \/ Yoast SEO plugin. -->","yoast_head_json":{"title":"Sujetador Selene Mariv\u00ed - Rosana CL","robots":{"index":"index","follow":"follow","max-snippet":"max-snippet:-1","max-image-preview":"max-image-preview:large","max-video-preview":"max-video-preview:-1"},"canonical":"https:\/\/rosanacl.com\/sl\/izdelek\/sujetador-modelo-marivi\/","og_locale":"sl_SI","og_type":"article","og_title":"Sujetador Selene Mariv\u00ed - Rosana CL","og_description":"El sujetador Selene modelo Mariv\u00ed est\u00e1 pensado para esos d\u00edas en los que quieres ir c\u00f3moda, favorecida y con un escote bonito, sin complicarte. Es un modelo sin aros y sin relleno, con un escote en V sutil que estiliza y queda muy natural bajo la ropa, perfecto para llevarlo muchas horas sin notar presi\u00f3n. [&hellip;]","og_url":"https:\/\/rosanacl.com\/sl\/izdelek\/sujetador-modelo-marivi\/","og_site_name":"Rosana CL","article_modified_time":"2026-04-15T13:03:39+00:00","og_image":[{"width":1000,"height":1000,"url":"https:\/\/rosanacl.com\/wp-content\/uploads\/2025\/04\/Sujetador-modelo-Marivi-000001.webp","type":"image\/webp"}],"twitter_card":"summary_large_image","twitter_misc":{"Est. reading time":"2 minuti"},"schema":{"@context":"https:\/\/schema.org","@graph":[{"@type":"WebPage","@id":"https:\/\/rosanacl.com\/producto\/sujetador-modelo-marivi\/","url":"https:\/\/rosanacl.com\/producto\/sujetador-modelo-marivi\/","name":"Sujetador Selene Mariv\u00ed - Rosana CL","isPartOf":{"@id":"https:\/\/rosanacl.com\/ca\/#website"},"primaryImageOfPage":{"@id":"https:\/\/rosanacl.com\/producto\/sujetador-modelo-marivi\/#primaryimage"},"image":{"@id":"https:\/\/rosanacl.com\/producto\/sujetador-modelo-marivi\/#primaryimage"},"thumbnailUrl":"https:\/\/rosanacl.com\/wp-content\/uploads\/2025\/04\/Sujetador-modelo-Marivi-000001.webp","datePublished":"2025-04-29T18:02:47+00:00","dateModified":"2026-04-15T13:03:39+00:00","breadcrumb":{"@id":"https:\/\/rosanacl.com\/producto\/sujetador-modelo-marivi\/#breadcrumb"},"inLanguage":"sl-SI","potentialAction":[{"@type":"ReadAction","target":["https:\/\/rosanacl.com\/producto\/sujetador-modelo-marivi\/"]}]},{"@type":"ImageObject","inLanguage":"sl-SI","@id":"https:\/\/rosanacl.com\/producto\/sujetador-modelo-marivi\/#primaryimage","url":"https:\/\/rosanacl.com\/wp-content\/uploads\/2025\/04\/Sujetador-modelo-Marivi-000001.webp","contentUrl":"https:\/\/rosanacl.com\/wp-content\/uploads\/2025\/04\/Sujetador-modelo-Marivi-000001.webp","width":1000,"height":1000},{"@type":"BreadcrumbList","@id":"https:\/\/rosanacl.com\/producto\/sujetador-modelo-marivi\/#breadcrumb","itemListElement":[{"@type":"ListItem","position":1,"name":"Portada","item":"https:\/\/rosanacl.com\/ca\/"},{"@type":"ListItem","position":2,"name":"Tienda","item":"https:\/\/rosanacl.com\/ca\/tienda\/"},{"@type":"ListItem","position":3,"name":"Sujetador Selene Mariv\u00ed"}]},{"@type":"WebSite","@id":"https:\/\/rosanacl.com\/ca\/#website","url":"https:\/\/rosanacl.com\/ca\/","name":"Rosana CL","description":"Mi smo tvoj notranji jaz","potentialAction":[{"@type":"SearchAction","target":{"@type":"EntryPoint","urlTemplate":"https:\/\/rosanacl.com\/ca\/?s={search_term_string}"},"query-input":{"@type":"PropertyValueSpecification","valueRequired":true,"valueName":"search_term_string"}}],"inLanguage":"sl-SI"}]}},"_links":{"self":[{"href":"https:\/\/rosanacl.com\/sl\/wp-json\/wp\/v2\/product\/809","targetHints":{"allow":["GET"]}}],"collection":[{"href":"https:\/\/rosanacl.com\/sl\/wp-json\/wp\/v2\/product"}],"about":[{"href":"https:\/\/rosanacl.com\/sl\/wp-json\/wp\/v2\/types\/product"}],"replies":[{"embeddable":true,"href":"https:\/\/rosanacl.com\/sl\/wp-json\/wp\/v2\/comments?post=809"}],"version-history":[{"count":5,"href":"https:\/\/rosanacl.com\/sl\/wp-json\/wp\/v2\/product\/809\/revisions"}],"predecessor-version":[{"id":4615,"href":"https:\/\/rosanacl.com\/sl\/wp-json\/wp\/v2\/product\/809\/revisions\/4615"}],"wp:featuredmedia":[{"embeddable":true,"href":"https:\/\/rosanacl.com\/sl\/wp-json\/wp\/v2\/media\/1453"}],"wp:attachment":[{"href":"https:\/\/rosanacl.com\/sl\/wp-json\/wp\/v2\/media?parent=809"}],"wp:term":[{"taxonomy":"product_brand","embeddable":true,"href":"https:\/\/rosanacl.com\/sl\/wp-json\/wp\/v2\/product_brand?post=809"},{"taxonomy":"product_cat","embeddable":true,"href":"https:\/\/rosanacl.com\/sl\/wp-json\/wp\/v2\/product_cat?post=809"},{"taxonomy":"product_tag","embeddable":true,"href":"https:\/\/rosanacl.com\/sl\/wp-json\/wp\/v2\/product_tag?post=809"}],"curies":[{"name":"wp","href":"https:\/\/api.w.org\/{rel}","templated":true}]}}