{"id":16,"date":"2025-03-28T15:59:16","date_gmt":"2025-03-28T18:59:16","guid":{"rendered":"https:\/\/innovacon.simplificandotuweb.com\/?page_id=16"},"modified":"2025-07-09T08:54:15","modified_gmt":"2025-07-09T06:54:15","slug":"politica-de-cookies","status":"publish","type":"page","link":"https:\/\/rosanacl.com\/sq\/politica-de-cookies\/","title":{"rendered":"Politika e cookie-ve"},"content":{"rendered":"<div data-elementor-type=\"wp-page\" data-elementor-id=\"16\" class=\"elementor elementor-16\" data-elementor-post-type=\"page\">\n\t\t\t\t<div class=\"elementor-element elementor-element-3406fa7 e-flex e-con-boxed e-con e-parent\" data-id=\"3406fa7\" data-element_type=\"container\" data-e-type=\"container\" data-settings=\"{&quot;background_background&quot;:&quot;classic&quot;}\">\n\t\t\t\t\t<div class=\"e-con-inner\">\n\t\t<div class=\"elementor-element elementor-element-d212998 e-con-full e-flex e-con e-child\" data-id=\"d212998\" data-element_type=\"container\" data-e-type=\"container\">\n\t\t\t\t<div class=\"elementor-element elementor-element-973e9ce elementor-widget elementor-widget-heading\" data-id=\"973e9ce\" data-element_type=\"widget\" data-e-type=\"widget\" data-widget_type=\"heading.default\">\n\t\t\t\t<div class=\"elementor-widget-container\">\n\t\t\t\t\t<h2 class=\"elementor-heading-title elementor-size-default\">Politika e cookie-ve<\/h2>\t\t\t\t<\/div>\n\t\t\t\t<\/div>\n\t\t\t\t<\/div>\n\t\t\t\t\t<\/div>\n\t\t\t\t<\/div>\n\t\t<div class=\"elementor-element elementor-element-504b4f4d e-flex e-con-boxed e-con e-parent\" data-id=\"504b4f4d\" data-element_type=\"container\" data-e-type=\"container\">\n\t\t\t\t\t<div class=\"e-con-inner\">\n\t\t\t\t<div class=\"elementor-element elementor-element-36706845 elementor-widget elementor-widget-text-editor\" data-id=\"36706845\" data-element_type=\"widget\" data-e-type=\"widget\" data-widget_type=\"text-editor.default\">\n\t\t\t\t<div class=\"elementor-widget-container\">\n\t\t\t\t\t\t\t\t\t\n<p>Kjo Politik\u00eb e Cookie-ve u p\u00ebrdit\u00ebsua p\u00ebr her\u00eb t\u00eb fundit m\u00eb 8 janar 2024 dhe vlen p\u00ebr qytetar\u00ebt dhe banor\u00ebt e p\u00ebrhersh\u00ebm ligjor\u00eb t\u00eb Zon\u00ebs Ekonomike Evropiane dhe Zvicr\u00ebs.<\/p>\n\n<p><strong>1. Hyrje<\/strong><\/p>\n\n<p>Uebfaqja jon\u00eb, <a href=\"https:\/\/rosanacl.com\/sq\/\">https:\/\/rosanacl.com\/<\/a> (n\u00eb tekstin e m\u00ebposht\u00ebm: &quot;faqja e internetit&quot;) p\u00ebrdor &quot;cookies&quot; dhe teknologji t\u00eb tjera t\u00eb lidhura (p\u00ebr leht\u00ebsi, t\u00eb gjitha teknologjit\u00eb quhen &quot;cookies&quot;). &quot;Cookies&quot; vendosen edhe nga pal\u00eb t\u00eb treta me t\u00eb cilat kemi kontraktuar. Dokumenti i m\u00ebposht\u00ebm ju informon rreth p\u00ebrdorimit t\u00eb &quot;cookies&quot; n\u00eb faqen ton\u00eb t\u00eb internetit.<\/p>\n\n<p><strong>2. \u00c7far\u00eb jan\u00eb cookie-t?<\/strong><\/p>\n\n<p>Nj\u00eb cookie \u00ebsht\u00eb nj\u00eb skedar i vog\u00ebl q\u00eb d\u00ebrgohet s\u00eb bashku me faqet e k\u00ebsaj faqeje interneti dhe ruhet nga shfletuesi juaj n\u00eb hard diskun e kompjuterit tuaj ose n\u00eb nj\u00eb pajisje tjet\u00ebr. Informacioni i ruajtur mund t\u00eb kthehet n\u00eb serverat tan\u00eb ose n\u00eb serverat e pal\u00ebve t\u00eb treta p\u00ebrkat\u00ebse gjat\u00eb nj\u00eb vizite t\u00eb m\u00ebvonshme.<\/p>\n\n<p><strong>3. \u00c7far\u00eb jan\u00eb skriptet?<\/strong><\/p>\n\n<p>Nj\u00eb skript \u00ebsht\u00eb nj\u00eb pjes\u00eb kodi programi q\u00eb p\u00ebrdoret p\u00ebr ta b\u00ebr\u00eb faqen ton\u00eb t\u00eb internetit t\u00eb funksionoj\u00eb sakt\u00eb dhe n\u00eb m\u00ebnyr\u00eb interaktive. Ky kod funksionon n\u00eb serverin ton\u00eb ose n\u00eb pajisjen tuaj.<\/p>\n\n<p><strong>4. \u00c7far\u00eb \u00ebsht\u00eb nj\u00eb web beacon?<\/strong><\/p>\n\n<p>Nj\u00eb web beacon (ose pixel tag) \u00ebsht\u00eb nj\u00eb pjes\u00eb e vog\u00ebl dhe e padukshme teksti ose imazhi n\u00eb nj\u00eb faqe interneti q\u00eb p\u00ebrdoret p\u00ebr t\u00eb monitoruar trafikun e faqes s\u00eb internetit. P\u00ebr ta b\u00ebr\u00eb k\u00ebt\u00eb, t\u00eb dh\u00ebna t\u00eb ndryshme rreth jush ruhen duke p\u00ebrdorur k\u00ebto web beacon.<\/p>\n\n<p><strong>5. Kukit\u00eb<\/strong><\/p>\n\n<p><strong>5.1 Kukit\u00eb teknike ose funksionale<\/strong><\/p>\n\n<p>Disa cookie sigurojn\u00eb q\u00eb pjes\u00eb t\u00eb caktuara t\u00eb faqes s\u00eb internetit t\u00eb funksionojn\u00eb si\u00e7 duhet dhe q\u00eb preferencat tuaja si p\u00ebrdorues t\u00eb mbeten t\u00eb njohura. Duke vendosur cookie funksionale, ne e b\u00ebjm\u00eb vizit\u00ebn tuaj n\u00eb faqen ton\u00eb t\u00eb internetit m\u00eb t\u00eb leht\u00eb. N\u00eb k\u00ebt\u00eb m\u00ebnyr\u00eb, nuk keni nevoj\u00eb t\u00eb futni vazhdimisht t\u00eb nj\u00ebjtin informacion kur vizitoni faqen ton\u00eb t\u00eb internetit dhe, p\u00ebr shembull, artikujt mbeten n\u00eb shport\u00ebn tuaj t\u00eb blerjeve derisa t\u00eb keni paguar. Ne mund t&#039;i vendosim k\u00ebto cookie pa p\u00eblqimin tuaj.<\/p>\n\n<p><strong>5.2 Kukit\u00eb e Marketingut\/Gjurmimit<\/strong><\/p>\n\n<p>Kukit\u00eb e marketingut\/gjurmimit jan\u00eb kuki ose forma t\u00eb tjera t\u00eb ruajtjes lokale q\u00eb p\u00ebrdoren p\u00ebr t\u00eb krijuar profile p\u00ebrdoruesish me q\u00ebllim shfaqjen e reklamave ose gjurmimin e p\u00ebrdoruesve n\u00eb k\u00ebt\u00eb faqe interneti ose n\u00eb shum\u00eb faqe interneti p\u00ebr q\u00ebllime t\u00eb ngjashme marketingu.<\/p>\n\n<p><strong>6. Kukit\u00eb e p\u00ebrdorura<\/strong><\/p>\n\n<ul class=\"wp-block-list\">\n<li>Elementor \u2013 Statistik\u00eb (anonim)<\/li>\n<li>P\u00eblqimi p\u00ebr elementin e sh\u00ebrbimit<\/li>\n<li>WordPress \u2013 Funksional<\/li>\n<li>P\u00eblqimi p\u00ebr t\u00eb sh\u00ebrbyer WordPress<\/li>\n<li>T\u00eb ndryshme \u2013 Q\u00ebllimi n\u00eb pritje t\u00eb hetimit<\/li>\n<li>P\u00eblqimi p\u00ebr sh\u00ebrbime t\u00eb ndryshme<\/li>\n<\/ul>\n\n<p><strong>7. P\u00eblqimi<\/strong><\/p>\n\n<p>Kur vizitoni faqen ton\u00eb t\u00eb internetit p\u00ebr her\u00eb t\u00eb par\u00eb, ne do t&#039;ju shfaqim nj\u00eb dritare me nj\u00eb shpjegim n\u00eb lidhje me &quot;cookies&quot;. Sapo t\u00eb klikoni &quot;Ruaj preferencat&quot;, ju pranoni q\u00eb ne t\u00eb p\u00ebrdorim kategorit\u00eb e &quot;cookies&quot; dhe shtojcave q\u00eb keni zgjedhur n\u00eb dritaren q\u00eb shfaqet, si\u00e7 p\u00ebrshkruhet n\u00eb k\u00ebt\u00eb politik\u00eb t\u00eb &quot;cookies&quot;. Ju mund t\u00eb \u00e7aktivizoni p\u00ebrdorimin e &quot;cookies&quot; p\u00ebrmes shfletuesit tuaj, por ju lutemi vini re se faqja jon\u00eb e internetit mund t\u00eb mos funksionoj\u00eb m\u00eb si\u00e7 duhet.<\/p>\n\n<p><strong>7.1 Menaxhoni cil\u00ebsimet e p\u00eblqimit tuaj<\/strong><\/p>\n\n<ul class=\"wp-block-list\">\n<li>Funksional \u2013 Gjithmon\u00eb aktiv<\/li>\n<li>Marketing \u2013 Marketing<\/li>\n<\/ul>\n\n<p><strong>8. Aktivizimi\/\u00e7aktivizimi dhe fshirja e cookie-ve<\/strong><\/p>\n\n<p>Mund ta p\u00ebrdorni shfletuesin tuaj t\u00eb internetit p\u00ebr t\u00eb fshir\u00eb automatikisht ose manualisht cookie-t. Gjithashtu mund t\u00eb specifikoni q\u00eb disa cookie-t nuk mund t\u00eb vendosen. Nj\u00eb tjet\u00ebr mund\u00ebsi \u00ebsht\u00eb t\u00eb ndryshoni cil\u00ebsimet e shfletuesit tuaj t\u00eb internetit n\u00eb m\u00ebnyr\u00eb q\u00eb t\u00eb merrni nj\u00eb mesazh sa her\u00eb q\u00eb vendoset nj\u00eb cookie. P\u00ebr m\u00eb shum\u00eb informacion rreth k\u00ebtyre opsioneve, ju lutemi referojuni udh\u00ebzimeve n\u00eb seksionin &quot;Ndihm\u00eb&quot; t\u00eb shfletuesit tuaj.<\/p>\n\n<p>Ju lutemi vini re se faqja jon\u00eb e internetit mund t\u00eb mos funksionoj\u00eb si\u00e7 duhet n\u00ebse t\u00eb gjitha &quot;cookies&quot; jan\u00eb t\u00eb \u00e7aktivizuara. N\u00ebse i fshini &quot;cookies&quot; nga shfletuesi juaj, ato do t\u00eb vendosen p\u00ebrs\u00ebri pas p\u00eblqimit tuaj kur t\u00eb vizitoni p\u00ebrs\u00ebri faqet tona t\u00eb internetit.<\/p>\n\n<p><strong>9. T\u00eb drejtat tuaja n\u00eb lidhje me t\u00eb dh\u00ebnat personale<\/strong><\/p>\n\n<ul class=\"wp-block-list\">\n<li>Ju keni t\u00eb drejt\u00eb t\u00eb dini pse nevojiten t\u00eb dh\u00ebnat tuaja personale, \u00e7far\u00eb do t\u00eb ndodh\u00eb me to dhe p\u00ebr sa koh\u00eb do t\u00eb ruhen.<\/li>\n<li>E drejta e aksesit: Ju keni t\u00eb drejt\u00eb t\u00eb aksesoni t\u00eb dh\u00ebnat tuaja personale q\u00eb ne i njohim.<\/li>\n<li>E drejta p\u00ebr korrigjim: Ju keni t\u00eb drejt\u00eb t\u00eb plot\u00ebsoni, korrigjoni, fshini ose bllokoni t\u00eb dh\u00ebnat tuaja personale kurdo q\u00eb d\u00ebshironi.<\/li>\n<li>N\u00ebse na jepni p\u00eblqimin tuaj p\u00ebr t\u00eb p\u00ebrpunuar t\u00eb dh\u00ebnat tuaja, keni t\u00eb drejt\u00eb ta revokoni at\u00eb p\u00eblqim dhe t\u00eb k\u00ebrkoni q\u00eb t\u00eb dh\u00ebnat tuaja personale t\u00eb fshihen.<\/li>\n<li>E drejta p\u00ebr t\u00eb transferuar t\u00eb dh\u00ebnat tuaja: Ju keni t\u00eb drejt\u00eb t\u00eb k\u00ebrkoni t\u00eb gjitha t\u00eb dh\u00ebnat tuaja personale nga kontrolluesi i t\u00eb dh\u00ebnave dhe t&#039;i transferoni ato n\u00eb t\u00ebr\u00ebsin\u00eb e tyre te nj\u00eb kontrollues tjet\u00ebr i t\u00eb dh\u00ebnave.<\/li>\n<li>E drejta p\u00ebr t\u00eb kund\u00ebrshtuar: Ju mund t\u00eb kund\u00ebrshtoni p\u00ebrpunimin e t\u00eb dh\u00ebnave tuaja. Ne do ta zbatojm\u00eb k\u00ebt\u00eb, p\u00ebrve\u00e7 n\u00ebse ka arsye t\u00eb justifikuara p\u00ebr p\u00ebrpunim.<\/li>\n<\/ul>\n\n<p>P\u00ebr t\u00eb ushtruar k\u00ebto t\u00eb drejta, ju lutemi na kontaktoni. Ju lutemi shihni t\u00eb dh\u00ebnat e kontaktit n\u00eb fund t\u00eb k\u00ebsaj politike p\u00ebr cookie-t. N\u00ebse keni ndonj\u00eb ankes\u00eb n\u00eb lidhje me m\u00ebnyr\u00ebn se si i trajtojm\u00eb t\u00eb dh\u00ebnat tuaja, do t\u00eb donim t\u00eb d\u00ebgjonim nga ju, por ju gjithashtu keni t\u00eb drejt\u00eb t\u00eb paraqisni nj\u00eb ankes\u00eb pran\u00eb autoritetit mbik\u00ebqyr\u00ebs (Autoriteti i Mbrojtjes s\u00eb t\u00eb Dh\u00ebnave).<\/p>\n\n<p><strong>10. Informacione kontakti<\/strong><\/p>\n\n<p>P\u00ebr pyetje dhe\/ose komente n\u00eb lidhje me politik\u00ebn ton\u00eb t\u00eb cookie-ve dhe k\u00ebt\u00eb deklarat\u00eb, ju lutemi na kontaktoni duke p\u00ebrdorur informacionin e m\u00ebposht\u00ebm t\u00eb kontaktit:<\/p>\n\n<ul class=\"wp-block-list\">\n<li>Kompania: Pablo Angulo Maspons<\/li>\n<li>Popullsia: Vinaroz, Spanj\u00eb<\/li>\n<li>Telefoni: 613395013<\/li>\n<li>Posta:<a href=\"mailto:info@rosanacl.com\"> info@rosanacl.com<\/a>\u00a0<\/li>\n<\/ul>\n\n<p>Kjo politik\u00eb e cookie-ve \u00ebsht\u00eb sinkronizuar me <a href=\"https:\/\/cookiedatabase.org\">cookiedatabase.org<\/a> m\u00eb 01\/08\/2024.<\/p>\n\n<p>\u00a0<\/p>\t\t\t\t\t\t\t\t<\/div>\n\t\t\t\t<\/div>\n\t\t\t\t\t<\/div>\n\t\t\t\t<\/div>\n\t\t\t\t<\/div>","protected":false},"excerpt":{"rendered":"<p>Esta pol\u00edtica de cookies fue actualizada por \u00faltima vez el 08\/01\/2024 y se aplica a los ciudadanos y residentes legales permanentes del Espacio Econ\u00f3mico Europeo y Suiza. 1. Introducci\u00f3n Nuestra web, https:\/\/rosanacl.com\/ (en adelante: \u00abla web\u00bb) utiliza cookies y otras tecnolog\u00edas relacionadas (para mayor comodidad, todas las tecnolog\u00edas se denominan \u00abcookies\u00bb). Las cookies tambi\u00e9n son [&hellip;]<\/p>\n","protected":false},"author":1,"featured_media":0,"parent":0,"menu_order":0,"comment_status":"closed","ping_status":"closed","template":"","meta":{"content-type":"","footnotes":""},"class_list":["post-16","page","type-page","status-publish","hentry"],"yoast_head":"<!-- This site is optimized with the Yoast SEO plugin v27.4 - https:\/\/yoast.com\/product\/yoast-seo-wordpress\/ -->\n<title>Pol\u00edtica de Cookies - Rosana CL<\/title>\n<meta name=\"robots\" content=\"index, follow, max-snippet:-1, max-image-preview:large, max-video-preview:-1\" \/>\n<link rel=\"canonical\" href=\"https:\/\/rosanacl.com\/sq\/politica-de-cookies\/\" \/>\n<meta property=\"og:locale\" content=\"sq_AL\" \/>\n<meta property=\"og:type\" content=\"article\" \/>\n<meta property=\"og:title\" content=\"Pol\u00edtica de Cookies - Rosana CL\" \/>\n<meta property=\"og:description\" content=\"Esta pol\u00edtica de cookies fue actualizada por \u00faltima vez el 08\/01\/2024 y se aplica a los ciudadanos y residentes legales permanentes del Espacio Econ\u00f3mico Europeo y Suiza. 1. Introducci\u00f3n Nuestra web, https:\/\/rosanacl.com\/ (en adelante: \u00abla web\u00bb) utiliza cookies y otras tecnolog\u00edas relacionadas (para mayor comodidad, todas las tecnolog\u00edas se denominan \u00abcookies\u00bb). Las cookies tambi\u00e9n son [&hellip;]\" \/>\n<meta property=\"og:url\" content=\"https:\/\/rosanacl.com\/sq\/politica-de-cookies\/\" \/>\n<meta property=\"og:site_name\" content=\"Rosana CL\" \/>\n<meta property=\"article:modified_time\" content=\"2025-07-09T06:54:15+00:00\" \/>\n<meta name=\"twitter:card\" content=\"summary_large_image\" \/>\n<meta name=\"twitter:label1\" content=\"Est. reading time\" \/>\n\t<meta name=\"twitter:data1\" content=\"4 minuta\" \/>\n<script type=\"application\/ld+json\" class=\"yoast-schema-graph\">{\"@context\":\"https:\\\/\\\/schema.org\",\"@graph\":[{\"@type\":\"WebPage\",\"@id\":\"https:\\\/\\\/rosanacl.com\\\/eu\\\/politica-de-cookies\\\/\",\"url\":\"https:\\\/\\\/rosanacl.com\\\/eu\\\/politica-de-cookies\\\/\",\"name\":\"Pol\u00edtica de Cookies - Rosana CL\",\"isPartOf\":{\"@id\":\"https:\\\/\\\/rosanacl.com\\\/ca\\\/#website\"},\"datePublished\":\"2025-03-28T18:59:16+00:00\",\"dateModified\":\"2025-07-09T06:54:15+00:00\",\"breadcrumb\":{\"@id\":\"https:\\\/\\\/rosanacl.com\\\/eu\\\/politica-de-cookies\\\/#breadcrumb\"},\"inLanguage\":\"sq\",\"potentialAction\":[{\"@type\":\"ReadAction\",\"target\":[\"https:\\\/\\\/rosanacl.com\\\/eu\\\/politica-de-cookies\\\/\"]}]},{\"@type\":\"BreadcrumbList\",\"@id\":\"https:\\\/\\\/rosanacl.com\\\/eu\\\/politica-de-cookies\\\/#breadcrumb\",\"itemListElement\":[{\"@type\":\"ListItem\",\"position\":1,\"name\":\"Portada\",\"item\":\"https:\\\/\\\/rosanacl.com\\\/ca\\\/\"},{\"@type\":\"ListItem\",\"position\":2,\"name\":\"Pol\u00edtica de Cookies\"}]},{\"@type\":\"WebSite\",\"@id\":\"https:\\\/\\\/rosanacl.com\\\/ca\\\/#website\",\"url\":\"https:\\\/\\\/rosanacl.com\\\/ca\\\/\",\"name\":\"Rosana CL\",\"description\":\"Somos tu interior\",\"potentialAction\":[{\"@type\":\"SearchAction\",\"target\":{\"@type\":\"EntryPoint\",\"urlTemplate\":\"https:\\\/\\\/rosanacl.com\\\/ca\\\/?s={search_term_string}\"},\"query-input\":{\"@type\":\"PropertyValueSpecification\",\"valueRequired\":true,\"valueName\":\"search_term_string\"}}],\"inLanguage\":\"sq\"}]}<\/script>\n<!-- \/ Yoast SEO plugin. -->","yoast_head_json":{"title":"Pol\u00edtica de Cookies - Rosana CL","robots":{"index":"index","follow":"follow","max-snippet":"max-snippet:-1","max-image-preview":"max-image-preview:large","max-video-preview":"max-video-preview:-1"},"canonical":"https:\/\/rosanacl.com\/sq\/politica-de-cookies\/","og_locale":"sq_AL","og_type":"article","og_title":"Pol\u00edtica de Cookies - Rosana CL","og_description":"Esta pol\u00edtica de cookies fue actualizada por \u00faltima vez el 08\/01\/2024 y se aplica a los ciudadanos y residentes legales permanentes del Espacio Econ\u00f3mico Europeo y Suiza. 1. Introducci\u00f3n Nuestra web, https:\/\/rosanacl.com\/ (en adelante: \u00abla web\u00bb) utiliza cookies y otras tecnolog\u00edas relacionadas (para mayor comodidad, todas las tecnolog\u00edas se denominan \u00abcookies\u00bb). Las cookies tambi\u00e9n son [&hellip;]","og_url":"https:\/\/rosanacl.com\/sq\/politica-de-cookies\/","og_site_name":"Rosana CL","article_modified_time":"2025-07-09T06:54:15+00:00","twitter_card":"summary_large_image","twitter_misc":{"Est. reading time":"4 minuta"},"schema":{"@context":"https:\/\/schema.org","@graph":[{"@type":"WebPage","@id":"https:\/\/rosanacl.com\/eu\/politica-de-cookies\/","url":"https:\/\/rosanacl.com\/eu\/politica-de-cookies\/","name":"Pol\u00edtica de Cookies - Rosana CL","isPartOf":{"@id":"https:\/\/rosanacl.com\/ca\/#website"},"datePublished":"2025-03-28T18:59:16+00:00","dateModified":"2025-07-09T06:54:15+00:00","breadcrumb":{"@id":"https:\/\/rosanacl.com\/eu\/politica-de-cookies\/#breadcrumb"},"inLanguage":"sq","potentialAction":[{"@type":"ReadAction","target":["https:\/\/rosanacl.com\/eu\/politica-de-cookies\/"]}]},{"@type":"BreadcrumbList","@id":"https:\/\/rosanacl.com\/eu\/politica-de-cookies\/#breadcrumb","itemListElement":[{"@type":"ListItem","position":1,"name":"Portada","item":"https:\/\/rosanacl.com\/ca\/"},{"@type":"ListItem","position":2,"name":"Pol\u00edtica de Cookies"}]},{"@type":"WebSite","@id":"https:\/\/rosanacl.com\/ca\/#website","url":"https:\/\/rosanacl.com\/ca\/","name":"Rosana CL","description":"Ne jemi vetvetja juaj e brendshme","potentialAction":[{"@type":"SearchAction","target":{"@type":"EntryPoint","urlTemplate":"https:\/\/rosanacl.com\/ca\/?s={search_term_string}"},"query-input":{"@type":"PropertyValueSpecification","valueRequired":true,"valueName":"search_term_string"}}],"inLanguage":"sq"}]}},"_links":{"self":[{"href":"https:\/\/rosanacl.com\/sq\/wp-json\/wp\/v2\/pages\/16","targetHints":{"allow":["GET"]}}],"collection":[{"href":"https:\/\/rosanacl.com\/sq\/wp-json\/wp\/v2\/pages"}],"about":[{"href":"https:\/\/rosanacl.com\/sq\/wp-json\/wp\/v2\/types\/page"}],"author":[{"embeddable":true,"href":"https:\/\/rosanacl.com\/sq\/wp-json\/wp\/v2\/users\/1"}],"replies":[{"embeddable":true,"href":"https:\/\/rosanacl.com\/sq\/wp-json\/wp\/v2\/comments?post=16"}],"version-history":[{"count":0,"href":"https:\/\/rosanacl.com\/sq\/wp-json\/wp\/v2\/pages\/16\/revisions"}],"wp:attachment":[{"href":"https:\/\/rosanacl.com\/sq\/wp-json\/wp\/v2\/media?parent=16"}],"curies":[{"name":"wp","href":"https:\/\/api.w.org\/{rel}","templated":true}]}}