{"id":18,"date":"2025-03-28T16:03:06","date_gmt":"2025-03-28T19:03:06","guid":{"rendered":"https:\/\/innovacon.simplificandotuweb.com\/?page_id=18"},"modified":"2025-08-01T14:33:36","modified_gmt":"2025-08-01T12:33:36","slug":"aviso-legal","status":"publish","type":"page","link":"https:\/\/rosanacl.com\/sq\/aviso-legal\/","title":{"rendered":"Njoftim Ligjor"},"content":{"rendered":"<div data-elementor-type=\"wp-page\" data-elementor-id=\"18\" class=\"elementor elementor-18\" data-elementor-post-type=\"page\">\n\t\t\t\t<div class=\"elementor-element elementor-element-1f18319 e-flex e-con-boxed e-con e-parent\" data-id=\"1f18319\" data-element_type=\"container\" data-e-type=\"container\" data-settings=\"{&quot;background_background&quot;:&quot;classic&quot;}\">\n\t\t\t\t\t<div class=\"e-con-inner\">\n\t\t<div class=\"elementor-element elementor-element-c2acaab e-con-full e-flex e-con e-child\" data-id=\"c2acaab\" data-element_type=\"container\" data-e-type=\"container\">\n\t\t\t\t<div class=\"elementor-element elementor-element-6f29856 elementor-widget elementor-widget-heading\" data-id=\"6f29856\" data-element_type=\"widget\" data-e-type=\"widget\" data-widget_type=\"heading.default\">\n\t\t\t\t<div class=\"elementor-widget-container\">\n\t\t\t\t\t<h2 class=\"elementor-heading-title elementor-size-default\">Njoftim Ligjor<\/h2>\t\t\t\t<\/div>\n\t\t\t\t<\/div>\n\t\t\t\t<\/div>\n\t\t\t\t\t<\/div>\n\t\t\t\t<\/div>\n\t\t<div class=\"elementor-element elementor-element-7b2ac5e6 e-flex e-con-boxed e-con e-parent\" data-id=\"7b2ac5e6\" data-element_type=\"container\" data-e-type=\"container\">\n\t\t\t\t\t<div class=\"e-con-inner\">\n\t\t\t\t<div class=\"elementor-element elementor-element-2e23d7df elementor-widget elementor-widget-text-editor\" data-id=\"2e23d7df\" data-element_type=\"widget\" data-e-type=\"widget\" data-widget_type=\"text-editor.default\">\n\t\t\t\t<div class=\"elementor-widget-container\">\n\t\t\t\t\t\t\t\t\t\n<p><strong>Kontrolluesi i t\u00eb dh\u00ebnave<\/strong><\/p>\n\n<p>N\u00eb p\u00ebrputhje me detyrimin e informacionit t\u00eb p\u00ebrcaktuar nga Ligji 34\/2002, i 11 korrikut, mbi Sh\u00ebrbimet e Shoq\u00ebris\u00eb s\u00eb Informacionit dhe Tregtin\u00eb Elektronike, ju informojm\u00eb se kjo faqe interneti \u00ebsht\u00eb n\u00eb pron\u00ebsi t\u00eb:<\/p>\n\n<ul class=\"wp-block-list\">\n<li>Kompania: Pablo Angulo Maspons<\/li>\n<li>NIF: 73394866A<\/li>\n<li>Popullsia: Vinaroz, Spanj\u00eb<\/li>\n<li>Telefoni: 613395013<\/li>\n<li>Posta: <a href=\"mailto:info@rosanacl.com\">info@rosanacl.com<\/a><a href=\"mailto:info@rosanacl.com\">\u00a0<\/a><\/li>\n<\/ul>\n\n<p><strong>Objekti<\/strong><\/p>\n\n<p>Kontrolluesi e v\u00eb k\u00ebt\u00eb dokument n\u00eb dispozicion t\u00eb p\u00ebrdoruesve me q\u00ebllim p\u00ebrmbushjen e dispozitave t\u00eb rregulloreve aktuale mbi mbrojtjen e t\u00eb dh\u00ebnave, dhe brenda kontekstit t\u00eb kuadrit t\u00eb ri rregullator t\u00eb krijuar n\u00eb baz\u00eb t\u00eb dispozitave t\u00eb Rregullores (BE) 2016\/679 t\u00eb Parlamentit Evropian dhe t\u00eb K\u00ebshillit t\u00eb 27 prillit 2016 p\u00ebr mbrojtjen e personave fizik\u00eb n\u00eb lidhje me p\u00ebrpunimin e t\u00eb dh\u00ebnave personale dhe mbi l\u00ebvizjen e lir\u00eb t\u00eb t\u00eb dh\u00ebnave t\u00eb tilla (n\u00eb tekstin e m\u00ebtejm\u00eb, &quot;GDPR&quot;), dhe rregulloreve komb\u00ebtare mbi mbrojtjen e t\u00eb dh\u00ebnave personale, si dhe informimin e t\u00eb gjith\u00eb p\u00ebrdoruesve t\u00eb faqes s\u00eb internetit n\u00eb lidhje me kushtet e p\u00ebrdorimit t\u00eb saj. \u00c7do person q\u00eb hyn n\u00eb k\u00ebt\u00eb faqe interneti merr rolin e p\u00ebrdoruesit, duke u angazhuar p\u00ebr respektimin dhe zbatimin e rrept\u00eb t\u00eb dispozitave t\u00eb p\u00ebrcaktuara k\u00ebtu, si dhe \u00e7do dispozite tjet\u00ebr ligjore n\u00eb fuqi. Kontrolluesi rezervon t\u00eb drejt\u00ebn p\u00ebr t\u00eb modifikuar \u00e7do lloj informacioni q\u00eb mund t\u00eb shfaqet n\u00eb faqen e internetit, pa asnj\u00eb detyrim p\u00ebr t\u00eb njoftuar ose informuar p\u00ebrdoruesit p\u00ebr k\u00ebto detyrime, me publikimin n\u00eb faqen e internetit t\u00eb Kontrolluesit q\u00eb konsiderohet i mjaftuesh\u00ebm.<\/p>\n\n<p><strong>P\u00ebrgjegj\u00ebsia<\/strong><\/p>\n\n<p>Kontrolluesi mohon \u00e7do p\u00ebrgjegj\u00ebsi q\u00eb rrjedh nga informacioni i publikuar n\u00eb faqen e tij t\u00eb internetit, me kusht q\u00eb ky informacion t\u00eb jet\u00eb manipuluar ose futur nga nj\u00eb pal\u00eb e tret\u00eb p\u00ebrve\u00e7 Kontrolluesit.<\/p>\n\n<p><strong>Adresat IP<\/strong><\/p>\n\n<p>Serverat e faqes s\u00eb internetit do t\u00eb zbulojn\u00eb automatikisht adres\u00ebn IP dhe emrin e domenit t\u00eb p\u00ebrdorur nga p\u00ebrdoruesi. Nj\u00eb adres\u00eb IP \u00ebsht\u00eb nj\u00eb num\u00ebr q\u00eb i caktohet automatikisht nj\u00eb kompjuteri kur lidhet me internetin. I gjith\u00eb ky informacion regjistrohet n\u00eb nj\u00eb regjist\u00ebr aktiviteti t\u00eb serverit t\u00eb regjistruar si\u00e7 duhet, i cili lejon p\u00ebrpunimin e m\u00ebvonsh\u00ebm t\u00eb t\u00eb dh\u00ebnave p\u00ebr t\u00eb marr\u00eb matje thjesht statistikore, si\u00e7 jan\u00eb numri i shikimeve t\u00eb faqeve, numri i vizitave t\u00eb b\u00ebra n\u00eb serverat e internetit, rendi i vizitave, pika e aksesit, etj.<\/p>\n\n<p><strong>Politika e Lidhjeve<\/strong><\/p>\n\n<p>Nga kjo faqe interneti, mund t\u00eb ridrejtoheni n\u00eb p\u00ebrmbajtje n\u00eb faqet e internetit t\u00eb pal\u00ebve t\u00eb treta. Meqen\u00ebse Kontrolluesi nuk mund t\u00eb kontrolloj\u00eb gjithmon\u00eb p\u00ebrmbajtjen e postuar nga pal\u00ebt e treta n\u00eb faqet e tyre t\u00eb internetit, ai nuk merr p\u00ebrsip\u00ebr asnj\u00eb p\u00ebrgjegj\u00ebsi p\u00ebr nj\u00eb p\u00ebrmbajtje t\u00eb till\u00eb. N\u00eb \u00e7do rast, Kontrolluesi deklaron se do t\u00eb heq\u00eb menj\u00ebher\u00eb \u00e7do p\u00ebrmbajtje q\u00eb mund t\u00eb shkel\u00eb legjislacionin komb\u00ebtar ose nd\u00ebrkomb\u00ebtar, moralin ose rendin publik, dhe do ta heq\u00eb menj\u00ebher\u00eb ridrejtimin n\u00eb k\u00ebt\u00eb faqe interneti dhe do t\u00eb njoftoj\u00eb autoritetet kompetente p\u00ebr p\u00ebrmbajtjen n\u00eb fjal\u00eb. Kontrolluesi nuk \u00ebsht\u00eb p\u00ebrgjegj\u00ebs p\u00ebr informacionin dhe p\u00ebrmbajtjen e ruajtur, duke p\u00ebrfshir\u00eb, por pa u kufizuar n\u00eb, forume, biseda, gjenerator\u00eb blogjesh, komente, rrjete sociale ose \u00e7do mjet tjet\u00ebr q\u00eb u lejon pal\u00ebve t\u00eb treta t\u00eb publikojn\u00eb p\u00ebrmbajtje n\u00eb m\u00ebnyr\u00eb t\u00eb pavarur n\u00eb faqen e internetit t\u00eb Kontrolluesit. Megjithat\u00eb, dhe n\u00eb p\u00ebrputhje me dispozitat e nenit. N\u00eb p\u00ebrputhje me nenet 11 dhe 16 t\u00eb LSSICE (Ligji Spanjoll p\u00ebr Sh\u00ebrbimet e Shoq\u00ebris\u00eb s\u00eb Informacionit), Kontrolluesi e v\u00eb veten n\u00eb dispozicion t\u00eb t\u00eb gjith\u00eb p\u00ebrdoruesve, autoriteteve dhe forcave t\u00eb siguris\u00eb, duke bashk\u00ebpunuar n\u00eb m\u00ebnyr\u00eb aktive n\u00eb heqjen ose, kur \u00ebsht\u00eb e p\u00ebrshtatshme, bllokimin e t\u00eb gjith\u00eb p\u00ebrmbajtjes q\u00eb mund t\u00eb ndikoj\u00eb ose shkel\u00eb legjislacionin komb\u00ebtar ose nd\u00ebrkomb\u00ebtar, t\u00eb drejtat e pal\u00ebve t\u00eb treta ose moralin dhe rendin publik. N\u00ebse p\u00ebrdoruesi beson se ka ndonj\u00eb p\u00ebrmbajtje n\u00eb faqen e internetit q\u00eb mund t\u00eb klasifikohet si e till\u00eb, ju lutemi njoftoni menj\u00ebher\u00eb administratorin e faqes s\u00eb internetit. Kjo faqe interneti \u00ebsht\u00eb shqyrtuar dhe testuar p\u00ebr t\u00eb siguruar funksionimin e duhur. N\u00eb parim, funksionimi i duhur mund t\u00eb garantohet 365 dit\u00eb n\u00eb vit, 24 or\u00eb n\u00eb dit\u00eb. Megjithat\u00eb, Kontrolluesi nuk p\u00ebrjashton mund\u00ebsin\u00eb e gabimeve t\u00eb programimit, ose mund\u00ebsin\u00eb q\u00eb ato t\u00eb b\u00ebhen shkaqe t\u00eb forc\u00ebs madhore, fatkeq\u00ebsive natyrore, grevave ose rrethanave t\u00eb ngjashme q\u00eb e b\u00ebjn\u00eb t\u00eb pamundur aksesin n\u00eb faqen e internetit.<\/p>\n\n<p><strong>Mbrojtja e t\u00eb dh\u00ebnave<\/strong><\/p>\n\n<p>Kontrolluesi \u00ebsht\u00eb thell\u00ebsisht i p\u00ebrkushtuar p\u00ebr t\u00eb p\u00ebrmbushur dispozitat e rregulloreve aktuale mbi mbrojtjen e t\u00eb dh\u00ebnave, dhe brenda kontekstit t\u00eb kuadrit t\u00eb ri rregullator t\u00eb krijuar n\u00eb baz\u00eb t\u00eb dispozitave t\u00eb Rregullores (BE) 2016\/679 t\u00eb Parlamentit Evropian dhe t\u00eb K\u00ebshillit t\u00eb 27 prillit 2016 p\u00ebr mbrojtjen e personave fizik\u00eb n\u00eb lidhje me p\u00ebrpunimin e t\u00eb dh\u00ebnave personale dhe mbi l\u00ebvizjen e lir\u00eb t\u00eb t\u00eb dh\u00ebnave t\u00eb tilla (n\u00eb tekstin e m\u00ebtejm\u00eb, GDPR), dhe rregulloreve komb\u00ebtare mbi mbrojtjen e t\u00eb dh\u00ebnave personale. Gjithashtu, Kontrolluesi informon se \u00ebsht\u00eb n\u00eb p\u00ebrputhje me Ligjin 34\/2002 t\u00eb 11 korrikut, mbi Sh\u00ebrbimet e Shoq\u00ebris\u00eb s\u00eb Informacionit dhe Tregtin\u00eb Elektronike, dhe do t\u00eb k\u00ebrkoj\u00eb p\u00eblqimin tuaj p\u00ebr p\u00ebrpunimin e t\u00eb dh\u00ebnave tuaja p\u00ebr q\u00ebllime tregtare n\u00eb \u00e7do koh\u00eb.<\/p>\n\n<p><strong>Pron\u00ebsia intelektuale dhe industriale<\/strong><\/p>\n\n<p>Faqja e internetit, duke p\u00ebrfshir\u00eb, por pa u kufizuar n\u00eb programimin, redaktimin, p\u00ebrpilimin dhe element\u00ebt e tjer\u00eb t\u00eb nevojsh\u00ebm p\u00ebr funksionimin e saj, dizajnet, logot, tekstin dhe\/ose grafik\u00ebt, jan\u00eb pron\u00eb e Kontrolluesit t\u00eb t\u00eb Dh\u00ebnave ose, kur \u00ebsht\u00eb e aplikueshme, kan\u00eb nj\u00eb licenc\u00eb ose autorizim t\u00eb shprehur nga autor\u00ebt. I gjith\u00eb p\u00ebrmbajtja n\u00eb faqen e internetit \u00ebsht\u00eb e mbrojtur si\u00e7 duhet nga rregulloret e pron\u00ebsis\u00eb intelektuale dhe industriale. Pavar\u00ebsisht nga q\u00ebllimi i synuar, riprodhimi i plot\u00eb ose i pjessh\u00ebm, p\u00ebrdorimi, shfryt\u00ebzimi, shp\u00ebrndarja dhe marketingu k\u00ebrkojn\u00eb gjithmon\u00eb autorizim paraprak me shkrim nga Kontrolluesi i t\u00eb Dh\u00ebnave. \u00c7do p\u00ebrdorim q\u00eb nuk \u00ebsht\u00eb autorizuar m\u00eb par\u00eb nga Kontrolluesi i t\u00eb Dh\u00ebnave do t\u00eb konsiderohet nj\u00eb shkelje serioze e t\u00eb drejtave t\u00eb pron\u00ebsis\u00eb intelektuale ose industriale t\u00eb autorit. Dizajnet, logot, teksti dhe\/ose grafik\u00ebt q\u00eb nuk i p\u00ebrkasin huadh\u00ebn\u00ebsit dhe q\u00eb mund t\u00eb shfaqen n\u00eb faqen e internetit u p\u00ebrkasin pronar\u00ebve t\u00eb tyre p\u00ebrkat\u00ebs, t\u00eb cil\u00ebt jan\u00eb p\u00ebrgjegj\u00ebs p\u00ebr \u00e7do mosmarr\u00ebveshje t\u00eb mundshme q\u00eb mund t\u00eb lind\u00eb n\u00eb lidhje me to. N\u00eb \u00e7do rast, Kontrolluesi i t\u00eb Dh\u00ebnave ka autorizimin e tyre t\u00eb shprehur paraprak. Kontrolluesi autorizon shprehimisht pal\u00ebt e treta t\u00eb ridrejtojn\u00eb drejtp\u00ebrdrejt n\u00eb p\u00ebrmbajtje specifike n\u00eb faqen e internetit dhe, n\u00eb t\u00eb gjitha rastet, ata duhet t\u00eb ridrejtojn\u00eb n\u00eb faqen kryesore t\u00eb Kontrolluesit. Kontrolluesi njeh t\u00eb drejtat p\u00ebrkat\u00ebse t\u00eb pron\u00ebsis\u00eb intelektuale dhe industriale t\u00eb pronar\u00ebve t\u00eb tyre, dhe vet\u00ebm p\u00ebrmendja ose shfaqja e tyre n\u00eb faqen e internetit nuk n\u00ebnkupton ekzistenc\u00ebn e t\u00eb drejtave ose p\u00ebrgjegj\u00ebsis\u00eb s\u00eb Kontrolluesit mbi k\u00ebto t\u00eb drejta, as nuk n\u00ebnkupton mb\u00ebshtetje, sponsorizim ose rekomandim nga ana e tyre. P\u00ebr t\u00eb gjitha imazhet ku softueri i dizajnit e lejon, jan\u00eb p\u00ebrfshir\u00eb referencat p\u00ebrkat\u00ebse p\u00ebr autor\u00ebsin\u00eb dhe licenc\u00ebn p\u00ebrkat\u00ebse. P\u00ebr t\u00eb b\u00ebr\u00eb ndonj\u00eb v\u00ebrejtje n\u00eb lidhje me shkeljet e mundshme t\u00eb t\u00eb drejtave t\u00eb pron\u00ebsis\u00eb intelektuale ose industriale, si dhe \u00e7do p\u00ebrmbajtje t\u00eb faqes s\u00eb internetit, mund ta b\u00ebni k\u00ebt\u00eb n\u00ebp\u00ebrmjet adres\u00ebs s\u00eb m\u00ebposhtme t\u00eb email-it: <a href=\"mailto:info@rosanacl.com\">info@rosanacl.com<\/a><\/p>\n\n<p>\u00a0<\/p>\n\t\t\t\t\t\t\t\t<\/div>\n\t\t\t\t<\/div>\n\t\t\t\t\t<\/div>\n\t\t\t\t<\/div>\n\t\t\t\t<\/div>","protected":false},"excerpt":{"rendered":"<p>Responsable del tratamiento de los datos En cumplimiento del deber de informaci\u00f3n que establece la Ley La 34\/2002, de 11 de julio, de Servicios de la Sociedad de la Informaci\u00f3n y del Comercio Electr\u00f3nico, le comunicamos que esta web es titularidad de: Objeto El Responsable pone a disposici\u00f3n de los usuarios este documento con el [&hellip;]<\/p>\n","protected":false},"author":1,"featured_media":0,"parent":0,"menu_order":0,"comment_status":"closed","ping_status":"closed","template":"","meta":{"content-type":"","footnotes":""},"class_list":["post-18","page","type-page","status-publish","hentry"],"yoast_head":"<!-- This site is optimized with the Yoast SEO plugin v27.4 - https:\/\/yoast.com\/product\/yoast-seo-wordpress\/ -->\n<title>Aviso Legal - Rosana CL<\/title>\n<meta name=\"robots\" content=\"index, follow, max-snippet:-1, max-image-preview:large, max-video-preview:-1\" \/>\n<link rel=\"canonical\" href=\"https:\/\/rosanacl.com\/sq\/aviso-legal\/\" \/>\n<meta property=\"og:locale\" content=\"sq_AL\" \/>\n<meta property=\"og:type\" content=\"article\" \/>\n<meta property=\"og:title\" content=\"Aviso Legal - Rosana CL\" \/>\n<meta property=\"og:description\" content=\"Responsable del tratamiento de los datos En cumplimiento del deber de informaci\u00f3n que establece la Ley La 34\/2002, de 11 de julio, de Servicios de la Sociedad de la Informaci\u00f3n y del Comercio Electr\u00f3nico, le comunicamos que esta web es titularidad de: Objeto El Responsable pone a disposici\u00f3n de los usuarios este documento con el [&hellip;]\" \/>\n<meta property=\"og:url\" content=\"https:\/\/rosanacl.com\/sq\/aviso-legal\/\" \/>\n<meta property=\"og:site_name\" content=\"Rosana CL\" \/>\n<meta property=\"article:modified_time\" content=\"2025-08-01T12:33:36+00:00\" \/>\n<meta name=\"twitter:card\" content=\"summary_large_image\" \/>\n<meta name=\"twitter:label1\" content=\"Est. reading time\" \/>\n\t<meta name=\"twitter:data1\" content=\"6 minuta\" \/>\n<script type=\"application\/ld+json\" class=\"yoast-schema-graph\">{\"@context\":\"https:\\\/\\\/schema.org\",\"@graph\":[{\"@type\":\"WebPage\",\"@id\":\"https:\\\/\\\/rosanacl.com\\\/aviso-legal\\\/\",\"url\":\"https:\\\/\\\/rosanacl.com\\\/aviso-legal\\\/\",\"name\":\"Aviso Legal - Rosana CL\",\"isPartOf\":{\"@id\":\"https:\\\/\\\/rosanacl.com\\\/ca\\\/#website\"},\"datePublished\":\"2025-03-28T19:03:06+00:00\",\"dateModified\":\"2025-08-01T12:33:36+00:00\",\"breadcrumb\":{\"@id\":\"https:\\\/\\\/rosanacl.com\\\/aviso-legal\\\/#breadcrumb\"},\"inLanguage\":\"sq\",\"potentialAction\":[{\"@type\":\"ReadAction\",\"target\":[\"https:\\\/\\\/rosanacl.com\\\/aviso-legal\\\/\"]}]},{\"@type\":\"BreadcrumbList\",\"@id\":\"https:\\\/\\\/rosanacl.com\\\/aviso-legal\\\/#breadcrumb\",\"itemListElement\":[{\"@type\":\"ListItem\",\"position\":1,\"name\":\"Portada\",\"item\":\"https:\\\/\\\/rosanacl.com\\\/ca\\\/\"},{\"@type\":\"ListItem\",\"position\":2,\"name\":\"Aviso Legal\"}]},{\"@type\":\"WebSite\",\"@id\":\"https:\\\/\\\/rosanacl.com\\\/ca\\\/#website\",\"url\":\"https:\\\/\\\/rosanacl.com\\\/ca\\\/\",\"name\":\"Rosana CL\",\"description\":\"Somos tu interior\",\"potentialAction\":[{\"@type\":\"SearchAction\",\"target\":{\"@type\":\"EntryPoint\",\"urlTemplate\":\"https:\\\/\\\/rosanacl.com\\\/ca\\\/?s={search_term_string}\"},\"query-input\":{\"@type\":\"PropertyValueSpecification\",\"valueRequired\":true,\"valueName\":\"search_term_string\"}}],\"inLanguage\":\"sq\"}]}<\/script>\n<!-- \/ Yoast SEO plugin. -->","yoast_head_json":{"title":"Aviso Legal - Rosana CL","robots":{"index":"index","follow":"follow","max-snippet":"max-snippet:-1","max-image-preview":"max-image-preview:large","max-video-preview":"max-video-preview:-1"},"canonical":"https:\/\/rosanacl.com\/sq\/aviso-legal\/","og_locale":"sq_AL","og_type":"article","og_title":"Aviso Legal - Rosana CL","og_description":"Responsable del tratamiento de los datos En cumplimiento del deber de informaci\u00f3n que establece la Ley La 34\/2002, de 11 de julio, de Servicios de la Sociedad de la Informaci\u00f3n y del Comercio Electr\u00f3nico, le comunicamos que esta web es titularidad de: Objeto El Responsable pone a disposici\u00f3n de los usuarios este documento con el [&hellip;]","og_url":"https:\/\/rosanacl.com\/sq\/aviso-legal\/","og_site_name":"Rosana CL","article_modified_time":"2025-08-01T12:33:36+00:00","twitter_card":"summary_large_image","twitter_misc":{"Est. reading time":"6 minuta"},"schema":{"@context":"https:\/\/schema.org","@graph":[{"@type":"WebPage","@id":"https:\/\/rosanacl.com\/aviso-legal\/","url":"https:\/\/rosanacl.com\/aviso-legal\/","name":"Aviso Legal - Rosana CL","isPartOf":{"@id":"https:\/\/rosanacl.com\/ca\/#website"},"datePublished":"2025-03-28T19:03:06+00:00","dateModified":"2025-08-01T12:33:36+00:00","breadcrumb":{"@id":"https:\/\/rosanacl.com\/aviso-legal\/#breadcrumb"},"inLanguage":"sq","potentialAction":[{"@type":"ReadAction","target":["https:\/\/rosanacl.com\/aviso-legal\/"]}]},{"@type":"BreadcrumbList","@id":"https:\/\/rosanacl.com\/aviso-legal\/#breadcrumb","itemListElement":[{"@type":"ListItem","position":1,"name":"Portada","item":"https:\/\/rosanacl.com\/ca\/"},{"@type":"ListItem","position":2,"name":"Aviso Legal"}]},{"@type":"WebSite","@id":"https:\/\/rosanacl.com\/ca\/#website","url":"https:\/\/rosanacl.com\/ca\/","name":"Rosana CL","description":"Ne jemi vetvetja juaj e brendshme","potentialAction":[{"@type":"SearchAction","target":{"@type":"EntryPoint","urlTemplate":"https:\/\/rosanacl.com\/ca\/?s={search_term_string}"},"query-input":{"@type":"PropertyValueSpecification","valueRequired":true,"valueName":"search_term_string"}}],"inLanguage":"sq"}]}},"_links":{"self":[{"href":"https:\/\/rosanacl.com\/sq\/wp-json\/wp\/v2\/pages\/18","targetHints":{"allow":["GET"]}}],"collection":[{"href":"https:\/\/rosanacl.com\/sq\/wp-json\/wp\/v2\/pages"}],"about":[{"href":"https:\/\/rosanacl.com\/sq\/wp-json\/wp\/v2\/types\/page"}],"author":[{"embeddable":true,"href":"https:\/\/rosanacl.com\/sq\/wp-json\/wp\/v2\/users\/1"}],"replies":[{"embeddable":true,"href":"https:\/\/rosanacl.com\/sq\/wp-json\/wp\/v2\/comments?post=18"}],"version-history":[{"count":0,"href":"https:\/\/rosanacl.com\/sq\/wp-json\/wp\/v2\/pages\/18\/revisions"}],"wp:attachment":[{"href":"https:\/\/rosanacl.com\/sq\/wp-json\/wp\/v2\/media?parent=18"}],"curies":[{"name":"wp","href":"https:\/\/api.w.org\/{rel}","templated":true}]}}