{"id":2006,"date":"2025-05-23T08:26:39","date_gmt":"2025-05-23T06:26:39","guid":{"rendered":"https:\/\/rosanacl.com\/?page_id=2006"},"modified":"2025-12-14T22:28:46","modified_gmt":"2025-12-14T21:28:46","slug":"politica-de-devolucion","status":"publish","type":"page","link":"https:\/\/rosanacl.com\/sq\/politica-de-devolucion\/","title":{"rendered":"Politika e Kthimit"},"content":{"rendered":"<div data-elementor-type=\"wp-page\" data-elementor-id=\"2006\" class=\"elementor elementor-2006\" data-elementor-post-type=\"page\">\n\t\t\t\t<div class=\"elementor-element elementor-element-7a0b207 e-flex e-con-boxed e-con e-parent\" data-id=\"7a0b207\" data-element_type=\"container\" data-e-type=\"container\" data-settings=\"{&quot;background_background&quot;:&quot;classic&quot;}\">\n\t\t\t\t\t<div class=\"e-con-inner\">\n\t\t<div class=\"elementor-element elementor-element-2fcf4bc e-con-full e-flex e-con e-child\" data-id=\"2fcf4bc\" data-element_type=\"container\" data-e-type=\"container\">\n\t\t\t\t<div class=\"elementor-element elementor-element-d10b990 elementor-widget elementor-widget-heading\" data-id=\"d10b990\" data-element_type=\"widget\" data-e-type=\"widget\" data-widget_type=\"heading.default\">\n\t\t\t\t<div class=\"elementor-widget-container\">\n\t\t\t\t\t<h2 class=\"elementor-heading-title elementor-size-default\">Politika e Kthimit<\/h2>\t\t\t\t<\/div>\n\t\t\t\t<\/div>\n\t\t\t\t<\/div>\n\t\t\t\t\t<\/div>\n\t\t\t\t<\/div>\n\t\t<div class=\"elementor-element elementor-element-eca30f2 e-flex e-con-boxed e-con e-parent\" data-id=\"eca30f2\" data-element_type=\"container\" data-e-type=\"container\">\n\t\t\t\t\t<div class=\"e-con-inner\">\n\t\t\t\t<div class=\"elementor-element elementor-element-8328658 elementor-widget elementor-widget-text-editor\" data-id=\"8328658\" data-element_type=\"widget\" data-e-type=\"widget\" data-widget_type=\"text-editor.default\">\n\t\t\t\t<div class=\"elementor-widget-container\">\n\t\t\t\t\t\t\t\t\t<p>Kjo politik\u00eb kthimi u p\u00ebrdit\u00ebsua p\u00ebr her\u00eb t\u00eb fundit m\u00eb 23 maj 2025 dhe vlen p\u00ebr t\u00eb gjitha blerjet e b\u00ebra p\u00ebrmes faqes son\u00eb t\u00eb internetit: <a href=\"https:\/\/rosanacl.com\/sq\/\">https:\/\/rosanacl.com\/<\/a><\/p>\n<p><!-- \/wp:paragraph --><!-- wp:paragraph --><\/p>\n<p><strong>1. E drejta e t\u00ebrheqjes<\/strong><\/p>\n<p><!-- \/wp:paragraph --><!-- wp:paragraph --><\/p>\n<p>Ju keni t\u00eb drejt\u00eb t\u00eb t\u00ebrhiqeni nga blerja juaj brenda 14 dit\u00ebve kalendarike nga marrja e produktit, pa dh\u00ebn\u00eb asnj\u00eb justifikim. P\u00ebr t\u00eb ushtruar k\u00ebt\u00eb t\u00eb drejt\u00eb, mund t\u00eb na kontaktoni duke p\u00ebrdorur informacionin e dh\u00ebn\u00eb n\u00eb fund t\u00eb k\u00ebsaj politike.<\/p>\n<p><!-- \/wp:paragraph --><!-- wp:paragraph --><\/p>\n<p><strong>2. Kushtet e kthimit<\/strong><\/p>\n<p><!-- \/wp:paragraph --><!-- wp:paragraph --><\/p>\n<p>Q\u00eb t\u00eb pranohet nj\u00eb kthim, produkti duhet t\u00eb jet\u00eb n\u00eb gjendje t\u00eb p\u00ebrsosur, pa shenja p\u00ebrdorimi ose larjeje, dhe duhet t\u00eb p\u00ebrfshij\u00eb paketimin e tij origjinal, etiketat e paprekura dhe t\u00eb gjitha aksesor\u00ebt ose manualet, n\u00ebse ka.<\/p>\n<p><!-- \/wp:paragraph --><!-- wp:paragraph --><\/p>\n<p>Kthimet e produkteve q\u00eb nuk i plot\u00ebsojn\u00eb k\u00ebto kushte ose q\u00eb bien n\u00eb kategorit\u00eb e m\u00ebposhtme nuk do t\u00eb pranohen:<\/p>\n<p><!-- \/wp:paragraph --><!-- wp:list --><\/p>\n<ul>\n<li>T\u00eb brendshme (tanga, mbathje, boksera, geta, breza, pantallona kulote, kostume trupi ose veshje t\u00eb tjera q\u00eb bien n\u00eb kontakt me zonat intime).<\/li>\n<li>Produkte higjienike ose sh\u00ebndet\u00ebsore t\u00eb pavulosura.<\/li>\n<li>Artikuj t\u00eb personalizuar, t\u00eb prishsh\u00ebm ose dixhital\u00eb.<\/li>\n<li>Sutjena silikoni dhe re\u00e7ipeta pa shpin\u00eb.<\/li>\n<li>Produkte pa paketim ose me kuti t\u00eb thyer.<\/li>\n<li>Produkte t\u00eb p\u00ebrdorura, t\u00eb d\u00ebmtuara, t\u00eb njollosura ose pa etiket\u00eb.<\/li>\n<li>Njoftim p\u00ebr shk\u00ebmbim dhe kthim t\u00eb von\u00eb.<\/li>\n<\/ul>\n<p><!-- \/wp:list --><!-- wp:paragraph --><\/p>\n<p>N\u00ebse k\u00ebrkesat nuk plot\u00ebsohen, klienti do t\u00eb njoftohet dhe kthimi do t\u00eb refuzohet.<\/p>\n<p><!-- \/wp:paragraph --><!-- wp:paragraph --><\/p>\n<p><strong>3. A jan\u00eb b\u00ebr\u00eb ndryshime?<\/strong><\/p>\n<p><!-- \/wp:paragraph --><!-- wp:paragraph --><\/p>\n<p data-start=\"157\" data-end=\"432\"><span style=\"font-size: 1rem;\">Po, ne pranojm\u00eb shk\u00ebmbime produktesh p\u00ebr sa koh\u00eb q\u00eb ato jan\u00eb n\u00eb gjendje t\u00eb p\u00ebrsosur, t\u00eb pap\u00ebrdorura dhe n\u00eb paketimin e tyre origjinal. N\u00ebse d\u00ebshironi t\u00eb shk\u00ebmbeni nj\u00eb artikull me nj\u00eb tjet\u00ebr (p\u00ebr shembull, nj\u00eb madh\u00ebsi, ngjyr\u00eb ose model t\u00eb ndrysh\u00ebm), ju lutemi na kontaktoni p\u00ebr t\u00eb rregulluar shk\u00ebmbimin.<\/span><\/p>\n<p data-start=\"157\" data-end=\"432\">\n<\/p><p data-start=\"436\" data-end=\"601\"><span style=\"font-size: 1rem;\">N\u00ebse shk\u00ebmbimi nuk mund t\u00eb b\u00ebhet drejtp\u00ebrdrejt, ju gjithmon\u00eb mund t\u00eb ushtroni t\u00eb drejt\u00ebn tuaj t\u00eb t\u00ebrheqjes dhe t\u00eb k\u00ebrkoni nj\u00eb rimbursim n\u00eb p\u00ebrputhje me rregulloret aktuale dhe si\u00e7 tregohet n\u00eb pik\u00ebn 1 t\u00eb k\u00ebsaj politike.<\/span><\/p>\n<p data-start=\"436\" data-end=\"601\">Shk\u00ebmbimet e produkteve mund t\u00eb b\u00ebhen deri n\u00eb 3 dit\u00eb pas marrjes.<\/p>\n<p><!-- \/wp:paragraph --><!-- wp:paragraph --><\/p>\n<p><strong>4. Procesi i kthimit<\/strong><\/p>\n<p><!-- \/wp:paragraph --><!-- wp:paragraph --><\/p>\n<p>Pasi t\u00eb na njoftoni p\u00ebr q\u00ebllimin tuaj p\u00ebr t\u00eb kthyer nj\u00eb artikull, ne do t&#039;ju d\u00ebrgojm\u00eb udh\u00ebzime p\u00ebr kthimin e artikullit.<\/p>\n<p><!-- \/wp:paragraph --><!-- wp:paragraph --><\/p>\n<p>Shpenzimet e transportit t\u00eb kthimit do t\u00eb mbulohen nga klienti, si dhe \u00e7do tarif\u00eb tjet\u00ebr e lidhur me t\u00eb, si\u00e7 jan\u00eb detyrimet doganore, p\u00ebrve\u00e7 n\u00ebse produkti \u00ebsht\u00eb me defekt ose p\u00ebr shkak t\u00eb nj\u00eb gabimi nga ana jon\u00eb. N\u00eb raste t\u00eb tilla, ne do t\u00eb mbulojm\u00eb kostot e marrjes dhe kthimit.<\/p>\n<p><!-- \/wp:paragraph --><!-- wp:paragraph --><\/p>\n<p><strong>5. Rimbursimi<\/strong><\/p>\n<p><!-- \/wp:paragraph --><!-- wp:paragraph --><\/p>\n<p>Pas marrjes dhe inspektimit t\u00eb produktit t\u00eb kthyer, ne do t\u00eb p\u00ebrpunojm\u00eb rimbursimin brenda nj\u00eb maksimumi prej 14 dit\u00ebsh kalendarike. Rimbursimi do t\u00eb l\u00ebshohet duke p\u00ebrdorur t\u00eb nj\u00ebjt\u00ebn metod\u00eb pagese t\u00eb p\u00ebrdorur p\u00ebr blerjen, p\u00ebrve\u00e7 n\u00ebse \u00ebsht\u00eb r\u00ebn\u00eb dakord ndryshe.<\/p>\n<p><!-- \/wp:paragraph --><!-- wp:paragraph --><\/p>\n<p>N\u00eb var\u00ebsi t\u00eb metod\u00ebs s\u00eb pages\u00ebs, rimbursimi do t\u00eb b\u00ebhet si m\u00eb posht\u00eb:<\/p>\n<p><!-- \/wp:paragraph --><!-- wp:list --><\/p>\n<ul>\n<li>Kart\u00eb bankare: kredi n\u00eb llogarin\u00eb e lidhur.<\/li>\n<li>Bizum: depozitoni n\u00eb llogarin\u00eb e lidhur.<\/li>\n<li>Transferimi: rimbursimi n\u00eb llogarin\u00eb nga e cila \u00ebsht\u00eb b\u00ebr\u00eb pagesa.<\/li>\n<\/ul>\n<p><!-- \/wp:list --><!-- wp:paragraph --><\/p>\n<p><strong>6. Produkte me defekt ose gabime n\u00eb porosi<\/strong><\/p>\n<p><!-- \/wp:paragraph --><!-- wp:paragraph --><\/p>\n<p>N\u00ebse produkti arrin me defekt ose ka ndodhur ndonj\u00eb gabim n\u00eb porosi, ju lutemi na kontaktoni sa m\u00eb shpejt t\u00eb jet\u00eb e mundur. Ne do t\u00eb mbulojm\u00eb t\u00eb gjitha kostot e transportit dhe do t\u00eb organizojm\u00eb nj\u00eb rimbursim ose z\u00ebvend\u00ebsim p\u00ebr produktin e prekur.<\/p>\n<p><!-- \/wp:paragraph --><!-- wp:paragraph --><\/p>\n<p><strong>7. Politika e Transportit<\/strong><\/p>\n<p>Kostoja e transportit dhe zhdoganimit t\u00eb k\u00ebrkuar p\u00ebr kthimin do t\u00eb mbulohet nga klienti.<\/p>\n<p data-start=\"92\" data-end=\"137\"><strong data-start=\"92\" data-end=\"137\">Rekomandim p\u00ebrpara se t\u00eb b\u00ebni porosin\u00eb tuaj<\/strong><\/p>\n<p data-start=\"139\" data-end=\"351\">Ne ju rekomandojm\u00eb t\u00eb shqyrtoni me kujdes madh\u00ebsit\u00eb p\u00ebrpara se t\u00eb finalizoni blerjen tuaj. \u00cbsht\u00eb e r\u00ebnd\u00ebsishme t\u00eb merrni matjet tuaja dhe t&#039;i krahasoni ato me udh\u00ebzuesin ton\u00eb t\u00eb madh\u00ebsive ose kalkulatorin p\u00ebr t&#039;u siguruar q\u00eb t\u00eb zgjidhni opsionin m\u00eb t\u00eb p\u00ebrshtatsh\u00ebm.<\/p>\n<p data-start=\"353\" data-end=\"571\">N\u00eb k\u00ebt\u00eb m\u00ebnyr\u00eb, ne punojm\u00eb s\u00eb bashku p\u00ebr t\u00eb shmangur shk\u00ebmbimet ose kthimet e panevojshme, t\u00eb cilat jo vet\u00ebm q\u00eb zvog\u00eblojn\u00eb kostot e transportit dhe kthimit p\u00ebr klientin, por gjithashtu ndihmojn\u00eb n\u00eb minimizimin e ndikimit n\u00eb mjedis.<\/p>\n<p><\/p>\n<p data-start=\"573\" data-end=\"615\">Faleminderit p\u00ebr mir\u00ebkuptimin dhe bashk\u00ebpunimin tuaj.<\/p>\n<p><!-- \/wp:paragraph --><!-- wp:paragraph --><\/p>\n<p>P\u00ebr \u00e7do k\u00ebrkes\u00eb q\u00eb lidhet me kthimin, ju lutemi na kontaktoni:<\/p>\n<p><!-- \/wp:paragraph --><!-- wp:list --><\/p>\n<ul>\n<li>Kompania: Pablo Angulo Maspons<\/li>\n<li>Popullsia: Vinaroz, Spanj\u00eb<\/li>\n<li>Telefoni: 613395013<\/li>\n<li>Posta: <a href=\"mailto:info@rosanacl.com\">info@rosanacl.com <\/a><\/li>\n<\/ul>\t\t\t\t\t\t\t\t<\/div>\n\t\t\t\t<\/div>\n\t\t\t\t\t<\/div>\n\t\t\t\t<\/div>\n\t\t\t\t<\/div>","protected":false},"excerpt":{"rendered":"<p>Esta pol\u00edtica de devoluciones fue actualizada por \u00faltima vez el 23\/05\/2025 y se aplica a todas las compras realizadas a trav\u00e9s de nuestra web: https:\/\/rosanacl.com\/ 1. Derecho de desistimiento Tienes derecho a desistir de tu compra dentro de un plazo de 14 d\u00edas naturales desde la recepci\u00f3n del producto, sin necesidad de justificaci\u00f3n. Para ejercer [&hellip;]<\/p>\n","protected":false},"author":1,"featured_media":0,"parent":0,"menu_order":0,"comment_status":"closed","ping_status":"closed","template":"","meta":{"content-type":"","footnotes":""},"class_list":["post-2006","page","type-page","status-publish","hentry"],"yoast_head":"<!-- This site is optimized with the Yoast SEO plugin v27.4 - https:\/\/yoast.com\/product\/yoast-seo-wordpress\/ -->\n<title>Pol\u00edtica de Devoluci\u00f3n - Rosana CL<\/title>\n<meta name=\"robots\" content=\"index, follow, max-snippet:-1, max-image-preview:large, max-video-preview:-1\" \/>\n<link rel=\"canonical\" href=\"https:\/\/rosanacl.com\/sq\/politica-de-devolucion\/\" \/>\n<meta property=\"og:locale\" content=\"sq_AL\" \/>\n<meta property=\"og:type\" content=\"article\" \/>\n<meta property=\"og:title\" content=\"Pol\u00edtica de Devoluci\u00f3n - Rosana CL\" \/>\n<meta property=\"og:description\" content=\"Esta pol\u00edtica de devoluciones fue actualizada por \u00faltima vez el 23\/05\/2025 y se aplica a todas las compras realizadas a trav\u00e9s de nuestra web: https:\/\/rosanacl.com\/ 1. Derecho de desistimiento Tienes derecho a desistir de tu compra dentro de un plazo de 14 d\u00edas naturales desde la recepci\u00f3n del producto, sin necesidad de justificaci\u00f3n. Para ejercer [&hellip;]\" \/>\n<meta property=\"og:url\" content=\"https:\/\/rosanacl.com\/sq\/politica-de-devolucion\/\" \/>\n<meta property=\"og:site_name\" content=\"Rosana CL\" \/>\n<meta property=\"article:modified_time\" content=\"2025-12-14T21:28:46+00:00\" \/>\n<meta name=\"twitter:card\" content=\"summary_large_image\" \/>\n<meta name=\"twitter:label1\" content=\"Est. reading time\" \/>\n\t<meta name=\"twitter:data1\" content=\"3 minuta\" \/>\n<script type=\"application\/ld+json\" class=\"yoast-schema-graph\">{\"@context\":\"https:\\\/\\\/schema.org\",\"@graph\":[{\"@type\":\"WebPage\",\"@id\":\"https:\\\/\\\/rosanacl.com\\\/politica-de-devolucion\\\/\",\"url\":\"https:\\\/\\\/rosanacl.com\\\/politica-de-devolucion\\\/\",\"name\":\"Pol\u00edtica de Devoluci\u00f3n - Rosana CL\",\"isPartOf\":{\"@id\":\"https:\\\/\\\/rosanacl.com\\\/ca\\\/#website\"},\"datePublished\":\"2025-05-23T06:26:39+00:00\",\"dateModified\":\"2025-12-14T21:28:46+00:00\",\"breadcrumb\":{\"@id\":\"https:\\\/\\\/rosanacl.com\\\/politica-de-devolucion\\\/#breadcrumb\"},\"inLanguage\":\"sq\",\"potentialAction\":[{\"@type\":\"ReadAction\",\"target\":[\"https:\\\/\\\/rosanacl.com\\\/politica-de-devolucion\\\/\"]}]},{\"@type\":\"BreadcrumbList\",\"@id\":\"https:\\\/\\\/rosanacl.com\\\/politica-de-devolucion\\\/#breadcrumb\",\"itemListElement\":[{\"@type\":\"ListItem\",\"position\":1,\"name\":\"Portada\",\"item\":\"https:\\\/\\\/rosanacl.com\\\/ca\\\/\"},{\"@type\":\"ListItem\",\"position\":2,\"name\":\"Pol\u00edtica de Devoluci\u00f3n\"}]},{\"@type\":\"WebSite\",\"@id\":\"https:\\\/\\\/rosanacl.com\\\/ca\\\/#website\",\"url\":\"https:\\\/\\\/rosanacl.com\\\/ca\\\/\",\"name\":\"Rosana CL\",\"description\":\"Somos tu interior\",\"potentialAction\":[{\"@type\":\"SearchAction\",\"target\":{\"@type\":\"EntryPoint\",\"urlTemplate\":\"https:\\\/\\\/rosanacl.com\\\/ca\\\/?s={search_term_string}\"},\"query-input\":{\"@type\":\"PropertyValueSpecification\",\"valueRequired\":true,\"valueName\":\"search_term_string\"}}],\"inLanguage\":\"sq\"}]}<\/script>\n<!-- \/ Yoast SEO plugin. -->","yoast_head_json":{"title":"Pol\u00edtica de Devoluci\u00f3n - Rosana CL","robots":{"index":"index","follow":"follow","max-snippet":"max-snippet:-1","max-image-preview":"max-image-preview:large","max-video-preview":"max-video-preview:-1"},"canonical":"https:\/\/rosanacl.com\/sq\/politica-de-devolucion\/","og_locale":"sq_AL","og_type":"article","og_title":"Pol\u00edtica de Devoluci\u00f3n - Rosana CL","og_description":"Esta pol\u00edtica de devoluciones fue actualizada por \u00faltima vez el 23\/05\/2025 y se aplica a todas las compras realizadas a trav\u00e9s de nuestra web: https:\/\/rosanacl.com\/ 1. Derecho de desistimiento Tienes derecho a desistir de tu compra dentro de un plazo de 14 d\u00edas naturales desde la recepci\u00f3n del producto, sin necesidad de justificaci\u00f3n. Para ejercer [&hellip;]","og_url":"https:\/\/rosanacl.com\/sq\/politica-de-devolucion\/","og_site_name":"Rosana CL","article_modified_time":"2025-12-14T21:28:46+00:00","twitter_card":"summary_large_image","twitter_misc":{"Est. reading time":"3 minuta"},"schema":{"@context":"https:\/\/schema.org","@graph":[{"@type":"WebPage","@id":"https:\/\/rosanacl.com\/politica-de-devolucion\/","url":"https:\/\/rosanacl.com\/politica-de-devolucion\/","name":"Pol\u00edtica de Devoluci\u00f3n - Rosana CL","isPartOf":{"@id":"https:\/\/rosanacl.com\/ca\/#website"},"datePublished":"2025-05-23T06:26:39+00:00","dateModified":"2025-12-14T21:28:46+00:00","breadcrumb":{"@id":"https:\/\/rosanacl.com\/politica-de-devolucion\/#breadcrumb"},"inLanguage":"sq","potentialAction":[{"@type":"ReadAction","target":["https:\/\/rosanacl.com\/politica-de-devolucion\/"]}]},{"@type":"BreadcrumbList","@id":"https:\/\/rosanacl.com\/politica-de-devolucion\/#breadcrumb","itemListElement":[{"@type":"ListItem","position":1,"name":"Portada","item":"https:\/\/rosanacl.com\/ca\/"},{"@type":"ListItem","position":2,"name":"Pol\u00edtica de Devoluci\u00f3n"}]},{"@type":"WebSite","@id":"https:\/\/rosanacl.com\/ca\/#website","url":"https:\/\/rosanacl.com\/ca\/","name":"Rosana CL","description":"Ne jemi vetvetja juaj e brendshme","potentialAction":[{"@type":"SearchAction","target":{"@type":"EntryPoint","urlTemplate":"https:\/\/rosanacl.com\/ca\/?s={search_term_string}"},"query-input":{"@type":"PropertyValueSpecification","valueRequired":true,"valueName":"search_term_string"}}],"inLanguage":"sq"}]}},"_links":{"self":[{"href":"https:\/\/rosanacl.com\/sq\/wp-json\/wp\/v2\/pages\/2006","targetHints":{"allow":["GET"]}}],"collection":[{"href":"https:\/\/rosanacl.com\/sq\/wp-json\/wp\/v2\/pages"}],"about":[{"href":"https:\/\/rosanacl.com\/sq\/wp-json\/wp\/v2\/types\/page"}],"author":[{"embeddable":true,"href":"https:\/\/rosanacl.com\/sq\/wp-json\/wp\/v2\/users\/1"}],"replies":[{"embeddable":true,"href":"https:\/\/rosanacl.com\/sq\/wp-json\/wp\/v2\/comments?post=2006"}],"version-history":[{"count":5,"href":"https:\/\/rosanacl.com\/sq\/wp-json\/wp\/v2\/pages\/2006\/revisions"}],"predecessor-version":[{"id":4262,"href":"https:\/\/rosanacl.com\/sq\/wp-json\/wp\/v2\/pages\/2006\/revisions\/4262"}],"wp:attachment":[{"href":"https:\/\/rosanacl.com\/sq\/wp-json\/wp\/v2\/media?parent=2006"}],"curies":[{"name":"wp","href":"https:\/\/api.w.org\/{rel}","templated":true}]}}