{"id":21,"date":"2025-03-28T16:06:23","date_gmt":"2025-03-28T19:06:23","guid":{"rendered":"https:\/\/innovacon.simplificandotuweb.com\/?page_id=21"},"modified":"2025-05-10T02:25:08","modified_gmt":"2025-05-10T00:25:08","slug":"declaracion-de-accesibilidad","status":"publish","type":"page","link":"https:\/\/rosanacl.com\/sq\/declaracion-de-accesibilidad\/","title":{"rendered":"Deklarata e Aksesueshm\u00ebris\u00eb"},"content":{"rendered":"<div data-elementor-type=\"wp-page\" data-elementor-id=\"21\" class=\"elementor elementor-21\" data-elementor-post-type=\"page\">\n\t\t\t\t<div class=\"elementor-element elementor-element-eb41712 e-flex e-con-boxed e-con e-parent\" data-id=\"eb41712\" data-element_type=\"container\" data-e-type=\"container\" data-settings=\"{&quot;background_background&quot;:&quot;classic&quot;}\">\n\t\t\t\t\t<div class=\"e-con-inner\">\n\t\t<div class=\"elementor-element elementor-element-394e804 e-con-full e-flex e-con e-child\" data-id=\"394e804\" data-element_type=\"container\" data-e-type=\"container\">\n\t\t\t\t<div class=\"elementor-element elementor-element-4858173 elementor-widget elementor-widget-heading\" data-id=\"4858173\" data-element_type=\"widget\" data-e-type=\"widget\" data-widget_type=\"heading.default\">\n\t\t\t\t<div class=\"elementor-widget-container\">\n\t\t\t\t\t<h2 class=\"elementor-heading-title elementor-size-default\">Deklarata e Aksesueshm\u00ebris\u00eb<\/h2>\t\t\t\t<\/div>\n\t\t\t\t<\/div>\n\t\t\t\t<\/div>\n\t\t\t\t\t<\/div>\n\t\t\t\t<\/div>\n\t\t<div class=\"elementor-element elementor-element-3c3c9a51 e-flex e-con-boxed e-con e-parent\" data-id=\"3c3c9a51\" data-element_type=\"container\" data-e-type=\"container\">\n\t\t\t\t\t<div class=\"e-con-inner\">\n\t\t\t\t<div class=\"elementor-element elementor-element-d37677a elementor-widget elementor-widget-text-editor\" data-id=\"d37677a\" data-element_type=\"widget\" data-e-type=\"widget\" data-widget_type=\"text-editor.default\">\n\t\t\t\t<div class=\"elementor-widget-container\">\n\t\t\t\t\t\t\t\t\t\n<p>PABLO ANGULO MASPONS \u00ebsht\u00eb e angazhuar ta b\u00ebj\u00eb faqen e saj t\u00eb internetit t\u00eb aksesueshme, n\u00eb p\u00ebrputhje me Dekretin Mbret\u00ebror 1112\/2018, t\u00eb 7 shtatorit, mbi aksesueshm\u00ebrin\u00eb e faqeve t\u00eb internetit dhe aplikacioneve mobile n\u00eb sektorin publik. Kjo deklarat\u00eb aksesueshm\u00ebrie zbatohet p\u00ebr k\u00ebt\u00eb faqe interneti.<\/p>\n\n<p><strong>Statusi i pajtueshm\u00ebris\u00eb<\/strong><\/p>\n\n<p>Kjo faqe interneti \u00ebsht\u00eb zhvilluar sipas RD 1112\/2018<\/p>\n\n<p><strong>P\u00ebrgatitja p\u00ebr deklarat\u00ebn e ardhshme t\u00eb aksesueshm\u00ebris\u00eb<\/strong><\/p>\n\n<p>Kjo deklarat\u00eb u p\u00ebrgatit m\u00eb 20 prill 2023. Metoda e p\u00ebrdorur p\u00ebr t\u00eb p\u00ebrgatitur deklarat\u00ebn ishte nj\u00eb vet\u00ebvler\u00ebsim.<\/p>\n\n<p><strong>Komentet dhe informacionet e kontaktit<\/strong><\/p>\n\n<p>Ju mund t\u00eb b\u00ebni komunikime n\u00eb lidhje me k\u00ebrkesat e aksesueshm\u00ebris\u00eb (neni 10.2.a i RD 1112\/2018) si p.sh.:<\/p>\n\n<ul class=\"wp-block-list\">\n<li>Raportoni \u00e7do shkelje t\u00eb mundshme nga kjo faqe interneti<\/li>\n\n<li>Transmetoni v\u00ebshtir\u00ebsi t\u00eb tjera n\u00eb aksesimin e p\u00ebrmbajtjes<\/li>\n\n<li>B\u00ebni \u00e7do pyetje ose sugjerim tjet\u00ebr p\u00ebr p\u00ebrmir\u00ebsim n\u00eb lidhje me aksesueshm\u00ebrin\u00eb e faqes s\u00eb internetit p\u00ebrmes formularit t\u00eb kontaktit n\u00eb k\u00ebt\u00eb faqe interneti ose p\u00ebrmes numrit t\u00eb telefonit.\u00a0<\/li>\n<\/ul>\n\n<p>Ju mund t\u00eb paraqisni:<\/p>\n\n<ul class=\"wp-block-list\">\n<li>Ankes\u00eb n\u00eb lidhje me pajtueshm\u00ebrin\u00eb me k\u00ebrkesat e RD 1112\/2018<\/li>\n\n<li>K\u00ebrkes\u00eb p\u00ebr informacion t\u00eb arritsh\u00ebm n\u00eb lidhje me:\n<ul class=\"wp-block-list\">\n<li>P\u00ebrmbajtjet q\u00eb p\u00ebrjashtohen nga fusha e zbatimit t\u00eb RD 1112\/2018 sipas asaj q\u00eb p\u00ebrcaktohet n\u00eb nenin 3, seksioni 4<\/li>\n\n<li>P\u00ebrmbajtje q\u00eb p\u00ebrjashtohet nga pajtueshm\u00ebria me k\u00ebrkesat e aksesueshm\u00ebris\u00eb p\u00ebr shkak t\u00eb vendosjes s\u00eb nj\u00eb barre joproporcionale<\/li>\n\n<li>K\u00ebrkesa p\u00ebr Informacion t\u00eb Qassh\u00ebm duhet t\u00eb p\u00ebrcaktoj\u00eb qart\u00eb faktet, arsyet dhe k\u00ebrkes\u00ebn p\u00ebr t\u00eb v\u00ebrtetuar se \u00ebsht\u00eb nj\u00eb k\u00ebrkes\u00eb e arsyeshme dhe legjitime.<\/li>\n<\/ul>\n<\/li>\n<\/ul>\n\n<p>Ankesat dhe pretendimet n\u00eb lidhje me informacionin e aksesuesh\u00ebm do t\u00eb paraqiten p\u00ebrmes faqes elektronike (https:\/\/sede.red.gob.es\/procedimientos\/quejas-y-sugerencias) dhe do t\u00eb merren dhe p\u00ebrpunohen nga departamenti i Sistemeve t\u00eb Informacionit t\u00eb Red.es.<\/p>\n\n<p><strong>P\u00ebrmbajtje opsionale<\/strong><\/p>\n\n<ul class=\"wp-block-list\">\n<li>P\u00ebr t\u00eb ndryshuar madh\u00ebsin\u00eb e shkronjave n\u00eb shfletuesit kryesor\u00eb grafik\u00eb, p\u00ebrdorni menut\u00eb e m\u00ebposhtme:<\/li>\n\n<li>Safari: Shiko &gt; Zmadho tekstin<\/li>\n\n<li>Chrome: Kontrolloni faqen aktuale &gt; Madh\u00ebsia e tekstit<\/li>\n<\/ul>\n\n<p>P\u00ebr t\u00eb ndryshuar madh\u00ebsin\u00eb e gjith\u00e7kaje n\u00eb faqe:<\/p>\n\n<ul class=\"wp-block-list\">\n<li>Ctrl++ p\u00ebr ta rritur at\u00eb<\/li>\n\n<li>Ctrl + \u2013 p\u00ebr ta zvog\u00ebluar at\u00eb<\/li>\n\n<li>Ctrl + 0 rikthen madh\u00ebsin\u00eb origjinale t\u00eb tekstit<\/li>\n\n<li>N\u00ebse doni t\u00eb anashkaloni flet\u00ebn e stilit ose t\u00eb ndryshoni ngjyr\u00ebn e tekstit, mund t\u00eb konsultoheni me faqen Si t\u00eb ndryshoni madh\u00ebsin\u00eb ose ngjyrat e tekstit t\u00eb WAI-s\u00eb, e cila mund t\u00eb lexohet e p\u00ebrkthyer n\u00eb spanjisht si Si t\u00eb ndryshoni madh\u00ebsin\u00eb ose ngjyrat e tekstit?<\/li>\n<\/ul>\n\t\t\t\t\t\t\t\t<\/div>\n\t\t\t\t<\/div>\n\t\t\t\t\t<\/div>\n\t\t\t\t<\/div>\n\t\t\t\t<\/div>","protected":false},"excerpt":{"rendered":"<p>PABLO ANGULO MASPONS se ha comprometido a hacer accesible su sitio web, conforme al Real Decreto 1112\/2018, de 7 de septiembre, sobre accesibilidad de los sitios web y aplicaciones para dispositivos m\u00f3viles del sector p\u00fablico. Esta declaraci\u00f3n de accesibilidad se aplica a esta web. Situaci\u00f3n de cumplimiento Este sitio web est\u00e1 desarrollado seg\u00fan el RD [&hellip;]<\/p>\n","protected":false},"author":1,"featured_media":0,"parent":0,"menu_order":0,"comment_status":"closed","ping_status":"closed","template":"","meta":{"content-type":"","footnotes":""},"class_list":["post-21","page","type-page","status-publish","hentry"],"yoast_head":"<!-- This site is optimized with the Yoast SEO plugin v27.4 - https:\/\/yoast.com\/product\/yoast-seo-wordpress\/ -->\n<title>Declaraci\u00f3n de Accesibilidad - Rosana CL<\/title>\n<meta name=\"robots\" content=\"index, follow, max-snippet:-1, max-image-preview:large, max-video-preview:-1\" \/>\n<link rel=\"canonical\" href=\"https:\/\/rosanacl.com\/sq\/declaracion-de-accesibilidad\/\" \/>\n<meta property=\"og:locale\" content=\"sq_AL\" \/>\n<meta property=\"og:type\" content=\"article\" \/>\n<meta property=\"og:title\" content=\"Declaraci\u00f3n de Accesibilidad - Rosana CL\" \/>\n<meta property=\"og:description\" content=\"PABLO ANGULO MASPONS se ha comprometido a hacer accesible su sitio web, conforme al Real Decreto 1112\/2018, de 7 de septiembre, sobre accesibilidad de los sitios web y aplicaciones para dispositivos m\u00f3viles del sector p\u00fablico. Esta declaraci\u00f3n de accesibilidad se aplica a esta web. Situaci\u00f3n de cumplimiento Este sitio web est\u00e1 desarrollado seg\u00fan el RD [&hellip;]\" \/>\n<meta property=\"og:url\" content=\"https:\/\/rosanacl.com\/sq\/declaracion-de-accesibilidad\/\" \/>\n<meta property=\"og:site_name\" content=\"Rosana CL\" \/>\n<meta property=\"article:modified_time\" content=\"2025-05-10T00:25:08+00:00\" \/>\n<meta name=\"twitter:card\" content=\"summary_large_image\" \/>\n<meta name=\"twitter:label1\" content=\"Est. reading time\" \/>\n\t<meta name=\"twitter:data1\" content=\"2 minuta\" \/>\n<script type=\"application\/ld+json\" class=\"yoast-schema-graph\">{\"@context\":\"https:\\\/\\\/schema.org\",\"@graph\":[{\"@type\":\"WebPage\",\"@id\":\"https:\\\/\\\/rosanacl.com\\\/declaracion-de-accesibilidad\\\/\",\"url\":\"https:\\\/\\\/rosanacl.com\\\/declaracion-de-accesibilidad\\\/\",\"name\":\"Declaraci\u00f3n de Accesibilidad - Rosana CL\",\"isPartOf\":{\"@id\":\"https:\\\/\\\/rosanacl.com\\\/ca\\\/#website\"},\"datePublished\":\"2025-03-28T19:06:23+00:00\",\"dateModified\":\"2025-05-10T00:25:08+00:00\",\"breadcrumb\":{\"@id\":\"https:\\\/\\\/rosanacl.com\\\/declaracion-de-accesibilidad\\\/#breadcrumb\"},\"inLanguage\":\"sq\",\"potentialAction\":[{\"@type\":\"ReadAction\",\"target\":[\"https:\\\/\\\/rosanacl.com\\\/declaracion-de-accesibilidad\\\/\"]}]},{\"@type\":\"BreadcrumbList\",\"@id\":\"https:\\\/\\\/rosanacl.com\\\/declaracion-de-accesibilidad\\\/#breadcrumb\",\"itemListElement\":[{\"@type\":\"ListItem\",\"position\":1,\"name\":\"Portada\",\"item\":\"https:\\\/\\\/rosanacl.com\\\/ca\\\/\"},{\"@type\":\"ListItem\",\"position\":2,\"name\":\"Declaraci\u00f3n de Accesibilidad\"}]},{\"@type\":\"WebSite\",\"@id\":\"https:\\\/\\\/rosanacl.com\\\/ca\\\/#website\",\"url\":\"https:\\\/\\\/rosanacl.com\\\/ca\\\/\",\"name\":\"Rosana CL\",\"description\":\"Somos tu interior\",\"potentialAction\":[{\"@type\":\"SearchAction\",\"target\":{\"@type\":\"EntryPoint\",\"urlTemplate\":\"https:\\\/\\\/rosanacl.com\\\/ca\\\/?s={search_term_string}\"},\"query-input\":{\"@type\":\"PropertyValueSpecification\",\"valueRequired\":true,\"valueName\":\"search_term_string\"}}],\"inLanguage\":\"sq\"}]}<\/script>\n<!-- \/ Yoast SEO plugin. -->","yoast_head_json":{"title":"Declaraci\u00f3n de Accesibilidad - Rosana CL","robots":{"index":"index","follow":"follow","max-snippet":"max-snippet:-1","max-image-preview":"max-image-preview:large","max-video-preview":"max-video-preview:-1"},"canonical":"https:\/\/rosanacl.com\/sq\/declaracion-de-accesibilidad\/","og_locale":"sq_AL","og_type":"article","og_title":"Declaraci\u00f3n de Accesibilidad - Rosana CL","og_description":"PABLO ANGULO MASPONS se ha comprometido a hacer accesible su sitio web, conforme al Real Decreto 1112\/2018, de 7 de septiembre, sobre accesibilidad de los sitios web y aplicaciones para dispositivos m\u00f3viles del sector p\u00fablico. Esta declaraci\u00f3n de accesibilidad se aplica a esta web. Situaci\u00f3n de cumplimiento Este sitio web est\u00e1 desarrollado seg\u00fan el RD [&hellip;]","og_url":"https:\/\/rosanacl.com\/sq\/declaracion-de-accesibilidad\/","og_site_name":"Rosana CL","article_modified_time":"2025-05-10T00:25:08+00:00","twitter_card":"summary_large_image","twitter_misc":{"Est. reading time":"2 minuta"},"schema":{"@context":"https:\/\/schema.org","@graph":[{"@type":"WebPage","@id":"https:\/\/rosanacl.com\/declaracion-de-accesibilidad\/","url":"https:\/\/rosanacl.com\/declaracion-de-accesibilidad\/","name":"Declaraci\u00f3n de Accesibilidad - Rosana CL","isPartOf":{"@id":"https:\/\/rosanacl.com\/ca\/#website"},"datePublished":"2025-03-28T19:06:23+00:00","dateModified":"2025-05-10T00:25:08+00:00","breadcrumb":{"@id":"https:\/\/rosanacl.com\/declaracion-de-accesibilidad\/#breadcrumb"},"inLanguage":"sq","potentialAction":[{"@type":"ReadAction","target":["https:\/\/rosanacl.com\/declaracion-de-accesibilidad\/"]}]},{"@type":"BreadcrumbList","@id":"https:\/\/rosanacl.com\/declaracion-de-accesibilidad\/#breadcrumb","itemListElement":[{"@type":"ListItem","position":1,"name":"Portada","item":"https:\/\/rosanacl.com\/ca\/"},{"@type":"ListItem","position":2,"name":"Declaraci\u00f3n de Accesibilidad"}]},{"@type":"WebSite","@id":"https:\/\/rosanacl.com\/ca\/#website","url":"https:\/\/rosanacl.com\/ca\/","name":"Rosana CL","description":"Ne jemi vetvetja juaj e brendshme","potentialAction":[{"@type":"SearchAction","target":{"@type":"EntryPoint","urlTemplate":"https:\/\/rosanacl.com\/ca\/?s={search_term_string}"},"query-input":{"@type":"PropertyValueSpecification","valueRequired":true,"valueName":"search_term_string"}}],"inLanguage":"sq"}]}},"_links":{"self":[{"href":"https:\/\/rosanacl.com\/sq\/wp-json\/wp\/v2\/pages\/21","targetHints":{"allow":["GET"]}}],"collection":[{"href":"https:\/\/rosanacl.com\/sq\/wp-json\/wp\/v2\/pages"}],"about":[{"href":"https:\/\/rosanacl.com\/sq\/wp-json\/wp\/v2\/types\/page"}],"author":[{"embeddable":true,"href":"https:\/\/rosanacl.com\/sq\/wp-json\/wp\/v2\/users\/1"}],"replies":[{"embeddable":true,"href":"https:\/\/rosanacl.com\/sq\/wp-json\/wp\/v2\/comments?post=21"}],"version-history":[{"count":0,"href":"https:\/\/rosanacl.com\/sq\/wp-json\/wp\/v2\/pages\/21\/revisions"}],"wp:attachment":[{"href":"https:\/\/rosanacl.com\/sq\/wp-json\/wp\/v2\/media?parent=21"}],"curies":[{"name":"wp","href":"https:\/\/api.w.org\/{rel}","templated":true}]}}