{"id":2566,"date":"2025-07-01T12:13:48","date_gmt":"2025-07-01T10:13:48","guid":{"rendered":"https:\/\/rosanacl.com\/?page_id=2566"},"modified":"2025-12-14T20:43:04","modified_gmt":"2025-12-14T19:43:04","slug":"politica-de-envio","status":"publish","type":"page","link":"https:\/\/rosanacl.com\/sq\/politica-de-envio\/","title":{"rendered":"Politika e Transportit"},"content":{"rendered":"<div data-elementor-type=\"wp-page\" data-elementor-id=\"2566\" class=\"elementor elementor-2566\" data-elementor-post-type=\"page\">\n\t\t\t\t<div class=\"elementor-element elementor-element-7a0b207 e-flex e-con-boxed e-con e-parent\" data-id=\"7a0b207\" data-element_type=\"container\" data-e-type=\"container\" data-settings=\"{&quot;background_background&quot;:&quot;classic&quot;}\">\n\t\t\t\t\t<div class=\"e-con-inner\">\n\t\t<div class=\"elementor-element elementor-element-2fcf4bc e-con-full e-flex e-con e-child\" data-id=\"2fcf4bc\" data-element_type=\"container\" data-e-type=\"container\">\n\t\t\t\t<div class=\"elementor-element elementor-element-d10b990 elementor-widget elementor-widget-heading\" data-id=\"d10b990\" data-element_type=\"widget\" data-e-type=\"widget\" data-widget_type=\"heading.default\">\n\t\t\t\t<div class=\"elementor-widget-container\">\n\t\t\t\t\t<h2 class=\"elementor-heading-title elementor-size-default\">Politika e Transportit<\/h2>\t\t\t\t<\/div>\n\t\t\t\t<\/div>\n\t\t\t\t<\/div>\n\t\t\t\t\t<\/div>\n\t\t\t\t<\/div>\n\t\t<div class=\"elementor-element elementor-element-eca30f2 e-flex e-con-boxed e-con e-parent\" data-id=\"eca30f2\" data-element_type=\"container\" data-e-type=\"container\">\n\t\t\t\t\t<div class=\"e-con-inner\">\n\t\t\t\t<div class=\"elementor-element elementor-element-8328658 elementor-widget elementor-widget-text-editor\" data-id=\"8328658\" data-element_type=\"widget\" data-e-type=\"widget\" data-widget_type=\"text-editor.default\">\n\t\t\t\t<div class=\"elementor-widget-container\">\n\t\t\t\t\t\t\t\t\t<p>Kjo politik\u00eb transporti \u00ebsht\u00eb p\u00ebrdit\u00ebsuar p\u00ebr her\u00eb t\u00eb fundit m\u00eb 01\/07\/2025 dhe vlen p\u00ebr t\u00eb gjitha blerjet e b\u00ebra p\u00ebrmes faqes son\u00eb t\u00eb internetit: <a href=\"https:\/\/rosanacl.com\/sq\/\">https:\/\/rosanacl.com\/<\/a><\/p>\n<p><!-- \/wp:paragraph --><!-- wp:paragraph --><\/p>\n<p data-start=\"261\" data-end=\"494\">N\u00eb <strong data-start=\"264\" data-end=\"277\">Rosana CL<\/strong> Ne jemi t\u00eb p\u00ebrkushtuar p\u00ebr t\u00eb siguruar q\u00eb p\u00ebrvoja juaj e blerjeve t\u00eb jet\u00eb e sigurt, e qart\u00eb dhe e k\u00ebnaqshme q\u00eb nga momenti q\u00eb merrni porosin\u00eb tuaj. M\u00eb posht\u00eb, shpjegojm\u00eb gjith\u00e7ka q\u00eb duhet t\u00eb dini rreth transportit ton\u00eb:<\/p>\n<p data-start=\"105\" data-end=\"384\"><strong data-start=\"105\" data-end=\"131\">1. Transportim n\u00eb t\u00eb gjith\u00eb bot\u00ebn<\/strong><br data-start=\"131\" data-end=\"134\">Ne d\u00ebrgojm\u00eb nd\u00ebrkomb\u00ebtarisht n\u00eb pothuajse \u00e7do vend. Pavar\u00ebsisht se ku ndodheni, mund ta b\u00ebni porosin\u00eb tuaj me besim t\u00eb plot\u00eb. Ne bashk\u00ebpunojm\u00eb me ofrues t\u00eb besuesh\u00ebm logjistik\u00eb p\u00ebr t\u00eb siguruar q\u00eb produktet tuaja t\u00eb mb\u00ebrrijn\u00eb n\u00eb koh\u00eb.<\/p>\n<p>N\u00eb Rosana Cl, ne trajtojm\u00eb \u00e7do porosi me kujdes dhe profesionaliz\u00ebm. Kjo \u00ebsht\u00eb arsyeja pse ne bashk\u00ebpunojm\u00eb me MBE (Mail Boxes Etc.), nj\u00eb kompani logjistike me 2,800 qendra n\u00eb 52 vende, duke na lejuar t\u00eb ofrojm\u00eb transport t\u00eb sigurt dhe efikas si n\u00eb nivel komb\u00ebtar ashtu edhe nd\u00ebrkomb\u00ebtar. Porosit\u00eb dor\u00ebzohen nga transportues me reputacion t\u00eb mir\u00eb si:<\/p>\n<ul>\n<li>UPS<\/li>\n<li>SEUR<\/li>\n<li>TNT<\/li>\n<li>FEDEX<\/li>\n<li>CORREOS EXPRESS<\/li>\n<li>Etj\u2026<\/li>\n<\/ul>\n<p>T\u00eb gjitha produktet tona do t\u00eb mb\u00ebrrijn\u00eb n\u00eb m\u00ebnyr\u00eb t\u00eb sigurt dhe t\u00eb shpejt\u00eb. Kjo siguron nj\u00eb proces transporti t\u00eb kujdessh\u00ebm dhe efikas, t\u00eb projektuar p\u00ebr t&#039;u ofruar klient\u00ebve tan\u00eb p\u00ebrvoj\u00ebn m\u00eb t\u00eb mir\u00eb t\u00eb mundshme.<\/p>\n<p data-start=\"105\" data-end=\"384\"><strong data-start=\"389\" data-end=\"417\">2. P\u00ebrpunimi i porosis\u00eb<\/strong><\/p>\n<p>T\u00eb gjitha porosit\u00eb p\u00ebrpunohen pasi t\u00eb konfirmohet pagesa.<br data-start=\"520\" data-end=\"523\"><strong data-start=\"523\" data-end=\"643\">N\u00ebse porosia b\u00ebhet n\u00eb m\u00ebngjes, ajo do t\u00eb d\u00ebrgohet n\u00eb pasdite. N\u00ebse b\u00ebhet n\u00eb pasdite, ajo do t\u00eb d\u00ebrgohet t\u00eb nes\u00ebrmen.<\/strong><br data-start=\"643\" data-end=\"646\">Gjat\u00eb promocioneve, shitjeve ose ngjarjeve t\u00eb tjera speciale, koha e p\u00ebrpunimit mund t\u00eb jet\u00eb pak m\u00eb e gjat\u00eb, por ne gjithmon\u00eb do t&#039;ju mbajm\u00eb t\u00eb informuar.<\/p>\n<p data-start=\"809\" data-end=\"1090\"><strong data-start=\"809\" data-end=\"845\">3. Numri i gjurmimit<\/strong><br data-start=\"845\" data-end=\"848\">Pasi porosia juaj t\u00eb jet\u00eb d\u00ebrguar, ne do t&#039;ju d\u00ebrgojm\u00eb nj\u00eb num\u00ebr gjurmimi me an\u00eb t\u00eb email-it ose kanalit t\u00eb komunikimit q\u00eb p\u00ebrdor\u00ebt kur keni bler\u00eb.<br data-start=\"1014\" data-end=\"1017\">Ju mund t\u00eb ndiqni statusin e d\u00ebrges\u00ebs suaj n\u00eb \u00e7do koh\u00eb derisa ta merrni at\u00eb.<\/p>\n<p data-start=\"809\" data-end=\"1090\"><strong data-start=\"1095\" data-end=\"1127\">4. Koh\u00ebt e parashikuara t\u00eb dor\u00ebzimit<\/strong><\/p>\n<p data-start=\"1095\" data-end=\"1291\">Koh\u00ebt e dor\u00ebzimit mund t\u00eb ndryshojn\u00eb n\u00eb var\u00ebsi t\u00eb vendit t\u00eb destinacionit, metod\u00ebs s\u00eb zgjedhur t\u00eb transportit dhe faktor\u00ebve t\u00eb tjer\u00eb t\u00eb jasht\u00ebm (moti, doganat, etj.). P\u00ebr referenc\u00eb:<\/p>\n<ul data-start=\"1293\" data-end=\"1530\">\n<li data-start=\"1293\" data-end=\"1342\">\n<p data-start=\"1295\" data-end=\"1342\">Transporti i Brendsh\u00ebm: <strong data-start=\"1314\" data-end=\"1340\">24 deri n\u00eb 48 or\u00eb pune.<\/strong><\/p>\n<\/li>\n<li data-start=\"1343\" data-end=\"1434\">\n<p data-start=\"1345\" data-end=\"1434\">Transporti nd\u00ebrkomb\u00ebtar brenda Evrop\u00ebs: <strong data-start=\"1386\" data-end=\"1408\">4 deri n\u00eb 6 dit\u00eb pune<\/strong>, me tok\u00eb ose aj\u00ebr.<\/p>\n<\/li>\n<li data-start=\"1435\" data-end=\"1530\">\n<p data-start=\"1437\" data-end=\"1530\">Transporti nd\u00ebrkomb\u00ebtar jasht\u00eb Evrop\u00ebs (pjesa tjet\u00ebr e bot\u00ebs): <strong data-start=\"1495\" data-end=\"1518\">8 deri n\u00eb 10 dit\u00eb pune<\/strong>, rrug\u00ebt e frym\u00ebmarrjes.<\/p>\n<\/li>\n<\/ul>\n<p>Sh\u00ebrbimi i transportit p\u00ebrfshin dy p\u00ebrpjekje p\u00ebr d\u00ebrges\u00eb gjat\u00eb dit\u00ebs ose dit\u00ebn tjet\u00ebr. N\u00ebse d\u00ebrgesa nuk mund t\u00eb b\u00ebhet p\u00ebr shkak t\u00eb informacionit t\u00eb humbur ose t\u00eb pasakt\u00eb, ose p\u00ebr shkak t\u00eb munges\u00ebs s\u00eb marr\u00ebsit, nj\u00eb d\u00ebrges\u00eb e tret\u00eb do t\u00eb b\u00ebhet n\u00eb nj\u00eb pik\u00eb marrjeje aty pran\u00eb.<\/p>\n<p>N\u00ebse klienti nuk e t\u00ebrheq produktin brenda 10 dit\u00ebve, paketa do t\u00eb kthehet n\u00eb magazin\u00ebn me t\u00eb cil\u00ebn bashk\u00ebpunojm\u00eb n\u00eb Rosana CL, e cila do t\u00eb zbrit\u00eb kostot e transportit dhe kthimit t\u00eb shkaktuara.&nbsp;<\/p>\n<p data-start=\"1437\" data-end=\"1530\"><strong>5. Kostot e transportit<\/strong><\/p>\n<p data-start=\"1535\" data-end=\"1779\">Kostot e transportit llogariten n\u00eb ark\u00eb bazuar n\u00eb adres\u00ebn e transportit dhe pesh\u00ebn e paket\u00ebs. N\u00eb raste t\u00eb ve\u00e7anta, ne ofrojm\u00eb transport falas n\u00eb vende t\u00eb caktuara ose p\u00ebr porosi mbi nj\u00eb shum\u00eb t\u00eb caktuar.<\/p>\n<p data-start=\"1535\" data-end=\"1779\">P\u00ebr porosit\u00eb mbi 59 \u20ac, transporti \u00ebsht\u00eb falas, vet\u00ebm brenda kontinentit.<\/p>\n<p data-start=\"1535\" data-end=\"1779\">N\u00ebse porosia duhet t\u00eb kaloj\u00eb n\u00eb dogan\u00eb, \u00e7do taks\u00eb, detyrim ose tarif\u00eb shtes\u00eb do t\u00eb jet\u00eb p\u00ebrgjegj\u00ebsi e klientit.&nbsp;<\/p>\n<p><strong data-start=\"1784\" data-end=\"1815\">6. Doganat dhe taksat lokale<\/strong><br data-start=\"1815\" data-end=\"1818\">P\u00ebr d\u00ebrgesat nd\u00ebrkomb\u00ebtare, disa vende mund t\u00eb aplikojn\u00eb taksa ose detyrime doganore. K\u00ebto tarifa jan\u00eb p\u00ebrgjegj\u00ebsi e klientit dhe nuk p\u00ebrfshihen n\u00eb \u00e7mimin e produktit ose n\u00eb kostot e transportit.<\/p>\n<p data-start=\"1784\" data-end=\"2026\"><strong data-start=\"2031\" data-end=\"2059\">7. Probleme me dor\u00ebzimin<\/strong><\/p>\n<p>N\u00ebse paketa juaj vonohet ose ka ndonj\u00eb problem, mund t\u00eb na kontaktoni direkt dhe ne do t&#039;ju ndihmojm\u00eb ta zgjidhni sa m\u00eb shpejt t\u00eb jet\u00eb e mundur.<\/p>\n<p>N\u00ebse keni ndonj\u00eb pyetje ose keni nevoj\u00eb p\u00ebr ndihm\u00eb me d\u00ebrges\u00ebn tuaj, ju lutemi t\u00eb na kontaktoni duke p\u00ebrdorur formularin ton\u00eb t\u00eb kontaktit ose me email: &nbsp;<a href=\"mailto:info@rosanacl.com\">info@rosanacl.com<\/a><br data-start=\"2620\" data-end=\"2623\">Faleminderit q\u00eb na besoni <strong data-start=\"2646\" data-end=\"2659\">Rosana CL<\/strong>.<\/p>\n<h4><b>SH\u00cbNIM: Ne i informojm\u00eb klient\u00ebt tan\u00eb se, p\u00ebr shkak t\u00eb periudh\u00ebs s\u00eb festave t\u00eb kompanis\u00eb son\u00eb furnizuese, mund t\u00eb ket\u00eb vonesa n\u00eb d\u00ebrgesa dhe n\u00eb disponueshm\u00ebrin\u00eb e stokut gjat\u00eb muajit gusht.<\/b><\/h4>\t\t\t\t\t\t\t\t<\/div>\n\t\t\t\t<\/div>\n\t\t\t\t\t<\/div>\n\t\t\t\t<\/div>\n\t\t\t\t<\/div>","protected":false},"excerpt":{"rendered":"<p>Esta pol\u00edtica de env\u00edos fue actualizada por \u00faltima vez el 01\/07\/2025 y se aplica a todas las compras realizadas a trav\u00e9s de nuestra web: https:\/\/rosanacl.com\/ En Rosana CL nos comprometemos a que tu experiencia de compra sea segura, clara y satisfactoria desde el primer momento hasta que recibas tu pedido. A continuaci\u00f3n, te explicamos todo [&hellip;]<\/p>\n","protected":false},"author":1,"featured_media":0,"parent":0,"menu_order":0,"comment_status":"closed","ping_status":"closed","template":"","meta":{"content-type":"","footnotes":""},"class_list":["post-2566","page","type-page","status-publish","hentry"],"yoast_head":"<!-- This site is optimized with the Yoast SEO plugin v27.4 - https:\/\/yoast.com\/product\/yoast-seo-wordpress\/ -->\n<title>Pol\u00edtica de Env\u00edo - Rosana CL<\/title>\n<meta name=\"robots\" content=\"index, follow, max-snippet:-1, max-image-preview:large, max-video-preview:-1\" \/>\n<link rel=\"canonical\" href=\"https:\/\/rosanacl.com\/sq\/politica-de-envio\/\" \/>\n<meta property=\"og:locale\" content=\"sq_AL\" \/>\n<meta property=\"og:type\" content=\"article\" \/>\n<meta property=\"og:title\" content=\"Pol\u00edtica de Env\u00edo - Rosana CL\" \/>\n<meta property=\"og:description\" content=\"Esta pol\u00edtica de env\u00edos fue actualizada por \u00faltima vez el 01\/07\/2025 y se aplica a todas las compras realizadas a trav\u00e9s de nuestra web: https:\/\/rosanacl.com\/ En Rosana CL nos comprometemos a que tu experiencia de compra sea segura, clara y satisfactoria desde el primer momento hasta que recibas tu pedido. A continuaci\u00f3n, te explicamos todo [&hellip;]\" \/>\n<meta property=\"og:url\" content=\"https:\/\/rosanacl.com\/sq\/politica-de-envio\/\" \/>\n<meta property=\"og:site_name\" content=\"Rosana CL\" \/>\n<meta property=\"article:modified_time\" content=\"2025-12-14T19:43:04+00:00\" \/>\n<meta name=\"twitter:card\" content=\"summary_large_image\" \/>\n<meta name=\"twitter:label1\" content=\"Est. reading time\" \/>\n\t<meta name=\"twitter:data1\" content=\"4 minuta\" \/>\n<script type=\"application\/ld+json\" class=\"yoast-schema-graph\">{\"@context\":\"https:\\\/\\\/schema.org\",\"@graph\":[{\"@type\":\"WebPage\",\"@id\":\"https:\\\/\\\/rosanacl.com\\\/uk\\\/politica-de-envio\\\/\",\"url\":\"https:\\\/\\\/rosanacl.com\\\/uk\\\/politica-de-envio\\\/\",\"name\":\"Pol\u00edtica de Env\u00edo - Rosana CL\",\"isPartOf\":{\"@id\":\"https:\\\/\\\/rosanacl.com\\\/ca\\\/#website\"},\"datePublished\":\"2025-07-01T10:13:48+00:00\",\"dateModified\":\"2025-12-14T19:43:04+00:00\",\"breadcrumb\":{\"@id\":\"https:\\\/\\\/rosanacl.com\\\/uk\\\/politica-de-envio\\\/#breadcrumb\"},\"inLanguage\":\"sq\",\"potentialAction\":[{\"@type\":\"ReadAction\",\"target\":[\"https:\\\/\\\/rosanacl.com\\\/uk\\\/politica-de-envio\\\/\"]}]},{\"@type\":\"BreadcrumbList\",\"@id\":\"https:\\\/\\\/rosanacl.com\\\/uk\\\/politica-de-envio\\\/#breadcrumb\",\"itemListElement\":[{\"@type\":\"ListItem\",\"position\":1,\"name\":\"Portada\",\"item\":\"https:\\\/\\\/rosanacl.com\\\/ca\\\/\"},{\"@type\":\"ListItem\",\"position\":2,\"name\":\"Pol\u00edtica de Env\u00edo\"}]},{\"@type\":\"WebSite\",\"@id\":\"https:\\\/\\\/rosanacl.com\\\/ca\\\/#website\",\"url\":\"https:\\\/\\\/rosanacl.com\\\/ca\\\/\",\"name\":\"Rosana CL\",\"description\":\"Somos tu interior\",\"potentialAction\":[{\"@type\":\"SearchAction\",\"target\":{\"@type\":\"EntryPoint\",\"urlTemplate\":\"https:\\\/\\\/rosanacl.com\\\/ca\\\/?s={search_term_string}\"},\"query-input\":{\"@type\":\"PropertyValueSpecification\",\"valueRequired\":true,\"valueName\":\"search_term_string\"}}],\"inLanguage\":\"sq\"}]}<\/script>\n<!-- \/ Yoast SEO plugin. -->","yoast_head_json":{"title":"Pol\u00edtica de Env\u00edo - Rosana CL","robots":{"index":"index","follow":"follow","max-snippet":"max-snippet:-1","max-image-preview":"max-image-preview:large","max-video-preview":"max-video-preview:-1"},"canonical":"https:\/\/rosanacl.com\/sq\/politica-de-envio\/","og_locale":"sq_AL","og_type":"article","og_title":"Pol\u00edtica de Env\u00edo - Rosana CL","og_description":"Esta pol\u00edtica de env\u00edos fue actualizada por \u00faltima vez el 01\/07\/2025 y se aplica a todas las compras realizadas a trav\u00e9s de nuestra web: https:\/\/rosanacl.com\/ En Rosana CL nos comprometemos a que tu experiencia de compra sea segura, clara y satisfactoria desde el primer momento hasta que recibas tu pedido. A continuaci\u00f3n, te explicamos todo [&hellip;]","og_url":"https:\/\/rosanacl.com\/sq\/politica-de-envio\/","og_site_name":"Rosana CL","article_modified_time":"2025-12-14T19:43:04+00:00","twitter_card":"summary_large_image","twitter_misc":{"Est. reading time":"4 minuta"},"schema":{"@context":"https:\/\/schema.org","@graph":[{"@type":"WebPage","@id":"https:\/\/rosanacl.com\/uk\/politica-de-envio\/","url":"https:\/\/rosanacl.com\/uk\/politica-de-envio\/","name":"Pol\u00edtica de Env\u00edo - Rosana CL","isPartOf":{"@id":"https:\/\/rosanacl.com\/ca\/#website"},"datePublished":"2025-07-01T10:13:48+00:00","dateModified":"2025-12-14T19:43:04+00:00","breadcrumb":{"@id":"https:\/\/rosanacl.com\/uk\/politica-de-envio\/#breadcrumb"},"inLanguage":"sq","potentialAction":[{"@type":"ReadAction","target":["https:\/\/rosanacl.com\/uk\/politica-de-envio\/"]}]},{"@type":"BreadcrumbList","@id":"https:\/\/rosanacl.com\/uk\/politica-de-envio\/#breadcrumb","itemListElement":[{"@type":"ListItem","position":1,"name":"Portada","item":"https:\/\/rosanacl.com\/ca\/"},{"@type":"ListItem","position":2,"name":"Pol\u00edtica de Env\u00edo"}]},{"@type":"WebSite","@id":"https:\/\/rosanacl.com\/ca\/#website","url":"https:\/\/rosanacl.com\/ca\/","name":"Rosana CL","description":"Ne jemi vetvetja juaj e brendshme","potentialAction":[{"@type":"SearchAction","target":{"@type":"EntryPoint","urlTemplate":"https:\/\/rosanacl.com\/ca\/?s={search_term_string}"},"query-input":{"@type":"PropertyValueSpecification","valueRequired":true,"valueName":"search_term_string"}}],"inLanguage":"sq"}]}},"_links":{"self":[{"href":"https:\/\/rosanacl.com\/sq\/wp-json\/wp\/v2\/pages\/2566","targetHints":{"allow":["GET"]}}],"collection":[{"href":"https:\/\/rosanacl.com\/sq\/wp-json\/wp\/v2\/pages"}],"about":[{"href":"https:\/\/rosanacl.com\/sq\/wp-json\/wp\/v2\/types\/page"}],"author":[{"embeddable":true,"href":"https:\/\/rosanacl.com\/sq\/wp-json\/wp\/v2\/users\/1"}],"replies":[{"embeddable":true,"href":"https:\/\/rosanacl.com\/sq\/wp-json\/wp\/v2\/comments?post=2566"}],"version-history":[{"count":6,"href":"https:\/\/rosanacl.com\/sq\/wp-json\/wp\/v2\/pages\/2566\/revisions"}],"predecessor-version":[{"id":4647,"href":"https:\/\/rosanacl.com\/sq\/wp-json\/wp\/v2\/pages\/2566\/revisions\/4647"}],"wp:attachment":[{"href":"https:\/\/rosanacl.com\/sq\/wp-json\/wp\/v2\/media?parent=2566"}],"curies":[{"name":"wp","href":"https:\/\/api.w.org\/{rel}","templated":true}]}}